{"id":3653,"date":"2024-04-17T13:35:26","date_gmt":"2024-04-17T13:35:26","guid":{"rendered":"https:\/\/skaitytaknyga.lt\/?post_type=product&#038;p=3653"},"modified":"2024-05-03T07:20:54","modified_gmt":"2024-05-03T07:20:54","slug":"d-kennedy-a-special-relationship","status":"publish","type":"product","link":"https:\/\/skaitytaknyga.lt\/en\/produktas\/d-kennedy-a-special-relationship\/","title":{"rendered":"D. Kennedy \u201eA special Relationship\u201c"},"content":{"rendered":"<p>Sally Goodchild is everything you&#8217;d expect of a thirty-seven year old American journalist &#8211; independent, strong-willed and ambitious. That is until she meets Tony Hobbs, an English foreign correspondent, on assignment in Cairo. After a passionate but uneasy romance, Sally&#8217;s life is turned upside down when she unexpectedly finds herself married, pregnant and living in London.<\/p>\n<p>Married life in a foreign place is a far bigger adjustment than Sally and Tony could ever have imagined &#8211; and as their lives shift from freedom and adventure to responsibility and hard work, everyday problems soon spiral into nightmares. After the birth of their son, Sally finds herself trapped in a downward spiral of post-natal depression over which she has little control, whilst Tony&#8217;s life returns to relative normality. Filled with resentment and unable to cope with the cards life has dealt her, Sally is shocked when the man she trusted above all others turns against her. As her world begins to fall down around her, Sally quickly realises she must fight before she loses everything.<\/p>\n<p>In this authentic and compelling novel, Kennedy explores the misunderstandings that can occur when two people speak the same language but miss all the vital signs.<\/p>\n","protected":false},"excerpt":{"rendered":"<p>Sally Goodchild is everything you&#8217;d expect of a thirty-seven year old American journalist &#8211; independent, strong-willed and ambitious. That is until she meets Tony Hobbs, an English foreign correspondent, on assignment in Cairo. After a passionate but uneasy romance, Sally&#8217;s life is turned upside down when she unexpectedly finds herself married, pregnant and living in London.<\/p>\n<p>Married life in a foreign place is a far bigger adjustment than Sally and Tony could ever have imagined &#8211; and as their lives shift from freedom and adventure to responsibility and hard work, everyday problems soon spiral into nightmares. After the birth of their son, Sally finds herself trapped in a downward spiral of post-natal depression over which she has little control, whilst Tony&#8217;s life returns to relative normality. Filled with resentment and unable to cope with the cards life has dealt her, Sally is shocked when the man she trusted above all others turns against her. As her world begins to fall down around her, Sally quickly realises she must fight before she loses everything.<\/p>\n<p>In this authentic and compelling novel, Kennedy explores the misunderstandings that can occur when two people speak the same language but miss all the vital signs.<\/p>\n","protected":false},"featured_media":3707,"comment_status":"closed","ping_status":"closed","template":"","meta":{"_acf_changed":false,"site-sidebar-layout":"default","site-content-layout":"","ast-site-content-layout":"default","site-content-style":"default","site-sidebar-style":"default","ast-global-header-display":"","ast-banner-title-visibility":"","ast-main-header-display":"","ast-hfb-above-header-display":"","ast-hfb-below-header-display":"","ast-hfb-mobile-header-display":"","site-post-title":"","ast-breadcrumbs-content":"","ast-featured-img":"","footer-sml-layout":"","ast-disable-related-posts":"","theme-transparent-header-meta":"","adv-header-id-meta":"","stick-header-meta":"","header-above-stick-meta":"","header-main-stick-meta":"","header-below-stick-meta":"","astra-migrate-meta-layouts":"default","ast-page-background-enabled":"default","ast-page-background-meta":{"desktop":{"background-color":"","background-image":"","background-repeat":"repeat","background-position":"center center","background-size":"auto","background-attachment":"scroll","background-type":"","background-media":"","overlay-type":"","overlay-color":"","overlay-opacity":"","overlay-gradient":""},"tablet":{"background-color":"","background-image":"","background-repeat":"repeat","background-position":"center center","background-size":"auto","background-attachment":"scroll","background-type":"","background-media":"","overlay-type":"","overlay-color":"","overlay-opacity":"","overlay-gradient":""},"mobile":{"background-color":"","background-image":"","background-repeat":"repeat","background-position":"center center","background-size":"auto","background-attachment":"scroll","background-type":"","background-media":"","overlay-type":"","overlay-color":"","overlay-opacity":"","overlay-gradient":""}},"ast-content-background-meta":{"desktop":{"background-color":"var(--ast-global-color-4)","background-image":"","background-repeat":"repeat","background-position":"center center","background-size":"auto","background-attachment":"scroll","background-type":"","background-media":"","overlay-type":"","overlay-color":"","overlay-opacity":"","overlay-gradient":""},"tablet":{"background-color":"var(--ast-global-color-4)","background-image":"","background-repeat":"repeat","background-position":"center center","background-size":"auto","background-attachment":"scroll","background-type":"","background-media":"","overlay-type":"","overlay-color":"","overlay-opacity":"","overlay-gradient":""},"mobile":{"background-color":"var(--ast-global-color-4)","background-image":"","background-repeat":"repeat","background-position":"center center","background-size":"auto","background-attachment":"scroll","background-type":"","background-media":"","overlay-type":"","overlay-color":"","overlay-opacity":"","overlay-gradient":""}}},"product_brand":[],"product_cat":[31,34],"product_tag":[],"class_list":{"0":"post-3653","1":"product","2":"type-product","3":"status-publish","4":"has-post-thumbnail","6":"product_cat-grozine-literatura","7":"product_cat-knygos-anglu-kalba","8":"desktop-align-left","9":"tablet-align-left","10":"mobile-align-left","12":"first","13":"outofstock","14":"shipping-taxable","15":"purchasable","16":"product-type-simple"},"acf":[],"yoast_head":"<!-- This site is optimized with the Yoast SEO plugin v27.0 - https:\/\/yoast.com\/product\/yoast-seo-wordpress\/ -->\n<title>D. Kennedy \u201eA special Relationship\u201c - Skaitytaknyga<\/title>\n<meta name=\"description\" content=\"Sally Goodchild is everything you&#039;d expect of a thirty-seven year old American journalist - independent, strong-willed and ambitious. That is until she meets Tony Hobbs, an English foreign correspondent, on assignment in Cairo. After a passionate but uneasy romance, Sally&#039;s life is turned upside down when she unexpectedly finds herself married, pregnant and living in London.  Married life in a foreign place is a far bigger adjustment than Sally and Tony could ever have imagined - and as their lives shift from freedom and adventure to responsibility and hard work, everyday problems soon spiral into nightmares. After the birth of their son, Sally finds herself trapped in a downward spiral of post-natal depression over which she has little control, whilst Tony&#039;s life returns to relative normality. Filled with resentment and unable to cope with the cards life has dealt her, Sally is shocked when the man she trusted above all others turns against her. As her world begins to fall down around her, Sally quickly realises she must fight before she loses everything.  In this authentic and compelling novel, Kennedy explores the misunderstandings that can occur when two people speak the same language but miss all the vital signs.\" \/>\n<meta name=\"robots\" content=\"index, follow, max-snippet:-1, max-image-preview:large, max-video-preview:-1\" \/>\n<link rel=\"canonical\" href=\"https:\/\/skaitytaknyga.lt\/en\/produktas\/d-kennedy-a-special-relationship\/\" \/>\n<meta property=\"og:locale\" content=\"en_GB\" \/>\n<meta property=\"og:locale:alternate\" content=\"lt_LT\" \/>\n<meta property=\"og:type\" content=\"article\" \/>\n<meta property=\"og:title\" content=\"D. Kennedy \u201eA special Relationship\u201c - Skaitytaknyga\" \/>\n<meta property=\"og:description\" content=\"Sally Goodchild is everything you&#039;d expect of a thirty-seven year old American journalist - independent, strong-willed and ambitious. That is until she meets Tony Hobbs, an English foreign correspondent, on assignment in Cairo. After a passionate but uneasy romance, Sally&#039;s life is turned upside down when she unexpectedly finds herself married, pregnant and living in London.  Married life in a foreign place is a far bigger adjustment than Sally and Tony could ever have imagined - and as their lives shift from freedom and adventure to responsibility and hard work, everyday problems soon spiral into nightmares. After the birth of their son, Sally finds herself trapped in a downward spiral of post-natal depression over which she has little control, whilst Tony&#039;s life returns to relative normality. Filled with resentment and unable to cope with the cards life has dealt her, Sally is shocked when the man she trusted above all others turns against her. As her world begins to fall down around her, Sally quickly realises she must fight before she loses everything.  In this authentic and compelling novel, Kennedy explores the misunderstandings that can occur when two people speak the same language but miss all the vital signs.\" \/>\n<meta property=\"og:url\" content=\"https:\/\/skaitytaknyga.lt\/en\/produktas\/d-kennedy-a-special-relationship\/\" \/>\n<meta property=\"og:site_name\" content=\"Skaitytaknyga\" \/>\n<meta property=\"article:publisher\" content=\"https:\/\/www.facebook.com\/skaitytaknyga\/\" \/>\n<meta property=\"article:modified_time\" content=\"2024-05-03T07:20:54+00:00\" \/>\n<meta property=\"og:image\" content=\"https:\/\/skaitytaknyga.lt\/wp-content\/uploads\/2024\/04\/132039554_424948841978504_4259706466575433821_n-e1608663242952.jpg\" \/>\n\t<meta property=\"og:image:width\" content=\"612\" \/>\n\t<meta property=\"og:image:height\" content=\"914\" \/>\n\t<meta property=\"og:image:type\" content=\"image\/jpeg\" \/>\n<meta name=\"twitter:card\" content=\"summary_large_image\" \/>\n<meta name=\"twitter:label1\" content=\"Estimated reading time\" \/>\n\t<meta name=\"twitter:data1\" content=\"1 minute\" \/>\n<script type=\"application\/ld+json\" class=\"yoast-schema-graph\">{\"@context\":\"https:\/\/schema.org\",\"@graph\":[{\"@type\":\"WebPage\",\"@id\":\"https:\/\/skaitytaknyga.lt\/produktas\/d-kennedy-a-special-relationship\/\",\"url\":\"https:\/\/skaitytaknyga.lt\/produktas\/d-kennedy-a-special-relationship\/\",\"name\":\"D. Kennedy \u201eA special Relationship\u201c - Skaitytaknyga\",\"isPartOf\":{\"@id\":\"https:\/\/skaitytaknyga.lt\/#website\"},\"primaryImageOfPage\":{\"@id\":\"https:\/\/skaitytaknyga.lt\/produktas\/d-kennedy-a-special-relationship\/#primaryimage\"},\"image\":{\"@id\":\"https:\/\/skaitytaknyga.lt\/produktas\/d-kennedy-a-special-relationship\/#primaryimage\"},\"thumbnailUrl\":\"https:\/\/skaitytaknyga.lt\/wp-content\/uploads\/2024\/04\/132039554_424948841978504_4259706466575433821_n-e1608663242952.jpg\",\"datePublished\":\"2024-04-17T13:35:26+00:00\",\"dateModified\":\"2024-05-03T07:20:54+00:00\",\"description\":\"Sally Goodchild is everything you'd expect of a thirty-seven year old American journalist - independent, strong-willed and ambitious. That is until she meets Tony Hobbs, an English foreign correspondent, on assignment in Cairo. After a passionate but uneasy romance, Sally's life is turned upside down when she unexpectedly finds herself married, pregnant and living in London. Married life in a foreign place is a far bigger adjustment than Sally and Tony could ever have imagined - and as their lives shift from freedom and adventure to responsibility and hard work, everyday problems soon spiral into nightmares. After the birth of their son, Sally finds herself trapped in a downward spiral of post-natal depression over which she has little control, whilst Tony's life returns to relative normality. Filled with resentment and unable to cope with the cards life has dealt her, Sally is shocked when the man she trusted above all others turns against her. As her world begins to fall down around her, Sally quickly realises she must fight before she loses everything. In this authentic and compelling novel, Kennedy explores the misunderstandings that can occur when two people speak the same language but miss all the vital signs.\",\"breadcrumb\":{\"@id\":\"https:\/\/skaitytaknyga.lt\/produktas\/d-kennedy-a-special-relationship\/#breadcrumb\"},\"inLanguage\":\"en-GB\",\"potentialAction\":[{\"@type\":\"ReadAction\",\"target\":[\"https:\/\/skaitytaknyga.lt\/produktas\/d-kennedy-a-special-relationship\/\"]}]},{\"@type\":\"ImageObject\",\"inLanguage\":\"en-GB\",\"@id\":\"https:\/\/skaitytaknyga.lt\/produktas\/d-kennedy-a-special-relationship\/#primaryimage\",\"url\":\"https:\/\/skaitytaknyga.lt\/wp-content\/uploads\/2024\/04\/132039554_424948841978504_4259706466575433821_n-e1608663242952.jpg\",\"contentUrl\":\"https:\/\/skaitytaknyga.lt\/wp-content\/uploads\/2024\/04\/132039554_424948841978504_4259706466575433821_n-e1608663242952.jpg\",\"width\":612,\"height\":914,\"caption\":\"132039554 424948841978504 4259706466575433821 n e1608663242952\"},{\"@type\":\"BreadcrumbList\",\"@id\":\"https:\/\/skaitytaknyga.lt\/produktas\/d-kennedy-a-special-relationship\/#breadcrumb\",\"itemListElement\":[{\"@type\":\"ListItem\",\"position\":1,\"name\":\"Home\",\"item\":\"https:\/\/skaitytaknyga.lt\/\"},{\"@type\":\"ListItem\",\"position\":2,\"name\":\"Parduotuv\u0117\",\"item\":\"https:\/\/skaitytaknyga.lt\/knygu-parduotuve\/\"},{\"@type\":\"ListItem\",\"position\":3,\"name\":\"D. Kennedy \u201eA special Relationship\u201c\"}]},{\"@type\":\"WebSite\",\"@id\":\"https:\/\/skaitytaknyga.lt\/#website\",\"url\":\"https:\/\/skaitytaknyga.lt\/\",\"name\":\"skaitytaknyga.lt\",\"description\":\"Skaitytaknyga.lt \u2013 tai ma\u017eas \u0161eimos verslas, kuris prasid\u0117jo nuo meil\u0117s knygoms ir siekio i\u0161gelb\u0117ti knygas nuo likimo prie konteinerio. Kas vienam nereikalingas daiktas \u2013 kitam lobis, o mes esame tarpininkai, kurie padeda abiems tapti laimingesniems ???? \u017dinome kaip nelengva i\u0161gyventi ma\u017eiems verslams, tad nuo \u0161iol, \u010dia rasite ir kit\u0173, ma\u017e\u0173 \u0161eim\u0173 versl\u0173, rank\u0173 darbo, dovan\u0173 sau ir artimiesiems.\",\"publisher\":{\"@id\":\"https:\/\/skaitytaknyga.lt\/#organization\"},\"potentialAction\":[{\"@type\":\"SearchAction\",\"target\":{\"@type\":\"EntryPoint\",\"urlTemplate\":\"https:\/\/skaitytaknyga.lt\/?s={search_term_string}\"},\"query-input\":{\"@type\":\"PropertyValueSpecification\",\"valueRequired\":true,\"valueName\":\"search_term_string\"}}],\"inLanguage\":\"en-GB\"},{\"@type\":\"Organization\",\"@id\":\"https:\/\/skaitytaknyga.lt\/#organization\",\"name\":\"skaitytaknyga.lt\",\"url\":\"https:\/\/skaitytaknyga.lt\/\",\"logo\":{\"@type\":\"ImageObject\",\"inLanguage\":\"en-GB\",\"@id\":\"https:\/\/skaitytaknyga.lt\/#\/schema\/logo\/image\/\",\"url\":\"https:\/\/skaitytaknyga.lt\/wp-content\/uploads\/2024\/05\/cropped-cropped-cropped-02_00843_jt3bggkj1j3HLc7SyY6rEUpg.jpeg\",\"contentUrl\":\"https:\/\/skaitytaknyga.lt\/wp-content\/uploads\/2024\/05\/cropped-cropped-cropped-02_00843_jt3bggkj1j3HLc7SyY6rEUpg.jpeg\",\"width\":1600,\"height\":1600,\"caption\":\"skaitytaknyga.lt\"},\"image\":{\"@id\":\"https:\/\/skaitytaknyga.lt\/#\/schema\/logo\/image\/\"},\"sameAs\":[\"https:\/\/www.facebook.com\/skaitytaknyga\/\"]}]}<\/script>\n<!-- \/ Yoast SEO plugin. -->","yoast_head_json":{"title":"D. Kennedy \u201eA special Relationship\u201c - Skaitytaknyga","description":"Sally Goodchild is everything you'd expect of a thirty-seven year old American journalist - independent, strong-willed and ambitious. That is until she meets Tony Hobbs, an English foreign correspondent, on assignment in Cairo. After a passionate but uneasy romance, Sally's life is turned upside down when she unexpectedly finds herself married, pregnant and living in London.  Married life in a foreign place is a far bigger adjustment than Sally and Tony could ever have imagined - and as their lives shift from freedom and adventure to responsibility and hard work, everyday problems soon spiral into nightmares. After the birth of their son, Sally finds herself trapped in a downward spiral of post-natal depression over which she has little control, whilst Tony's life returns to relative normality. Filled with resentment and unable to cope with the cards life has dealt her, Sally is shocked when the man she trusted above all others turns against her. As her world begins to fall down around her, Sally quickly realises she must fight before she loses everything.  In this authentic and compelling novel, Kennedy explores the misunderstandings that can occur when two people speak the same language but miss all the vital signs.","robots":{"index":"index","follow":"follow","max-snippet":"max-snippet:-1","max-image-preview":"max-image-preview:large","max-video-preview":"max-video-preview:-1"},"canonical":"https:\/\/skaitytaknyga.lt\/en\/produktas\/d-kennedy-a-special-relationship\/","og_locale":"en_GB","og_type":"article","og_title":"D. Kennedy \u201eA special Relationship\u201c - Skaitytaknyga","og_description":"Sally Goodchild is everything you'd expect of a thirty-seven year old American journalist - independent, strong-willed and ambitious. That is until she meets Tony Hobbs, an English foreign correspondent, on assignment in Cairo. After a passionate but uneasy romance, Sally's life is turned upside down when she unexpectedly finds herself married, pregnant and living in London.  Married life in a foreign place is a far bigger adjustment than Sally and Tony could ever have imagined - and as their lives shift from freedom and adventure to responsibility and hard work, everyday problems soon spiral into nightmares. After the birth of their son, Sally finds herself trapped in a downward spiral of post-natal depression over which she has little control, whilst Tony's life returns to relative normality. Filled with resentment and unable to cope with the cards life has dealt her, Sally is shocked when the man she trusted above all others turns against her. As her world begins to fall down around her, Sally quickly realises she must fight before she loses everything.  In this authentic and compelling novel, Kennedy explores the misunderstandings that can occur when two people speak the same language but miss all the vital signs.","og_url":"https:\/\/skaitytaknyga.lt\/en\/produktas\/d-kennedy-a-special-relationship\/","og_site_name":"Skaitytaknyga","article_publisher":"https:\/\/www.facebook.com\/skaitytaknyga\/","article_modified_time":"2024-05-03T07:20:54+00:00","og_image":[{"width":612,"height":914,"url":"https:\/\/skaitytaknyga.lt\/wp-content\/uploads\/2024\/04\/132039554_424948841978504_4259706466575433821_n-e1608663242952.jpg","type":"image\/jpeg"}],"twitter_card":"summary_large_image","twitter_misc":{"Estimated reading time":"1 minute"},"schema":{"@context":"https:\/\/schema.org","@graph":[{"@type":"WebPage","@id":"https:\/\/skaitytaknyga.lt\/produktas\/d-kennedy-a-special-relationship\/","url":"https:\/\/skaitytaknyga.lt\/produktas\/d-kennedy-a-special-relationship\/","name":"D. Kennedy \u201eA special Relationship\u201c - Skaitytaknyga","isPartOf":{"@id":"https:\/\/skaitytaknyga.lt\/#website"},"primaryImageOfPage":{"@id":"https:\/\/skaitytaknyga.lt\/produktas\/d-kennedy-a-special-relationship\/#primaryimage"},"image":{"@id":"https:\/\/skaitytaknyga.lt\/produktas\/d-kennedy-a-special-relationship\/#primaryimage"},"thumbnailUrl":"https:\/\/skaitytaknyga.lt\/wp-content\/uploads\/2024\/04\/132039554_424948841978504_4259706466575433821_n-e1608663242952.jpg","datePublished":"2024-04-17T13:35:26+00:00","dateModified":"2024-05-03T07:20:54+00:00","description":"Sally Goodchild is everything you'd expect of a thirty-seven year old American journalist - independent, strong-willed and ambitious. That is until she meets Tony Hobbs, an English foreign correspondent, on assignment in Cairo. After a passionate but uneasy romance, Sally's life is turned upside down when she unexpectedly finds herself married, pregnant and living in London. Married life in a foreign place is a far bigger adjustment than Sally and Tony could ever have imagined - and as their lives shift from freedom and adventure to responsibility and hard work, everyday problems soon spiral into nightmares. After the birth of their son, Sally finds herself trapped in a downward spiral of post-natal depression over which she has little control, whilst Tony's life returns to relative normality. Filled with resentment and unable to cope with the cards life has dealt her, Sally is shocked when the man she trusted above all others turns against her. As her world begins to fall down around her, Sally quickly realises she must fight before she loses everything. In this authentic and compelling novel, Kennedy explores the misunderstandings that can occur when two people speak the same language but miss all the vital signs.","breadcrumb":{"@id":"https:\/\/skaitytaknyga.lt\/produktas\/d-kennedy-a-special-relationship\/#breadcrumb"},"inLanguage":"en-GB","potentialAction":[{"@type":"ReadAction","target":["https:\/\/skaitytaknyga.lt\/produktas\/d-kennedy-a-special-relationship\/"]}]},{"@type":"ImageObject","inLanguage":"en-GB","@id":"https:\/\/skaitytaknyga.lt\/produktas\/d-kennedy-a-special-relationship\/#primaryimage","url":"https:\/\/skaitytaknyga.lt\/wp-content\/uploads\/2024\/04\/132039554_424948841978504_4259706466575433821_n-e1608663242952.jpg","contentUrl":"https:\/\/skaitytaknyga.lt\/wp-content\/uploads\/2024\/04\/132039554_424948841978504_4259706466575433821_n-e1608663242952.jpg","width":612,"height":914,"caption":"132039554 424948841978504 4259706466575433821 n e1608663242952"},{"@type":"BreadcrumbList","@id":"https:\/\/skaitytaknyga.lt\/produktas\/d-kennedy-a-special-relationship\/#breadcrumb","itemListElement":[{"@type":"ListItem","position":1,"name":"Home","item":"https:\/\/skaitytaknyga.lt\/"},{"@type":"ListItem","position":2,"name":"Parduotuv\u0117","item":"https:\/\/skaitytaknyga.lt\/knygu-parduotuve\/"},{"@type":"ListItem","position":3,"name":"D. Kennedy \u201eA special Relationship\u201c"}]},{"@type":"WebSite","@id":"https:\/\/skaitytaknyga.lt\/#website","url":"https:\/\/skaitytaknyga.lt\/","name":"skaitytaknyga.lt","description":"Skaitytaknyga.lt \u2013 tai ma\u017eas \u0161eimos verslas, kuris prasid\u0117jo nuo meil\u0117s knygoms ir siekio i\u0161gelb\u0117ti knygas nuo likimo prie konteinerio. Kas vienam nereikalingas daiktas \u2013 kitam lobis, o mes esame tarpininkai, kurie padeda abiems tapti laimingesniems ???? \u017dinome kaip nelengva i\u0161gyventi ma\u017eiems verslams, tad nuo \u0161iol, \u010dia rasite ir kit\u0173, ma\u017e\u0173 \u0161eim\u0173 versl\u0173, rank\u0173 darbo, dovan\u0173 sau ir artimiesiems.","publisher":{"@id":"https:\/\/skaitytaknyga.lt\/#organization"},"potentialAction":[{"@type":"SearchAction","target":{"@type":"EntryPoint","urlTemplate":"https:\/\/skaitytaknyga.lt\/?s={search_term_string}"},"query-input":{"@type":"PropertyValueSpecification","valueRequired":true,"valueName":"search_term_string"}}],"inLanguage":"en-GB"},{"@type":"Organization","@id":"https:\/\/skaitytaknyga.lt\/#organization","name":"skaitytaknyga.lt","url":"https:\/\/skaitytaknyga.lt\/","logo":{"@type":"ImageObject","inLanguage":"en-GB","@id":"https:\/\/skaitytaknyga.lt\/#\/schema\/logo\/image\/","url":"https:\/\/skaitytaknyga.lt\/wp-content\/uploads\/2024\/05\/cropped-cropped-cropped-02_00843_jt3bggkj1j3HLc7SyY6rEUpg.jpeg","contentUrl":"https:\/\/skaitytaknyga.lt\/wp-content\/uploads\/2024\/05\/cropped-cropped-cropped-02_00843_jt3bggkj1j3HLc7SyY6rEUpg.jpeg","width":1600,"height":1600,"caption":"skaitytaknyga.lt"},"image":{"@id":"https:\/\/skaitytaknyga.lt\/#\/schema\/logo\/image\/"},"sameAs":["https:\/\/www.facebook.com\/skaitytaknyga\/"]}]}},"_links":{"self":[{"href":"https:\/\/skaitytaknyga.lt\/en\/wp-json\/wp\/v2\/product\/3653","targetHints":{"allow":["GET"]}}],"collection":[{"href":"https:\/\/skaitytaknyga.lt\/en\/wp-json\/wp\/v2\/product"}],"about":[{"href":"https:\/\/skaitytaknyga.lt\/en\/wp-json\/wp\/v2\/types\/product"}],"replies":[{"embeddable":true,"href":"https:\/\/skaitytaknyga.lt\/en\/wp-json\/wp\/v2\/comments?post=3653"}],"wp:featuredmedia":[{"embeddable":true,"href":"https:\/\/skaitytaknyga.lt\/en\/wp-json\/wp\/v2\/media\/3707"}],"wp:attachment":[{"href":"https:\/\/skaitytaknyga.lt\/en\/wp-json\/wp\/v2\/media?parent=3653"}],"wp:term":[{"taxonomy":"product_brand","embeddable":true,"href":"https:\/\/skaitytaknyga.lt\/en\/wp-json\/wp\/v2\/product_brand?post=3653"},{"taxonomy":"product_cat","embeddable":true,"href":"https:\/\/skaitytaknyga.lt\/en\/wp-json\/wp\/v2\/product_cat?post=3653"},{"taxonomy":"product_tag","embeddable":true,"href":"https:\/\/skaitytaknyga.lt\/en\/wp-json\/wp\/v2\/product_tag?post=3653"}],"curies":[{"name":"wp","href":"https:\/\/api.w.org\/{rel}","templated":true}]}}