{"id":3649,"date":"2024-04-17T13:35:26","date_gmt":"2024-04-17T13:35:26","guid":{"rendered":"https:\/\/skaitytaknyga.lt\/?post_type=product&#038;p=3649"},"modified":"2025-05-15T09:41:05","modified_gmt":"2025-05-15T06:41:05","slug":"p-hoeg-the-elephant-keepers-children","status":"publish","type":"product","link":"https:\/\/skaitytaknyga.lt\/en\/produktas\/p-hoeg-the-elephant-keepers-children\/","title":{"rendered":"The elephant keepers&#8217; children"},"content":{"rendered":"<p>Peter and Tilte are trying to track down two notorious criminals: their parents. They are the pastor and the organist, respectively, of the only church on the tiny island of Fino. Known for fabricating cheap miracles to strengthen their congregation&#8217;s faith, they have been in trouble before. But this time their children suspect they are up to mischief on a far greater scale. When Peter and Tilte learn that scientific and religious leaders from around the world are assembling in Copenhagen for a conference, they know their parents are up to something. Peter and Tilte&#8217;s quest to find them exposes conspiracies, terrorist plots, an angry bishop, a deranged headmaster, two love struck police officers, a deluded aristocrat and much more along the way.<\/p>\n","protected":false},"excerpt":{"rendered":"<p>Peter and Tilte are trying to track down two notorious criminals: their parents. They are the pastor and the organist, respectively, of the only church on the tiny island of Fino. Known for fabricating cheap miracles to strengthen their congregation&#8217;s faith, they have been in trouble before. But this time their children suspect they are up to mischief on a far greater scale. When Peter and Tilte learn that scientific and religious leaders from around the world are assembling in Copenhagen for a conference, they know their parents are up to something. Peter and Tilte&#8217;s quest to find them exposes conspiracies, terrorist plots, an angry bishop, a deranged headmaster, two love struck police officers, a deluded aristocrat and much more along the way.<\/p>\n","protected":false},"featured_media":3700,"comment_status":"closed","ping_status":"closed","template":"","meta":{"_acf_changed":false,"site-sidebar-layout":"default","site-content-layout":"","ast-site-content-layout":"default","site-content-style":"default","site-sidebar-style":"default","ast-global-header-display":"","ast-banner-title-visibility":"","ast-main-header-display":"","ast-hfb-above-header-display":"","ast-hfb-below-header-display":"","ast-hfb-mobile-header-display":"","site-post-title":"","ast-breadcrumbs-content":"","ast-featured-img":"","footer-sml-layout":"","ast-disable-related-posts":"","theme-transparent-header-meta":"","adv-header-id-meta":"","stick-header-meta":"","header-above-stick-meta":"","header-main-stick-meta":"","header-below-stick-meta":"","astra-migrate-meta-layouts":"default","ast-page-background-enabled":"default","ast-page-background-meta":{"desktop":{"background-color":"","background-image":"","background-repeat":"repeat","background-position":"center center","background-size":"auto","background-attachment":"scroll","background-type":"","background-media":"","overlay-type":"","overlay-color":"","overlay-opacity":"","overlay-gradient":""},"tablet":{"background-color":"","background-image":"","background-repeat":"repeat","background-position":"center center","background-size":"auto","background-attachment":"scroll","background-type":"","background-media":"","overlay-type":"","overlay-color":"","overlay-opacity":"","overlay-gradient":""},"mobile":{"background-color":"","background-image":"","background-repeat":"repeat","background-position":"center center","background-size":"auto","background-attachment":"scroll","background-type":"","background-media":"","overlay-type":"","overlay-color":"","overlay-opacity":"","overlay-gradient":""}},"ast-content-background-meta":{"desktop":{"background-color":"var(--ast-global-color-4)","background-image":"","background-repeat":"repeat","background-position":"center center","background-size":"auto","background-attachment":"scroll","background-type":"","background-media":"","overlay-type":"","overlay-color":"","overlay-opacity":"","overlay-gradient":""},"tablet":{"background-color":"var(--ast-global-color-4)","background-image":"","background-repeat":"repeat","background-position":"center center","background-size":"auto","background-attachment":"scroll","background-type":"","background-media":"","overlay-type":"","overlay-color":"","overlay-opacity":"","overlay-gradient":""},"mobile":{"background-color":"var(--ast-global-color-4)","background-image":"","background-repeat":"repeat","background-position":"center center","background-size":"auto","background-attachment":"scroll","background-type":"","background-media":"","overlay-type":"","overlay-color":"","overlay-opacity":"","overlay-gradient":""}}},"product_brand":[],"product_cat":[31,34],"product_tag":[2794,2081,2795,1478,2793,2277,1646,1711],"class_list":{"0":"post-3649","1":"product","2":"type-product","3":"status-publish","4":"has-post-thumbnail","6":"product_cat-grozine-literatura","7":"product_cat-knygos-anglu-kalba","8":"product_tag-danu-literatura","9":"product_tag-ltnuotykiai","10":"product_tag-paaugliu-istorija","11":"product_tag-paslaptys","12":"product_tag-peter-hoeg","13":"product_tag-religija","14":"product_tag-seima","15":"product_tag-siuolaikine-proza","16":"desktop-align-left","17":"tablet-align-left","18":"mobile-align-left","20":"first","21":"outofstock","22":"shipping-taxable","23":"purchasable","24":"product-type-simple"},"acf":[],"yoast_head":"<!-- This site is optimized with the Yoast SEO plugin v27.4 - https:\/\/yoast.com\/product\/yoast-seo-wordpress\/ -->\n<title>The elephant keepers&#039; children<\/title>\n<meta name=\"description\" content=\"Peter and Tilte are trying to track down two notorious criminals: their parents. They are the pastor and the organist, respectively, of the only church on the tiny island of Fino. Known for fabricating cheap miracles to strengthen their congregation&#039;s faith, they have been in trouble before. But this time their children suspect they are up to mischief on a far greater scale. When Peter and Tilte learn that scientific and religious leaders from around the world are assembling in Copenhagen for a conference, they know their parents are up to something. Peter and Tilte&#039;s quest to find them exposes conspiracies, terrorist plots, an angry bishop, a deranged headmaster, two love struck police officers, a deluded aristocrat and much more along the way.\" \/>\n<meta name=\"robots\" content=\"index, follow, max-snippet:-1, max-image-preview:large, max-video-preview:-1\" \/>\n<link rel=\"canonical\" href=\"https:\/\/skaitytaknyga.lt\/en\/produktas\/p-hoeg-the-elephant-keepers-children\/\" \/>\n<meta property=\"og:locale\" content=\"en_GB\" \/>\n<meta property=\"og:locale:alternate\" content=\"lt_LT\" \/>\n<meta property=\"og:type\" content=\"article\" \/>\n<meta property=\"og:title\" content=\"The elephant keepers&#039; children\" \/>\n<meta property=\"og:description\" content=\"Peter and Tilte are trying to track down two notorious criminals: their parents. They are the pastor and the organist, respectively, of the only church on the tiny island of Fino. Known for fabricating cheap miracles to strengthen their congregation&#039;s faith, they have been in trouble before. But this time their children suspect they are up to mischief on a far greater scale. When Peter and Tilte learn that scientific and religious leaders from around the world are assembling in Copenhagen for a conference, they know their parents are up to something. Peter and Tilte&#039;s quest to find them exposes conspiracies, terrorist plots, an angry bishop, a deranged headmaster, two love struck police officers, a deluded aristocrat and much more along the way.\" \/>\n<meta property=\"og:url\" content=\"https:\/\/skaitytaknyga.lt\/en\/produktas\/p-hoeg-the-elephant-keepers-children\/\" \/>\n<meta property=\"og:site_name\" content=\"Skaitytaknyga\" \/>\n<meta property=\"article:publisher\" content=\"https:\/\/www.facebook.com\/skaitytaknyga\/\" \/>\n<meta property=\"article:modified_time\" content=\"2025-05-15T06:41:05+00:00\" \/>\n<meta property=\"og:image\" content=\"https:\/\/skaitytaknyga.lt\/wp-content\/uploads\/2024\/04\/132462402_177882357366600_8510216487304054201_n-e1608661921313.jpg\" \/>\n\t<meta property=\"og:image:width\" content=\"526\" \/>\n\t<meta property=\"og:image:height\" content=\"836\" \/>\n\t<meta property=\"og:image:type\" content=\"image\/jpeg\" \/>\n<meta name=\"twitter:card\" content=\"summary_large_image\" \/>\n<meta name=\"twitter:label1\" content=\"Estimated reading time\" \/>\n\t<meta name=\"twitter:data1\" content=\"1 minute\" \/>\n<script type=\"application\/ld+json\" class=\"yoast-schema-graph\">{\"@context\":\"https:\\\/\\\/schema.org\",\"@graph\":[{\"@type\":\"WebPage\",\"@id\":\"https:\\\/\\\/skaitytaknyga.lt\\\/produktas\\\/p-hoeg-the-elephant-keepers-children\\\/\",\"url\":\"https:\\\/\\\/skaitytaknyga.lt\\\/produktas\\\/p-hoeg-the-elephant-keepers-children\\\/\",\"name\":\"The elephant keepers' children\",\"isPartOf\":{\"@id\":\"https:\\\/\\\/skaitytaknyga.lt\\\/#website\"},\"primaryImageOfPage\":{\"@id\":\"https:\\\/\\\/skaitytaknyga.lt\\\/produktas\\\/p-hoeg-the-elephant-keepers-children\\\/#primaryimage\"},\"image\":{\"@id\":\"https:\\\/\\\/skaitytaknyga.lt\\\/produktas\\\/p-hoeg-the-elephant-keepers-children\\\/#primaryimage\"},\"thumbnailUrl\":\"https:\\\/\\\/skaitytaknyga.lt\\\/wp-content\\\/uploads\\\/2024\\\/04\\\/132462402_177882357366600_8510216487304054201_n-e1608661921313.jpg\",\"datePublished\":\"2024-04-17T13:35:26+00:00\",\"dateModified\":\"2025-05-15T06:41:05+00:00\",\"description\":\"Peter and Tilte are trying to track down two notorious criminals: their parents. They are the pastor and the organist, respectively, of the only church on the tiny island of Fino. Known for fabricating cheap miracles to strengthen their congregation's faith, they have been in trouble before. But this time their children suspect they are up to mischief on a far greater scale. When Peter and Tilte learn that scientific and religious leaders from around the world are assembling in Copenhagen for a conference, they know their parents are up to something. Peter and Tilte's quest to find them exposes conspiracies, terrorist plots, an angry bishop, a deranged headmaster, two love struck police officers, a deluded aristocrat and much more along the way.\",\"breadcrumb\":{\"@id\":\"https:\\\/\\\/skaitytaknyga.lt\\\/produktas\\\/p-hoeg-the-elephant-keepers-children\\\/#breadcrumb\"},\"inLanguage\":\"en-GB\",\"potentialAction\":[{\"@type\":\"ReadAction\",\"target\":[\"https:\\\/\\\/skaitytaknyga.lt\\\/produktas\\\/p-hoeg-the-elephant-keepers-children\\\/\"]}]},{\"@type\":\"ImageObject\",\"inLanguage\":\"en-GB\",\"@id\":\"https:\\\/\\\/skaitytaknyga.lt\\\/produktas\\\/p-hoeg-the-elephant-keepers-children\\\/#primaryimage\",\"url\":\"https:\\\/\\\/skaitytaknyga.lt\\\/wp-content\\\/uploads\\\/2024\\\/04\\\/132462402_177882357366600_8510216487304054201_n-e1608661921313.jpg\",\"contentUrl\":\"https:\\\/\\\/skaitytaknyga.lt\\\/wp-content\\\/uploads\\\/2024\\\/04\\\/132462402_177882357366600_8510216487304054201_n-e1608661921313.jpg\",\"width\":526,\"height\":836,\"caption\":\"132462402 177882357366600 8510216487304054201 n e1608661921313\"},{\"@type\":\"BreadcrumbList\",\"@id\":\"https:\\\/\\\/skaitytaknyga.lt\\\/produktas\\\/p-hoeg-the-elephant-keepers-children\\\/#breadcrumb\",\"itemListElement\":[{\"@type\":\"ListItem\",\"position\":1,\"name\":\"Home\",\"item\":\"https:\\\/\\\/skaitytaknyga.lt\\\/\"},{\"@type\":\"ListItem\",\"position\":2,\"name\":\"Parduotuv\u0117\",\"item\":\"https:\\\/\\\/skaitytaknyga.lt\\\/knygu-parduotuve\\\/\"},{\"@type\":\"ListItem\",\"position\":3,\"name\":\"The elephant keepers&#8217; children\"}]},{\"@type\":\"WebSite\",\"@id\":\"https:\\\/\\\/skaitytaknyga.lt\\\/#website\",\"url\":\"https:\\\/\\\/skaitytaknyga.lt\\\/\",\"name\":\"skaitytaknyga.lt\",\"description\":\"Skaitytaknyga.lt \u2013 tai ma\u017eas \u0161eimos verslas, kuris prasid\u0117jo nuo meil\u0117s knygoms ir siekio i\u0161gelb\u0117ti knygas nuo likimo prie konteinerio. Kas vienam nereikalingas daiktas \u2013 kitam lobis, o mes esame tarpininkai, kurie padeda abiems tapti laimingesniems ???? \u017dinome kaip nelengva i\u0161gyventi ma\u017eiems verslams, tad nuo \u0161iol, \u010dia rasite ir kit\u0173, ma\u017e\u0173 \u0161eim\u0173 versl\u0173, rank\u0173 darbo, dovan\u0173 sau ir artimiesiems.\",\"publisher\":{\"@id\":\"https:\\\/\\\/skaitytaknyga.lt\\\/#organization\"},\"potentialAction\":[{\"@type\":\"SearchAction\",\"target\":{\"@type\":\"EntryPoint\",\"urlTemplate\":\"https:\\\/\\\/skaitytaknyga.lt\\\/?s={search_term_string}\"},\"query-input\":{\"@type\":\"PropertyValueSpecification\",\"valueRequired\":true,\"valueName\":\"search_term_string\"}}],\"inLanguage\":\"en-GB\"},{\"@type\":\"Organization\",\"@id\":\"https:\\\/\\\/skaitytaknyga.lt\\\/#organization\",\"name\":\"skaitytaknyga.lt\",\"url\":\"https:\\\/\\\/skaitytaknyga.lt\\\/\",\"logo\":{\"@type\":\"ImageObject\",\"inLanguage\":\"en-GB\",\"@id\":\"https:\\\/\\\/skaitytaknyga.lt\\\/#\\\/schema\\\/logo\\\/image\\\/\",\"url\":\"https:\\\/\\\/skaitytaknyga.lt\\\/wp-content\\\/uploads\\\/2024\\\/05\\\/cropped-cropped-cropped-02_00843_jt3bggkj1j3HLc7SyY6rEUpg.jpeg\",\"contentUrl\":\"https:\\\/\\\/skaitytaknyga.lt\\\/wp-content\\\/uploads\\\/2024\\\/05\\\/cropped-cropped-cropped-02_00843_jt3bggkj1j3HLc7SyY6rEUpg.jpeg\",\"width\":1600,\"height\":1600,\"caption\":\"skaitytaknyga.lt\"},\"image\":{\"@id\":\"https:\\\/\\\/skaitytaknyga.lt\\\/#\\\/schema\\\/logo\\\/image\\\/\"},\"sameAs\":[\"https:\\\/\\\/www.facebook.com\\\/skaitytaknyga\\\/\"]}]}<\/script>\n<!-- \/ Yoast SEO plugin. -->","yoast_head_json":{"title":"The elephant keepers' children","description":"Peter and Tilte are trying to track down two notorious criminals: their parents. They are the pastor and the organist, respectively, of the only church on the tiny island of Fino. Known for fabricating cheap miracles to strengthen their congregation's faith, they have been in trouble before. But this time their children suspect they are up to mischief on a far greater scale. When Peter and Tilte learn that scientific and religious leaders from around the world are assembling in Copenhagen for a conference, they know their parents are up to something. Peter and Tilte's quest to find them exposes conspiracies, terrorist plots, an angry bishop, a deranged headmaster, two love struck police officers, a deluded aristocrat and much more along the way.","robots":{"index":"index","follow":"follow","max-snippet":"max-snippet:-1","max-image-preview":"max-image-preview:large","max-video-preview":"max-video-preview:-1"},"canonical":"https:\/\/skaitytaknyga.lt\/en\/produktas\/p-hoeg-the-elephant-keepers-children\/","og_locale":"en_GB","og_type":"article","og_title":"[:lt]The elephant keepers' children[:] - Skaitytaknyga","og_description":"Peter and Tilte are trying to track down two notorious criminals: their parents. They are the pastor and the organist, respectively, of the only church on the tiny island of Fino. Known for fabricating cheap miracles to strengthen their congregation's faith, they have been in trouble before. But this time their children suspect they are up to mischief on a far greater scale. When Peter and Tilte learn that scientific and religious leaders from around the world are assembling in Copenhagen for a conference, they know their parents are up to something. Peter and Tilte's quest to find them exposes conspiracies, terrorist plots, an angry bishop, a deranged headmaster, two love struck police officers, a deluded aristocrat and much more along the way.","og_url":"https:\/\/skaitytaknyga.lt\/en\/produktas\/p-hoeg-the-elephant-keepers-children\/","og_site_name":"Skaitytaknyga","article_publisher":"https:\/\/www.facebook.com\/skaitytaknyga\/","article_modified_time":"2025-05-15T06:41:05+00:00","og_image":[{"width":526,"height":836,"url":"https:\/\/skaitytaknyga.lt\/wp-content\/uploads\/2024\/04\/132462402_177882357366600_8510216487304054201_n-e1608661921313.jpg","type":"image\/jpeg"}],"twitter_card":"summary_large_image","twitter_misc":{"Estimated reading time":"1 minute"},"schema":{"@context":"https:\/\/schema.org","@graph":[{"@type":"WebPage","@id":"https:\/\/skaitytaknyga.lt\/produktas\/p-hoeg-the-elephant-keepers-children\/","url":"https:\/\/skaitytaknyga.lt\/produktas\/p-hoeg-the-elephant-keepers-children\/","name":"The elephant keepers' children","isPartOf":{"@id":"https:\/\/skaitytaknyga.lt\/#website"},"primaryImageOfPage":{"@id":"https:\/\/skaitytaknyga.lt\/produktas\/p-hoeg-the-elephant-keepers-children\/#primaryimage"},"image":{"@id":"https:\/\/skaitytaknyga.lt\/produktas\/p-hoeg-the-elephant-keepers-children\/#primaryimage"},"thumbnailUrl":"https:\/\/skaitytaknyga.lt\/wp-content\/uploads\/2024\/04\/132462402_177882357366600_8510216487304054201_n-e1608661921313.jpg","datePublished":"2024-04-17T13:35:26+00:00","dateModified":"2025-05-15T06:41:05+00:00","description":"Peter and Tilte are trying to track down two notorious criminals: their parents. They are the pastor and the organist, respectively, of the only church on the tiny island of Fino. Known for fabricating cheap miracles to strengthen their congregation's faith, they have been in trouble before. But this time their children suspect they are up to mischief on a far greater scale. When Peter and Tilte learn that scientific and religious leaders from around the world are assembling in Copenhagen for a conference, they know their parents are up to something. Peter and Tilte's quest to find them exposes conspiracies, terrorist plots, an angry bishop, a deranged headmaster, two love struck police officers, a deluded aristocrat and much more along the way.","breadcrumb":{"@id":"https:\/\/skaitytaknyga.lt\/produktas\/p-hoeg-the-elephant-keepers-children\/#breadcrumb"},"inLanguage":"en-GB","potentialAction":[{"@type":"ReadAction","target":["https:\/\/skaitytaknyga.lt\/produktas\/p-hoeg-the-elephant-keepers-children\/"]}]},{"@type":"ImageObject","inLanguage":"en-GB","@id":"https:\/\/skaitytaknyga.lt\/produktas\/p-hoeg-the-elephant-keepers-children\/#primaryimage","url":"https:\/\/skaitytaknyga.lt\/wp-content\/uploads\/2024\/04\/132462402_177882357366600_8510216487304054201_n-e1608661921313.jpg","contentUrl":"https:\/\/skaitytaknyga.lt\/wp-content\/uploads\/2024\/04\/132462402_177882357366600_8510216487304054201_n-e1608661921313.jpg","width":526,"height":836,"caption":"132462402 177882357366600 8510216487304054201 n e1608661921313"},{"@type":"BreadcrumbList","@id":"https:\/\/skaitytaknyga.lt\/produktas\/p-hoeg-the-elephant-keepers-children\/#breadcrumb","itemListElement":[{"@type":"ListItem","position":1,"name":"Home","item":"https:\/\/skaitytaknyga.lt\/"},{"@type":"ListItem","position":2,"name":"Parduotuv\u0117","item":"https:\/\/skaitytaknyga.lt\/knygu-parduotuve\/"},{"@type":"ListItem","position":3,"name":"The elephant keepers&#8217; children"}]},{"@type":"WebSite","@id":"https:\/\/skaitytaknyga.lt\/#website","url":"https:\/\/skaitytaknyga.lt\/","name":"skaitytaknyga.lt","description":"Skaitytaknyga.lt \u2013 tai ma\u017eas \u0161eimos verslas, kuris prasid\u0117jo nuo meil\u0117s knygoms ir siekio i\u0161gelb\u0117ti knygas nuo likimo prie konteinerio. Kas vienam nereikalingas daiktas \u2013 kitam lobis, o mes esame tarpininkai, kurie padeda abiems tapti laimingesniems ???? \u017dinome kaip nelengva i\u0161gyventi ma\u017eiems verslams, tad nuo \u0161iol, \u010dia rasite ir kit\u0173, ma\u017e\u0173 \u0161eim\u0173 versl\u0173, rank\u0173 darbo, dovan\u0173 sau ir artimiesiems.","publisher":{"@id":"https:\/\/skaitytaknyga.lt\/#organization"},"potentialAction":[{"@type":"SearchAction","target":{"@type":"EntryPoint","urlTemplate":"https:\/\/skaitytaknyga.lt\/?s={search_term_string}"},"query-input":{"@type":"PropertyValueSpecification","valueRequired":true,"valueName":"search_term_string"}}],"inLanguage":"en-GB"},{"@type":"Organization","@id":"https:\/\/skaitytaknyga.lt\/#organization","name":"skaitytaknyga.lt","url":"https:\/\/skaitytaknyga.lt\/","logo":{"@type":"ImageObject","inLanguage":"en-GB","@id":"https:\/\/skaitytaknyga.lt\/#\/schema\/logo\/image\/","url":"https:\/\/skaitytaknyga.lt\/wp-content\/uploads\/2024\/05\/cropped-cropped-cropped-02_00843_jt3bggkj1j3HLc7SyY6rEUpg.jpeg","contentUrl":"https:\/\/skaitytaknyga.lt\/wp-content\/uploads\/2024\/05\/cropped-cropped-cropped-02_00843_jt3bggkj1j3HLc7SyY6rEUpg.jpeg","width":1600,"height":1600,"caption":"skaitytaknyga.lt"},"image":{"@id":"https:\/\/skaitytaknyga.lt\/#\/schema\/logo\/image\/"},"sameAs":["https:\/\/www.facebook.com\/skaitytaknyga\/"]}]}},"_links":{"self":[{"href":"https:\/\/skaitytaknyga.lt\/en\/wp-json\/wp\/v2\/product\/3649","targetHints":{"allow":["GET"]}}],"collection":[{"href":"https:\/\/skaitytaknyga.lt\/en\/wp-json\/wp\/v2\/product"}],"about":[{"href":"https:\/\/skaitytaknyga.lt\/en\/wp-json\/wp\/v2\/types\/product"}],"replies":[{"embeddable":true,"href":"https:\/\/skaitytaknyga.lt\/en\/wp-json\/wp\/v2\/comments?post=3649"}],"wp:featuredmedia":[{"embeddable":true,"href":"https:\/\/skaitytaknyga.lt\/en\/wp-json\/wp\/v2\/media\/3700"}],"wp:attachment":[{"href":"https:\/\/skaitytaknyga.lt\/en\/wp-json\/wp\/v2\/media?parent=3649"}],"wp:term":[{"taxonomy":"product_brand","embeddable":true,"href":"https:\/\/skaitytaknyga.lt\/en\/wp-json\/wp\/v2\/product_brand?post=3649"},{"taxonomy":"product_cat","embeddable":true,"href":"https:\/\/skaitytaknyga.lt\/en\/wp-json\/wp\/v2\/product_cat?post=3649"},{"taxonomy":"product_tag","embeddable":true,"href":"https:\/\/skaitytaknyga.lt\/en\/wp-json\/wp\/v2\/product_tag?post=3649"}],"curies":[{"name":"wp","href":"https:\/\/api.w.org\/{rel}","templated":true}]}}