{"id":3648,"date":"2024-04-17T13:35:26","date_gmt":"2024-04-17T13:35:26","guid":{"rendered":"https:\/\/skaitytaknyga.lt\/?post_type=product&#038;p=3648"},"modified":"2025-05-12T08:57:27","modified_gmt":"2025-05-12T05:57:27","slug":"b-runyon-the-burn-journals","status":"publish","type":"product","link":"https:\/\/skaitytaknyga.lt\/en\/produktas\/b-runyon-the-burn-journals\/","title":{"rendered":"The burn Journals"},"content":{"rendered":"<p>Fans of Thirteen Reasons Why, Running with Scissors and Girl, Interrupted will be entranced by this remarkable true story of teenage despair and recovery<\/p>\n<p>In 1991, fourteen-year-old Brent Runyon came home from school, doused his bathrobe in gasoline, put it on, and lit a match.<\/p>\n<p>He suffered third-degree burns over 85% of his body and spent the next year recovering in hospitals and rehab facilities. During that year of physical recovery, Runyon began to question what he\u2019d done, undertaking the complicated journey from near-death back to high school, and from suicide back to the emotional mainstream of life.<\/p>\n","protected":false},"excerpt":{"rendered":"<p>Fans of Thirteen Reasons Why, Running with Scissors and Girl, Interrupted will be entranced by this remarkable true story of teenage despair and recovery<\/p>\n<p>In 1991, fourteen-year-old Brent Runyon came home from school, doused his bathrobe in gasoline, put it on, and lit a match.<\/p>\n<p>He suffered third-degree burns over 85% of his body and spent the next year recovering in hospitals and rehab facilities. During that year of physical recovery, Runyon began to question what he\u2019d done, undertaking the complicated journey from near-death back to high school, and from suicide back to the emotional mainstream of life.<\/p>\n","protected":false},"featured_media":3677,"comment_status":"closed","ping_status":"closed","template":"","meta":{"_acf_changed":false,"site-sidebar-layout":"default","site-content-layout":"","ast-site-content-layout":"default","site-content-style":"default","site-sidebar-style":"default","ast-global-header-display":"","ast-banner-title-visibility":"","ast-main-header-display":"","ast-hfb-above-header-display":"","ast-hfb-below-header-display":"","ast-hfb-mobile-header-display":"","site-post-title":"","ast-breadcrumbs-content":"","ast-featured-img":"","footer-sml-layout":"","ast-disable-related-posts":"","theme-transparent-header-meta":"","adv-header-id-meta":"","stick-header-meta":"","header-above-stick-meta":"","header-main-stick-meta":"","header-below-stick-meta":"","astra-migrate-meta-layouts":"default","ast-page-background-enabled":"default","ast-page-background-meta":{"desktop":{"background-color":"","background-image":"","background-repeat":"repeat","background-position":"center center","background-size":"auto","background-attachment":"scroll","background-type":"","background-media":"","overlay-type":"","overlay-color":"","overlay-opacity":"","overlay-gradient":""},"tablet":{"background-color":"","background-image":"","background-repeat":"repeat","background-position":"center center","background-size":"auto","background-attachment":"scroll","background-type":"","background-media":"","overlay-type":"","overlay-color":"","overlay-opacity":"","overlay-gradient":""},"mobile":{"background-color":"","background-image":"","background-repeat":"repeat","background-position":"center center","background-size":"auto","background-attachment":"scroll","background-type":"","background-media":"","overlay-type":"","overlay-color":"","overlay-opacity":"","overlay-gradient":""}},"ast-content-background-meta":{"desktop":{"background-color":"var(--ast-global-color-4)","background-image":"","background-repeat":"repeat","background-position":"center center","background-size":"auto","background-attachment":"scroll","background-type":"","background-media":"","overlay-type":"","overlay-color":"","overlay-opacity":"","overlay-gradient":""},"tablet":{"background-color":"var(--ast-global-color-4)","background-image":"","background-repeat":"repeat","background-position":"center center","background-size":"auto","background-attachment":"scroll","background-type":"","background-media":"","overlay-type":"","overlay-color":"","overlay-opacity":"","overlay-gradient":""},"mobile":{"background-color":"var(--ast-global-color-4)","background-image":"","background-repeat":"repeat","background-position":"center center","background-size":"auto","background-attachment":"scroll","background-type":"","background-media":"","overlay-type":"","overlay-color":"","overlay-opacity":"","overlay-gradient":""}}},"product_brand":[],"product_cat":[33,34],"product_tag":[1655,1654,1651,1656,1627,1653,1652],"class_list":{"0":"post-3648","1":"product","2":"type-product","3":"status-publish","4":"has-post-thumbnail","6":"product_cat-biografijos","7":"product_cat-knygos-anglu-kalba","8":"product_tag-asmenine-istorija","9":"product_tag-atsigavimas","10":"product_tag-brent-runyon","11":"product_tag-depresija","12":"product_tag-gyvenimo-prasme","13":"product_tag-paaugliu-psichologija","14":"product_tag-savizudybe","15":"desktop-align-left","16":"tablet-align-left","17":"mobile-align-left","19":"first","20":"instock","21":"shipping-taxable","22":"purchasable","23":"product-type-simple"},"acf":[],"yoast_head":"<!-- This site is optimized with the Yoast SEO plugin v27.4 - https:\/\/yoast.com\/product\/yoast-seo-wordpress\/ -->\n<title>The burn Journals<\/title>\n<meta name=\"description\" content=\"Fans of Thirteen Reasons Why, Running with Scissors and Girl, Interrupted will be entranced by this remarkable true story of teenage despair and recovery  In 1991, fourteen-year-old Brent Runyon came home from school, doused his bathrobe in gasoline, put it on, and lit a match.  He suffered third-degree burns over 85% of his body and spent the next year recovering in hospitals and rehab facilities. During that year of physical recovery, Runyon began to question what he\u2019d done, undertaking the complicated journey from near-death back to high school, and from suicide back to the emotional mainstream of life.\" \/>\n<meta name=\"robots\" content=\"index, follow, max-snippet:-1, max-image-preview:large, max-video-preview:-1\" \/>\n<link rel=\"canonical\" href=\"https:\/\/skaitytaknyga.lt\/en\/produktas\/b-runyon-the-burn-journals\/\" \/>\n<meta property=\"og:locale\" content=\"en_GB\" \/>\n<meta property=\"og:locale:alternate\" content=\"lt_LT\" \/>\n<meta property=\"og:type\" content=\"article\" \/>\n<meta property=\"og:title\" content=\"The burn Journals\" \/>\n<meta property=\"og:description\" content=\"Fans of Thirteen Reasons Why, Running with Scissors and Girl, Interrupted will be entranced by this remarkable true story of teenage despair and recovery  In 1991, fourteen-year-old Brent Runyon came home from school, doused his bathrobe in gasoline, put it on, and lit a match.  He suffered third-degree burns over 85% of his body and spent the next year recovering in hospitals and rehab facilities. During that year of physical recovery, Runyon began to question what he\u2019d done, undertaking the complicated journey from near-death back to high school, and from suicide back to the emotional mainstream of life.\" \/>\n<meta property=\"og:url\" content=\"https:\/\/skaitytaknyga.lt\/en\/produktas\/b-runyon-the-burn-journals\/\" \/>\n<meta property=\"og:site_name\" content=\"Skaitytaknyga\" \/>\n<meta property=\"article:publisher\" content=\"https:\/\/www.facebook.com\/skaitytaknyga\/\" \/>\n<meta property=\"article:modified_time\" content=\"2025-05-12T05:57:27+00:00\" \/>\n<meta property=\"og:image\" content=\"https:\/\/skaitytaknyga.lt\/wp-content\/uploads\/2024\/04\/132203217_672939283376167_8983230569053124147_n-e1608661584179.jpg\" \/>\n\t<meta property=\"og:image:width\" content=\"577\" \/>\n\t<meta property=\"og:image:height\" content=\"894\" \/>\n\t<meta property=\"og:image:type\" content=\"image\/jpeg\" \/>\n<meta name=\"twitter:card\" content=\"summary_large_image\" \/>\n<script type=\"application\/ld+json\" class=\"yoast-schema-graph\">{\"@context\":\"https:\\\/\\\/schema.org\",\"@graph\":[{\"@type\":\"WebPage\",\"@id\":\"https:\\\/\\\/skaitytaknyga.lt\\\/produktas\\\/b-runyon-the-burn-journals\\\/\",\"url\":\"https:\\\/\\\/skaitytaknyga.lt\\\/produktas\\\/b-runyon-the-burn-journals\\\/\",\"name\":\"The burn Journals\",\"isPartOf\":{\"@id\":\"https:\\\/\\\/skaitytaknyga.lt\\\/#website\"},\"primaryImageOfPage\":{\"@id\":\"https:\\\/\\\/skaitytaknyga.lt\\\/produktas\\\/b-runyon-the-burn-journals\\\/#primaryimage\"},\"image\":{\"@id\":\"https:\\\/\\\/skaitytaknyga.lt\\\/produktas\\\/b-runyon-the-burn-journals\\\/#primaryimage\"},\"thumbnailUrl\":\"https:\\\/\\\/skaitytaknyga.lt\\\/wp-content\\\/uploads\\\/2024\\\/04\\\/132203217_672939283376167_8983230569053124147_n-e1608661584179.jpg\",\"datePublished\":\"2024-04-17T13:35:26+00:00\",\"dateModified\":\"2025-05-12T05:57:27+00:00\",\"description\":\"Fans of Thirteen Reasons Why, Running with Scissors and Girl, Interrupted will be entranced by this remarkable true story of teenage despair and recovery In 1991, fourteen-year-old Brent Runyon came home from school, doused his bathrobe in gasoline, put it on, and lit a match. He suffered third-degree burns over 85% of his body and spent the next year recovering in hospitals and rehab facilities. During that year of physical recovery, Runyon began to question what he\u2019d done, undertaking the complicated journey from near-death back to high school, and from suicide back to the emotional mainstream of life.\",\"breadcrumb\":{\"@id\":\"https:\\\/\\\/skaitytaknyga.lt\\\/produktas\\\/b-runyon-the-burn-journals\\\/#breadcrumb\"},\"inLanguage\":\"en-GB\",\"potentialAction\":[{\"@type\":\"ReadAction\",\"target\":[\"https:\\\/\\\/skaitytaknyga.lt\\\/produktas\\\/b-runyon-the-burn-journals\\\/\"]}]},{\"@type\":\"ImageObject\",\"inLanguage\":\"en-GB\",\"@id\":\"https:\\\/\\\/skaitytaknyga.lt\\\/produktas\\\/b-runyon-the-burn-journals\\\/#primaryimage\",\"url\":\"https:\\\/\\\/skaitytaknyga.lt\\\/wp-content\\\/uploads\\\/2024\\\/04\\\/132203217_672939283376167_8983230569053124147_n-e1608661584179.jpg\",\"contentUrl\":\"https:\\\/\\\/skaitytaknyga.lt\\\/wp-content\\\/uploads\\\/2024\\\/04\\\/132203217_672939283376167_8983230569053124147_n-e1608661584179.jpg\",\"width\":577,\"height\":894,\"caption\":\"132203217 672939283376167 8983230569053124147 n e1608661584179\"},{\"@type\":\"BreadcrumbList\",\"@id\":\"https:\\\/\\\/skaitytaknyga.lt\\\/produktas\\\/b-runyon-the-burn-journals\\\/#breadcrumb\",\"itemListElement\":[{\"@type\":\"ListItem\",\"position\":1,\"name\":\"Home\",\"item\":\"https:\\\/\\\/skaitytaknyga.lt\\\/\"},{\"@type\":\"ListItem\",\"position\":2,\"name\":\"Parduotuv\u0117\",\"item\":\"https:\\\/\\\/skaitytaknyga.lt\\\/knygu-parduotuve\\\/\"},{\"@type\":\"ListItem\",\"position\":3,\"name\":\"The burn Journals\"}]},{\"@type\":\"WebSite\",\"@id\":\"https:\\\/\\\/skaitytaknyga.lt\\\/#website\",\"url\":\"https:\\\/\\\/skaitytaknyga.lt\\\/\",\"name\":\"skaitytaknyga.lt\",\"description\":\"Skaitytaknyga.lt \u2013 tai ma\u017eas \u0161eimos verslas, kuris prasid\u0117jo nuo meil\u0117s knygoms ir siekio i\u0161gelb\u0117ti knygas nuo likimo prie konteinerio. Kas vienam nereikalingas daiktas \u2013 kitam lobis, o mes esame tarpininkai, kurie padeda abiems tapti laimingesniems ???? \u017dinome kaip nelengva i\u0161gyventi ma\u017eiems verslams, tad nuo \u0161iol, \u010dia rasite ir kit\u0173, ma\u017e\u0173 \u0161eim\u0173 versl\u0173, rank\u0173 darbo, dovan\u0173 sau ir artimiesiems.\",\"publisher\":{\"@id\":\"https:\\\/\\\/skaitytaknyga.lt\\\/#organization\"},\"potentialAction\":[{\"@type\":\"SearchAction\",\"target\":{\"@type\":\"EntryPoint\",\"urlTemplate\":\"https:\\\/\\\/skaitytaknyga.lt\\\/?s={search_term_string}\"},\"query-input\":{\"@type\":\"PropertyValueSpecification\",\"valueRequired\":true,\"valueName\":\"search_term_string\"}}],\"inLanguage\":\"en-GB\"},{\"@type\":\"Organization\",\"@id\":\"https:\\\/\\\/skaitytaknyga.lt\\\/#organization\",\"name\":\"skaitytaknyga.lt\",\"url\":\"https:\\\/\\\/skaitytaknyga.lt\\\/\",\"logo\":{\"@type\":\"ImageObject\",\"inLanguage\":\"en-GB\",\"@id\":\"https:\\\/\\\/skaitytaknyga.lt\\\/#\\\/schema\\\/logo\\\/image\\\/\",\"url\":\"https:\\\/\\\/skaitytaknyga.lt\\\/wp-content\\\/uploads\\\/2024\\\/05\\\/cropped-cropped-cropped-02_00843_jt3bggkj1j3HLc7SyY6rEUpg.jpeg\",\"contentUrl\":\"https:\\\/\\\/skaitytaknyga.lt\\\/wp-content\\\/uploads\\\/2024\\\/05\\\/cropped-cropped-cropped-02_00843_jt3bggkj1j3HLc7SyY6rEUpg.jpeg\",\"width\":1600,\"height\":1600,\"caption\":\"skaitytaknyga.lt\"},\"image\":{\"@id\":\"https:\\\/\\\/skaitytaknyga.lt\\\/#\\\/schema\\\/logo\\\/image\\\/\"},\"sameAs\":[\"https:\\\/\\\/www.facebook.com\\\/skaitytaknyga\\\/\"]}]}<\/script>\n<!-- \/ Yoast SEO plugin. -->","yoast_head_json":{"title":"The burn Journals","description":"Fans of Thirteen Reasons Why, Running with Scissors and Girl, Interrupted will be entranced by this remarkable true story of teenage despair and recovery  In 1991, fourteen-year-old Brent Runyon came home from school, doused his bathrobe in gasoline, put it on, and lit a match.  He suffered third-degree burns over 85% of his body and spent the next year recovering in hospitals and rehab facilities. During that year of physical recovery, Runyon began to question what he\u2019d done, undertaking the complicated journey from near-death back to high school, and from suicide back to the emotional mainstream of life.","robots":{"index":"index","follow":"follow","max-snippet":"max-snippet:-1","max-image-preview":"max-image-preview:large","max-video-preview":"max-video-preview:-1"},"canonical":"https:\/\/skaitytaknyga.lt\/en\/produktas\/b-runyon-the-burn-journals\/","og_locale":"en_GB","og_type":"article","og_title":"[:lt]The burn Journals[:] - Skaitytaknyga","og_description":"Fans of Thirteen Reasons Why, Running with Scissors and Girl, Interrupted will be entranced by this remarkable true story of teenage despair and recovery  In 1991, fourteen-year-old Brent Runyon came home from school, doused his bathrobe in gasoline, put it on, and lit a match.  He suffered third-degree burns over 85% of his body and spent the next year recovering in hospitals and rehab facilities. During that year of physical recovery, Runyon began to question what he\u2019d done, undertaking the complicated journey from near-death back to high school, and from suicide back to the emotional mainstream of life.","og_url":"https:\/\/skaitytaknyga.lt\/en\/produktas\/b-runyon-the-burn-journals\/","og_site_name":"Skaitytaknyga","article_publisher":"https:\/\/www.facebook.com\/skaitytaknyga\/","article_modified_time":"2025-05-12T05:57:27+00:00","og_image":[{"width":577,"height":894,"url":"https:\/\/skaitytaknyga.lt\/wp-content\/uploads\/2024\/04\/132203217_672939283376167_8983230569053124147_n-e1608661584179.jpg","type":"image\/jpeg"}],"twitter_card":"summary_large_image","schema":{"@context":"https:\/\/schema.org","@graph":[{"@type":"WebPage","@id":"https:\/\/skaitytaknyga.lt\/produktas\/b-runyon-the-burn-journals\/","url":"https:\/\/skaitytaknyga.lt\/produktas\/b-runyon-the-burn-journals\/","name":"The burn Journals","isPartOf":{"@id":"https:\/\/skaitytaknyga.lt\/#website"},"primaryImageOfPage":{"@id":"https:\/\/skaitytaknyga.lt\/produktas\/b-runyon-the-burn-journals\/#primaryimage"},"image":{"@id":"https:\/\/skaitytaknyga.lt\/produktas\/b-runyon-the-burn-journals\/#primaryimage"},"thumbnailUrl":"https:\/\/skaitytaknyga.lt\/wp-content\/uploads\/2024\/04\/132203217_672939283376167_8983230569053124147_n-e1608661584179.jpg","datePublished":"2024-04-17T13:35:26+00:00","dateModified":"2025-05-12T05:57:27+00:00","description":"Fans of Thirteen Reasons Why, Running with Scissors and Girl, Interrupted will be entranced by this remarkable true story of teenage despair and recovery In 1991, fourteen-year-old Brent Runyon came home from school, doused his bathrobe in gasoline, put it on, and lit a match. He suffered third-degree burns over 85% of his body and spent the next year recovering in hospitals and rehab facilities. During that year of physical recovery, Runyon began to question what he\u2019d done, undertaking the complicated journey from near-death back to high school, and from suicide back to the emotional mainstream of life.","breadcrumb":{"@id":"https:\/\/skaitytaknyga.lt\/produktas\/b-runyon-the-burn-journals\/#breadcrumb"},"inLanguage":"en-GB","potentialAction":[{"@type":"ReadAction","target":["https:\/\/skaitytaknyga.lt\/produktas\/b-runyon-the-burn-journals\/"]}]},{"@type":"ImageObject","inLanguage":"en-GB","@id":"https:\/\/skaitytaknyga.lt\/produktas\/b-runyon-the-burn-journals\/#primaryimage","url":"https:\/\/skaitytaknyga.lt\/wp-content\/uploads\/2024\/04\/132203217_672939283376167_8983230569053124147_n-e1608661584179.jpg","contentUrl":"https:\/\/skaitytaknyga.lt\/wp-content\/uploads\/2024\/04\/132203217_672939283376167_8983230569053124147_n-e1608661584179.jpg","width":577,"height":894,"caption":"132203217 672939283376167 8983230569053124147 n e1608661584179"},{"@type":"BreadcrumbList","@id":"https:\/\/skaitytaknyga.lt\/produktas\/b-runyon-the-burn-journals\/#breadcrumb","itemListElement":[{"@type":"ListItem","position":1,"name":"Home","item":"https:\/\/skaitytaknyga.lt\/"},{"@type":"ListItem","position":2,"name":"Parduotuv\u0117","item":"https:\/\/skaitytaknyga.lt\/knygu-parduotuve\/"},{"@type":"ListItem","position":3,"name":"The burn Journals"}]},{"@type":"WebSite","@id":"https:\/\/skaitytaknyga.lt\/#website","url":"https:\/\/skaitytaknyga.lt\/","name":"skaitytaknyga.lt","description":"Skaitytaknyga.lt \u2013 tai ma\u017eas \u0161eimos verslas, kuris prasid\u0117jo nuo meil\u0117s knygoms ir siekio i\u0161gelb\u0117ti knygas nuo likimo prie konteinerio. Kas vienam nereikalingas daiktas \u2013 kitam lobis, o mes esame tarpininkai, kurie padeda abiems tapti laimingesniems ???? \u017dinome kaip nelengva i\u0161gyventi ma\u017eiems verslams, tad nuo \u0161iol, \u010dia rasite ir kit\u0173, ma\u017e\u0173 \u0161eim\u0173 versl\u0173, rank\u0173 darbo, dovan\u0173 sau ir artimiesiems.","publisher":{"@id":"https:\/\/skaitytaknyga.lt\/#organization"},"potentialAction":[{"@type":"SearchAction","target":{"@type":"EntryPoint","urlTemplate":"https:\/\/skaitytaknyga.lt\/?s={search_term_string}"},"query-input":{"@type":"PropertyValueSpecification","valueRequired":true,"valueName":"search_term_string"}}],"inLanguage":"en-GB"},{"@type":"Organization","@id":"https:\/\/skaitytaknyga.lt\/#organization","name":"skaitytaknyga.lt","url":"https:\/\/skaitytaknyga.lt\/","logo":{"@type":"ImageObject","inLanguage":"en-GB","@id":"https:\/\/skaitytaknyga.lt\/#\/schema\/logo\/image\/","url":"https:\/\/skaitytaknyga.lt\/wp-content\/uploads\/2024\/05\/cropped-cropped-cropped-02_00843_jt3bggkj1j3HLc7SyY6rEUpg.jpeg","contentUrl":"https:\/\/skaitytaknyga.lt\/wp-content\/uploads\/2024\/05\/cropped-cropped-cropped-02_00843_jt3bggkj1j3HLc7SyY6rEUpg.jpeg","width":1600,"height":1600,"caption":"skaitytaknyga.lt"},"image":{"@id":"https:\/\/skaitytaknyga.lt\/#\/schema\/logo\/image\/"},"sameAs":["https:\/\/www.facebook.com\/skaitytaknyga\/"]}]}},"_links":{"self":[{"href":"https:\/\/skaitytaknyga.lt\/en\/wp-json\/wp\/v2\/product\/3648","targetHints":{"allow":["GET"]}}],"collection":[{"href":"https:\/\/skaitytaknyga.lt\/en\/wp-json\/wp\/v2\/product"}],"about":[{"href":"https:\/\/skaitytaknyga.lt\/en\/wp-json\/wp\/v2\/types\/product"}],"replies":[{"embeddable":true,"href":"https:\/\/skaitytaknyga.lt\/en\/wp-json\/wp\/v2\/comments?post=3648"}],"wp:featuredmedia":[{"embeddable":true,"href":"https:\/\/skaitytaknyga.lt\/en\/wp-json\/wp\/v2\/media\/3677"}],"wp:attachment":[{"href":"https:\/\/skaitytaknyga.lt\/en\/wp-json\/wp\/v2\/media?parent=3648"}],"wp:term":[{"taxonomy":"product_brand","embeddable":true,"href":"https:\/\/skaitytaknyga.lt\/en\/wp-json\/wp\/v2\/product_brand?post=3648"},{"taxonomy":"product_cat","embeddable":true,"href":"https:\/\/skaitytaknyga.lt\/en\/wp-json\/wp\/v2\/product_cat?post=3648"},{"taxonomy":"product_tag","embeddable":true,"href":"https:\/\/skaitytaknyga.lt\/en\/wp-json\/wp\/v2\/product_tag?post=3648"}],"curies":[{"name":"wp","href":"https:\/\/api.w.org\/{rel}","templated":true}]}}