{"id":3641,"date":"2024-04-17T13:35:25","date_gmt":"2024-04-17T13:35:25","guid":{"rendered":"https:\/\/skaitytaknyga.lt\/?post_type=product&#038;p=3641"},"modified":"2026-03-05T16:00:55","modified_gmt":"2026-03-05T14:00:55","slug":"karin-alvtegen-seselis","status":"publish","type":"product","link":"https:\/\/skaitytaknyga.lt\/en\/produktas\/karin-alvtegen-seselis\/","title":{"rendered":"\u0160e\u0161\u0117lis"},"content":{"rendered":"<p>Gerdos Person k\u016bn\u0105 jos namuose aptiko vieni\u0161ais \u017emon\u0117mis besir\u016bpinan\u010dios nam\u0173 tarnybos darbuotojos. I\u0161 pirmo \u017evilgsnio viskas atrod\u0117 \u012fprastai: tvarkingas butas, vyresnio am\u017eiaus \u017emoni\u0173 naudojami daiktai&#8230; Ta\u010diau tai, kas buvo rasta \u0161aldytuve, priblo\u0161k\u0117: pa\u010diame \u0161aldymo kameros gale \u2013 Nobelio premijos laureato Akselio Ragnefeldo knygos, sud\u0117tos \u012f plastikin\u012f mai\u0161el\u012f.<\/p>\n<p>Kiekvienoje knygoje ranka \u012fra\u0161yta dedikacija mirusiai moteriai, dauguma puslapi\u0173 perbraukti storu raudonu ra\u0161ikliu&#8230; Kas siejo Gerd\u0105 Person ir gars\u0173 ra\u0161ytoj\u0105? Kod\u0117l jis beveik niekada neduodavo interviu ir niekas negal\u0117jo prisiminti n\u0117 vienos jo asmeninio gyvenimo smulkmenos? Tai klausimai, kuriais prasideda paini ir intriguojanti istorija. Raktas \u012f tamsiausias Ragnefeld\u0173 \u0161eimos paslaptis.<\/p>\n","protected":false},"excerpt":{"rendered":"<p>Gerdos Person k\u016bn\u0105 jos namuose aptiko vieni\u0161ais \u017emon\u0117mis besir\u016bpinan\u010dios nam\u0173 tarnybos darbuotojos. I\u0161 pirmo \u017evilgsnio viskas atrod\u0117 \u012fprastai: tvarkingas butas, vyresnio am\u017eiaus \u017emoni\u0173 naudojami daiktai&#8230; Ta\u010diau tai, kas buvo rasta \u0161aldytuve, priblo\u0161k\u0117: pa\u010diame \u0161aldymo kameros gale \u2013 Nobelio premijos laureato Akselio Ragnefeldo knygos, sud\u0117tos \u012f plastikin\u012f mai\u0161el\u012f.<\/p>\n<p>Kiekvienoje knygoje ranka \u012fra\u0161yta dedikacija mirusiai moteriai, dauguma puslapi\u0173 perbraukti storu raudonu ra\u0161ikliu&#8230; Kas siejo Gerd\u0105 Person ir gars\u0173 ra\u0161ytoj\u0105? Kod\u0117l jis beveik niekada neduodavo interviu ir niekas negal\u0117jo prisiminti n\u0117 vienos jo asmeninio gyvenimo smulkmenos? Tai klausimai, kuriais prasideda paini ir intriguojanti istorija. Raktas \u012f tamsiausias Ragnefeld\u0173 \u0161eimos paslaptis.<\/p>\n","protected":false},"featured_media":3670,"comment_status":"closed","ping_status":"closed","template":"","meta":{"_acf_changed":false,"site-sidebar-layout":"default","site-content-layout":"","ast-site-content-layout":"default","site-content-style":"default","site-sidebar-style":"default","ast-global-header-display":"","ast-banner-title-visibility":"","ast-main-header-display":"","ast-hfb-above-header-display":"","ast-hfb-below-header-display":"","ast-hfb-mobile-header-display":"","site-post-title":"","ast-breadcrumbs-content":"","ast-featured-img":"","footer-sml-layout":"","ast-disable-related-posts":"","theme-transparent-header-meta":"","adv-header-id-meta":"","stick-header-meta":"","header-above-stick-meta":"","header-main-stick-meta":"","header-below-stick-meta":"","astra-migrate-meta-layouts":"default","ast-page-background-enabled":"default","ast-page-background-meta":{"desktop":{"background-color":"","background-image":"","background-repeat":"repeat","background-position":"center center","background-size":"auto","background-attachment":"scroll","background-type":"","background-media":"","overlay-type":"","overlay-color":"","overlay-opacity":"","overlay-gradient":""},"tablet":{"background-color":"","background-image":"","background-repeat":"repeat","background-position":"center center","background-size":"auto","background-attachment":"scroll","background-type":"","background-media":"","overlay-type":"","overlay-color":"","overlay-opacity":"","overlay-gradient":""},"mobile":{"background-color":"","background-image":"","background-repeat":"repeat","background-position":"center center","background-size":"auto","background-attachment":"scroll","background-type":"","background-media":"","overlay-type":"","overlay-color":"","overlay-opacity":"","overlay-gradient":""}},"ast-content-background-meta":{"desktop":{"background-color":"var(--ast-global-color-4)","background-image":"","background-repeat":"repeat","background-position":"center center","background-size":"auto","background-attachment":"scroll","background-type":"","background-media":"","overlay-type":"","overlay-color":"","overlay-opacity":"","overlay-gradient":""},"tablet":{"background-color":"var(--ast-global-color-4)","background-image":"","background-repeat":"repeat","background-position":"center center","background-size":"auto","background-attachment":"scroll","background-type":"","background-media":"","overlay-type":"","overlay-color":"","overlay-opacity":"","overlay-gradient":""},"mobile":{"background-color":"var(--ast-global-color-4)","background-image":"","background-repeat":"repeat","background-position":"center center","background-size":"auto","background-attachment":"scroll","background-type":"","background-media":"","overlay-type":"","overlay-color":"","overlay-opacity":"","overlay-gradient":""}}},"product_brand":[],"product_cat":[9581],"product_tag":[5962,5963,5961,1492,2944,1478,5029],"class_list":{"0":"post-3641","1":"product","2":"type-product","3":"status-publish","4":"has-post-thumbnail","6":"product_cat-kriminaliniai-romanai","7":"product_tag-akselis-ragnefeldas","8":"product_tag-dedikacijos","9":"product_tag-gerda-person","10":"product_tag-literatura","11":"product_tag-mistika","12":"product_tag-paslaptys","13":"product_tag-seimos-istorija","14":"desktop-align-left","15":"tablet-align-left","16":"mobile-align-left","18":"first","19":"instock","20":"shipping-taxable","21":"purchasable","22":"product-type-simple"},"acf":[],"yoast_head":"<!-- This site is optimized with the Yoast SEO plugin v27.0 - https:\/\/yoast.com\/product\/yoast-seo-wordpress\/ -->\n<title>\u0160e\u0161\u0117lis<\/title>\n<meta name=\"description\" content=\"Gerdos Person k\u016bn\u0105 jos namuose aptiko vieni\u0161ais \u017emon\u0117mis besir\u016bpinan\u010dios nam\u0173 tarnybos darbuotojos. I\u0161 pirmo \u017evilgsnio viskas atrod\u0117 \u012fprastai: tvarkingas butas, vyresnio am\u017eiaus \u017emoni\u0173 naudojami daiktai... Ta\u010diau tai, kas buvo rasta \u0161aldytuve, priblo\u0161k\u0117: pa\u010diame \u0161aldymo kameros gale \u2013 Nobelio premijos laureato Akselio Ragnefeldo knygos, sud\u0117tos \u012f plastikin\u012f mai\u0161el\u012f.  Kiekvienoje knygoje ranka \u012fra\u0161yta dedikacija mirusiai moteriai, dauguma puslapi\u0173 perbraukti storu raudonu ra\u0161ikliu... Kas siejo Gerd\u0105 Person ir gars\u0173 ra\u0161ytoj\u0105? Kod\u0117l jis beveik niekada neduodavo interviu ir niekas negal\u0117jo prisiminti n\u0117 vienos jo asmeninio gyvenimo smulkmenos? Tai klausimai, kuriais prasideda paini ir intriguojanti istorija. Raktas \u012f tamsiausias Ragnefeld\u0173 \u0161eimos paslaptis.\" \/>\n<meta name=\"robots\" content=\"index, follow, max-snippet:-1, max-image-preview:large, max-video-preview:-1\" \/>\n<link rel=\"canonical\" href=\"https:\/\/skaitytaknyga.lt\/en\/produktas\/karin-alvtegen-seselis\/\" \/>\n<meta property=\"og:locale\" content=\"en_GB\" \/>\n<meta property=\"og:locale:alternate\" content=\"lt_LT\" \/>\n<meta property=\"og:type\" content=\"article\" \/>\n<meta property=\"og:title\" content=\"\u0160e\u0161\u0117lis\" \/>\n<meta property=\"og:description\" content=\"Gerdos Person k\u016bn\u0105 jos namuose aptiko vieni\u0161ais \u017emon\u0117mis besir\u016bpinan\u010dios nam\u0173 tarnybos darbuotojos. I\u0161 pirmo \u017evilgsnio viskas atrod\u0117 \u012fprastai: tvarkingas butas, vyresnio am\u017eiaus \u017emoni\u0173 naudojami daiktai... Ta\u010diau tai, kas buvo rasta \u0161aldytuve, priblo\u0161k\u0117: pa\u010diame \u0161aldymo kameros gale \u2013 Nobelio premijos laureato Akselio Ragnefeldo knygos, sud\u0117tos \u012f plastikin\u012f mai\u0161el\u012f.  Kiekvienoje knygoje ranka \u012fra\u0161yta dedikacija mirusiai moteriai, dauguma puslapi\u0173 perbraukti storu raudonu ra\u0161ikliu... Kas siejo Gerd\u0105 Person ir gars\u0173 ra\u0161ytoj\u0105? Kod\u0117l jis beveik niekada neduodavo interviu ir niekas negal\u0117jo prisiminti n\u0117 vienos jo asmeninio gyvenimo smulkmenos? Tai klausimai, kuriais prasideda paini ir intriguojanti istorija. Raktas \u012f tamsiausias Ragnefeld\u0173 \u0161eimos paslaptis.\" \/>\n<meta property=\"og:url\" content=\"https:\/\/skaitytaknyga.lt\/en\/produktas\/karin-alvtegen-seselis\/\" \/>\n<meta property=\"og:site_name\" content=\"Skaitytaknyga\" \/>\n<meta property=\"article:publisher\" content=\"https:\/\/www.facebook.com\/skaitytaknyga\/\" \/>\n<meta property=\"article:modified_time\" content=\"2026-03-05T14:00:55+00:00\" \/>\n<meta property=\"og:image\" content=\"https:\/\/skaitytaknyga.lt\/wp-content\/uploads\/2024\/04\/1462873316_img.jpg\" \/>\n\t<meta property=\"og:image:width\" content=\"284\" \/>\n\t<meta property=\"og:image:height\" content=\"430\" \/>\n\t<meta property=\"og:image:type\" content=\"image\/jpeg\" \/>\n<meta name=\"twitter:card\" content=\"summary_large_image\" \/>\n<meta name=\"twitter:label1\" content=\"Estimated reading time\" \/>\n\t<meta name=\"twitter:data1\" content=\"1 minute\" \/>\n<script type=\"application\/ld+json\" class=\"yoast-schema-graph\">{\"@context\":\"https:\/\/schema.org\",\"@graph\":[{\"@type\":\"WebPage\",\"@id\":\"https:\/\/skaitytaknyga.lt\/produktas\/karin-alvtegen-seselis\/\",\"url\":\"https:\/\/skaitytaknyga.lt\/produktas\/karin-alvtegen-seselis\/\",\"name\":\"\u0160e\u0161\u0117lis\",\"isPartOf\":{\"@id\":\"https:\/\/skaitytaknyga.lt\/#website\"},\"primaryImageOfPage\":{\"@id\":\"https:\/\/skaitytaknyga.lt\/produktas\/karin-alvtegen-seselis\/#primaryimage\"},\"image\":{\"@id\":\"https:\/\/skaitytaknyga.lt\/produktas\/karin-alvtegen-seselis\/#primaryimage\"},\"thumbnailUrl\":\"https:\/\/skaitytaknyga.lt\/wp-content\/uploads\/2024\/04\/1462873316_img.jpg\",\"datePublished\":\"2024-04-17T13:35:25+00:00\",\"dateModified\":\"2026-03-05T14:00:55+00:00\",\"description\":\"Gerdos Person k\u016bn\u0105 jos namuose aptiko vieni\u0161ais \u017emon\u0117mis besir\u016bpinan\u010dios nam\u0173 tarnybos darbuotojos. I\u0161 pirmo \u017evilgsnio viskas atrod\u0117 \u012fprastai: tvarkingas butas, vyresnio am\u017eiaus \u017emoni\u0173 naudojami daiktai... Ta\u010diau tai, kas buvo rasta \u0161aldytuve, priblo\u0161k\u0117: pa\u010diame \u0161aldymo kameros gale \u2013 Nobelio premijos laureato Akselio Ragnefeldo knygos, sud\u0117tos \u012f plastikin\u012f mai\u0161el\u012f. Kiekvienoje knygoje ranka \u012fra\u0161yta dedikacija mirusiai moteriai, dauguma puslapi\u0173 perbraukti storu raudonu ra\u0161ikliu... Kas siejo Gerd\u0105 Person ir gars\u0173 ra\u0161ytoj\u0105? Kod\u0117l jis beveik niekada neduodavo interviu ir niekas negal\u0117jo prisiminti n\u0117 vienos jo asmeninio gyvenimo smulkmenos? Tai klausimai, kuriais prasideda paini ir intriguojanti istorija. Raktas \u012f tamsiausias Ragnefeld\u0173 \u0161eimos paslaptis.\",\"breadcrumb\":{\"@id\":\"https:\/\/skaitytaknyga.lt\/produktas\/karin-alvtegen-seselis\/#breadcrumb\"},\"inLanguage\":\"en-GB\",\"potentialAction\":[{\"@type\":\"ReadAction\",\"target\":[\"https:\/\/skaitytaknyga.lt\/produktas\/karin-alvtegen-seselis\/\"]}]},{\"@type\":\"ImageObject\",\"inLanguage\":\"en-GB\",\"@id\":\"https:\/\/skaitytaknyga.lt\/produktas\/karin-alvtegen-seselis\/#primaryimage\",\"url\":\"https:\/\/skaitytaknyga.lt\/wp-content\/uploads\/2024\/04\/1462873316_img.jpg\",\"contentUrl\":\"https:\/\/skaitytaknyga.lt\/wp-content\/uploads\/2024\/04\/1462873316_img.jpg\",\"width\":284,\"height\":430,\"caption\":\"1462873316 img\"},{\"@type\":\"BreadcrumbList\",\"@id\":\"https:\/\/skaitytaknyga.lt\/produktas\/karin-alvtegen-seselis\/#breadcrumb\",\"itemListElement\":[{\"@type\":\"ListItem\",\"position\":1,\"name\":\"Home\",\"item\":\"https:\/\/skaitytaknyga.lt\/\"},{\"@type\":\"ListItem\",\"position\":2,\"name\":\"Parduotuv\u0117\",\"item\":\"https:\/\/skaitytaknyga.lt\/knygu-parduotuve\/\"},{\"@type\":\"ListItem\",\"position\":3,\"name\":\"\u0160e\u0161\u0117lis\"}]},{\"@type\":\"WebSite\",\"@id\":\"https:\/\/skaitytaknyga.lt\/#website\",\"url\":\"https:\/\/skaitytaknyga.lt\/\",\"name\":\"skaitytaknyga.lt\",\"description\":\"Skaitytaknyga.lt \u2013 tai ma\u017eas \u0161eimos verslas, kuris prasid\u0117jo nuo meil\u0117s knygoms ir siekio i\u0161gelb\u0117ti knygas nuo likimo prie konteinerio. Kas vienam nereikalingas daiktas \u2013 kitam lobis, o mes esame tarpininkai, kurie padeda abiems tapti laimingesniems ???? \u017dinome kaip nelengva i\u0161gyventi ma\u017eiems verslams, tad nuo \u0161iol, \u010dia rasite ir kit\u0173, ma\u017e\u0173 \u0161eim\u0173 versl\u0173, rank\u0173 darbo, dovan\u0173 sau ir artimiesiems.\",\"publisher\":{\"@id\":\"https:\/\/skaitytaknyga.lt\/#organization\"},\"potentialAction\":[{\"@type\":\"SearchAction\",\"target\":{\"@type\":\"EntryPoint\",\"urlTemplate\":\"https:\/\/skaitytaknyga.lt\/?s={search_term_string}\"},\"query-input\":{\"@type\":\"PropertyValueSpecification\",\"valueRequired\":true,\"valueName\":\"search_term_string\"}}],\"inLanguage\":\"en-GB\"},{\"@type\":\"Organization\",\"@id\":\"https:\/\/skaitytaknyga.lt\/#organization\",\"name\":\"skaitytaknyga.lt\",\"url\":\"https:\/\/skaitytaknyga.lt\/\",\"logo\":{\"@type\":\"ImageObject\",\"inLanguage\":\"en-GB\",\"@id\":\"https:\/\/skaitytaknyga.lt\/#\/schema\/logo\/image\/\",\"url\":\"https:\/\/skaitytaknyga.lt\/wp-content\/uploads\/2024\/05\/cropped-cropped-cropped-02_00843_jt3bggkj1j3HLc7SyY6rEUpg.jpeg\",\"contentUrl\":\"https:\/\/skaitytaknyga.lt\/wp-content\/uploads\/2024\/05\/cropped-cropped-cropped-02_00843_jt3bggkj1j3HLc7SyY6rEUpg.jpeg\",\"width\":1600,\"height\":1600,\"caption\":\"skaitytaknyga.lt\"},\"image\":{\"@id\":\"https:\/\/skaitytaknyga.lt\/#\/schema\/logo\/image\/\"},\"sameAs\":[\"https:\/\/www.facebook.com\/skaitytaknyga\/\"]}]}<\/script>\n<!-- \/ Yoast SEO plugin. -->","yoast_head_json":{"title":"\u0160e\u0161\u0117lis","description":"Gerdos Person k\u016bn\u0105 jos namuose aptiko vieni\u0161ais \u017emon\u0117mis besir\u016bpinan\u010dios nam\u0173 tarnybos darbuotojos. I\u0161 pirmo \u017evilgsnio viskas atrod\u0117 \u012fprastai: tvarkingas butas, vyresnio am\u017eiaus \u017emoni\u0173 naudojami daiktai... Ta\u010diau tai, kas buvo rasta \u0161aldytuve, priblo\u0161k\u0117: pa\u010diame \u0161aldymo kameros gale \u2013 Nobelio premijos laureato Akselio Ragnefeldo knygos, sud\u0117tos \u012f plastikin\u012f mai\u0161el\u012f.  Kiekvienoje knygoje ranka \u012fra\u0161yta dedikacija mirusiai moteriai, dauguma puslapi\u0173 perbraukti storu raudonu ra\u0161ikliu... Kas siejo Gerd\u0105 Person ir gars\u0173 ra\u0161ytoj\u0105? Kod\u0117l jis beveik niekada neduodavo interviu ir niekas negal\u0117jo prisiminti n\u0117 vienos jo asmeninio gyvenimo smulkmenos? Tai klausimai, kuriais prasideda paini ir intriguojanti istorija. Raktas \u012f tamsiausias Ragnefeld\u0173 \u0161eimos paslaptis.","robots":{"index":"index","follow":"follow","max-snippet":"max-snippet:-1","max-image-preview":"max-image-preview:large","max-video-preview":"max-video-preview:-1"},"canonical":"https:\/\/skaitytaknyga.lt\/en\/produktas\/karin-alvtegen-seselis\/","og_locale":"en_GB","og_type":"article","og_title":"[:lt]\u0160e\u0161\u0117lis[:] - Skaitytaknyga","og_description":"Gerdos Person k\u016bn\u0105 jos namuose aptiko vieni\u0161ais \u017emon\u0117mis besir\u016bpinan\u010dios nam\u0173 tarnybos darbuotojos. I\u0161 pirmo \u017evilgsnio viskas atrod\u0117 \u012fprastai: tvarkingas butas, vyresnio am\u017eiaus \u017emoni\u0173 naudojami daiktai... Ta\u010diau tai, kas buvo rasta \u0161aldytuve, priblo\u0161k\u0117: pa\u010diame \u0161aldymo kameros gale \u2013 Nobelio premijos laureato Akselio Ragnefeldo knygos, sud\u0117tos \u012f plastikin\u012f mai\u0161el\u012f.  Kiekvienoje knygoje ranka \u012fra\u0161yta dedikacija mirusiai moteriai, dauguma puslapi\u0173 perbraukti storu raudonu ra\u0161ikliu... Kas siejo Gerd\u0105 Person ir gars\u0173 ra\u0161ytoj\u0105? Kod\u0117l jis beveik niekada neduodavo interviu ir niekas negal\u0117jo prisiminti n\u0117 vienos jo asmeninio gyvenimo smulkmenos? Tai klausimai, kuriais prasideda paini ir intriguojanti istorija. Raktas \u012f tamsiausias Ragnefeld\u0173 \u0161eimos paslaptis.","og_url":"https:\/\/skaitytaknyga.lt\/en\/produktas\/karin-alvtegen-seselis\/","og_site_name":"Skaitytaknyga","article_publisher":"https:\/\/www.facebook.com\/skaitytaknyga\/","article_modified_time":"2026-03-05T14:00:55+00:00","og_image":[{"width":284,"height":430,"url":"https:\/\/skaitytaknyga.lt\/wp-content\/uploads\/2024\/04\/1462873316_img.jpg","type":"image\/jpeg"}],"twitter_card":"summary_large_image","twitter_misc":{"Estimated reading time":"1 minute"},"schema":{"@context":"https:\/\/schema.org","@graph":[{"@type":"WebPage","@id":"https:\/\/skaitytaknyga.lt\/produktas\/karin-alvtegen-seselis\/","url":"https:\/\/skaitytaknyga.lt\/produktas\/karin-alvtegen-seselis\/","name":"\u0160e\u0161\u0117lis","isPartOf":{"@id":"https:\/\/skaitytaknyga.lt\/#website"},"primaryImageOfPage":{"@id":"https:\/\/skaitytaknyga.lt\/produktas\/karin-alvtegen-seselis\/#primaryimage"},"image":{"@id":"https:\/\/skaitytaknyga.lt\/produktas\/karin-alvtegen-seselis\/#primaryimage"},"thumbnailUrl":"https:\/\/skaitytaknyga.lt\/wp-content\/uploads\/2024\/04\/1462873316_img.jpg","datePublished":"2024-04-17T13:35:25+00:00","dateModified":"2026-03-05T14:00:55+00:00","description":"Gerdos Person k\u016bn\u0105 jos namuose aptiko vieni\u0161ais \u017emon\u0117mis besir\u016bpinan\u010dios nam\u0173 tarnybos darbuotojos. I\u0161 pirmo \u017evilgsnio viskas atrod\u0117 \u012fprastai: tvarkingas butas, vyresnio am\u017eiaus \u017emoni\u0173 naudojami daiktai... Ta\u010diau tai, kas buvo rasta \u0161aldytuve, priblo\u0161k\u0117: pa\u010diame \u0161aldymo kameros gale \u2013 Nobelio premijos laureato Akselio Ragnefeldo knygos, sud\u0117tos \u012f plastikin\u012f mai\u0161el\u012f. Kiekvienoje knygoje ranka \u012fra\u0161yta dedikacija mirusiai moteriai, dauguma puslapi\u0173 perbraukti storu raudonu ra\u0161ikliu... Kas siejo Gerd\u0105 Person ir gars\u0173 ra\u0161ytoj\u0105? Kod\u0117l jis beveik niekada neduodavo interviu ir niekas negal\u0117jo prisiminti n\u0117 vienos jo asmeninio gyvenimo smulkmenos? Tai klausimai, kuriais prasideda paini ir intriguojanti istorija. Raktas \u012f tamsiausias Ragnefeld\u0173 \u0161eimos paslaptis.","breadcrumb":{"@id":"https:\/\/skaitytaknyga.lt\/produktas\/karin-alvtegen-seselis\/#breadcrumb"},"inLanguage":"en-GB","potentialAction":[{"@type":"ReadAction","target":["https:\/\/skaitytaknyga.lt\/produktas\/karin-alvtegen-seselis\/"]}]},{"@type":"ImageObject","inLanguage":"en-GB","@id":"https:\/\/skaitytaknyga.lt\/produktas\/karin-alvtegen-seselis\/#primaryimage","url":"https:\/\/skaitytaknyga.lt\/wp-content\/uploads\/2024\/04\/1462873316_img.jpg","contentUrl":"https:\/\/skaitytaknyga.lt\/wp-content\/uploads\/2024\/04\/1462873316_img.jpg","width":284,"height":430,"caption":"1462873316 img"},{"@type":"BreadcrumbList","@id":"https:\/\/skaitytaknyga.lt\/produktas\/karin-alvtegen-seselis\/#breadcrumb","itemListElement":[{"@type":"ListItem","position":1,"name":"Home","item":"https:\/\/skaitytaknyga.lt\/"},{"@type":"ListItem","position":2,"name":"Parduotuv\u0117","item":"https:\/\/skaitytaknyga.lt\/knygu-parduotuve\/"},{"@type":"ListItem","position":3,"name":"\u0160e\u0161\u0117lis"}]},{"@type":"WebSite","@id":"https:\/\/skaitytaknyga.lt\/#website","url":"https:\/\/skaitytaknyga.lt\/","name":"skaitytaknyga.lt","description":"Skaitytaknyga.lt \u2013 tai ma\u017eas \u0161eimos verslas, kuris prasid\u0117jo nuo meil\u0117s knygoms ir siekio i\u0161gelb\u0117ti knygas nuo likimo prie konteinerio. Kas vienam nereikalingas daiktas \u2013 kitam lobis, o mes esame tarpininkai, kurie padeda abiems tapti laimingesniems ???? \u017dinome kaip nelengva i\u0161gyventi ma\u017eiems verslams, tad nuo \u0161iol, \u010dia rasite ir kit\u0173, ma\u017e\u0173 \u0161eim\u0173 versl\u0173, rank\u0173 darbo, dovan\u0173 sau ir artimiesiems.","publisher":{"@id":"https:\/\/skaitytaknyga.lt\/#organization"},"potentialAction":[{"@type":"SearchAction","target":{"@type":"EntryPoint","urlTemplate":"https:\/\/skaitytaknyga.lt\/?s={search_term_string}"},"query-input":{"@type":"PropertyValueSpecification","valueRequired":true,"valueName":"search_term_string"}}],"inLanguage":"en-GB"},{"@type":"Organization","@id":"https:\/\/skaitytaknyga.lt\/#organization","name":"skaitytaknyga.lt","url":"https:\/\/skaitytaknyga.lt\/","logo":{"@type":"ImageObject","inLanguage":"en-GB","@id":"https:\/\/skaitytaknyga.lt\/#\/schema\/logo\/image\/","url":"https:\/\/skaitytaknyga.lt\/wp-content\/uploads\/2024\/05\/cropped-cropped-cropped-02_00843_jt3bggkj1j3HLc7SyY6rEUpg.jpeg","contentUrl":"https:\/\/skaitytaknyga.lt\/wp-content\/uploads\/2024\/05\/cropped-cropped-cropped-02_00843_jt3bggkj1j3HLc7SyY6rEUpg.jpeg","width":1600,"height":1600,"caption":"skaitytaknyga.lt"},"image":{"@id":"https:\/\/skaitytaknyga.lt\/#\/schema\/logo\/image\/"},"sameAs":["https:\/\/www.facebook.com\/skaitytaknyga\/"]}]}},"_links":{"self":[{"href":"https:\/\/skaitytaknyga.lt\/en\/wp-json\/wp\/v2\/product\/3641","targetHints":{"allow":["GET"]}}],"collection":[{"href":"https:\/\/skaitytaknyga.lt\/en\/wp-json\/wp\/v2\/product"}],"about":[{"href":"https:\/\/skaitytaknyga.lt\/en\/wp-json\/wp\/v2\/types\/product"}],"replies":[{"embeddable":true,"href":"https:\/\/skaitytaknyga.lt\/en\/wp-json\/wp\/v2\/comments?post=3641"}],"wp:featuredmedia":[{"embeddable":true,"href":"https:\/\/skaitytaknyga.lt\/en\/wp-json\/wp\/v2\/media\/3670"}],"wp:attachment":[{"href":"https:\/\/skaitytaknyga.lt\/en\/wp-json\/wp\/v2\/media?parent=3641"}],"wp:term":[{"taxonomy":"product_brand","embeddable":true,"href":"https:\/\/skaitytaknyga.lt\/en\/wp-json\/wp\/v2\/product_brand?post=3641"},{"taxonomy":"product_cat","embeddable":true,"href":"https:\/\/skaitytaknyga.lt\/en\/wp-json\/wp\/v2\/product_cat?post=3641"},{"taxonomy":"product_tag","embeddable":true,"href":"https:\/\/skaitytaknyga.lt\/en\/wp-json\/wp\/v2\/product_tag?post=3641"}],"curies":[{"name":"wp","href":"https:\/\/api.w.org\/{rel}","templated":true}]}}