{"id":3576,"date":"2024-04-17T13:33:45","date_gmt":"2024-04-17T13:33:45","guid":{"rendered":"https:\/\/skaitytaknyga.lt\/?post_type=product&#038;p=3576"},"modified":"2025-05-24T20:00:34","modified_gmt":"2025-05-24T17:00:34","slug":"1001-pastatas-kuri-privalai-pamatyti-per-savo-gyvenima","status":"publish","type":"product","link":"https:\/\/skaitytaknyga.lt\/en\/produktas\/1001-pastatas-kuri-privalai-pamatyti-per-savo-gyvenima\/","title":{"rendered":"1001 pastatas, kur\u012f privalai pamatyti per savo gyvenim\u0105"},"content":{"rendered":"<p>Kas pastat\u0105 padaro i\u0161skirtin\u012f? Meistri\u0161kumas, tvirtumas, grak\u0161tumas ir energija atlieka pagrindinius vaidmenis, bet nuostabiausi pasaulio pastatai yra tie, kurie skiriasi nuo t\u0173, kurie buvo, ir t\u0173, kurie bus. \u0160i knyga yra \u012fkvepiantis vaizdinys viso pasaulio architekt\u0173, in\u017einieri\u0173 ir statytoj\u0173 k\u016brybini\u0173 sugeb\u0117jim\u0173 liudijimas.<\/p>\n","protected":false},"excerpt":{"rendered":"<p>Kas pastat\u0105 padaro i\u0161skirtin\u012f? Meistri\u0161kumas, tvirtumas, grak\u0161tumas ir energija atlieka pagrindinius vaidmenis, bet nuostabiausi pasaulio pastatai yra tie, kurie skiriasi nuo t\u0173, kurie buvo, ir t\u0173, kurie bus. \u0160i knyga yra \u012fkvepiantis vaizdinys viso pasaulio architekt\u0173, in\u017einieri\u0173 ir statytoj\u0173 k\u016brybini\u0173 sugeb\u0117jim\u0173 liudijimas.<\/p>\n","protected":false},"featured_media":3623,"comment_status":"closed","ping_status":"closed","template":"","meta":{"_acf_changed":false,"site-sidebar-layout":"default","site-content-layout":"","ast-site-content-layout":"default","site-content-style":"default","site-sidebar-style":"default","ast-global-header-display":"","ast-banner-title-visibility":"","ast-main-header-display":"","ast-hfb-above-header-display":"","ast-hfb-below-header-display":"","ast-hfb-mobile-header-display":"","site-post-title":"","ast-breadcrumbs-content":"","ast-featured-img":"","footer-sml-layout":"","ast-disable-related-posts":"","theme-transparent-header-meta":"","adv-header-id-meta":"","stick-header-meta":"","header-above-stick-meta":"","header-main-stick-meta":"","header-below-stick-meta":"","astra-migrate-meta-layouts":"default","ast-page-background-enabled":"default","ast-page-background-meta":{"desktop":{"background-color":"","background-image":"","background-repeat":"repeat","background-position":"center center","background-size":"auto","background-attachment":"scroll","background-type":"","background-media":"","overlay-type":"","overlay-color":"","overlay-opacity":"","overlay-gradient":""},"tablet":{"background-color":"","background-image":"","background-repeat":"repeat","background-position":"center center","background-size":"auto","background-attachment":"scroll","background-type":"","background-media":"","overlay-type":"","overlay-color":"","overlay-opacity":"","overlay-gradient":""},"mobile":{"background-color":"","background-image":"","background-repeat":"repeat","background-position":"center center","background-size":"auto","background-attachment":"scroll","background-type":"","background-media":"","overlay-type":"","overlay-color":"","overlay-opacity":"","overlay-gradient":""}},"ast-content-background-meta":{"desktop":{"background-color":"var(--ast-global-color-4)","background-image":"","background-repeat":"repeat","background-position":"center center","background-size":"auto","background-attachment":"scroll","background-type":"","background-media":"","overlay-type":"","overlay-color":"","overlay-opacity":"","overlay-gradient":""},"tablet":{"background-color":"var(--ast-global-color-4)","background-image":"","background-repeat":"repeat","background-position":"center center","background-size":"auto","background-attachment":"scroll","background-type":"","background-media":"","overlay-type":"","overlay-color":"","overlay-opacity":"","overlay-gradient":""},"mobile":{"background-color":"var(--ast-global-color-4)","background-image":"","background-repeat":"repeat","background-position":"center center","background-size":"auto","background-attachment":"scroll","background-type":"","background-media":"","overlay-type":"","overlay-color":"","overlay-opacity":"","overlay-gradient":""}}},"product_brand":[],"product_cat":[15],"product_tag":[3410,1445,4209,4208],"class_list":{"0":"post-3576","1":"product","2":"type-product","3":"status-publish","4":"has-post-thumbnail","6":"product_cat-uncategorized","7":"product_tag-architektura","8":"product_tag-keliones","9":"product_tag-meno-leidiniai","10":"product_tag-pasaulio-pastatai","11":"desktop-align-left","12":"tablet-align-left","13":"mobile-align-left","15":"first","16":"outofstock","17":"shipping-taxable","18":"purchasable","19":"product-type-simple"},"acf":[],"yoast_head":"<!-- This site is optimized with the Yoast SEO plugin v27.0 - https:\/\/yoast.com\/product\/yoast-seo-wordpress\/ -->\n<title>1001 pastatas, kur\u012f privalai pamatyti per savo gyvenim\u0105<\/title>\n<meta name=\"description\" content=\"Kas pastat\u0105 padaro i\u0161skirtin\u012f? Meistri\u0161kumas, tvirtumas, grak\u0161tumas ir energija atlieka pagrindinius vaidmenis, bet nuostabiausi pasaulio pastatai yra tie, kurie skiriasi nuo t\u0173, kurie buvo, ir t\u0173, kurie bus. \u0160i knyga yra \u012fkvepiantis vaizdinys viso pasaulio architekt\u0173, in\u017einieri\u0173 ir statytoj\u0173 k\u016brybini\u0173 sugeb\u0117jim\u0173 liudijimas.\" \/>\n<meta name=\"robots\" content=\"index, follow, max-snippet:-1, max-image-preview:large, max-video-preview:-1\" \/>\n<link rel=\"canonical\" href=\"https:\/\/skaitytaknyga.lt\/en\/produktas\/1001-pastatas-kuri-privalai-pamatyti-per-savo-gyvenima\/\" \/>\n<meta property=\"og:locale\" content=\"en_GB\" \/>\n<meta property=\"og:locale:alternate\" content=\"lt_LT\" \/>\n<meta property=\"og:type\" content=\"article\" \/>\n<meta property=\"og:title\" content=\"1001 pastatas, kur\u012f privalai pamatyti per savo gyvenim\u0105\" \/>\n<meta property=\"og:description\" content=\"Kas pastat\u0105 padaro i\u0161skirtin\u012f? Meistri\u0161kumas, tvirtumas, grak\u0161tumas ir energija atlieka pagrindinius vaidmenis, bet nuostabiausi pasaulio pastatai yra tie, kurie skiriasi nuo t\u0173, kurie buvo, ir t\u0173, kurie bus. \u0160i knyga yra \u012fkvepiantis vaizdinys viso pasaulio architekt\u0173, in\u017einieri\u0173 ir statytoj\u0173 k\u016brybini\u0173 sugeb\u0117jim\u0173 liudijimas.\" \/>\n<meta property=\"og:url\" content=\"https:\/\/skaitytaknyga.lt\/en\/produktas\/1001-pastatas-kuri-privalai-pamatyti-per-savo-gyvenima\/\" \/>\n<meta property=\"og:site_name\" content=\"Skaitytaknyga\" \/>\n<meta property=\"article:publisher\" content=\"https:\/\/www.facebook.com\/skaitytaknyga\/\" \/>\n<meta property=\"article:modified_time\" content=\"2025-05-24T17:00:34+00:00\" \/>\n<meta property=\"og:image\" content=\"https:\/\/skaitytaknyga.lt\/wp-content\/uploads\/2024\/04\/1462874080_1001-pastatas.jpg\" \/>\n\t<meta property=\"og:image:width\" content=\"320\" \/>\n\t<meta property=\"og:image:height\" content=\"428\" \/>\n\t<meta property=\"og:image:type\" content=\"image\/jpeg\" \/>\n<meta name=\"twitter:card\" content=\"summary_large_image\" \/>\n<script type=\"application\/ld+json\" class=\"yoast-schema-graph\">{\"@context\":\"https:\/\/schema.org\",\"@graph\":[{\"@type\":\"WebPage\",\"@id\":\"https:\/\/skaitytaknyga.lt\/produktas\/1001-pastatas-kuri-privalai-pamatyti-per-savo-gyvenima\/\",\"url\":\"https:\/\/skaitytaknyga.lt\/produktas\/1001-pastatas-kuri-privalai-pamatyti-per-savo-gyvenima\/\",\"name\":\"1001 pastatas, kur\u012f privalai pamatyti per savo gyvenim\u0105\",\"isPartOf\":{\"@id\":\"https:\/\/skaitytaknyga.lt\/#website\"},\"primaryImageOfPage\":{\"@id\":\"https:\/\/skaitytaknyga.lt\/produktas\/1001-pastatas-kuri-privalai-pamatyti-per-savo-gyvenima\/#primaryimage\"},\"image\":{\"@id\":\"https:\/\/skaitytaknyga.lt\/produktas\/1001-pastatas-kuri-privalai-pamatyti-per-savo-gyvenima\/#primaryimage\"},\"thumbnailUrl\":\"https:\/\/skaitytaknyga.lt\/wp-content\/uploads\/2024\/04\/1462874080_1001-pastatas.jpg\",\"datePublished\":\"2024-04-17T13:33:45+00:00\",\"dateModified\":\"2025-05-24T17:00:34+00:00\",\"description\":\"Kas pastat\u0105 padaro i\u0161skirtin\u012f? Meistri\u0161kumas, tvirtumas, grak\u0161tumas ir energija atlieka pagrindinius vaidmenis, bet nuostabiausi pasaulio pastatai yra tie, kurie skiriasi nuo t\u0173, kurie buvo, ir t\u0173, kurie bus. \u0160i knyga yra \u012fkvepiantis vaizdinys viso pasaulio architekt\u0173, in\u017einieri\u0173 ir statytoj\u0173 k\u016brybini\u0173 sugeb\u0117jim\u0173 liudijimas.\",\"breadcrumb\":{\"@id\":\"https:\/\/skaitytaknyga.lt\/produktas\/1001-pastatas-kuri-privalai-pamatyti-per-savo-gyvenima\/#breadcrumb\"},\"inLanguage\":\"en-GB\",\"potentialAction\":[{\"@type\":\"ReadAction\",\"target\":[\"https:\/\/skaitytaknyga.lt\/produktas\/1001-pastatas-kuri-privalai-pamatyti-per-savo-gyvenima\/\"]}]},{\"@type\":\"ImageObject\",\"inLanguage\":\"en-GB\",\"@id\":\"https:\/\/skaitytaknyga.lt\/produktas\/1001-pastatas-kuri-privalai-pamatyti-per-savo-gyvenima\/#primaryimage\",\"url\":\"https:\/\/skaitytaknyga.lt\/wp-content\/uploads\/2024\/04\/1462874080_1001-pastatas.jpg\",\"contentUrl\":\"https:\/\/skaitytaknyga.lt\/wp-content\/uploads\/2024\/04\/1462874080_1001-pastatas.jpg\",\"width\":320,\"height\":428,\"caption\":\"1462874080 1001 pastatas\"},{\"@type\":\"BreadcrumbList\",\"@id\":\"https:\/\/skaitytaknyga.lt\/produktas\/1001-pastatas-kuri-privalai-pamatyti-per-savo-gyvenima\/#breadcrumb\",\"itemListElement\":[{\"@type\":\"ListItem\",\"position\":1,\"name\":\"Home\",\"item\":\"https:\/\/skaitytaknyga.lt\/\"},{\"@type\":\"ListItem\",\"position\":2,\"name\":\"Parduotuv\u0117\",\"item\":\"https:\/\/skaitytaknyga.lt\/knygu-parduotuve\/\"},{\"@type\":\"ListItem\",\"position\":3,\"name\":\"1001 pastatas, kur\u012f privalai pamatyti per savo gyvenim\u0105\"}]},{\"@type\":\"WebSite\",\"@id\":\"https:\/\/skaitytaknyga.lt\/#website\",\"url\":\"https:\/\/skaitytaknyga.lt\/\",\"name\":\"skaitytaknyga.lt\",\"description\":\"Skaitytaknyga.lt \u2013 tai ma\u017eas \u0161eimos verslas, kuris prasid\u0117jo nuo meil\u0117s knygoms ir siekio i\u0161gelb\u0117ti knygas nuo likimo prie konteinerio. Kas vienam nereikalingas daiktas \u2013 kitam lobis, o mes esame tarpininkai, kurie padeda abiems tapti laimingesniems ???? \u017dinome kaip nelengva i\u0161gyventi ma\u017eiems verslams, tad nuo \u0161iol, \u010dia rasite ir kit\u0173, ma\u017e\u0173 \u0161eim\u0173 versl\u0173, rank\u0173 darbo, dovan\u0173 sau ir artimiesiems.\",\"publisher\":{\"@id\":\"https:\/\/skaitytaknyga.lt\/#organization\"},\"potentialAction\":[{\"@type\":\"SearchAction\",\"target\":{\"@type\":\"EntryPoint\",\"urlTemplate\":\"https:\/\/skaitytaknyga.lt\/?s={search_term_string}\"},\"query-input\":{\"@type\":\"PropertyValueSpecification\",\"valueRequired\":true,\"valueName\":\"search_term_string\"}}],\"inLanguage\":\"en-GB\"},{\"@type\":\"Organization\",\"@id\":\"https:\/\/skaitytaknyga.lt\/#organization\",\"name\":\"skaitytaknyga.lt\",\"url\":\"https:\/\/skaitytaknyga.lt\/\",\"logo\":{\"@type\":\"ImageObject\",\"inLanguage\":\"en-GB\",\"@id\":\"https:\/\/skaitytaknyga.lt\/#\/schema\/logo\/image\/\",\"url\":\"https:\/\/skaitytaknyga.lt\/wp-content\/uploads\/2024\/05\/cropped-cropped-cropped-02_00843_jt3bggkj1j3HLc7SyY6rEUpg.jpeg\",\"contentUrl\":\"https:\/\/skaitytaknyga.lt\/wp-content\/uploads\/2024\/05\/cropped-cropped-cropped-02_00843_jt3bggkj1j3HLc7SyY6rEUpg.jpeg\",\"width\":1600,\"height\":1600,\"caption\":\"skaitytaknyga.lt\"},\"image\":{\"@id\":\"https:\/\/skaitytaknyga.lt\/#\/schema\/logo\/image\/\"},\"sameAs\":[\"https:\/\/www.facebook.com\/skaitytaknyga\/\"]}]}<\/script>\n<!-- \/ Yoast SEO plugin. -->","yoast_head_json":{"title":"1001 pastatas, kur\u012f privalai pamatyti per savo gyvenim\u0105","description":"Kas pastat\u0105 padaro i\u0161skirtin\u012f? Meistri\u0161kumas, tvirtumas, grak\u0161tumas ir energija atlieka pagrindinius vaidmenis, bet nuostabiausi pasaulio pastatai yra tie, kurie skiriasi nuo t\u0173, kurie buvo, ir t\u0173, kurie bus. \u0160i knyga yra \u012fkvepiantis vaizdinys viso pasaulio architekt\u0173, in\u017einieri\u0173 ir statytoj\u0173 k\u016brybini\u0173 sugeb\u0117jim\u0173 liudijimas.","robots":{"index":"index","follow":"follow","max-snippet":"max-snippet:-1","max-image-preview":"max-image-preview:large","max-video-preview":"max-video-preview:-1"},"canonical":"https:\/\/skaitytaknyga.lt\/en\/produktas\/1001-pastatas-kuri-privalai-pamatyti-per-savo-gyvenima\/","og_locale":"en_GB","og_type":"article","og_title":"[:lt]1001 pastatas, kur\u012f privalai pamatyti per savo gyvenim\u0105[:] - Skaitytaknyga","og_description":"Kas pastat\u0105 padaro i\u0161skirtin\u012f? Meistri\u0161kumas, tvirtumas, grak\u0161tumas ir energija atlieka pagrindinius vaidmenis, bet nuostabiausi pasaulio pastatai yra tie, kurie skiriasi nuo t\u0173, kurie buvo, ir t\u0173, kurie bus. \u0160i knyga yra \u012fkvepiantis vaizdinys viso pasaulio architekt\u0173, in\u017einieri\u0173 ir statytoj\u0173 k\u016brybini\u0173 sugeb\u0117jim\u0173 liudijimas.","og_url":"https:\/\/skaitytaknyga.lt\/en\/produktas\/1001-pastatas-kuri-privalai-pamatyti-per-savo-gyvenima\/","og_site_name":"Skaitytaknyga","article_publisher":"https:\/\/www.facebook.com\/skaitytaknyga\/","article_modified_time":"2025-05-24T17:00:34+00:00","og_image":[{"width":320,"height":428,"url":"https:\/\/skaitytaknyga.lt\/wp-content\/uploads\/2024\/04\/1462874080_1001-pastatas.jpg","type":"image\/jpeg"}],"twitter_card":"summary_large_image","schema":{"@context":"https:\/\/schema.org","@graph":[{"@type":"WebPage","@id":"https:\/\/skaitytaknyga.lt\/produktas\/1001-pastatas-kuri-privalai-pamatyti-per-savo-gyvenima\/","url":"https:\/\/skaitytaknyga.lt\/produktas\/1001-pastatas-kuri-privalai-pamatyti-per-savo-gyvenima\/","name":"1001 pastatas, kur\u012f privalai pamatyti per savo gyvenim\u0105","isPartOf":{"@id":"https:\/\/skaitytaknyga.lt\/#website"},"primaryImageOfPage":{"@id":"https:\/\/skaitytaknyga.lt\/produktas\/1001-pastatas-kuri-privalai-pamatyti-per-savo-gyvenima\/#primaryimage"},"image":{"@id":"https:\/\/skaitytaknyga.lt\/produktas\/1001-pastatas-kuri-privalai-pamatyti-per-savo-gyvenima\/#primaryimage"},"thumbnailUrl":"https:\/\/skaitytaknyga.lt\/wp-content\/uploads\/2024\/04\/1462874080_1001-pastatas.jpg","datePublished":"2024-04-17T13:33:45+00:00","dateModified":"2025-05-24T17:00:34+00:00","description":"Kas pastat\u0105 padaro i\u0161skirtin\u012f? Meistri\u0161kumas, tvirtumas, grak\u0161tumas ir energija atlieka pagrindinius vaidmenis, bet nuostabiausi pasaulio pastatai yra tie, kurie skiriasi nuo t\u0173, kurie buvo, ir t\u0173, kurie bus. \u0160i knyga yra \u012fkvepiantis vaizdinys viso pasaulio architekt\u0173, in\u017einieri\u0173 ir statytoj\u0173 k\u016brybini\u0173 sugeb\u0117jim\u0173 liudijimas.","breadcrumb":{"@id":"https:\/\/skaitytaknyga.lt\/produktas\/1001-pastatas-kuri-privalai-pamatyti-per-savo-gyvenima\/#breadcrumb"},"inLanguage":"en-GB","potentialAction":[{"@type":"ReadAction","target":["https:\/\/skaitytaknyga.lt\/produktas\/1001-pastatas-kuri-privalai-pamatyti-per-savo-gyvenima\/"]}]},{"@type":"ImageObject","inLanguage":"en-GB","@id":"https:\/\/skaitytaknyga.lt\/produktas\/1001-pastatas-kuri-privalai-pamatyti-per-savo-gyvenima\/#primaryimage","url":"https:\/\/skaitytaknyga.lt\/wp-content\/uploads\/2024\/04\/1462874080_1001-pastatas.jpg","contentUrl":"https:\/\/skaitytaknyga.lt\/wp-content\/uploads\/2024\/04\/1462874080_1001-pastatas.jpg","width":320,"height":428,"caption":"1462874080 1001 pastatas"},{"@type":"BreadcrumbList","@id":"https:\/\/skaitytaknyga.lt\/produktas\/1001-pastatas-kuri-privalai-pamatyti-per-savo-gyvenima\/#breadcrumb","itemListElement":[{"@type":"ListItem","position":1,"name":"Home","item":"https:\/\/skaitytaknyga.lt\/"},{"@type":"ListItem","position":2,"name":"Parduotuv\u0117","item":"https:\/\/skaitytaknyga.lt\/knygu-parduotuve\/"},{"@type":"ListItem","position":3,"name":"1001 pastatas, kur\u012f privalai pamatyti per savo gyvenim\u0105"}]},{"@type":"WebSite","@id":"https:\/\/skaitytaknyga.lt\/#website","url":"https:\/\/skaitytaknyga.lt\/","name":"skaitytaknyga.lt","description":"Skaitytaknyga.lt \u2013 tai ma\u017eas \u0161eimos verslas, kuris prasid\u0117jo nuo meil\u0117s knygoms ir siekio i\u0161gelb\u0117ti knygas nuo likimo prie konteinerio. Kas vienam nereikalingas daiktas \u2013 kitam lobis, o mes esame tarpininkai, kurie padeda abiems tapti laimingesniems ???? \u017dinome kaip nelengva i\u0161gyventi ma\u017eiems verslams, tad nuo \u0161iol, \u010dia rasite ir kit\u0173, ma\u017e\u0173 \u0161eim\u0173 versl\u0173, rank\u0173 darbo, dovan\u0173 sau ir artimiesiems.","publisher":{"@id":"https:\/\/skaitytaknyga.lt\/#organization"},"potentialAction":[{"@type":"SearchAction","target":{"@type":"EntryPoint","urlTemplate":"https:\/\/skaitytaknyga.lt\/?s={search_term_string}"},"query-input":{"@type":"PropertyValueSpecification","valueRequired":true,"valueName":"search_term_string"}}],"inLanguage":"en-GB"},{"@type":"Organization","@id":"https:\/\/skaitytaknyga.lt\/#organization","name":"skaitytaknyga.lt","url":"https:\/\/skaitytaknyga.lt\/","logo":{"@type":"ImageObject","inLanguage":"en-GB","@id":"https:\/\/skaitytaknyga.lt\/#\/schema\/logo\/image\/","url":"https:\/\/skaitytaknyga.lt\/wp-content\/uploads\/2024\/05\/cropped-cropped-cropped-02_00843_jt3bggkj1j3HLc7SyY6rEUpg.jpeg","contentUrl":"https:\/\/skaitytaknyga.lt\/wp-content\/uploads\/2024\/05\/cropped-cropped-cropped-02_00843_jt3bggkj1j3HLc7SyY6rEUpg.jpeg","width":1600,"height":1600,"caption":"skaitytaknyga.lt"},"image":{"@id":"https:\/\/skaitytaknyga.lt\/#\/schema\/logo\/image\/"},"sameAs":["https:\/\/www.facebook.com\/skaitytaknyga\/"]}]}},"_links":{"self":[{"href":"https:\/\/skaitytaknyga.lt\/en\/wp-json\/wp\/v2\/product\/3576","targetHints":{"allow":["GET"]}}],"collection":[{"href":"https:\/\/skaitytaknyga.lt\/en\/wp-json\/wp\/v2\/product"}],"about":[{"href":"https:\/\/skaitytaknyga.lt\/en\/wp-json\/wp\/v2\/types\/product"}],"replies":[{"embeddable":true,"href":"https:\/\/skaitytaknyga.lt\/en\/wp-json\/wp\/v2\/comments?post=3576"}],"wp:featuredmedia":[{"embeddable":true,"href":"https:\/\/skaitytaknyga.lt\/en\/wp-json\/wp\/v2\/media\/3623"}],"wp:attachment":[{"href":"https:\/\/skaitytaknyga.lt\/en\/wp-json\/wp\/v2\/media?parent=3576"}],"wp:term":[{"taxonomy":"product_brand","embeddable":true,"href":"https:\/\/skaitytaknyga.lt\/en\/wp-json\/wp\/v2\/product_brand?post=3576"},{"taxonomy":"product_cat","embeddable":true,"href":"https:\/\/skaitytaknyga.lt\/en\/wp-json\/wp\/v2\/product_cat?post=3576"},{"taxonomy":"product_tag","embeddable":true,"href":"https:\/\/skaitytaknyga.lt\/en\/wp-json\/wp\/v2\/product_tag?post=3576"}],"curies":[{"name":"wp","href":"https:\/\/api.w.org\/{rel}","templated":true}]}}