{"id":3570,"date":"2024-04-17T13:33:45","date_gmt":"2024-04-17T13:33:45","guid":{"rendered":"https:\/\/skaitytaknyga.lt\/?post_type=product&#038;p=3570"},"modified":"2024-05-03T07:20:22","modified_gmt":"2024-05-03T07:20:22","slug":"libertas-klimka-saules-laikrodziai-lietuvoje","status":"publish","type":"product","link":"https:\/\/skaitytaknyga.lt\/en\/produktas\/libertas-klimka-saules-laikrodziai-lietuvoje\/","title":{"rendered":"Libertas Klimka \u201eSaul\u0117s laikrod\u017eiai Lietuvoje\u201c"},"content":{"rendered":"<p>Autorius pateikia daug \u012fdomios med\u017eiagos apie istorin\u0119 saul\u0117s laikrod\u017ei\u0173 raid\u0105, apra\u0161o gnomonikos istorij\u0105 Vilniaus universitete ir m\u016bs\u0173 kra\u0161te i\u0161likusius senovinius saul\u0117s laikrod\u017eius. Leidinyje detaliai apra\u0161omas sud\u0117tingas Nidos saul\u0117s laikrodis, pateikiami ir b\u016bdai, kaip pa\u010diam pasigaminti saul\u0117s laikrod\u012f.<\/p>\n","protected":false},"excerpt":{"rendered":"<p>Autorius pateikia daug \u012fdomios med\u017eiagos apie istorin\u0119 saul\u0117s laikrod\u017ei\u0173 raid\u0105, apra\u0161o gnomonikos istorij\u0105 Vilniaus universitete ir m\u016bs\u0173 kra\u0161te i\u0161likusius senovinius saul\u0117s laikrod\u017eius. Leidinyje detaliai apra\u0161omas sud\u0117tingas Nidos saul\u0117s laikrodis, pateikiami ir b\u016bdai, kaip pa\u010diam pasigaminti saul\u0117s laikrod\u012f.<\/p>\n","protected":false},"featured_media":3617,"comment_status":"closed","ping_status":"closed","template":"","meta":{"_acf_changed":false,"site-sidebar-layout":"default","site-content-layout":"","ast-site-content-layout":"default","site-content-style":"default","site-sidebar-style":"default","ast-global-header-display":"","ast-banner-title-visibility":"","ast-main-header-display":"","ast-hfb-above-header-display":"","ast-hfb-below-header-display":"","ast-hfb-mobile-header-display":"","site-post-title":"","ast-breadcrumbs-content":"","ast-featured-img":"","footer-sml-layout":"","ast-disable-related-posts":"","theme-transparent-header-meta":"","adv-header-id-meta":"","stick-header-meta":"","header-above-stick-meta":"","header-main-stick-meta":"","header-below-stick-meta":"","astra-migrate-meta-layouts":"default","ast-page-background-enabled":"default","ast-page-background-meta":{"desktop":{"background-color":"","background-image":"","background-repeat":"repeat","background-position":"center center","background-size":"auto","background-attachment":"scroll","background-type":"","background-media":"","overlay-type":"","overlay-color":"","overlay-opacity":"","overlay-gradient":""},"tablet":{"background-color":"","background-image":"","background-repeat":"repeat","background-position":"center center","background-size":"auto","background-attachment":"scroll","background-type":"","background-media":"","overlay-type":"","overlay-color":"","overlay-opacity":"","overlay-gradient":""},"mobile":{"background-color":"","background-image":"","background-repeat":"repeat","background-position":"center center","background-size":"auto","background-attachment":"scroll","background-type":"","background-media":"","overlay-type":"","overlay-color":"","overlay-opacity":"","overlay-gradient":""}},"ast-content-background-meta":{"desktop":{"background-color":"var(--ast-global-color-4)","background-image":"","background-repeat":"repeat","background-position":"center center","background-size":"auto","background-attachment":"scroll","background-type":"","background-media":"","overlay-type":"","overlay-color":"","overlay-opacity":"","overlay-gradient":""},"tablet":{"background-color":"var(--ast-global-color-4)","background-image":"","background-repeat":"repeat","background-position":"center center","background-size":"auto","background-attachment":"scroll","background-type":"","background-media":"","overlay-type":"","overlay-color":"","overlay-opacity":"","overlay-gradient":""},"mobile":{"background-color":"var(--ast-global-color-4)","background-image":"","background-repeat":"repeat","background-position":"center center","background-size":"auto","background-attachment":"scroll","background-type":"","background-media":"","overlay-type":"","overlay-color":"","overlay-opacity":"","overlay-gradient":""}}},"product_brand":[],"product_cat":[174],"product_tag":[],"class_list":{"0":"post-3570","1":"product","2":"type-product","3":"status-publish","4":"has-post-thumbnail","6":"product_cat-istorija-ir-politologija","7":"desktop-align-left","8":"tablet-align-left","9":"mobile-align-left","11":"first","12":"outofstock","13":"shipping-taxable","14":"purchasable","15":"product-type-simple"},"acf":[],"yoast_head":"<!-- This site is optimized with the Yoast SEO plugin v27.0 - https:\/\/yoast.com\/product\/yoast-seo-wordpress\/ -->\n<title>Libertas Klimka \u201eSaul\u0117s laikrod\u017eiai Lietuvoje\u201c - Skaitytaknyga<\/title>\n<meta name=\"description\" content=\"Autorius pateikia daug \u012fdomios med\u017eiagos apie istorin\u0119 saul\u0117s laikrod\u017ei\u0173 raid\u0105, apra\u0161o gnomonikos istorij\u0105 Vilniaus universitete ir m\u016bs\u0173 kra\u0161te i\u0161likusius senovinius saul\u0117s laikrod\u017eius. Leidinyje detaliai apra\u0161omas sud\u0117tingas Nidos saul\u0117s laikrodis, pateikiami ir b\u016bdai, kaip pa\u010diam pasigaminti saul\u0117s laikrod\u012f.\" \/>\n<meta name=\"robots\" content=\"index, follow, max-snippet:-1, max-image-preview:large, max-video-preview:-1\" \/>\n<link rel=\"canonical\" href=\"https:\/\/skaitytaknyga.lt\/en\/produktas\/libertas-klimka-saules-laikrodziai-lietuvoje\/\" \/>\n<meta property=\"og:locale\" content=\"en_GB\" \/>\n<meta property=\"og:locale:alternate\" content=\"lt_LT\" \/>\n<meta property=\"og:type\" content=\"article\" \/>\n<meta property=\"og:title\" content=\"Libertas Klimka \u201eSaul\u0117s laikrod\u017eiai Lietuvoje\u201c - Skaitytaknyga\" \/>\n<meta property=\"og:description\" content=\"Autorius pateikia daug \u012fdomios med\u017eiagos apie istorin\u0119 saul\u0117s laikrod\u017ei\u0173 raid\u0105, apra\u0161o gnomonikos istorij\u0105 Vilniaus universitete ir m\u016bs\u0173 kra\u0161te i\u0161likusius senovinius saul\u0117s laikrod\u017eius. Leidinyje detaliai apra\u0161omas sud\u0117tingas Nidos saul\u0117s laikrodis, pateikiami ir b\u016bdai, kaip pa\u010diam pasigaminti saul\u0117s laikrod\u012f.\" \/>\n<meta property=\"og:url\" content=\"https:\/\/skaitytaknyga.lt\/en\/produktas\/libertas-klimka-saules-laikrodziai-lietuvoje\/\" \/>\n<meta property=\"og:site_name\" content=\"Skaitytaknyga\" \/>\n<meta property=\"article:publisher\" content=\"https:\/\/www.facebook.com\/skaitytaknyga\/\" \/>\n<meta property=\"article:modified_time\" content=\"2024-05-03T07:20:22+00:00\" \/>\n<meta property=\"og:image\" content=\"https:\/\/skaitytaknyga.lt\/wp-content\/uploads\/2024\/04\/saules-laikrodziai-lietuvoje.jpg\" \/>\n\t<meta property=\"og:image:width\" content=\"305\" \/>\n\t<meta property=\"og:image:height\" content=\"450\" \/>\n\t<meta property=\"og:image:type\" content=\"image\/jpeg\" \/>\n<meta name=\"twitter:card\" content=\"summary_large_image\" \/>\n<script type=\"application\/ld+json\" class=\"yoast-schema-graph\">{\"@context\":\"https:\/\/schema.org\",\"@graph\":[{\"@type\":\"WebPage\",\"@id\":\"https:\/\/skaitytaknyga.lt\/produktas\/libertas-klimka-saules-laikrodziai-lietuvoje\/\",\"url\":\"https:\/\/skaitytaknyga.lt\/produktas\/libertas-klimka-saules-laikrodziai-lietuvoje\/\",\"name\":\"Libertas Klimka \u201eSaul\u0117s laikrod\u017eiai Lietuvoje\u201c - Skaitytaknyga\",\"isPartOf\":{\"@id\":\"https:\/\/skaitytaknyga.lt\/#website\"},\"primaryImageOfPage\":{\"@id\":\"https:\/\/skaitytaknyga.lt\/produktas\/libertas-klimka-saules-laikrodziai-lietuvoje\/#primaryimage\"},\"image\":{\"@id\":\"https:\/\/skaitytaknyga.lt\/produktas\/libertas-klimka-saules-laikrodziai-lietuvoje\/#primaryimage\"},\"thumbnailUrl\":\"https:\/\/skaitytaknyga.lt\/wp-content\/uploads\/2024\/04\/saules-laikrodziai-lietuvoje.jpg\",\"datePublished\":\"2024-04-17T13:33:45+00:00\",\"dateModified\":\"2024-05-03T07:20:22+00:00\",\"description\":\"Autorius pateikia daug \u012fdomios med\u017eiagos apie istorin\u0119 saul\u0117s laikrod\u017ei\u0173 raid\u0105, apra\u0161o gnomonikos istorij\u0105 Vilniaus universitete ir m\u016bs\u0173 kra\u0161te i\u0161likusius senovinius saul\u0117s laikrod\u017eius. Leidinyje detaliai apra\u0161omas sud\u0117tingas Nidos saul\u0117s laikrodis, pateikiami ir b\u016bdai, kaip pa\u010diam pasigaminti saul\u0117s laikrod\u012f.\",\"breadcrumb\":{\"@id\":\"https:\/\/skaitytaknyga.lt\/produktas\/libertas-klimka-saules-laikrodziai-lietuvoje\/#breadcrumb\"},\"inLanguage\":\"en-GB\",\"potentialAction\":[{\"@type\":\"ReadAction\",\"target\":[\"https:\/\/skaitytaknyga.lt\/produktas\/libertas-klimka-saules-laikrodziai-lietuvoje\/\"]}]},{\"@type\":\"ImageObject\",\"inLanguage\":\"en-GB\",\"@id\":\"https:\/\/skaitytaknyga.lt\/produktas\/libertas-klimka-saules-laikrodziai-lietuvoje\/#primaryimage\",\"url\":\"https:\/\/skaitytaknyga.lt\/wp-content\/uploads\/2024\/04\/saules-laikrodziai-lietuvoje.jpg\",\"contentUrl\":\"https:\/\/skaitytaknyga.lt\/wp-content\/uploads\/2024\/04\/saules-laikrodziai-lietuvoje.jpg\",\"width\":305,\"height\":450,\"caption\":\"saules laikrodziai lietuvoje\"},{\"@type\":\"BreadcrumbList\",\"@id\":\"https:\/\/skaitytaknyga.lt\/produktas\/libertas-klimka-saules-laikrodziai-lietuvoje\/#breadcrumb\",\"itemListElement\":[{\"@type\":\"ListItem\",\"position\":1,\"name\":\"Home\",\"item\":\"https:\/\/skaitytaknyga.lt\/\"},{\"@type\":\"ListItem\",\"position\":2,\"name\":\"Parduotuv\u0117\",\"item\":\"https:\/\/skaitytaknyga.lt\/knygu-parduotuve\/\"},{\"@type\":\"ListItem\",\"position\":3,\"name\":\"Libertas Klimka \u201eSaul\u0117s laikrod\u017eiai Lietuvoje\u201c\"}]},{\"@type\":\"WebSite\",\"@id\":\"https:\/\/skaitytaknyga.lt\/#website\",\"url\":\"https:\/\/skaitytaknyga.lt\/\",\"name\":\"skaitytaknyga.lt\",\"description\":\"Skaitytaknyga.lt \u2013 tai ma\u017eas \u0161eimos verslas, kuris prasid\u0117jo nuo meil\u0117s knygoms ir siekio i\u0161gelb\u0117ti knygas nuo likimo prie konteinerio. Kas vienam nereikalingas daiktas \u2013 kitam lobis, o mes esame tarpininkai, kurie padeda abiems tapti laimingesniems ???? \u017dinome kaip nelengva i\u0161gyventi ma\u017eiems verslams, tad nuo \u0161iol, \u010dia rasite ir kit\u0173, ma\u017e\u0173 \u0161eim\u0173 versl\u0173, rank\u0173 darbo, dovan\u0173 sau ir artimiesiems.\",\"publisher\":{\"@id\":\"https:\/\/skaitytaknyga.lt\/#organization\"},\"potentialAction\":[{\"@type\":\"SearchAction\",\"target\":{\"@type\":\"EntryPoint\",\"urlTemplate\":\"https:\/\/skaitytaknyga.lt\/?s={search_term_string}\"},\"query-input\":{\"@type\":\"PropertyValueSpecification\",\"valueRequired\":true,\"valueName\":\"search_term_string\"}}],\"inLanguage\":\"en-GB\"},{\"@type\":\"Organization\",\"@id\":\"https:\/\/skaitytaknyga.lt\/#organization\",\"name\":\"skaitytaknyga.lt\",\"url\":\"https:\/\/skaitytaknyga.lt\/\",\"logo\":{\"@type\":\"ImageObject\",\"inLanguage\":\"en-GB\",\"@id\":\"https:\/\/skaitytaknyga.lt\/#\/schema\/logo\/image\/\",\"url\":\"https:\/\/skaitytaknyga.lt\/wp-content\/uploads\/2024\/05\/cropped-cropped-cropped-02_00843_jt3bggkj1j3HLc7SyY6rEUpg.jpeg\",\"contentUrl\":\"https:\/\/skaitytaknyga.lt\/wp-content\/uploads\/2024\/05\/cropped-cropped-cropped-02_00843_jt3bggkj1j3HLc7SyY6rEUpg.jpeg\",\"width\":1600,\"height\":1600,\"caption\":\"skaitytaknyga.lt\"},\"image\":{\"@id\":\"https:\/\/skaitytaknyga.lt\/#\/schema\/logo\/image\/\"},\"sameAs\":[\"https:\/\/www.facebook.com\/skaitytaknyga\/\"]}]}<\/script>\n<!-- \/ Yoast SEO plugin. -->","yoast_head_json":{"title":"Libertas Klimka \u201eSaul\u0117s laikrod\u017eiai Lietuvoje\u201c - Skaitytaknyga","description":"Autorius pateikia daug \u012fdomios med\u017eiagos apie istorin\u0119 saul\u0117s laikrod\u017ei\u0173 raid\u0105, apra\u0161o gnomonikos istorij\u0105 Vilniaus universitete ir m\u016bs\u0173 kra\u0161te i\u0161likusius senovinius saul\u0117s laikrod\u017eius. Leidinyje detaliai apra\u0161omas sud\u0117tingas Nidos saul\u0117s laikrodis, pateikiami ir b\u016bdai, kaip pa\u010diam pasigaminti saul\u0117s laikrod\u012f.","robots":{"index":"index","follow":"follow","max-snippet":"max-snippet:-1","max-image-preview":"max-image-preview:large","max-video-preview":"max-video-preview:-1"},"canonical":"https:\/\/skaitytaknyga.lt\/en\/produktas\/libertas-klimka-saules-laikrodziai-lietuvoje\/","og_locale":"en_GB","og_type":"article","og_title":"Libertas Klimka \u201eSaul\u0117s laikrod\u017eiai Lietuvoje\u201c - Skaitytaknyga","og_description":"Autorius pateikia daug \u012fdomios med\u017eiagos apie istorin\u0119 saul\u0117s laikrod\u017ei\u0173 raid\u0105, apra\u0161o gnomonikos istorij\u0105 Vilniaus universitete ir m\u016bs\u0173 kra\u0161te i\u0161likusius senovinius saul\u0117s laikrod\u017eius. Leidinyje detaliai apra\u0161omas sud\u0117tingas Nidos saul\u0117s laikrodis, pateikiami ir b\u016bdai, kaip pa\u010diam pasigaminti saul\u0117s laikrod\u012f.","og_url":"https:\/\/skaitytaknyga.lt\/en\/produktas\/libertas-klimka-saules-laikrodziai-lietuvoje\/","og_site_name":"Skaitytaknyga","article_publisher":"https:\/\/www.facebook.com\/skaitytaknyga\/","article_modified_time":"2024-05-03T07:20:22+00:00","og_image":[{"width":305,"height":450,"url":"https:\/\/skaitytaknyga.lt\/wp-content\/uploads\/2024\/04\/saules-laikrodziai-lietuvoje.jpg","type":"image\/jpeg"}],"twitter_card":"summary_large_image","schema":{"@context":"https:\/\/schema.org","@graph":[{"@type":"WebPage","@id":"https:\/\/skaitytaknyga.lt\/produktas\/libertas-klimka-saules-laikrodziai-lietuvoje\/","url":"https:\/\/skaitytaknyga.lt\/produktas\/libertas-klimka-saules-laikrodziai-lietuvoje\/","name":"Libertas Klimka \u201eSaul\u0117s laikrod\u017eiai Lietuvoje\u201c - Skaitytaknyga","isPartOf":{"@id":"https:\/\/skaitytaknyga.lt\/#website"},"primaryImageOfPage":{"@id":"https:\/\/skaitytaknyga.lt\/produktas\/libertas-klimka-saules-laikrodziai-lietuvoje\/#primaryimage"},"image":{"@id":"https:\/\/skaitytaknyga.lt\/produktas\/libertas-klimka-saules-laikrodziai-lietuvoje\/#primaryimage"},"thumbnailUrl":"https:\/\/skaitytaknyga.lt\/wp-content\/uploads\/2024\/04\/saules-laikrodziai-lietuvoje.jpg","datePublished":"2024-04-17T13:33:45+00:00","dateModified":"2024-05-03T07:20:22+00:00","description":"Autorius pateikia daug \u012fdomios med\u017eiagos apie istorin\u0119 saul\u0117s laikrod\u017ei\u0173 raid\u0105, apra\u0161o gnomonikos istorij\u0105 Vilniaus universitete ir m\u016bs\u0173 kra\u0161te i\u0161likusius senovinius saul\u0117s laikrod\u017eius. Leidinyje detaliai apra\u0161omas sud\u0117tingas Nidos saul\u0117s laikrodis, pateikiami ir b\u016bdai, kaip pa\u010diam pasigaminti saul\u0117s laikrod\u012f.","breadcrumb":{"@id":"https:\/\/skaitytaknyga.lt\/produktas\/libertas-klimka-saules-laikrodziai-lietuvoje\/#breadcrumb"},"inLanguage":"en-GB","potentialAction":[{"@type":"ReadAction","target":["https:\/\/skaitytaknyga.lt\/produktas\/libertas-klimka-saules-laikrodziai-lietuvoje\/"]}]},{"@type":"ImageObject","inLanguage":"en-GB","@id":"https:\/\/skaitytaknyga.lt\/produktas\/libertas-klimka-saules-laikrodziai-lietuvoje\/#primaryimage","url":"https:\/\/skaitytaknyga.lt\/wp-content\/uploads\/2024\/04\/saules-laikrodziai-lietuvoje.jpg","contentUrl":"https:\/\/skaitytaknyga.lt\/wp-content\/uploads\/2024\/04\/saules-laikrodziai-lietuvoje.jpg","width":305,"height":450,"caption":"saules laikrodziai lietuvoje"},{"@type":"BreadcrumbList","@id":"https:\/\/skaitytaknyga.lt\/produktas\/libertas-klimka-saules-laikrodziai-lietuvoje\/#breadcrumb","itemListElement":[{"@type":"ListItem","position":1,"name":"Home","item":"https:\/\/skaitytaknyga.lt\/"},{"@type":"ListItem","position":2,"name":"Parduotuv\u0117","item":"https:\/\/skaitytaknyga.lt\/knygu-parduotuve\/"},{"@type":"ListItem","position":3,"name":"Libertas Klimka \u201eSaul\u0117s laikrod\u017eiai Lietuvoje\u201c"}]},{"@type":"WebSite","@id":"https:\/\/skaitytaknyga.lt\/#website","url":"https:\/\/skaitytaknyga.lt\/","name":"skaitytaknyga.lt","description":"Skaitytaknyga.lt \u2013 tai ma\u017eas \u0161eimos verslas, kuris prasid\u0117jo nuo meil\u0117s knygoms ir siekio i\u0161gelb\u0117ti knygas nuo likimo prie konteinerio. Kas vienam nereikalingas daiktas \u2013 kitam lobis, o mes esame tarpininkai, kurie padeda abiems tapti laimingesniems ???? \u017dinome kaip nelengva i\u0161gyventi ma\u017eiems verslams, tad nuo \u0161iol, \u010dia rasite ir kit\u0173, ma\u017e\u0173 \u0161eim\u0173 versl\u0173, rank\u0173 darbo, dovan\u0173 sau ir artimiesiems.","publisher":{"@id":"https:\/\/skaitytaknyga.lt\/#organization"},"potentialAction":[{"@type":"SearchAction","target":{"@type":"EntryPoint","urlTemplate":"https:\/\/skaitytaknyga.lt\/?s={search_term_string}"},"query-input":{"@type":"PropertyValueSpecification","valueRequired":true,"valueName":"search_term_string"}}],"inLanguage":"en-GB"},{"@type":"Organization","@id":"https:\/\/skaitytaknyga.lt\/#organization","name":"skaitytaknyga.lt","url":"https:\/\/skaitytaknyga.lt\/","logo":{"@type":"ImageObject","inLanguage":"en-GB","@id":"https:\/\/skaitytaknyga.lt\/#\/schema\/logo\/image\/","url":"https:\/\/skaitytaknyga.lt\/wp-content\/uploads\/2024\/05\/cropped-cropped-cropped-02_00843_jt3bggkj1j3HLc7SyY6rEUpg.jpeg","contentUrl":"https:\/\/skaitytaknyga.lt\/wp-content\/uploads\/2024\/05\/cropped-cropped-cropped-02_00843_jt3bggkj1j3HLc7SyY6rEUpg.jpeg","width":1600,"height":1600,"caption":"skaitytaknyga.lt"},"image":{"@id":"https:\/\/skaitytaknyga.lt\/#\/schema\/logo\/image\/"},"sameAs":["https:\/\/www.facebook.com\/skaitytaknyga\/"]}]}},"_links":{"self":[{"href":"https:\/\/skaitytaknyga.lt\/en\/wp-json\/wp\/v2\/product\/3570","targetHints":{"allow":["GET"]}}],"collection":[{"href":"https:\/\/skaitytaknyga.lt\/en\/wp-json\/wp\/v2\/product"}],"about":[{"href":"https:\/\/skaitytaknyga.lt\/en\/wp-json\/wp\/v2\/types\/product"}],"replies":[{"embeddable":true,"href":"https:\/\/skaitytaknyga.lt\/en\/wp-json\/wp\/v2\/comments?post=3570"}],"wp:featuredmedia":[{"embeddable":true,"href":"https:\/\/skaitytaknyga.lt\/en\/wp-json\/wp\/v2\/media\/3617"}],"wp:attachment":[{"href":"https:\/\/skaitytaknyga.lt\/en\/wp-json\/wp\/v2\/media?parent=3570"}],"wp:term":[{"taxonomy":"product_brand","embeddable":true,"href":"https:\/\/skaitytaknyga.lt\/en\/wp-json\/wp\/v2\/product_brand?post=3570"},{"taxonomy":"product_cat","embeddable":true,"href":"https:\/\/skaitytaknyga.lt\/en\/wp-json\/wp\/v2\/product_cat?post=3570"},{"taxonomy":"product_tag","embeddable":true,"href":"https:\/\/skaitytaknyga.lt\/en\/wp-json\/wp\/v2\/product_tag?post=3570"}],"curies":[{"name":"wp","href":"https:\/\/api.w.org\/{rel}","templated":true}]}}