{"id":3569,"date":"2024-04-17T13:33:45","date_gmt":"2024-04-17T13:33:45","guid":{"rendered":"https:\/\/skaitytaknyga.lt\/?post_type=product&#038;p=3569"},"modified":"2024-05-03T07:20:21","modified_gmt":"2024-05-03T07:20:21","slug":"r-stivensonas-balantres-seimininkas","status":"publish","type":"product","link":"https:\/\/skaitytaknyga.lt\/en\/produktas\/r-stivensonas-balantres-seimininkas\/","title":{"rendered":"R. Stivensonas \u201eBalantr\u0117s \u0161eimininkas\u201c"},"content":{"rendered":"<p>D\u017eeimsas, \u201eBalantr\u0117s \u0161eimininkas\u201c atsiduria emigracijoje, i\u0161tvirksta, \u017e\u016bva pats ir pra\u017eudo savo kurent\u0105- brol\u012f. Taip apnuoginta knygoje pragai\u0161tinga blogio \u012ftaka.<\/p>\n<p>Susikivir\u010dijusi sena Derisdyr\u0173 \u0161eima savo noru vyksta i\u0161tremtin \u012f Amerik\u0105 &#8211; romane parodoma psichologin\u0117 tragedija; joje pamatome ai\u0161kias istorines ir socialines \u0161aknis. Kalba eina apie XVIII a. vidur\u012f, \u012fvykus vadinamajai garsiajai 1688 m revoliucijai, kai buvo nuverstas paskutinis Stiuart\u0173 dinastijos karalius Jok\u016bbas II- savo kilme \u0161kotas.<\/p>\n","protected":false},"excerpt":{"rendered":"<p>D\u017eeimsas, \u201eBalantr\u0117s \u0161eimininkas\u201c atsiduria emigracijoje, i\u0161tvirksta, \u017e\u016bva pats ir pra\u017eudo savo kurent\u0105- brol\u012f. Taip apnuoginta knygoje pragai\u0161tinga blogio \u012ftaka.<\/p>\n<p>Susikivir\u010dijusi sena Derisdyr\u0173 \u0161eima savo noru vyksta i\u0161tremtin \u012f Amerik\u0105 &#8211; romane parodoma psichologin\u0117 tragedija; joje pamatome ai\u0161kias istorines ir socialines \u0161aknis. Kalba eina apie XVIII a. vidur\u012f, \u012fvykus vadinamajai garsiajai 1688 m revoliucijai, kai buvo nuverstas paskutinis Stiuart\u0173 dinastijos karalius Jok\u016bbas II- savo kilme \u0161kotas.<\/p>\n","protected":false},"featured_media":3616,"comment_status":"closed","ping_status":"closed","template":"","meta":{"_acf_changed":false,"site-sidebar-layout":"default","site-content-layout":"","ast-site-content-layout":"default","site-content-style":"default","site-sidebar-style":"default","ast-global-header-display":"","ast-banner-title-visibility":"","ast-main-header-display":"","ast-hfb-above-header-display":"","ast-hfb-below-header-display":"","ast-hfb-mobile-header-display":"","site-post-title":"","ast-breadcrumbs-content":"","ast-featured-img":"","footer-sml-layout":"","ast-disable-related-posts":"","theme-transparent-header-meta":"","adv-header-id-meta":"","stick-header-meta":"","header-above-stick-meta":"","header-main-stick-meta":"","header-below-stick-meta":"","astra-migrate-meta-layouts":"default","ast-page-background-enabled":"default","ast-page-background-meta":{"desktop":{"background-color":"","background-image":"","background-repeat":"repeat","background-position":"center center","background-size":"auto","background-attachment":"scroll","background-type":"","background-media":"","overlay-type":"","overlay-color":"","overlay-opacity":"","overlay-gradient":""},"tablet":{"background-color":"","background-image":"","background-repeat":"repeat","background-position":"center center","background-size":"auto","background-attachment":"scroll","background-type":"","background-media":"","overlay-type":"","overlay-color":"","overlay-opacity":"","overlay-gradient":""},"mobile":{"background-color":"","background-image":"","background-repeat":"repeat","background-position":"center center","background-size":"auto","background-attachment":"scroll","background-type":"","background-media":"","overlay-type":"","overlay-color":"","overlay-opacity":"","overlay-gradient":""}},"ast-content-background-meta":{"desktop":{"background-color":"var(--ast-global-color-4)","background-image":"","background-repeat":"repeat","background-position":"center center","background-size":"auto","background-attachment":"scroll","background-type":"","background-media":"","overlay-type":"","overlay-color":"","overlay-opacity":"","overlay-gradient":""},"tablet":{"background-color":"var(--ast-global-color-4)","background-image":"","background-repeat":"repeat","background-position":"center center","background-size":"auto","background-attachment":"scroll","background-type":"","background-media":"","overlay-type":"","overlay-color":"","overlay-opacity":"","overlay-gradient":""},"mobile":{"background-color":"var(--ast-global-color-4)","background-image":"","background-repeat":"repeat","background-position":"center center","background-size":"auto","background-attachment":"scroll","background-type":"","background-media":"","overlay-type":"","overlay-color":"","overlay-opacity":"","overlay-gradient":""}}},"product_brand":[],"product_cat":[31],"product_tag":[],"class_list":{"0":"post-3569","1":"product","2":"type-product","3":"status-publish","4":"has-post-thumbnail","6":"product_cat-grozine-literatura","7":"desktop-align-left","8":"tablet-align-left","9":"mobile-align-left","11":"first","12":"instock","13":"shipping-taxable","14":"purchasable","15":"product-type-simple"},"acf":[],"yoast_head":"<!-- This site is optimized with the Yoast SEO plugin v27.0 - https:\/\/yoast.com\/product\/yoast-seo-wordpress\/ -->\n<title>R. Stivensonas \u201eBalantr\u0117s \u0161eimininkas\u201c - Skaitytaknyga<\/title>\n<meta name=\"description\" content=\"D\u017eeimsas, \u201eBalantr\u0117s \u0161eimininkas\u201c atsiduria emigracijoje, i\u0161tvirksta, \u017e\u016bva pats ir pra\u017eudo savo kurent\u0105- brol\u012f. Taip apnuoginta knygoje pragai\u0161tinga blogio \u012ftaka.  Susikivir\u010dijusi sena Derisdyr\u0173 \u0161eima savo noru vyksta i\u0161tremtin \u012f Amerik\u0105 - romane parodoma psichologin\u0117 tragedija; joje pamatome ai\u0161kias istorines ir socialines \u0161aknis. Kalba eina apie XVIII a. vidur\u012f, \u012fvykus vadinamajai garsiajai 1688 m revoliucijai, kai buvo nuverstas paskutinis Stiuart\u0173 dinastijos karalius Jok\u016bbas II- savo kilme \u0161kotas.\" \/>\n<meta name=\"robots\" content=\"index, follow, max-snippet:-1, max-image-preview:large, max-video-preview:-1\" \/>\n<link rel=\"canonical\" href=\"https:\/\/skaitytaknyga.lt\/en\/produktas\/r-stivensonas-balantres-seimininkas\/\" \/>\n<meta property=\"og:locale\" content=\"en_GB\" \/>\n<meta property=\"og:locale:alternate\" content=\"lt_LT\" \/>\n<meta property=\"og:type\" content=\"article\" \/>\n<meta property=\"og:title\" content=\"R. Stivensonas \u201eBalantr\u0117s \u0161eimininkas\u201c - Skaitytaknyga\" \/>\n<meta property=\"og:description\" content=\"D\u017eeimsas, \u201eBalantr\u0117s \u0161eimininkas\u201c atsiduria emigracijoje, i\u0161tvirksta, \u017e\u016bva pats ir pra\u017eudo savo kurent\u0105- brol\u012f. Taip apnuoginta knygoje pragai\u0161tinga blogio \u012ftaka.  Susikivir\u010dijusi sena Derisdyr\u0173 \u0161eima savo noru vyksta i\u0161tremtin \u012f Amerik\u0105 - romane parodoma psichologin\u0117 tragedija; joje pamatome ai\u0161kias istorines ir socialines \u0161aknis. Kalba eina apie XVIII a. vidur\u012f, \u012fvykus vadinamajai garsiajai 1688 m revoliucijai, kai buvo nuverstas paskutinis Stiuart\u0173 dinastijos karalius Jok\u016bbas II- savo kilme \u0161kotas.\" \/>\n<meta property=\"og:url\" content=\"https:\/\/skaitytaknyga.lt\/en\/produktas\/r-stivensonas-balantres-seimininkas\/\" \/>\n<meta property=\"og:site_name\" content=\"Skaitytaknyga\" \/>\n<meta property=\"article:publisher\" content=\"https:\/\/www.facebook.com\/skaitytaknyga\/\" \/>\n<meta property=\"article:modified_time\" content=\"2024-05-03T07:20:21+00:00\" \/>\n<meta property=\"og:image\" content=\"https:\/\/skaitytaknyga.lt\/wp-content\/uploads\/2024\/04\/1462884136_img0005-001.jpg\" \/>\n\t<meta property=\"og:image:width\" content=\"281\" \/>\n\t<meta property=\"og:image:height\" content=\"430\" \/>\n\t<meta property=\"og:image:type\" content=\"image\/jpeg\" \/>\n<meta name=\"twitter:card\" content=\"summary_large_image\" \/>\n<script type=\"application\/ld+json\" class=\"yoast-schema-graph\">{\"@context\":\"https:\/\/schema.org\",\"@graph\":[{\"@type\":\"WebPage\",\"@id\":\"https:\/\/skaitytaknyga.lt\/produktas\/r-stivensonas-balantres-seimininkas\/\",\"url\":\"https:\/\/skaitytaknyga.lt\/produktas\/r-stivensonas-balantres-seimininkas\/\",\"name\":\"R. Stivensonas \u201eBalantr\u0117s \u0161eimininkas\u201c - Skaitytaknyga\",\"isPartOf\":{\"@id\":\"https:\/\/skaitytaknyga.lt\/#website\"},\"primaryImageOfPage\":{\"@id\":\"https:\/\/skaitytaknyga.lt\/produktas\/r-stivensonas-balantres-seimininkas\/#primaryimage\"},\"image\":{\"@id\":\"https:\/\/skaitytaknyga.lt\/produktas\/r-stivensonas-balantres-seimininkas\/#primaryimage\"},\"thumbnailUrl\":\"https:\/\/skaitytaknyga.lt\/wp-content\/uploads\/2024\/04\/1462884136_img0005-001.jpg\",\"datePublished\":\"2024-04-17T13:33:45+00:00\",\"dateModified\":\"2024-05-03T07:20:21+00:00\",\"description\":\"D\u017eeimsas, \u201eBalantr\u0117s \u0161eimininkas\u201c atsiduria emigracijoje, i\u0161tvirksta, \u017e\u016bva pats ir pra\u017eudo savo kurent\u0105- brol\u012f. Taip apnuoginta knygoje pragai\u0161tinga blogio \u012ftaka. Susikivir\u010dijusi sena Derisdyr\u0173 \u0161eima savo noru vyksta i\u0161tremtin \u012f Amerik\u0105 - romane parodoma psichologin\u0117 tragedija; joje pamatome ai\u0161kias istorines ir socialines \u0161aknis. Kalba eina apie XVIII a. vidur\u012f, \u012fvykus vadinamajai garsiajai 1688 m revoliucijai, kai buvo nuverstas paskutinis Stiuart\u0173 dinastijos karalius Jok\u016bbas II- savo kilme \u0161kotas.\",\"breadcrumb\":{\"@id\":\"https:\/\/skaitytaknyga.lt\/produktas\/r-stivensonas-balantres-seimininkas\/#breadcrumb\"},\"inLanguage\":\"en-GB\",\"potentialAction\":[{\"@type\":\"ReadAction\",\"target\":[\"https:\/\/skaitytaknyga.lt\/produktas\/r-stivensonas-balantres-seimininkas\/\"]}]},{\"@type\":\"ImageObject\",\"inLanguage\":\"en-GB\",\"@id\":\"https:\/\/skaitytaknyga.lt\/produktas\/r-stivensonas-balantres-seimininkas\/#primaryimage\",\"url\":\"https:\/\/skaitytaknyga.lt\/wp-content\/uploads\/2024\/04\/1462884136_img0005-001.jpg\",\"contentUrl\":\"https:\/\/skaitytaknyga.lt\/wp-content\/uploads\/2024\/04\/1462884136_img0005-001.jpg\",\"width\":281,\"height\":430,\"caption\":\"1462884136 img0005 001\"},{\"@type\":\"BreadcrumbList\",\"@id\":\"https:\/\/skaitytaknyga.lt\/produktas\/r-stivensonas-balantres-seimininkas\/#breadcrumb\",\"itemListElement\":[{\"@type\":\"ListItem\",\"position\":1,\"name\":\"Home\",\"item\":\"https:\/\/skaitytaknyga.lt\/\"},{\"@type\":\"ListItem\",\"position\":2,\"name\":\"Parduotuv\u0117\",\"item\":\"https:\/\/skaitytaknyga.lt\/knygu-parduotuve\/\"},{\"@type\":\"ListItem\",\"position\":3,\"name\":\"R. Stivensonas \u201eBalantr\u0117s \u0161eimininkas\u201c\"}]},{\"@type\":\"WebSite\",\"@id\":\"https:\/\/skaitytaknyga.lt\/#website\",\"url\":\"https:\/\/skaitytaknyga.lt\/\",\"name\":\"skaitytaknyga.lt\",\"description\":\"Skaitytaknyga.lt \u2013 tai ma\u017eas \u0161eimos verslas, kuris prasid\u0117jo nuo meil\u0117s knygoms ir siekio i\u0161gelb\u0117ti knygas nuo likimo prie konteinerio. Kas vienam nereikalingas daiktas \u2013 kitam lobis, o mes esame tarpininkai, kurie padeda abiems tapti laimingesniems ???? \u017dinome kaip nelengva i\u0161gyventi ma\u017eiems verslams, tad nuo \u0161iol, \u010dia rasite ir kit\u0173, ma\u017e\u0173 \u0161eim\u0173 versl\u0173, rank\u0173 darbo, dovan\u0173 sau ir artimiesiems.\",\"publisher\":{\"@id\":\"https:\/\/skaitytaknyga.lt\/#organization\"},\"potentialAction\":[{\"@type\":\"SearchAction\",\"target\":{\"@type\":\"EntryPoint\",\"urlTemplate\":\"https:\/\/skaitytaknyga.lt\/?s={search_term_string}\"},\"query-input\":{\"@type\":\"PropertyValueSpecification\",\"valueRequired\":true,\"valueName\":\"search_term_string\"}}],\"inLanguage\":\"en-GB\"},{\"@type\":\"Organization\",\"@id\":\"https:\/\/skaitytaknyga.lt\/#organization\",\"name\":\"skaitytaknyga.lt\",\"url\":\"https:\/\/skaitytaknyga.lt\/\",\"logo\":{\"@type\":\"ImageObject\",\"inLanguage\":\"en-GB\",\"@id\":\"https:\/\/skaitytaknyga.lt\/#\/schema\/logo\/image\/\",\"url\":\"https:\/\/skaitytaknyga.lt\/wp-content\/uploads\/2024\/05\/cropped-cropped-cropped-02_00843_jt3bggkj1j3HLc7SyY6rEUpg.jpeg\",\"contentUrl\":\"https:\/\/skaitytaknyga.lt\/wp-content\/uploads\/2024\/05\/cropped-cropped-cropped-02_00843_jt3bggkj1j3HLc7SyY6rEUpg.jpeg\",\"width\":1600,\"height\":1600,\"caption\":\"skaitytaknyga.lt\"},\"image\":{\"@id\":\"https:\/\/skaitytaknyga.lt\/#\/schema\/logo\/image\/\"},\"sameAs\":[\"https:\/\/www.facebook.com\/skaitytaknyga\/\"]}]}<\/script>\n<!-- \/ Yoast SEO plugin. -->","yoast_head_json":{"title":"R. Stivensonas \u201eBalantr\u0117s \u0161eimininkas\u201c - Skaitytaknyga","description":"D\u017eeimsas, \u201eBalantr\u0117s \u0161eimininkas\u201c atsiduria emigracijoje, i\u0161tvirksta, \u017e\u016bva pats ir pra\u017eudo savo kurent\u0105- brol\u012f. Taip apnuoginta knygoje pragai\u0161tinga blogio \u012ftaka.  Susikivir\u010dijusi sena Derisdyr\u0173 \u0161eima savo noru vyksta i\u0161tremtin \u012f Amerik\u0105 - romane parodoma psichologin\u0117 tragedija; joje pamatome ai\u0161kias istorines ir socialines \u0161aknis. Kalba eina apie XVIII a. vidur\u012f, \u012fvykus vadinamajai garsiajai 1688 m revoliucijai, kai buvo nuverstas paskutinis Stiuart\u0173 dinastijos karalius Jok\u016bbas II- savo kilme \u0161kotas.","robots":{"index":"index","follow":"follow","max-snippet":"max-snippet:-1","max-image-preview":"max-image-preview:large","max-video-preview":"max-video-preview:-1"},"canonical":"https:\/\/skaitytaknyga.lt\/en\/produktas\/r-stivensonas-balantres-seimininkas\/","og_locale":"en_GB","og_type":"article","og_title":"R. Stivensonas \u201eBalantr\u0117s \u0161eimininkas\u201c - Skaitytaknyga","og_description":"D\u017eeimsas, \u201eBalantr\u0117s \u0161eimininkas\u201c atsiduria emigracijoje, i\u0161tvirksta, \u017e\u016bva pats ir pra\u017eudo savo kurent\u0105- brol\u012f. Taip apnuoginta knygoje pragai\u0161tinga blogio \u012ftaka.  Susikivir\u010dijusi sena Derisdyr\u0173 \u0161eima savo noru vyksta i\u0161tremtin \u012f Amerik\u0105 - romane parodoma psichologin\u0117 tragedija; joje pamatome ai\u0161kias istorines ir socialines \u0161aknis. Kalba eina apie XVIII a. vidur\u012f, \u012fvykus vadinamajai garsiajai 1688 m revoliucijai, kai buvo nuverstas paskutinis Stiuart\u0173 dinastijos karalius Jok\u016bbas II- savo kilme \u0161kotas.","og_url":"https:\/\/skaitytaknyga.lt\/en\/produktas\/r-stivensonas-balantres-seimininkas\/","og_site_name":"Skaitytaknyga","article_publisher":"https:\/\/www.facebook.com\/skaitytaknyga\/","article_modified_time":"2024-05-03T07:20:21+00:00","og_image":[{"width":281,"height":430,"url":"https:\/\/skaitytaknyga.lt\/wp-content\/uploads\/2024\/04\/1462884136_img0005-001.jpg","type":"image\/jpeg"}],"twitter_card":"summary_large_image","schema":{"@context":"https:\/\/schema.org","@graph":[{"@type":"WebPage","@id":"https:\/\/skaitytaknyga.lt\/produktas\/r-stivensonas-balantres-seimininkas\/","url":"https:\/\/skaitytaknyga.lt\/produktas\/r-stivensonas-balantres-seimininkas\/","name":"R. Stivensonas \u201eBalantr\u0117s \u0161eimininkas\u201c - Skaitytaknyga","isPartOf":{"@id":"https:\/\/skaitytaknyga.lt\/#website"},"primaryImageOfPage":{"@id":"https:\/\/skaitytaknyga.lt\/produktas\/r-stivensonas-balantres-seimininkas\/#primaryimage"},"image":{"@id":"https:\/\/skaitytaknyga.lt\/produktas\/r-stivensonas-balantres-seimininkas\/#primaryimage"},"thumbnailUrl":"https:\/\/skaitytaknyga.lt\/wp-content\/uploads\/2024\/04\/1462884136_img0005-001.jpg","datePublished":"2024-04-17T13:33:45+00:00","dateModified":"2024-05-03T07:20:21+00:00","description":"D\u017eeimsas, \u201eBalantr\u0117s \u0161eimininkas\u201c atsiduria emigracijoje, i\u0161tvirksta, \u017e\u016bva pats ir pra\u017eudo savo kurent\u0105- brol\u012f. Taip apnuoginta knygoje pragai\u0161tinga blogio \u012ftaka. Susikivir\u010dijusi sena Derisdyr\u0173 \u0161eima savo noru vyksta i\u0161tremtin \u012f Amerik\u0105 - romane parodoma psichologin\u0117 tragedija; joje pamatome ai\u0161kias istorines ir socialines \u0161aknis. Kalba eina apie XVIII a. vidur\u012f, \u012fvykus vadinamajai garsiajai 1688 m revoliucijai, kai buvo nuverstas paskutinis Stiuart\u0173 dinastijos karalius Jok\u016bbas II- savo kilme \u0161kotas.","breadcrumb":{"@id":"https:\/\/skaitytaknyga.lt\/produktas\/r-stivensonas-balantres-seimininkas\/#breadcrumb"},"inLanguage":"en-GB","potentialAction":[{"@type":"ReadAction","target":["https:\/\/skaitytaknyga.lt\/produktas\/r-stivensonas-balantres-seimininkas\/"]}]},{"@type":"ImageObject","inLanguage":"en-GB","@id":"https:\/\/skaitytaknyga.lt\/produktas\/r-stivensonas-balantres-seimininkas\/#primaryimage","url":"https:\/\/skaitytaknyga.lt\/wp-content\/uploads\/2024\/04\/1462884136_img0005-001.jpg","contentUrl":"https:\/\/skaitytaknyga.lt\/wp-content\/uploads\/2024\/04\/1462884136_img0005-001.jpg","width":281,"height":430,"caption":"1462884136 img0005 001"},{"@type":"BreadcrumbList","@id":"https:\/\/skaitytaknyga.lt\/produktas\/r-stivensonas-balantres-seimininkas\/#breadcrumb","itemListElement":[{"@type":"ListItem","position":1,"name":"Home","item":"https:\/\/skaitytaknyga.lt\/"},{"@type":"ListItem","position":2,"name":"Parduotuv\u0117","item":"https:\/\/skaitytaknyga.lt\/knygu-parduotuve\/"},{"@type":"ListItem","position":3,"name":"R. Stivensonas \u201eBalantr\u0117s \u0161eimininkas\u201c"}]},{"@type":"WebSite","@id":"https:\/\/skaitytaknyga.lt\/#website","url":"https:\/\/skaitytaknyga.lt\/","name":"skaitytaknyga.lt","description":"Skaitytaknyga.lt \u2013 tai ma\u017eas \u0161eimos verslas, kuris prasid\u0117jo nuo meil\u0117s knygoms ir siekio i\u0161gelb\u0117ti knygas nuo likimo prie konteinerio. Kas vienam nereikalingas daiktas \u2013 kitam lobis, o mes esame tarpininkai, kurie padeda abiems tapti laimingesniems ???? \u017dinome kaip nelengva i\u0161gyventi ma\u017eiems verslams, tad nuo \u0161iol, \u010dia rasite ir kit\u0173, ma\u017e\u0173 \u0161eim\u0173 versl\u0173, rank\u0173 darbo, dovan\u0173 sau ir artimiesiems.","publisher":{"@id":"https:\/\/skaitytaknyga.lt\/#organization"},"potentialAction":[{"@type":"SearchAction","target":{"@type":"EntryPoint","urlTemplate":"https:\/\/skaitytaknyga.lt\/?s={search_term_string}"},"query-input":{"@type":"PropertyValueSpecification","valueRequired":true,"valueName":"search_term_string"}}],"inLanguage":"en-GB"},{"@type":"Organization","@id":"https:\/\/skaitytaknyga.lt\/#organization","name":"skaitytaknyga.lt","url":"https:\/\/skaitytaknyga.lt\/","logo":{"@type":"ImageObject","inLanguage":"en-GB","@id":"https:\/\/skaitytaknyga.lt\/#\/schema\/logo\/image\/","url":"https:\/\/skaitytaknyga.lt\/wp-content\/uploads\/2024\/05\/cropped-cropped-cropped-02_00843_jt3bggkj1j3HLc7SyY6rEUpg.jpeg","contentUrl":"https:\/\/skaitytaknyga.lt\/wp-content\/uploads\/2024\/05\/cropped-cropped-cropped-02_00843_jt3bggkj1j3HLc7SyY6rEUpg.jpeg","width":1600,"height":1600,"caption":"skaitytaknyga.lt"},"image":{"@id":"https:\/\/skaitytaknyga.lt\/#\/schema\/logo\/image\/"},"sameAs":["https:\/\/www.facebook.com\/skaitytaknyga\/"]}]}},"_links":{"self":[{"href":"https:\/\/skaitytaknyga.lt\/en\/wp-json\/wp\/v2\/product\/3569","targetHints":{"allow":["GET"]}}],"collection":[{"href":"https:\/\/skaitytaknyga.lt\/en\/wp-json\/wp\/v2\/product"}],"about":[{"href":"https:\/\/skaitytaknyga.lt\/en\/wp-json\/wp\/v2\/types\/product"}],"replies":[{"embeddable":true,"href":"https:\/\/skaitytaknyga.lt\/en\/wp-json\/wp\/v2\/comments?post=3569"}],"wp:featuredmedia":[{"embeddable":true,"href":"https:\/\/skaitytaknyga.lt\/en\/wp-json\/wp\/v2\/media\/3616"}],"wp:attachment":[{"href":"https:\/\/skaitytaknyga.lt\/en\/wp-json\/wp\/v2\/media?parent=3569"}],"wp:term":[{"taxonomy":"product_brand","embeddable":true,"href":"https:\/\/skaitytaknyga.lt\/en\/wp-json\/wp\/v2\/product_brand?post=3569"},{"taxonomy":"product_cat","embeddable":true,"href":"https:\/\/skaitytaknyga.lt\/en\/wp-json\/wp\/v2\/product_cat?post=3569"},{"taxonomy":"product_tag","embeddable":true,"href":"https:\/\/skaitytaknyga.lt\/en\/wp-json\/wp\/v2\/product_tag?post=3569"}],"curies":[{"name":"wp","href":"https:\/\/api.w.org\/{rel}","templated":true}]}}