{"id":3568,"date":"2024-04-17T13:33:45","date_gmt":"2024-04-17T13:33:45","guid":{"rendered":"https:\/\/skaitytaknyga.lt\/?post_type=product&#038;p=3568"},"modified":"2024-05-03T07:20:20","modified_gmt":"2024-05-03T07:20:20","slug":"tore-renberg-sarlote-izabele-hansen","status":"publish","type":"product","link":"https:\/\/skaitytaknyga.lt\/en\/produktas\/tore-renberg-sarlote-izabele-hansen\/","title":{"rendered":"Tore Renberg \u201e\u0160arlot\u0117 Izabel\u0117 Hansen\u201c"},"content":{"rendered":"<p>Kam pasauliui reikia dar vieno vaiko? Ar mums i\u0161 ties\u0173 reikalinga dar viena ma\u017ea naivi \u0161viesiaplauk\u0117 nenaud\u0117l\u0117, kuriai r\u016bpi, ar toli iki m\u0117nulio, ar g\u0117l\u0117s verkia, kas ruden\u012f nuo med\u017ei\u0173 nupl\u0117\u0161ia lapus?<\/p>\n<p>Jarlei Klepui dvide\u0161imt penkeri. Jis gyvena Bergene, studijuoja literat\u016br\u0105 ir m\u0117gaujasi studenti\u0161ku gyvenimu, suteikian\u010diu jam visk\u0105, apie k\u0105 svajojo. Ekscentri\u0161kasis profesorius Robertas Gioteborgas laiko j\u012f \u017eymiu jaunu talentu. Jarl\u0117 patiria nepaprast\u0105 meil\u0117s nuotyk\u012f su stulbinama Herde Snartemo. Jis atranda savo analitinius geb\u0117jimus, suvokia asmenin\u012f \u017eaves\u012f ir svajoja apie puiki\u0105 ateit\u012f.<br \/>\nIr tada ateina lai\u0161kas. I\u0161 policijos. Jis kvie\u010diamas pasidaryti DNR testo.<br \/>\nAr ne laikas Jarlei suaugti? Bet ar jis sugeb\u0117s?<\/p>\n<p>Tore Renberg (g. 1972) 2004 m. buvo \u012ftrauktas \u012f de\u0161imties geriausi\u0173 jaun\u0173j\u0173 norveg\u0173 ra\u0161ytoj\u0173 s\u0105ra\u0161\u0105. Jis yra para\u0161\u0119s kelet\u0105 roman\u0173, knygeli\u0173 vaikams, i\u0161leid\u0119s prozos rinkin\u012f ir kolia\u017e\u0173 knyg\u0105. Tore Renberg peln\u0119s daugyb\u0119 literat\u016brini\u0173 priz\u0173, taip pat ir u\u017e \u0160arlot\u0119 Izabel\u0119 Hansen. Norvegijoje \u0161i knyga i\u0161 karto tapo bestseleriu, 2011 m. pagal j\u0105 sukurtas meninis filmas.<\/p>\n","protected":false},"excerpt":{"rendered":"<p>Kam pasauliui reikia dar vieno vaiko? Ar mums i\u0161 ties\u0173 reikalinga dar viena ma\u017ea naivi \u0161viesiaplauk\u0117 nenaud\u0117l\u0117, kuriai r\u016bpi, ar toli iki m\u0117nulio, ar g\u0117l\u0117s verkia, kas ruden\u012f nuo med\u017ei\u0173 nupl\u0117\u0161ia lapus?<\/p>\n<p>Jarlei Klepui dvide\u0161imt penkeri. Jis gyvena Bergene, studijuoja literat\u016br\u0105 ir m\u0117gaujasi studenti\u0161ku gyvenimu, suteikian\u010diu jam visk\u0105, apie k\u0105 svajojo. Ekscentri\u0161kasis profesorius Robertas Gioteborgas laiko j\u012f \u017eymiu jaunu talentu. Jarl\u0117 patiria nepaprast\u0105 meil\u0117s nuotyk\u012f su stulbinama Herde Snartemo. Jis atranda savo analitinius geb\u0117jimus, suvokia asmenin\u012f \u017eaves\u012f ir svajoja apie puiki\u0105 ateit\u012f.<br \/>\nIr tada ateina lai\u0161kas. I\u0161 policijos. Jis kvie\u010diamas pasidaryti DNR testo.<br \/>\nAr ne laikas Jarlei suaugti? Bet ar jis sugeb\u0117s?<\/p>\n<p>Tore Renberg (g. 1972) 2004 m. buvo \u012ftrauktas \u012f de\u0161imties geriausi\u0173 jaun\u0173j\u0173 norveg\u0173 ra\u0161ytoj\u0173 s\u0105ra\u0161\u0105. Jis yra para\u0161\u0119s kelet\u0105 roman\u0173, knygeli\u0173 vaikams, i\u0161leid\u0119s prozos rinkin\u012f ir kolia\u017e\u0173 knyg\u0105. Tore Renberg peln\u0119s daugyb\u0119 literat\u016brini\u0173 priz\u0173, taip pat ir u\u017e \u0160arlot\u0119 Izabel\u0119 Hansen. Norvegijoje \u0161i knyga i\u0161 karto tapo bestseleriu, 2011 m. pagal j\u0105 sukurtas meninis filmas.<\/p>\n","protected":false},"featured_media":3615,"comment_status":"closed","ping_status":"closed","template":"","meta":{"_acf_changed":false,"site-sidebar-layout":"default","site-content-layout":"","ast-site-content-layout":"default","site-content-style":"default","site-sidebar-style":"default","ast-global-header-display":"","ast-banner-title-visibility":"","ast-main-header-display":"","ast-hfb-above-header-display":"","ast-hfb-below-header-display":"","ast-hfb-mobile-header-display":"","site-post-title":"","ast-breadcrumbs-content":"","ast-featured-img":"","footer-sml-layout":"","ast-disable-related-posts":"","theme-transparent-header-meta":"","adv-header-id-meta":"","stick-header-meta":"","header-above-stick-meta":"","header-main-stick-meta":"","header-below-stick-meta":"","astra-migrate-meta-layouts":"default","ast-page-background-enabled":"default","ast-page-background-meta":{"desktop":{"background-color":"","background-image":"","background-repeat":"repeat","background-position":"center center","background-size":"auto","background-attachment":"scroll","background-type":"","background-media":"","overlay-type":"","overlay-color":"","overlay-opacity":"","overlay-gradient":""},"tablet":{"background-color":"","background-image":"","background-repeat":"repeat","background-position":"center center","background-size":"auto","background-attachment":"scroll","background-type":"","background-media":"","overlay-type":"","overlay-color":"","overlay-opacity":"","overlay-gradient":""},"mobile":{"background-color":"","background-image":"","background-repeat":"repeat","background-position":"center center","background-size":"auto","background-attachment":"scroll","background-type":"","background-media":"","overlay-type":"","overlay-color":"","overlay-opacity":"","overlay-gradient":""}},"ast-content-background-meta":{"desktop":{"background-color":"var(--ast-global-color-4)","background-image":"","background-repeat":"repeat","background-position":"center center","background-size":"auto","background-attachment":"scroll","background-type":"","background-media":"","overlay-type":"","overlay-color":"","overlay-opacity":"","overlay-gradient":""},"tablet":{"background-color":"var(--ast-global-color-4)","background-image":"","background-repeat":"repeat","background-position":"center center","background-size":"auto","background-attachment":"scroll","background-type":"","background-media":"","overlay-type":"","overlay-color":"","overlay-opacity":"","overlay-gradient":""},"mobile":{"background-color":"var(--ast-global-color-4)","background-image":"","background-repeat":"repeat","background-position":"center center","background-size":"auto","background-attachment":"scroll","background-type":"","background-media":"","overlay-type":"","overlay-color":"","overlay-opacity":"","overlay-gradient":""}}},"product_brand":[],"product_cat":[31],"product_tag":[],"class_list":{"0":"post-3568","1":"product","2":"type-product","3":"status-publish","4":"has-post-thumbnail","6":"product_cat-grozine-literatura","7":"desktop-align-left","8":"tablet-align-left","9":"mobile-align-left","11":"first","12":"instock","13":"shipping-taxable","14":"purchasable","15":"product-type-simple"},"acf":[],"yoast_head":"<!-- This site is optimized with the Yoast SEO plugin v27.0 - https:\/\/yoast.com\/product\/yoast-seo-wordpress\/ -->\n<title>Tore Renberg \u201e\u0160arlot\u0117 Izabel\u0117 Hansen\u201c - Skaitytaknyga<\/title>\n<meta name=\"description\" content=\"Kam pasauliui reikia dar vieno vaiko? Ar mums i\u0161 ties\u0173 reikalinga dar viena ma\u017ea naivi \u0161viesiaplauk\u0117 nenaud\u0117l\u0117, kuriai r\u016bpi, ar toli iki m\u0117nulio, ar g\u0117l\u0117s verkia, kas ruden\u012f nuo med\u017ei\u0173 nupl\u0117\u0161ia lapus?  Jarlei Klepui dvide\u0161imt penkeri. Jis gyvena Bergene, studijuoja literat\u016br\u0105 ir m\u0117gaujasi studenti\u0161ku gyvenimu, suteikian\u010diu jam visk\u0105, apie k\u0105 svajojo. Ekscentri\u0161kasis profesorius Robertas Gioteborgas laiko j\u012f \u017eymiu jaunu talentu. Jarl\u0117 patiria nepaprast\u0105 meil\u0117s nuotyk\u012f su stulbinama Herde Snartemo. Jis atranda savo analitinius geb\u0117jimus, suvokia asmenin\u012f \u017eaves\u012f ir svajoja apie puiki\u0105 ateit\u012f. Ir tada ateina lai\u0161kas. I\u0161 policijos. Jis kvie\u010diamas pasidaryti DNR testo. Ar ne laikas Jarlei suaugti? Bet ar jis sugeb\u0117s?   Tore Renberg (g. 1972) 2004 m. buvo \u012ftrauktas \u012f de\u0161imties geriausi\u0173 jaun\u0173j\u0173 norveg\u0173 ra\u0161ytoj\u0173 s\u0105ra\u0161\u0105. Jis yra para\u0161\u0119s kelet\u0105 roman\u0173, knygeli\u0173 vaikams, i\u0161leid\u0119s prozos rinkin\u012f ir kolia\u017e\u0173 knyg\u0105. Tore Renberg peln\u0119s daugyb\u0119 literat\u016brini\u0173 priz\u0173, taip pat ir u\u017e \u0160arlot\u0119 Izabel\u0119 Hansen. Norvegijoje \u0161i knyga i\u0161 karto tapo bestseleriu, 2011 m. pagal j\u0105 sukurtas meninis filmas.\" \/>\n<meta name=\"robots\" content=\"index, follow, max-snippet:-1, max-image-preview:large, max-video-preview:-1\" \/>\n<link rel=\"canonical\" href=\"https:\/\/skaitytaknyga.lt\/en\/produktas\/tore-renberg-sarlote-izabele-hansen\/\" \/>\n<meta property=\"og:locale\" content=\"en_GB\" \/>\n<meta property=\"og:locale:alternate\" content=\"lt_LT\" \/>\n<meta property=\"og:type\" content=\"article\" \/>\n<meta property=\"og:title\" content=\"Tore Renberg \u201e\u0160arlot\u0117 Izabel\u0117 Hansen\u201c - Skaitytaknyga\" \/>\n<meta property=\"og:description\" content=\"Kam pasauliui reikia dar vieno vaiko? Ar mums i\u0161 ties\u0173 reikalinga dar viena ma\u017ea naivi \u0161viesiaplauk\u0117 nenaud\u0117l\u0117, kuriai r\u016bpi, ar toli iki m\u0117nulio, ar g\u0117l\u0117s verkia, kas ruden\u012f nuo med\u017ei\u0173 nupl\u0117\u0161ia lapus?  Jarlei Klepui dvide\u0161imt penkeri. Jis gyvena Bergene, studijuoja literat\u016br\u0105 ir m\u0117gaujasi studenti\u0161ku gyvenimu, suteikian\u010diu jam visk\u0105, apie k\u0105 svajojo. Ekscentri\u0161kasis profesorius Robertas Gioteborgas laiko j\u012f \u017eymiu jaunu talentu. Jarl\u0117 patiria nepaprast\u0105 meil\u0117s nuotyk\u012f su stulbinama Herde Snartemo. Jis atranda savo analitinius geb\u0117jimus, suvokia asmenin\u012f \u017eaves\u012f ir svajoja apie puiki\u0105 ateit\u012f. Ir tada ateina lai\u0161kas. I\u0161 policijos. Jis kvie\u010diamas pasidaryti DNR testo. Ar ne laikas Jarlei suaugti? Bet ar jis sugeb\u0117s?   Tore Renberg (g. 1972) 2004 m. buvo \u012ftrauktas \u012f de\u0161imties geriausi\u0173 jaun\u0173j\u0173 norveg\u0173 ra\u0161ytoj\u0173 s\u0105ra\u0161\u0105. Jis yra para\u0161\u0119s kelet\u0105 roman\u0173, knygeli\u0173 vaikams, i\u0161leid\u0119s prozos rinkin\u012f ir kolia\u017e\u0173 knyg\u0105. Tore Renberg peln\u0119s daugyb\u0119 literat\u016brini\u0173 priz\u0173, taip pat ir u\u017e \u0160arlot\u0119 Izabel\u0119 Hansen. Norvegijoje \u0161i knyga i\u0161 karto tapo bestseleriu, 2011 m. pagal j\u0105 sukurtas meninis filmas.\" \/>\n<meta property=\"og:url\" content=\"https:\/\/skaitytaknyga.lt\/en\/produktas\/tore-renberg-sarlote-izabele-hansen\/\" \/>\n<meta property=\"og:site_name\" content=\"Skaitytaknyga\" \/>\n<meta property=\"article:publisher\" content=\"https:\/\/www.facebook.com\/skaitytaknyga\/\" \/>\n<meta property=\"article:modified_time\" content=\"2024-05-03T07:20:20+00:00\" \/>\n<meta property=\"og:image\" content=\"https:\/\/skaitytaknyga.lt\/wp-content\/uploads\/2024\/04\/000000000002144928-59de7f008af6e-asset-knyguklubas-cdb_gz_sarlote_izabele_hansen_p1.jpg\" \/>\n\t<meta property=\"og:image:width\" content=\"285\" \/>\n\t<meta property=\"og:image:height\" content=\"468\" \/>\n\t<meta property=\"og:image:type\" content=\"image\/jpeg\" \/>\n<meta name=\"twitter:card\" content=\"summary_large_image\" \/>\n<meta name=\"twitter:label1\" content=\"Estimated reading time\" \/>\n\t<meta name=\"twitter:data1\" content=\"1 minute\" \/>\n<script type=\"application\/ld+json\" class=\"yoast-schema-graph\">{\"@context\":\"https:\/\/schema.org\",\"@graph\":[{\"@type\":\"WebPage\",\"@id\":\"https:\/\/skaitytaknyga.lt\/produktas\/tore-renberg-sarlote-izabele-hansen\/\",\"url\":\"https:\/\/skaitytaknyga.lt\/produktas\/tore-renberg-sarlote-izabele-hansen\/\",\"name\":\"Tore Renberg \u201e\u0160arlot\u0117 Izabel\u0117 Hansen\u201c - Skaitytaknyga\",\"isPartOf\":{\"@id\":\"https:\/\/skaitytaknyga.lt\/#website\"},\"primaryImageOfPage\":{\"@id\":\"https:\/\/skaitytaknyga.lt\/produktas\/tore-renberg-sarlote-izabele-hansen\/#primaryimage\"},\"image\":{\"@id\":\"https:\/\/skaitytaknyga.lt\/produktas\/tore-renberg-sarlote-izabele-hansen\/#primaryimage\"},\"thumbnailUrl\":\"https:\/\/skaitytaknyga.lt\/wp-content\/uploads\/2024\/04\/000000000002144928-59de7f008af6e-asset-knyguklubas-cdb_gz_sarlote_izabele_hansen_p1.jpg\",\"datePublished\":\"2024-04-17T13:33:45+00:00\",\"dateModified\":\"2024-05-03T07:20:20+00:00\",\"description\":\"Kam pasauliui reikia dar vieno vaiko? Ar mums i\u0161 ties\u0173 reikalinga dar viena ma\u017ea naivi \u0161viesiaplauk\u0117 nenaud\u0117l\u0117, kuriai r\u016bpi, ar toli iki m\u0117nulio, ar g\u0117l\u0117s verkia, kas ruden\u012f nuo med\u017ei\u0173 nupl\u0117\u0161ia lapus? Jarlei Klepui dvide\u0161imt penkeri. Jis gyvena Bergene, studijuoja literat\u016br\u0105 ir m\u0117gaujasi studenti\u0161ku gyvenimu, suteikian\u010diu jam visk\u0105, apie k\u0105 svajojo. Ekscentri\u0161kasis profesorius Robertas Gioteborgas laiko j\u012f \u017eymiu jaunu talentu. Jarl\u0117 patiria nepaprast\u0105 meil\u0117s nuotyk\u012f su stulbinama Herde Snartemo. Jis atranda savo analitinius geb\u0117jimus, suvokia asmenin\u012f \u017eaves\u012f ir svajoja apie puiki\u0105 ateit\u012f. Ir tada ateina lai\u0161kas. I\u0161 policijos. Jis kvie\u010diamas pasidaryti DNR testo. Ar ne laikas Jarlei suaugti? Bet ar jis sugeb\u0117s? Tore Renberg (g. 1972) 2004 m. buvo \u012ftrauktas \u012f de\u0161imties geriausi\u0173 jaun\u0173j\u0173 norveg\u0173 ra\u0161ytoj\u0173 s\u0105ra\u0161\u0105. Jis yra para\u0161\u0119s kelet\u0105 roman\u0173, knygeli\u0173 vaikams, i\u0161leid\u0119s prozos rinkin\u012f ir kolia\u017e\u0173 knyg\u0105. Tore Renberg peln\u0119s daugyb\u0119 literat\u016brini\u0173 priz\u0173, taip pat ir u\u017e \u0160arlot\u0119 Izabel\u0119 Hansen. Norvegijoje \u0161i knyga i\u0161 karto tapo bestseleriu, 2011 m. pagal j\u0105 sukurtas meninis filmas.\",\"breadcrumb\":{\"@id\":\"https:\/\/skaitytaknyga.lt\/produktas\/tore-renberg-sarlote-izabele-hansen\/#breadcrumb\"},\"inLanguage\":\"en-GB\",\"potentialAction\":[{\"@type\":\"ReadAction\",\"target\":[\"https:\/\/skaitytaknyga.lt\/produktas\/tore-renberg-sarlote-izabele-hansen\/\"]}]},{\"@type\":\"ImageObject\",\"inLanguage\":\"en-GB\",\"@id\":\"https:\/\/skaitytaknyga.lt\/produktas\/tore-renberg-sarlote-izabele-hansen\/#primaryimage\",\"url\":\"https:\/\/skaitytaknyga.lt\/wp-content\/uploads\/2024\/04\/000000000002144928-59de7f008af6e-asset-knyguklubas-cdb_gz_sarlote_izabele_hansen_p1.jpg\",\"contentUrl\":\"https:\/\/skaitytaknyga.lt\/wp-content\/uploads\/2024\/04\/000000000002144928-59de7f008af6e-asset-knyguklubas-cdb_gz_sarlote_izabele_hansen_p1.jpg\",\"width\":285,\"height\":468,\"caption\":\"000000000002144928 59de7f008af6e asset knyguklubas cdb gz sarlote izabele hansen p1\"},{\"@type\":\"BreadcrumbList\",\"@id\":\"https:\/\/skaitytaknyga.lt\/produktas\/tore-renberg-sarlote-izabele-hansen\/#breadcrumb\",\"itemListElement\":[{\"@type\":\"ListItem\",\"position\":1,\"name\":\"Home\",\"item\":\"https:\/\/skaitytaknyga.lt\/\"},{\"@type\":\"ListItem\",\"position\":2,\"name\":\"Parduotuv\u0117\",\"item\":\"https:\/\/skaitytaknyga.lt\/knygu-parduotuve\/\"},{\"@type\":\"ListItem\",\"position\":3,\"name\":\"Tore Renberg \u201e\u0160arlot\u0117 Izabel\u0117 Hansen\u201c\"}]},{\"@type\":\"WebSite\",\"@id\":\"https:\/\/skaitytaknyga.lt\/#website\",\"url\":\"https:\/\/skaitytaknyga.lt\/\",\"name\":\"skaitytaknyga.lt\",\"description\":\"Skaitytaknyga.lt \u2013 tai ma\u017eas \u0161eimos verslas, kuris prasid\u0117jo nuo meil\u0117s knygoms ir siekio i\u0161gelb\u0117ti knygas nuo likimo prie konteinerio. Kas vienam nereikalingas daiktas \u2013 kitam lobis, o mes esame tarpininkai, kurie padeda abiems tapti laimingesniems ???? \u017dinome kaip nelengva i\u0161gyventi ma\u017eiems verslams, tad nuo \u0161iol, \u010dia rasite ir kit\u0173, ma\u017e\u0173 \u0161eim\u0173 versl\u0173, rank\u0173 darbo, dovan\u0173 sau ir artimiesiems.\",\"publisher\":{\"@id\":\"https:\/\/skaitytaknyga.lt\/#organization\"},\"potentialAction\":[{\"@type\":\"SearchAction\",\"target\":{\"@type\":\"EntryPoint\",\"urlTemplate\":\"https:\/\/skaitytaknyga.lt\/?s={search_term_string}\"},\"query-input\":{\"@type\":\"PropertyValueSpecification\",\"valueRequired\":true,\"valueName\":\"search_term_string\"}}],\"inLanguage\":\"en-GB\"},{\"@type\":\"Organization\",\"@id\":\"https:\/\/skaitytaknyga.lt\/#organization\",\"name\":\"skaitytaknyga.lt\",\"url\":\"https:\/\/skaitytaknyga.lt\/\",\"logo\":{\"@type\":\"ImageObject\",\"inLanguage\":\"en-GB\",\"@id\":\"https:\/\/skaitytaknyga.lt\/#\/schema\/logo\/image\/\",\"url\":\"https:\/\/skaitytaknyga.lt\/wp-content\/uploads\/2024\/05\/cropped-cropped-cropped-02_00843_jt3bggkj1j3HLc7SyY6rEUpg.jpeg\",\"contentUrl\":\"https:\/\/skaitytaknyga.lt\/wp-content\/uploads\/2024\/05\/cropped-cropped-cropped-02_00843_jt3bggkj1j3HLc7SyY6rEUpg.jpeg\",\"width\":1600,\"height\":1600,\"caption\":\"skaitytaknyga.lt\"},\"image\":{\"@id\":\"https:\/\/skaitytaknyga.lt\/#\/schema\/logo\/image\/\"},\"sameAs\":[\"https:\/\/www.facebook.com\/skaitytaknyga\/\"]}]}<\/script>\n<!-- \/ Yoast SEO plugin. -->","yoast_head_json":{"title":"Tore Renberg \u201e\u0160arlot\u0117 Izabel\u0117 Hansen\u201c - Skaitytaknyga","description":"Kam pasauliui reikia dar vieno vaiko? Ar mums i\u0161 ties\u0173 reikalinga dar viena ma\u017ea naivi \u0161viesiaplauk\u0117 nenaud\u0117l\u0117, kuriai r\u016bpi, ar toli iki m\u0117nulio, ar g\u0117l\u0117s verkia, kas ruden\u012f nuo med\u017ei\u0173 nupl\u0117\u0161ia lapus?  Jarlei Klepui dvide\u0161imt penkeri. Jis gyvena Bergene, studijuoja literat\u016br\u0105 ir m\u0117gaujasi studenti\u0161ku gyvenimu, suteikian\u010diu jam visk\u0105, apie k\u0105 svajojo. Ekscentri\u0161kasis profesorius Robertas Gioteborgas laiko j\u012f \u017eymiu jaunu talentu. Jarl\u0117 patiria nepaprast\u0105 meil\u0117s nuotyk\u012f su stulbinama Herde Snartemo. Jis atranda savo analitinius geb\u0117jimus, suvokia asmenin\u012f \u017eaves\u012f ir svajoja apie puiki\u0105 ateit\u012f. Ir tada ateina lai\u0161kas. I\u0161 policijos. Jis kvie\u010diamas pasidaryti DNR testo. Ar ne laikas Jarlei suaugti? Bet ar jis sugeb\u0117s?   Tore Renberg (g. 1972) 2004 m. buvo \u012ftrauktas \u012f de\u0161imties geriausi\u0173 jaun\u0173j\u0173 norveg\u0173 ra\u0161ytoj\u0173 s\u0105ra\u0161\u0105. Jis yra para\u0161\u0119s kelet\u0105 roman\u0173, knygeli\u0173 vaikams, i\u0161leid\u0119s prozos rinkin\u012f ir kolia\u017e\u0173 knyg\u0105. Tore Renberg peln\u0119s daugyb\u0119 literat\u016brini\u0173 priz\u0173, taip pat ir u\u017e \u0160arlot\u0119 Izabel\u0119 Hansen. Norvegijoje \u0161i knyga i\u0161 karto tapo bestseleriu, 2011 m. pagal j\u0105 sukurtas meninis filmas.","robots":{"index":"index","follow":"follow","max-snippet":"max-snippet:-1","max-image-preview":"max-image-preview:large","max-video-preview":"max-video-preview:-1"},"canonical":"https:\/\/skaitytaknyga.lt\/en\/produktas\/tore-renberg-sarlote-izabele-hansen\/","og_locale":"en_GB","og_type":"article","og_title":"Tore Renberg \u201e\u0160arlot\u0117 Izabel\u0117 Hansen\u201c - Skaitytaknyga","og_description":"Kam pasauliui reikia dar vieno vaiko? Ar mums i\u0161 ties\u0173 reikalinga dar viena ma\u017ea naivi \u0161viesiaplauk\u0117 nenaud\u0117l\u0117, kuriai r\u016bpi, ar toli iki m\u0117nulio, ar g\u0117l\u0117s verkia, kas ruden\u012f nuo med\u017ei\u0173 nupl\u0117\u0161ia lapus?  Jarlei Klepui dvide\u0161imt penkeri. Jis gyvena Bergene, studijuoja literat\u016br\u0105 ir m\u0117gaujasi studenti\u0161ku gyvenimu, suteikian\u010diu jam visk\u0105, apie k\u0105 svajojo. Ekscentri\u0161kasis profesorius Robertas Gioteborgas laiko j\u012f \u017eymiu jaunu talentu. Jarl\u0117 patiria nepaprast\u0105 meil\u0117s nuotyk\u012f su stulbinama Herde Snartemo. Jis atranda savo analitinius geb\u0117jimus, suvokia asmenin\u012f \u017eaves\u012f ir svajoja apie puiki\u0105 ateit\u012f. Ir tada ateina lai\u0161kas. I\u0161 policijos. Jis kvie\u010diamas pasidaryti DNR testo. Ar ne laikas Jarlei suaugti? Bet ar jis sugeb\u0117s?   Tore Renberg (g. 1972) 2004 m. buvo \u012ftrauktas \u012f de\u0161imties geriausi\u0173 jaun\u0173j\u0173 norveg\u0173 ra\u0161ytoj\u0173 s\u0105ra\u0161\u0105. Jis yra para\u0161\u0119s kelet\u0105 roman\u0173, knygeli\u0173 vaikams, i\u0161leid\u0119s prozos rinkin\u012f ir kolia\u017e\u0173 knyg\u0105. Tore Renberg peln\u0119s daugyb\u0119 literat\u016brini\u0173 priz\u0173, taip pat ir u\u017e \u0160arlot\u0119 Izabel\u0119 Hansen. Norvegijoje \u0161i knyga i\u0161 karto tapo bestseleriu, 2011 m. pagal j\u0105 sukurtas meninis filmas.","og_url":"https:\/\/skaitytaknyga.lt\/en\/produktas\/tore-renberg-sarlote-izabele-hansen\/","og_site_name":"Skaitytaknyga","article_publisher":"https:\/\/www.facebook.com\/skaitytaknyga\/","article_modified_time":"2024-05-03T07:20:20+00:00","og_image":[{"width":285,"height":468,"url":"https:\/\/skaitytaknyga.lt\/wp-content\/uploads\/2024\/04\/000000000002144928-59de7f008af6e-asset-knyguklubas-cdb_gz_sarlote_izabele_hansen_p1.jpg","type":"image\/jpeg"}],"twitter_card":"summary_large_image","twitter_misc":{"Estimated reading time":"1 minute"},"schema":{"@context":"https:\/\/schema.org","@graph":[{"@type":"WebPage","@id":"https:\/\/skaitytaknyga.lt\/produktas\/tore-renberg-sarlote-izabele-hansen\/","url":"https:\/\/skaitytaknyga.lt\/produktas\/tore-renberg-sarlote-izabele-hansen\/","name":"Tore Renberg \u201e\u0160arlot\u0117 Izabel\u0117 Hansen\u201c - Skaitytaknyga","isPartOf":{"@id":"https:\/\/skaitytaknyga.lt\/#website"},"primaryImageOfPage":{"@id":"https:\/\/skaitytaknyga.lt\/produktas\/tore-renberg-sarlote-izabele-hansen\/#primaryimage"},"image":{"@id":"https:\/\/skaitytaknyga.lt\/produktas\/tore-renberg-sarlote-izabele-hansen\/#primaryimage"},"thumbnailUrl":"https:\/\/skaitytaknyga.lt\/wp-content\/uploads\/2024\/04\/000000000002144928-59de7f008af6e-asset-knyguklubas-cdb_gz_sarlote_izabele_hansen_p1.jpg","datePublished":"2024-04-17T13:33:45+00:00","dateModified":"2024-05-03T07:20:20+00:00","description":"Kam pasauliui reikia dar vieno vaiko? Ar mums i\u0161 ties\u0173 reikalinga dar viena ma\u017ea naivi \u0161viesiaplauk\u0117 nenaud\u0117l\u0117, kuriai r\u016bpi, ar toli iki m\u0117nulio, ar g\u0117l\u0117s verkia, kas ruden\u012f nuo med\u017ei\u0173 nupl\u0117\u0161ia lapus? Jarlei Klepui dvide\u0161imt penkeri. Jis gyvena Bergene, studijuoja literat\u016br\u0105 ir m\u0117gaujasi studenti\u0161ku gyvenimu, suteikian\u010diu jam visk\u0105, apie k\u0105 svajojo. Ekscentri\u0161kasis profesorius Robertas Gioteborgas laiko j\u012f \u017eymiu jaunu talentu. Jarl\u0117 patiria nepaprast\u0105 meil\u0117s nuotyk\u012f su stulbinama Herde Snartemo. Jis atranda savo analitinius geb\u0117jimus, suvokia asmenin\u012f \u017eaves\u012f ir svajoja apie puiki\u0105 ateit\u012f. Ir tada ateina lai\u0161kas. I\u0161 policijos. Jis kvie\u010diamas pasidaryti DNR testo. Ar ne laikas Jarlei suaugti? Bet ar jis sugeb\u0117s? Tore Renberg (g. 1972) 2004 m. buvo \u012ftrauktas \u012f de\u0161imties geriausi\u0173 jaun\u0173j\u0173 norveg\u0173 ra\u0161ytoj\u0173 s\u0105ra\u0161\u0105. Jis yra para\u0161\u0119s kelet\u0105 roman\u0173, knygeli\u0173 vaikams, i\u0161leid\u0119s prozos rinkin\u012f ir kolia\u017e\u0173 knyg\u0105. Tore Renberg peln\u0119s daugyb\u0119 literat\u016brini\u0173 priz\u0173, taip pat ir u\u017e \u0160arlot\u0119 Izabel\u0119 Hansen. Norvegijoje \u0161i knyga i\u0161 karto tapo bestseleriu, 2011 m. pagal j\u0105 sukurtas meninis filmas.","breadcrumb":{"@id":"https:\/\/skaitytaknyga.lt\/produktas\/tore-renberg-sarlote-izabele-hansen\/#breadcrumb"},"inLanguage":"en-GB","potentialAction":[{"@type":"ReadAction","target":["https:\/\/skaitytaknyga.lt\/produktas\/tore-renberg-sarlote-izabele-hansen\/"]}]},{"@type":"ImageObject","inLanguage":"en-GB","@id":"https:\/\/skaitytaknyga.lt\/produktas\/tore-renberg-sarlote-izabele-hansen\/#primaryimage","url":"https:\/\/skaitytaknyga.lt\/wp-content\/uploads\/2024\/04\/000000000002144928-59de7f008af6e-asset-knyguklubas-cdb_gz_sarlote_izabele_hansen_p1.jpg","contentUrl":"https:\/\/skaitytaknyga.lt\/wp-content\/uploads\/2024\/04\/000000000002144928-59de7f008af6e-asset-knyguklubas-cdb_gz_sarlote_izabele_hansen_p1.jpg","width":285,"height":468,"caption":"000000000002144928 59de7f008af6e asset knyguklubas cdb gz sarlote izabele hansen p1"},{"@type":"BreadcrumbList","@id":"https:\/\/skaitytaknyga.lt\/produktas\/tore-renberg-sarlote-izabele-hansen\/#breadcrumb","itemListElement":[{"@type":"ListItem","position":1,"name":"Home","item":"https:\/\/skaitytaknyga.lt\/"},{"@type":"ListItem","position":2,"name":"Parduotuv\u0117","item":"https:\/\/skaitytaknyga.lt\/knygu-parduotuve\/"},{"@type":"ListItem","position":3,"name":"Tore Renberg \u201e\u0160arlot\u0117 Izabel\u0117 Hansen\u201c"}]},{"@type":"WebSite","@id":"https:\/\/skaitytaknyga.lt\/#website","url":"https:\/\/skaitytaknyga.lt\/","name":"skaitytaknyga.lt","description":"Skaitytaknyga.lt \u2013 tai ma\u017eas \u0161eimos verslas, kuris prasid\u0117jo nuo meil\u0117s knygoms ir siekio i\u0161gelb\u0117ti knygas nuo likimo prie konteinerio. Kas vienam nereikalingas daiktas \u2013 kitam lobis, o mes esame tarpininkai, kurie padeda abiems tapti laimingesniems ???? \u017dinome kaip nelengva i\u0161gyventi ma\u017eiems verslams, tad nuo \u0161iol, \u010dia rasite ir kit\u0173, ma\u017e\u0173 \u0161eim\u0173 versl\u0173, rank\u0173 darbo, dovan\u0173 sau ir artimiesiems.","publisher":{"@id":"https:\/\/skaitytaknyga.lt\/#organization"},"potentialAction":[{"@type":"SearchAction","target":{"@type":"EntryPoint","urlTemplate":"https:\/\/skaitytaknyga.lt\/?s={search_term_string}"},"query-input":{"@type":"PropertyValueSpecification","valueRequired":true,"valueName":"search_term_string"}}],"inLanguage":"en-GB"},{"@type":"Organization","@id":"https:\/\/skaitytaknyga.lt\/#organization","name":"skaitytaknyga.lt","url":"https:\/\/skaitytaknyga.lt\/","logo":{"@type":"ImageObject","inLanguage":"en-GB","@id":"https:\/\/skaitytaknyga.lt\/#\/schema\/logo\/image\/","url":"https:\/\/skaitytaknyga.lt\/wp-content\/uploads\/2024\/05\/cropped-cropped-cropped-02_00843_jt3bggkj1j3HLc7SyY6rEUpg.jpeg","contentUrl":"https:\/\/skaitytaknyga.lt\/wp-content\/uploads\/2024\/05\/cropped-cropped-cropped-02_00843_jt3bggkj1j3HLc7SyY6rEUpg.jpeg","width":1600,"height":1600,"caption":"skaitytaknyga.lt"},"image":{"@id":"https:\/\/skaitytaknyga.lt\/#\/schema\/logo\/image\/"},"sameAs":["https:\/\/www.facebook.com\/skaitytaknyga\/"]}]}},"_links":{"self":[{"href":"https:\/\/skaitytaknyga.lt\/en\/wp-json\/wp\/v2\/product\/3568","targetHints":{"allow":["GET"]}}],"collection":[{"href":"https:\/\/skaitytaknyga.lt\/en\/wp-json\/wp\/v2\/product"}],"about":[{"href":"https:\/\/skaitytaknyga.lt\/en\/wp-json\/wp\/v2\/types\/product"}],"replies":[{"embeddable":true,"href":"https:\/\/skaitytaknyga.lt\/en\/wp-json\/wp\/v2\/comments?post=3568"}],"wp:featuredmedia":[{"embeddable":true,"href":"https:\/\/skaitytaknyga.lt\/en\/wp-json\/wp\/v2\/media\/3615"}],"wp:attachment":[{"href":"https:\/\/skaitytaknyga.lt\/en\/wp-json\/wp\/v2\/media?parent=3568"}],"wp:term":[{"taxonomy":"product_brand","embeddable":true,"href":"https:\/\/skaitytaknyga.lt\/en\/wp-json\/wp\/v2\/product_brand?post=3568"},{"taxonomy":"product_cat","embeddable":true,"href":"https:\/\/skaitytaknyga.lt\/en\/wp-json\/wp\/v2\/product_cat?post=3568"},{"taxonomy":"product_tag","embeddable":true,"href":"https:\/\/skaitytaknyga.lt\/en\/wp-json\/wp\/v2\/product_tag?post=3568"}],"curies":[{"name":"wp","href":"https:\/\/api.w.org\/{rel}","templated":true}]}}