{"id":3538,"date":"2024-04-17T13:33:01","date_gmt":"2024-04-17T13:33:01","guid":{"rendered":"https:\/\/skaitytaknyga.lt\/?post_type=product&#038;p=3538"},"modified":"2026-03-05T15:46:52","modified_gmt":"2026-03-05T13:46:52","slug":"vilkolakio-principas-pfaf-9","status":"publish","type":"product","link":"https:\/\/skaitytaknyga.lt\/en\/produktas\/vilkolakio-principas-pfaf-9\/","title":{"rendered":"Vilkolakio principas (PFAF 9)"},"content":{"rendered":"<p>Endri\u0173 Bleik\u0105, surast\u0105 u\u017e\u0161aldyt\u0105 kapsul\u0117je tolimoje planetoje, parve\u017ea \u012f \u017dem\u0119. Jam \u2013 per 200 met\u0173, m\u0105sto ir elgiasi jis kaip \u017emogus. Ta\u010diau netrukus suvokia, kad jo smegenyse gyvena dvi b\u016btyb\u0117s &#8211; keistas biologinis kompiuteris ir vilk\u0105 primenantis padaras.<\/p>\n<p>Pastarajam u\u017evald\u017eius k\u016bn\u0105, Bleikas pab\u0117ga \u012f\u0161 ligonin\u0117s, kad pagaliau atskleist\u0173 savo praeities paslaptis.<\/p>\n","protected":false},"excerpt":{"rendered":"<p>Endri\u0173 Bleik\u0105, surast\u0105 u\u017e\u0161aldyt\u0105 kapsul\u0117je tolimoje planetoje, parve\u017ea \u012f \u017dem\u0119. Jam \u2013 per 200 met\u0173, m\u0105sto ir elgiasi jis kaip \u017emogus. Ta\u010diau netrukus suvokia, kad jo smegenyse gyvena dvi b\u016btyb\u0117s &#8211; keistas biologinis kompiuteris ir vilk\u0105 primenantis padaras.<\/p>\n<p>Pastarajam u\u017evald\u017eius k\u016bn\u0105, Bleikas pab\u0117ga \u012f\u0161 ligonin\u0117s, kad pagaliau atskleist\u0173 savo praeities paslaptis.<\/p>\n","protected":false},"featured_media":3591,"comment_status":"closed","ping_status":"closed","template":"","meta":{"_acf_changed":false,"site-sidebar-layout":"default","site-content-layout":"","ast-site-content-layout":"default","site-content-style":"default","site-sidebar-style":"default","ast-global-header-display":"","ast-banner-title-visibility":"","ast-main-header-display":"","ast-hfb-above-header-display":"","ast-hfb-below-header-display":"","ast-hfb-mobile-header-display":"","site-post-title":"","ast-breadcrumbs-content":"","ast-featured-img":"","footer-sml-layout":"","ast-disable-related-posts":"","theme-transparent-header-meta":"","adv-header-id-meta":"","stick-header-meta":"","header-above-stick-meta":"","header-main-stick-meta":"","header-below-stick-meta":"","astra-migrate-meta-layouts":"default","ast-page-background-enabled":"default","ast-page-background-meta":{"desktop":{"background-color":"","background-image":"","background-repeat":"repeat","background-position":"center center","background-size":"auto","background-attachment":"scroll","background-type":"","background-media":"","overlay-type":"","overlay-color":"","overlay-opacity":"","overlay-gradient":""},"tablet":{"background-color":"","background-image":"","background-repeat":"repeat","background-position":"center center","background-size":"auto","background-attachment":"scroll","background-type":"","background-media":"","overlay-type":"","overlay-color":"","overlay-opacity":"","overlay-gradient":""},"mobile":{"background-color":"","background-image":"","background-repeat":"repeat","background-position":"center center","background-size":"auto","background-attachment":"scroll","background-type":"","background-media":"","overlay-type":"","overlay-color":"","overlay-opacity":"","overlay-gradient":""}},"ast-content-background-meta":{"desktop":{"background-color":"var(--ast-global-color-4)","background-image":"","background-repeat":"repeat","background-position":"center center","background-size":"auto","background-attachment":"scroll","background-type":"","background-media":"","overlay-type":"","overlay-color":"","overlay-opacity":"","overlay-gradient":""},"tablet":{"background-color":"var(--ast-global-color-4)","background-image":"","background-repeat":"repeat","background-position":"center center","background-size":"auto","background-attachment":"scroll","background-type":"","background-media":"","overlay-type":"","overlay-color":"","overlay-opacity":"","overlay-gradient":""},"mobile":{"background-color":"var(--ast-global-color-4)","background-image":"","background-repeat":"repeat","background-position":"center center","background-size":"auto","background-attachment":"scroll","background-type":"","background-media":"","overlay-type":"","overlay-color":"","overlay-opacity":"","overlay-gradient":""}}},"product_brand":[],"product_cat":[15],"product_tag":[458],"class_list":{"0":"post-3538","1":"product","2":"type-product","3":"status-publish","4":"has-post-thumbnail","6":"product_cat-uncategorized","7":"product_tag-pasauline-fantastikos-aukso-fondas","8":"desktop-align-left","9":"tablet-align-left","10":"mobile-align-left","12":"first","13":"instock","14":"shipping-taxable","15":"purchasable","16":"product-type-simple"},"acf":[],"yoast_head":"<!-- This site is optimized with the Yoast SEO plugin v27.0 - https:\/\/yoast.com\/product\/yoast-seo-wordpress\/ -->\n<title>Vilkolakio principas (PFAF 9)<\/title>\n<meta name=\"description\" content=\"Endri\u0173 Bleik\u0105, surast\u0105 u\u017e\u0161aldyt\u0105 kapsul\u0117je tolimoje planetoje, parve\u017ea \u012f \u017dem\u0119. Jam \u2013 per 200 met\u0173, m\u0105sto ir elgiasi jis kaip \u017emogus. Ta\u010diau netrukus suvokia, kad jo smegenyse gyvena dvi b\u016btyb\u0117s - keistas biologinis kompiuteris ir vilk\u0105 primenantis padaras.  Pastarajam u\u017evald\u017eius k\u016bn\u0105, Bleikas pab\u0117ga \u012f\u0161 ligonin\u0117s, kad pagaliau atskleist\u0173 savo praeities paslaptis.\" \/>\n<meta name=\"robots\" content=\"index, follow, max-snippet:-1, max-image-preview:large, max-video-preview:-1\" \/>\n<link rel=\"canonical\" href=\"https:\/\/skaitytaknyga.lt\/en\/produktas\/vilkolakio-principas-pfaf-9\/\" \/>\n<meta property=\"og:locale\" content=\"en_GB\" \/>\n<meta property=\"og:locale:alternate\" content=\"lt_LT\" \/>\n<meta property=\"og:type\" content=\"article\" \/>\n<meta property=\"og:title\" content=\"Vilkolakio principas (PFAF 9)\" \/>\n<meta property=\"og:description\" content=\"Endri\u0173 Bleik\u0105, surast\u0105 u\u017e\u0161aldyt\u0105 kapsul\u0117je tolimoje planetoje, parve\u017ea \u012f \u017dem\u0119. Jam \u2013 per 200 met\u0173, m\u0105sto ir elgiasi jis kaip \u017emogus. Ta\u010diau netrukus suvokia, kad jo smegenyse gyvena dvi b\u016btyb\u0117s - keistas biologinis kompiuteris ir vilk\u0105 primenantis padaras.  Pastarajam u\u017evald\u017eius k\u016bn\u0105, Bleikas pab\u0117ga \u012f\u0161 ligonin\u0117s, kad pagaliau atskleist\u0173 savo praeities paslaptis.\" \/>\n<meta property=\"og:url\" content=\"https:\/\/skaitytaknyga.lt\/en\/produktas\/vilkolakio-principas-pfaf-9\/\" \/>\n<meta property=\"og:site_name\" content=\"Skaitytaknyga\" \/>\n<meta property=\"article:publisher\" content=\"https:\/\/www.facebook.com\/skaitytaknyga\/\" \/>\n<meta property=\"article:modified_time\" content=\"2026-03-05T13:46:52+00:00\" \/>\n<meta property=\"og:image\" content=\"https:\/\/skaitytaknyga.lt\/wp-content\/uploads\/2024\/04\/1462880143_img0002.jpg\" \/>\n\t<meta property=\"og:image:width\" content=\"269\" \/>\n\t<meta property=\"og:image:height\" content=\"430\" \/>\n\t<meta property=\"og:image:type\" content=\"image\/jpeg\" \/>\n<meta name=\"twitter:card\" content=\"summary_large_image\" \/>\n<script type=\"application\/ld+json\" class=\"yoast-schema-graph\">{\"@context\":\"https:\/\/schema.org\",\"@graph\":[{\"@type\":\"WebPage\",\"@id\":\"https:\/\/skaitytaknyga.lt\/produktas\/vilkolakio-principas-pfaf-9\/\",\"url\":\"https:\/\/skaitytaknyga.lt\/produktas\/vilkolakio-principas-pfaf-9\/\",\"name\":\"Vilkolakio principas (PFAF 9)\",\"isPartOf\":{\"@id\":\"https:\/\/skaitytaknyga.lt\/#website\"},\"primaryImageOfPage\":{\"@id\":\"https:\/\/skaitytaknyga.lt\/produktas\/vilkolakio-principas-pfaf-9\/#primaryimage\"},\"image\":{\"@id\":\"https:\/\/skaitytaknyga.lt\/produktas\/vilkolakio-principas-pfaf-9\/#primaryimage\"},\"thumbnailUrl\":\"https:\/\/skaitytaknyga.lt\/wp-content\/uploads\/2024\/04\/1462880143_img0002.jpg\",\"datePublished\":\"2024-04-17T13:33:01+00:00\",\"dateModified\":\"2026-03-05T13:46:52+00:00\",\"description\":\"Endri\u0173 Bleik\u0105, surast\u0105 u\u017e\u0161aldyt\u0105 kapsul\u0117je tolimoje planetoje, parve\u017ea \u012f \u017dem\u0119. Jam \u2013 per 200 met\u0173, m\u0105sto ir elgiasi jis kaip \u017emogus. Ta\u010diau netrukus suvokia, kad jo smegenyse gyvena dvi b\u016btyb\u0117s - keistas biologinis kompiuteris ir vilk\u0105 primenantis padaras. Pastarajam u\u017evald\u017eius k\u016bn\u0105, Bleikas pab\u0117ga \u012f\u0161 ligonin\u0117s, kad pagaliau atskleist\u0173 savo praeities paslaptis.\",\"breadcrumb\":{\"@id\":\"https:\/\/skaitytaknyga.lt\/produktas\/vilkolakio-principas-pfaf-9\/#breadcrumb\"},\"inLanguage\":\"en-GB\",\"potentialAction\":[{\"@type\":\"ReadAction\",\"target\":[\"https:\/\/skaitytaknyga.lt\/produktas\/vilkolakio-principas-pfaf-9\/\"]}]},{\"@type\":\"ImageObject\",\"inLanguage\":\"en-GB\",\"@id\":\"https:\/\/skaitytaknyga.lt\/produktas\/vilkolakio-principas-pfaf-9\/#primaryimage\",\"url\":\"https:\/\/skaitytaknyga.lt\/wp-content\/uploads\/2024\/04\/1462880143_img0002.jpg\",\"contentUrl\":\"https:\/\/skaitytaknyga.lt\/wp-content\/uploads\/2024\/04\/1462880143_img0002.jpg\",\"width\":269,\"height\":430,\"caption\":\"1462880143 img0002\"},{\"@type\":\"BreadcrumbList\",\"@id\":\"https:\/\/skaitytaknyga.lt\/produktas\/vilkolakio-principas-pfaf-9\/#breadcrumb\",\"itemListElement\":[{\"@type\":\"ListItem\",\"position\":1,\"name\":\"Home\",\"item\":\"https:\/\/skaitytaknyga.lt\/\"},{\"@type\":\"ListItem\",\"position\":2,\"name\":\"Parduotuv\u0117\",\"item\":\"https:\/\/skaitytaknyga.lt\/knygu-parduotuve\/\"},{\"@type\":\"ListItem\",\"position\":3,\"name\":\"Vilkolakio principas (PFAF 9)\"}]},{\"@type\":\"WebSite\",\"@id\":\"https:\/\/skaitytaknyga.lt\/#website\",\"url\":\"https:\/\/skaitytaknyga.lt\/\",\"name\":\"skaitytaknyga.lt\",\"description\":\"Skaitytaknyga.lt \u2013 tai ma\u017eas \u0161eimos verslas, kuris prasid\u0117jo nuo meil\u0117s knygoms ir siekio i\u0161gelb\u0117ti knygas nuo likimo prie konteinerio. Kas vienam nereikalingas daiktas \u2013 kitam lobis, o mes esame tarpininkai, kurie padeda abiems tapti laimingesniems ???? \u017dinome kaip nelengva i\u0161gyventi ma\u017eiems verslams, tad nuo \u0161iol, \u010dia rasite ir kit\u0173, ma\u017e\u0173 \u0161eim\u0173 versl\u0173, rank\u0173 darbo, dovan\u0173 sau ir artimiesiems.\",\"publisher\":{\"@id\":\"https:\/\/skaitytaknyga.lt\/#organization\"},\"potentialAction\":[{\"@type\":\"SearchAction\",\"target\":{\"@type\":\"EntryPoint\",\"urlTemplate\":\"https:\/\/skaitytaknyga.lt\/?s={search_term_string}\"},\"query-input\":{\"@type\":\"PropertyValueSpecification\",\"valueRequired\":true,\"valueName\":\"search_term_string\"}}],\"inLanguage\":\"en-GB\"},{\"@type\":\"Organization\",\"@id\":\"https:\/\/skaitytaknyga.lt\/#organization\",\"name\":\"skaitytaknyga.lt\",\"url\":\"https:\/\/skaitytaknyga.lt\/\",\"logo\":{\"@type\":\"ImageObject\",\"inLanguage\":\"en-GB\",\"@id\":\"https:\/\/skaitytaknyga.lt\/#\/schema\/logo\/image\/\",\"url\":\"https:\/\/skaitytaknyga.lt\/wp-content\/uploads\/2024\/05\/cropped-cropped-cropped-02_00843_jt3bggkj1j3HLc7SyY6rEUpg.jpeg\",\"contentUrl\":\"https:\/\/skaitytaknyga.lt\/wp-content\/uploads\/2024\/05\/cropped-cropped-cropped-02_00843_jt3bggkj1j3HLc7SyY6rEUpg.jpeg\",\"width\":1600,\"height\":1600,\"caption\":\"skaitytaknyga.lt\"},\"image\":{\"@id\":\"https:\/\/skaitytaknyga.lt\/#\/schema\/logo\/image\/\"},\"sameAs\":[\"https:\/\/www.facebook.com\/skaitytaknyga\/\"]}]}<\/script>\n<!-- \/ Yoast SEO plugin. -->","yoast_head_json":{"title":"Vilkolakio principas (PFAF 9)","description":"Endri\u0173 Bleik\u0105, surast\u0105 u\u017e\u0161aldyt\u0105 kapsul\u0117je tolimoje planetoje, parve\u017ea \u012f \u017dem\u0119. Jam \u2013 per 200 met\u0173, m\u0105sto ir elgiasi jis kaip \u017emogus. Ta\u010diau netrukus suvokia, kad jo smegenyse gyvena dvi b\u016btyb\u0117s - keistas biologinis kompiuteris ir vilk\u0105 primenantis padaras.  Pastarajam u\u017evald\u017eius k\u016bn\u0105, Bleikas pab\u0117ga \u012f\u0161 ligonin\u0117s, kad pagaliau atskleist\u0173 savo praeities paslaptis.","robots":{"index":"index","follow":"follow","max-snippet":"max-snippet:-1","max-image-preview":"max-image-preview:large","max-video-preview":"max-video-preview:-1"},"canonical":"https:\/\/skaitytaknyga.lt\/en\/produktas\/vilkolakio-principas-pfaf-9\/","og_locale":"en_GB","og_type":"article","og_title":"[:lt]Vilkolakio principas (PFAF 9)[:] - Skaitytaknyga","og_description":"Endri\u0173 Bleik\u0105, surast\u0105 u\u017e\u0161aldyt\u0105 kapsul\u0117je tolimoje planetoje, parve\u017ea \u012f \u017dem\u0119. Jam \u2013 per 200 met\u0173, m\u0105sto ir elgiasi jis kaip \u017emogus. Ta\u010diau netrukus suvokia, kad jo smegenyse gyvena dvi b\u016btyb\u0117s - keistas biologinis kompiuteris ir vilk\u0105 primenantis padaras.  Pastarajam u\u017evald\u017eius k\u016bn\u0105, Bleikas pab\u0117ga \u012f\u0161 ligonin\u0117s, kad pagaliau atskleist\u0173 savo praeities paslaptis.","og_url":"https:\/\/skaitytaknyga.lt\/en\/produktas\/vilkolakio-principas-pfaf-9\/","og_site_name":"Skaitytaknyga","article_publisher":"https:\/\/www.facebook.com\/skaitytaknyga\/","article_modified_time":"2026-03-05T13:46:52+00:00","og_image":[{"width":269,"height":430,"url":"https:\/\/skaitytaknyga.lt\/wp-content\/uploads\/2024\/04\/1462880143_img0002.jpg","type":"image\/jpeg"}],"twitter_card":"summary_large_image","schema":{"@context":"https:\/\/schema.org","@graph":[{"@type":"WebPage","@id":"https:\/\/skaitytaknyga.lt\/produktas\/vilkolakio-principas-pfaf-9\/","url":"https:\/\/skaitytaknyga.lt\/produktas\/vilkolakio-principas-pfaf-9\/","name":"Vilkolakio principas (PFAF 9)","isPartOf":{"@id":"https:\/\/skaitytaknyga.lt\/#website"},"primaryImageOfPage":{"@id":"https:\/\/skaitytaknyga.lt\/produktas\/vilkolakio-principas-pfaf-9\/#primaryimage"},"image":{"@id":"https:\/\/skaitytaknyga.lt\/produktas\/vilkolakio-principas-pfaf-9\/#primaryimage"},"thumbnailUrl":"https:\/\/skaitytaknyga.lt\/wp-content\/uploads\/2024\/04\/1462880143_img0002.jpg","datePublished":"2024-04-17T13:33:01+00:00","dateModified":"2026-03-05T13:46:52+00:00","description":"Endri\u0173 Bleik\u0105, surast\u0105 u\u017e\u0161aldyt\u0105 kapsul\u0117je tolimoje planetoje, parve\u017ea \u012f \u017dem\u0119. Jam \u2013 per 200 met\u0173, m\u0105sto ir elgiasi jis kaip \u017emogus. Ta\u010diau netrukus suvokia, kad jo smegenyse gyvena dvi b\u016btyb\u0117s - keistas biologinis kompiuteris ir vilk\u0105 primenantis padaras. Pastarajam u\u017evald\u017eius k\u016bn\u0105, Bleikas pab\u0117ga \u012f\u0161 ligonin\u0117s, kad pagaliau atskleist\u0173 savo praeities paslaptis.","breadcrumb":{"@id":"https:\/\/skaitytaknyga.lt\/produktas\/vilkolakio-principas-pfaf-9\/#breadcrumb"},"inLanguage":"en-GB","potentialAction":[{"@type":"ReadAction","target":["https:\/\/skaitytaknyga.lt\/produktas\/vilkolakio-principas-pfaf-9\/"]}]},{"@type":"ImageObject","inLanguage":"en-GB","@id":"https:\/\/skaitytaknyga.lt\/produktas\/vilkolakio-principas-pfaf-9\/#primaryimage","url":"https:\/\/skaitytaknyga.lt\/wp-content\/uploads\/2024\/04\/1462880143_img0002.jpg","contentUrl":"https:\/\/skaitytaknyga.lt\/wp-content\/uploads\/2024\/04\/1462880143_img0002.jpg","width":269,"height":430,"caption":"1462880143 img0002"},{"@type":"BreadcrumbList","@id":"https:\/\/skaitytaknyga.lt\/produktas\/vilkolakio-principas-pfaf-9\/#breadcrumb","itemListElement":[{"@type":"ListItem","position":1,"name":"Home","item":"https:\/\/skaitytaknyga.lt\/"},{"@type":"ListItem","position":2,"name":"Parduotuv\u0117","item":"https:\/\/skaitytaknyga.lt\/knygu-parduotuve\/"},{"@type":"ListItem","position":3,"name":"Vilkolakio principas (PFAF 9)"}]},{"@type":"WebSite","@id":"https:\/\/skaitytaknyga.lt\/#website","url":"https:\/\/skaitytaknyga.lt\/","name":"skaitytaknyga.lt","description":"Skaitytaknyga.lt \u2013 tai ma\u017eas \u0161eimos verslas, kuris prasid\u0117jo nuo meil\u0117s knygoms ir siekio i\u0161gelb\u0117ti knygas nuo likimo prie konteinerio. Kas vienam nereikalingas daiktas \u2013 kitam lobis, o mes esame tarpininkai, kurie padeda abiems tapti laimingesniems ???? \u017dinome kaip nelengva i\u0161gyventi ma\u017eiems verslams, tad nuo \u0161iol, \u010dia rasite ir kit\u0173, ma\u017e\u0173 \u0161eim\u0173 versl\u0173, rank\u0173 darbo, dovan\u0173 sau ir artimiesiems.","publisher":{"@id":"https:\/\/skaitytaknyga.lt\/#organization"},"potentialAction":[{"@type":"SearchAction","target":{"@type":"EntryPoint","urlTemplate":"https:\/\/skaitytaknyga.lt\/?s={search_term_string}"},"query-input":{"@type":"PropertyValueSpecification","valueRequired":true,"valueName":"search_term_string"}}],"inLanguage":"en-GB"},{"@type":"Organization","@id":"https:\/\/skaitytaknyga.lt\/#organization","name":"skaitytaknyga.lt","url":"https:\/\/skaitytaknyga.lt\/","logo":{"@type":"ImageObject","inLanguage":"en-GB","@id":"https:\/\/skaitytaknyga.lt\/#\/schema\/logo\/image\/","url":"https:\/\/skaitytaknyga.lt\/wp-content\/uploads\/2024\/05\/cropped-cropped-cropped-02_00843_jt3bggkj1j3HLc7SyY6rEUpg.jpeg","contentUrl":"https:\/\/skaitytaknyga.lt\/wp-content\/uploads\/2024\/05\/cropped-cropped-cropped-02_00843_jt3bggkj1j3HLc7SyY6rEUpg.jpeg","width":1600,"height":1600,"caption":"skaitytaknyga.lt"},"image":{"@id":"https:\/\/skaitytaknyga.lt\/#\/schema\/logo\/image\/"},"sameAs":["https:\/\/www.facebook.com\/skaitytaknyga\/"]}]}},"_links":{"self":[{"href":"https:\/\/skaitytaknyga.lt\/en\/wp-json\/wp\/v2\/product\/3538","targetHints":{"allow":["GET"]}}],"collection":[{"href":"https:\/\/skaitytaknyga.lt\/en\/wp-json\/wp\/v2\/product"}],"about":[{"href":"https:\/\/skaitytaknyga.lt\/en\/wp-json\/wp\/v2\/types\/product"}],"replies":[{"embeddable":true,"href":"https:\/\/skaitytaknyga.lt\/en\/wp-json\/wp\/v2\/comments?post=3538"}],"wp:featuredmedia":[{"embeddable":true,"href":"https:\/\/skaitytaknyga.lt\/en\/wp-json\/wp\/v2\/media\/3591"}],"wp:attachment":[{"href":"https:\/\/skaitytaknyga.lt\/en\/wp-json\/wp\/v2\/media?parent=3538"}],"wp:term":[{"taxonomy":"product_brand","embeddable":true,"href":"https:\/\/skaitytaknyga.lt\/en\/wp-json\/wp\/v2\/product_brand?post=3538"},{"taxonomy":"product_cat","embeddable":true,"href":"https:\/\/skaitytaknyga.lt\/en\/wp-json\/wp\/v2\/product_cat?post=3538"},{"taxonomy":"product_tag","embeddable":true,"href":"https:\/\/skaitytaknyga.lt\/en\/wp-json\/wp\/v2\/product_tag?post=3538"}],"curies":[{"name":"wp","href":"https:\/\/api.w.org\/{rel}","templated":true}]}}