{"id":3536,"date":"2024-04-17T13:33:01","date_gmt":"2024-04-17T13:33:01","guid":{"rendered":"https:\/\/skaitytaknyga.lt\/?post_type=product&#038;p=3536"},"modified":"2026-02-26T18:06:48","modified_gmt":"2026-02-26T16:06:48","slug":"leonas-petras-sociologija-sociologijos-paskaitos","status":"publish","type":"product","link":"https:\/\/skaitytaknyga.lt\/en\/produktas\/leonas-petras-sociologija-sociologijos-paskaitos\/","title":{"rendered":"Leonas Petras \u201eSociologija. Sociologijos paskaitos\u201c"},"content":{"rendered":"<p>Socialinio gyvenimo prie\u0161ingum\u0173 i\u0161d\u0117stymas &#8211; tai \u012f\u017eanga sociologijos paskaitoms. Nurodomi keli svarbesni socialinio gyvenimo prie\u0161ingumai ir j\u0173 kitimas \u017emonijos istorijoje: laisv\u0117 ir nelaisv\u0117, turtingumas ir neturtas, dorov\u0117 ir nedorov\u0117, demokratija ir autokratija, asmens ir kolektyvin\u0117 nuosavyb\u0117.<\/p>\n","protected":false},"excerpt":{"rendered":"<p>Socialinio gyvenimo prie\u0161ingum\u0173 i\u0161d\u0117stymas &#8211; tai \u012f\u017eanga sociologijos paskaitoms. Nurodomi keli svarbesni socialinio gyvenimo prie\u0161ingumai ir j\u0173 kitimas \u017emonijos istorijoje: laisv\u0117 ir nelaisv\u0117, turtingumas ir neturtas, dorov\u0117 ir nedorov\u0117, demokratija ir autokratija, asmens ir kolektyvin\u0117 nuosavyb\u0117.<\/p>\n","protected":false},"featured_media":23186,"comment_status":"closed","ping_status":"closed","template":"","meta":{"_acf_changed":false,"site-sidebar-layout":"default","site-content-layout":"","ast-site-content-layout":"default","site-content-style":"default","site-sidebar-style":"default","ast-global-header-display":"","ast-banner-title-visibility":"","ast-main-header-display":"","ast-hfb-above-header-display":"","ast-hfb-below-header-display":"","ast-hfb-mobile-header-display":"","site-post-title":"","ast-breadcrumbs-content":"","ast-featured-img":"","footer-sml-layout":"","ast-disable-related-posts":"","theme-transparent-header-meta":"default","adv-header-id-meta":"","stick-header-meta":"","header-above-stick-meta":"","header-main-stick-meta":"","header-below-stick-meta":"","astra-migrate-meta-layouts":"set","ast-page-background-enabled":"default","ast-page-background-meta":{"desktop":{"background-color":"","background-image":"","background-repeat":"repeat","background-position":"center center","background-size":"auto","background-attachment":"scroll","background-type":"","background-media":"","overlay-type":"","overlay-color":"","overlay-opacity":"","overlay-gradient":""},"tablet":{"background-color":"","background-image":"","background-repeat":"repeat","background-position":"center center","background-size":"auto","background-attachment":"scroll","background-type":"","background-media":"","overlay-type":"","overlay-color":"","overlay-opacity":"","overlay-gradient":""},"mobile":{"background-color":"","background-image":"","background-repeat":"repeat","background-position":"center center","background-size":"auto","background-attachment":"scroll","background-type":"","background-media":"","overlay-type":"","overlay-color":"","overlay-opacity":"","overlay-gradient":""}},"ast-content-background-meta":{"desktop":{"background-color":"var(--ast-global-color-4)","background-image":"","background-repeat":"repeat","background-position":"center center","background-size":"auto","background-attachment":"scroll","background-type":"","background-media":"","overlay-type":"","overlay-color":"","overlay-opacity":"","overlay-gradient":""},"tablet":{"background-color":"var(--ast-global-color-4)","background-image":"","background-repeat":"repeat","background-position":"center center","background-size":"auto","background-attachment":"scroll","background-type":"","background-media":"","overlay-type":"","overlay-color":"","overlay-opacity":"","overlay-gradient":""},"mobile":{"background-color":"var(--ast-global-color-4)","background-image":"","background-repeat":"repeat","background-position":"center center","background-size":"auto","background-attachment":"scroll","background-type":"","background-media":"","overlay-type":"","overlay-color":"","overlay-opacity":"","overlay-gradient":""}}},"product_brand":[],"product_cat":[392],"product_tag":[],"class_list":{"0":"post-3536","1":"product","2":"type-product","3":"status-publish","4":"has-post-thumbnail","6":"product_cat-edukologija","7":"desktop-align-left","8":"tablet-align-left","9":"mobile-align-left","11":"first","12":"outofstock","13":"shipping-taxable","14":"purchasable","15":"product-type-simple"},"acf":[],"yoast_head":"<!-- This site is optimized with the Yoast SEO plugin v27.0 - https:\/\/yoast.com\/product\/yoast-seo-wordpress\/ -->\n<title>Leonas Petras \u201eSociologija. Sociologijos paskaitos\u201c<\/title>\n<meta name=\"description\" content=\"Socialinio gyvenimo prie\u0161ingum\u0173 i\u0161d\u0117stymas - tai \u012f\u017eanga sociologijos paskaitoms. Nurodomi keli svarbesni socialinio gyvenimo prie\u0161ingumai ir j\u0173 kitimas \u017emonijos istorijoje: laisv\u0117 ir nelaisv\u0117, turtingumas ir neturtas, dorov\u0117 ir nedorov\u0117, demokratija ir autokratija, asmens ir kolektyvin\u0117 nuosavyb\u0117.\" \/>\n<meta name=\"robots\" content=\"index, follow, max-snippet:-1, max-image-preview:large, max-video-preview:-1\" \/>\n<link rel=\"canonical\" href=\"https:\/\/skaitytaknyga.lt\/en\/produktas\/leonas-petras-sociologija-sociologijos-paskaitos\/\" \/>\n<meta property=\"og:locale\" content=\"en_GB\" \/>\n<meta property=\"og:locale:alternate\" content=\"lt_LT\" \/>\n<meta property=\"og:type\" content=\"article\" \/>\n<meta property=\"og:title\" content=\"Leonas Petras \u201eSociologija. Sociologijos paskaitos\u201c\" \/>\n<meta property=\"og:description\" content=\"Socialinio gyvenimo prie\u0161ingum\u0173 i\u0161d\u0117stymas - tai \u012f\u017eanga sociologijos paskaitoms. Nurodomi keli svarbesni socialinio gyvenimo prie\u0161ingumai ir j\u0173 kitimas \u017emonijos istorijoje: laisv\u0117 ir nelaisv\u0117, turtingumas ir neturtas, dorov\u0117 ir nedorov\u0117, demokratija ir autokratija, asmens ir kolektyvin\u0117 nuosavyb\u0117.\" \/>\n<meta property=\"og:url\" content=\"https:\/\/skaitytaknyga.lt\/en\/produktas\/leonas-petras-sociologija-sociologijos-paskaitos\/\" \/>\n<meta property=\"og:site_name\" content=\"Skaitytaknyga\" \/>\n<meta property=\"article:publisher\" content=\"https:\/\/www.facebook.com\/skaitytaknyga\/\" \/>\n<meta property=\"article:modified_time\" content=\"2026-02-26T16:06:48+00:00\" \/>\n<meta property=\"og:image\" content=\"https:\/\/skaitytaknyga.lt\/wp-content\/uploads\/2024\/07\/skaitytaknyga.png\" \/>\n\t<meta property=\"og:image:width\" content=\"747\" \/>\n\t<meta property=\"og:image:height\" content=\"496\" \/>\n\t<meta property=\"og:image:type\" content=\"image\/png\" \/>\n<meta name=\"twitter:card\" content=\"summary_large_image\" \/>\n<meta name=\"twitter:label1\" content=\"Estimated reading time\" \/>\n\t<meta name=\"twitter:data1\" content=\"1 minute\" \/>\n<script type=\"application\/ld+json\" class=\"yoast-schema-graph\">{\"@context\":\"https:\/\/schema.org\",\"@graph\":[{\"@type\":\"WebPage\",\"@id\":\"https:\/\/skaitytaknyga.lt\/produktas\/leonas-petras-sociologija-sociologijos-paskaitos\/\",\"url\":\"https:\/\/skaitytaknyga.lt\/produktas\/leonas-petras-sociologija-sociologijos-paskaitos\/\",\"name\":\"Leonas Petras \u201eSociologija. Sociologijos paskaitos\u201c\",\"isPartOf\":{\"@id\":\"https:\/\/skaitytaknyga.lt\/#website\"},\"primaryImageOfPage\":{\"@id\":\"https:\/\/skaitytaknyga.lt\/produktas\/leonas-petras-sociologija-sociologijos-paskaitos\/#primaryimage\"},\"image\":{\"@id\":\"https:\/\/skaitytaknyga.lt\/produktas\/leonas-petras-sociologija-sociologijos-paskaitos\/#primaryimage\"},\"thumbnailUrl\":\"https:\/\/skaitytaknyga.lt\/wp-content\/uploads\/2024\/04\/Petras-Leonas.-Sociologija.webp\",\"datePublished\":\"2024-04-17T13:33:01+00:00\",\"dateModified\":\"2026-02-26T16:06:48+00:00\",\"description\":\"Socialinio gyvenimo prie\u0161ingum\u0173 i\u0161d\u0117stymas - tai \u012f\u017eanga sociologijos paskaitoms. Nurodomi keli svarbesni socialinio gyvenimo prie\u0161ingumai ir j\u0173 kitimas \u017emonijos istorijoje: laisv\u0117 ir nelaisv\u0117, turtingumas ir neturtas, dorov\u0117 ir nedorov\u0117, demokratija ir autokratija, asmens ir kolektyvin\u0117 nuosavyb\u0117.\",\"breadcrumb\":{\"@id\":\"https:\/\/skaitytaknyga.lt\/produktas\/leonas-petras-sociologija-sociologijos-paskaitos\/#breadcrumb\"},\"inLanguage\":\"en-GB\",\"potentialAction\":[{\"@type\":\"ReadAction\",\"target\":[\"https:\/\/skaitytaknyga.lt\/produktas\/leonas-petras-sociologija-sociologijos-paskaitos\/\"]}]},{\"@type\":\"ImageObject\",\"inLanguage\":\"en-GB\",\"@id\":\"https:\/\/skaitytaknyga.lt\/produktas\/leonas-petras-sociologija-sociologijos-paskaitos\/#primaryimage\",\"url\":\"https:\/\/skaitytaknyga.lt\/wp-content\/uploads\/2024\/04\/Petras-Leonas.-Sociologija.webp\",\"contentUrl\":\"https:\/\/skaitytaknyga.lt\/wp-content\/uploads\/2024\/04\/Petras-Leonas.-Sociologija.webp\",\"width\":385,\"height\":575,\"caption\":\"Petras-Leonas.-Sociologija\"},{\"@type\":\"BreadcrumbList\",\"@id\":\"https:\/\/skaitytaknyga.lt\/produktas\/leonas-petras-sociologija-sociologijos-paskaitos\/#breadcrumb\",\"itemListElement\":[{\"@type\":\"ListItem\",\"position\":1,\"name\":\"Home\",\"item\":\"https:\/\/skaitytaknyga.lt\/\"},{\"@type\":\"ListItem\",\"position\":2,\"name\":\"Parduotuv\u0117\",\"item\":\"https:\/\/skaitytaknyga.lt\/knygu-parduotuve\/\"},{\"@type\":\"ListItem\",\"position\":3,\"name\":\"Leonas Petras \u201eSociologija. Sociologijos paskaitos\u201c\"}]},{\"@type\":\"WebSite\",\"@id\":\"https:\/\/skaitytaknyga.lt\/#website\",\"url\":\"https:\/\/skaitytaknyga.lt\/\",\"name\":\"skaitytaknyga.lt\",\"description\":\"Skaitytaknyga.lt \u2013 tai ma\u017eas \u0161eimos verslas, kuris prasid\u0117jo nuo meil\u0117s knygoms ir siekio i\u0161gelb\u0117ti knygas nuo likimo prie konteinerio. Kas vienam nereikalingas daiktas \u2013 kitam lobis, o mes esame tarpininkai, kurie padeda abiems tapti laimingesniems ???? \u017dinome kaip nelengva i\u0161gyventi ma\u017eiems verslams, tad nuo \u0161iol, \u010dia rasite ir kit\u0173, ma\u017e\u0173 \u0161eim\u0173 versl\u0173, rank\u0173 darbo, dovan\u0173 sau ir artimiesiems.\",\"publisher\":{\"@id\":\"https:\/\/skaitytaknyga.lt\/#organization\"},\"potentialAction\":[{\"@type\":\"SearchAction\",\"target\":{\"@type\":\"EntryPoint\",\"urlTemplate\":\"https:\/\/skaitytaknyga.lt\/?s={search_term_string}\"},\"query-input\":{\"@type\":\"PropertyValueSpecification\",\"valueRequired\":true,\"valueName\":\"search_term_string\"}}],\"inLanguage\":\"en-GB\"},{\"@type\":\"Organization\",\"@id\":\"https:\/\/skaitytaknyga.lt\/#organization\",\"name\":\"skaitytaknyga.lt\",\"url\":\"https:\/\/skaitytaknyga.lt\/\",\"logo\":{\"@type\":\"ImageObject\",\"inLanguage\":\"en-GB\",\"@id\":\"https:\/\/skaitytaknyga.lt\/#\/schema\/logo\/image\/\",\"url\":\"https:\/\/skaitytaknyga.lt\/wp-content\/uploads\/2024\/05\/cropped-cropped-cropped-02_00843_jt3bggkj1j3HLc7SyY6rEUpg.jpeg\",\"contentUrl\":\"https:\/\/skaitytaknyga.lt\/wp-content\/uploads\/2024\/05\/cropped-cropped-cropped-02_00843_jt3bggkj1j3HLc7SyY6rEUpg.jpeg\",\"width\":1600,\"height\":1600,\"caption\":\"skaitytaknyga.lt\"},\"image\":{\"@id\":\"https:\/\/skaitytaknyga.lt\/#\/schema\/logo\/image\/\"},\"sameAs\":[\"https:\/\/www.facebook.com\/skaitytaknyga\/\"]}]}<\/script>\n<!-- \/ Yoast SEO plugin. -->","yoast_head_json":{"title":"Leonas Petras \u201eSociologija. Sociologijos paskaitos\u201c","description":"Socialinio gyvenimo prie\u0161ingum\u0173 i\u0161d\u0117stymas - tai \u012f\u017eanga sociologijos paskaitoms. Nurodomi keli svarbesni socialinio gyvenimo prie\u0161ingumai ir j\u0173 kitimas \u017emonijos istorijoje: laisv\u0117 ir nelaisv\u0117, turtingumas ir neturtas, dorov\u0117 ir nedorov\u0117, demokratija ir autokratija, asmens ir kolektyvin\u0117 nuosavyb\u0117.","robots":{"index":"index","follow":"follow","max-snippet":"max-snippet:-1","max-image-preview":"max-image-preview:large","max-video-preview":"max-video-preview:-1"},"canonical":"https:\/\/skaitytaknyga.lt\/en\/produktas\/leonas-petras-sociologija-sociologijos-paskaitos\/","og_locale":"en_GB","og_type":"article","og_title":"[:lt]Leonas Petras \u201eSociologija. Sociologijos paskaitos\u201c[:] - Skaitytaknyga","og_description":"Socialinio gyvenimo prie\u0161ingum\u0173 i\u0161d\u0117stymas - tai \u012f\u017eanga sociologijos paskaitoms. Nurodomi keli svarbesni socialinio gyvenimo prie\u0161ingumai ir j\u0173 kitimas \u017emonijos istorijoje: laisv\u0117 ir nelaisv\u0117, turtingumas ir neturtas, dorov\u0117 ir nedorov\u0117, demokratija ir autokratija, asmens ir kolektyvin\u0117 nuosavyb\u0117.","og_url":"https:\/\/skaitytaknyga.lt\/en\/produktas\/leonas-petras-sociologija-sociologijos-paskaitos\/","og_site_name":"Skaitytaknyga","article_publisher":"https:\/\/www.facebook.com\/skaitytaknyga\/","article_modified_time":"2026-02-26T16:06:48+00:00","og_image":[{"width":747,"height":496,"url":"https:\/\/skaitytaknyga.lt\/wp-content\/uploads\/2024\/07\/skaitytaknyga.png","type":"image\/png"}],"twitter_card":"summary_large_image","twitter_misc":{"Estimated reading time":"1 minute"},"schema":{"@context":"https:\/\/schema.org","@graph":[{"@type":"WebPage","@id":"https:\/\/skaitytaknyga.lt\/produktas\/leonas-petras-sociologija-sociologijos-paskaitos\/","url":"https:\/\/skaitytaknyga.lt\/produktas\/leonas-petras-sociologija-sociologijos-paskaitos\/","name":"Leonas Petras \u201eSociologija. Sociologijos paskaitos\u201c","isPartOf":{"@id":"https:\/\/skaitytaknyga.lt\/#website"},"primaryImageOfPage":{"@id":"https:\/\/skaitytaknyga.lt\/produktas\/leonas-petras-sociologija-sociologijos-paskaitos\/#primaryimage"},"image":{"@id":"https:\/\/skaitytaknyga.lt\/produktas\/leonas-petras-sociologija-sociologijos-paskaitos\/#primaryimage"},"thumbnailUrl":"https:\/\/skaitytaknyga.lt\/wp-content\/uploads\/2024\/04\/Petras-Leonas.-Sociologija.webp","datePublished":"2024-04-17T13:33:01+00:00","dateModified":"2026-02-26T16:06:48+00:00","description":"Socialinio gyvenimo prie\u0161ingum\u0173 i\u0161d\u0117stymas - tai \u012f\u017eanga sociologijos paskaitoms. Nurodomi keli svarbesni socialinio gyvenimo prie\u0161ingumai ir j\u0173 kitimas \u017emonijos istorijoje: laisv\u0117 ir nelaisv\u0117, turtingumas ir neturtas, dorov\u0117 ir nedorov\u0117, demokratija ir autokratija, asmens ir kolektyvin\u0117 nuosavyb\u0117.","breadcrumb":{"@id":"https:\/\/skaitytaknyga.lt\/produktas\/leonas-petras-sociologija-sociologijos-paskaitos\/#breadcrumb"},"inLanguage":"en-GB","potentialAction":[{"@type":"ReadAction","target":["https:\/\/skaitytaknyga.lt\/produktas\/leonas-petras-sociologija-sociologijos-paskaitos\/"]}]},{"@type":"ImageObject","inLanguage":"en-GB","@id":"https:\/\/skaitytaknyga.lt\/produktas\/leonas-petras-sociologija-sociologijos-paskaitos\/#primaryimage","url":"https:\/\/skaitytaknyga.lt\/wp-content\/uploads\/2024\/04\/Petras-Leonas.-Sociologija.webp","contentUrl":"https:\/\/skaitytaknyga.lt\/wp-content\/uploads\/2024\/04\/Petras-Leonas.-Sociologija.webp","width":385,"height":575,"caption":"Petras-Leonas.-Sociologija"},{"@type":"BreadcrumbList","@id":"https:\/\/skaitytaknyga.lt\/produktas\/leonas-petras-sociologija-sociologijos-paskaitos\/#breadcrumb","itemListElement":[{"@type":"ListItem","position":1,"name":"Home","item":"https:\/\/skaitytaknyga.lt\/"},{"@type":"ListItem","position":2,"name":"Parduotuv\u0117","item":"https:\/\/skaitytaknyga.lt\/knygu-parduotuve\/"},{"@type":"ListItem","position":3,"name":"Leonas Petras \u201eSociologija. Sociologijos paskaitos\u201c"}]},{"@type":"WebSite","@id":"https:\/\/skaitytaknyga.lt\/#website","url":"https:\/\/skaitytaknyga.lt\/","name":"skaitytaknyga.lt","description":"Skaitytaknyga.lt \u2013 tai ma\u017eas \u0161eimos verslas, kuris prasid\u0117jo nuo meil\u0117s knygoms ir siekio i\u0161gelb\u0117ti knygas nuo likimo prie konteinerio. Kas vienam nereikalingas daiktas \u2013 kitam lobis, o mes esame tarpininkai, kurie padeda abiems tapti laimingesniems ???? \u017dinome kaip nelengva i\u0161gyventi ma\u017eiems verslams, tad nuo \u0161iol, \u010dia rasite ir kit\u0173, ma\u017e\u0173 \u0161eim\u0173 versl\u0173, rank\u0173 darbo, dovan\u0173 sau ir artimiesiems.","publisher":{"@id":"https:\/\/skaitytaknyga.lt\/#organization"},"potentialAction":[{"@type":"SearchAction","target":{"@type":"EntryPoint","urlTemplate":"https:\/\/skaitytaknyga.lt\/?s={search_term_string}"},"query-input":{"@type":"PropertyValueSpecification","valueRequired":true,"valueName":"search_term_string"}}],"inLanguage":"en-GB"},{"@type":"Organization","@id":"https:\/\/skaitytaknyga.lt\/#organization","name":"skaitytaknyga.lt","url":"https:\/\/skaitytaknyga.lt\/","logo":{"@type":"ImageObject","inLanguage":"en-GB","@id":"https:\/\/skaitytaknyga.lt\/#\/schema\/logo\/image\/","url":"https:\/\/skaitytaknyga.lt\/wp-content\/uploads\/2024\/05\/cropped-cropped-cropped-02_00843_jt3bggkj1j3HLc7SyY6rEUpg.jpeg","contentUrl":"https:\/\/skaitytaknyga.lt\/wp-content\/uploads\/2024\/05\/cropped-cropped-cropped-02_00843_jt3bggkj1j3HLc7SyY6rEUpg.jpeg","width":1600,"height":1600,"caption":"skaitytaknyga.lt"},"image":{"@id":"https:\/\/skaitytaknyga.lt\/#\/schema\/logo\/image\/"},"sameAs":["https:\/\/www.facebook.com\/skaitytaknyga\/"]}]}},"_links":{"self":[{"href":"https:\/\/skaitytaknyga.lt\/en\/wp-json\/wp\/v2\/product\/3536","targetHints":{"allow":["GET"]}}],"collection":[{"href":"https:\/\/skaitytaknyga.lt\/en\/wp-json\/wp\/v2\/product"}],"about":[{"href":"https:\/\/skaitytaknyga.lt\/en\/wp-json\/wp\/v2\/types\/product"}],"replies":[{"embeddable":true,"href":"https:\/\/skaitytaknyga.lt\/en\/wp-json\/wp\/v2\/comments?post=3536"}],"wp:featuredmedia":[{"embeddable":true,"href":"https:\/\/skaitytaknyga.lt\/en\/wp-json\/wp\/v2\/media\/23186"}],"wp:attachment":[{"href":"https:\/\/skaitytaknyga.lt\/en\/wp-json\/wp\/v2\/media?parent=3536"}],"wp:term":[{"taxonomy":"product_brand","embeddable":true,"href":"https:\/\/skaitytaknyga.lt\/en\/wp-json\/wp\/v2\/product_brand?post=3536"},{"taxonomy":"product_cat","embeddable":true,"href":"https:\/\/skaitytaknyga.lt\/en\/wp-json\/wp\/v2\/product_cat?post=3536"},{"taxonomy":"product_tag","embeddable":true,"href":"https:\/\/skaitytaknyga.lt\/en\/wp-json\/wp\/v2\/product_tag?post=3536"}],"curies":[{"name":"wp","href":"https:\/\/api.w.org\/{rel}","templated":true}]}}