{"id":3528,"date":"2024-04-17T13:32:31","date_gmt":"2024-04-17T13:32:31","guid":{"rendered":"https:\/\/skaitytaknyga.lt\/?post_type=product&#038;p=3528"},"modified":"2024-05-03T07:20:10","modified_gmt":"2024-05-03T07:20:10","slug":"michael-freeman-fotografo-akis-grafinis-vadovas","status":"publish","type":"product","link":"https:\/\/skaitytaknyga.lt\/en\/produktas\/michael-freeman-fotografo-akis-grafinis-vadovas\/","title":{"rendered":"Michael Freeman \u201eFotografo Akis. Grafinis vadovas\u201c"},"content":{"rendered":"<p>Tarptautiniame bestseleryje\u00a0<a title=\"Michael Freeman \u201eFotografo akis\u201c\" href=\"https:\/\/www.knygos.lt\/lt\/knygos\/fotografo-akis\/\"><strong>\u201eFotografo akis\u201c<\/strong><\/a>\u00a0i\u0161pl\u0117toj\u0119s nauj\u0105 po\u017ei\u016br\u012f \u012f kompozicij\u0105,\u00a0<strong>Michaelas Freemanas<\/strong>\u00a0\u0161ioje knygoje tyrin\u0117ja vaizdin\u0119 fotografijos mechanik\u0105. Gausiai iliustruota fotografijomis ir grafiniais pavyzd\u017eiais\u00a0 knyga\u00a0<strong>\u201eFotografo Akis: Grafinis vadovas\u201c<\/strong>\u00a0pasakoja intuityvia, vaizdine, akimirkos \u012fsp\u016bd\u017eiu pagr\u012fsta kalba, kuria remdamiesi fotografai m\u0105sto ir dirba. Knyga suskirstyta \u012f dalis, o kiekviena j\u0173 sudaryta i\u0161 ma\u017eesni\u0173 skyreli\u0173, kuriuose apra\u0161yti darbo metodai tam tikroms id\u0117joms perteikti ir tam tikriems objektams \u012fam\u017einti.<\/p>\n<p><strong>\u201eFotografo Akis: Grafinis vadovas\u201c<\/strong>\u00a0\u2013 pasinerkite \u012f nuostabi\u0173 vaizd\u0173 pasaul\u012f ir su\u017einokite, kaip kompoziciniams elementams atvaizde parenkama konkreti vieta ir kaip jie susij\u0119 vienas su kitu. Panagrin\u0117kite fotosesij\u0173 pavyzd\u017eius ir suprasite, kod\u0117l vienas kadras nusisek\u0117, o kiti \u2013 ne. Sekite, kaip per fotografij\u0105 juda \u017ei\u016brovo akis, ir atraskite kiekvieno kadro optin\u0117s dinamikos d\u0117snius. Ir vis\u0173 svarbiausia \u2013 perpraskite grafin\u0119 kalb\u0105 taip, kad savo fotoaparato vaizdo ie\u0161kiklyje i\u0161syk atpa\u017eintum\u0117te nuostab\u0173 kadr\u0105.<\/p>\n","protected":false},"excerpt":{"rendered":"<p>Tarptautiniame bestseleryje\u00a0<a title=\"Michael Freeman \u201eFotografo akis\u201c\" href=\"https:\/\/www.knygos.lt\/lt\/knygos\/fotografo-akis\/\"><strong>\u201eFotografo akis\u201c<\/strong><\/a>\u00a0i\u0161pl\u0117toj\u0119s nauj\u0105 po\u017ei\u016br\u012f \u012f kompozicij\u0105,\u00a0<strong>Michaelas Freemanas<\/strong>\u00a0\u0161ioje knygoje tyrin\u0117ja vaizdin\u0119 fotografijos mechanik\u0105. Gausiai iliustruota fotografijomis ir grafiniais pavyzd\u017eiais\u00a0 knyga\u00a0<strong>\u201eFotografo Akis: Grafinis vadovas\u201c<\/strong>\u00a0pasakoja intuityvia, vaizdine, akimirkos \u012fsp\u016bd\u017eiu pagr\u012fsta kalba, kuria remdamiesi fotografai m\u0105sto ir dirba. Knyga suskirstyta \u012f dalis, o kiekviena j\u0173 sudaryta i\u0161 ma\u017eesni\u0173 skyreli\u0173, kuriuose apra\u0161yti darbo metodai tam tikroms id\u0117joms perteikti ir tam tikriems objektams \u012fam\u017einti.<\/p>\n<p><strong>\u201eFotografo Akis: Grafinis vadovas\u201c<\/strong>\u00a0\u2013 pasinerkite \u012f nuostabi\u0173 vaizd\u0173 pasaul\u012f ir su\u017einokite, kaip kompoziciniams elementams atvaizde parenkama konkreti vieta ir kaip jie susij\u0119 vienas su kitu. Panagrin\u0117kite fotosesij\u0173 pavyzd\u017eius ir suprasite, kod\u0117l vienas kadras nusisek\u0117, o kiti \u2013 ne. Sekite, kaip per fotografij\u0105 juda \u017ei\u016brovo akis, ir atraskite kiekvieno kadro optin\u0117s dinamikos d\u0117snius. Ir vis\u0173 svarbiausia \u2013 perpraskite grafin\u0119 kalb\u0105 taip, kad savo fotoaparato vaizdo ie\u0161kiklyje i\u0161syk atpa\u017eintum\u0117te nuostab\u0173 kadr\u0105.<\/p>\n","protected":false},"featured_media":3581,"comment_status":"closed","ping_status":"closed","template":"","meta":{"_acf_changed":false,"site-sidebar-layout":"default","site-content-layout":"","ast-site-content-layout":"default","site-content-style":"default","site-sidebar-style":"default","ast-global-header-display":"","ast-banner-title-visibility":"","ast-main-header-display":"","ast-hfb-above-header-display":"","ast-hfb-below-header-display":"","ast-hfb-mobile-header-display":"","site-post-title":"","ast-breadcrumbs-content":"","ast-featured-img":"","footer-sml-layout":"","ast-disable-related-posts":"","theme-transparent-header-meta":"","adv-header-id-meta":"","stick-header-meta":"","header-above-stick-meta":"","header-main-stick-meta":"","header-below-stick-meta":"","astra-migrate-meta-layouts":"default","ast-page-background-enabled":"default","ast-page-background-meta":{"desktop":{"background-color":"","background-image":"","background-repeat":"repeat","background-position":"center center","background-size":"auto","background-attachment":"scroll","background-type":"","background-media":"","overlay-type":"","overlay-color":"","overlay-opacity":"","overlay-gradient":""},"tablet":{"background-color":"","background-image":"","background-repeat":"repeat","background-position":"center center","background-size":"auto","background-attachment":"scroll","background-type":"","background-media":"","overlay-type":"","overlay-color":"","overlay-opacity":"","overlay-gradient":""},"mobile":{"background-color":"","background-image":"","background-repeat":"repeat","background-position":"center center","background-size":"auto","background-attachment":"scroll","background-type":"","background-media":"","overlay-type":"","overlay-color":"","overlay-opacity":"","overlay-gradient":""}},"ast-content-background-meta":{"desktop":{"background-color":"var(--ast-global-color-4)","background-image":"","background-repeat":"repeat","background-position":"center center","background-size":"auto","background-attachment":"scroll","background-type":"","background-media":"","overlay-type":"","overlay-color":"","overlay-opacity":"","overlay-gradient":""},"tablet":{"background-color":"var(--ast-global-color-4)","background-image":"","background-repeat":"repeat","background-position":"center center","background-size":"auto","background-attachment":"scroll","background-type":"","background-media":"","overlay-type":"","overlay-color":"","overlay-opacity":"","overlay-gradient":""},"mobile":{"background-color":"var(--ast-global-color-4)","background-image":"","background-repeat":"repeat","background-position":"center center","background-size":"auto","background-attachment":"scroll","background-type":"","background-media":"","overlay-type":"","overlay-color":"","overlay-opacity":"","overlay-gradient":""}}},"product_brand":[],"product_cat":[27],"product_tag":[],"class_list":{"0":"post-3528","1":"product","2":"type-product","3":"status-publish","4":"has-post-thumbnail","6":"product_cat-sportas-laisvalaikis-rankdarbiai","7":"desktop-align-left","8":"tablet-align-left","9":"mobile-align-left","11":"first","12":"outofstock","13":"shipping-taxable","14":"purchasable","15":"product-type-simple"},"acf":[],"yoast_head":"<!-- This site is optimized with the Yoast SEO plugin v27.0 - https:\/\/yoast.com\/product\/yoast-seo-wordpress\/ -->\n<title>Michael Freeman \u201eFotografo Akis. Grafinis vadovas\u201c - Skaitytaknyga<\/title>\n<meta name=\"description\" content=\"Tarptautiniame bestseleryje\u00a0\u201eFotografo akis\u201c\u00a0i\u0161pl\u0117toj\u0119s nauj\u0105 po\u017ei\u016br\u012f \u012f kompozicij\u0105,\u00a0Michaelas Freemanas\u00a0\u0161ioje knygoje tyrin\u0117ja vaizdin\u0119 fotografijos mechanik\u0105. Gausiai iliustruota fotografijomis ir grafiniais pavyzd\u017eiais\u00a0 knyga\u00a0\u201eFotografo Akis: Grafinis vadovas\u201c\u00a0pasakoja intuityvia, vaizdine, akimirkos \u012fsp\u016bd\u017eiu pagr\u012fsta kalba, kuria remdamiesi fotografai m\u0105sto ir dirba. Knyga suskirstyta \u012f dalis, o kiekviena j\u0173 sudaryta i\u0161 ma\u017eesni\u0173 skyreli\u0173, kuriuose apra\u0161yti darbo metodai tam tikroms id\u0117joms perteikti ir tam tikriems objektams \u012fam\u017einti.  \u201eFotografo Akis: Grafinis vadovas\u201c\u00a0\u2013 pasinerkite \u012f nuostabi\u0173 vaizd\u0173 pasaul\u012f ir su\u017einokite, kaip kompoziciniams elementams atvaizde parenkama konkreti vieta ir kaip jie susij\u0119 vienas su kitu. Panagrin\u0117kite fotosesij\u0173 pavyzd\u017eius ir suprasite, kod\u0117l vienas kadras nusisek\u0117, o kiti \u2013 ne. Sekite, kaip per fotografij\u0105 juda \u017ei\u016brovo akis, ir atraskite kiekvieno kadro optin\u0117s dinamikos d\u0117snius. Ir vis\u0173 svarbiausia \u2013 perpraskite grafin\u0119 kalb\u0105 taip, kad savo fotoaparato vaizdo ie\u0161kiklyje i\u0161syk atpa\u017eintum\u0117te nuostab\u0173 kadr\u0105.\" \/>\n<meta name=\"robots\" content=\"index, follow, max-snippet:-1, max-image-preview:large, max-video-preview:-1\" \/>\n<link rel=\"canonical\" href=\"https:\/\/skaitytaknyga.lt\/en\/produktas\/michael-freeman-fotografo-akis-grafinis-vadovas\/\" \/>\n<meta property=\"og:locale\" content=\"en_GB\" \/>\n<meta property=\"og:locale:alternate\" content=\"lt_LT\" \/>\n<meta property=\"og:type\" content=\"article\" \/>\n<meta property=\"og:title\" content=\"Michael Freeman \u201eFotografo Akis. Grafinis vadovas\u201c - Skaitytaknyga\" \/>\n<meta property=\"og:description\" content=\"Tarptautiniame bestseleryje\u00a0\u201eFotografo akis\u201c\u00a0i\u0161pl\u0117toj\u0119s nauj\u0105 po\u017ei\u016br\u012f \u012f kompozicij\u0105,\u00a0Michaelas Freemanas\u00a0\u0161ioje knygoje tyrin\u0117ja vaizdin\u0119 fotografijos mechanik\u0105. Gausiai iliustruota fotografijomis ir grafiniais pavyzd\u017eiais\u00a0 knyga\u00a0\u201eFotografo Akis: Grafinis vadovas\u201c\u00a0pasakoja intuityvia, vaizdine, akimirkos \u012fsp\u016bd\u017eiu pagr\u012fsta kalba, kuria remdamiesi fotografai m\u0105sto ir dirba. Knyga suskirstyta \u012f dalis, o kiekviena j\u0173 sudaryta i\u0161 ma\u017eesni\u0173 skyreli\u0173, kuriuose apra\u0161yti darbo metodai tam tikroms id\u0117joms perteikti ir tam tikriems objektams \u012fam\u017einti.  \u201eFotografo Akis: Grafinis vadovas\u201c\u00a0\u2013 pasinerkite \u012f nuostabi\u0173 vaizd\u0173 pasaul\u012f ir su\u017einokite, kaip kompoziciniams elementams atvaizde parenkama konkreti vieta ir kaip jie susij\u0119 vienas su kitu. Panagrin\u0117kite fotosesij\u0173 pavyzd\u017eius ir suprasite, kod\u0117l vienas kadras nusisek\u0117, o kiti \u2013 ne. Sekite, kaip per fotografij\u0105 juda \u017ei\u016brovo akis, ir atraskite kiekvieno kadro optin\u0117s dinamikos d\u0117snius. Ir vis\u0173 svarbiausia \u2013 perpraskite grafin\u0119 kalb\u0105 taip, kad savo fotoaparato vaizdo ie\u0161kiklyje i\u0161syk atpa\u017eintum\u0117te nuostab\u0173 kadr\u0105.\" \/>\n<meta property=\"og:url\" content=\"https:\/\/skaitytaknyga.lt\/en\/produktas\/michael-freeman-fotografo-akis-grafinis-vadovas\/\" \/>\n<meta property=\"og:site_name\" content=\"Skaitytaknyga\" \/>\n<meta property=\"article:publisher\" content=\"https:\/\/www.facebook.com\/skaitytaknyga\/\" \/>\n<meta property=\"article:modified_time\" content=\"2024-05-03T07:20:10+00:00\" \/>\n<meta property=\"og:image\" content=\"https:\/\/skaitytaknyga.lt\/wp-content\/uploads\/2024\/04\/1462887080_9786094271700fotografoakisgrafinisvadovas.jpg\" \/>\n\t<meta property=\"og:image:width\" content=\"320\" \/>\n\t<meta property=\"og:image:height\" content=\"346\" \/>\n\t<meta property=\"og:image:type\" content=\"image\/jpeg\" \/>\n<meta name=\"twitter:card\" content=\"summary_large_image\" \/>\n<meta name=\"twitter:label1\" content=\"Estimated reading time\" \/>\n\t<meta name=\"twitter:data1\" content=\"1 minute\" \/>\n<script type=\"application\/ld+json\" class=\"yoast-schema-graph\">{\"@context\":\"https:\/\/schema.org\",\"@graph\":[{\"@type\":\"WebPage\",\"@id\":\"https:\/\/skaitytaknyga.lt\/produktas\/michael-freeman-fotografo-akis-grafinis-vadovas\/\",\"url\":\"https:\/\/skaitytaknyga.lt\/produktas\/michael-freeman-fotografo-akis-grafinis-vadovas\/\",\"name\":\"Michael Freeman \u201eFotografo Akis. Grafinis vadovas\u201c - Skaitytaknyga\",\"isPartOf\":{\"@id\":\"https:\/\/skaitytaknyga.lt\/#website\"},\"primaryImageOfPage\":{\"@id\":\"https:\/\/skaitytaknyga.lt\/produktas\/michael-freeman-fotografo-akis-grafinis-vadovas\/#primaryimage\"},\"image\":{\"@id\":\"https:\/\/skaitytaknyga.lt\/produktas\/michael-freeman-fotografo-akis-grafinis-vadovas\/#primaryimage\"},\"thumbnailUrl\":\"https:\/\/skaitytaknyga.lt\/wp-content\/uploads\/2024\/04\/1462887080_9786094271700fotografoakisgrafinisvadovas.jpg\",\"datePublished\":\"2024-04-17T13:32:31+00:00\",\"dateModified\":\"2024-05-03T07:20:10+00:00\",\"description\":\"Tarptautiniame bestseleryje\u00a0\u201eFotografo akis\u201c\u00a0i\u0161pl\u0117toj\u0119s nauj\u0105 po\u017ei\u016br\u012f \u012f kompozicij\u0105,\u00a0Michaelas Freemanas\u00a0\u0161ioje knygoje tyrin\u0117ja vaizdin\u0119 fotografijos mechanik\u0105. Gausiai iliustruota fotografijomis ir grafiniais pavyzd\u017eiais\u00a0 knyga\u00a0\u201eFotografo Akis: Grafinis vadovas\u201c\u00a0pasakoja intuityvia, vaizdine, akimirkos \u012fsp\u016bd\u017eiu pagr\u012fsta kalba, kuria remdamiesi fotografai m\u0105sto ir dirba. Knyga suskirstyta \u012f dalis, o kiekviena j\u0173 sudaryta i\u0161 ma\u017eesni\u0173 skyreli\u0173, kuriuose apra\u0161yti darbo metodai tam tikroms id\u0117joms perteikti ir tam tikriems objektams \u012fam\u017einti. \u201eFotografo Akis: Grafinis vadovas\u201c\u00a0\u2013 pasinerkite \u012f nuostabi\u0173 vaizd\u0173 pasaul\u012f ir su\u017einokite, kaip kompoziciniams elementams atvaizde parenkama konkreti vieta ir kaip jie susij\u0119 vienas su kitu. Panagrin\u0117kite fotosesij\u0173 pavyzd\u017eius ir suprasite, kod\u0117l vienas kadras nusisek\u0117, o kiti \u2013 ne. Sekite, kaip per fotografij\u0105 juda \u017ei\u016brovo akis, ir atraskite kiekvieno kadro optin\u0117s dinamikos d\u0117snius. Ir vis\u0173 svarbiausia \u2013 perpraskite grafin\u0119 kalb\u0105 taip, kad savo fotoaparato vaizdo ie\u0161kiklyje i\u0161syk atpa\u017eintum\u0117te nuostab\u0173 kadr\u0105.\",\"breadcrumb\":{\"@id\":\"https:\/\/skaitytaknyga.lt\/produktas\/michael-freeman-fotografo-akis-grafinis-vadovas\/#breadcrumb\"},\"inLanguage\":\"en-GB\",\"potentialAction\":[{\"@type\":\"ReadAction\",\"target\":[\"https:\/\/skaitytaknyga.lt\/produktas\/michael-freeman-fotografo-akis-grafinis-vadovas\/\"]}]},{\"@type\":\"ImageObject\",\"inLanguage\":\"en-GB\",\"@id\":\"https:\/\/skaitytaknyga.lt\/produktas\/michael-freeman-fotografo-akis-grafinis-vadovas\/#primaryimage\",\"url\":\"https:\/\/skaitytaknyga.lt\/wp-content\/uploads\/2024\/04\/1462887080_9786094271700fotografoakisgrafinisvadovas.jpg\",\"contentUrl\":\"https:\/\/skaitytaknyga.lt\/wp-content\/uploads\/2024\/04\/1462887080_9786094271700fotografoakisgrafinisvadovas.jpg\",\"width\":320,\"height\":346,\"caption\":\"1462887080 9786094271700fotografoakisgrafinisvadovas\"},{\"@type\":\"BreadcrumbList\",\"@id\":\"https:\/\/skaitytaknyga.lt\/produktas\/michael-freeman-fotografo-akis-grafinis-vadovas\/#breadcrumb\",\"itemListElement\":[{\"@type\":\"ListItem\",\"position\":1,\"name\":\"Home\",\"item\":\"https:\/\/skaitytaknyga.lt\/\"},{\"@type\":\"ListItem\",\"position\":2,\"name\":\"Parduotuv\u0117\",\"item\":\"https:\/\/skaitytaknyga.lt\/knygu-parduotuve\/\"},{\"@type\":\"ListItem\",\"position\":3,\"name\":\"Michael Freeman \u201eFotografo Akis. Grafinis vadovas\u201c\"}]},{\"@type\":\"WebSite\",\"@id\":\"https:\/\/skaitytaknyga.lt\/#website\",\"url\":\"https:\/\/skaitytaknyga.lt\/\",\"name\":\"skaitytaknyga.lt\",\"description\":\"Skaitytaknyga.lt \u2013 tai ma\u017eas \u0161eimos verslas, kuris prasid\u0117jo nuo meil\u0117s knygoms ir siekio i\u0161gelb\u0117ti knygas nuo likimo prie konteinerio. Kas vienam nereikalingas daiktas \u2013 kitam lobis, o mes esame tarpininkai, kurie padeda abiems tapti laimingesniems ???? \u017dinome kaip nelengva i\u0161gyventi ma\u017eiems verslams, tad nuo \u0161iol, \u010dia rasite ir kit\u0173, ma\u017e\u0173 \u0161eim\u0173 versl\u0173, rank\u0173 darbo, dovan\u0173 sau ir artimiesiems.\",\"publisher\":{\"@id\":\"https:\/\/skaitytaknyga.lt\/#organization\"},\"potentialAction\":[{\"@type\":\"SearchAction\",\"target\":{\"@type\":\"EntryPoint\",\"urlTemplate\":\"https:\/\/skaitytaknyga.lt\/?s={search_term_string}\"},\"query-input\":{\"@type\":\"PropertyValueSpecification\",\"valueRequired\":true,\"valueName\":\"search_term_string\"}}],\"inLanguage\":\"en-GB\"},{\"@type\":\"Organization\",\"@id\":\"https:\/\/skaitytaknyga.lt\/#organization\",\"name\":\"skaitytaknyga.lt\",\"url\":\"https:\/\/skaitytaknyga.lt\/\",\"logo\":{\"@type\":\"ImageObject\",\"inLanguage\":\"en-GB\",\"@id\":\"https:\/\/skaitytaknyga.lt\/#\/schema\/logo\/image\/\",\"url\":\"https:\/\/skaitytaknyga.lt\/wp-content\/uploads\/2024\/05\/cropped-cropped-cropped-02_00843_jt3bggkj1j3HLc7SyY6rEUpg.jpeg\",\"contentUrl\":\"https:\/\/skaitytaknyga.lt\/wp-content\/uploads\/2024\/05\/cropped-cropped-cropped-02_00843_jt3bggkj1j3HLc7SyY6rEUpg.jpeg\",\"width\":1600,\"height\":1600,\"caption\":\"skaitytaknyga.lt\"},\"image\":{\"@id\":\"https:\/\/skaitytaknyga.lt\/#\/schema\/logo\/image\/\"},\"sameAs\":[\"https:\/\/www.facebook.com\/skaitytaknyga\/\"]}]}<\/script>\n<!-- \/ Yoast SEO plugin. -->","yoast_head_json":{"title":"Michael Freeman \u201eFotografo Akis. Grafinis vadovas\u201c - Skaitytaknyga","description":"Tarptautiniame bestseleryje\u00a0\u201eFotografo akis\u201c\u00a0i\u0161pl\u0117toj\u0119s nauj\u0105 po\u017ei\u016br\u012f \u012f kompozicij\u0105,\u00a0Michaelas Freemanas\u00a0\u0161ioje knygoje tyrin\u0117ja vaizdin\u0119 fotografijos mechanik\u0105. Gausiai iliustruota fotografijomis ir grafiniais pavyzd\u017eiais\u00a0 knyga\u00a0\u201eFotografo Akis: Grafinis vadovas\u201c\u00a0pasakoja intuityvia, vaizdine, akimirkos \u012fsp\u016bd\u017eiu pagr\u012fsta kalba, kuria remdamiesi fotografai m\u0105sto ir dirba. Knyga suskirstyta \u012f dalis, o kiekviena j\u0173 sudaryta i\u0161 ma\u017eesni\u0173 skyreli\u0173, kuriuose apra\u0161yti darbo metodai tam tikroms id\u0117joms perteikti ir tam tikriems objektams \u012fam\u017einti.  \u201eFotografo Akis: Grafinis vadovas\u201c\u00a0\u2013 pasinerkite \u012f nuostabi\u0173 vaizd\u0173 pasaul\u012f ir su\u017einokite, kaip kompoziciniams elementams atvaizde parenkama konkreti vieta ir kaip jie susij\u0119 vienas su kitu. Panagrin\u0117kite fotosesij\u0173 pavyzd\u017eius ir suprasite, kod\u0117l vienas kadras nusisek\u0117, o kiti \u2013 ne. Sekite, kaip per fotografij\u0105 juda \u017ei\u016brovo akis, ir atraskite kiekvieno kadro optin\u0117s dinamikos d\u0117snius. Ir vis\u0173 svarbiausia \u2013 perpraskite grafin\u0119 kalb\u0105 taip, kad savo fotoaparato vaizdo ie\u0161kiklyje i\u0161syk atpa\u017eintum\u0117te nuostab\u0173 kadr\u0105.","robots":{"index":"index","follow":"follow","max-snippet":"max-snippet:-1","max-image-preview":"max-image-preview:large","max-video-preview":"max-video-preview:-1"},"canonical":"https:\/\/skaitytaknyga.lt\/en\/produktas\/michael-freeman-fotografo-akis-grafinis-vadovas\/","og_locale":"en_GB","og_type":"article","og_title":"Michael Freeman \u201eFotografo Akis. Grafinis vadovas\u201c - Skaitytaknyga","og_description":"Tarptautiniame bestseleryje\u00a0\u201eFotografo akis\u201c\u00a0i\u0161pl\u0117toj\u0119s nauj\u0105 po\u017ei\u016br\u012f \u012f kompozicij\u0105,\u00a0Michaelas Freemanas\u00a0\u0161ioje knygoje tyrin\u0117ja vaizdin\u0119 fotografijos mechanik\u0105. Gausiai iliustruota fotografijomis ir grafiniais pavyzd\u017eiais\u00a0 knyga\u00a0\u201eFotografo Akis: Grafinis vadovas\u201c\u00a0pasakoja intuityvia, vaizdine, akimirkos \u012fsp\u016bd\u017eiu pagr\u012fsta kalba, kuria remdamiesi fotografai m\u0105sto ir dirba. Knyga suskirstyta \u012f dalis, o kiekviena j\u0173 sudaryta i\u0161 ma\u017eesni\u0173 skyreli\u0173, kuriuose apra\u0161yti darbo metodai tam tikroms id\u0117joms perteikti ir tam tikriems objektams \u012fam\u017einti.  \u201eFotografo Akis: Grafinis vadovas\u201c\u00a0\u2013 pasinerkite \u012f nuostabi\u0173 vaizd\u0173 pasaul\u012f ir su\u017einokite, kaip kompoziciniams elementams atvaizde parenkama konkreti vieta ir kaip jie susij\u0119 vienas su kitu. Panagrin\u0117kite fotosesij\u0173 pavyzd\u017eius ir suprasite, kod\u0117l vienas kadras nusisek\u0117, o kiti \u2013 ne. Sekite, kaip per fotografij\u0105 juda \u017ei\u016brovo akis, ir atraskite kiekvieno kadro optin\u0117s dinamikos d\u0117snius. Ir vis\u0173 svarbiausia \u2013 perpraskite grafin\u0119 kalb\u0105 taip, kad savo fotoaparato vaizdo ie\u0161kiklyje i\u0161syk atpa\u017eintum\u0117te nuostab\u0173 kadr\u0105.","og_url":"https:\/\/skaitytaknyga.lt\/en\/produktas\/michael-freeman-fotografo-akis-grafinis-vadovas\/","og_site_name":"Skaitytaknyga","article_publisher":"https:\/\/www.facebook.com\/skaitytaknyga\/","article_modified_time":"2024-05-03T07:20:10+00:00","og_image":[{"width":320,"height":346,"url":"https:\/\/skaitytaknyga.lt\/wp-content\/uploads\/2024\/04\/1462887080_9786094271700fotografoakisgrafinisvadovas.jpg","type":"image\/jpeg"}],"twitter_card":"summary_large_image","twitter_misc":{"Estimated reading time":"1 minute"},"schema":{"@context":"https:\/\/schema.org","@graph":[{"@type":"WebPage","@id":"https:\/\/skaitytaknyga.lt\/produktas\/michael-freeman-fotografo-akis-grafinis-vadovas\/","url":"https:\/\/skaitytaknyga.lt\/produktas\/michael-freeman-fotografo-akis-grafinis-vadovas\/","name":"Michael Freeman \u201eFotografo Akis. Grafinis vadovas\u201c - Skaitytaknyga","isPartOf":{"@id":"https:\/\/skaitytaknyga.lt\/#website"},"primaryImageOfPage":{"@id":"https:\/\/skaitytaknyga.lt\/produktas\/michael-freeman-fotografo-akis-grafinis-vadovas\/#primaryimage"},"image":{"@id":"https:\/\/skaitytaknyga.lt\/produktas\/michael-freeman-fotografo-akis-grafinis-vadovas\/#primaryimage"},"thumbnailUrl":"https:\/\/skaitytaknyga.lt\/wp-content\/uploads\/2024\/04\/1462887080_9786094271700fotografoakisgrafinisvadovas.jpg","datePublished":"2024-04-17T13:32:31+00:00","dateModified":"2024-05-03T07:20:10+00:00","description":"Tarptautiniame bestseleryje\u00a0\u201eFotografo akis\u201c\u00a0i\u0161pl\u0117toj\u0119s nauj\u0105 po\u017ei\u016br\u012f \u012f kompozicij\u0105,\u00a0Michaelas Freemanas\u00a0\u0161ioje knygoje tyrin\u0117ja vaizdin\u0119 fotografijos mechanik\u0105. Gausiai iliustruota fotografijomis ir grafiniais pavyzd\u017eiais\u00a0 knyga\u00a0\u201eFotografo Akis: Grafinis vadovas\u201c\u00a0pasakoja intuityvia, vaizdine, akimirkos \u012fsp\u016bd\u017eiu pagr\u012fsta kalba, kuria remdamiesi fotografai m\u0105sto ir dirba. Knyga suskirstyta \u012f dalis, o kiekviena j\u0173 sudaryta i\u0161 ma\u017eesni\u0173 skyreli\u0173, kuriuose apra\u0161yti darbo metodai tam tikroms id\u0117joms perteikti ir tam tikriems objektams \u012fam\u017einti. \u201eFotografo Akis: Grafinis vadovas\u201c\u00a0\u2013 pasinerkite \u012f nuostabi\u0173 vaizd\u0173 pasaul\u012f ir su\u017einokite, kaip kompoziciniams elementams atvaizde parenkama konkreti vieta ir kaip jie susij\u0119 vienas su kitu. Panagrin\u0117kite fotosesij\u0173 pavyzd\u017eius ir suprasite, kod\u0117l vienas kadras nusisek\u0117, o kiti \u2013 ne. Sekite, kaip per fotografij\u0105 juda \u017ei\u016brovo akis, ir atraskite kiekvieno kadro optin\u0117s dinamikos d\u0117snius. Ir vis\u0173 svarbiausia \u2013 perpraskite grafin\u0119 kalb\u0105 taip, kad savo fotoaparato vaizdo ie\u0161kiklyje i\u0161syk atpa\u017eintum\u0117te nuostab\u0173 kadr\u0105.","breadcrumb":{"@id":"https:\/\/skaitytaknyga.lt\/produktas\/michael-freeman-fotografo-akis-grafinis-vadovas\/#breadcrumb"},"inLanguage":"en-GB","potentialAction":[{"@type":"ReadAction","target":["https:\/\/skaitytaknyga.lt\/produktas\/michael-freeman-fotografo-akis-grafinis-vadovas\/"]}]},{"@type":"ImageObject","inLanguage":"en-GB","@id":"https:\/\/skaitytaknyga.lt\/produktas\/michael-freeman-fotografo-akis-grafinis-vadovas\/#primaryimage","url":"https:\/\/skaitytaknyga.lt\/wp-content\/uploads\/2024\/04\/1462887080_9786094271700fotografoakisgrafinisvadovas.jpg","contentUrl":"https:\/\/skaitytaknyga.lt\/wp-content\/uploads\/2024\/04\/1462887080_9786094271700fotografoakisgrafinisvadovas.jpg","width":320,"height":346,"caption":"1462887080 9786094271700fotografoakisgrafinisvadovas"},{"@type":"BreadcrumbList","@id":"https:\/\/skaitytaknyga.lt\/produktas\/michael-freeman-fotografo-akis-grafinis-vadovas\/#breadcrumb","itemListElement":[{"@type":"ListItem","position":1,"name":"Home","item":"https:\/\/skaitytaknyga.lt\/"},{"@type":"ListItem","position":2,"name":"Parduotuv\u0117","item":"https:\/\/skaitytaknyga.lt\/knygu-parduotuve\/"},{"@type":"ListItem","position":3,"name":"Michael Freeman \u201eFotografo Akis. Grafinis vadovas\u201c"}]},{"@type":"WebSite","@id":"https:\/\/skaitytaknyga.lt\/#website","url":"https:\/\/skaitytaknyga.lt\/","name":"skaitytaknyga.lt","description":"Skaitytaknyga.lt \u2013 tai ma\u017eas \u0161eimos verslas, kuris prasid\u0117jo nuo meil\u0117s knygoms ir siekio i\u0161gelb\u0117ti knygas nuo likimo prie konteinerio. Kas vienam nereikalingas daiktas \u2013 kitam lobis, o mes esame tarpininkai, kurie padeda abiems tapti laimingesniems ???? \u017dinome kaip nelengva i\u0161gyventi ma\u017eiems verslams, tad nuo \u0161iol, \u010dia rasite ir kit\u0173, ma\u017e\u0173 \u0161eim\u0173 versl\u0173, rank\u0173 darbo, dovan\u0173 sau ir artimiesiems.","publisher":{"@id":"https:\/\/skaitytaknyga.lt\/#organization"},"potentialAction":[{"@type":"SearchAction","target":{"@type":"EntryPoint","urlTemplate":"https:\/\/skaitytaknyga.lt\/?s={search_term_string}"},"query-input":{"@type":"PropertyValueSpecification","valueRequired":true,"valueName":"search_term_string"}}],"inLanguage":"en-GB"},{"@type":"Organization","@id":"https:\/\/skaitytaknyga.lt\/#organization","name":"skaitytaknyga.lt","url":"https:\/\/skaitytaknyga.lt\/","logo":{"@type":"ImageObject","inLanguage":"en-GB","@id":"https:\/\/skaitytaknyga.lt\/#\/schema\/logo\/image\/","url":"https:\/\/skaitytaknyga.lt\/wp-content\/uploads\/2024\/05\/cropped-cropped-cropped-02_00843_jt3bggkj1j3HLc7SyY6rEUpg.jpeg","contentUrl":"https:\/\/skaitytaknyga.lt\/wp-content\/uploads\/2024\/05\/cropped-cropped-cropped-02_00843_jt3bggkj1j3HLc7SyY6rEUpg.jpeg","width":1600,"height":1600,"caption":"skaitytaknyga.lt"},"image":{"@id":"https:\/\/skaitytaknyga.lt\/#\/schema\/logo\/image\/"},"sameAs":["https:\/\/www.facebook.com\/skaitytaknyga\/"]}]}},"_links":{"self":[{"href":"https:\/\/skaitytaknyga.lt\/en\/wp-json\/wp\/v2\/product\/3528","targetHints":{"allow":["GET"]}}],"collection":[{"href":"https:\/\/skaitytaknyga.lt\/en\/wp-json\/wp\/v2\/product"}],"about":[{"href":"https:\/\/skaitytaknyga.lt\/en\/wp-json\/wp\/v2\/types\/product"}],"replies":[{"embeddable":true,"href":"https:\/\/skaitytaknyga.lt\/en\/wp-json\/wp\/v2\/comments?post=3528"}],"wp:featuredmedia":[{"embeddable":true,"href":"https:\/\/skaitytaknyga.lt\/en\/wp-json\/wp\/v2\/media\/3581"}],"wp:attachment":[{"href":"https:\/\/skaitytaknyga.lt\/en\/wp-json\/wp\/v2\/media?parent=3528"}],"wp:term":[{"taxonomy":"product_brand","embeddable":true,"href":"https:\/\/skaitytaknyga.lt\/en\/wp-json\/wp\/v2\/product_brand?post=3528"},{"taxonomy":"product_cat","embeddable":true,"href":"https:\/\/skaitytaknyga.lt\/en\/wp-json\/wp\/v2\/product_cat?post=3528"},{"taxonomy":"product_tag","embeddable":true,"href":"https:\/\/skaitytaknyga.lt\/en\/wp-json\/wp\/v2\/product_tag?post=3528"}],"curies":[{"name":"wp","href":"https:\/\/api.w.org\/{rel}","templated":true}]}}