{"id":3424,"date":"2024-04-17T13:29:26","date_gmt":"2024-04-17T13:29:26","guid":{"rendered":"https:\/\/skaitytaknyga.lt\/?post_type=product&#038;p=3424"},"modified":"2024-05-03T07:19:34","modified_gmt":"2024-05-03T07:19:34","slug":"zemes-ukio-ministru-klubas-atkurtai-lietuvai-ir-zemes-ukio-ministerijai-100","status":"publish","type":"product","link":"https:\/\/skaitytaknyga.lt\/en\/produktas\/zemes-ukio-ministru-klubas-atkurtai-lietuvai-ir-zemes-ukio-ministerijai-100\/","title":{"rendered":"\u017dem\u0117s \u016bkio ministr\u0173 klubas. Atkurtai Lietuvai ir \u017dem\u0117s \u016bkio ministerijai &#8211; 100"},"content":{"rendered":"<p>Atkurtai Lietuvai ir \u017dem\u0117s \u016bkio ministerijai &#8211; 100 met\u0173. Ta proga \u017dem\u0117s \u016bkio ministerija il\u0161leido knyg\u0105 &#8220;\u017dem\u0117s \u016bkio ministr\u0173 klubas&#8221;, kurios autor\u0117 ir sudarytoja Irma \u0104\u017euol\u0117.<br \/>\nKaip teigia I. \u0104\u017euol\u0117, \u0161i knyga tarsi virtualus \u017dem\u0117s \u016bkio ministr\u0173 klubas, kuriame susitinka skirting\u0173 kart\u0173, skirting\u0173 epoch\u0173 ir likim\u0173 ministrai. Tai dr\u0105sios asmenyb\u0117s, kuri\u0173 neg\u0105sdino laukiantys i\u0161\u0161\u016bkiai bei atsakomyb\u0117 t\u0119sti savo pirmtak\u0173 prad\u0117tus darbus.<br \/>\nKnyqos pavadinimas neatsitiktinis. \u017dem\u0117s \u016bkio \u016bkio ministr\u0173 klubas i\u0161 ties\u0173 yra. Tai visuomenin\u0117 organizacija, patarianti tuo metu pareigas einan\u010diam ministrui aktualiais \u017eem\u0117s klausimais. Klubas gyvuoja nuo 2014 met\u0173 vasaros.<\/p>\n","protected":false},"excerpt":{"rendered":"<p>Atkurtai Lietuvai ir \u017dem\u0117s \u016bkio ministerijai &#8211; 100 met\u0173. Ta proga \u017dem\u0117s \u016bkio ministerija il\u0161leido knyg\u0105 &#8220;\u017dem\u0117s \u016bkio ministr\u0173 klubas&#8221;, kurios autor\u0117 ir sudarytoja Irma \u0104\u017euol\u0117.<br \/>\nKaip teigia I. \u0104\u017euol\u0117, \u0161i knyga tarsi virtualus \u017dem\u0117s \u016bkio ministr\u0173 klubas, kuriame susitinka skirting\u0173 kart\u0173, skirting\u0173 epoch\u0173 ir likim\u0173 ministrai. Tai dr\u0105sios asmenyb\u0117s, kuri\u0173 neg\u0105sdino laukiantys i\u0161\u0161\u016bkiai bei atsakomyb\u0117 t\u0119sti savo pirmtak\u0173 prad\u0117tus darbus.<br \/>\nKnyqos pavadinimas neatsitiktinis. \u017dem\u0117s \u016bkio \u016bkio ministr\u0173 klubas i\u0161 ties\u0173 yra. Tai visuomenin\u0117 organizacija, patarianti tuo metu pareigas einan\u010diam ministrui aktualiais \u017eem\u0117s klausimais. Klubas gyvuoja nuo 2014 met\u0173 vasaros.<\/p>\n","protected":false},"featured_media":3458,"comment_status":"closed","ping_status":"closed","template":"","meta":{"_acf_changed":false,"site-sidebar-layout":"default","site-content-layout":"","ast-site-content-layout":"default","site-content-style":"default","site-sidebar-style":"default","ast-global-header-display":"","ast-banner-title-visibility":"","ast-main-header-display":"","ast-hfb-above-header-display":"","ast-hfb-below-header-display":"","ast-hfb-mobile-header-display":"","site-post-title":"","ast-breadcrumbs-content":"","ast-featured-img":"","footer-sml-layout":"","ast-disable-related-posts":"","theme-transparent-header-meta":"","adv-header-id-meta":"","stick-header-meta":"","header-above-stick-meta":"","header-main-stick-meta":"","header-below-stick-meta":"","astra-migrate-meta-layouts":"default","ast-page-background-enabled":"default","ast-page-background-meta":{"desktop":{"background-color":"","background-image":"","background-repeat":"repeat","background-position":"center center","background-size":"auto","background-attachment":"scroll","background-type":"","background-media":"","overlay-type":"","overlay-color":"","overlay-opacity":"","overlay-gradient":""},"tablet":{"background-color":"","background-image":"","background-repeat":"repeat","background-position":"center center","background-size":"auto","background-attachment":"scroll","background-type":"","background-media":"","overlay-type":"","overlay-color":"","overlay-opacity":"","overlay-gradient":""},"mobile":{"background-color":"","background-image":"","background-repeat":"repeat","background-position":"center center","background-size":"auto","background-attachment":"scroll","background-type":"","background-media":"","overlay-type":"","overlay-color":"","overlay-opacity":"","overlay-gradient":""}},"ast-content-background-meta":{"desktop":{"background-color":"var(--ast-global-color-4)","background-image":"","background-repeat":"repeat","background-position":"center center","background-size":"auto","background-attachment":"scroll","background-type":"","background-media":"","overlay-type":"","overlay-color":"","overlay-opacity":"","overlay-gradient":""},"tablet":{"background-color":"var(--ast-global-color-4)","background-image":"","background-repeat":"repeat","background-position":"center center","background-size":"auto","background-attachment":"scroll","background-type":"","background-media":"","overlay-type":"","overlay-color":"","overlay-opacity":"","overlay-gradient":""},"mobile":{"background-color":"var(--ast-global-color-4)","background-image":"","background-repeat":"repeat","background-position":"center center","background-size":"auto","background-attachment":"scroll","background-type":"","background-media":"","overlay-type":"","overlay-color":"","overlay-opacity":"","overlay-gradient":""}}},"product_brand":[],"product_cat":[174],"product_tag":[],"class_list":{"0":"post-3424","1":"product","2":"type-product","3":"status-publish","4":"has-post-thumbnail","6":"product_cat-istorija-ir-politologija","7":"desktop-align-left","8":"tablet-align-left","9":"mobile-align-left","11":"first","12":"outofstock","13":"shipping-taxable","14":"purchasable","15":"product-type-simple"},"acf":[],"yoast_head":"<!-- This site is optimized with the Yoast SEO plugin v27.0 - https:\/\/yoast.com\/product\/yoast-seo-wordpress\/ -->\n<title>\u017dem\u0117s \u016bkio ministr\u0173 klubas. Atkurtai Lietuvai ir \u017dem\u0117s \u016bkio ministerijai - 100 - Skaitytaknyga<\/title>\n<meta name=\"description\" content=\"Atkurtai Lietuvai ir \u017dem\u0117s \u016bkio ministerijai - 100 met\u0173. Ta proga \u017dem\u0117s \u016bkio ministerija il\u0161leido knyg\u0105 &quot;\u017dem\u0117s \u016bkio ministr\u0173 klubas&quot;, kurios autor\u0117 ir sudarytoja Irma \u0104\u017euol\u0117. Kaip teigia I. \u0104\u017euol\u0117, \u0161i knyga tarsi virtualus \u017dem\u0117s \u016bkio ministr\u0173 klubas, kuriame susitinka skirting\u0173 kart\u0173, skirting\u0173 epoch\u0173 ir likim\u0173 ministrai. Tai dr\u0105sios asmenyb\u0117s, kuri\u0173 neg\u0105sdino laukiantys i\u0161\u0161\u016bkiai bei atsakomyb\u0117 t\u0119sti savo pirmtak\u0173 prad\u0117tus darbus.  Knyqos pavadinimas neatsitiktinis. \u017dem\u0117s \u016bkio \u016bkio ministr\u0173 klubas i\u0161 ties\u0173 yra. Tai visuomenin\u0117 organizacija, patarianti tuo metu pareigas einan\u010diam ministrui aktualiais \u017eem\u0117s klausimais. Klubas gyvuoja nuo 2014 met\u0173 vasaros.\" \/>\n<meta name=\"robots\" content=\"index, follow, max-snippet:-1, max-image-preview:large, max-video-preview:-1\" \/>\n<link rel=\"canonical\" href=\"https:\/\/skaitytaknyga.lt\/en\/produktas\/zemes-ukio-ministru-klubas-atkurtai-lietuvai-ir-zemes-ukio-ministerijai-100\/\" \/>\n<meta property=\"og:locale\" content=\"en_GB\" \/>\n<meta property=\"og:locale:alternate\" content=\"lt_LT\" \/>\n<meta property=\"og:type\" content=\"article\" \/>\n<meta property=\"og:title\" content=\"\u017dem\u0117s \u016bkio ministr\u0173 klubas. Atkurtai Lietuvai ir \u017dem\u0117s \u016bkio ministerijai - 100 - Skaitytaknyga\" \/>\n<meta property=\"og:description\" content=\"Atkurtai Lietuvai ir \u017dem\u0117s \u016bkio ministerijai - 100 met\u0173. Ta proga \u017dem\u0117s \u016bkio ministerija il\u0161leido knyg\u0105 &quot;\u017dem\u0117s \u016bkio ministr\u0173 klubas&quot;, kurios autor\u0117 ir sudarytoja Irma \u0104\u017euol\u0117. Kaip teigia I. \u0104\u017euol\u0117, \u0161i knyga tarsi virtualus \u017dem\u0117s \u016bkio ministr\u0173 klubas, kuriame susitinka skirting\u0173 kart\u0173, skirting\u0173 epoch\u0173 ir likim\u0173 ministrai. Tai dr\u0105sios asmenyb\u0117s, kuri\u0173 neg\u0105sdino laukiantys i\u0161\u0161\u016bkiai bei atsakomyb\u0117 t\u0119sti savo pirmtak\u0173 prad\u0117tus darbus.  Knyqos pavadinimas neatsitiktinis. \u017dem\u0117s \u016bkio \u016bkio ministr\u0173 klubas i\u0161 ties\u0173 yra. Tai visuomenin\u0117 organizacija, patarianti tuo metu pareigas einan\u010diam ministrui aktualiais \u017eem\u0117s klausimais. Klubas gyvuoja nuo 2014 met\u0173 vasaros.\" \/>\n<meta property=\"og:url\" content=\"https:\/\/skaitytaknyga.lt\/en\/produktas\/zemes-ukio-ministru-klubas-atkurtai-lietuvai-ir-zemes-ukio-ministerijai-100\/\" \/>\n<meta property=\"og:site_name\" content=\"Skaitytaknyga\" \/>\n<meta property=\"article:publisher\" content=\"https:\/\/www.facebook.com\/skaitytaknyga\/\" \/>\n<meta property=\"article:modified_time\" content=\"2024-05-03T07:19:34+00:00\" \/>\n<meta property=\"og:image\" content=\"https:\/\/skaitytaknyga.lt\/wp-content\/uploads\/2024\/04\/atsisiusti-3-1-1.jpg\" \/>\n\t<meta property=\"og:image:width\" content=\"834\" \/>\n\t<meta property=\"og:image:height\" content=\"624\" \/>\n\t<meta property=\"og:image:type\" content=\"image\/jpeg\" \/>\n<meta name=\"twitter:card\" content=\"summary_large_image\" \/>\n<meta name=\"twitter:label1\" content=\"Estimated reading time\" \/>\n\t<meta name=\"twitter:data1\" content=\"1 minute\" \/>\n<script type=\"application\/ld+json\" class=\"yoast-schema-graph\">{\"@context\":\"https:\/\/schema.org\",\"@graph\":[{\"@type\":\"WebPage\",\"@id\":\"https:\/\/skaitytaknyga.lt\/produktas\/zemes-ukio-ministru-klubas-atkurtai-lietuvai-ir-zemes-ukio-ministerijai-100\/\",\"url\":\"https:\/\/skaitytaknyga.lt\/produktas\/zemes-ukio-ministru-klubas-atkurtai-lietuvai-ir-zemes-ukio-ministerijai-100\/\",\"name\":\"\u017dem\u0117s \u016bkio ministr\u0173 klubas. Atkurtai Lietuvai ir \u017dem\u0117s \u016bkio ministerijai - 100 - Skaitytaknyga\",\"isPartOf\":{\"@id\":\"https:\/\/skaitytaknyga.lt\/#website\"},\"primaryImageOfPage\":{\"@id\":\"https:\/\/skaitytaknyga.lt\/produktas\/zemes-ukio-ministru-klubas-atkurtai-lietuvai-ir-zemes-ukio-ministerijai-100\/#primaryimage\"},\"image\":{\"@id\":\"https:\/\/skaitytaknyga.lt\/produktas\/zemes-ukio-ministru-klubas-atkurtai-lietuvai-ir-zemes-ukio-ministerijai-100\/#primaryimage\"},\"thumbnailUrl\":\"https:\/\/skaitytaknyga.lt\/wp-content\/uploads\/2024\/04\/atsisiusti-3-1-1.jpg\",\"datePublished\":\"2024-04-17T13:29:26+00:00\",\"dateModified\":\"2024-05-03T07:19:34+00:00\",\"description\":\"Atkurtai Lietuvai ir \u017dem\u0117s \u016bkio ministerijai - 100 met\u0173. Ta proga \u017dem\u0117s \u016bkio ministerija il\u0161leido knyg\u0105 \\\"\u017dem\u0117s \u016bkio ministr\u0173 klubas\\\", kurios autor\u0117 ir sudarytoja Irma \u0104\u017euol\u0117. Kaip teigia I. \u0104\u017euol\u0117, \u0161i knyga tarsi virtualus \u017dem\u0117s \u016bkio ministr\u0173 klubas, kuriame susitinka skirting\u0173 kart\u0173, skirting\u0173 epoch\u0173 ir likim\u0173 ministrai. Tai dr\u0105sios asmenyb\u0117s, kuri\u0173 neg\u0105sdino laukiantys i\u0161\u0161\u016bkiai bei atsakomyb\u0117 t\u0119sti savo pirmtak\u0173 prad\u0117tus darbus. Knyqos pavadinimas neatsitiktinis. \u017dem\u0117s \u016bkio \u016bkio ministr\u0173 klubas i\u0161 ties\u0173 yra. Tai visuomenin\u0117 organizacija, patarianti tuo metu pareigas einan\u010diam ministrui aktualiais \u017eem\u0117s klausimais. Klubas gyvuoja nuo 2014 met\u0173 vasaros.\",\"breadcrumb\":{\"@id\":\"https:\/\/skaitytaknyga.lt\/produktas\/zemes-ukio-ministru-klubas-atkurtai-lietuvai-ir-zemes-ukio-ministerijai-100\/#breadcrumb\"},\"inLanguage\":\"en-GB\",\"potentialAction\":[{\"@type\":\"ReadAction\",\"target\":[\"https:\/\/skaitytaknyga.lt\/produktas\/zemes-ukio-ministru-klubas-atkurtai-lietuvai-ir-zemes-ukio-ministerijai-100\/\"]}]},{\"@type\":\"ImageObject\",\"inLanguage\":\"en-GB\",\"@id\":\"https:\/\/skaitytaknyga.lt\/produktas\/zemes-ukio-ministru-klubas-atkurtai-lietuvai-ir-zemes-ukio-ministerijai-100\/#primaryimage\",\"url\":\"https:\/\/skaitytaknyga.lt\/wp-content\/uploads\/2024\/04\/atsisiusti-3-1-1.jpg\",\"contentUrl\":\"https:\/\/skaitytaknyga.lt\/wp-content\/uploads\/2024\/04\/atsisiusti-3-1-1.jpg\",\"width\":834,\"height\":624,\"caption\":\"atsisiusti 3 1 1\"},{\"@type\":\"BreadcrumbList\",\"@id\":\"https:\/\/skaitytaknyga.lt\/produktas\/zemes-ukio-ministru-klubas-atkurtai-lietuvai-ir-zemes-ukio-ministerijai-100\/#breadcrumb\",\"itemListElement\":[{\"@type\":\"ListItem\",\"position\":1,\"name\":\"Home\",\"item\":\"https:\/\/skaitytaknyga.lt\/\"},{\"@type\":\"ListItem\",\"position\":2,\"name\":\"Parduotuv\u0117\",\"item\":\"https:\/\/skaitytaknyga.lt\/knygu-parduotuve\/\"},{\"@type\":\"ListItem\",\"position\":3,\"name\":\"\u017dem\u0117s \u016bkio ministr\u0173 klubas. Atkurtai Lietuvai ir \u017dem\u0117s \u016bkio ministerijai &#8211; 100\"}]},{\"@type\":\"WebSite\",\"@id\":\"https:\/\/skaitytaknyga.lt\/#website\",\"url\":\"https:\/\/skaitytaknyga.lt\/\",\"name\":\"skaitytaknyga.lt\",\"description\":\"Skaitytaknyga.lt \u2013 tai ma\u017eas \u0161eimos verslas, kuris prasid\u0117jo nuo meil\u0117s knygoms ir siekio i\u0161gelb\u0117ti knygas nuo likimo prie konteinerio. Kas vienam nereikalingas daiktas \u2013 kitam lobis, o mes esame tarpininkai, kurie padeda abiems tapti laimingesniems ???? \u017dinome kaip nelengva i\u0161gyventi ma\u017eiems verslams, tad nuo \u0161iol, \u010dia rasite ir kit\u0173, ma\u017e\u0173 \u0161eim\u0173 versl\u0173, rank\u0173 darbo, dovan\u0173 sau ir artimiesiems.\",\"publisher\":{\"@id\":\"https:\/\/skaitytaknyga.lt\/#organization\"},\"potentialAction\":[{\"@type\":\"SearchAction\",\"target\":{\"@type\":\"EntryPoint\",\"urlTemplate\":\"https:\/\/skaitytaknyga.lt\/?s={search_term_string}\"},\"query-input\":{\"@type\":\"PropertyValueSpecification\",\"valueRequired\":true,\"valueName\":\"search_term_string\"}}],\"inLanguage\":\"en-GB\"},{\"@type\":\"Organization\",\"@id\":\"https:\/\/skaitytaknyga.lt\/#organization\",\"name\":\"skaitytaknyga.lt\",\"url\":\"https:\/\/skaitytaknyga.lt\/\",\"logo\":{\"@type\":\"ImageObject\",\"inLanguage\":\"en-GB\",\"@id\":\"https:\/\/skaitytaknyga.lt\/#\/schema\/logo\/image\/\",\"url\":\"https:\/\/skaitytaknyga.lt\/wp-content\/uploads\/2024\/05\/cropped-cropped-cropped-02_00843_jt3bggkj1j3HLc7SyY6rEUpg.jpeg\",\"contentUrl\":\"https:\/\/skaitytaknyga.lt\/wp-content\/uploads\/2024\/05\/cropped-cropped-cropped-02_00843_jt3bggkj1j3HLc7SyY6rEUpg.jpeg\",\"width\":1600,\"height\":1600,\"caption\":\"skaitytaknyga.lt\"},\"image\":{\"@id\":\"https:\/\/skaitytaknyga.lt\/#\/schema\/logo\/image\/\"},\"sameAs\":[\"https:\/\/www.facebook.com\/skaitytaknyga\/\"]}]}<\/script>\n<!-- \/ Yoast SEO plugin. -->","yoast_head_json":{"title":"\u017dem\u0117s \u016bkio ministr\u0173 klubas. Atkurtai Lietuvai ir \u017dem\u0117s \u016bkio ministerijai - 100 - Skaitytaknyga","description":"Atkurtai Lietuvai ir \u017dem\u0117s \u016bkio ministerijai - 100 met\u0173. Ta proga \u017dem\u0117s \u016bkio ministerija il\u0161leido knyg\u0105 \"\u017dem\u0117s \u016bkio ministr\u0173 klubas\", kurios autor\u0117 ir sudarytoja Irma \u0104\u017euol\u0117. Kaip teigia I. \u0104\u017euol\u0117, \u0161i knyga tarsi virtualus \u017dem\u0117s \u016bkio ministr\u0173 klubas, kuriame susitinka skirting\u0173 kart\u0173, skirting\u0173 epoch\u0173 ir likim\u0173 ministrai. Tai dr\u0105sios asmenyb\u0117s, kuri\u0173 neg\u0105sdino laukiantys i\u0161\u0161\u016bkiai bei atsakomyb\u0117 t\u0119sti savo pirmtak\u0173 prad\u0117tus darbus.  Knyqos pavadinimas neatsitiktinis. \u017dem\u0117s \u016bkio \u016bkio ministr\u0173 klubas i\u0161 ties\u0173 yra. Tai visuomenin\u0117 organizacija, patarianti tuo metu pareigas einan\u010diam ministrui aktualiais \u017eem\u0117s klausimais. Klubas gyvuoja nuo 2014 met\u0173 vasaros.","robots":{"index":"index","follow":"follow","max-snippet":"max-snippet:-1","max-image-preview":"max-image-preview:large","max-video-preview":"max-video-preview:-1"},"canonical":"https:\/\/skaitytaknyga.lt\/en\/produktas\/zemes-ukio-ministru-klubas-atkurtai-lietuvai-ir-zemes-ukio-ministerijai-100\/","og_locale":"en_GB","og_type":"article","og_title":"\u017dem\u0117s \u016bkio ministr\u0173 klubas. Atkurtai Lietuvai ir \u017dem\u0117s \u016bkio ministerijai - 100 - Skaitytaknyga","og_description":"Atkurtai Lietuvai ir \u017dem\u0117s \u016bkio ministerijai - 100 met\u0173. Ta proga \u017dem\u0117s \u016bkio ministerija il\u0161leido knyg\u0105 \"\u017dem\u0117s \u016bkio ministr\u0173 klubas\", kurios autor\u0117 ir sudarytoja Irma \u0104\u017euol\u0117. Kaip teigia I. \u0104\u017euol\u0117, \u0161i knyga tarsi virtualus \u017dem\u0117s \u016bkio ministr\u0173 klubas, kuriame susitinka skirting\u0173 kart\u0173, skirting\u0173 epoch\u0173 ir likim\u0173 ministrai. Tai dr\u0105sios asmenyb\u0117s, kuri\u0173 neg\u0105sdino laukiantys i\u0161\u0161\u016bkiai bei atsakomyb\u0117 t\u0119sti savo pirmtak\u0173 prad\u0117tus darbus.  Knyqos pavadinimas neatsitiktinis. \u017dem\u0117s \u016bkio \u016bkio ministr\u0173 klubas i\u0161 ties\u0173 yra. Tai visuomenin\u0117 organizacija, patarianti tuo metu pareigas einan\u010diam ministrui aktualiais \u017eem\u0117s klausimais. Klubas gyvuoja nuo 2014 met\u0173 vasaros.","og_url":"https:\/\/skaitytaknyga.lt\/en\/produktas\/zemes-ukio-ministru-klubas-atkurtai-lietuvai-ir-zemes-ukio-ministerijai-100\/","og_site_name":"Skaitytaknyga","article_publisher":"https:\/\/www.facebook.com\/skaitytaknyga\/","article_modified_time":"2024-05-03T07:19:34+00:00","og_image":[{"width":834,"height":624,"url":"https:\/\/skaitytaknyga.lt\/wp-content\/uploads\/2024\/04\/atsisiusti-3-1-1.jpg","type":"image\/jpeg"}],"twitter_card":"summary_large_image","twitter_misc":{"Estimated reading time":"1 minute"},"schema":{"@context":"https:\/\/schema.org","@graph":[{"@type":"WebPage","@id":"https:\/\/skaitytaknyga.lt\/produktas\/zemes-ukio-ministru-klubas-atkurtai-lietuvai-ir-zemes-ukio-ministerijai-100\/","url":"https:\/\/skaitytaknyga.lt\/produktas\/zemes-ukio-ministru-klubas-atkurtai-lietuvai-ir-zemes-ukio-ministerijai-100\/","name":"\u017dem\u0117s \u016bkio ministr\u0173 klubas. Atkurtai Lietuvai ir \u017dem\u0117s \u016bkio ministerijai - 100 - Skaitytaknyga","isPartOf":{"@id":"https:\/\/skaitytaknyga.lt\/#website"},"primaryImageOfPage":{"@id":"https:\/\/skaitytaknyga.lt\/produktas\/zemes-ukio-ministru-klubas-atkurtai-lietuvai-ir-zemes-ukio-ministerijai-100\/#primaryimage"},"image":{"@id":"https:\/\/skaitytaknyga.lt\/produktas\/zemes-ukio-ministru-klubas-atkurtai-lietuvai-ir-zemes-ukio-ministerijai-100\/#primaryimage"},"thumbnailUrl":"https:\/\/skaitytaknyga.lt\/wp-content\/uploads\/2024\/04\/atsisiusti-3-1-1.jpg","datePublished":"2024-04-17T13:29:26+00:00","dateModified":"2024-05-03T07:19:34+00:00","description":"Atkurtai Lietuvai ir \u017dem\u0117s \u016bkio ministerijai - 100 met\u0173. Ta proga \u017dem\u0117s \u016bkio ministerija il\u0161leido knyg\u0105 \"\u017dem\u0117s \u016bkio ministr\u0173 klubas\", kurios autor\u0117 ir sudarytoja Irma \u0104\u017euol\u0117. Kaip teigia I. \u0104\u017euol\u0117, \u0161i knyga tarsi virtualus \u017dem\u0117s \u016bkio ministr\u0173 klubas, kuriame susitinka skirting\u0173 kart\u0173, skirting\u0173 epoch\u0173 ir likim\u0173 ministrai. Tai dr\u0105sios asmenyb\u0117s, kuri\u0173 neg\u0105sdino laukiantys i\u0161\u0161\u016bkiai bei atsakomyb\u0117 t\u0119sti savo pirmtak\u0173 prad\u0117tus darbus. Knyqos pavadinimas neatsitiktinis. \u017dem\u0117s \u016bkio \u016bkio ministr\u0173 klubas i\u0161 ties\u0173 yra. Tai visuomenin\u0117 organizacija, patarianti tuo metu pareigas einan\u010diam ministrui aktualiais \u017eem\u0117s klausimais. Klubas gyvuoja nuo 2014 met\u0173 vasaros.","breadcrumb":{"@id":"https:\/\/skaitytaknyga.lt\/produktas\/zemes-ukio-ministru-klubas-atkurtai-lietuvai-ir-zemes-ukio-ministerijai-100\/#breadcrumb"},"inLanguage":"en-GB","potentialAction":[{"@type":"ReadAction","target":["https:\/\/skaitytaknyga.lt\/produktas\/zemes-ukio-ministru-klubas-atkurtai-lietuvai-ir-zemes-ukio-ministerijai-100\/"]}]},{"@type":"ImageObject","inLanguage":"en-GB","@id":"https:\/\/skaitytaknyga.lt\/produktas\/zemes-ukio-ministru-klubas-atkurtai-lietuvai-ir-zemes-ukio-ministerijai-100\/#primaryimage","url":"https:\/\/skaitytaknyga.lt\/wp-content\/uploads\/2024\/04\/atsisiusti-3-1-1.jpg","contentUrl":"https:\/\/skaitytaknyga.lt\/wp-content\/uploads\/2024\/04\/atsisiusti-3-1-1.jpg","width":834,"height":624,"caption":"atsisiusti 3 1 1"},{"@type":"BreadcrumbList","@id":"https:\/\/skaitytaknyga.lt\/produktas\/zemes-ukio-ministru-klubas-atkurtai-lietuvai-ir-zemes-ukio-ministerijai-100\/#breadcrumb","itemListElement":[{"@type":"ListItem","position":1,"name":"Home","item":"https:\/\/skaitytaknyga.lt\/"},{"@type":"ListItem","position":2,"name":"Parduotuv\u0117","item":"https:\/\/skaitytaknyga.lt\/knygu-parduotuve\/"},{"@type":"ListItem","position":3,"name":"\u017dem\u0117s \u016bkio ministr\u0173 klubas. Atkurtai Lietuvai ir \u017dem\u0117s \u016bkio ministerijai &#8211; 100"}]},{"@type":"WebSite","@id":"https:\/\/skaitytaknyga.lt\/#website","url":"https:\/\/skaitytaknyga.lt\/","name":"skaitytaknyga.lt","description":"Skaitytaknyga.lt \u2013 tai ma\u017eas \u0161eimos verslas, kuris prasid\u0117jo nuo meil\u0117s knygoms ir siekio i\u0161gelb\u0117ti knygas nuo likimo prie konteinerio. Kas vienam nereikalingas daiktas \u2013 kitam lobis, o mes esame tarpininkai, kurie padeda abiems tapti laimingesniems ???? \u017dinome kaip nelengva i\u0161gyventi ma\u017eiems verslams, tad nuo \u0161iol, \u010dia rasite ir kit\u0173, ma\u017e\u0173 \u0161eim\u0173 versl\u0173, rank\u0173 darbo, dovan\u0173 sau ir artimiesiems.","publisher":{"@id":"https:\/\/skaitytaknyga.lt\/#organization"},"potentialAction":[{"@type":"SearchAction","target":{"@type":"EntryPoint","urlTemplate":"https:\/\/skaitytaknyga.lt\/?s={search_term_string}"},"query-input":{"@type":"PropertyValueSpecification","valueRequired":true,"valueName":"search_term_string"}}],"inLanguage":"en-GB"},{"@type":"Organization","@id":"https:\/\/skaitytaknyga.lt\/#organization","name":"skaitytaknyga.lt","url":"https:\/\/skaitytaknyga.lt\/","logo":{"@type":"ImageObject","inLanguage":"en-GB","@id":"https:\/\/skaitytaknyga.lt\/#\/schema\/logo\/image\/","url":"https:\/\/skaitytaknyga.lt\/wp-content\/uploads\/2024\/05\/cropped-cropped-cropped-02_00843_jt3bggkj1j3HLc7SyY6rEUpg.jpeg","contentUrl":"https:\/\/skaitytaknyga.lt\/wp-content\/uploads\/2024\/05\/cropped-cropped-cropped-02_00843_jt3bggkj1j3HLc7SyY6rEUpg.jpeg","width":1600,"height":1600,"caption":"skaitytaknyga.lt"},"image":{"@id":"https:\/\/skaitytaknyga.lt\/#\/schema\/logo\/image\/"},"sameAs":["https:\/\/www.facebook.com\/skaitytaknyga\/"]}]}},"_links":{"self":[{"href":"https:\/\/skaitytaknyga.lt\/en\/wp-json\/wp\/v2\/product\/3424","targetHints":{"allow":["GET"]}}],"collection":[{"href":"https:\/\/skaitytaknyga.lt\/en\/wp-json\/wp\/v2\/product"}],"about":[{"href":"https:\/\/skaitytaknyga.lt\/en\/wp-json\/wp\/v2\/types\/product"}],"replies":[{"embeddable":true,"href":"https:\/\/skaitytaknyga.lt\/en\/wp-json\/wp\/v2\/comments?post=3424"}],"wp:featuredmedia":[{"embeddable":true,"href":"https:\/\/skaitytaknyga.lt\/en\/wp-json\/wp\/v2\/media\/3458"}],"wp:attachment":[{"href":"https:\/\/skaitytaknyga.lt\/en\/wp-json\/wp\/v2\/media?parent=3424"}],"wp:term":[{"taxonomy":"product_brand","embeddable":true,"href":"https:\/\/skaitytaknyga.lt\/en\/wp-json\/wp\/v2\/product_brand?post=3424"},{"taxonomy":"product_cat","embeddable":true,"href":"https:\/\/skaitytaknyga.lt\/en\/wp-json\/wp\/v2\/product_cat?post=3424"},{"taxonomy":"product_tag","embeddable":true,"href":"https:\/\/skaitytaknyga.lt\/en\/wp-json\/wp\/v2\/product_tag?post=3424"}],"curies":[{"name":"wp","href":"https:\/\/api.w.org\/{rel}","templated":true}]}}