{"id":3383,"date":"2024-04-17T13:27:55","date_gmt":"2024-04-17T13:27:55","guid":{"rendered":"https:\/\/skaitytaknyga.lt\/?post_type=product&#038;p=3383"},"modified":"2024-05-03T07:19:24","modified_gmt":"2024-05-03T07:19:24","slug":"nijole-bizys-pamokos-mokytojui","status":"publish","type":"product","link":"https:\/\/skaitytaknyga.lt\/en\/produktas\/nijole-bizys-pamokos-mokytojui\/","title":{"rendered":"Nijol\u0117 Bi\u017eys \u201ePamokos mokytojui\u201c"},"content":{"rendered":"<p>Knyga i\u0161leista atviros Lietuvos fondo l\u0117\u0161omis. &#8220;\u0160vietimas Lietuvos atei\u010diai&#8221; &#8211; tai projektas, atsirad\u0119s s\u0117kmingai sutapus Lietuvoje vykstan\u010dios \u0161vietimo reformos ir garsaus filantropo Soroso veiklos pagrindin\u0117ms id\u0117joms bei siekiams.<\/p>\n","protected":false},"excerpt":{"rendered":"<p>Knyga i\u0161leista atviros Lietuvos fondo l\u0117\u0161omis. &#8220;\u0160vietimas Lietuvos atei\u010diai&#8221; &#8211; tai projektas, atsirad\u0119s s\u0117kmingai sutapus Lietuvoje vykstan\u010dios \u0161vietimo reformos ir garsaus filantropo Soroso veiklos pagrindin\u0117ms id\u0117joms bei siekiams.<\/p>\n","protected":false},"featured_media":3421,"comment_status":"closed","ping_status":"closed","template":"","meta":{"_acf_changed":false,"site-sidebar-layout":"default","site-content-layout":"","ast-site-content-layout":"default","site-content-style":"default","site-sidebar-style":"default","ast-global-header-display":"","ast-banner-title-visibility":"","ast-main-header-display":"","ast-hfb-above-header-display":"","ast-hfb-below-header-display":"","ast-hfb-mobile-header-display":"","site-post-title":"","ast-breadcrumbs-content":"","ast-featured-img":"","footer-sml-layout":"","ast-disable-related-posts":"","theme-transparent-header-meta":"","adv-header-id-meta":"","stick-header-meta":"","header-above-stick-meta":"","header-main-stick-meta":"","header-below-stick-meta":"","astra-migrate-meta-layouts":"default","ast-page-background-enabled":"default","ast-page-background-meta":{"desktop":{"background-color":"","background-image":"","background-repeat":"repeat","background-position":"center center","background-size":"auto","background-attachment":"scroll","background-type":"","background-media":"","overlay-type":"","overlay-color":"","overlay-opacity":"","overlay-gradient":""},"tablet":{"background-color":"","background-image":"","background-repeat":"repeat","background-position":"center center","background-size":"auto","background-attachment":"scroll","background-type":"","background-media":"","overlay-type":"","overlay-color":"","overlay-opacity":"","overlay-gradient":""},"mobile":{"background-color":"","background-image":"","background-repeat":"repeat","background-position":"center center","background-size":"auto","background-attachment":"scroll","background-type":"","background-media":"","overlay-type":"","overlay-color":"","overlay-opacity":"","overlay-gradient":""}},"ast-content-background-meta":{"desktop":{"background-color":"var(--ast-global-color-4)","background-image":"","background-repeat":"repeat","background-position":"center center","background-size":"auto","background-attachment":"scroll","background-type":"","background-media":"","overlay-type":"","overlay-color":"","overlay-opacity":"","overlay-gradient":""},"tablet":{"background-color":"var(--ast-global-color-4)","background-image":"","background-repeat":"repeat","background-position":"center center","background-size":"auto","background-attachment":"scroll","background-type":"","background-media":"","overlay-type":"","overlay-color":"","overlay-opacity":"","overlay-gradient":""},"mobile":{"background-color":"var(--ast-global-color-4)","background-image":"","background-repeat":"repeat","background-position":"center center","background-size":"auto","background-attachment":"scroll","background-type":"","background-media":"","overlay-type":"","overlay-color":"","overlay-opacity":"","overlay-gradient":""}}},"product_brand":[],"product_cat":[392],"product_tag":[],"class_list":{"0":"post-3383","1":"product","2":"type-product","3":"status-publish","4":"has-post-thumbnail","6":"product_cat-edukologija","7":"desktop-align-left","8":"tablet-align-left","9":"mobile-align-left","11":"first","12":"outofstock","13":"shipping-taxable","14":"purchasable","15":"product-type-simple"},"acf":[],"yoast_head":"<!-- This site is optimized with the Yoast SEO plugin v27.0 - https:\/\/yoast.com\/product\/yoast-seo-wordpress\/ -->\n<title>Nijol\u0117 Bi\u017eys \u201ePamokos mokytojui\u201c - Skaitytaknyga<\/title>\n<meta name=\"description\" content=\"Knyga i\u0161leista atviros Lietuvos fondo l\u0117\u0161omis. &quot;\u0160vietimas Lietuvos atei\u010diai&quot; - tai projektas, atsirad\u0119s s\u0117kmingai sutapus Lietuvoje vykstan\u010dios \u0161vietimo reformos ir garsaus filantropo Soroso veiklos pagrindin\u0117ms id\u0117joms bei siekiams.\" \/>\n<meta name=\"robots\" content=\"index, follow, max-snippet:-1, max-image-preview:large, max-video-preview:-1\" \/>\n<link rel=\"canonical\" href=\"https:\/\/skaitytaknyga.lt\/en\/produktas\/nijole-bizys-pamokos-mokytojui\/\" \/>\n<meta property=\"og:locale\" content=\"en_GB\" \/>\n<meta property=\"og:locale:alternate\" content=\"lt_LT\" \/>\n<meta property=\"og:type\" content=\"article\" \/>\n<meta property=\"og:title\" content=\"Nijol\u0117 Bi\u017eys \u201ePamokos mokytojui\u201c - Skaitytaknyga\" \/>\n<meta property=\"og:description\" content=\"Knyga i\u0161leista atviros Lietuvos fondo l\u0117\u0161omis. &quot;\u0160vietimas Lietuvos atei\u010diai&quot; - tai projektas, atsirad\u0119s s\u0117kmingai sutapus Lietuvoje vykstan\u010dios \u0161vietimo reformos ir garsaus filantropo Soroso veiklos pagrindin\u0117ms id\u0117joms bei siekiams.\" \/>\n<meta property=\"og:url\" content=\"https:\/\/skaitytaknyga.lt\/en\/produktas\/nijole-bizys-pamokos-mokytojui\/\" \/>\n<meta property=\"og:site_name\" content=\"Skaitytaknyga\" \/>\n<meta property=\"article:publisher\" content=\"https:\/\/www.facebook.com\/skaitytaknyga\/\" \/>\n<meta property=\"article:modified_time\" content=\"2024-05-03T07:19:24+00:00\" \/>\n<meta property=\"og:image\" content=\"https:\/\/skaitytaknyga.lt\/wp-content\/uploads\/2024\/04\/unnamed-2-3.jpg\" \/>\n\t<meta property=\"og:image:width\" content=\"363\" \/>\n\t<meta property=\"og:image:height\" content=\"512\" \/>\n\t<meta property=\"og:image:type\" content=\"image\/jpeg\" \/>\n<meta name=\"twitter:card\" content=\"summary_large_image\" \/>\n<script type=\"application\/ld+json\" class=\"yoast-schema-graph\">{\"@context\":\"https:\/\/schema.org\",\"@graph\":[{\"@type\":\"WebPage\",\"@id\":\"https:\/\/skaitytaknyga.lt\/produktas\/nijole-bizys-pamokos-mokytojui\/\",\"url\":\"https:\/\/skaitytaknyga.lt\/produktas\/nijole-bizys-pamokos-mokytojui\/\",\"name\":\"Nijol\u0117 Bi\u017eys \u201ePamokos mokytojui\u201c - Skaitytaknyga\",\"isPartOf\":{\"@id\":\"https:\/\/skaitytaknyga.lt\/#website\"},\"primaryImageOfPage\":{\"@id\":\"https:\/\/skaitytaknyga.lt\/produktas\/nijole-bizys-pamokos-mokytojui\/#primaryimage\"},\"image\":{\"@id\":\"https:\/\/skaitytaknyga.lt\/produktas\/nijole-bizys-pamokos-mokytojui\/#primaryimage\"},\"thumbnailUrl\":\"https:\/\/skaitytaknyga.lt\/wp-content\/uploads\/2024\/04\/unnamed-2-3.jpg\",\"datePublished\":\"2024-04-17T13:27:55+00:00\",\"dateModified\":\"2024-05-03T07:19:24+00:00\",\"description\":\"Knyga i\u0161leista atviros Lietuvos fondo l\u0117\u0161omis. \\\"\u0160vietimas Lietuvos atei\u010diai\\\" - tai projektas, atsirad\u0119s s\u0117kmingai sutapus Lietuvoje vykstan\u010dios \u0161vietimo reformos ir garsaus filantropo Soroso veiklos pagrindin\u0117ms id\u0117joms bei siekiams.\",\"breadcrumb\":{\"@id\":\"https:\/\/skaitytaknyga.lt\/produktas\/nijole-bizys-pamokos-mokytojui\/#breadcrumb\"},\"inLanguage\":\"en-GB\",\"potentialAction\":[{\"@type\":\"ReadAction\",\"target\":[\"https:\/\/skaitytaknyga.lt\/produktas\/nijole-bizys-pamokos-mokytojui\/\"]}]},{\"@type\":\"ImageObject\",\"inLanguage\":\"en-GB\",\"@id\":\"https:\/\/skaitytaknyga.lt\/produktas\/nijole-bizys-pamokos-mokytojui\/#primaryimage\",\"url\":\"https:\/\/skaitytaknyga.lt\/wp-content\/uploads\/2024\/04\/unnamed-2-3.jpg\",\"contentUrl\":\"https:\/\/skaitytaknyga.lt\/wp-content\/uploads\/2024\/04\/unnamed-2-3.jpg\",\"width\":363,\"height\":512,\"caption\":\"unnamed 2 3\"},{\"@type\":\"BreadcrumbList\",\"@id\":\"https:\/\/skaitytaknyga.lt\/produktas\/nijole-bizys-pamokos-mokytojui\/#breadcrumb\",\"itemListElement\":[{\"@type\":\"ListItem\",\"position\":1,\"name\":\"Home\",\"item\":\"https:\/\/skaitytaknyga.lt\/\"},{\"@type\":\"ListItem\",\"position\":2,\"name\":\"Parduotuv\u0117\",\"item\":\"https:\/\/skaitytaknyga.lt\/knygu-parduotuve\/\"},{\"@type\":\"ListItem\",\"position\":3,\"name\":\"Nijol\u0117 Bi\u017eys \u201ePamokos mokytojui\u201c\"}]},{\"@type\":\"WebSite\",\"@id\":\"https:\/\/skaitytaknyga.lt\/#website\",\"url\":\"https:\/\/skaitytaknyga.lt\/\",\"name\":\"skaitytaknyga.lt\",\"description\":\"Skaitytaknyga.lt \u2013 tai ma\u017eas \u0161eimos verslas, kuris prasid\u0117jo nuo meil\u0117s knygoms ir siekio i\u0161gelb\u0117ti knygas nuo likimo prie konteinerio. Kas vienam nereikalingas daiktas \u2013 kitam lobis, o mes esame tarpininkai, kurie padeda abiems tapti laimingesniems ???? \u017dinome kaip nelengva i\u0161gyventi ma\u017eiems verslams, tad nuo \u0161iol, \u010dia rasite ir kit\u0173, ma\u017e\u0173 \u0161eim\u0173 versl\u0173, rank\u0173 darbo, dovan\u0173 sau ir artimiesiems.\",\"publisher\":{\"@id\":\"https:\/\/skaitytaknyga.lt\/#organization\"},\"potentialAction\":[{\"@type\":\"SearchAction\",\"target\":{\"@type\":\"EntryPoint\",\"urlTemplate\":\"https:\/\/skaitytaknyga.lt\/?s={search_term_string}\"},\"query-input\":{\"@type\":\"PropertyValueSpecification\",\"valueRequired\":true,\"valueName\":\"search_term_string\"}}],\"inLanguage\":\"en-GB\"},{\"@type\":\"Organization\",\"@id\":\"https:\/\/skaitytaknyga.lt\/#organization\",\"name\":\"skaitytaknyga.lt\",\"url\":\"https:\/\/skaitytaknyga.lt\/\",\"logo\":{\"@type\":\"ImageObject\",\"inLanguage\":\"en-GB\",\"@id\":\"https:\/\/skaitytaknyga.lt\/#\/schema\/logo\/image\/\",\"url\":\"https:\/\/skaitytaknyga.lt\/wp-content\/uploads\/2024\/05\/cropped-cropped-cropped-02_00843_jt3bggkj1j3HLc7SyY6rEUpg.jpeg\",\"contentUrl\":\"https:\/\/skaitytaknyga.lt\/wp-content\/uploads\/2024\/05\/cropped-cropped-cropped-02_00843_jt3bggkj1j3HLc7SyY6rEUpg.jpeg\",\"width\":1600,\"height\":1600,\"caption\":\"skaitytaknyga.lt\"},\"image\":{\"@id\":\"https:\/\/skaitytaknyga.lt\/#\/schema\/logo\/image\/\"},\"sameAs\":[\"https:\/\/www.facebook.com\/skaitytaknyga\/\"]}]}<\/script>\n<!-- \/ Yoast SEO plugin. -->","yoast_head_json":{"title":"Nijol\u0117 Bi\u017eys \u201ePamokos mokytojui\u201c - Skaitytaknyga","description":"Knyga i\u0161leista atviros Lietuvos fondo l\u0117\u0161omis. \"\u0160vietimas Lietuvos atei\u010diai\" - tai projektas, atsirad\u0119s s\u0117kmingai sutapus Lietuvoje vykstan\u010dios \u0161vietimo reformos ir garsaus filantropo Soroso veiklos pagrindin\u0117ms id\u0117joms bei siekiams.","robots":{"index":"index","follow":"follow","max-snippet":"max-snippet:-1","max-image-preview":"max-image-preview:large","max-video-preview":"max-video-preview:-1"},"canonical":"https:\/\/skaitytaknyga.lt\/en\/produktas\/nijole-bizys-pamokos-mokytojui\/","og_locale":"en_GB","og_type":"article","og_title":"Nijol\u0117 Bi\u017eys \u201ePamokos mokytojui\u201c - Skaitytaknyga","og_description":"Knyga i\u0161leista atviros Lietuvos fondo l\u0117\u0161omis. \"\u0160vietimas Lietuvos atei\u010diai\" - tai projektas, atsirad\u0119s s\u0117kmingai sutapus Lietuvoje vykstan\u010dios \u0161vietimo reformos ir garsaus filantropo Soroso veiklos pagrindin\u0117ms id\u0117joms bei siekiams.","og_url":"https:\/\/skaitytaknyga.lt\/en\/produktas\/nijole-bizys-pamokos-mokytojui\/","og_site_name":"Skaitytaknyga","article_publisher":"https:\/\/www.facebook.com\/skaitytaknyga\/","article_modified_time":"2024-05-03T07:19:24+00:00","og_image":[{"width":363,"height":512,"url":"https:\/\/skaitytaknyga.lt\/wp-content\/uploads\/2024\/04\/unnamed-2-3.jpg","type":"image\/jpeg"}],"twitter_card":"summary_large_image","schema":{"@context":"https:\/\/schema.org","@graph":[{"@type":"WebPage","@id":"https:\/\/skaitytaknyga.lt\/produktas\/nijole-bizys-pamokos-mokytojui\/","url":"https:\/\/skaitytaknyga.lt\/produktas\/nijole-bizys-pamokos-mokytojui\/","name":"Nijol\u0117 Bi\u017eys \u201ePamokos mokytojui\u201c - Skaitytaknyga","isPartOf":{"@id":"https:\/\/skaitytaknyga.lt\/#website"},"primaryImageOfPage":{"@id":"https:\/\/skaitytaknyga.lt\/produktas\/nijole-bizys-pamokos-mokytojui\/#primaryimage"},"image":{"@id":"https:\/\/skaitytaknyga.lt\/produktas\/nijole-bizys-pamokos-mokytojui\/#primaryimage"},"thumbnailUrl":"https:\/\/skaitytaknyga.lt\/wp-content\/uploads\/2024\/04\/unnamed-2-3.jpg","datePublished":"2024-04-17T13:27:55+00:00","dateModified":"2024-05-03T07:19:24+00:00","description":"Knyga i\u0161leista atviros Lietuvos fondo l\u0117\u0161omis. \"\u0160vietimas Lietuvos atei\u010diai\" - tai projektas, atsirad\u0119s s\u0117kmingai sutapus Lietuvoje vykstan\u010dios \u0161vietimo reformos ir garsaus filantropo Soroso veiklos pagrindin\u0117ms id\u0117joms bei siekiams.","breadcrumb":{"@id":"https:\/\/skaitytaknyga.lt\/produktas\/nijole-bizys-pamokos-mokytojui\/#breadcrumb"},"inLanguage":"en-GB","potentialAction":[{"@type":"ReadAction","target":["https:\/\/skaitytaknyga.lt\/produktas\/nijole-bizys-pamokos-mokytojui\/"]}]},{"@type":"ImageObject","inLanguage":"en-GB","@id":"https:\/\/skaitytaknyga.lt\/produktas\/nijole-bizys-pamokos-mokytojui\/#primaryimage","url":"https:\/\/skaitytaknyga.lt\/wp-content\/uploads\/2024\/04\/unnamed-2-3.jpg","contentUrl":"https:\/\/skaitytaknyga.lt\/wp-content\/uploads\/2024\/04\/unnamed-2-3.jpg","width":363,"height":512,"caption":"unnamed 2 3"},{"@type":"BreadcrumbList","@id":"https:\/\/skaitytaknyga.lt\/produktas\/nijole-bizys-pamokos-mokytojui\/#breadcrumb","itemListElement":[{"@type":"ListItem","position":1,"name":"Home","item":"https:\/\/skaitytaknyga.lt\/"},{"@type":"ListItem","position":2,"name":"Parduotuv\u0117","item":"https:\/\/skaitytaknyga.lt\/knygu-parduotuve\/"},{"@type":"ListItem","position":3,"name":"Nijol\u0117 Bi\u017eys \u201ePamokos mokytojui\u201c"}]},{"@type":"WebSite","@id":"https:\/\/skaitytaknyga.lt\/#website","url":"https:\/\/skaitytaknyga.lt\/","name":"skaitytaknyga.lt","description":"Skaitytaknyga.lt \u2013 tai ma\u017eas \u0161eimos verslas, kuris prasid\u0117jo nuo meil\u0117s knygoms ir siekio i\u0161gelb\u0117ti knygas nuo likimo prie konteinerio. Kas vienam nereikalingas daiktas \u2013 kitam lobis, o mes esame tarpininkai, kurie padeda abiems tapti laimingesniems ???? \u017dinome kaip nelengva i\u0161gyventi ma\u017eiems verslams, tad nuo \u0161iol, \u010dia rasite ir kit\u0173, ma\u017e\u0173 \u0161eim\u0173 versl\u0173, rank\u0173 darbo, dovan\u0173 sau ir artimiesiems.","publisher":{"@id":"https:\/\/skaitytaknyga.lt\/#organization"},"potentialAction":[{"@type":"SearchAction","target":{"@type":"EntryPoint","urlTemplate":"https:\/\/skaitytaknyga.lt\/?s={search_term_string}"},"query-input":{"@type":"PropertyValueSpecification","valueRequired":true,"valueName":"search_term_string"}}],"inLanguage":"en-GB"},{"@type":"Organization","@id":"https:\/\/skaitytaknyga.lt\/#organization","name":"skaitytaknyga.lt","url":"https:\/\/skaitytaknyga.lt\/","logo":{"@type":"ImageObject","inLanguage":"en-GB","@id":"https:\/\/skaitytaknyga.lt\/#\/schema\/logo\/image\/","url":"https:\/\/skaitytaknyga.lt\/wp-content\/uploads\/2024\/05\/cropped-cropped-cropped-02_00843_jt3bggkj1j3HLc7SyY6rEUpg.jpeg","contentUrl":"https:\/\/skaitytaknyga.lt\/wp-content\/uploads\/2024\/05\/cropped-cropped-cropped-02_00843_jt3bggkj1j3HLc7SyY6rEUpg.jpeg","width":1600,"height":1600,"caption":"skaitytaknyga.lt"},"image":{"@id":"https:\/\/skaitytaknyga.lt\/#\/schema\/logo\/image\/"},"sameAs":["https:\/\/www.facebook.com\/skaitytaknyga\/"]}]}},"_links":{"self":[{"href":"https:\/\/skaitytaknyga.lt\/en\/wp-json\/wp\/v2\/product\/3383","targetHints":{"allow":["GET"]}}],"collection":[{"href":"https:\/\/skaitytaknyga.lt\/en\/wp-json\/wp\/v2\/product"}],"about":[{"href":"https:\/\/skaitytaknyga.lt\/en\/wp-json\/wp\/v2\/types\/product"}],"replies":[{"embeddable":true,"href":"https:\/\/skaitytaknyga.lt\/en\/wp-json\/wp\/v2\/comments?post=3383"}],"wp:featuredmedia":[{"embeddable":true,"href":"https:\/\/skaitytaknyga.lt\/en\/wp-json\/wp\/v2\/media\/3421"}],"wp:attachment":[{"href":"https:\/\/skaitytaknyga.lt\/en\/wp-json\/wp\/v2\/media?parent=3383"}],"wp:term":[{"taxonomy":"product_brand","embeddable":true,"href":"https:\/\/skaitytaknyga.lt\/en\/wp-json\/wp\/v2\/product_brand?post=3383"},{"taxonomy":"product_cat","embeddable":true,"href":"https:\/\/skaitytaknyga.lt\/en\/wp-json\/wp\/v2\/product_cat?post=3383"},{"taxonomy":"product_tag","embeddable":true,"href":"https:\/\/skaitytaknyga.lt\/en\/wp-json\/wp\/v2\/product_tag?post=3383"}],"curies":[{"name":"wp","href":"https:\/\/api.w.org\/{rel}","templated":true}]}}