{"id":3322,"date":"2024-06-14T16:26:43","date_gmt":"2024-06-14T16:26:43","guid":{"rendered":"https:\/\/skaitytaknyga.lt\/?post_type=product&#038;p=3322"},"modified":"2026-04-02T16:24:54","modified_gmt":"2026-04-02T13:24:54","slug":"liselotte-welskopf-henrich-harka","status":"publish","type":"product","link":"https:\/\/skaitytaknyga.lt\/en\/produktas\/liselotte-welskopf-henrich-harka\/","title":{"rendered":"Liselotte Welskopf-Henrich \u201eHarka\u201c"},"content":{"rendered":"<p>\u0160ia knyga pradedamas garsios vokie\u010di\u0173 ra\u0161ytojos ir mokslinink\u0117s Lizelotos Velskopf-Henrich \u0161e\u0161i\u0173 roman\u0173 ciklas \u201eDid\u017eiosios lok\u0117s s\u016bn\u016bs\u201c apie bebaim\u012f ind\u0117n\u0173 berniuk\u0105 Hark\u0105.<\/p>\n<p>\u0160ioje knygoje \u012fdomiai pasakojama apie jaunojo herojaus vaikyst\u0119: kupin\u0105 pavoj\u0173 gyvenim\u0105 prerijose, vaik\u0173 var\u017eybas ir \u017eaidimus, susid\u016brimus su prie\u0161ais, motinos netekt\u012f, med\u017eiokl\u0117s nuotykius ir pirmuosius susitikimus su baltaisiais \u017emon\u0117mis.<\/p>\n","protected":false},"excerpt":{"rendered":"<p>\u0160ia knyga pradedamas garsios vokie\u010di\u0173 ra\u0161ytojos ir mokslinink\u0117s Lizelotos Velskopf-Henrich \u0161e\u0161i\u0173 roman\u0173 ciklas \u201eDid\u017eiosios lok\u0117s s\u016bn\u016bs\u201c apie bebaim\u012f ind\u0117n\u0173 berniuk\u0105 Hark\u0105.<\/p>\n<p>\u0160ioje knygoje \u012fdomiai pasakojama apie jaunojo herojaus vaikyst\u0119: kupin\u0105 pavoj\u0173 gyvenim\u0105 prerijose, vaik\u0173 var\u017eybas ir \u017eaidimus, susid\u016brimus su prie\u0161ais, motinos netekt\u012f, med\u017eiokl\u0117s nuotykius ir pirmuosius susitikimus su baltaisiais \u017emon\u0117mis.<\/p>\n","protected":false},"featured_media":3366,"comment_status":"closed","ping_status":"closed","template":"","meta":{"_acf_changed":false,"site-sidebar-layout":"default","site-content-layout":"","ast-site-content-layout":"default","site-content-style":"default","site-sidebar-style":"default","ast-global-header-display":"","ast-banner-title-visibility":"","ast-main-header-display":"","ast-hfb-above-header-display":"","ast-hfb-below-header-display":"","ast-hfb-mobile-header-display":"","site-post-title":"","ast-breadcrumbs-content":"","ast-featured-img":"","footer-sml-layout":"","ast-disable-related-posts":"","theme-transparent-header-meta":"","adv-header-id-meta":"","stick-header-meta":"","header-above-stick-meta":"","header-main-stick-meta":"","header-below-stick-meta":"","astra-migrate-meta-layouts":"default","ast-page-background-enabled":"default","ast-page-background-meta":{"desktop":{"background-color":"","background-image":"","background-repeat":"repeat","background-position":"center center","background-size":"auto","background-attachment":"scroll","background-type":"","background-media":"","overlay-type":"","overlay-color":"","overlay-opacity":"","overlay-gradient":""},"tablet":{"background-color":"","background-image":"","background-repeat":"repeat","background-position":"center center","background-size":"auto","background-attachment":"scroll","background-type":"","background-media":"","overlay-type":"","overlay-color":"","overlay-opacity":"","overlay-gradient":""},"mobile":{"background-color":"","background-image":"","background-repeat":"repeat","background-position":"center center","background-size":"auto","background-attachment":"scroll","background-type":"","background-media":"","overlay-type":"","overlay-color":"","overlay-opacity":"","overlay-gradient":""}},"ast-content-background-meta":{"desktop":{"background-color":"var(--ast-global-color-4)","background-image":"","background-repeat":"repeat","background-position":"center center","background-size":"auto","background-attachment":"scroll","background-type":"","background-media":"","overlay-type":"","overlay-color":"","overlay-opacity":"","overlay-gradient":""},"tablet":{"background-color":"var(--ast-global-color-4)","background-image":"","background-repeat":"repeat","background-position":"center center","background-size":"auto","background-attachment":"scroll","background-type":"","background-media":"","overlay-type":"","overlay-color":"","overlay-opacity":"","overlay-gradient":""},"mobile":{"background-color":"var(--ast-global-color-4)","background-image":"","background-repeat":"repeat","background-position":"center center","background-size":"auto","background-attachment":"scroll","background-type":"","background-media":"","overlay-type":"","overlay-color":"","overlay-opacity":"","overlay-gradient":""}}},"product_brand":[],"product_cat":[28],"product_tag":[7030,7029,7032,1451,7031],"class_list":{"0":"post-3322","1":"product","2":"type-product","3":"status-publish","4":"has-post-thumbnail","6":"product_cat-klasika","7":"product_tag-baltieji","8":"product_tag-harkos-vaikyste","9":"product_tag-liselotte-welskopf-henrich","10":"product_tag-nuotykiai","11":"product_tag-prerijos","12":"desktop-align-left","13":"tablet-align-left","14":"mobile-align-left","16":"first","17":"instock","18":"shipping-taxable","19":"purchasable","20":"product-type-simple"},"acf":[],"yoast_head":"<!-- This site is optimized with the Yoast SEO plugin v27.0 - https:\/\/yoast.com\/product\/yoast-seo-wordpress\/ -->\n<title>Liselotte Welskopf-Henrich \u201eHarka\u201c - Skaitytaknyga<\/title>\n<meta name=\"description\" content=\"\u0160ia knyga pradedamas garsios vokie\u010di\u0173 ra\u0161ytojos ir mokslinink\u0117s Lizelotos Velskopf-Henrich \u0161e\u0161i\u0173 roman\u0173 ciklas \u201eDid\u017eiosios lok\u0117s s\u016bn\u016bs\u201c apie bebaim\u012f ind\u0117n\u0173 berniuk\u0105 Hark\u0105.  \u0160ioje knygoje \u012fdomiai pasakojama apie jaunojo herojaus vaikyst\u0119: kupin\u0105 pavoj\u0173 gyvenim\u0105 prerijose, vaik\u0173 var\u017eybas ir \u017eaidimus, susid\u016brimus su prie\u0161ais, motinos netekt\u012f, med\u017eiokl\u0117s nuotykius ir pirmuosius susitikimus su baltaisiais \u017emon\u0117mis.\" \/>\n<meta name=\"robots\" content=\"index, follow, max-snippet:-1, max-image-preview:large, max-video-preview:-1\" \/>\n<link rel=\"canonical\" href=\"https:\/\/skaitytaknyga.lt\/en\/produktas\/liselotte-welskopf-henrich-harka\/\" \/>\n<meta property=\"og:locale\" content=\"en_GB\" \/>\n<meta property=\"og:locale:alternate\" content=\"lt_LT\" \/>\n<meta property=\"og:type\" content=\"article\" \/>\n<meta property=\"og:title\" content=\"Liselotte Welskopf-Henrich \u201eHarka\u201c - Skaitytaknyga\" \/>\n<meta property=\"og:description\" content=\"\u0160ia knyga pradedamas garsios vokie\u010di\u0173 ra\u0161ytojos ir mokslinink\u0117s Lizelotos Velskopf-Henrich \u0161e\u0161i\u0173 roman\u0173 ciklas \u201eDid\u017eiosios lok\u0117s s\u016bn\u016bs\u201c apie bebaim\u012f ind\u0117n\u0173 berniuk\u0105 Hark\u0105.  \u0160ioje knygoje \u012fdomiai pasakojama apie jaunojo herojaus vaikyst\u0119: kupin\u0105 pavoj\u0173 gyvenim\u0105 prerijose, vaik\u0173 var\u017eybas ir \u017eaidimus, susid\u016brimus su prie\u0161ais, motinos netekt\u012f, med\u017eiokl\u0117s nuotykius ir pirmuosius susitikimus su baltaisiais \u017emon\u0117mis.\" \/>\n<meta property=\"og:url\" content=\"https:\/\/skaitytaknyga.lt\/en\/produktas\/liselotte-welskopf-henrich-harka\/\" \/>\n<meta property=\"og:site_name\" content=\"Skaitytaknyga\" \/>\n<meta property=\"article:publisher\" content=\"https:\/\/www.facebook.com\/skaitytaknyga\/\" \/>\n<meta property=\"article:modified_time\" content=\"2026-04-02T13:24:54+00:00\" \/>\n<meta property=\"og:image\" content=\"https:\/\/skaitytaknyga.lt\/wp-content\/uploads\/2024\/04\/1462887451_img0019-001.jpg\" \/>\n\t<meta property=\"og:image:width\" content=\"279\" \/>\n\t<meta property=\"og:image:height\" content=\"430\" \/>\n\t<meta property=\"og:image:type\" content=\"image\/jpeg\" \/>\n<meta name=\"twitter:card\" content=\"summary_large_image\" \/>\n<script type=\"application\/ld+json\" class=\"yoast-schema-graph\">{\"@context\":\"https:\/\/schema.org\",\"@graph\":[{\"@type\":\"WebPage\",\"@id\":\"https:\/\/skaitytaknyga.lt\/produktas\/liselotte-welskopf-henrich-harka\/\",\"url\":\"https:\/\/skaitytaknyga.lt\/produktas\/liselotte-welskopf-henrich-harka\/\",\"name\":\"Liselotte Welskopf-Henrich \u201eHarka\u201c - Skaitytaknyga\",\"isPartOf\":{\"@id\":\"https:\/\/skaitytaknyga.lt\/#website\"},\"primaryImageOfPage\":{\"@id\":\"https:\/\/skaitytaknyga.lt\/produktas\/liselotte-welskopf-henrich-harka\/#primaryimage\"},\"image\":{\"@id\":\"https:\/\/skaitytaknyga.lt\/produktas\/liselotte-welskopf-henrich-harka\/#primaryimage\"},\"thumbnailUrl\":\"https:\/\/skaitytaknyga.lt\/wp-content\/uploads\/2024\/04\/1462887451_img0019-001.jpg\",\"datePublished\":\"2024-06-14T16:26:43+00:00\",\"dateModified\":\"2026-04-02T13:24:54+00:00\",\"description\":\"\u0160ia knyga pradedamas garsios vokie\u010di\u0173 ra\u0161ytojos ir mokslinink\u0117s Lizelotos Velskopf-Henrich \u0161e\u0161i\u0173 roman\u0173 ciklas \u201eDid\u017eiosios lok\u0117s s\u016bn\u016bs\u201c apie bebaim\u012f ind\u0117n\u0173 berniuk\u0105 Hark\u0105. \u0160ioje knygoje \u012fdomiai pasakojama apie jaunojo herojaus vaikyst\u0119: kupin\u0105 pavoj\u0173 gyvenim\u0105 prerijose, vaik\u0173 var\u017eybas ir \u017eaidimus, susid\u016brimus su prie\u0161ais, motinos netekt\u012f, med\u017eiokl\u0117s nuotykius ir pirmuosius susitikimus su baltaisiais \u017emon\u0117mis.\",\"breadcrumb\":{\"@id\":\"https:\/\/skaitytaknyga.lt\/produktas\/liselotte-welskopf-henrich-harka\/#breadcrumb\"},\"inLanguage\":\"en-GB\",\"potentialAction\":[{\"@type\":\"ReadAction\",\"target\":[\"https:\/\/skaitytaknyga.lt\/produktas\/liselotte-welskopf-henrich-harka\/\"]}]},{\"@type\":\"ImageObject\",\"inLanguage\":\"en-GB\",\"@id\":\"https:\/\/skaitytaknyga.lt\/produktas\/liselotte-welskopf-henrich-harka\/#primaryimage\",\"url\":\"https:\/\/skaitytaknyga.lt\/wp-content\/uploads\/2024\/04\/1462887451_img0019-001.jpg\",\"contentUrl\":\"https:\/\/skaitytaknyga.lt\/wp-content\/uploads\/2024\/04\/1462887451_img0019-001.jpg\",\"width\":279,\"height\":430,\"caption\":\"1462887451 img0019 001\"},{\"@type\":\"BreadcrumbList\",\"@id\":\"https:\/\/skaitytaknyga.lt\/produktas\/liselotte-welskopf-henrich-harka\/#breadcrumb\",\"itemListElement\":[{\"@type\":\"ListItem\",\"position\":1,\"name\":\"Home\",\"item\":\"https:\/\/skaitytaknyga.lt\/\"},{\"@type\":\"ListItem\",\"position\":2,\"name\":\"Parduotuv\u0117\",\"item\":\"https:\/\/skaitytaknyga.lt\/knygu-parduotuve\/\"},{\"@type\":\"ListItem\",\"position\":3,\"name\":\"Liselotte Welskopf-Henrich \u201eHarka\u201c\"}]},{\"@type\":\"WebSite\",\"@id\":\"https:\/\/skaitytaknyga.lt\/#website\",\"url\":\"https:\/\/skaitytaknyga.lt\/\",\"name\":\"skaitytaknyga.lt\",\"description\":\"Skaitytaknyga.lt \u2013 tai ma\u017eas \u0161eimos verslas, kuris prasid\u0117jo nuo meil\u0117s knygoms ir siekio i\u0161gelb\u0117ti knygas nuo likimo prie konteinerio. Kas vienam nereikalingas daiktas \u2013 kitam lobis, o mes esame tarpininkai, kurie padeda abiems tapti laimingesniems ???? \u017dinome kaip nelengva i\u0161gyventi ma\u017eiems verslams, tad nuo \u0161iol, \u010dia rasite ir kit\u0173, ma\u017e\u0173 \u0161eim\u0173 versl\u0173, rank\u0173 darbo, dovan\u0173 sau ir artimiesiems.\",\"publisher\":{\"@id\":\"https:\/\/skaitytaknyga.lt\/#organization\"},\"potentialAction\":[{\"@type\":\"SearchAction\",\"target\":{\"@type\":\"EntryPoint\",\"urlTemplate\":\"https:\/\/skaitytaknyga.lt\/?s={search_term_string}\"},\"query-input\":{\"@type\":\"PropertyValueSpecification\",\"valueRequired\":true,\"valueName\":\"search_term_string\"}}],\"inLanguage\":\"en-GB\"},{\"@type\":\"Organization\",\"@id\":\"https:\/\/skaitytaknyga.lt\/#organization\",\"name\":\"skaitytaknyga.lt\",\"url\":\"https:\/\/skaitytaknyga.lt\/\",\"logo\":{\"@type\":\"ImageObject\",\"inLanguage\":\"en-GB\",\"@id\":\"https:\/\/skaitytaknyga.lt\/#\/schema\/logo\/image\/\",\"url\":\"https:\/\/skaitytaknyga.lt\/wp-content\/uploads\/2024\/05\/cropped-cropped-cropped-02_00843_jt3bggkj1j3HLc7SyY6rEUpg.jpeg\",\"contentUrl\":\"https:\/\/skaitytaknyga.lt\/wp-content\/uploads\/2024\/05\/cropped-cropped-cropped-02_00843_jt3bggkj1j3HLc7SyY6rEUpg.jpeg\",\"width\":1600,\"height\":1600,\"caption\":\"skaitytaknyga.lt\"},\"image\":{\"@id\":\"https:\/\/skaitytaknyga.lt\/#\/schema\/logo\/image\/\"},\"sameAs\":[\"https:\/\/www.facebook.com\/skaitytaknyga\/\"]}]}<\/script>\n<!-- \/ Yoast SEO plugin. -->","yoast_head_json":{"title":"Liselotte Welskopf-Henrich \u201eHarka\u201c - Skaitytaknyga","description":"\u0160ia knyga pradedamas garsios vokie\u010di\u0173 ra\u0161ytojos ir mokslinink\u0117s Lizelotos Velskopf-Henrich \u0161e\u0161i\u0173 roman\u0173 ciklas \u201eDid\u017eiosios lok\u0117s s\u016bn\u016bs\u201c apie bebaim\u012f ind\u0117n\u0173 berniuk\u0105 Hark\u0105.  \u0160ioje knygoje \u012fdomiai pasakojama apie jaunojo herojaus vaikyst\u0119: kupin\u0105 pavoj\u0173 gyvenim\u0105 prerijose, vaik\u0173 var\u017eybas ir \u017eaidimus, susid\u016brimus su prie\u0161ais, motinos netekt\u012f, med\u017eiokl\u0117s nuotykius ir pirmuosius susitikimus su baltaisiais \u017emon\u0117mis.","robots":{"index":"index","follow":"follow","max-snippet":"max-snippet:-1","max-image-preview":"max-image-preview:large","max-video-preview":"max-video-preview:-1"},"canonical":"https:\/\/skaitytaknyga.lt\/en\/produktas\/liselotte-welskopf-henrich-harka\/","og_locale":"en_GB","og_type":"article","og_title":"Liselotte Welskopf-Henrich \u201eHarka\u201c - Skaitytaknyga","og_description":"\u0160ia knyga pradedamas garsios vokie\u010di\u0173 ra\u0161ytojos ir mokslinink\u0117s Lizelotos Velskopf-Henrich \u0161e\u0161i\u0173 roman\u0173 ciklas \u201eDid\u017eiosios lok\u0117s s\u016bn\u016bs\u201c apie bebaim\u012f ind\u0117n\u0173 berniuk\u0105 Hark\u0105.  \u0160ioje knygoje \u012fdomiai pasakojama apie jaunojo herojaus vaikyst\u0119: kupin\u0105 pavoj\u0173 gyvenim\u0105 prerijose, vaik\u0173 var\u017eybas ir \u017eaidimus, susid\u016brimus su prie\u0161ais, motinos netekt\u012f, med\u017eiokl\u0117s nuotykius ir pirmuosius susitikimus su baltaisiais \u017emon\u0117mis.","og_url":"https:\/\/skaitytaknyga.lt\/en\/produktas\/liselotte-welskopf-henrich-harka\/","og_site_name":"Skaitytaknyga","article_publisher":"https:\/\/www.facebook.com\/skaitytaknyga\/","article_modified_time":"2026-04-02T13:24:54+00:00","og_image":[{"width":279,"height":430,"url":"https:\/\/skaitytaknyga.lt\/wp-content\/uploads\/2024\/04\/1462887451_img0019-001.jpg","type":"image\/jpeg"}],"twitter_card":"summary_large_image","schema":{"@context":"https:\/\/schema.org","@graph":[{"@type":"WebPage","@id":"https:\/\/skaitytaknyga.lt\/produktas\/liselotte-welskopf-henrich-harka\/","url":"https:\/\/skaitytaknyga.lt\/produktas\/liselotte-welskopf-henrich-harka\/","name":"Liselotte Welskopf-Henrich \u201eHarka\u201c - Skaitytaknyga","isPartOf":{"@id":"https:\/\/skaitytaknyga.lt\/#website"},"primaryImageOfPage":{"@id":"https:\/\/skaitytaknyga.lt\/produktas\/liselotte-welskopf-henrich-harka\/#primaryimage"},"image":{"@id":"https:\/\/skaitytaknyga.lt\/produktas\/liselotte-welskopf-henrich-harka\/#primaryimage"},"thumbnailUrl":"https:\/\/skaitytaknyga.lt\/wp-content\/uploads\/2024\/04\/1462887451_img0019-001.jpg","datePublished":"2024-06-14T16:26:43+00:00","dateModified":"2026-04-02T13:24:54+00:00","description":"\u0160ia knyga pradedamas garsios vokie\u010di\u0173 ra\u0161ytojos ir mokslinink\u0117s Lizelotos Velskopf-Henrich \u0161e\u0161i\u0173 roman\u0173 ciklas \u201eDid\u017eiosios lok\u0117s s\u016bn\u016bs\u201c apie bebaim\u012f ind\u0117n\u0173 berniuk\u0105 Hark\u0105. \u0160ioje knygoje \u012fdomiai pasakojama apie jaunojo herojaus vaikyst\u0119: kupin\u0105 pavoj\u0173 gyvenim\u0105 prerijose, vaik\u0173 var\u017eybas ir \u017eaidimus, susid\u016brimus su prie\u0161ais, motinos netekt\u012f, med\u017eiokl\u0117s nuotykius ir pirmuosius susitikimus su baltaisiais \u017emon\u0117mis.","breadcrumb":{"@id":"https:\/\/skaitytaknyga.lt\/produktas\/liselotte-welskopf-henrich-harka\/#breadcrumb"},"inLanguage":"en-GB","potentialAction":[{"@type":"ReadAction","target":["https:\/\/skaitytaknyga.lt\/produktas\/liselotte-welskopf-henrich-harka\/"]}]},{"@type":"ImageObject","inLanguage":"en-GB","@id":"https:\/\/skaitytaknyga.lt\/produktas\/liselotte-welskopf-henrich-harka\/#primaryimage","url":"https:\/\/skaitytaknyga.lt\/wp-content\/uploads\/2024\/04\/1462887451_img0019-001.jpg","contentUrl":"https:\/\/skaitytaknyga.lt\/wp-content\/uploads\/2024\/04\/1462887451_img0019-001.jpg","width":279,"height":430,"caption":"1462887451 img0019 001"},{"@type":"BreadcrumbList","@id":"https:\/\/skaitytaknyga.lt\/produktas\/liselotte-welskopf-henrich-harka\/#breadcrumb","itemListElement":[{"@type":"ListItem","position":1,"name":"Home","item":"https:\/\/skaitytaknyga.lt\/"},{"@type":"ListItem","position":2,"name":"Parduotuv\u0117","item":"https:\/\/skaitytaknyga.lt\/knygu-parduotuve\/"},{"@type":"ListItem","position":3,"name":"Liselotte Welskopf-Henrich \u201eHarka\u201c"}]},{"@type":"WebSite","@id":"https:\/\/skaitytaknyga.lt\/#website","url":"https:\/\/skaitytaknyga.lt\/","name":"skaitytaknyga.lt","description":"Skaitytaknyga.lt \u2013 tai ma\u017eas \u0161eimos verslas, kuris prasid\u0117jo nuo meil\u0117s knygoms ir siekio i\u0161gelb\u0117ti knygas nuo likimo prie konteinerio. Kas vienam nereikalingas daiktas \u2013 kitam lobis, o mes esame tarpininkai, kurie padeda abiems tapti laimingesniems ???? \u017dinome kaip nelengva i\u0161gyventi ma\u017eiems verslams, tad nuo \u0161iol, \u010dia rasite ir kit\u0173, ma\u017e\u0173 \u0161eim\u0173 versl\u0173, rank\u0173 darbo, dovan\u0173 sau ir artimiesiems.","publisher":{"@id":"https:\/\/skaitytaknyga.lt\/#organization"},"potentialAction":[{"@type":"SearchAction","target":{"@type":"EntryPoint","urlTemplate":"https:\/\/skaitytaknyga.lt\/?s={search_term_string}"},"query-input":{"@type":"PropertyValueSpecification","valueRequired":true,"valueName":"search_term_string"}}],"inLanguage":"en-GB"},{"@type":"Organization","@id":"https:\/\/skaitytaknyga.lt\/#organization","name":"skaitytaknyga.lt","url":"https:\/\/skaitytaknyga.lt\/","logo":{"@type":"ImageObject","inLanguage":"en-GB","@id":"https:\/\/skaitytaknyga.lt\/#\/schema\/logo\/image\/","url":"https:\/\/skaitytaknyga.lt\/wp-content\/uploads\/2024\/05\/cropped-cropped-cropped-02_00843_jt3bggkj1j3HLc7SyY6rEUpg.jpeg","contentUrl":"https:\/\/skaitytaknyga.lt\/wp-content\/uploads\/2024\/05\/cropped-cropped-cropped-02_00843_jt3bggkj1j3HLc7SyY6rEUpg.jpeg","width":1600,"height":1600,"caption":"skaitytaknyga.lt"},"image":{"@id":"https:\/\/skaitytaknyga.lt\/#\/schema\/logo\/image\/"},"sameAs":["https:\/\/www.facebook.com\/skaitytaknyga\/"]}]}},"_links":{"self":[{"href":"https:\/\/skaitytaknyga.lt\/en\/wp-json\/wp\/v2\/product\/3322","targetHints":{"allow":["GET"]}}],"collection":[{"href":"https:\/\/skaitytaknyga.lt\/en\/wp-json\/wp\/v2\/product"}],"about":[{"href":"https:\/\/skaitytaknyga.lt\/en\/wp-json\/wp\/v2\/types\/product"}],"replies":[{"embeddable":true,"href":"https:\/\/skaitytaknyga.lt\/en\/wp-json\/wp\/v2\/comments?post=3322"}],"wp:featuredmedia":[{"embeddable":true,"href":"https:\/\/skaitytaknyga.lt\/en\/wp-json\/wp\/v2\/media\/3366"}],"wp:attachment":[{"href":"https:\/\/skaitytaknyga.lt\/en\/wp-json\/wp\/v2\/media?parent=3322"}],"wp:term":[{"taxonomy":"product_brand","embeddable":true,"href":"https:\/\/skaitytaknyga.lt\/en\/wp-json\/wp\/v2\/product_brand?post=3322"},{"taxonomy":"product_cat","embeddable":true,"href":"https:\/\/skaitytaknyga.lt\/en\/wp-json\/wp\/v2\/product_cat?post=3322"},{"taxonomy":"product_tag","embeddable":true,"href":"https:\/\/skaitytaknyga.lt\/en\/wp-json\/wp\/v2\/product_tag?post=3322"}],"curies":[{"name":"wp","href":"https:\/\/api.w.org\/{rel}","templated":true}]}}