{"id":3320,"date":"2024-04-17T13:26:43","date_gmt":"2024-04-17T13:26:43","guid":{"rendered":"https:\/\/skaitytaknyga.lt\/?post_type=product&#038;p=3320"},"modified":"2025-12-06T22:29:26","modified_gmt":"2025-12-06T20:29:26","slug":"u-eco-rozes-vardas","status":"publish","type":"product","link":"https:\/\/skaitytaknyga.lt\/en\/produktas\/u-eco-rozes-vardas\/","title":{"rendered":"Ro\u017e\u0117s vardas"},"content":{"rendered":"<p>Knygoje veiksmas vyksta Italijos \u0161iaur\u0117je, 1327 met\u0173 pabaigoje, turtingame benedikt\u0173 vienuolyne, \u012f kur\u012f atvyksta pagrindinis herojus vienuolis pranci\u0161konas Viljamas i\u0161 Baskervilio. Jis stebina ai\u0161kiaregyste, i\u0161 jo galima pasimokyti gyvenimo i\u0161minties ir logikos.<\/p>\n<p>Vienuolyne turi \u012fvykti popie\u017eiaus Jono XXII ir imperatoriaus Liudviko Bavaro legat\u0173 susitikimas, lemi\u0105s tolesn\u012f vienuoli\u0173 pranci\u0161kon\u0173 ordino likim\u0105. Vienuolyne neramu. Kiekviena diena atne\u0161a nauj\u0105 mirt\u012f. Knyga byloja apie to meto religij\u0105 ir moral\u0119, moksl\u0105 ir filosofij\u0105, politik\u0105 ir istorij\u0105, mistik\u0105 ir tikrov\u0119.<\/p>\n","protected":false},"excerpt":{"rendered":"<p>Knygoje veiksmas vyksta Italijos \u0161iaur\u0117je, 1327 met\u0173 pabaigoje, turtingame benedikt\u0173 vienuolyne, \u012f kur\u012f atvyksta pagrindinis herojus vienuolis pranci\u0161konas Viljamas i\u0161 Baskervilio. Jis stebina ai\u0161kiaregyste, i\u0161 jo galima pasimokyti gyvenimo i\u0161minties ir logikos.<\/p>\n<p>Vienuolyne turi \u012fvykti popie\u017eiaus Jono XXII ir imperatoriaus Liudviko Bavaro legat\u0173 susitikimas, lemi\u0105s tolesn\u012f vienuoli\u0173 pranci\u0161kon\u0173 ordino likim\u0105. Vienuolyne neramu. Kiekviena diena atne\u0161a nauj\u0105 mirt\u012f. Knyga byloja apie to meto religij\u0105 ir moral\u0119, moksl\u0105 ir filosofij\u0105, politik\u0105 ir istorij\u0105, mistik\u0105 ir tikrov\u0119.<\/p>\n","protected":false},"featured_media":3364,"comment_status":"closed","ping_status":"closed","template":"","meta":{"_acf_changed":false,"site-sidebar-layout":"default","site-content-layout":"","ast-site-content-layout":"default","site-content-style":"default","site-sidebar-style":"default","ast-global-header-display":"","ast-banner-title-visibility":"","ast-main-header-display":"","ast-hfb-above-header-display":"","ast-hfb-below-header-display":"","ast-hfb-mobile-header-display":"","site-post-title":"","ast-breadcrumbs-content":"","ast-featured-img":"","footer-sml-layout":"","ast-disable-related-posts":"","theme-transparent-header-meta":"","adv-header-id-meta":"","stick-header-meta":"","header-above-stick-meta":"","header-main-stick-meta":"","header-below-stick-meta":"","astra-migrate-meta-layouts":"default","ast-page-background-enabled":"default","ast-page-background-meta":{"desktop":{"background-color":"","background-image":"","background-repeat":"repeat","background-position":"center center","background-size":"auto","background-attachment":"scroll","background-type":"","background-media":"","overlay-type":"","overlay-color":"","overlay-opacity":"","overlay-gradient":""},"tablet":{"background-color":"","background-image":"","background-repeat":"repeat","background-position":"center center","background-size":"auto","background-attachment":"scroll","background-type":"","background-media":"","overlay-type":"","overlay-color":"","overlay-opacity":"","overlay-gradient":""},"mobile":{"background-color":"","background-image":"","background-repeat":"repeat","background-position":"center center","background-size":"auto","background-attachment":"scroll","background-type":"","background-media":"","overlay-type":"","overlay-color":"","overlay-opacity":"","overlay-gradient":""}},"ast-content-background-meta":{"desktop":{"background-color":"var(--ast-global-color-4)","background-image":"","background-repeat":"repeat","background-position":"center center","background-size":"auto","background-attachment":"scroll","background-type":"","background-media":"","overlay-type":"","overlay-color":"","overlay-opacity":"","overlay-gradient":""},"tablet":{"background-color":"var(--ast-global-color-4)","background-image":"","background-repeat":"repeat","background-position":"center center","background-size":"auto","background-attachment":"scroll","background-type":"","background-media":"","overlay-type":"","overlay-color":"","overlay-opacity":"","overlay-gradient":""},"mobile":{"background-color":"var(--ast-global-color-4)","background-image":"","background-repeat":"repeat","background-position":"center center","background-size":"auto","background-attachment":"scroll","background-type":"","background-media":"","overlay-type":"","overlay-color":"","overlay-opacity":"","overlay-gradient":""}}},"product_brand":[],"product_cat":[28,331,35],"product_tag":[],"class_list":{"0":"post-3320","1":"product","2":"type-product","3":"status-publish","4":"has-post-thumbnail","6":"product_cat-klasika","7":"product_cat-programine-literatura","8":"product_cat-vaikams-ir-paaugliams","9":"desktop-align-left","10":"tablet-align-left","11":"mobile-align-left","13":"first","14":"outofstock","15":"shipping-taxable","16":"purchasable","17":"product-type-simple"},"acf":[],"yoast_head":"<!-- This site is optimized with the Yoast SEO plugin v27.0 - https:\/\/yoast.com\/product\/yoast-seo-wordpress\/ -->\n<title>Ro\u017e\u0117s vardas<\/title>\n<meta name=\"description\" content=\"Knygoje veiksmas vyksta Italijos \u0161iaur\u0117je, 1327 met\u0173 pabaigoje, turtingame benedikt\u0173 vienuolyne, \u012f kur\u012f atvyksta pagrindinis herojus vienuolis pranci\u0161konas Viljamas i\u0161 Baskervilio. Jis stebina ai\u0161kiaregyste, i\u0161 jo galima pasimokyti gyvenimo i\u0161minties ir logikos.  Vienuolyne turi \u012fvykti popie\u017eiaus Jono XXII ir imperatoriaus Liudviko Bavaro legat\u0173 susitikimas, lemi\u0105s tolesn\u012f vienuoli\u0173 pranci\u0161kon\u0173 ordino likim\u0105. Vienuolyne neramu. Kiekviena diena atne\u0161a nauj\u0105 mirt\u012f. Knyga byloja apie to meto religij\u0105 ir moral\u0119, moksl\u0105 ir filosofij\u0105, politik\u0105 ir istorij\u0105, mistik\u0105 ir tikrov\u0119.\" \/>\n<meta name=\"robots\" content=\"index, follow, max-snippet:-1, max-image-preview:large, max-video-preview:-1\" \/>\n<link rel=\"canonical\" href=\"https:\/\/skaitytaknyga.lt\/en\/produktas\/u-eco-rozes-vardas\/\" \/>\n<meta property=\"og:locale\" content=\"en_GB\" \/>\n<meta property=\"og:locale:alternate\" content=\"lt_LT\" \/>\n<meta property=\"og:type\" content=\"article\" \/>\n<meta property=\"og:title\" content=\"Ro\u017e\u0117s vardas\" \/>\n<meta property=\"og:description\" content=\"Knygoje veiksmas vyksta Italijos \u0161iaur\u0117je, 1327 met\u0173 pabaigoje, turtingame benedikt\u0173 vienuolyne, \u012f kur\u012f atvyksta pagrindinis herojus vienuolis pranci\u0161konas Viljamas i\u0161 Baskervilio. Jis stebina ai\u0161kiaregyste, i\u0161 jo galima pasimokyti gyvenimo i\u0161minties ir logikos.  Vienuolyne turi \u012fvykti popie\u017eiaus Jono XXII ir imperatoriaus Liudviko Bavaro legat\u0173 susitikimas, lemi\u0105s tolesn\u012f vienuoli\u0173 pranci\u0161kon\u0173 ordino likim\u0105. Vienuolyne neramu. Kiekviena diena atne\u0161a nauj\u0105 mirt\u012f. Knyga byloja apie to meto religij\u0105 ir moral\u0119, moksl\u0105 ir filosofij\u0105, politik\u0105 ir istorij\u0105, mistik\u0105 ir tikrov\u0119.\" \/>\n<meta property=\"og:url\" content=\"https:\/\/skaitytaknyga.lt\/en\/produktas\/u-eco-rozes-vardas\/\" \/>\n<meta property=\"og:site_name\" content=\"Skaitytaknyga\" \/>\n<meta property=\"article:publisher\" content=\"https:\/\/www.facebook.com\/skaitytaknyga\/\" \/>\n<meta property=\"article:modified_time\" content=\"2025-12-06T20:29:26+00:00\" \/>\n<meta property=\"og:image\" content=\"https:\/\/skaitytaknyga.lt\/wp-content\/uploads\/2024\/04\/1462878392_img0019.jpg\" \/>\n\t<meta property=\"og:image:width\" content=\"483\" \/>\n\t<meta property=\"og:image:height\" content=\"800\" \/>\n\t<meta property=\"og:image:type\" content=\"image\/jpeg\" \/>\n<meta name=\"twitter:card\" content=\"summary_large_image\" \/>\n<script type=\"application\/ld+json\" class=\"yoast-schema-graph\">{\"@context\":\"https:\/\/schema.org\",\"@graph\":[{\"@type\":\"WebPage\",\"@id\":\"https:\/\/skaitytaknyga.lt\/produktas\/u-eco-rozes-vardas\/\",\"url\":\"https:\/\/skaitytaknyga.lt\/produktas\/u-eco-rozes-vardas\/\",\"name\":\"Ro\u017e\u0117s vardas\",\"isPartOf\":{\"@id\":\"https:\/\/skaitytaknyga.lt\/#website\"},\"primaryImageOfPage\":{\"@id\":\"https:\/\/skaitytaknyga.lt\/produktas\/u-eco-rozes-vardas\/#primaryimage\"},\"image\":{\"@id\":\"https:\/\/skaitytaknyga.lt\/produktas\/u-eco-rozes-vardas\/#primaryimage\"},\"thumbnailUrl\":\"https:\/\/skaitytaknyga.lt\/wp-content\/uploads\/2024\/04\/1462878392_img0019.jpg\",\"datePublished\":\"2024-04-17T13:26:43+00:00\",\"dateModified\":\"2025-12-06T20:29:26+00:00\",\"description\":\"Knygoje veiksmas vyksta Italijos \u0161iaur\u0117je, 1327 met\u0173 pabaigoje, turtingame benedikt\u0173 vienuolyne, \u012f kur\u012f atvyksta pagrindinis herojus vienuolis pranci\u0161konas Viljamas i\u0161 Baskervilio. Jis stebina ai\u0161kiaregyste, i\u0161 jo galima pasimokyti gyvenimo i\u0161minties ir logikos. Vienuolyne turi \u012fvykti popie\u017eiaus Jono XXII ir imperatoriaus Liudviko Bavaro legat\u0173 susitikimas, lemi\u0105s tolesn\u012f vienuoli\u0173 pranci\u0161kon\u0173 ordino likim\u0105. Vienuolyne neramu. Kiekviena diena atne\u0161a nauj\u0105 mirt\u012f. Knyga byloja apie to meto religij\u0105 ir moral\u0119, moksl\u0105 ir filosofij\u0105, politik\u0105 ir istorij\u0105, mistik\u0105 ir tikrov\u0119.\",\"breadcrumb\":{\"@id\":\"https:\/\/skaitytaknyga.lt\/produktas\/u-eco-rozes-vardas\/#breadcrumb\"},\"inLanguage\":\"en-GB\",\"potentialAction\":[{\"@type\":\"ReadAction\",\"target\":[\"https:\/\/skaitytaknyga.lt\/produktas\/u-eco-rozes-vardas\/\"]}]},{\"@type\":\"ImageObject\",\"inLanguage\":\"en-GB\",\"@id\":\"https:\/\/skaitytaknyga.lt\/produktas\/u-eco-rozes-vardas\/#primaryimage\",\"url\":\"https:\/\/skaitytaknyga.lt\/wp-content\/uploads\/2024\/04\/1462878392_img0019.jpg\",\"contentUrl\":\"https:\/\/skaitytaknyga.lt\/wp-content\/uploads\/2024\/04\/1462878392_img0019.jpg\",\"width\":483,\"height\":800,\"caption\":\"1462878392 img0019\"},{\"@type\":\"BreadcrumbList\",\"@id\":\"https:\/\/skaitytaknyga.lt\/produktas\/u-eco-rozes-vardas\/#breadcrumb\",\"itemListElement\":[{\"@type\":\"ListItem\",\"position\":1,\"name\":\"Home\",\"item\":\"https:\/\/skaitytaknyga.lt\/\"},{\"@type\":\"ListItem\",\"position\":2,\"name\":\"Parduotuv\u0117\",\"item\":\"https:\/\/skaitytaknyga.lt\/knygu-parduotuve\/\"},{\"@type\":\"ListItem\",\"position\":3,\"name\":\"Ro\u017e\u0117s vardas\"}]},{\"@type\":\"WebSite\",\"@id\":\"https:\/\/skaitytaknyga.lt\/#website\",\"url\":\"https:\/\/skaitytaknyga.lt\/\",\"name\":\"skaitytaknyga.lt\",\"description\":\"Skaitytaknyga.lt \u2013 tai ma\u017eas \u0161eimos verslas, kuris prasid\u0117jo nuo meil\u0117s knygoms ir siekio i\u0161gelb\u0117ti knygas nuo likimo prie konteinerio. Kas vienam nereikalingas daiktas \u2013 kitam lobis, o mes esame tarpininkai, kurie padeda abiems tapti laimingesniems ???? \u017dinome kaip nelengva i\u0161gyventi ma\u017eiems verslams, tad nuo \u0161iol, \u010dia rasite ir kit\u0173, ma\u017e\u0173 \u0161eim\u0173 versl\u0173, rank\u0173 darbo, dovan\u0173 sau ir artimiesiems.\",\"publisher\":{\"@id\":\"https:\/\/skaitytaknyga.lt\/#organization\"},\"potentialAction\":[{\"@type\":\"SearchAction\",\"target\":{\"@type\":\"EntryPoint\",\"urlTemplate\":\"https:\/\/skaitytaknyga.lt\/?s={search_term_string}\"},\"query-input\":{\"@type\":\"PropertyValueSpecification\",\"valueRequired\":true,\"valueName\":\"search_term_string\"}}],\"inLanguage\":\"en-GB\"},{\"@type\":\"Organization\",\"@id\":\"https:\/\/skaitytaknyga.lt\/#organization\",\"name\":\"skaitytaknyga.lt\",\"url\":\"https:\/\/skaitytaknyga.lt\/\",\"logo\":{\"@type\":\"ImageObject\",\"inLanguage\":\"en-GB\",\"@id\":\"https:\/\/skaitytaknyga.lt\/#\/schema\/logo\/image\/\",\"url\":\"https:\/\/skaitytaknyga.lt\/wp-content\/uploads\/2024\/05\/cropped-cropped-cropped-02_00843_jt3bggkj1j3HLc7SyY6rEUpg.jpeg\",\"contentUrl\":\"https:\/\/skaitytaknyga.lt\/wp-content\/uploads\/2024\/05\/cropped-cropped-cropped-02_00843_jt3bggkj1j3HLc7SyY6rEUpg.jpeg\",\"width\":1600,\"height\":1600,\"caption\":\"skaitytaknyga.lt\"},\"image\":{\"@id\":\"https:\/\/skaitytaknyga.lt\/#\/schema\/logo\/image\/\"},\"sameAs\":[\"https:\/\/www.facebook.com\/skaitytaknyga\/\"]}]}<\/script>\n<!-- \/ Yoast SEO plugin. -->","yoast_head_json":{"title":"Ro\u017e\u0117s vardas","description":"Knygoje veiksmas vyksta Italijos \u0161iaur\u0117je, 1327 met\u0173 pabaigoje, turtingame benedikt\u0173 vienuolyne, \u012f kur\u012f atvyksta pagrindinis herojus vienuolis pranci\u0161konas Viljamas i\u0161 Baskervilio. Jis stebina ai\u0161kiaregyste, i\u0161 jo galima pasimokyti gyvenimo i\u0161minties ir logikos.  Vienuolyne turi \u012fvykti popie\u017eiaus Jono XXII ir imperatoriaus Liudviko Bavaro legat\u0173 susitikimas, lemi\u0105s tolesn\u012f vienuoli\u0173 pranci\u0161kon\u0173 ordino likim\u0105. Vienuolyne neramu. Kiekviena diena atne\u0161a nauj\u0105 mirt\u012f. Knyga byloja apie to meto religij\u0105 ir moral\u0119, moksl\u0105 ir filosofij\u0105, politik\u0105 ir istorij\u0105, mistik\u0105 ir tikrov\u0119.","robots":{"index":"index","follow":"follow","max-snippet":"max-snippet:-1","max-image-preview":"max-image-preview:large","max-video-preview":"max-video-preview:-1"},"canonical":"https:\/\/skaitytaknyga.lt\/en\/produktas\/u-eco-rozes-vardas\/","og_locale":"en_GB","og_type":"article","og_title":"[:lt]Ro\u017e\u0117s vardas[:] - Skaitytaknyga","og_description":"Knygoje veiksmas vyksta Italijos \u0161iaur\u0117je, 1327 met\u0173 pabaigoje, turtingame benedikt\u0173 vienuolyne, \u012f kur\u012f atvyksta pagrindinis herojus vienuolis pranci\u0161konas Viljamas i\u0161 Baskervilio. Jis stebina ai\u0161kiaregyste, i\u0161 jo galima pasimokyti gyvenimo i\u0161minties ir logikos.  Vienuolyne turi \u012fvykti popie\u017eiaus Jono XXII ir imperatoriaus Liudviko Bavaro legat\u0173 susitikimas, lemi\u0105s tolesn\u012f vienuoli\u0173 pranci\u0161kon\u0173 ordino likim\u0105. Vienuolyne neramu. Kiekviena diena atne\u0161a nauj\u0105 mirt\u012f. Knyga byloja apie to meto religij\u0105 ir moral\u0119, moksl\u0105 ir filosofij\u0105, politik\u0105 ir istorij\u0105, mistik\u0105 ir tikrov\u0119.","og_url":"https:\/\/skaitytaknyga.lt\/en\/produktas\/u-eco-rozes-vardas\/","og_site_name":"Skaitytaknyga","article_publisher":"https:\/\/www.facebook.com\/skaitytaknyga\/","article_modified_time":"2025-12-06T20:29:26+00:00","og_image":[{"width":483,"height":800,"url":"https:\/\/skaitytaknyga.lt\/wp-content\/uploads\/2024\/04\/1462878392_img0019.jpg","type":"image\/jpeg"}],"twitter_card":"summary_large_image","schema":{"@context":"https:\/\/schema.org","@graph":[{"@type":"WebPage","@id":"https:\/\/skaitytaknyga.lt\/produktas\/u-eco-rozes-vardas\/","url":"https:\/\/skaitytaknyga.lt\/produktas\/u-eco-rozes-vardas\/","name":"Ro\u017e\u0117s vardas","isPartOf":{"@id":"https:\/\/skaitytaknyga.lt\/#website"},"primaryImageOfPage":{"@id":"https:\/\/skaitytaknyga.lt\/produktas\/u-eco-rozes-vardas\/#primaryimage"},"image":{"@id":"https:\/\/skaitytaknyga.lt\/produktas\/u-eco-rozes-vardas\/#primaryimage"},"thumbnailUrl":"https:\/\/skaitytaknyga.lt\/wp-content\/uploads\/2024\/04\/1462878392_img0019.jpg","datePublished":"2024-04-17T13:26:43+00:00","dateModified":"2025-12-06T20:29:26+00:00","description":"Knygoje veiksmas vyksta Italijos \u0161iaur\u0117je, 1327 met\u0173 pabaigoje, turtingame benedikt\u0173 vienuolyne, \u012f kur\u012f atvyksta pagrindinis herojus vienuolis pranci\u0161konas Viljamas i\u0161 Baskervilio. Jis stebina ai\u0161kiaregyste, i\u0161 jo galima pasimokyti gyvenimo i\u0161minties ir logikos. Vienuolyne turi \u012fvykti popie\u017eiaus Jono XXII ir imperatoriaus Liudviko Bavaro legat\u0173 susitikimas, lemi\u0105s tolesn\u012f vienuoli\u0173 pranci\u0161kon\u0173 ordino likim\u0105. Vienuolyne neramu. Kiekviena diena atne\u0161a nauj\u0105 mirt\u012f. Knyga byloja apie to meto religij\u0105 ir moral\u0119, moksl\u0105 ir filosofij\u0105, politik\u0105 ir istorij\u0105, mistik\u0105 ir tikrov\u0119.","breadcrumb":{"@id":"https:\/\/skaitytaknyga.lt\/produktas\/u-eco-rozes-vardas\/#breadcrumb"},"inLanguage":"en-GB","potentialAction":[{"@type":"ReadAction","target":["https:\/\/skaitytaknyga.lt\/produktas\/u-eco-rozes-vardas\/"]}]},{"@type":"ImageObject","inLanguage":"en-GB","@id":"https:\/\/skaitytaknyga.lt\/produktas\/u-eco-rozes-vardas\/#primaryimage","url":"https:\/\/skaitytaknyga.lt\/wp-content\/uploads\/2024\/04\/1462878392_img0019.jpg","contentUrl":"https:\/\/skaitytaknyga.lt\/wp-content\/uploads\/2024\/04\/1462878392_img0019.jpg","width":483,"height":800,"caption":"1462878392 img0019"},{"@type":"BreadcrumbList","@id":"https:\/\/skaitytaknyga.lt\/produktas\/u-eco-rozes-vardas\/#breadcrumb","itemListElement":[{"@type":"ListItem","position":1,"name":"Home","item":"https:\/\/skaitytaknyga.lt\/"},{"@type":"ListItem","position":2,"name":"Parduotuv\u0117","item":"https:\/\/skaitytaknyga.lt\/knygu-parduotuve\/"},{"@type":"ListItem","position":3,"name":"Ro\u017e\u0117s vardas"}]},{"@type":"WebSite","@id":"https:\/\/skaitytaknyga.lt\/#website","url":"https:\/\/skaitytaknyga.lt\/","name":"skaitytaknyga.lt","description":"Skaitytaknyga.lt \u2013 tai ma\u017eas \u0161eimos verslas, kuris prasid\u0117jo nuo meil\u0117s knygoms ir siekio i\u0161gelb\u0117ti knygas nuo likimo prie konteinerio. Kas vienam nereikalingas daiktas \u2013 kitam lobis, o mes esame tarpininkai, kurie padeda abiems tapti laimingesniems ???? \u017dinome kaip nelengva i\u0161gyventi ma\u017eiems verslams, tad nuo \u0161iol, \u010dia rasite ir kit\u0173, ma\u017e\u0173 \u0161eim\u0173 versl\u0173, rank\u0173 darbo, dovan\u0173 sau ir artimiesiems.","publisher":{"@id":"https:\/\/skaitytaknyga.lt\/#organization"},"potentialAction":[{"@type":"SearchAction","target":{"@type":"EntryPoint","urlTemplate":"https:\/\/skaitytaknyga.lt\/?s={search_term_string}"},"query-input":{"@type":"PropertyValueSpecification","valueRequired":true,"valueName":"search_term_string"}}],"inLanguage":"en-GB"},{"@type":"Organization","@id":"https:\/\/skaitytaknyga.lt\/#organization","name":"skaitytaknyga.lt","url":"https:\/\/skaitytaknyga.lt\/","logo":{"@type":"ImageObject","inLanguage":"en-GB","@id":"https:\/\/skaitytaknyga.lt\/#\/schema\/logo\/image\/","url":"https:\/\/skaitytaknyga.lt\/wp-content\/uploads\/2024\/05\/cropped-cropped-cropped-02_00843_jt3bggkj1j3HLc7SyY6rEUpg.jpeg","contentUrl":"https:\/\/skaitytaknyga.lt\/wp-content\/uploads\/2024\/05\/cropped-cropped-cropped-02_00843_jt3bggkj1j3HLc7SyY6rEUpg.jpeg","width":1600,"height":1600,"caption":"skaitytaknyga.lt"},"image":{"@id":"https:\/\/skaitytaknyga.lt\/#\/schema\/logo\/image\/"},"sameAs":["https:\/\/www.facebook.com\/skaitytaknyga\/"]}]}},"_links":{"self":[{"href":"https:\/\/skaitytaknyga.lt\/en\/wp-json\/wp\/v2\/product\/3320","targetHints":{"allow":["GET"]}}],"collection":[{"href":"https:\/\/skaitytaknyga.lt\/en\/wp-json\/wp\/v2\/product"}],"about":[{"href":"https:\/\/skaitytaknyga.lt\/en\/wp-json\/wp\/v2\/types\/product"}],"replies":[{"embeddable":true,"href":"https:\/\/skaitytaknyga.lt\/en\/wp-json\/wp\/v2\/comments?post=3320"}],"wp:featuredmedia":[{"embeddable":true,"href":"https:\/\/skaitytaknyga.lt\/en\/wp-json\/wp\/v2\/media\/3364"}],"wp:attachment":[{"href":"https:\/\/skaitytaknyga.lt\/en\/wp-json\/wp\/v2\/media?parent=3320"}],"wp:term":[{"taxonomy":"product_brand","embeddable":true,"href":"https:\/\/skaitytaknyga.lt\/en\/wp-json\/wp\/v2\/product_brand?post=3320"},{"taxonomy":"product_cat","embeddable":true,"href":"https:\/\/skaitytaknyga.lt\/en\/wp-json\/wp\/v2\/product_cat?post=3320"},{"taxonomy":"product_tag","embeddable":true,"href":"https:\/\/skaitytaknyga.lt\/en\/wp-json\/wp\/v2\/product_tag?post=3320"}],"curies":[{"name":"wp","href":"https:\/\/api.w.org\/{rel}","templated":true}]}}