{"id":3295,"date":"2024-04-17T16:25:21","date_gmt":"2024-04-17T13:25:21","guid":{"rendered":"https:\/\/skaitytaknyga.lt\/?post_type=product&#038;p=3295"},"modified":"2025-10-14T08:04:08","modified_gmt":"2025-10-14T05:04:08","slug":"m-andersenas-nekse-dite-zmogaus-kudikis","status":"publish","type":"product","link":"https:\/\/skaitytaknyga.lt\/en\/produktas\/m-andersenas-nekse-dite-zmogaus-kudikis\/","title":{"rendered":"Dit\u0117 \u2013 \u017emogaus k\u016bdikis\u201c"},"content":{"rendered":"<p>Istorija apie paprast\u0105 \u017emog\u0173 ir sud\u0117ting\u0105 jo gyvenim\u0105. Dit\u0117s gyvenimas nelengvas, ji nuo pat vaikyst\u0117s pradeda sunkiai dirbti ir vargsta iki pat mirties. Knygos eilut\u0117se puikiai jau\u010diami vargai ir b\u0117dos, ma\u017ei Dit\u0117s d\u017eiaugsmai.<\/p>\n<ul class=\"about-product mb-3\">\n<li><strong style=\"font-weight: 700\">Autorius:<\/strong><span class=\"Apple-converted-space\">&nbsp;<\/span>M. Andersenas Neks\u0117<\/li>\n<li><strong style=\"font-weight: 700\">Leid\u0117jas:<\/strong><span class=\"Apple-converted-space\">&nbsp;<\/span>Valstybin\u0117 gro\u017ein\u0117s literat\u016bros leidykla<\/li>\n<li><strong style=\"font-weight: 700\">Metai:<\/strong><span class=\"Apple-converted-space\">&nbsp;<\/span>1957<\/li>\n<li><strong style=\"font-weight: 700\">Puslapiai:<\/strong><span class=\"Apple-converted-space\">&nbsp;<\/span>783<\/li>\n<li class=\"toggleable type-new-formats \"><strong style=\"font-weight: 700\">Formatas:<\/strong><span class=\"Apple-converted-space\">&nbsp;<\/span>13,5 x 20 x 5 cm, kieti vir\u0161eliai<\/li>\n<li><strong style=\"font-weight: 700\">Vert\u0117jas:<\/strong><span class=\"Apple-converted-space\">&nbsp;<\/span>T. Stonis<\/li>\n<\/ul>\n","protected":false},"excerpt":{"rendered":"<p>Istorija apie paprast\u0105 \u017emog\u0173 ir sud\u0117ting\u0105 jo gyvenim\u0105. Dit\u0117s gyvenimas nelengvas, ji nuo pat vaikyst\u0117s pradeda sunkiai dirbti ir vargsta iki pat mirties. Knygos eilut\u0117se puikiai jau\u010diami vargai ir b\u0117dos, ma\u017ei Dit\u0117s d\u017eiaugsmai.<\/p>\n","protected":false},"featured_media":3341,"comment_status":"closed","ping_status":"closed","template":"","meta":{"_acf_changed":false,"site-sidebar-layout":"default","site-content-layout":"","ast-site-content-layout":"default","site-content-style":"default","site-sidebar-style":"default","ast-global-header-display":"","ast-banner-title-visibility":"","ast-main-header-display":"","ast-hfb-above-header-display":"","ast-hfb-below-header-display":"","ast-hfb-mobile-header-display":"","site-post-title":"","ast-breadcrumbs-content":"","ast-featured-img":"","footer-sml-layout":"","ast-disable-related-posts":"","theme-transparent-header-meta":"","adv-header-id-meta":"","stick-header-meta":"","header-above-stick-meta":"","header-main-stick-meta":"","header-below-stick-meta":"","astra-migrate-meta-layouts":"default","ast-page-background-enabled":"default","ast-page-background-meta":{"desktop":{"background-color":"","background-image":"","background-repeat":"repeat","background-position":"center center","background-size":"auto","background-attachment":"scroll","background-type":"","background-media":"","overlay-type":"","overlay-color":"","overlay-opacity":"","overlay-gradient":""},"tablet":{"background-color":"","background-image":"","background-repeat":"repeat","background-position":"center center","background-size":"auto","background-attachment":"scroll","background-type":"","background-media":"","overlay-type":"","overlay-color":"","overlay-opacity":"","overlay-gradient":""},"mobile":{"background-color":"","background-image":"","background-repeat":"repeat","background-position":"center center","background-size":"auto","background-attachment":"scroll","background-type":"","background-media":"","overlay-type":"","overlay-color":"","overlay-opacity":"","overlay-gradient":""}},"ast-content-background-meta":{"desktop":{"background-color":"var(--ast-global-color-4)","background-image":"","background-repeat":"repeat","background-position":"center center","background-size":"auto","background-attachment":"scroll","background-type":"","background-media":"","overlay-type":"","overlay-color":"","overlay-opacity":"","overlay-gradient":""},"tablet":{"background-color":"var(--ast-global-color-4)","background-image":"","background-repeat":"repeat","background-position":"center center","background-size":"auto","background-attachment":"scroll","background-type":"","background-media":"","overlay-type":"","overlay-color":"","overlay-opacity":"","overlay-gradient":""},"mobile":{"background-color":"var(--ast-global-color-4)","background-image":"","background-repeat":"repeat","background-position":"center center","background-size":"auto","background-attachment":"scroll","background-type":"","background-media":"","overlay-type":"","overlay-color":"","overlay-opacity":"","overlay-gradient":""}}},"product_brand":[],"product_cat":[28],"product_tag":[2794,1437,4173,4175,4174],"class_list":{"0":"post-3295","1":"product","2":"type-product","3":"status-publish","4":"has-post-thumbnail","6":"product_cat-klasika","7":"product_tag-danu-literatura","8":"product_tag-klasika","9":"product_tag-m-andersenas-nekse","10":"product_tag-romanas-apie-moteri","11":"product_tag-socialine-tematika","12":"desktop-align-left","13":"tablet-align-left","14":"mobile-align-left","16":"first","17":"outofstock","18":"shipping-taxable","19":"purchasable","20":"product-type-simple"},"acf":[],"yoast_head":"<!-- This site is optimized with the Yoast SEO plugin v27.4 - https:\/\/yoast.com\/product\/yoast-seo-wordpress\/ -->\n<title>Dit\u0117 \u2013 \u017emogaus k\u016bdikis\u201c<\/title>\n<meta name=\"description\" content=\"Istorija apie paprast\u0105 \u017emog\u0173 ir sud\u0117ting\u0105 jo gyvenim\u0105. Dit\u0117s gyvenimas nelengvas, ji nuo pat vaikyst\u0117s pradeda sunkiai dirbti ir vargsta iki pat mirties. Knygos eilut\u0117se puikiai jau\u010diami vargai ir b\u0117dos, ma\u017ei Dit\u0117s d\u017eiaugsmai.\" \/>\n<meta name=\"robots\" content=\"index, follow, max-snippet:-1, max-image-preview:large, max-video-preview:-1\" \/>\n<link rel=\"canonical\" href=\"https:\/\/skaitytaknyga.lt\/en\/produktas\/m-andersenas-nekse-dite-zmogaus-kudikis\/\" \/>\n<meta property=\"og:locale\" content=\"en_GB\" \/>\n<meta property=\"og:locale:alternate\" content=\"lt_LT\" \/>\n<meta property=\"og:type\" content=\"article\" \/>\n<meta property=\"og:title\" content=\"Dit\u0117 \u2013 \u017emogaus k\u016bdikis\u201c\" \/>\n<meta property=\"og:description\" content=\"Istorija apie paprast\u0105 \u017emog\u0173 ir sud\u0117ting\u0105 jo gyvenim\u0105. Dit\u0117s gyvenimas nelengvas, ji nuo pat vaikyst\u0117s pradeda sunkiai dirbti ir vargsta iki pat mirties. Knygos eilut\u0117se puikiai jau\u010diami vargai ir b\u0117dos, ma\u017ei Dit\u0117s d\u017eiaugsmai.\" \/>\n<meta property=\"og:url\" content=\"https:\/\/skaitytaknyga.lt\/en\/produktas\/m-andersenas-nekse-dite-zmogaus-kudikis\/\" \/>\n<meta property=\"og:site_name\" content=\"Skaitytaknyga\" \/>\n<meta property=\"article:publisher\" content=\"https:\/\/www.facebook.com\/skaitytaknyga\/\" \/>\n<meta property=\"article:modified_time\" content=\"2025-10-14T05:04:08+00:00\" \/>\n<meta property=\"og:image\" content=\"https:\/\/skaitytaknyga.lt\/wp-content\/uploads\/2024\/04\/1516782140_Scan_24-01-2018_0924.jpg\" \/>\n\t<meta property=\"og:image:width\" content=\"272\" \/>\n\t<meta property=\"og:image:height\" content=\"430\" \/>\n\t<meta property=\"og:image:type\" content=\"image\/jpeg\" \/>\n<meta name=\"twitter:card\" content=\"summary_large_image\" \/>\n<script type=\"application\/ld+json\" class=\"yoast-schema-graph\">{\"@context\":\"https:\\\/\\\/schema.org\",\"@graph\":[{\"@type\":\"WebPage\",\"@id\":\"https:\\\/\\\/skaitytaknyga.lt\\\/produktas\\\/m-andersenas-nekse-dite-zmogaus-kudikis\\\/\",\"url\":\"https:\\\/\\\/skaitytaknyga.lt\\\/produktas\\\/m-andersenas-nekse-dite-zmogaus-kudikis\\\/\",\"name\":\"Dit\u0117 \u2013 \u017emogaus k\u016bdikis\u201c\",\"isPartOf\":{\"@id\":\"https:\\\/\\\/skaitytaknyga.lt\\\/#website\"},\"primaryImageOfPage\":{\"@id\":\"https:\\\/\\\/skaitytaknyga.lt\\\/produktas\\\/m-andersenas-nekse-dite-zmogaus-kudikis\\\/#primaryimage\"},\"image\":{\"@id\":\"https:\\\/\\\/skaitytaknyga.lt\\\/produktas\\\/m-andersenas-nekse-dite-zmogaus-kudikis\\\/#primaryimage\"},\"thumbnailUrl\":\"https:\\\/\\\/skaitytaknyga.lt\\\/wp-content\\\/uploads\\\/2024\\\/04\\\/1516782140_Scan_24-01-2018_0924.jpg\",\"datePublished\":\"2024-04-17T13:25:21+00:00\",\"dateModified\":\"2025-10-14T05:04:08+00:00\",\"description\":\"Istorija apie paprast\u0105 \u017emog\u0173 ir sud\u0117ting\u0105 jo gyvenim\u0105. Dit\u0117s gyvenimas nelengvas, ji nuo pat vaikyst\u0117s pradeda sunkiai dirbti ir vargsta iki pat mirties. Knygos eilut\u0117se puikiai jau\u010diami vargai ir b\u0117dos, ma\u017ei Dit\u0117s d\u017eiaugsmai.\",\"breadcrumb\":{\"@id\":\"https:\\\/\\\/skaitytaknyga.lt\\\/produktas\\\/m-andersenas-nekse-dite-zmogaus-kudikis\\\/#breadcrumb\"},\"inLanguage\":\"en-GB\",\"potentialAction\":[{\"@type\":\"ReadAction\",\"target\":[\"https:\\\/\\\/skaitytaknyga.lt\\\/produktas\\\/m-andersenas-nekse-dite-zmogaus-kudikis\\\/\"]}]},{\"@type\":\"ImageObject\",\"inLanguage\":\"en-GB\",\"@id\":\"https:\\\/\\\/skaitytaknyga.lt\\\/produktas\\\/m-andersenas-nekse-dite-zmogaus-kudikis\\\/#primaryimage\",\"url\":\"https:\\\/\\\/skaitytaknyga.lt\\\/wp-content\\\/uploads\\\/2024\\\/04\\\/1516782140_Scan_24-01-2018_0924.jpg\",\"contentUrl\":\"https:\\\/\\\/skaitytaknyga.lt\\\/wp-content\\\/uploads\\\/2024\\\/04\\\/1516782140_Scan_24-01-2018_0924.jpg\",\"width\":272,\"height\":430,\"caption\":\"1516782140 Scan 24 01 2018 0924\"},{\"@type\":\"BreadcrumbList\",\"@id\":\"https:\\\/\\\/skaitytaknyga.lt\\\/produktas\\\/m-andersenas-nekse-dite-zmogaus-kudikis\\\/#breadcrumb\",\"itemListElement\":[{\"@type\":\"ListItem\",\"position\":1,\"name\":\"Home\",\"item\":\"https:\\\/\\\/skaitytaknyga.lt\\\/\"},{\"@type\":\"ListItem\",\"position\":2,\"name\":\"Parduotuv\u0117\",\"item\":\"https:\\\/\\\/skaitytaknyga.lt\\\/knygu-parduotuve\\\/\"},{\"@type\":\"ListItem\",\"position\":3,\"name\":\"Dit\u0117 \u2013 \u017emogaus k\u016bdikis\u201c\"}]},{\"@type\":\"WebSite\",\"@id\":\"https:\\\/\\\/skaitytaknyga.lt\\\/#website\",\"url\":\"https:\\\/\\\/skaitytaknyga.lt\\\/\",\"name\":\"skaitytaknyga.lt\",\"description\":\"Skaitytaknyga.lt \u2013 tai ma\u017eas \u0161eimos verslas, kuris prasid\u0117jo nuo meil\u0117s knygoms ir siekio i\u0161gelb\u0117ti knygas nuo likimo prie konteinerio. Kas vienam nereikalingas daiktas \u2013 kitam lobis, o mes esame tarpininkai, kurie padeda abiems tapti laimingesniems ???? \u017dinome kaip nelengva i\u0161gyventi ma\u017eiems verslams, tad nuo \u0161iol, \u010dia rasite ir kit\u0173, ma\u017e\u0173 \u0161eim\u0173 versl\u0173, rank\u0173 darbo, dovan\u0173 sau ir artimiesiems.\",\"publisher\":{\"@id\":\"https:\\\/\\\/skaitytaknyga.lt\\\/#organization\"},\"potentialAction\":[{\"@type\":\"SearchAction\",\"target\":{\"@type\":\"EntryPoint\",\"urlTemplate\":\"https:\\\/\\\/skaitytaknyga.lt\\\/?s={search_term_string}\"},\"query-input\":{\"@type\":\"PropertyValueSpecification\",\"valueRequired\":true,\"valueName\":\"search_term_string\"}}],\"inLanguage\":\"en-GB\"},{\"@type\":\"Organization\",\"@id\":\"https:\\\/\\\/skaitytaknyga.lt\\\/#organization\",\"name\":\"skaitytaknyga.lt\",\"url\":\"https:\\\/\\\/skaitytaknyga.lt\\\/\",\"logo\":{\"@type\":\"ImageObject\",\"inLanguage\":\"en-GB\",\"@id\":\"https:\\\/\\\/skaitytaknyga.lt\\\/#\\\/schema\\\/logo\\\/image\\\/\",\"url\":\"https:\\\/\\\/skaitytaknyga.lt\\\/wp-content\\\/uploads\\\/2024\\\/05\\\/cropped-cropped-cropped-02_00843_jt3bggkj1j3HLc7SyY6rEUpg.jpeg\",\"contentUrl\":\"https:\\\/\\\/skaitytaknyga.lt\\\/wp-content\\\/uploads\\\/2024\\\/05\\\/cropped-cropped-cropped-02_00843_jt3bggkj1j3HLc7SyY6rEUpg.jpeg\",\"width\":1600,\"height\":1600,\"caption\":\"skaitytaknyga.lt\"},\"image\":{\"@id\":\"https:\\\/\\\/skaitytaknyga.lt\\\/#\\\/schema\\\/logo\\\/image\\\/\"},\"sameAs\":[\"https:\\\/\\\/www.facebook.com\\\/skaitytaknyga\\\/\"]}]}<\/script>\n<!-- \/ Yoast SEO plugin. -->","yoast_head_json":{"title":"Dit\u0117 \u2013 \u017emogaus k\u016bdikis\u201c","description":"Istorija apie paprast\u0105 \u017emog\u0173 ir sud\u0117ting\u0105 jo gyvenim\u0105. Dit\u0117s gyvenimas nelengvas, ji nuo pat vaikyst\u0117s pradeda sunkiai dirbti ir vargsta iki pat mirties. Knygos eilut\u0117se puikiai jau\u010diami vargai ir b\u0117dos, ma\u017ei Dit\u0117s d\u017eiaugsmai.","robots":{"index":"index","follow":"follow","max-snippet":"max-snippet:-1","max-image-preview":"max-image-preview:large","max-video-preview":"max-video-preview:-1"},"canonical":"https:\/\/skaitytaknyga.lt\/en\/produktas\/m-andersenas-nekse-dite-zmogaus-kudikis\/","og_locale":"en_GB","og_type":"article","og_title":"[:lt]Dit\u0117 \u2013 \u017emogaus k\u016bdikis\u201c[:] - Skaitytaknyga","og_description":"Istorija apie paprast\u0105 \u017emog\u0173 ir sud\u0117ting\u0105 jo gyvenim\u0105. Dit\u0117s gyvenimas nelengvas, ji nuo pat vaikyst\u0117s pradeda sunkiai dirbti ir vargsta iki pat mirties. Knygos eilut\u0117se puikiai jau\u010diami vargai ir b\u0117dos, ma\u017ei Dit\u0117s d\u017eiaugsmai.","og_url":"https:\/\/skaitytaknyga.lt\/en\/produktas\/m-andersenas-nekse-dite-zmogaus-kudikis\/","og_site_name":"Skaitytaknyga","article_publisher":"https:\/\/www.facebook.com\/skaitytaknyga\/","article_modified_time":"2025-10-14T05:04:08+00:00","og_image":[{"width":272,"height":430,"url":"https:\/\/skaitytaknyga.lt\/wp-content\/uploads\/2024\/04\/1516782140_Scan_24-01-2018_0924.jpg","type":"image\/jpeg"}],"twitter_card":"summary_large_image","schema":{"@context":"https:\/\/schema.org","@graph":[{"@type":"WebPage","@id":"https:\/\/skaitytaknyga.lt\/produktas\/m-andersenas-nekse-dite-zmogaus-kudikis\/","url":"https:\/\/skaitytaknyga.lt\/produktas\/m-andersenas-nekse-dite-zmogaus-kudikis\/","name":"Dit\u0117 \u2013 \u017emogaus k\u016bdikis\u201c","isPartOf":{"@id":"https:\/\/skaitytaknyga.lt\/#website"},"primaryImageOfPage":{"@id":"https:\/\/skaitytaknyga.lt\/produktas\/m-andersenas-nekse-dite-zmogaus-kudikis\/#primaryimage"},"image":{"@id":"https:\/\/skaitytaknyga.lt\/produktas\/m-andersenas-nekse-dite-zmogaus-kudikis\/#primaryimage"},"thumbnailUrl":"https:\/\/skaitytaknyga.lt\/wp-content\/uploads\/2024\/04\/1516782140_Scan_24-01-2018_0924.jpg","datePublished":"2024-04-17T13:25:21+00:00","dateModified":"2025-10-14T05:04:08+00:00","description":"Istorija apie paprast\u0105 \u017emog\u0173 ir sud\u0117ting\u0105 jo gyvenim\u0105. Dit\u0117s gyvenimas nelengvas, ji nuo pat vaikyst\u0117s pradeda sunkiai dirbti ir vargsta iki pat mirties. Knygos eilut\u0117se puikiai jau\u010diami vargai ir b\u0117dos, ma\u017ei Dit\u0117s d\u017eiaugsmai.","breadcrumb":{"@id":"https:\/\/skaitytaknyga.lt\/produktas\/m-andersenas-nekse-dite-zmogaus-kudikis\/#breadcrumb"},"inLanguage":"en-GB","potentialAction":[{"@type":"ReadAction","target":["https:\/\/skaitytaknyga.lt\/produktas\/m-andersenas-nekse-dite-zmogaus-kudikis\/"]}]},{"@type":"ImageObject","inLanguage":"en-GB","@id":"https:\/\/skaitytaknyga.lt\/produktas\/m-andersenas-nekse-dite-zmogaus-kudikis\/#primaryimage","url":"https:\/\/skaitytaknyga.lt\/wp-content\/uploads\/2024\/04\/1516782140_Scan_24-01-2018_0924.jpg","contentUrl":"https:\/\/skaitytaknyga.lt\/wp-content\/uploads\/2024\/04\/1516782140_Scan_24-01-2018_0924.jpg","width":272,"height":430,"caption":"1516782140 Scan 24 01 2018 0924"},{"@type":"BreadcrumbList","@id":"https:\/\/skaitytaknyga.lt\/produktas\/m-andersenas-nekse-dite-zmogaus-kudikis\/#breadcrumb","itemListElement":[{"@type":"ListItem","position":1,"name":"Home","item":"https:\/\/skaitytaknyga.lt\/"},{"@type":"ListItem","position":2,"name":"Parduotuv\u0117","item":"https:\/\/skaitytaknyga.lt\/knygu-parduotuve\/"},{"@type":"ListItem","position":3,"name":"Dit\u0117 \u2013 \u017emogaus k\u016bdikis\u201c"}]},{"@type":"WebSite","@id":"https:\/\/skaitytaknyga.lt\/#website","url":"https:\/\/skaitytaknyga.lt\/","name":"skaitytaknyga.lt","description":"Skaitytaknyga.lt \u2013 tai ma\u017eas \u0161eimos verslas, kuris prasid\u0117jo nuo meil\u0117s knygoms ir siekio i\u0161gelb\u0117ti knygas nuo likimo prie konteinerio. Kas vienam nereikalingas daiktas \u2013 kitam lobis, o mes esame tarpininkai, kurie padeda abiems tapti laimingesniems ???? \u017dinome kaip nelengva i\u0161gyventi ma\u017eiems verslams, tad nuo \u0161iol, \u010dia rasite ir kit\u0173, ma\u017e\u0173 \u0161eim\u0173 versl\u0173, rank\u0173 darbo, dovan\u0173 sau ir artimiesiems.","publisher":{"@id":"https:\/\/skaitytaknyga.lt\/#organization"},"potentialAction":[{"@type":"SearchAction","target":{"@type":"EntryPoint","urlTemplate":"https:\/\/skaitytaknyga.lt\/?s={search_term_string}"},"query-input":{"@type":"PropertyValueSpecification","valueRequired":true,"valueName":"search_term_string"}}],"inLanguage":"en-GB"},{"@type":"Organization","@id":"https:\/\/skaitytaknyga.lt\/#organization","name":"skaitytaknyga.lt","url":"https:\/\/skaitytaknyga.lt\/","logo":{"@type":"ImageObject","inLanguage":"en-GB","@id":"https:\/\/skaitytaknyga.lt\/#\/schema\/logo\/image\/","url":"https:\/\/skaitytaknyga.lt\/wp-content\/uploads\/2024\/05\/cropped-cropped-cropped-02_00843_jt3bggkj1j3HLc7SyY6rEUpg.jpeg","contentUrl":"https:\/\/skaitytaknyga.lt\/wp-content\/uploads\/2024\/05\/cropped-cropped-cropped-02_00843_jt3bggkj1j3HLc7SyY6rEUpg.jpeg","width":1600,"height":1600,"caption":"skaitytaknyga.lt"},"image":{"@id":"https:\/\/skaitytaknyga.lt\/#\/schema\/logo\/image\/"},"sameAs":["https:\/\/www.facebook.com\/skaitytaknyga\/"]}]}},"_links":{"self":[{"href":"https:\/\/skaitytaknyga.lt\/en\/wp-json\/wp\/v2\/product\/3295","targetHints":{"allow":["GET"]}}],"collection":[{"href":"https:\/\/skaitytaknyga.lt\/en\/wp-json\/wp\/v2\/product"}],"about":[{"href":"https:\/\/skaitytaknyga.lt\/en\/wp-json\/wp\/v2\/types\/product"}],"replies":[{"embeddable":true,"href":"https:\/\/skaitytaknyga.lt\/en\/wp-json\/wp\/v2\/comments?post=3295"}],"wp:featuredmedia":[{"embeddable":true,"href":"https:\/\/skaitytaknyga.lt\/en\/wp-json\/wp\/v2\/media\/3341"}],"wp:attachment":[{"href":"https:\/\/skaitytaknyga.lt\/en\/wp-json\/wp\/v2\/media?parent=3295"}],"wp:term":[{"taxonomy":"product_brand","embeddable":true,"href":"https:\/\/skaitytaknyga.lt\/en\/wp-json\/wp\/v2\/product_brand?post=3295"},{"taxonomy":"product_cat","embeddable":true,"href":"https:\/\/skaitytaknyga.lt\/en\/wp-json\/wp\/v2\/product_cat?post=3295"},{"taxonomy":"product_tag","embeddable":true,"href":"https:\/\/skaitytaknyga.lt\/en\/wp-json\/wp\/v2\/product_tag?post=3295"}],"curies":[{"name":"wp","href":"https:\/\/api.w.org\/{rel}","templated":true}]}}