{"id":3294,"date":"2024-04-17T13:25:21","date_gmt":"2024-04-17T13:25:21","guid":{"rendered":"https:\/\/skaitytaknyga.lt\/?post_type=product&#038;p=3294"},"modified":"2026-04-02T12:26:50","modified_gmt":"2026-04-02T09:26:50","slug":"f-dostojevskis-nusikaltimas-ir-bausme-i-ir-ii-tomai","status":"publish","type":"product","link":"https:\/\/skaitytaknyga.lt\/en\/produktas\/f-dostojevskis-nusikaltimas-ir-bausme-i-ir-ii-tomai\/","title":{"rendered":"F. Dostojevskis \u201eNusikaltimas ir bausm\u0117\u201c I ir II tomai"},"content":{"rendered":"<p>Romanas \u201eNusikaltimas ir bausm\u0117\u201c \u2013 pasauline klasika tap\u0119s rus\u0173 literat\u016bros \u0161edevras. Daugiasluoksnis siu\u017eetas, ry\u0161k\u016bs charakteriai ir iki paskutinio puslapio i\u0161laikyta \u012ftampa \u2013 taip meistri\u0161kai veiksm\u0105 konstruoja bene labiausiai pasaulyje vertinamas Rusijos literat\u016bros genijus Fiodoras Dostojevskis.<\/p>\n<p>Tai pasakojimas apie nepasiturint\u012f jaunuol\u012f Raskolnikov\u0105, kuris padaro nusikaltim\u0105 \u2013 nu\u017eudo turting\u0105 pal\u016bkinink\u0119 ir netik\u0117tai nusikaltimo vietoje pasirod\u017eiusi\u0105 jos seser\u012f. U\u017evald\u0119s kalt\u0117s jausmas Raskolnikovo gyvenim\u0105 pakreipia netik\u0117ta linkme. Pagrindinis herojus i\u0161gyvena moralin\u0119 dram\u0105, o jo kalt\u0117s ir atpirkimo proces\u0105 lydi \u0161anta\u017eas, vienatv\u0117, meil\u0117, pami\u0161imas.<\/p>\n<p>Ne ma\u017eiau \u012fdom\u016bs ir reik\u0161mingi yra ir kiti romano herojai, kuri\u0173 pavard\u0117se F. Dostojevskis u\u017ekodavo \u017einut\u0119 skaitytojui, o j\u0173 elgesys atspindi vaizduojamo laikotarpio socialin\u0119 aplink\u0105 bei moralinius principus.<\/p>\n<p>Romanas sukre\u010dia ir priver\u010dia susim\u0105styti apie am\u017ein\u0105sias vertybes. Nors ir para\u0161ytas prie\u0161 daugiau nei pusantro \u0161imto met\u0173, jis aktualumo nepraranda ir \u0161iandien. Tai k\u016brinys, pagal kur\u012f sukurta bene daugiausia kino ekranizacij\u0173 ir spektakli\u0173.<\/p>\n","protected":false},"excerpt":{"rendered":"<p>Romanas \u201eNusikaltimas ir bausm\u0117\u201c \u2013 pasauline klasika tap\u0119s rus\u0173 literat\u016bros \u0161edevras. Daugiasluoksnis siu\u017eetas, ry\u0161k\u016bs charakteriai ir iki paskutinio puslapio i\u0161laikyta \u012ftampa \u2013 taip meistri\u0161kai veiksm\u0105 konstruoja bene labiausiai pasaulyje vertinamas Rusijos literat\u016bros genijus Fiodoras Dostojevskis.<\/p>\n<p>Tai pasakojimas apie nepasiturint\u012f jaunuol\u012f Raskolnikov\u0105, kuris padaro nusikaltim\u0105 \u2013 nu\u017eudo turting\u0105 pal\u016bkinink\u0119 ir netik\u0117tai nusikaltimo vietoje pasirod\u017eiusi\u0105 jos seser\u012f. U\u017evald\u0119s kalt\u0117s jausmas Raskolnikovo gyvenim\u0105 pakreipia netik\u0117ta linkme. Pagrindinis herojus i\u0161gyvena moralin\u0119 dram\u0105, o jo kalt\u0117s ir atpirkimo proces\u0105 lydi \u0161anta\u017eas, vienatv\u0117, meil\u0117, pami\u0161imas.<\/p>\n<p>Ne ma\u017eiau \u012fdom\u016bs ir reik\u0161mingi yra ir kiti romano herojai, kuri\u0173 pavard\u0117se F. Dostojevskis u\u017ekodavo \u017einut\u0119 skaitytojui, o j\u0173 elgesys atspindi vaizduojamo laikotarpio socialin\u0119 aplink\u0105 bei moralinius principus.<\/p>\n<p>Romanas sukre\u010dia ir priver\u010dia susim\u0105styti apie am\u017ein\u0105sias vertybes. Nors ir para\u0161ytas prie\u0161 daugiau nei pusantro \u0161imto met\u0173, jis aktualumo nepraranda ir \u0161iandien. Tai k\u016brinys, pagal kur\u012f sukurta bene daugiausia kino ekranizacij\u0173 ir spektakli\u0173.<\/p>\n","protected":false},"featured_media":3340,"comment_status":"closed","ping_status":"closed","template":"","meta":{"_acf_changed":false,"site-sidebar-layout":"default","site-content-layout":"","ast-site-content-layout":"default","site-content-style":"default","site-sidebar-style":"default","ast-global-header-display":"","ast-banner-title-visibility":"","ast-main-header-display":"","ast-hfb-above-header-display":"","ast-hfb-below-header-display":"","ast-hfb-mobile-header-display":"","site-post-title":"","ast-breadcrumbs-content":"","ast-featured-img":"","footer-sml-layout":"","ast-disable-related-posts":"","theme-transparent-header-meta":"","adv-header-id-meta":"","stick-header-meta":"","header-above-stick-meta":"","header-main-stick-meta":"","header-below-stick-meta":"","astra-migrate-meta-layouts":"default","ast-page-background-enabled":"default","ast-page-background-meta":{"desktop":{"background-color":"","background-image":"","background-repeat":"repeat","background-position":"center center","background-size":"auto","background-attachment":"scroll","background-type":"","background-media":"","overlay-type":"","overlay-color":"","overlay-opacity":"","overlay-gradient":""},"tablet":{"background-color":"","background-image":"","background-repeat":"repeat","background-position":"center center","background-size":"auto","background-attachment":"scroll","background-type":"","background-media":"","overlay-type":"","overlay-color":"","overlay-opacity":"","overlay-gradient":""},"mobile":{"background-color":"","background-image":"","background-repeat":"repeat","background-position":"center center","background-size":"auto","background-attachment":"scroll","background-type":"","background-media":"","overlay-type":"","overlay-color":"","overlay-opacity":"","overlay-gradient":""}},"ast-content-background-meta":{"desktop":{"background-color":"var(--ast-global-color-4)","background-image":"","background-repeat":"repeat","background-position":"center center","background-size":"auto","background-attachment":"scroll","background-type":"","background-media":"","overlay-type":"","overlay-color":"","overlay-opacity":"","overlay-gradient":""},"tablet":{"background-color":"var(--ast-global-color-4)","background-image":"","background-repeat":"repeat","background-position":"center center","background-size":"auto","background-attachment":"scroll","background-type":"","background-media":"","overlay-type":"","overlay-color":"","overlay-opacity":"","overlay-gradient":""},"mobile":{"background-color":"var(--ast-global-color-4)","background-image":"","background-repeat":"repeat","background-position":"center center","background-size":"auto","background-attachment":"scroll","background-type":"","background-media":"","overlay-type":"","overlay-color":"","overlay-opacity":"","overlay-gradient":""}}},"product_brand":[],"product_cat":[28],"product_tag":[],"class_list":{"0":"post-3294","1":"product","2":"type-product","3":"status-publish","4":"has-post-thumbnail","6":"product_cat-klasika","7":"desktop-align-left","8":"tablet-align-left","9":"mobile-align-left","11":"first","12":"instock","13":"shipping-taxable","14":"purchasable","15":"product-type-simple"},"acf":[],"yoast_head":"<!-- This site is optimized with the Yoast SEO plugin v27.4 - https:\/\/yoast.com\/product\/yoast-seo-wordpress\/ -->\n<title>F. Dostojevskis \u201eNusikaltimas ir bausm\u0117\u201c I ir II tomai - Skaitytaknyga<\/title>\n<meta name=\"description\" content=\"Romanas \u201eNusikaltimas ir bausm\u0117\u201c \u2013 pasauline klasika tap\u0119s rus\u0173 literat\u016bros \u0161edevras. Daugiasluoksnis siu\u017eetas, ry\u0161k\u016bs charakteriai ir iki paskutinio puslapio i\u0161laikyta \u012ftampa \u2013 taip meistri\u0161kai veiksm\u0105 konstruoja bene labiausiai pasaulyje vertinamas Rusijos literat\u016bros genijus Fiodoras Dostojevskis.  Tai pasakojimas apie nepasiturint\u012f jaunuol\u012f Raskolnikov\u0105, kuris padaro nusikaltim\u0105 \u2013 nu\u017eudo turting\u0105 pal\u016bkinink\u0119 ir netik\u0117tai nusikaltimo vietoje pasirod\u017eiusi\u0105 jos seser\u012f. U\u017evald\u0119s kalt\u0117s jausmas Raskolnikovo gyvenim\u0105 pakreipia netik\u0117ta linkme. Pagrindinis herojus i\u0161gyvena moralin\u0119 dram\u0105, o jo kalt\u0117s ir atpirkimo proces\u0105 lydi \u0161anta\u017eas, vienatv\u0117, meil\u0117, pami\u0161imas.  Ne ma\u017eiau \u012fdom\u016bs ir reik\u0161mingi yra ir kiti romano herojai, kuri\u0173 pavard\u0117se F. Dostojevskis u\u017ekodavo \u017einut\u0119 skaitytojui, o j\u0173 elgesys atspindi vaizduojamo laikotarpio socialin\u0119 aplink\u0105 bei moralinius principus.  Romanas sukre\u010dia ir priver\u010dia susim\u0105styti apie am\u017ein\u0105sias vertybes. Nors ir para\u0161ytas prie\u0161 daugiau nei pusantro \u0161imto met\u0173, jis aktualumo nepraranda ir \u0161iandien. Tai k\u016brinys, pagal kur\u012f sukurta bene daugiausia kino ekranizacij\u0173 ir spektakli\u0173.\" \/>\n<meta name=\"robots\" content=\"index, follow, max-snippet:-1, max-image-preview:large, max-video-preview:-1\" \/>\n<link rel=\"canonical\" href=\"https:\/\/skaitytaknyga.lt\/en\/produktas\/f-dostojevskis-nusikaltimas-ir-bausme-i-ir-ii-tomai\/\" \/>\n<meta property=\"og:locale\" content=\"en_GB\" \/>\n<meta property=\"og:locale:alternate\" content=\"lt_LT\" \/>\n<meta property=\"og:type\" content=\"article\" \/>\n<meta property=\"og:title\" content=\"F. Dostojevskis \u201eNusikaltimas ir bausm\u0117\u201c I ir II tomai - Skaitytaknyga\" \/>\n<meta property=\"og:description\" content=\"Romanas \u201eNusikaltimas ir bausm\u0117\u201c \u2013 pasauline klasika tap\u0119s rus\u0173 literat\u016bros \u0161edevras. Daugiasluoksnis siu\u017eetas, ry\u0161k\u016bs charakteriai ir iki paskutinio puslapio i\u0161laikyta \u012ftampa \u2013 taip meistri\u0161kai veiksm\u0105 konstruoja bene labiausiai pasaulyje vertinamas Rusijos literat\u016bros genijus Fiodoras Dostojevskis.  Tai pasakojimas apie nepasiturint\u012f jaunuol\u012f Raskolnikov\u0105, kuris padaro nusikaltim\u0105 \u2013 nu\u017eudo turting\u0105 pal\u016bkinink\u0119 ir netik\u0117tai nusikaltimo vietoje pasirod\u017eiusi\u0105 jos seser\u012f. U\u017evald\u0119s kalt\u0117s jausmas Raskolnikovo gyvenim\u0105 pakreipia netik\u0117ta linkme. Pagrindinis herojus i\u0161gyvena moralin\u0119 dram\u0105, o jo kalt\u0117s ir atpirkimo proces\u0105 lydi \u0161anta\u017eas, vienatv\u0117, meil\u0117, pami\u0161imas.  Ne ma\u017eiau \u012fdom\u016bs ir reik\u0161mingi yra ir kiti romano herojai, kuri\u0173 pavard\u0117se F. Dostojevskis u\u017ekodavo \u017einut\u0119 skaitytojui, o j\u0173 elgesys atspindi vaizduojamo laikotarpio socialin\u0119 aplink\u0105 bei moralinius principus.  Romanas sukre\u010dia ir priver\u010dia susim\u0105styti apie am\u017ein\u0105sias vertybes. Nors ir para\u0161ytas prie\u0161 daugiau nei pusantro \u0161imto met\u0173, jis aktualumo nepraranda ir \u0161iandien. Tai k\u016brinys, pagal kur\u012f sukurta bene daugiausia kino ekranizacij\u0173 ir spektakli\u0173.\" \/>\n<meta property=\"og:url\" content=\"https:\/\/skaitytaknyga.lt\/en\/produktas\/f-dostojevskis-nusikaltimas-ir-bausme-i-ir-ii-tomai\/\" \/>\n<meta property=\"og:site_name\" content=\"Skaitytaknyga\" \/>\n<meta property=\"article:publisher\" content=\"https:\/\/www.facebook.com\/skaitytaknyga\/\" \/>\n<meta property=\"article:modified_time\" content=\"2026-04-02T09:26:50+00:00\" \/>\n<meta property=\"og:image\" content=\"https:\/\/skaitytaknyga.lt\/wp-content\/uploads\/2024\/04\/IMG_20190603_0034.jpg\" \/>\n\t<meta property=\"og:image:width\" content=\"768\" \/>\n\t<meta property=\"og:image:height\" content=\"1161\" \/>\n\t<meta property=\"og:image:type\" content=\"image\/jpeg\" \/>\n<meta name=\"twitter:card\" content=\"summary_large_image\" \/>\n<meta name=\"twitter:label1\" content=\"Estimated reading time\" \/>\n\t<meta name=\"twitter:data1\" content=\"1 minute\" \/>\n<script type=\"application\/ld+json\" class=\"yoast-schema-graph\">{\"@context\":\"https:\\\/\\\/schema.org\",\"@graph\":[{\"@type\":\"WebPage\",\"@id\":\"https:\\\/\\\/skaitytaknyga.lt\\\/produktas\\\/f-dostojevskis-nusikaltimas-ir-bausme-i-ir-ii-tomai\\\/\",\"url\":\"https:\\\/\\\/skaitytaknyga.lt\\\/produktas\\\/f-dostojevskis-nusikaltimas-ir-bausme-i-ir-ii-tomai\\\/\",\"name\":\"F. Dostojevskis \u201eNusikaltimas ir bausm\u0117\u201c I ir II tomai - Skaitytaknyga\",\"isPartOf\":{\"@id\":\"https:\\\/\\\/skaitytaknyga.lt\\\/#website\"},\"primaryImageOfPage\":{\"@id\":\"https:\\\/\\\/skaitytaknyga.lt\\\/produktas\\\/f-dostojevskis-nusikaltimas-ir-bausme-i-ir-ii-tomai\\\/#primaryimage\"},\"image\":{\"@id\":\"https:\\\/\\\/skaitytaknyga.lt\\\/produktas\\\/f-dostojevskis-nusikaltimas-ir-bausme-i-ir-ii-tomai\\\/#primaryimage\"},\"thumbnailUrl\":\"https:\\\/\\\/skaitytaknyga.lt\\\/wp-content\\\/uploads\\\/2024\\\/04\\\/IMG_20190603_0034.jpg\",\"datePublished\":\"2024-04-17T13:25:21+00:00\",\"dateModified\":\"2026-04-02T09:26:50+00:00\",\"description\":\"Romanas \u201eNusikaltimas ir bausm\u0117\u201c \u2013 pasauline klasika tap\u0119s rus\u0173 literat\u016bros \u0161edevras. Daugiasluoksnis siu\u017eetas, ry\u0161k\u016bs charakteriai ir iki paskutinio puslapio i\u0161laikyta \u012ftampa \u2013 taip meistri\u0161kai veiksm\u0105 konstruoja bene labiausiai pasaulyje vertinamas Rusijos literat\u016bros genijus Fiodoras Dostojevskis. Tai pasakojimas apie nepasiturint\u012f jaunuol\u012f Raskolnikov\u0105, kuris padaro nusikaltim\u0105 \u2013 nu\u017eudo turting\u0105 pal\u016bkinink\u0119 ir netik\u0117tai nusikaltimo vietoje pasirod\u017eiusi\u0105 jos seser\u012f. U\u017evald\u0119s kalt\u0117s jausmas Raskolnikovo gyvenim\u0105 pakreipia netik\u0117ta linkme. Pagrindinis herojus i\u0161gyvena moralin\u0119 dram\u0105, o jo kalt\u0117s ir atpirkimo proces\u0105 lydi \u0161anta\u017eas, vienatv\u0117, meil\u0117, pami\u0161imas. Ne ma\u017eiau \u012fdom\u016bs ir reik\u0161mingi yra ir kiti romano herojai, kuri\u0173 pavard\u0117se F. Dostojevskis u\u017ekodavo \u017einut\u0119 skaitytojui, o j\u0173 elgesys atspindi vaizduojamo laikotarpio socialin\u0119 aplink\u0105 bei moralinius principus. Romanas sukre\u010dia ir priver\u010dia susim\u0105styti apie am\u017ein\u0105sias vertybes. Nors ir para\u0161ytas prie\u0161 daugiau nei pusantro \u0161imto met\u0173, jis aktualumo nepraranda ir \u0161iandien. Tai k\u016brinys, pagal kur\u012f sukurta bene daugiausia kino ekranizacij\u0173 ir spektakli\u0173.\",\"breadcrumb\":{\"@id\":\"https:\\\/\\\/skaitytaknyga.lt\\\/produktas\\\/f-dostojevskis-nusikaltimas-ir-bausme-i-ir-ii-tomai\\\/#breadcrumb\"},\"inLanguage\":\"en-GB\",\"potentialAction\":[{\"@type\":\"ReadAction\",\"target\":[\"https:\\\/\\\/skaitytaknyga.lt\\\/produktas\\\/f-dostojevskis-nusikaltimas-ir-bausme-i-ir-ii-tomai\\\/\"]}]},{\"@type\":\"ImageObject\",\"inLanguage\":\"en-GB\",\"@id\":\"https:\\\/\\\/skaitytaknyga.lt\\\/produktas\\\/f-dostojevskis-nusikaltimas-ir-bausme-i-ir-ii-tomai\\\/#primaryimage\",\"url\":\"https:\\\/\\\/skaitytaknyga.lt\\\/wp-content\\\/uploads\\\/2024\\\/04\\\/IMG_20190603_0034.jpg\",\"contentUrl\":\"https:\\\/\\\/skaitytaknyga.lt\\\/wp-content\\\/uploads\\\/2024\\\/04\\\/IMG_20190603_0034.jpg\",\"width\":768,\"height\":1161,\"caption\":\"IMG 20190603 0034\"},{\"@type\":\"BreadcrumbList\",\"@id\":\"https:\\\/\\\/skaitytaknyga.lt\\\/produktas\\\/f-dostojevskis-nusikaltimas-ir-bausme-i-ir-ii-tomai\\\/#breadcrumb\",\"itemListElement\":[{\"@type\":\"ListItem\",\"position\":1,\"name\":\"Home\",\"item\":\"https:\\\/\\\/skaitytaknyga.lt\\\/\"},{\"@type\":\"ListItem\",\"position\":2,\"name\":\"Parduotuv\u0117\",\"item\":\"https:\\\/\\\/skaitytaknyga.lt\\\/knygu-parduotuve\\\/\"},{\"@type\":\"ListItem\",\"position\":3,\"name\":\"F. Dostojevskis \u201eNusikaltimas ir bausm\u0117\u201c I ir II tomai\"}]},{\"@type\":\"WebSite\",\"@id\":\"https:\\\/\\\/skaitytaknyga.lt\\\/#website\",\"url\":\"https:\\\/\\\/skaitytaknyga.lt\\\/\",\"name\":\"skaitytaknyga.lt\",\"description\":\"Skaitytaknyga.lt \u2013 tai ma\u017eas \u0161eimos verslas, kuris prasid\u0117jo nuo meil\u0117s knygoms ir siekio i\u0161gelb\u0117ti knygas nuo likimo prie konteinerio. Kas vienam nereikalingas daiktas \u2013 kitam lobis, o mes esame tarpininkai, kurie padeda abiems tapti laimingesniems ???? \u017dinome kaip nelengva i\u0161gyventi ma\u017eiems verslams, tad nuo \u0161iol, \u010dia rasite ir kit\u0173, ma\u017e\u0173 \u0161eim\u0173 versl\u0173, rank\u0173 darbo, dovan\u0173 sau ir artimiesiems.\",\"publisher\":{\"@id\":\"https:\\\/\\\/skaitytaknyga.lt\\\/#organization\"},\"potentialAction\":[{\"@type\":\"SearchAction\",\"target\":{\"@type\":\"EntryPoint\",\"urlTemplate\":\"https:\\\/\\\/skaitytaknyga.lt\\\/?s={search_term_string}\"},\"query-input\":{\"@type\":\"PropertyValueSpecification\",\"valueRequired\":true,\"valueName\":\"search_term_string\"}}],\"inLanguage\":\"en-GB\"},{\"@type\":\"Organization\",\"@id\":\"https:\\\/\\\/skaitytaknyga.lt\\\/#organization\",\"name\":\"skaitytaknyga.lt\",\"url\":\"https:\\\/\\\/skaitytaknyga.lt\\\/\",\"logo\":{\"@type\":\"ImageObject\",\"inLanguage\":\"en-GB\",\"@id\":\"https:\\\/\\\/skaitytaknyga.lt\\\/#\\\/schema\\\/logo\\\/image\\\/\",\"url\":\"https:\\\/\\\/skaitytaknyga.lt\\\/wp-content\\\/uploads\\\/2024\\\/05\\\/cropped-cropped-cropped-02_00843_jt3bggkj1j3HLc7SyY6rEUpg.jpeg\",\"contentUrl\":\"https:\\\/\\\/skaitytaknyga.lt\\\/wp-content\\\/uploads\\\/2024\\\/05\\\/cropped-cropped-cropped-02_00843_jt3bggkj1j3HLc7SyY6rEUpg.jpeg\",\"width\":1600,\"height\":1600,\"caption\":\"skaitytaknyga.lt\"},\"image\":{\"@id\":\"https:\\\/\\\/skaitytaknyga.lt\\\/#\\\/schema\\\/logo\\\/image\\\/\"},\"sameAs\":[\"https:\\\/\\\/www.facebook.com\\\/skaitytaknyga\\\/\"]}]}<\/script>\n<!-- \/ Yoast SEO plugin. -->","yoast_head_json":{"title":"F. Dostojevskis \u201eNusikaltimas ir bausm\u0117\u201c I ir II tomai - Skaitytaknyga","description":"Romanas \u201eNusikaltimas ir bausm\u0117\u201c \u2013 pasauline klasika tap\u0119s rus\u0173 literat\u016bros \u0161edevras. Daugiasluoksnis siu\u017eetas, ry\u0161k\u016bs charakteriai ir iki paskutinio puslapio i\u0161laikyta \u012ftampa \u2013 taip meistri\u0161kai veiksm\u0105 konstruoja bene labiausiai pasaulyje vertinamas Rusijos literat\u016bros genijus Fiodoras Dostojevskis.  Tai pasakojimas apie nepasiturint\u012f jaunuol\u012f Raskolnikov\u0105, kuris padaro nusikaltim\u0105 \u2013 nu\u017eudo turting\u0105 pal\u016bkinink\u0119 ir netik\u0117tai nusikaltimo vietoje pasirod\u017eiusi\u0105 jos seser\u012f. U\u017evald\u0119s kalt\u0117s jausmas Raskolnikovo gyvenim\u0105 pakreipia netik\u0117ta linkme. Pagrindinis herojus i\u0161gyvena moralin\u0119 dram\u0105, o jo kalt\u0117s ir atpirkimo proces\u0105 lydi \u0161anta\u017eas, vienatv\u0117, meil\u0117, pami\u0161imas.  Ne ma\u017eiau \u012fdom\u016bs ir reik\u0161mingi yra ir kiti romano herojai, kuri\u0173 pavard\u0117se F. Dostojevskis u\u017ekodavo \u017einut\u0119 skaitytojui, o j\u0173 elgesys atspindi vaizduojamo laikotarpio socialin\u0119 aplink\u0105 bei moralinius principus.  Romanas sukre\u010dia ir priver\u010dia susim\u0105styti apie am\u017ein\u0105sias vertybes. Nors ir para\u0161ytas prie\u0161 daugiau nei pusantro \u0161imto met\u0173, jis aktualumo nepraranda ir \u0161iandien. Tai k\u016brinys, pagal kur\u012f sukurta bene daugiausia kino ekranizacij\u0173 ir spektakli\u0173.","robots":{"index":"index","follow":"follow","max-snippet":"max-snippet:-1","max-image-preview":"max-image-preview:large","max-video-preview":"max-video-preview:-1"},"canonical":"https:\/\/skaitytaknyga.lt\/en\/produktas\/f-dostojevskis-nusikaltimas-ir-bausme-i-ir-ii-tomai\/","og_locale":"en_GB","og_type":"article","og_title":"F. Dostojevskis \u201eNusikaltimas ir bausm\u0117\u201c I ir II tomai - Skaitytaknyga","og_description":"Romanas \u201eNusikaltimas ir bausm\u0117\u201c \u2013 pasauline klasika tap\u0119s rus\u0173 literat\u016bros \u0161edevras. Daugiasluoksnis siu\u017eetas, ry\u0161k\u016bs charakteriai ir iki paskutinio puslapio i\u0161laikyta \u012ftampa \u2013 taip meistri\u0161kai veiksm\u0105 konstruoja bene labiausiai pasaulyje vertinamas Rusijos literat\u016bros genijus Fiodoras Dostojevskis.  Tai pasakojimas apie nepasiturint\u012f jaunuol\u012f Raskolnikov\u0105, kuris padaro nusikaltim\u0105 \u2013 nu\u017eudo turting\u0105 pal\u016bkinink\u0119 ir netik\u0117tai nusikaltimo vietoje pasirod\u017eiusi\u0105 jos seser\u012f. U\u017evald\u0119s kalt\u0117s jausmas Raskolnikovo gyvenim\u0105 pakreipia netik\u0117ta linkme. Pagrindinis herojus i\u0161gyvena moralin\u0119 dram\u0105, o jo kalt\u0117s ir atpirkimo proces\u0105 lydi \u0161anta\u017eas, vienatv\u0117, meil\u0117, pami\u0161imas.  Ne ma\u017eiau \u012fdom\u016bs ir reik\u0161mingi yra ir kiti romano herojai, kuri\u0173 pavard\u0117se F. Dostojevskis u\u017ekodavo \u017einut\u0119 skaitytojui, o j\u0173 elgesys atspindi vaizduojamo laikotarpio socialin\u0119 aplink\u0105 bei moralinius principus.  Romanas sukre\u010dia ir priver\u010dia susim\u0105styti apie am\u017ein\u0105sias vertybes. Nors ir para\u0161ytas prie\u0161 daugiau nei pusantro \u0161imto met\u0173, jis aktualumo nepraranda ir \u0161iandien. Tai k\u016brinys, pagal kur\u012f sukurta bene daugiausia kino ekranizacij\u0173 ir spektakli\u0173.","og_url":"https:\/\/skaitytaknyga.lt\/en\/produktas\/f-dostojevskis-nusikaltimas-ir-bausme-i-ir-ii-tomai\/","og_site_name":"Skaitytaknyga","article_publisher":"https:\/\/www.facebook.com\/skaitytaknyga\/","article_modified_time":"2026-04-02T09:26:50+00:00","og_image":[{"width":768,"height":1161,"url":"https:\/\/skaitytaknyga.lt\/wp-content\/uploads\/2024\/04\/IMG_20190603_0034.jpg","type":"image\/jpeg"}],"twitter_card":"summary_large_image","twitter_misc":{"Estimated reading time":"1 minute"},"schema":{"@context":"https:\/\/schema.org","@graph":[{"@type":"WebPage","@id":"https:\/\/skaitytaknyga.lt\/produktas\/f-dostojevskis-nusikaltimas-ir-bausme-i-ir-ii-tomai\/","url":"https:\/\/skaitytaknyga.lt\/produktas\/f-dostojevskis-nusikaltimas-ir-bausme-i-ir-ii-tomai\/","name":"F. Dostojevskis \u201eNusikaltimas ir bausm\u0117\u201c I ir II tomai - Skaitytaknyga","isPartOf":{"@id":"https:\/\/skaitytaknyga.lt\/#website"},"primaryImageOfPage":{"@id":"https:\/\/skaitytaknyga.lt\/produktas\/f-dostojevskis-nusikaltimas-ir-bausme-i-ir-ii-tomai\/#primaryimage"},"image":{"@id":"https:\/\/skaitytaknyga.lt\/produktas\/f-dostojevskis-nusikaltimas-ir-bausme-i-ir-ii-tomai\/#primaryimage"},"thumbnailUrl":"https:\/\/skaitytaknyga.lt\/wp-content\/uploads\/2024\/04\/IMG_20190603_0034.jpg","datePublished":"2024-04-17T13:25:21+00:00","dateModified":"2026-04-02T09:26:50+00:00","description":"Romanas \u201eNusikaltimas ir bausm\u0117\u201c \u2013 pasauline klasika tap\u0119s rus\u0173 literat\u016bros \u0161edevras. Daugiasluoksnis siu\u017eetas, ry\u0161k\u016bs charakteriai ir iki paskutinio puslapio i\u0161laikyta \u012ftampa \u2013 taip meistri\u0161kai veiksm\u0105 konstruoja bene labiausiai pasaulyje vertinamas Rusijos literat\u016bros genijus Fiodoras Dostojevskis. Tai pasakojimas apie nepasiturint\u012f jaunuol\u012f Raskolnikov\u0105, kuris padaro nusikaltim\u0105 \u2013 nu\u017eudo turting\u0105 pal\u016bkinink\u0119 ir netik\u0117tai nusikaltimo vietoje pasirod\u017eiusi\u0105 jos seser\u012f. U\u017evald\u0119s kalt\u0117s jausmas Raskolnikovo gyvenim\u0105 pakreipia netik\u0117ta linkme. Pagrindinis herojus i\u0161gyvena moralin\u0119 dram\u0105, o jo kalt\u0117s ir atpirkimo proces\u0105 lydi \u0161anta\u017eas, vienatv\u0117, meil\u0117, pami\u0161imas. Ne ma\u017eiau \u012fdom\u016bs ir reik\u0161mingi yra ir kiti romano herojai, kuri\u0173 pavard\u0117se F. Dostojevskis u\u017ekodavo \u017einut\u0119 skaitytojui, o j\u0173 elgesys atspindi vaizduojamo laikotarpio socialin\u0119 aplink\u0105 bei moralinius principus. Romanas sukre\u010dia ir priver\u010dia susim\u0105styti apie am\u017ein\u0105sias vertybes. Nors ir para\u0161ytas prie\u0161 daugiau nei pusantro \u0161imto met\u0173, jis aktualumo nepraranda ir \u0161iandien. Tai k\u016brinys, pagal kur\u012f sukurta bene daugiausia kino ekranizacij\u0173 ir spektakli\u0173.","breadcrumb":{"@id":"https:\/\/skaitytaknyga.lt\/produktas\/f-dostojevskis-nusikaltimas-ir-bausme-i-ir-ii-tomai\/#breadcrumb"},"inLanguage":"en-GB","potentialAction":[{"@type":"ReadAction","target":["https:\/\/skaitytaknyga.lt\/produktas\/f-dostojevskis-nusikaltimas-ir-bausme-i-ir-ii-tomai\/"]}]},{"@type":"ImageObject","inLanguage":"en-GB","@id":"https:\/\/skaitytaknyga.lt\/produktas\/f-dostojevskis-nusikaltimas-ir-bausme-i-ir-ii-tomai\/#primaryimage","url":"https:\/\/skaitytaknyga.lt\/wp-content\/uploads\/2024\/04\/IMG_20190603_0034.jpg","contentUrl":"https:\/\/skaitytaknyga.lt\/wp-content\/uploads\/2024\/04\/IMG_20190603_0034.jpg","width":768,"height":1161,"caption":"IMG 20190603 0034"},{"@type":"BreadcrumbList","@id":"https:\/\/skaitytaknyga.lt\/produktas\/f-dostojevskis-nusikaltimas-ir-bausme-i-ir-ii-tomai\/#breadcrumb","itemListElement":[{"@type":"ListItem","position":1,"name":"Home","item":"https:\/\/skaitytaknyga.lt\/"},{"@type":"ListItem","position":2,"name":"Parduotuv\u0117","item":"https:\/\/skaitytaknyga.lt\/knygu-parduotuve\/"},{"@type":"ListItem","position":3,"name":"F. Dostojevskis \u201eNusikaltimas ir bausm\u0117\u201c I ir II tomai"}]},{"@type":"WebSite","@id":"https:\/\/skaitytaknyga.lt\/#website","url":"https:\/\/skaitytaknyga.lt\/","name":"skaitytaknyga.lt","description":"Skaitytaknyga.lt \u2013 tai ma\u017eas \u0161eimos verslas, kuris prasid\u0117jo nuo meil\u0117s knygoms ir siekio i\u0161gelb\u0117ti knygas nuo likimo prie konteinerio. Kas vienam nereikalingas daiktas \u2013 kitam lobis, o mes esame tarpininkai, kurie padeda abiems tapti laimingesniems ???? \u017dinome kaip nelengva i\u0161gyventi ma\u017eiems verslams, tad nuo \u0161iol, \u010dia rasite ir kit\u0173, ma\u017e\u0173 \u0161eim\u0173 versl\u0173, rank\u0173 darbo, dovan\u0173 sau ir artimiesiems.","publisher":{"@id":"https:\/\/skaitytaknyga.lt\/#organization"},"potentialAction":[{"@type":"SearchAction","target":{"@type":"EntryPoint","urlTemplate":"https:\/\/skaitytaknyga.lt\/?s={search_term_string}"},"query-input":{"@type":"PropertyValueSpecification","valueRequired":true,"valueName":"search_term_string"}}],"inLanguage":"en-GB"},{"@type":"Organization","@id":"https:\/\/skaitytaknyga.lt\/#organization","name":"skaitytaknyga.lt","url":"https:\/\/skaitytaknyga.lt\/","logo":{"@type":"ImageObject","inLanguage":"en-GB","@id":"https:\/\/skaitytaknyga.lt\/#\/schema\/logo\/image\/","url":"https:\/\/skaitytaknyga.lt\/wp-content\/uploads\/2024\/05\/cropped-cropped-cropped-02_00843_jt3bggkj1j3HLc7SyY6rEUpg.jpeg","contentUrl":"https:\/\/skaitytaknyga.lt\/wp-content\/uploads\/2024\/05\/cropped-cropped-cropped-02_00843_jt3bggkj1j3HLc7SyY6rEUpg.jpeg","width":1600,"height":1600,"caption":"skaitytaknyga.lt"},"image":{"@id":"https:\/\/skaitytaknyga.lt\/#\/schema\/logo\/image\/"},"sameAs":["https:\/\/www.facebook.com\/skaitytaknyga\/"]}]}},"_links":{"self":[{"href":"https:\/\/skaitytaknyga.lt\/en\/wp-json\/wp\/v2\/product\/3294","targetHints":{"allow":["GET"]}}],"collection":[{"href":"https:\/\/skaitytaknyga.lt\/en\/wp-json\/wp\/v2\/product"}],"about":[{"href":"https:\/\/skaitytaknyga.lt\/en\/wp-json\/wp\/v2\/types\/product"}],"replies":[{"embeddable":true,"href":"https:\/\/skaitytaknyga.lt\/en\/wp-json\/wp\/v2\/comments?post=3294"}],"wp:featuredmedia":[{"embeddable":true,"href":"https:\/\/skaitytaknyga.lt\/en\/wp-json\/wp\/v2\/media\/3340"}],"wp:attachment":[{"href":"https:\/\/skaitytaknyga.lt\/en\/wp-json\/wp\/v2\/media?parent=3294"}],"wp:term":[{"taxonomy":"product_brand","embeddable":true,"href":"https:\/\/skaitytaknyga.lt\/en\/wp-json\/wp\/v2\/product_brand?post=3294"},{"taxonomy":"product_cat","embeddable":true,"href":"https:\/\/skaitytaknyga.lt\/en\/wp-json\/wp\/v2\/product_cat?post=3294"},{"taxonomy":"product_tag","embeddable":true,"href":"https:\/\/skaitytaknyga.lt\/en\/wp-json\/wp\/v2\/product_tag?post=3294"}],"curies":[{"name":"wp","href":"https:\/\/api.w.org\/{rel}","templated":true}]}}