{"id":3269,"date":"2024-04-17T13:24:05","date_gmt":"2024-04-17T13:24:05","guid":{"rendered":"https:\/\/skaitytaknyga.lt\/?post_type=product&#038;p=3269"},"modified":"2024-05-03T07:18:49","modified_gmt":"2024-05-03T07:18:49","slug":"e-miezelaitis-misko-pasaka","status":"publish","type":"product","link":"https:\/\/skaitytaknyga.lt\/en\/produktas\/e-miezelaitis-misko-pasaka\/","title":{"rendered":"E. Mie\u017eelaitis \u201eMi\u0161ko pasaka\u201c"},"content":{"rendered":"<p>\u0104\u017euolo \u0161akose, &#8211; girios t\u0117vo, \u017ealiaveid\u017eio dievai\u010dio Mi\u0161kinio namai. I\u0161 ten jis nu\u017ei\u016br\u0117jo vieni\u0161\u0105 i\u0161did\u017ei\u0105 gra\u017euol\u0119, tiesi\u0105 kaip pati tiesa, &#8211; Ulijon\u0105, po juo jiedu prad\u0117jo vaikiuk\u0105, svarbiausi\u0105 knygos heroj\u0173. Keistas vaikiukas i\u0161\u0117jo: kojel\u0117s kaip \u0161akaliukai, rankel\u0117s kaip pagaliukai, visas kietas it pliauskut\u0117, tik skruostai pana\u0161\u016bs \u012f putnias bandeles. \u0160tai \u012f jas Medinukas ir gavo did\u017eiausi\u0105 motinos dovan\u0105 &#8211; dvi duobutes ir nepamainom\u0105 \u0161ypsen\u0105, kuri net juod\u017eiausiomis akimirkomis nenyko nuo jo veido.<\/p>\n<p>Ma\u017eas buvo vaikas, bet dideli \u017eygiai jo lauk\u0117. Vos nuo \u017eem\u0117s atsipl\u0117\u0161\u0119s tur\u0117s kibti \u012f darb\u0105. Tur\u0117s jis sutramdyti suk\u010di\u0173 mal\u016bninink\u0105, susid\u0117jus\u012f su beso\u010di\u0173 dvasia Milte, i\u0161gr\u016bsti i\u0161 mi\u0161ko \u017eiauri\u0173 pl\u0117\u0161ik\u0173 gauj\u0105 ir atgauti i\u0161 \u017eem\u0117s deimantin\u012f varp\u0105, kur\u012f ta prarijo i\u0161 pyk\u010dio, kam \u017emon\u0117s nepasiprie\u0161ino j\u012f pagrobusiems u\u017epuolikams&#8230;<\/p>\n","protected":false},"excerpt":{"rendered":"<p>\u0104\u017euolo \u0161akose, &#8211; girios t\u0117vo, \u017ealiaveid\u017eio dievai\u010dio Mi\u0161kinio namai. I\u0161 ten jis nu\u017ei\u016br\u0117jo vieni\u0161\u0105 i\u0161did\u017ei\u0105 gra\u017euol\u0119, tiesi\u0105 kaip pati tiesa, &#8211; Ulijon\u0105, po juo jiedu prad\u0117jo vaikiuk\u0105, svarbiausi\u0105 knygos heroj\u0173. Keistas vaikiukas i\u0161\u0117jo: kojel\u0117s kaip \u0161akaliukai, rankel\u0117s kaip pagaliukai, visas kietas it pliauskut\u0117, tik skruostai pana\u0161\u016bs \u012f putnias bandeles. \u0160tai \u012f jas Medinukas ir gavo did\u017eiausi\u0105 motinos dovan\u0105 &#8211; dvi duobutes ir nepamainom\u0105 \u0161ypsen\u0105, kuri net juod\u017eiausiomis akimirkomis nenyko nuo jo veido.<\/p>\n<p>Ma\u017eas buvo vaikas, bet dideli \u017eygiai jo lauk\u0117. Vos nuo \u017eem\u0117s atsipl\u0117\u0161\u0119s tur\u0117s kibti \u012f darb\u0105. Tur\u0117s jis sutramdyti suk\u010di\u0173 mal\u016bninink\u0105, susid\u0117jus\u012f su beso\u010di\u0173 dvasia Milte, i\u0161gr\u016bsti i\u0161 mi\u0161ko \u017eiauri\u0173 pl\u0117\u0161ik\u0173 gauj\u0105 ir atgauti i\u0161 \u017eem\u0117s deimantin\u012f varp\u0105, kur\u012f ta prarijo i\u0161 pyk\u010dio, kam \u017emon\u0117s nepasiprie\u0161ino j\u012f pagrobusiems u\u017epuolikams&#8230;<\/p>\n","protected":false},"featured_media":3315,"comment_status":"closed","ping_status":"closed","template":"","meta":{"_acf_changed":false,"site-sidebar-layout":"default","site-content-layout":"","ast-site-content-layout":"default","site-content-style":"default","site-sidebar-style":"default","ast-global-header-display":"","ast-banner-title-visibility":"","ast-main-header-display":"","ast-hfb-above-header-display":"","ast-hfb-below-header-display":"","ast-hfb-mobile-header-display":"","site-post-title":"","ast-breadcrumbs-content":"","ast-featured-img":"","footer-sml-layout":"","ast-disable-related-posts":"","theme-transparent-header-meta":"","adv-header-id-meta":"","stick-header-meta":"","header-above-stick-meta":"","header-main-stick-meta":"","header-below-stick-meta":"","astra-migrate-meta-layouts":"default","ast-page-background-enabled":"default","ast-page-background-meta":{"desktop":{"background-color":"","background-image":"","background-repeat":"repeat","background-position":"center center","background-size":"auto","background-attachment":"scroll","background-type":"","background-media":"","overlay-type":"","overlay-color":"","overlay-opacity":"","overlay-gradient":""},"tablet":{"background-color":"","background-image":"","background-repeat":"repeat","background-position":"center center","background-size":"auto","background-attachment":"scroll","background-type":"","background-media":"","overlay-type":"","overlay-color":"","overlay-opacity":"","overlay-gradient":""},"mobile":{"background-color":"","background-image":"","background-repeat":"repeat","background-position":"center center","background-size":"auto","background-attachment":"scroll","background-type":"","background-media":"","overlay-type":"","overlay-color":"","overlay-opacity":"","overlay-gradient":""}},"ast-content-background-meta":{"desktop":{"background-color":"var(--ast-global-color-4)","background-image":"","background-repeat":"repeat","background-position":"center center","background-size":"auto","background-attachment":"scroll","background-type":"","background-media":"","overlay-type":"","overlay-color":"","overlay-opacity":"","overlay-gradient":""},"tablet":{"background-color":"var(--ast-global-color-4)","background-image":"","background-repeat":"repeat","background-position":"center center","background-size":"auto","background-attachment":"scroll","background-type":"","background-media":"","overlay-type":"","overlay-color":"","overlay-opacity":"","overlay-gradient":""},"mobile":{"background-color":"var(--ast-global-color-4)","background-image":"","background-repeat":"repeat","background-position":"center center","background-size":"auto","background-attachment":"scroll","background-type":"","background-media":"","overlay-type":"","overlay-color":"","overlay-opacity":"","overlay-gradient":""}}},"product_brand":[],"product_cat":[35],"product_tag":[],"class_list":{"0":"post-3269","1":"product","2":"type-product","3":"status-publish","4":"has-post-thumbnail","6":"product_cat-vaikams-ir-paaugliams","7":"desktop-align-left","8":"tablet-align-left","9":"mobile-align-left","11":"first","12":"instock","13":"shipping-taxable","14":"purchasable","15":"product-type-simple"},"acf":[],"yoast_head":"<!-- This site is optimized with the Yoast SEO plugin v27.0 - https:\/\/yoast.com\/product\/yoast-seo-wordpress\/ -->\n<title>E. Mie\u017eelaitis \u201eMi\u0161ko pasaka\u201c - Skaitytaknyga<\/title>\n<meta name=\"description\" content=\"\u0104\u017euolo \u0161akose, - girios t\u0117vo, \u017ealiaveid\u017eio dievai\u010dio Mi\u0161kinio namai. I\u0161 ten jis nu\u017ei\u016br\u0117jo vieni\u0161\u0105 i\u0161did\u017ei\u0105 gra\u017euol\u0119, tiesi\u0105 kaip pati tiesa, - Ulijon\u0105, po juo jiedu prad\u0117jo vaikiuk\u0105, svarbiausi\u0105 knygos heroj\u0173. Keistas vaikiukas i\u0161\u0117jo: kojel\u0117s kaip \u0161akaliukai, rankel\u0117s kaip pagaliukai, visas kietas it pliauskut\u0117, tik skruostai pana\u0161\u016bs \u012f putnias bandeles. \u0160tai \u012f jas Medinukas ir gavo did\u017eiausi\u0105 motinos dovan\u0105 - dvi duobutes ir nepamainom\u0105 \u0161ypsen\u0105, kuri net juod\u017eiausiomis akimirkomis nenyko nuo jo veido.  Ma\u017eas buvo vaikas, bet dideli \u017eygiai jo lauk\u0117. Vos nuo \u017eem\u0117s atsipl\u0117\u0161\u0119s tur\u0117s kibti \u012f darb\u0105. Tur\u0117s jis sutramdyti suk\u010di\u0173 mal\u016bninink\u0105, susid\u0117jus\u012f su beso\u010di\u0173 dvasia Milte, i\u0161gr\u016bsti i\u0161 mi\u0161ko \u017eiauri\u0173 pl\u0117\u0161ik\u0173 gauj\u0105 ir atgauti i\u0161 \u017eem\u0117s deimantin\u012f varp\u0105, kur\u012f ta prarijo i\u0161 pyk\u010dio, kam \u017emon\u0117s nepasiprie\u0161ino j\u012f pagrobusiems u\u017epuolikams...\" \/>\n<meta name=\"robots\" content=\"index, follow, max-snippet:-1, max-image-preview:large, max-video-preview:-1\" \/>\n<link rel=\"canonical\" href=\"https:\/\/skaitytaknyga.lt\/en\/produktas\/e-miezelaitis-misko-pasaka\/\" \/>\n<meta property=\"og:locale\" content=\"en_GB\" \/>\n<meta property=\"og:locale:alternate\" content=\"lt_LT\" \/>\n<meta property=\"og:type\" content=\"article\" \/>\n<meta property=\"og:title\" content=\"E. Mie\u017eelaitis \u201eMi\u0161ko pasaka\u201c - Skaitytaknyga\" \/>\n<meta property=\"og:description\" content=\"\u0104\u017euolo \u0161akose, - girios t\u0117vo, \u017ealiaveid\u017eio dievai\u010dio Mi\u0161kinio namai. I\u0161 ten jis nu\u017ei\u016br\u0117jo vieni\u0161\u0105 i\u0161did\u017ei\u0105 gra\u017euol\u0119, tiesi\u0105 kaip pati tiesa, - Ulijon\u0105, po juo jiedu prad\u0117jo vaikiuk\u0105, svarbiausi\u0105 knygos heroj\u0173. Keistas vaikiukas i\u0161\u0117jo: kojel\u0117s kaip \u0161akaliukai, rankel\u0117s kaip pagaliukai, visas kietas it pliauskut\u0117, tik skruostai pana\u0161\u016bs \u012f putnias bandeles. \u0160tai \u012f jas Medinukas ir gavo did\u017eiausi\u0105 motinos dovan\u0105 - dvi duobutes ir nepamainom\u0105 \u0161ypsen\u0105, kuri net juod\u017eiausiomis akimirkomis nenyko nuo jo veido.  Ma\u017eas buvo vaikas, bet dideli \u017eygiai jo lauk\u0117. Vos nuo \u017eem\u0117s atsipl\u0117\u0161\u0119s tur\u0117s kibti \u012f darb\u0105. Tur\u0117s jis sutramdyti suk\u010di\u0173 mal\u016bninink\u0105, susid\u0117jus\u012f su beso\u010di\u0173 dvasia Milte, i\u0161gr\u016bsti i\u0161 mi\u0161ko \u017eiauri\u0173 pl\u0117\u0161ik\u0173 gauj\u0105 ir atgauti i\u0161 \u017eem\u0117s deimantin\u012f varp\u0105, kur\u012f ta prarijo i\u0161 pyk\u010dio, kam \u017emon\u0117s nepasiprie\u0161ino j\u012f pagrobusiems u\u017epuolikams...\" \/>\n<meta property=\"og:url\" content=\"https:\/\/skaitytaknyga.lt\/en\/produktas\/e-miezelaitis-misko-pasaka\/\" \/>\n<meta property=\"og:site_name\" content=\"Skaitytaknyga\" \/>\n<meta property=\"article:publisher\" content=\"https:\/\/www.facebook.com\/skaitytaknyga\/\" \/>\n<meta property=\"article:modified_time\" content=\"2024-05-03T07:18:49+00:00\" \/>\n<meta property=\"og:image\" content=\"https:\/\/skaitytaknyga.lt\/wp-content\/uploads\/2024\/04\/1462880057_img0009.jpg\" \/>\n\t<meta property=\"og:image:width\" content=\"320\" \/>\n\t<meta property=\"og:image:height\" content=\"418\" \/>\n\t<meta property=\"og:image:type\" content=\"image\/jpeg\" \/>\n<meta name=\"twitter:card\" content=\"summary_large_image\" \/>\n<meta name=\"twitter:label1\" content=\"Estimated reading time\" \/>\n\t<meta name=\"twitter:data1\" content=\"1 minute\" \/>\n<script type=\"application\/ld+json\" class=\"yoast-schema-graph\">{\"@context\":\"https:\/\/schema.org\",\"@graph\":[{\"@type\":\"WebPage\",\"@id\":\"https:\/\/skaitytaknyga.lt\/produktas\/e-miezelaitis-misko-pasaka\/\",\"url\":\"https:\/\/skaitytaknyga.lt\/produktas\/e-miezelaitis-misko-pasaka\/\",\"name\":\"E. Mie\u017eelaitis \u201eMi\u0161ko pasaka\u201c - Skaitytaknyga\",\"isPartOf\":{\"@id\":\"https:\/\/skaitytaknyga.lt\/#website\"},\"primaryImageOfPage\":{\"@id\":\"https:\/\/skaitytaknyga.lt\/produktas\/e-miezelaitis-misko-pasaka\/#primaryimage\"},\"image\":{\"@id\":\"https:\/\/skaitytaknyga.lt\/produktas\/e-miezelaitis-misko-pasaka\/#primaryimage\"},\"thumbnailUrl\":\"https:\/\/skaitytaknyga.lt\/wp-content\/uploads\/2024\/04\/1462880057_img0009.jpg\",\"datePublished\":\"2024-04-17T13:24:05+00:00\",\"dateModified\":\"2024-05-03T07:18:49+00:00\",\"description\":\"\u0104\u017euolo \u0161akose, - girios t\u0117vo, \u017ealiaveid\u017eio dievai\u010dio Mi\u0161kinio namai. I\u0161 ten jis nu\u017ei\u016br\u0117jo vieni\u0161\u0105 i\u0161did\u017ei\u0105 gra\u017euol\u0119, tiesi\u0105 kaip pati tiesa, - Ulijon\u0105, po juo jiedu prad\u0117jo vaikiuk\u0105, svarbiausi\u0105 knygos heroj\u0173. Keistas vaikiukas i\u0161\u0117jo: kojel\u0117s kaip \u0161akaliukai, rankel\u0117s kaip pagaliukai, visas kietas it pliauskut\u0117, tik skruostai pana\u0161\u016bs \u012f putnias bandeles. \u0160tai \u012f jas Medinukas ir gavo did\u017eiausi\u0105 motinos dovan\u0105 - dvi duobutes ir nepamainom\u0105 \u0161ypsen\u0105, kuri net juod\u017eiausiomis akimirkomis nenyko nuo jo veido. Ma\u017eas buvo vaikas, bet dideli \u017eygiai jo lauk\u0117. Vos nuo \u017eem\u0117s atsipl\u0117\u0161\u0119s tur\u0117s kibti \u012f darb\u0105. Tur\u0117s jis sutramdyti suk\u010di\u0173 mal\u016bninink\u0105, susid\u0117jus\u012f su beso\u010di\u0173 dvasia Milte, i\u0161gr\u016bsti i\u0161 mi\u0161ko \u017eiauri\u0173 pl\u0117\u0161ik\u0173 gauj\u0105 ir atgauti i\u0161 \u017eem\u0117s deimantin\u012f varp\u0105, kur\u012f ta prarijo i\u0161 pyk\u010dio, kam \u017emon\u0117s nepasiprie\u0161ino j\u012f pagrobusiems u\u017epuolikams...\",\"breadcrumb\":{\"@id\":\"https:\/\/skaitytaknyga.lt\/produktas\/e-miezelaitis-misko-pasaka\/#breadcrumb\"},\"inLanguage\":\"en-GB\",\"potentialAction\":[{\"@type\":\"ReadAction\",\"target\":[\"https:\/\/skaitytaknyga.lt\/produktas\/e-miezelaitis-misko-pasaka\/\"]}]},{\"@type\":\"ImageObject\",\"inLanguage\":\"en-GB\",\"@id\":\"https:\/\/skaitytaknyga.lt\/produktas\/e-miezelaitis-misko-pasaka\/#primaryimage\",\"url\":\"https:\/\/skaitytaknyga.lt\/wp-content\/uploads\/2024\/04\/1462880057_img0009.jpg\",\"contentUrl\":\"https:\/\/skaitytaknyga.lt\/wp-content\/uploads\/2024\/04\/1462880057_img0009.jpg\",\"width\":320,\"height\":418,\"caption\":\"1462880057 img0009\"},{\"@type\":\"BreadcrumbList\",\"@id\":\"https:\/\/skaitytaknyga.lt\/produktas\/e-miezelaitis-misko-pasaka\/#breadcrumb\",\"itemListElement\":[{\"@type\":\"ListItem\",\"position\":1,\"name\":\"Home\",\"item\":\"https:\/\/skaitytaknyga.lt\/\"},{\"@type\":\"ListItem\",\"position\":2,\"name\":\"Parduotuv\u0117\",\"item\":\"https:\/\/skaitytaknyga.lt\/knygu-parduotuve\/\"},{\"@type\":\"ListItem\",\"position\":3,\"name\":\"E. Mie\u017eelaitis \u201eMi\u0161ko pasaka\u201c\"}]},{\"@type\":\"WebSite\",\"@id\":\"https:\/\/skaitytaknyga.lt\/#website\",\"url\":\"https:\/\/skaitytaknyga.lt\/\",\"name\":\"skaitytaknyga.lt\",\"description\":\"Skaitytaknyga.lt \u2013 tai ma\u017eas \u0161eimos verslas, kuris prasid\u0117jo nuo meil\u0117s knygoms ir siekio i\u0161gelb\u0117ti knygas nuo likimo prie konteinerio. Kas vienam nereikalingas daiktas \u2013 kitam lobis, o mes esame tarpininkai, kurie padeda abiems tapti laimingesniems ???? \u017dinome kaip nelengva i\u0161gyventi ma\u017eiems verslams, tad nuo \u0161iol, \u010dia rasite ir kit\u0173, ma\u017e\u0173 \u0161eim\u0173 versl\u0173, rank\u0173 darbo, dovan\u0173 sau ir artimiesiems.\",\"publisher\":{\"@id\":\"https:\/\/skaitytaknyga.lt\/#organization\"},\"potentialAction\":[{\"@type\":\"SearchAction\",\"target\":{\"@type\":\"EntryPoint\",\"urlTemplate\":\"https:\/\/skaitytaknyga.lt\/?s={search_term_string}\"},\"query-input\":{\"@type\":\"PropertyValueSpecification\",\"valueRequired\":true,\"valueName\":\"search_term_string\"}}],\"inLanguage\":\"en-GB\"},{\"@type\":\"Organization\",\"@id\":\"https:\/\/skaitytaknyga.lt\/#organization\",\"name\":\"skaitytaknyga.lt\",\"url\":\"https:\/\/skaitytaknyga.lt\/\",\"logo\":{\"@type\":\"ImageObject\",\"inLanguage\":\"en-GB\",\"@id\":\"https:\/\/skaitytaknyga.lt\/#\/schema\/logo\/image\/\",\"url\":\"https:\/\/skaitytaknyga.lt\/wp-content\/uploads\/2024\/05\/cropped-cropped-cropped-02_00843_jt3bggkj1j3HLc7SyY6rEUpg.jpeg\",\"contentUrl\":\"https:\/\/skaitytaknyga.lt\/wp-content\/uploads\/2024\/05\/cropped-cropped-cropped-02_00843_jt3bggkj1j3HLc7SyY6rEUpg.jpeg\",\"width\":1600,\"height\":1600,\"caption\":\"skaitytaknyga.lt\"},\"image\":{\"@id\":\"https:\/\/skaitytaknyga.lt\/#\/schema\/logo\/image\/\"},\"sameAs\":[\"https:\/\/www.facebook.com\/skaitytaknyga\/\"]}]}<\/script>\n<!-- \/ Yoast SEO plugin. -->","yoast_head_json":{"title":"E. Mie\u017eelaitis \u201eMi\u0161ko pasaka\u201c - Skaitytaknyga","description":"\u0104\u017euolo \u0161akose, - girios t\u0117vo, \u017ealiaveid\u017eio dievai\u010dio Mi\u0161kinio namai. I\u0161 ten jis nu\u017ei\u016br\u0117jo vieni\u0161\u0105 i\u0161did\u017ei\u0105 gra\u017euol\u0119, tiesi\u0105 kaip pati tiesa, - Ulijon\u0105, po juo jiedu prad\u0117jo vaikiuk\u0105, svarbiausi\u0105 knygos heroj\u0173. Keistas vaikiukas i\u0161\u0117jo: kojel\u0117s kaip \u0161akaliukai, rankel\u0117s kaip pagaliukai, visas kietas it pliauskut\u0117, tik skruostai pana\u0161\u016bs \u012f putnias bandeles. \u0160tai \u012f jas Medinukas ir gavo did\u017eiausi\u0105 motinos dovan\u0105 - dvi duobutes ir nepamainom\u0105 \u0161ypsen\u0105, kuri net juod\u017eiausiomis akimirkomis nenyko nuo jo veido.  Ma\u017eas buvo vaikas, bet dideli \u017eygiai jo lauk\u0117. Vos nuo \u017eem\u0117s atsipl\u0117\u0161\u0119s tur\u0117s kibti \u012f darb\u0105. Tur\u0117s jis sutramdyti suk\u010di\u0173 mal\u016bninink\u0105, susid\u0117jus\u012f su beso\u010di\u0173 dvasia Milte, i\u0161gr\u016bsti i\u0161 mi\u0161ko \u017eiauri\u0173 pl\u0117\u0161ik\u0173 gauj\u0105 ir atgauti i\u0161 \u017eem\u0117s deimantin\u012f varp\u0105, kur\u012f ta prarijo i\u0161 pyk\u010dio, kam \u017emon\u0117s nepasiprie\u0161ino j\u012f pagrobusiems u\u017epuolikams...","robots":{"index":"index","follow":"follow","max-snippet":"max-snippet:-1","max-image-preview":"max-image-preview:large","max-video-preview":"max-video-preview:-1"},"canonical":"https:\/\/skaitytaknyga.lt\/en\/produktas\/e-miezelaitis-misko-pasaka\/","og_locale":"en_GB","og_type":"article","og_title":"E. Mie\u017eelaitis \u201eMi\u0161ko pasaka\u201c - Skaitytaknyga","og_description":"\u0104\u017euolo \u0161akose, - girios t\u0117vo, \u017ealiaveid\u017eio dievai\u010dio Mi\u0161kinio namai. I\u0161 ten jis nu\u017ei\u016br\u0117jo vieni\u0161\u0105 i\u0161did\u017ei\u0105 gra\u017euol\u0119, tiesi\u0105 kaip pati tiesa, - Ulijon\u0105, po juo jiedu prad\u0117jo vaikiuk\u0105, svarbiausi\u0105 knygos heroj\u0173. Keistas vaikiukas i\u0161\u0117jo: kojel\u0117s kaip \u0161akaliukai, rankel\u0117s kaip pagaliukai, visas kietas it pliauskut\u0117, tik skruostai pana\u0161\u016bs \u012f putnias bandeles. \u0160tai \u012f jas Medinukas ir gavo did\u017eiausi\u0105 motinos dovan\u0105 - dvi duobutes ir nepamainom\u0105 \u0161ypsen\u0105, kuri net juod\u017eiausiomis akimirkomis nenyko nuo jo veido.  Ma\u017eas buvo vaikas, bet dideli \u017eygiai jo lauk\u0117. Vos nuo \u017eem\u0117s atsipl\u0117\u0161\u0119s tur\u0117s kibti \u012f darb\u0105. Tur\u0117s jis sutramdyti suk\u010di\u0173 mal\u016bninink\u0105, susid\u0117jus\u012f su beso\u010di\u0173 dvasia Milte, i\u0161gr\u016bsti i\u0161 mi\u0161ko \u017eiauri\u0173 pl\u0117\u0161ik\u0173 gauj\u0105 ir atgauti i\u0161 \u017eem\u0117s deimantin\u012f varp\u0105, kur\u012f ta prarijo i\u0161 pyk\u010dio, kam \u017emon\u0117s nepasiprie\u0161ino j\u012f pagrobusiems u\u017epuolikams...","og_url":"https:\/\/skaitytaknyga.lt\/en\/produktas\/e-miezelaitis-misko-pasaka\/","og_site_name":"Skaitytaknyga","article_publisher":"https:\/\/www.facebook.com\/skaitytaknyga\/","article_modified_time":"2024-05-03T07:18:49+00:00","og_image":[{"width":320,"height":418,"url":"https:\/\/skaitytaknyga.lt\/wp-content\/uploads\/2024\/04\/1462880057_img0009.jpg","type":"image\/jpeg"}],"twitter_card":"summary_large_image","twitter_misc":{"Estimated reading time":"1 minute"},"schema":{"@context":"https:\/\/schema.org","@graph":[{"@type":"WebPage","@id":"https:\/\/skaitytaknyga.lt\/produktas\/e-miezelaitis-misko-pasaka\/","url":"https:\/\/skaitytaknyga.lt\/produktas\/e-miezelaitis-misko-pasaka\/","name":"E. Mie\u017eelaitis \u201eMi\u0161ko pasaka\u201c - Skaitytaknyga","isPartOf":{"@id":"https:\/\/skaitytaknyga.lt\/#website"},"primaryImageOfPage":{"@id":"https:\/\/skaitytaknyga.lt\/produktas\/e-miezelaitis-misko-pasaka\/#primaryimage"},"image":{"@id":"https:\/\/skaitytaknyga.lt\/produktas\/e-miezelaitis-misko-pasaka\/#primaryimage"},"thumbnailUrl":"https:\/\/skaitytaknyga.lt\/wp-content\/uploads\/2024\/04\/1462880057_img0009.jpg","datePublished":"2024-04-17T13:24:05+00:00","dateModified":"2024-05-03T07:18:49+00:00","description":"\u0104\u017euolo \u0161akose, - girios t\u0117vo, \u017ealiaveid\u017eio dievai\u010dio Mi\u0161kinio namai. I\u0161 ten jis nu\u017ei\u016br\u0117jo vieni\u0161\u0105 i\u0161did\u017ei\u0105 gra\u017euol\u0119, tiesi\u0105 kaip pati tiesa, - Ulijon\u0105, po juo jiedu prad\u0117jo vaikiuk\u0105, svarbiausi\u0105 knygos heroj\u0173. Keistas vaikiukas i\u0161\u0117jo: kojel\u0117s kaip \u0161akaliukai, rankel\u0117s kaip pagaliukai, visas kietas it pliauskut\u0117, tik skruostai pana\u0161\u016bs \u012f putnias bandeles. \u0160tai \u012f jas Medinukas ir gavo did\u017eiausi\u0105 motinos dovan\u0105 - dvi duobutes ir nepamainom\u0105 \u0161ypsen\u0105, kuri net juod\u017eiausiomis akimirkomis nenyko nuo jo veido. Ma\u017eas buvo vaikas, bet dideli \u017eygiai jo lauk\u0117. Vos nuo \u017eem\u0117s atsipl\u0117\u0161\u0119s tur\u0117s kibti \u012f darb\u0105. Tur\u0117s jis sutramdyti suk\u010di\u0173 mal\u016bninink\u0105, susid\u0117jus\u012f su beso\u010di\u0173 dvasia Milte, i\u0161gr\u016bsti i\u0161 mi\u0161ko \u017eiauri\u0173 pl\u0117\u0161ik\u0173 gauj\u0105 ir atgauti i\u0161 \u017eem\u0117s deimantin\u012f varp\u0105, kur\u012f ta prarijo i\u0161 pyk\u010dio, kam \u017emon\u0117s nepasiprie\u0161ino j\u012f pagrobusiems u\u017epuolikams...","breadcrumb":{"@id":"https:\/\/skaitytaknyga.lt\/produktas\/e-miezelaitis-misko-pasaka\/#breadcrumb"},"inLanguage":"en-GB","potentialAction":[{"@type":"ReadAction","target":["https:\/\/skaitytaknyga.lt\/produktas\/e-miezelaitis-misko-pasaka\/"]}]},{"@type":"ImageObject","inLanguage":"en-GB","@id":"https:\/\/skaitytaknyga.lt\/produktas\/e-miezelaitis-misko-pasaka\/#primaryimage","url":"https:\/\/skaitytaknyga.lt\/wp-content\/uploads\/2024\/04\/1462880057_img0009.jpg","contentUrl":"https:\/\/skaitytaknyga.lt\/wp-content\/uploads\/2024\/04\/1462880057_img0009.jpg","width":320,"height":418,"caption":"1462880057 img0009"},{"@type":"BreadcrumbList","@id":"https:\/\/skaitytaknyga.lt\/produktas\/e-miezelaitis-misko-pasaka\/#breadcrumb","itemListElement":[{"@type":"ListItem","position":1,"name":"Home","item":"https:\/\/skaitytaknyga.lt\/"},{"@type":"ListItem","position":2,"name":"Parduotuv\u0117","item":"https:\/\/skaitytaknyga.lt\/knygu-parduotuve\/"},{"@type":"ListItem","position":3,"name":"E. Mie\u017eelaitis \u201eMi\u0161ko pasaka\u201c"}]},{"@type":"WebSite","@id":"https:\/\/skaitytaknyga.lt\/#website","url":"https:\/\/skaitytaknyga.lt\/","name":"skaitytaknyga.lt","description":"Skaitytaknyga.lt \u2013 tai ma\u017eas \u0161eimos verslas, kuris prasid\u0117jo nuo meil\u0117s knygoms ir siekio i\u0161gelb\u0117ti knygas nuo likimo prie konteinerio. Kas vienam nereikalingas daiktas \u2013 kitam lobis, o mes esame tarpininkai, kurie padeda abiems tapti laimingesniems ???? \u017dinome kaip nelengva i\u0161gyventi ma\u017eiems verslams, tad nuo \u0161iol, \u010dia rasite ir kit\u0173, ma\u017e\u0173 \u0161eim\u0173 versl\u0173, rank\u0173 darbo, dovan\u0173 sau ir artimiesiems.","publisher":{"@id":"https:\/\/skaitytaknyga.lt\/#organization"},"potentialAction":[{"@type":"SearchAction","target":{"@type":"EntryPoint","urlTemplate":"https:\/\/skaitytaknyga.lt\/?s={search_term_string}"},"query-input":{"@type":"PropertyValueSpecification","valueRequired":true,"valueName":"search_term_string"}}],"inLanguage":"en-GB"},{"@type":"Organization","@id":"https:\/\/skaitytaknyga.lt\/#organization","name":"skaitytaknyga.lt","url":"https:\/\/skaitytaknyga.lt\/","logo":{"@type":"ImageObject","inLanguage":"en-GB","@id":"https:\/\/skaitytaknyga.lt\/#\/schema\/logo\/image\/","url":"https:\/\/skaitytaknyga.lt\/wp-content\/uploads\/2024\/05\/cropped-cropped-cropped-02_00843_jt3bggkj1j3HLc7SyY6rEUpg.jpeg","contentUrl":"https:\/\/skaitytaknyga.lt\/wp-content\/uploads\/2024\/05\/cropped-cropped-cropped-02_00843_jt3bggkj1j3HLc7SyY6rEUpg.jpeg","width":1600,"height":1600,"caption":"skaitytaknyga.lt"},"image":{"@id":"https:\/\/skaitytaknyga.lt\/#\/schema\/logo\/image\/"},"sameAs":["https:\/\/www.facebook.com\/skaitytaknyga\/"]}]}},"_links":{"self":[{"href":"https:\/\/skaitytaknyga.lt\/en\/wp-json\/wp\/v2\/product\/3269","targetHints":{"allow":["GET"]}}],"collection":[{"href":"https:\/\/skaitytaknyga.lt\/en\/wp-json\/wp\/v2\/product"}],"about":[{"href":"https:\/\/skaitytaknyga.lt\/en\/wp-json\/wp\/v2\/types\/product"}],"replies":[{"embeddable":true,"href":"https:\/\/skaitytaknyga.lt\/en\/wp-json\/wp\/v2\/comments?post=3269"}],"wp:featuredmedia":[{"embeddable":true,"href":"https:\/\/skaitytaknyga.lt\/en\/wp-json\/wp\/v2\/media\/3315"}],"wp:attachment":[{"href":"https:\/\/skaitytaknyga.lt\/en\/wp-json\/wp\/v2\/media?parent=3269"}],"wp:term":[{"taxonomy":"product_brand","embeddable":true,"href":"https:\/\/skaitytaknyga.lt\/en\/wp-json\/wp\/v2\/product_brand?post=3269"},{"taxonomy":"product_cat","embeddable":true,"href":"https:\/\/skaitytaknyga.lt\/en\/wp-json\/wp\/v2\/product_cat?post=3269"},{"taxonomy":"product_tag","embeddable":true,"href":"https:\/\/skaitytaknyga.lt\/en\/wp-json\/wp\/v2\/product_tag?post=3269"}],"curies":[{"name":"wp","href":"https:\/\/api.w.org\/{rel}","templated":true}]}}