{"id":3267,"date":"2024-04-17T13:24:04","date_gmt":"2024-04-17T13:24:04","guid":{"rendered":"https:\/\/skaitytaknyga.lt\/?post_type=product&#038;p=3267"},"modified":"2025-08-28T14:34:16","modified_gmt":"2025-08-28T11:34:16","slug":"d-guedj-papugos-teorema","status":"publish","type":"product","link":"https:\/\/skaitytaknyga.lt\/en\/produktas\/d-guedj-papugos-teorema\/","title":{"rendered":"Pap\u016bgos teorema"},"content":{"rendered":"<p>M\u016bs\u0173 laikais nieko nestebina romanai apie filosofij\u0105, religij\u0105, psichologij\u0105 ar net pinigus. Bet detektyvinis romanas apie matematik\u0105 \u2013 visi\u0161k\u0105 prie\u0161ingyb\u0119 literato fantazijai ir alogi\u0161kumui? Kod\u0117l gi ne? \u2013 sako pranc\u016bzas Denis Guedijas ir kvie\u010dia pasibastyti po matematikos pasaul\u012f, kur\u012f pa\u017e\u012fsta kaip savo penkis pir\u0161tus ir myli nebl\u0117stama meile. Jis pasakoja apie 25 atradim\u0173 am\u017eius, keitusius \u0161io mokslo taisykles: Kaip indai (o ne arabai) atrado nul\u012f, kaip anglas Rekordas sugalvojo lygyb\u0117s \u017eenkl\u0105\u2026 O pagrindiniai detektyvo veik\u0117jai \u2013 aukso ie\u0161kotojas ir knygyno savininkas bei pap\u016bga Nofutur. Aukso ie\u0161kotojas \u017e\u016bva, prie\u0161 tai i\u0161siunt\u0119s lai\u0161k\u0105 su ne\u012frodom\u0173 teorem\u0173 \u012frodymais. \u0160i mirtis \u2013 \u017emog\u017eudyst\u0117 ar savi\u017eudyb\u0117? \u201eSmagiai mokytis neb\u0117ra tinginio svajon\u0117 \u2013 T\u0105 galima daryti skaitant \u201ePap\u016bgos teorem\u0105\u201c, \u201eDvigubas malonumas \u2013 skaitai ir mokaisi!\u201c, \u201eGuedjui pavyko sutaikyti matematik\u0105 ir literat\u016br\u0105\u201c, &#8211; taip roman\u0105 vertina spauda.<\/p>\n","protected":false},"excerpt":{"rendered":"<p>M\u016bs\u0173 laikais nieko nestebina romanai apie filosofij\u0105, religij\u0105, psichologij\u0105 ar net pinigus. Bet detektyvinis romanas apie matematik\u0105 \u2013 visi\u0161k\u0105 prie\u0161ingyb\u0119 literato fantazijai ir alogi\u0161kumui? Kod\u0117l gi ne? \u2013 sako pranc\u016bzas Denis Guedijas ir kvie\u010dia pasibastyti po matematikos pasaul\u012f, kur\u012f pa\u017e\u012fsta kaip savo penkis pir\u0161tus ir myli nebl\u0117stama meile. Jis pasakoja apie 25 atradim\u0173 am\u017eius, keitusius \u0161io mokslo taisykles: Kaip indai (o ne arabai) atrado nul\u012f, kaip anglas Rekordas sugalvojo lygyb\u0117s \u017eenkl\u0105\u2026 O pagrindiniai detektyvo veik\u0117jai \u2013 aukso ie\u0161kotojas ir knygyno savininkas bei pap\u016bga Nofutur. Aukso ie\u0161kotojas \u017e\u016bva, prie\u0161 tai i\u0161siunt\u0119s lai\u0161k\u0105 su ne\u012frodom\u0173 teorem\u0173 \u012frodymais. \u0160i mirtis \u2013 \u017emog\u017eudyst\u0117 ar savi\u017eudyb\u0117? \u201eSmagiai mokytis neb\u0117ra tinginio svajon\u0117 \u2013 T\u0105 galima daryti skaitant \u201ePap\u016bgos teorem\u0105\u201c, \u201eDvigubas malonumas \u2013 skaitai ir mokaisi!\u201c, \u201eGuedjui pavyko sutaikyti matematik\u0105 ir literat\u016br\u0105\u201c, &#8211; taip roman\u0105 vertina spauda.<\/p>\n","protected":false},"featured_media":3313,"comment_status":"closed","ping_status":"closed","template":"","meta":{"_acf_changed":false,"site-sidebar-layout":"default","site-content-layout":"","ast-site-content-layout":"default","site-content-style":"default","site-sidebar-style":"default","ast-global-header-display":"","ast-banner-title-visibility":"","ast-main-header-display":"","ast-hfb-above-header-display":"","ast-hfb-below-header-display":"","ast-hfb-mobile-header-display":"","site-post-title":"","ast-breadcrumbs-content":"","ast-featured-img":"","footer-sml-layout":"","ast-disable-related-posts":"","theme-transparent-header-meta":"","adv-header-id-meta":"","stick-header-meta":"","header-above-stick-meta":"","header-main-stick-meta":"","header-below-stick-meta":"","astra-migrate-meta-layouts":"default","ast-page-background-enabled":"default","ast-page-background-meta":{"desktop":{"background-color":"","background-image":"","background-repeat":"repeat","background-position":"center center","background-size":"auto","background-attachment":"scroll","background-type":"","background-media":"","overlay-type":"","overlay-color":"","overlay-opacity":"","overlay-gradient":""},"tablet":{"background-color":"","background-image":"","background-repeat":"repeat","background-position":"center center","background-size":"auto","background-attachment":"scroll","background-type":"","background-media":"","overlay-type":"","overlay-color":"","overlay-opacity":"","overlay-gradient":""},"mobile":{"background-color":"","background-image":"","background-repeat":"repeat","background-position":"center center","background-size":"auto","background-attachment":"scroll","background-type":"","background-media":"","overlay-type":"","overlay-color":"","overlay-opacity":"","overlay-gradient":""}},"ast-content-background-meta":{"desktop":{"background-color":"var(--ast-global-color-4)","background-image":"","background-repeat":"repeat","background-position":"center center","background-size":"auto","background-attachment":"scroll","background-type":"","background-media":"","overlay-type":"","overlay-color":"","overlay-opacity":"","overlay-gradient":""},"tablet":{"background-color":"var(--ast-global-color-4)","background-image":"","background-repeat":"repeat","background-position":"center center","background-size":"auto","background-attachment":"scroll","background-type":"","background-media":"","overlay-type":"","overlay-color":"","overlay-opacity":"","overlay-gradient":""},"mobile":{"background-color":"var(--ast-global-color-4)","background-image":"","background-repeat":"repeat","background-position":"center center","background-size":"auto","background-attachment":"scroll","background-type":"","background-media":"","overlay-type":"","overlay-color":"","overlay-opacity":"","overlay-gradient":""}}},"product_brand":[],"product_cat":[31],"product_tag":[],"class_list":{"0":"post-3267","1":"product","2":"type-product","3":"status-publish","4":"has-post-thumbnail","6":"product_cat-grozine-literatura","7":"desktop-align-left","8":"tablet-align-left","9":"mobile-align-left","11":"first","12":"instock","13":"shipping-taxable","14":"purchasable","15":"product-type-simple"},"acf":[],"yoast_head":"<!-- This site is optimized with the Yoast SEO plugin v27.0 - https:\/\/yoast.com\/product\/yoast-seo-wordpress\/ -->\n<title>Pap\u016bgos teorema<\/title>\n<meta name=\"description\" content=\"M\u016bs\u0173 laikais nieko nestebina romanai apie filosofij\u0105, religij\u0105, psichologij\u0105 ar net pinigus. Bet detektyvinis romanas apie matematik\u0105 \u2013 visi\u0161k\u0105 prie\u0161ingyb\u0119 literato fantazijai ir alogi\u0161kumui? Kod\u0117l gi ne? \u2013 sako pranc\u016bzas Denis Guedijas ir kvie\u010dia pasibastyti po matematikos pasaul\u012f, kur\u012f pa\u017e\u012fsta kaip savo penkis pir\u0161tus ir myli nebl\u0117stama meile. Jis pasakoja apie 25 atradim\u0173 am\u017eius, keitusius \u0161io mokslo taisykles: Kaip indai (o ne arabai) atrado nul\u012f, kaip anglas Rekordas sugalvojo lygyb\u0117s \u017eenkl\u0105\u2026 O pagrindiniai detektyvo veik\u0117jai \u2013 aukso ie\u0161kotojas ir knygyno savininkas bei pap\u016bga Nofutur. Aukso ie\u0161kotojas \u017e\u016bva, prie\u0161 tai i\u0161siunt\u0119s lai\u0161k\u0105 su ne\u012frodom\u0173 teorem\u0173 \u012frodymais. \u0160i mirtis \u2013 \u017emog\u017eudyst\u0117 ar savi\u017eudyb\u0117? \u201eSmagiai mokytis neb\u0117ra tinginio svajon\u0117 \u2013 T\u0105 galima daryti skaitant \u201ePap\u016bgos teorem\u0105\u201c, \u201eDvigubas malonumas \u2013 skaitai ir mokaisi!\u201c, \u201eGuedjui pavyko sutaikyti matematik\u0105 ir literat\u016br\u0105\u201c, - taip roman\u0105 vertina spauda.\" \/>\n<meta name=\"robots\" content=\"index, follow, max-snippet:-1, max-image-preview:large, max-video-preview:-1\" \/>\n<link rel=\"canonical\" href=\"https:\/\/skaitytaknyga.lt\/en\/produktas\/d-guedj-papugos-teorema\/\" \/>\n<meta property=\"og:locale\" content=\"en_GB\" \/>\n<meta property=\"og:locale:alternate\" content=\"lt_LT\" \/>\n<meta property=\"og:type\" content=\"article\" \/>\n<meta property=\"og:title\" content=\"Pap\u016bgos teorema\" \/>\n<meta property=\"og:description\" content=\"M\u016bs\u0173 laikais nieko nestebina romanai apie filosofij\u0105, religij\u0105, psichologij\u0105 ar net pinigus. Bet detektyvinis romanas apie matematik\u0105 \u2013 visi\u0161k\u0105 prie\u0161ingyb\u0119 literato fantazijai ir alogi\u0161kumui? Kod\u0117l gi ne? \u2013 sako pranc\u016bzas Denis Guedijas ir kvie\u010dia pasibastyti po matematikos pasaul\u012f, kur\u012f pa\u017e\u012fsta kaip savo penkis pir\u0161tus ir myli nebl\u0117stama meile. Jis pasakoja apie 25 atradim\u0173 am\u017eius, keitusius \u0161io mokslo taisykles: Kaip indai (o ne arabai) atrado nul\u012f, kaip anglas Rekordas sugalvojo lygyb\u0117s \u017eenkl\u0105\u2026 O pagrindiniai detektyvo veik\u0117jai \u2013 aukso ie\u0161kotojas ir knygyno savininkas bei pap\u016bga Nofutur. Aukso ie\u0161kotojas \u017e\u016bva, prie\u0161 tai i\u0161siunt\u0119s lai\u0161k\u0105 su ne\u012frodom\u0173 teorem\u0173 \u012frodymais. \u0160i mirtis \u2013 \u017emog\u017eudyst\u0117 ar savi\u017eudyb\u0117? \u201eSmagiai mokytis neb\u0117ra tinginio svajon\u0117 \u2013 T\u0105 galima daryti skaitant \u201ePap\u016bgos teorem\u0105\u201c, \u201eDvigubas malonumas \u2013 skaitai ir mokaisi!\u201c, \u201eGuedjui pavyko sutaikyti matematik\u0105 ir literat\u016br\u0105\u201c, - taip roman\u0105 vertina spauda.\" \/>\n<meta property=\"og:url\" content=\"https:\/\/skaitytaknyga.lt\/en\/produktas\/d-guedj-papugos-teorema\/\" \/>\n<meta property=\"og:site_name\" content=\"Skaitytaknyga\" \/>\n<meta property=\"article:publisher\" content=\"https:\/\/www.facebook.com\/skaitytaknyga\/\" \/>\n<meta property=\"article:modified_time\" content=\"2025-08-28T11:34:16+00:00\" \/>\n<meta property=\"og:image\" content=\"https:\/\/skaitytaknyga.lt\/wp-content\/uploads\/2024\/04\/wp-16075389002288439824104964145046-scaled-e1607538949486.jpg\" \/>\n\t<meta property=\"og:image:width\" content=\"1209\" \/>\n\t<meta property=\"og:image:height\" content=\"1766\" \/>\n\t<meta property=\"og:image:type\" content=\"image\/jpeg\" \/>\n<meta name=\"twitter:card\" content=\"summary_large_image\" \/>\n<meta name=\"twitter:label1\" content=\"Estimated reading time\" \/>\n\t<meta name=\"twitter:data1\" content=\"1 minute\" \/>\n<script type=\"application\/ld+json\" class=\"yoast-schema-graph\">{\"@context\":\"https:\/\/schema.org\",\"@graph\":[{\"@type\":\"WebPage\",\"@id\":\"https:\/\/skaitytaknyga.lt\/produktas\/d-guedj-papugos-teorema\/\",\"url\":\"https:\/\/skaitytaknyga.lt\/produktas\/d-guedj-papugos-teorema\/\",\"name\":\"Pap\u016bgos teorema\",\"isPartOf\":{\"@id\":\"https:\/\/skaitytaknyga.lt\/#website\"},\"primaryImageOfPage\":{\"@id\":\"https:\/\/skaitytaknyga.lt\/produktas\/d-guedj-papugos-teorema\/#primaryimage\"},\"image\":{\"@id\":\"https:\/\/skaitytaknyga.lt\/produktas\/d-guedj-papugos-teorema\/#primaryimage\"},\"thumbnailUrl\":\"https:\/\/skaitytaknyga.lt\/wp-content\/uploads\/2024\/04\/wp-16075389002288439824104964145046-scaled-e1607538949486.jpg\",\"datePublished\":\"2024-04-17T13:24:04+00:00\",\"dateModified\":\"2025-08-28T11:34:16+00:00\",\"description\":\"M\u016bs\u0173 laikais nieko nestebina romanai apie filosofij\u0105, religij\u0105, psichologij\u0105 ar net pinigus. Bet detektyvinis romanas apie matematik\u0105 \u2013 visi\u0161k\u0105 prie\u0161ingyb\u0119 literato fantazijai ir alogi\u0161kumui? Kod\u0117l gi ne? \u2013 sako pranc\u016bzas Denis Guedijas ir kvie\u010dia pasibastyti po matematikos pasaul\u012f, kur\u012f pa\u017e\u012fsta kaip savo penkis pir\u0161tus ir myli nebl\u0117stama meile. Jis pasakoja apie 25 atradim\u0173 am\u017eius, keitusius \u0161io mokslo taisykles: Kaip indai (o ne arabai) atrado nul\u012f, kaip anglas Rekordas sugalvojo lygyb\u0117s \u017eenkl\u0105\u2026 O pagrindiniai detektyvo veik\u0117jai \u2013 aukso ie\u0161kotojas ir knygyno savininkas bei pap\u016bga Nofutur. Aukso ie\u0161kotojas \u017e\u016bva, prie\u0161 tai i\u0161siunt\u0119s lai\u0161k\u0105 su ne\u012frodom\u0173 teorem\u0173 \u012frodymais. \u0160i mirtis \u2013 \u017emog\u017eudyst\u0117 ar savi\u017eudyb\u0117? \u201eSmagiai mokytis neb\u0117ra tinginio svajon\u0117 \u2013 T\u0105 galima daryti skaitant \u201ePap\u016bgos teorem\u0105\u201c, \u201eDvigubas malonumas \u2013 skaitai ir mokaisi!\u201c, \u201eGuedjui pavyko sutaikyti matematik\u0105 ir literat\u016br\u0105\u201c, - taip roman\u0105 vertina spauda.\",\"breadcrumb\":{\"@id\":\"https:\/\/skaitytaknyga.lt\/produktas\/d-guedj-papugos-teorema\/#breadcrumb\"},\"inLanguage\":\"en-GB\",\"potentialAction\":[{\"@type\":\"ReadAction\",\"target\":[\"https:\/\/skaitytaknyga.lt\/produktas\/d-guedj-papugos-teorema\/\"]}]},{\"@type\":\"ImageObject\",\"inLanguage\":\"en-GB\",\"@id\":\"https:\/\/skaitytaknyga.lt\/produktas\/d-guedj-papugos-teorema\/#primaryimage\",\"url\":\"https:\/\/skaitytaknyga.lt\/wp-content\/uploads\/2024\/04\/wp-16075389002288439824104964145046-scaled-e1607538949486.jpg\",\"contentUrl\":\"https:\/\/skaitytaknyga.lt\/wp-content\/uploads\/2024\/04\/wp-16075389002288439824104964145046-scaled-e1607538949486.jpg\",\"width\":1209,\"height\":1766,\"caption\":\"wp 16075389002288439824104964145046 scaled e1607538949486\"},{\"@type\":\"BreadcrumbList\",\"@id\":\"https:\/\/skaitytaknyga.lt\/produktas\/d-guedj-papugos-teorema\/#breadcrumb\",\"itemListElement\":[{\"@type\":\"ListItem\",\"position\":1,\"name\":\"Home\",\"item\":\"https:\/\/skaitytaknyga.lt\/\"},{\"@type\":\"ListItem\",\"position\":2,\"name\":\"Parduotuv\u0117\",\"item\":\"https:\/\/skaitytaknyga.lt\/knygu-parduotuve\/\"},{\"@type\":\"ListItem\",\"position\":3,\"name\":\"Pap\u016bgos teorema\"}]},{\"@type\":\"WebSite\",\"@id\":\"https:\/\/skaitytaknyga.lt\/#website\",\"url\":\"https:\/\/skaitytaknyga.lt\/\",\"name\":\"skaitytaknyga.lt\",\"description\":\"Skaitytaknyga.lt \u2013 tai ma\u017eas \u0161eimos verslas, kuris prasid\u0117jo nuo meil\u0117s knygoms ir siekio i\u0161gelb\u0117ti knygas nuo likimo prie konteinerio. Kas vienam nereikalingas daiktas \u2013 kitam lobis, o mes esame tarpininkai, kurie padeda abiems tapti laimingesniems ???? \u017dinome kaip nelengva i\u0161gyventi ma\u017eiems verslams, tad nuo \u0161iol, \u010dia rasite ir kit\u0173, ma\u017e\u0173 \u0161eim\u0173 versl\u0173, rank\u0173 darbo, dovan\u0173 sau ir artimiesiems.\",\"publisher\":{\"@id\":\"https:\/\/skaitytaknyga.lt\/#organization\"},\"potentialAction\":[{\"@type\":\"SearchAction\",\"target\":{\"@type\":\"EntryPoint\",\"urlTemplate\":\"https:\/\/skaitytaknyga.lt\/?s={search_term_string}\"},\"query-input\":{\"@type\":\"PropertyValueSpecification\",\"valueRequired\":true,\"valueName\":\"search_term_string\"}}],\"inLanguage\":\"en-GB\"},{\"@type\":\"Organization\",\"@id\":\"https:\/\/skaitytaknyga.lt\/#organization\",\"name\":\"skaitytaknyga.lt\",\"url\":\"https:\/\/skaitytaknyga.lt\/\",\"logo\":{\"@type\":\"ImageObject\",\"inLanguage\":\"en-GB\",\"@id\":\"https:\/\/skaitytaknyga.lt\/#\/schema\/logo\/image\/\",\"url\":\"https:\/\/skaitytaknyga.lt\/wp-content\/uploads\/2024\/05\/cropped-cropped-cropped-02_00843_jt3bggkj1j3HLc7SyY6rEUpg.jpeg\",\"contentUrl\":\"https:\/\/skaitytaknyga.lt\/wp-content\/uploads\/2024\/05\/cropped-cropped-cropped-02_00843_jt3bggkj1j3HLc7SyY6rEUpg.jpeg\",\"width\":1600,\"height\":1600,\"caption\":\"skaitytaknyga.lt\"},\"image\":{\"@id\":\"https:\/\/skaitytaknyga.lt\/#\/schema\/logo\/image\/\"},\"sameAs\":[\"https:\/\/www.facebook.com\/skaitytaknyga\/\"]}]}<\/script>\n<!-- \/ Yoast SEO plugin. -->","yoast_head_json":{"title":"Pap\u016bgos teorema","description":"M\u016bs\u0173 laikais nieko nestebina romanai apie filosofij\u0105, religij\u0105, psichologij\u0105 ar net pinigus. Bet detektyvinis romanas apie matematik\u0105 \u2013 visi\u0161k\u0105 prie\u0161ingyb\u0119 literato fantazijai ir alogi\u0161kumui? Kod\u0117l gi ne? \u2013 sako pranc\u016bzas Denis Guedijas ir kvie\u010dia pasibastyti po matematikos pasaul\u012f, kur\u012f pa\u017e\u012fsta kaip savo penkis pir\u0161tus ir myli nebl\u0117stama meile. Jis pasakoja apie 25 atradim\u0173 am\u017eius, keitusius \u0161io mokslo taisykles: Kaip indai (o ne arabai) atrado nul\u012f, kaip anglas Rekordas sugalvojo lygyb\u0117s \u017eenkl\u0105\u2026 O pagrindiniai detektyvo veik\u0117jai \u2013 aukso ie\u0161kotojas ir knygyno savininkas bei pap\u016bga Nofutur. Aukso ie\u0161kotojas \u017e\u016bva, prie\u0161 tai i\u0161siunt\u0119s lai\u0161k\u0105 su ne\u012frodom\u0173 teorem\u0173 \u012frodymais. \u0160i mirtis \u2013 \u017emog\u017eudyst\u0117 ar savi\u017eudyb\u0117? \u201eSmagiai mokytis neb\u0117ra tinginio svajon\u0117 \u2013 T\u0105 galima daryti skaitant \u201ePap\u016bgos teorem\u0105\u201c, \u201eDvigubas malonumas \u2013 skaitai ir mokaisi!\u201c, \u201eGuedjui pavyko sutaikyti matematik\u0105 ir literat\u016br\u0105\u201c, - taip roman\u0105 vertina spauda.","robots":{"index":"index","follow":"follow","max-snippet":"max-snippet:-1","max-image-preview":"max-image-preview:large","max-video-preview":"max-video-preview:-1"},"canonical":"https:\/\/skaitytaknyga.lt\/en\/produktas\/d-guedj-papugos-teorema\/","og_locale":"en_GB","og_type":"article","og_title":"[:lt]Pap\u016bgos teorema[:] - Skaitytaknyga","og_description":"M\u016bs\u0173 laikais nieko nestebina romanai apie filosofij\u0105, religij\u0105, psichologij\u0105 ar net pinigus. Bet detektyvinis romanas apie matematik\u0105 \u2013 visi\u0161k\u0105 prie\u0161ingyb\u0119 literato fantazijai ir alogi\u0161kumui? Kod\u0117l gi ne? \u2013 sako pranc\u016bzas Denis Guedijas ir kvie\u010dia pasibastyti po matematikos pasaul\u012f, kur\u012f pa\u017e\u012fsta kaip savo penkis pir\u0161tus ir myli nebl\u0117stama meile. Jis pasakoja apie 25 atradim\u0173 am\u017eius, keitusius \u0161io mokslo taisykles: Kaip indai (o ne arabai) atrado nul\u012f, kaip anglas Rekordas sugalvojo lygyb\u0117s \u017eenkl\u0105\u2026 O pagrindiniai detektyvo veik\u0117jai \u2013 aukso ie\u0161kotojas ir knygyno savininkas bei pap\u016bga Nofutur. Aukso ie\u0161kotojas \u017e\u016bva, prie\u0161 tai i\u0161siunt\u0119s lai\u0161k\u0105 su ne\u012frodom\u0173 teorem\u0173 \u012frodymais. \u0160i mirtis \u2013 \u017emog\u017eudyst\u0117 ar savi\u017eudyb\u0117? \u201eSmagiai mokytis neb\u0117ra tinginio svajon\u0117 \u2013 T\u0105 galima daryti skaitant \u201ePap\u016bgos teorem\u0105\u201c, \u201eDvigubas malonumas \u2013 skaitai ir mokaisi!\u201c, \u201eGuedjui pavyko sutaikyti matematik\u0105 ir literat\u016br\u0105\u201c, - taip roman\u0105 vertina spauda.","og_url":"https:\/\/skaitytaknyga.lt\/en\/produktas\/d-guedj-papugos-teorema\/","og_site_name":"Skaitytaknyga","article_publisher":"https:\/\/www.facebook.com\/skaitytaknyga\/","article_modified_time":"2025-08-28T11:34:16+00:00","og_image":[{"width":1209,"height":1766,"url":"https:\/\/skaitytaknyga.lt\/wp-content\/uploads\/2024\/04\/wp-16075389002288439824104964145046-scaled-e1607538949486.jpg","type":"image\/jpeg"}],"twitter_card":"summary_large_image","twitter_misc":{"Estimated reading time":"1 minute"},"schema":{"@context":"https:\/\/schema.org","@graph":[{"@type":"WebPage","@id":"https:\/\/skaitytaknyga.lt\/produktas\/d-guedj-papugos-teorema\/","url":"https:\/\/skaitytaknyga.lt\/produktas\/d-guedj-papugos-teorema\/","name":"Pap\u016bgos teorema","isPartOf":{"@id":"https:\/\/skaitytaknyga.lt\/#website"},"primaryImageOfPage":{"@id":"https:\/\/skaitytaknyga.lt\/produktas\/d-guedj-papugos-teorema\/#primaryimage"},"image":{"@id":"https:\/\/skaitytaknyga.lt\/produktas\/d-guedj-papugos-teorema\/#primaryimage"},"thumbnailUrl":"https:\/\/skaitytaknyga.lt\/wp-content\/uploads\/2024\/04\/wp-16075389002288439824104964145046-scaled-e1607538949486.jpg","datePublished":"2024-04-17T13:24:04+00:00","dateModified":"2025-08-28T11:34:16+00:00","description":"M\u016bs\u0173 laikais nieko nestebina romanai apie filosofij\u0105, religij\u0105, psichologij\u0105 ar net pinigus. Bet detektyvinis romanas apie matematik\u0105 \u2013 visi\u0161k\u0105 prie\u0161ingyb\u0119 literato fantazijai ir alogi\u0161kumui? Kod\u0117l gi ne? \u2013 sako pranc\u016bzas Denis Guedijas ir kvie\u010dia pasibastyti po matematikos pasaul\u012f, kur\u012f pa\u017e\u012fsta kaip savo penkis pir\u0161tus ir myli nebl\u0117stama meile. Jis pasakoja apie 25 atradim\u0173 am\u017eius, keitusius \u0161io mokslo taisykles: Kaip indai (o ne arabai) atrado nul\u012f, kaip anglas Rekordas sugalvojo lygyb\u0117s \u017eenkl\u0105\u2026 O pagrindiniai detektyvo veik\u0117jai \u2013 aukso ie\u0161kotojas ir knygyno savininkas bei pap\u016bga Nofutur. Aukso ie\u0161kotojas \u017e\u016bva, prie\u0161 tai i\u0161siunt\u0119s lai\u0161k\u0105 su ne\u012frodom\u0173 teorem\u0173 \u012frodymais. \u0160i mirtis \u2013 \u017emog\u017eudyst\u0117 ar savi\u017eudyb\u0117? \u201eSmagiai mokytis neb\u0117ra tinginio svajon\u0117 \u2013 T\u0105 galima daryti skaitant \u201ePap\u016bgos teorem\u0105\u201c, \u201eDvigubas malonumas \u2013 skaitai ir mokaisi!\u201c, \u201eGuedjui pavyko sutaikyti matematik\u0105 ir literat\u016br\u0105\u201c, - taip roman\u0105 vertina spauda.","breadcrumb":{"@id":"https:\/\/skaitytaknyga.lt\/produktas\/d-guedj-papugos-teorema\/#breadcrumb"},"inLanguage":"en-GB","potentialAction":[{"@type":"ReadAction","target":["https:\/\/skaitytaknyga.lt\/produktas\/d-guedj-papugos-teorema\/"]}]},{"@type":"ImageObject","inLanguage":"en-GB","@id":"https:\/\/skaitytaknyga.lt\/produktas\/d-guedj-papugos-teorema\/#primaryimage","url":"https:\/\/skaitytaknyga.lt\/wp-content\/uploads\/2024\/04\/wp-16075389002288439824104964145046-scaled-e1607538949486.jpg","contentUrl":"https:\/\/skaitytaknyga.lt\/wp-content\/uploads\/2024\/04\/wp-16075389002288439824104964145046-scaled-e1607538949486.jpg","width":1209,"height":1766,"caption":"wp 16075389002288439824104964145046 scaled e1607538949486"},{"@type":"BreadcrumbList","@id":"https:\/\/skaitytaknyga.lt\/produktas\/d-guedj-papugos-teorema\/#breadcrumb","itemListElement":[{"@type":"ListItem","position":1,"name":"Home","item":"https:\/\/skaitytaknyga.lt\/"},{"@type":"ListItem","position":2,"name":"Parduotuv\u0117","item":"https:\/\/skaitytaknyga.lt\/knygu-parduotuve\/"},{"@type":"ListItem","position":3,"name":"Pap\u016bgos teorema"}]},{"@type":"WebSite","@id":"https:\/\/skaitytaknyga.lt\/#website","url":"https:\/\/skaitytaknyga.lt\/","name":"skaitytaknyga.lt","description":"Skaitytaknyga.lt \u2013 tai ma\u017eas \u0161eimos verslas, kuris prasid\u0117jo nuo meil\u0117s knygoms ir siekio i\u0161gelb\u0117ti knygas nuo likimo prie konteinerio. Kas vienam nereikalingas daiktas \u2013 kitam lobis, o mes esame tarpininkai, kurie padeda abiems tapti laimingesniems ???? \u017dinome kaip nelengva i\u0161gyventi ma\u017eiems verslams, tad nuo \u0161iol, \u010dia rasite ir kit\u0173, ma\u017e\u0173 \u0161eim\u0173 versl\u0173, rank\u0173 darbo, dovan\u0173 sau ir artimiesiems.","publisher":{"@id":"https:\/\/skaitytaknyga.lt\/#organization"},"potentialAction":[{"@type":"SearchAction","target":{"@type":"EntryPoint","urlTemplate":"https:\/\/skaitytaknyga.lt\/?s={search_term_string}"},"query-input":{"@type":"PropertyValueSpecification","valueRequired":true,"valueName":"search_term_string"}}],"inLanguage":"en-GB"},{"@type":"Organization","@id":"https:\/\/skaitytaknyga.lt\/#organization","name":"skaitytaknyga.lt","url":"https:\/\/skaitytaknyga.lt\/","logo":{"@type":"ImageObject","inLanguage":"en-GB","@id":"https:\/\/skaitytaknyga.lt\/#\/schema\/logo\/image\/","url":"https:\/\/skaitytaknyga.lt\/wp-content\/uploads\/2024\/05\/cropped-cropped-cropped-02_00843_jt3bggkj1j3HLc7SyY6rEUpg.jpeg","contentUrl":"https:\/\/skaitytaknyga.lt\/wp-content\/uploads\/2024\/05\/cropped-cropped-cropped-02_00843_jt3bggkj1j3HLc7SyY6rEUpg.jpeg","width":1600,"height":1600,"caption":"skaitytaknyga.lt"},"image":{"@id":"https:\/\/skaitytaknyga.lt\/#\/schema\/logo\/image\/"},"sameAs":["https:\/\/www.facebook.com\/skaitytaknyga\/"]}]}},"_links":{"self":[{"href":"https:\/\/skaitytaknyga.lt\/en\/wp-json\/wp\/v2\/product\/3267","targetHints":{"allow":["GET"]}}],"collection":[{"href":"https:\/\/skaitytaknyga.lt\/en\/wp-json\/wp\/v2\/product"}],"about":[{"href":"https:\/\/skaitytaknyga.lt\/en\/wp-json\/wp\/v2\/types\/product"}],"replies":[{"embeddable":true,"href":"https:\/\/skaitytaknyga.lt\/en\/wp-json\/wp\/v2\/comments?post=3267"}],"wp:featuredmedia":[{"embeddable":true,"href":"https:\/\/skaitytaknyga.lt\/en\/wp-json\/wp\/v2\/media\/3313"}],"wp:attachment":[{"href":"https:\/\/skaitytaknyga.lt\/en\/wp-json\/wp\/v2\/media?parent=3267"}],"wp:term":[{"taxonomy":"product_brand","embeddable":true,"href":"https:\/\/skaitytaknyga.lt\/en\/wp-json\/wp\/v2\/product_brand?post=3267"},{"taxonomy":"product_cat","embeddable":true,"href":"https:\/\/skaitytaknyga.lt\/en\/wp-json\/wp\/v2\/product_cat?post=3267"},{"taxonomy":"product_tag","embeddable":true,"href":"https:\/\/skaitytaknyga.lt\/en\/wp-json\/wp\/v2\/product_tag?post=3267"}],"curies":[{"name":"wp","href":"https:\/\/api.w.org\/{rel}","templated":true}]}}