{"id":3246,"date":"2024-04-17T13:23:33","date_gmt":"2024-04-17T13:23:33","guid":{"rendered":"https:\/\/skaitytaknyga.lt\/?post_type=product&#038;p=3246"},"modified":"2024-05-03T07:18:43","modified_gmt":"2024-05-03T07:18:43","slug":"jack-welch-dzekas-tiesiai-is-sirdies","status":"publish","type":"product","link":"https:\/\/skaitytaknyga.lt\/en\/produktas\/jack-welch-dzekas-tiesiai-is-sirdies\/","title":{"rendered":"Jack Welch \u201eD\u017eekas. Tiesiai i\u0161 \u0161irdies\u201c"},"content":{"rendered":"<p>Knyga &#8220;D\u017eekas. Tiesiai i\u0161 \u0161irdies: ko i\u0161mokau vadovaudamas puikiai kompanijai ir puikiems \u017emon\u0117ms&#8221;  &#8211; apie vien\u0105 did\u017eiausi\u0173 ir kompleksi\u0161kiausi\u0173 verslo organizacij\u0173 \u2013 General Electric (GE) \u2013 bei jos legendin\u012f vadov\u0105 D. Vel\u0161\u0105. Vadovaudamas jis padidino kompanijos vert\u0119 400 mlrd. JAV doleri\u0173. Kaltintas d\u0117l pernelyg stiprios orientacijos \u012f trumpalaikius rezultatus, jis \u012frod\u0117, kad suk\u016br\u0117 ilgaam\u017e\u0119 ir vien\u0105 s\u0117kmingiausi\u0173 organizacij\u0173. D\u017eekas \u012frod\u0117, kad jis yra stipri asmenyb\u0117, kuri kryptingai siek\u0117 \u012fgyvendinti savo vizij\u0105 \u2013 ma\u017eos kompanijos dvasia, gyvuojanti didel\u0117s kompanijos k\u016bne. Tikslas, kurio \u012fgyvendinim\u0105 lyd\u0117jo 80 i\u0161 eil\u0117s nuoseklaus augimo ketvi\u010di\u0173.<\/p>\n<p>Jack Welch gim\u0117 1935 metais Pybodyje, Masa\u010dusetso valstijoje, JAV. Jis mok\u0117si Masa\u010dusetso universitete, o chemin\u0117s technologijos daktaro laipsn\u012f \u012fgavo studijuodamas Ilinojaus universitete. General Electric kompanijoje prad\u0117jo dirbti 1961 metais, o 1981-2001 metais buvo jos pirmininkas ir vadovas.<\/p>\n","protected":false},"excerpt":{"rendered":"<p>Knyga &#8220;D\u017eekas. Tiesiai i\u0161 \u0161irdies: ko i\u0161mokau vadovaudamas puikiai kompanijai ir puikiems \u017emon\u0117ms&#8221;  &#8211; apie vien\u0105 did\u017eiausi\u0173 ir kompleksi\u0161kiausi\u0173 verslo organizacij\u0173 \u2013 General Electric (GE) \u2013 bei jos legendin\u012f vadov\u0105 D. Vel\u0161\u0105. Vadovaudamas jis padidino kompanijos vert\u0119 400 mlrd. JAV doleri\u0173. Kaltintas d\u0117l pernelyg stiprios orientacijos \u012f trumpalaikius rezultatus, jis \u012frod\u0117, kad suk\u016br\u0117 ilgaam\u017e\u0119 ir vien\u0105 s\u0117kmingiausi\u0173 organizacij\u0173. D\u017eekas \u012frod\u0117, kad jis yra stipri asmenyb\u0117, kuri kryptingai siek\u0117 \u012fgyvendinti savo vizij\u0105 \u2013 ma\u017eos kompanijos dvasia, gyvuojanti didel\u0117s kompanijos k\u016bne. Tikslas, kurio \u012fgyvendinim\u0105 lyd\u0117jo 80 i\u0161 eil\u0117s nuoseklaus augimo ketvi\u010di\u0173.<\/p>\n<p>Jack Welch gim\u0117 1935 metais Pybodyje, Masa\u010dusetso valstijoje, JAV. Jis mok\u0117si Masa\u010dusetso universitete, o chemin\u0117s technologijos daktaro laipsn\u012f \u012fgavo studijuodamas Ilinojaus universitete. General Electric kompanijoje prad\u0117jo dirbti 1961 metais, o 1981-2001 metais buvo jos pirmininkas ir vadovas.<\/p>\n","protected":false},"featured_media":3301,"comment_status":"closed","ping_status":"closed","template":"","meta":{"_acf_changed":false,"site-sidebar-layout":"default","site-content-layout":"","ast-site-content-layout":"default","site-content-style":"default","site-sidebar-style":"default","ast-global-header-display":"","ast-banner-title-visibility":"","ast-main-header-display":"","ast-hfb-above-header-display":"","ast-hfb-below-header-display":"","ast-hfb-mobile-header-display":"","site-post-title":"","ast-breadcrumbs-content":"","ast-featured-img":"","footer-sml-layout":"","ast-disable-related-posts":"","theme-transparent-header-meta":"","adv-header-id-meta":"","stick-header-meta":"","header-above-stick-meta":"","header-main-stick-meta":"","header-below-stick-meta":"","astra-migrate-meta-layouts":"default","ast-page-background-enabled":"default","ast-page-background-meta":{"desktop":{"background-color":"","background-image":"","background-repeat":"repeat","background-position":"center center","background-size":"auto","background-attachment":"scroll","background-type":"","background-media":"","overlay-type":"","overlay-color":"","overlay-opacity":"","overlay-gradient":""},"tablet":{"background-color":"","background-image":"","background-repeat":"repeat","background-position":"center center","background-size":"auto","background-attachment":"scroll","background-type":"","background-media":"","overlay-type":"","overlay-color":"","overlay-opacity":"","overlay-gradient":""},"mobile":{"background-color":"","background-image":"","background-repeat":"repeat","background-position":"center center","background-size":"auto","background-attachment":"scroll","background-type":"","background-media":"","overlay-type":"","overlay-color":"","overlay-opacity":"","overlay-gradient":""}},"ast-content-background-meta":{"desktop":{"background-color":"var(--ast-global-color-4)","background-image":"","background-repeat":"repeat","background-position":"center center","background-size":"auto","background-attachment":"scroll","background-type":"","background-media":"","overlay-type":"","overlay-color":"","overlay-opacity":"","overlay-gradient":""},"tablet":{"background-color":"var(--ast-global-color-4)","background-image":"","background-repeat":"repeat","background-position":"center center","background-size":"auto","background-attachment":"scroll","background-type":"","background-media":"","overlay-type":"","overlay-color":"","overlay-opacity":"","overlay-gradient":""},"mobile":{"background-color":"var(--ast-global-color-4)","background-image":"","background-repeat":"repeat","background-position":"center center","background-size":"auto","background-attachment":"scroll","background-type":"","background-media":"","overlay-type":"","overlay-color":"","overlay-opacity":"","overlay-gradient":""}}},"product_brand":[],"product_cat":[26],"product_tag":[],"class_list":{"0":"post-3246","1":"product","2":"type-product","3":"status-publish","4":"has-post-thumbnail","6":"product_cat-verslas-vadyba-ir-finansai","7":"desktop-align-left","8":"tablet-align-left","9":"mobile-align-left","11":"first","12":"instock","13":"shipping-taxable","14":"purchasable","15":"product-type-simple"},"acf":[],"yoast_head":"<!-- This site is optimized with the Yoast SEO plugin v27.0 - https:\/\/yoast.com\/product\/yoast-seo-wordpress\/ -->\n<title>Jack Welch \u201eD\u017eekas. Tiesiai i\u0161 \u0161irdies\u201c - Skaitytaknyga<\/title>\n<meta name=\"description\" content=\"Knyga &quot;D\u017eekas. Tiesiai i\u0161 \u0161irdies: ko i\u0161mokau vadovaudamas puikiai kompanijai ir puikiems \u017emon\u0117ms&quot; - apie vien\u0105 did\u017eiausi\u0173 ir kompleksi\u0161kiausi\u0173 verslo organizacij\u0173 \u2013 General Electric (GE) \u2013 bei jos legendin\u012f vadov\u0105 D. Vel\u0161\u0105. Vadovaudamas jis padidino kompanijos vert\u0119 400 mlrd. JAV doleri\u0173. Kaltintas d\u0117l pernelyg stiprios orientacijos \u012f trumpalaikius rezultatus, jis \u012frod\u0117, kad suk\u016br\u0117 ilgaam\u017e\u0119 ir vien\u0105 s\u0117kmingiausi\u0173 organizacij\u0173. D\u017eekas \u012frod\u0117, kad jis yra stipri asmenyb\u0117, kuri kryptingai siek\u0117 \u012fgyvendinti savo vizij\u0105 \u2013 ma\u017eos kompanijos dvasia, gyvuojanti didel\u0117s kompanijos k\u016bne. Tikslas, kurio \u012fgyvendinim\u0105 lyd\u0117jo 80 i\u0161 eil\u0117s nuoseklaus augimo ketvi\u010di\u0173.  Jack Welch gim\u0117 1935 metais Pybodyje, Masa\u010dusetso valstijoje, JAV. Jis mok\u0117si Masa\u010dusetso universitete, o chemin\u0117s technologijos daktaro laipsn\u012f \u012fgavo studijuodamas Ilinojaus universitete. General Electric kompanijoje prad\u0117jo dirbti 1961 metais, o 1981-2001 metais buvo jos pirmininkas ir vadovas.\" \/>\n<meta name=\"robots\" content=\"index, follow, max-snippet:-1, max-image-preview:large, max-video-preview:-1\" \/>\n<link rel=\"canonical\" href=\"https:\/\/skaitytaknyga.lt\/en\/produktas\/jack-welch-dzekas-tiesiai-is-sirdies\/\" \/>\n<meta property=\"og:locale\" content=\"en_GB\" \/>\n<meta property=\"og:locale:alternate\" content=\"lt_LT\" \/>\n<meta property=\"og:type\" content=\"article\" \/>\n<meta property=\"og:title\" content=\"Jack Welch \u201eD\u017eekas. Tiesiai i\u0161 \u0161irdies\u201c - Skaitytaknyga\" \/>\n<meta property=\"og:description\" content=\"Knyga &quot;D\u017eekas. Tiesiai i\u0161 \u0161irdies: ko i\u0161mokau vadovaudamas puikiai kompanijai ir puikiems \u017emon\u0117ms&quot; - apie vien\u0105 did\u017eiausi\u0173 ir kompleksi\u0161kiausi\u0173 verslo organizacij\u0173 \u2013 General Electric (GE) \u2013 bei jos legendin\u012f vadov\u0105 D. Vel\u0161\u0105. Vadovaudamas jis padidino kompanijos vert\u0119 400 mlrd. JAV doleri\u0173. Kaltintas d\u0117l pernelyg stiprios orientacijos \u012f trumpalaikius rezultatus, jis \u012frod\u0117, kad suk\u016br\u0117 ilgaam\u017e\u0119 ir vien\u0105 s\u0117kmingiausi\u0173 organizacij\u0173. D\u017eekas \u012frod\u0117, kad jis yra stipri asmenyb\u0117, kuri kryptingai siek\u0117 \u012fgyvendinti savo vizij\u0105 \u2013 ma\u017eos kompanijos dvasia, gyvuojanti didel\u0117s kompanijos k\u016bne. Tikslas, kurio \u012fgyvendinim\u0105 lyd\u0117jo 80 i\u0161 eil\u0117s nuoseklaus augimo ketvi\u010di\u0173.  Jack Welch gim\u0117 1935 metais Pybodyje, Masa\u010dusetso valstijoje, JAV. Jis mok\u0117si Masa\u010dusetso universitete, o chemin\u0117s technologijos daktaro laipsn\u012f \u012fgavo studijuodamas Ilinojaus universitete. General Electric kompanijoje prad\u0117jo dirbti 1961 metais, o 1981-2001 metais buvo jos pirmininkas ir vadovas.\" \/>\n<meta property=\"og:url\" content=\"https:\/\/skaitytaknyga.lt\/en\/produktas\/jack-welch-dzekas-tiesiai-is-sirdies\/\" \/>\n<meta property=\"og:site_name\" content=\"Skaitytaknyga\" \/>\n<meta property=\"article:publisher\" content=\"https:\/\/www.facebook.com\/skaitytaknyga\/\" \/>\n<meta property=\"article:modified_time\" content=\"2024-05-03T07:18:43+00:00\" \/>\n<meta property=\"og:image\" content=\"https:\/\/skaitytaknyga.lt\/wp-content\/uploads\/2024\/04\/dzekas-tiesiai-is-sirdies.jpg\" \/>\n\t<meta property=\"og:image:width\" content=\"600\" \/>\n\t<meta property=\"og:image:height\" content=\"887\" \/>\n\t<meta property=\"og:image:type\" content=\"image\/jpeg\" \/>\n<meta name=\"twitter:card\" content=\"summary_large_image\" \/>\n<meta name=\"twitter:label1\" content=\"Estimated reading time\" \/>\n\t<meta name=\"twitter:data1\" content=\"1 minute\" \/>\n<script type=\"application\/ld+json\" class=\"yoast-schema-graph\">{\"@context\":\"https:\/\/schema.org\",\"@graph\":[{\"@type\":\"WebPage\",\"@id\":\"https:\/\/skaitytaknyga.lt\/produktas\/jack-welch-dzekas-tiesiai-is-sirdies\/\",\"url\":\"https:\/\/skaitytaknyga.lt\/produktas\/jack-welch-dzekas-tiesiai-is-sirdies\/\",\"name\":\"Jack Welch \u201eD\u017eekas. Tiesiai i\u0161 \u0161irdies\u201c - Skaitytaknyga\",\"isPartOf\":{\"@id\":\"https:\/\/skaitytaknyga.lt\/#website\"},\"primaryImageOfPage\":{\"@id\":\"https:\/\/skaitytaknyga.lt\/produktas\/jack-welch-dzekas-tiesiai-is-sirdies\/#primaryimage\"},\"image\":{\"@id\":\"https:\/\/skaitytaknyga.lt\/produktas\/jack-welch-dzekas-tiesiai-is-sirdies\/#primaryimage\"},\"thumbnailUrl\":\"https:\/\/skaitytaknyga.lt\/wp-content\/uploads\/2024\/04\/dzekas-tiesiai-is-sirdies.jpg\",\"datePublished\":\"2024-04-17T13:23:33+00:00\",\"dateModified\":\"2024-05-03T07:18:43+00:00\",\"description\":\"Knyga \\\"D\u017eekas. Tiesiai i\u0161 \u0161irdies: ko i\u0161mokau vadovaudamas puikiai kompanijai ir puikiems \u017emon\u0117ms\\\" - apie vien\u0105 did\u017eiausi\u0173 ir kompleksi\u0161kiausi\u0173 verslo organizacij\u0173 \u2013 General Electric (GE) \u2013 bei jos legendin\u012f vadov\u0105 D. Vel\u0161\u0105. Vadovaudamas jis padidino kompanijos vert\u0119 400 mlrd. JAV doleri\u0173. Kaltintas d\u0117l pernelyg stiprios orientacijos \u012f trumpalaikius rezultatus, jis \u012frod\u0117, kad suk\u016br\u0117 ilgaam\u017e\u0119 ir vien\u0105 s\u0117kmingiausi\u0173 organizacij\u0173. D\u017eekas \u012frod\u0117, kad jis yra stipri asmenyb\u0117, kuri kryptingai siek\u0117 \u012fgyvendinti savo vizij\u0105 \u2013 ma\u017eos kompanijos dvasia, gyvuojanti didel\u0117s kompanijos k\u016bne. Tikslas, kurio \u012fgyvendinim\u0105 lyd\u0117jo 80 i\u0161 eil\u0117s nuoseklaus augimo ketvi\u010di\u0173. Jack Welch gim\u0117 1935 metais Pybodyje, Masa\u010dusetso valstijoje, JAV. Jis mok\u0117si Masa\u010dusetso universitete, o chemin\u0117s technologijos daktaro laipsn\u012f \u012fgavo studijuodamas Ilinojaus universitete. General Electric kompanijoje prad\u0117jo dirbti 1961 metais, o 1981-2001 metais buvo jos pirmininkas ir vadovas.\",\"breadcrumb\":{\"@id\":\"https:\/\/skaitytaknyga.lt\/produktas\/jack-welch-dzekas-tiesiai-is-sirdies\/#breadcrumb\"},\"inLanguage\":\"en-GB\",\"potentialAction\":[{\"@type\":\"ReadAction\",\"target\":[\"https:\/\/skaitytaknyga.lt\/produktas\/jack-welch-dzekas-tiesiai-is-sirdies\/\"]}]},{\"@type\":\"ImageObject\",\"inLanguage\":\"en-GB\",\"@id\":\"https:\/\/skaitytaknyga.lt\/produktas\/jack-welch-dzekas-tiesiai-is-sirdies\/#primaryimage\",\"url\":\"https:\/\/skaitytaknyga.lt\/wp-content\/uploads\/2024\/04\/dzekas-tiesiai-is-sirdies.jpg\",\"contentUrl\":\"https:\/\/skaitytaknyga.lt\/wp-content\/uploads\/2024\/04\/dzekas-tiesiai-is-sirdies.jpg\",\"width\":600,\"height\":887,\"caption\":\"dzekas tiesiai is sirdies\"},{\"@type\":\"BreadcrumbList\",\"@id\":\"https:\/\/skaitytaknyga.lt\/produktas\/jack-welch-dzekas-tiesiai-is-sirdies\/#breadcrumb\",\"itemListElement\":[{\"@type\":\"ListItem\",\"position\":1,\"name\":\"Home\",\"item\":\"https:\/\/skaitytaknyga.lt\/\"},{\"@type\":\"ListItem\",\"position\":2,\"name\":\"Parduotuv\u0117\",\"item\":\"https:\/\/skaitytaknyga.lt\/knygu-parduotuve\/\"},{\"@type\":\"ListItem\",\"position\":3,\"name\":\"Jack Welch \u201eD\u017eekas. Tiesiai i\u0161 \u0161irdies\u201c\"}]},{\"@type\":\"WebSite\",\"@id\":\"https:\/\/skaitytaknyga.lt\/#website\",\"url\":\"https:\/\/skaitytaknyga.lt\/\",\"name\":\"skaitytaknyga.lt\",\"description\":\"Skaitytaknyga.lt \u2013 tai ma\u017eas \u0161eimos verslas, kuris prasid\u0117jo nuo meil\u0117s knygoms ir siekio i\u0161gelb\u0117ti knygas nuo likimo prie konteinerio. Kas vienam nereikalingas daiktas \u2013 kitam lobis, o mes esame tarpininkai, kurie padeda abiems tapti laimingesniems ???? \u017dinome kaip nelengva i\u0161gyventi ma\u017eiems verslams, tad nuo \u0161iol, \u010dia rasite ir kit\u0173, ma\u017e\u0173 \u0161eim\u0173 versl\u0173, rank\u0173 darbo, dovan\u0173 sau ir artimiesiems.\",\"publisher\":{\"@id\":\"https:\/\/skaitytaknyga.lt\/#organization\"},\"potentialAction\":[{\"@type\":\"SearchAction\",\"target\":{\"@type\":\"EntryPoint\",\"urlTemplate\":\"https:\/\/skaitytaknyga.lt\/?s={search_term_string}\"},\"query-input\":{\"@type\":\"PropertyValueSpecification\",\"valueRequired\":true,\"valueName\":\"search_term_string\"}}],\"inLanguage\":\"en-GB\"},{\"@type\":\"Organization\",\"@id\":\"https:\/\/skaitytaknyga.lt\/#organization\",\"name\":\"skaitytaknyga.lt\",\"url\":\"https:\/\/skaitytaknyga.lt\/\",\"logo\":{\"@type\":\"ImageObject\",\"inLanguage\":\"en-GB\",\"@id\":\"https:\/\/skaitytaknyga.lt\/#\/schema\/logo\/image\/\",\"url\":\"https:\/\/skaitytaknyga.lt\/wp-content\/uploads\/2024\/05\/cropped-cropped-cropped-02_00843_jt3bggkj1j3HLc7SyY6rEUpg.jpeg\",\"contentUrl\":\"https:\/\/skaitytaknyga.lt\/wp-content\/uploads\/2024\/05\/cropped-cropped-cropped-02_00843_jt3bggkj1j3HLc7SyY6rEUpg.jpeg\",\"width\":1600,\"height\":1600,\"caption\":\"skaitytaknyga.lt\"},\"image\":{\"@id\":\"https:\/\/skaitytaknyga.lt\/#\/schema\/logo\/image\/\"},\"sameAs\":[\"https:\/\/www.facebook.com\/skaitytaknyga\/\"]}]}<\/script>\n<!-- \/ Yoast SEO plugin. -->","yoast_head_json":{"title":"Jack Welch \u201eD\u017eekas. Tiesiai i\u0161 \u0161irdies\u201c - Skaitytaknyga","description":"Knyga \"D\u017eekas. Tiesiai i\u0161 \u0161irdies: ko i\u0161mokau vadovaudamas puikiai kompanijai ir puikiems \u017emon\u0117ms\" - apie vien\u0105 did\u017eiausi\u0173 ir kompleksi\u0161kiausi\u0173 verslo organizacij\u0173 \u2013 General Electric (GE) \u2013 bei jos legendin\u012f vadov\u0105 D. Vel\u0161\u0105. Vadovaudamas jis padidino kompanijos vert\u0119 400 mlrd. JAV doleri\u0173. Kaltintas d\u0117l pernelyg stiprios orientacijos \u012f trumpalaikius rezultatus, jis \u012frod\u0117, kad suk\u016br\u0117 ilgaam\u017e\u0119 ir vien\u0105 s\u0117kmingiausi\u0173 organizacij\u0173. D\u017eekas \u012frod\u0117, kad jis yra stipri asmenyb\u0117, kuri kryptingai siek\u0117 \u012fgyvendinti savo vizij\u0105 \u2013 ma\u017eos kompanijos dvasia, gyvuojanti didel\u0117s kompanijos k\u016bne. Tikslas, kurio \u012fgyvendinim\u0105 lyd\u0117jo 80 i\u0161 eil\u0117s nuoseklaus augimo ketvi\u010di\u0173.  Jack Welch gim\u0117 1935 metais Pybodyje, Masa\u010dusetso valstijoje, JAV. Jis mok\u0117si Masa\u010dusetso universitete, o chemin\u0117s technologijos daktaro laipsn\u012f \u012fgavo studijuodamas Ilinojaus universitete. General Electric kompanijoje prad\u0117jo dirbti 1961 metais, o 1981-2001 metais buvo jos pirmininkas ir vadovas.","robots":{"index":"index","follow":"follow","max-snippet":"max-snippet:-1","max-image-preview":"max-image-preview:large","max-video-preview":"max-video-preview:-1"},"canonical":"https:\/\/skaitytaknyga.lt\/en\/produktas\/jack-welch-dzekas-tiesiai-is-sirdies\/","og_locale":"en_GB","og_type":"article","og_title":"Jack Welch \u201eD\u017eekas. Tiesiai i\u0161 \u0161irdies\u201c - Skaitytaknyga","og_description":"Knyga \"D\u017eekas. Tiesiai i\u0161 \u0161irdies: ko i\u0161mokau vadovaudamas puikiai kompanijai ir puikiems \u017emon\u0117ms\" - apie vien\u0105 did\u017eiausi\u0173 ir kompleksi\u0161kiausi\u0173 verslo organizacij\u0173 \u2013 General Electric (GE) \u2013 bei jos legendin\u012f vadov\u0105 D. Vel\u0161\u0105. Vadovaudamas jis padidino kompanijos vert\u0119 400 mlrd. JAV doleri\u0173. Kaltintas d\u0117l pernelyg stiprios orientacijos \u012f trumpalaikius rezultatus, jis \u012frod\u0117, kad suk\u016br\u0117 ilgaam\u017e\u0119 ir vien\u0105 s\u0117kmingiausi\u0173 organizacij\u0173. D\u017eekas \u012frod\u0117, kad jis yra stipri asmenyb\u0117, kuri kryptingai siek\u0117 \u012fgyvendinti savo vizij\u0105 \u2013 ma\u017eos kompanijos dvasia, gyvuojanti didel\u0117s kompanijos k\u016bne. Tikslas, kurio \u012fgyvendinim\u0105 lyd\u0117jo 80 i\u0161 eil\u0117s nuoseklaus augimo ketvi\u010di\u0173.  Jack Welch gim\u0117 1935 metais Pybodyje, Masa\u010dusetso valstijoje, JAV. Jis mok\u0117si Masa\u010dusetso universitete, o chemin\u0117s technologijos daktaro laipsn\u012f \u012fgavo studijuodamas Ilinojaus universitete. General Electric kompanijoje prad\u0117jo dirbti 1961 metais, o 1981-2001 metais buvo jos pirmininkas ir vadovas.","og_url":"https:\/\/skaitytaknyga.lt\/en\/produktas\/jack-welch-dzekas-tiesiai-is-sirdies\/","og_site_name":"Skaitytaknyga","article_publisher":"https:\/\/www.facebook.com\/skaitytaknyga\/","article_modified_time":"2024-05-03T07:18:43+00:00","og_image":[{"width":600,"height":887,"url":"https:\/\/skaitytaknyga.lt\/wp-content\/uploads\/2024\/04\/dzekas-tiesiai-is-sirdies.jpg","type":"image\/jpeg"}],"twitter_card":"summary_large_image","twitter_misc":{"Estimated reading time":"1 minute"},"schema":{"@context":"https:\/\/schema.org","@graph":[{"@type":"WebPage","@id":"https:\/\/skaitytaknyga.lt\/produktas\/jack-welch-dzekas-tiesiai-is-sirdies\/","url":"https:\/\/skaitytaknyga.lt\/produktas\/jack-welch-dzekas-tiesiai-is-sirdies\/","name":"Jack Welch \u201eD\u017eekas. Tiesiai i\u0161 \u0161irdies\u201c - Skaitytaknyga","isPartOf":{"@id":"https:\/\/skaitytaknyga.lt\/#website"},"primaryImageOfPage":{"@id":"https:\/\/skaitytaknyga.lt\/produktas\/jack-welch-dzekas-tiesiai-is-sirdies\/#primaryimage"},"image":{"@id":"https:\/\/skaitytaknyga.lt\/produktas\/jack-welch-dzekas-tiesiai-is-sirdies\/#primaryimage"},"thumbnailUrl":"https:\/\/skaitytaknyga.lt\/wp-content\/uploads\/2024\/04\/dzekas-tiesiai-is-sirdies.jpg","datePublished":"2024-04-17T13:23:33+00:00","dateModified":"2024-05-03T07:18:43+00:00","description":"Knyga \"D\u017eekas. Tiesiai i\u0161 \u0161irdies: ko i\u0161mokau vadovaudamas puikiai kompanijai ir puikiems \u017emon\u0117ms\" - apie vien\u0105 did\u017eiausi\u0173 ir kompleksi\u0161kiausi\u0173 verslo organizacij\u0173 \u2013 General Electric (GE) \u2013 bei jos legendin\u012f vadov\u0105 D. Vel\u0161\u0105. Vadovaudamas jis padidino kompanijos vert\u0119 400 mlrd. JAV doleri\u0173. Kaltintas d\u0117l pernelyg stiprios orientacijos \u012f trumpalaikius rezultatus, jis \u012frod\u0117, kad suk\u016br\u0117 ilgaam\u017e\u0119 ir vien\u0105 s\u0117kmingiausi\u0173 organizacij\u0173. D\u017eekas \u012frod\u0117, kad jis yra stipri asmenyb\u0117, kuri kryptingai siek\u0117 \u012fgyvendinti savo vizij\u0105 \u2013 ma\u017eos kompanijos dvasia, gyvuojanti didel\u0117s kompanijos k\u016bne. Tikslas, kurio \u012fgyvendinim\u0105 lyd\u0117jo 80 i\u0161 eil\u0117s nuoseklaus augimo ketvi\u010di\u0173. Jack Welch gim\u0117 1935 metais Pybodyje, Masa\u010dusetso valstijoje, JAV. Jis mok\u0117si Masa\u010dusetso universitete, o chemin\u0117s technologijos daktaro laipsn\u012f \u012fgavo studijuodamas Ilinojaus universitete. General Electric kompanijoje prad\u0117jo dirbti 1961 metais, o 1981-2001 metais buvo jos pirmininkas ir vadovas.","breadcrumb":{"@id":"https:\/\/skaitytaknyga.lt\/produktas\/jack-welch-dzekas-tiesiai-is-sirdies\/#breadcrumb"},"inLanguage":"en-GB","potentialAction":[{"@type":"ReadAction","target":["https:\/\/skaitytaknyga.lt\/produktas\/jack-welch-dzekas-tiesiai-is-sirdies\/"]}]},{"@type":"ImageObject","inLanguage":"en-GB","@id":"https:\/\/skaitytaknyga.lt\/produktas\/jack-welch-dzekas-tiesiai-is-sirdies\/#primaryimage","url":"https:\/\/skaitytaknyga.lt\/wp-content\/uploads\/2024\/04\/dzekas-tiesiai-is-sirdies.jpg","contentUrl":"https:\/\/skaitytaknyga.lt\/wp-content\/uploads\/2024\/04\/dzekas-tiesiai-is-sirdies.jpg","width":600,"height":887,"caption":"dzekas tiesiai is sirdies"},{"@type":"BreadcrumbList","@id":"https:\/\/skaitytaknyga.lt\/produktas\/jack-welch-dzekas-tiesiai-is-sirdies\/#breadcrumb","itemListElement":[{"@type":"ListItem","position":1,"name":"Home","item":"https:\/\/skaitytaknyga.lt\/"},{"@type":"ListItem","position":2,"name":"Parduotuv\u0117","item":"https:\/\/skaitytaknyga.lt\/knygu-parduotuve\/"},{"@type":"ListItem","position":3,"name":"Jack Welch \u201eD\u017eekas. Tiesiai i\u0161 \u0161irdies\u201c"}]},{"@type":"WebSite","@id":"https:\/\/skaitytaknyga.lt\/#website","url":"https:\/\/skaitytaknyga.lt\/","name":"skaitytaknyga.lt","description":"Skaitytaknyga.lt \u2013 tai ma\u017eas \u0161eimos verslas, kuris prasid\u0117jo nuo meil\u0117s knygoms ir siekio i\u0161gelb\u0117ti knygas nuo likimo prie konteinerio. Kas vienam nereikalingas daiktas \u2013 kitam lobis, o mes esame tarpininkai, kurie padeda abiems tapti laimingesniems ???? \u017dinome kaip nelengva i\u0161gyventi ma\u017eiems verslams, tad nuo \u0161iol, \u010dia rasite ir kit\u0173, ma\u017e\u0173 \u0161eim\u0173 versl\u0173, rank\u0173 darbo, dovan\u0173 sau ir artimiesiems.","publisher":{"@id":"https:\/\/skaitytaknyga.lt\/#organization"},"potentialAction":[{"@type":"SearchAction","target":{"@type":"EntryPoint","urlTemplate":"https:\/\/skaitytaknyga.lt\/?s={search_term_string}"},"query-input":{"@type":"PropertyValueSpecification","valueRequired":true,"valueName":"search_term_string"}}],"inLanguage":"en-GB"},{"@type":"Organization","@id":"https:\/\/skaitytaknyga.lt\/#organization","name":"skaitytaknyga.lt","url":"https:\/\/skaitytaknyga.lt\/","logo":{"@type":"ImageObject","inLanguage":"en-GB","@id":"https:\/\/skaitytaknyga.lt\/#\/schema\/logo\/image\/","url":"https:\/\/skaitytaknyga.lt\/wp-content\/uploads\/2024\/05\/cropped-cropped-cropped-02_00843_jt3bggkj1j3HLc7SyY6rEUpg.jpeg","contentUrl":"https:\/\/skaitytaknyga.lt\/wp-content\/uploads\/2024\/05\/cropped-cropped-cropped-02_00843_jt3bggkj1j3HLc7SyY6rEUpg.jpeg","width":1600,"height":1600,"caption":"skaitytaknyga.lt"},"image":{"@id":"https:\/\/skaitytaknyga.lt\/#\/schema\/logo\/image\/"},"sameAs":["https:\/\/www.facebook.com\/skaitytaknyga\/"]}]}},"_links":{"self":[{"href":"https:\/\/skaitytaknyga.lt\/en\/wp-json\/wp\/v2\/product\/3246","targetHints":{"allow":["GET"]}}],"collection":[{"href":"https:\/\/skaitytaknyga.lt\/en\/wp-json\/wp\/v2\/product"}],"about":[{"href":"https:\/\/skaitytaknyga.lt\/en\/wp-json\/wp\/v2\/types\/product"}],"replies":[{"embeddable":true,"href":"https:\/\/skaitytaknyga.lt\/en\/wp-json\/wp\/v2\/comments?post=3246"}],"wp:featuredmedia":[{"embeddable":true,"href":"https:\/\/skaitytaknyga.lt\/en\/wp-json\/wp\/v2\/media\/3301"}],"wp:attachment":[{"href":"https:\/\/skaitytaknyga.lt\/en\/wp-json\/wp\/v2\/media?parent=3246"}],"wp:term":[{"taxonomy":"product_brand","embeddable":true,"href":"https:\/\/skaitytaknyga.lt\/en\/wp-json\/wp\/v2\/product_brand?post=3246"},{"taxonomy":"product_cat","embeddable":true,"href":"https:\/\/skaitytaknyga.lt\/en\/wp-json\/wp\/v2\/product_cat?post=3246"},{"taxonomy":"product_tag","embeddable":true,"href":"https:\/\/skaitytaknyga.lt\/en\/wp-json\/wp\/v2\/product_tag?post=3246"}],"curies":[{"name":"wp","href":"https:\/\/api.w.org\/{rel}","templated":true}]}}