{"id":3214,"date":"2024-04-17T16:23:07","date_gmt":"2024-04-17T13:23:07","guid":{"rendered":"https:\/\/skaitytaknyga.lt\/?post_type=product&#038;p=3214"},"modified":"2026-04-16T21:24:11","modified_gmt":"2026-04-16T18:24:11","slug":"homeras-iliada-2","status":"publish","type":"product","link":"https:\/\/skaitytaknyga.lt\/en\/produktas\/homeras-iliada-2\/","title":{"rendered":"Homeras &#8220;Iliada&#8221; (patams\u0117j\u0119a vir\u0161us)"},"content":{"rendered":"<p>\u0160is epas &#8211; vienas i\u0161 seniausi\u0173 antikin\u0117s Graikijos kult\u016bros paminkl\u0173, sukurtas IX-VIII a. pr. Kr. legendinio dainiaus Homero. Epo veiksm\u0105 sudaro karo tarp graik\u0173 achaj\u0173 ir Trojos gyventoj\u0173 epizodas. Jame daug k\u0105 nulemia Achilo gin\u010das su achaj\u0173 vadu Agamenonu, at\u0117musiu gra\u017ei\u0105j\u0105 belaisv\u0119 Briseid\u0119.<\/p>\n<p>\u038c\u03bc\u03b7\u03c1\u03bf\u03c2 &#8211; Iliada \/ Homeras<br \/>\nVaga<br \/>\n1981<br \/>\n413 p.,<\/p>\n","protected":false},"excerpt":{"rendered":"<p>\u0160is epas &#8211; vienas i\u0161 seniausi\u0173 antikin\u0117s Graikijos kult\u016bros paminkl\u0173, sukurtas IX-VIII a. pr. Kr. legendinio dainiaus Homero. Epo veiksm\u0105 sudaro karo tarp graik\u0173 achaj\u0173 ir Trojos gyventoj\u0173 epizodas. Jame daug k\u0105 nulemia Achilo gin\u010das su achaj\u0173 vadu Agamenonu, at\u0117musiu gra\u017ei\u0105j\u0105 belaisv\u0119 Briseid\u0119. \u038c\u03bc\u03b7\u03c1\u03bf\u03c2 &#8211; Iliada \/ Homeras Vaga 1981 413 p.,<\/p>\n","protected":false},"featured_media":3258,"comment_status":"closed","ping_status":"closed","template":"","meta":{"_acf_changed":false,"site-sidebar-layout":"default","site-content-layout":"","ast-site-content-layout":"default","site-content-style":"default","site-sidebar-style":"default","ast-global-header-display":"","ast-banner-title-visibility":"","ast-main-header-display":"","ast-hfb-above-header-display":"","ast-hfb-below-header-display":"","ast-hfb-mobile-header-display":"","site-post-title":"","ast-breadcrumbs-content":"","ast-featured-img":"","footer-sml-layout":"","ast-disable-related-posts":"","theme-transparent-header-meta":"default","adv-header-id-meta":"","stick-header-meta":"","header-above-stick-meta":"","header-main-stick-meta":"","header-below-stick-meta":"","astra-migrate-meta-layouts":"set","ast-page-background-enabled":"default","ast-page-background-meta":{"desktop":{"background-color":"","background-image":"","background-repeat":"repeat","background-position":"center center","background-size":"auto","background-attachment":"scroll","background-type":"","background-media":"","overlay-type":"","overlay-color":"","overlay-opacity":"","overlay-gradient":""},"tablet":{"background-color":"","background-image":"","background-repeat":"repeat","background-position":"center center","background-size":"auto","background-attachment":"scroll","background-type":"","background-media":"","overlay-type":"","overlay-color":"","overlay-opacity":"","overlay-gradient":""},"mobile":{"background-color":"","background-image":"","background-repeat":"repeat","background-position":"center center","background-size":"auto","background-attachment":"scroll","background-type":"","background-media":"","overlay-type":"","overlay-color":"","overlay-opacity":"","overlay-gradient":""}},"ast-content-background-meta":{"desktop":{"background-color":"var(--ast-global-color-4)","background-image":"","background-repeat":"repeat","background-position":"center center","background-size":"auto","background-attachment":"scroll","background-type":"","background-media":"","overlay-type":"","overlay-color":"","overlay-opacity":"","overlay-gradient":""},"tablet":{"background-color":"var(--ast-global-color-4)","background-image":"","background-repeat":"repeat","background-position":"center center","background-size":"auto","background-attachment":"scroll","background-type":"","background-media":"","overlay-type":"","overlay-color":"","overlay-opacity":"","overlay-gradient":""},"mobile":{"background-color":"var(--ast-global-color-4)","background-image":"","background-repeat":"repeat","background-position":"center center","background-size":"auto","background-attachment":"scroll","background-type":"","background-media":"","overlay-type":"","overlay-color":"","overlay-opacity":"","overlay-gradient":""}}},"product_brand":[],"product_cat":[331,35],"product_tag":[1439,1435,1432,1434,1436,1437,1438],"class_list":{"0":"post-3214","1":"product","2":"type-product","3":"status-publish","4":"has-post-thumbnail","6":"product_cat-programine-literatura","7":"product_cat-vaikams-ir-paaugliams","8":"product_tag-antikine-literatura","9":"product_tag-graiku-epas","10":"product_tag-homeras","11":"product_tag-iliada","12":"product_tag-karo-epas","13":"product_tag-klasika","14":"product_tag-trojos-karas","15":"desktop-align-left","16":"tablet-align-left","17":"mobile-align-left","19":"first","20":"outofstock","21":"shipping-taxable","22":"purchasable","23":"product-type-simple"},"acf":[],"yoast_head":"<!-- This site is optimized with the Yoast SEO plugin v27.0 - https:\/\/yoast.com\/product\/yoast-seo-wordpress\/ -->\n<title>Homeras &quot;Iliada&quot; (patams\u0117j\u0119a vir\u0161us)<\/title>\n<meta name=\"description\" content=\"\u0160is epas - vienas i\u0161 seniausi\u0173 antikin\u0117s Graikijos kult\u016bros paminkl\u0173, sukurtas IX-VIII a. pr. Kr. legendinio dainiaus Homero. Epo veiksm\u0105 sudaro karo tarp\" \/>\n<meta name=\"robots\" content=\"index, follow, max-snippet:-1, max-image-preview:large, max-video-preview:-1\" \/>\n<link rel=\"canonical\" href=\"https:\/\/skaitytaknyga.lt\/en\/produktas\/homeras-iliada-2\/\" \/>\n<meta property=\"og:locale\" content=\"en_GB\" \/>\n<meta property=\"og:locale:alternate\" content=\"lt_LT\" \/>\n<meta property=\"og:type\" content=\"article\" \/>\n<meta property=\"og:title\" content=\"Homeras &quot;Iliada&quot; (patams\u0117j\u0119a vir\u0161us)\" \/>\n<meta property=\"og:description\" content=\"\u0160is epas - vienas i\u0161 seniausi\u0173 antikin\u0117s Graikijos kult\u016bros paminkl\u0173, sukurtas IX-VIII a. pr. Kr. legendinio dainiaus Homero. Epo veiksm\u0105 sudaro karo tarp\" \/>\n<meta property=\"og:url\" content=\"https:\/\/skaitytaknyga.lt\/en\/produktas\/homeras-iliada-2\/\" \/>\n<meta property=\"og:site_name\" content=\"Skaitytaknyga\" \/>\n<meta property=\"article:publisher\" content=\"https:\/\/www.facebook.com\/skaitytaknyga\/\" \/>\n<meta property=\"article:modified_time\" content=\"2026-04-16T18:24:11+00:00\" \/>\n<meta property=\"og:image\" content=\"https:\/\/skaitytaknyga.lt\/wp-content\/uploads\/2024\/04\/01_01599_DJrAzfnKV1nwJzXuAPXWapEb.jpeg\" \/>\n\t<meta property=\"og:image:width\" content=\"600\" \/>\n\t<meta property=\"og:image:height\" content=\"800\" \/>\n\t<meta property=\"og:image:type\" content=\"image\/jpeg\" \/>\n<meta name=\"twitter:card\" content=\"summary_large_image\" \/>\n<meta name=\"twitter:label1\" content=\"Estimated reading time\" \/>\n\t<meta name=\"twitter:data1\" content=\"1 minute\" \/>\n<script type=\"application\/ld+json\" class=\"yoast-schema-graph\">{\"@context\":\"https:\/\/schema.org\",\"@graph\":[{\"@type\":\"WebPage\",\"@id\":\"https:\/\/skaitytaknyga.lt\/produktas\/homeras-iliada-2\/\",\"url\":\"https:\/\/skaitytaknyga.lt\/produktas\/homeras-iliada-2\/\",\"name\":\"Homeras \\\"Iliada\\\" (patams\u0117j\u0119a vir\u0161us)\",\"isPartOf\":{\"@id\":\"https:\/\/skaitytaknyga.lt\/#website\"},\"primaryImageOfPage\":{\"@id\":\"https:\/\/skaitytaknyga.lt\/produktas\/homeras-iliada-2\/#primaryimage\"},\"image\":{\"@id\":\"https:\/\/skaitytaknyga.lt\/produktas\/homeras-iliada-2\/#primaryimage\"},\"thumbnailUrl\":\"https:\/\/skaitytaknyga.lt\/wp-content\/uploads\/2024\/04\/01_01599_DJrAzfnKV1nwJzXuAPXWapEb.jpeg\",\"datePublished\":\"2024-04-17T13:23:07+00:00\",\"dateModified\":\"2026-04-16T18:24:11+00:00\",\"description\":\"\u0160is epas - vienas i\u0161 seniausi\u0173 antikin\u0117s Graikijos kult\u016bros paminkl\u0173, sukurtas IX-VIII a. pr. Kr. legendinio dainiaus Homero. Epo veiksm\u0105 sudaro karo tarp\",\"breadcrumb\":{\"@id\":\"https:\/\/skaitytaknyga.lt\/produktas\/homeras-iliada-2\/#breadcrumb\"},\"inLanguage\":\"en-GB\",\"potentialAction\":[{\"@type\":\"ReadAction\",\"target\":[\"https:\/\/skaitytaknyga.lt\/produktas\/homeras-iliada-2\/\"]}]},{\"@type\":\"ImageObject\",\"inLanguage\":\"en-GB\",\"@id\":\"https:\/\/skaitytaknyga.lt\/produktas\/homeras-iliada-2\/#primaryimage\",\"url\":\"https:\/\/skaitytaknyga.lt\/wp-content\/uploads\/2024\/04\/01_01599_DJrAzfnKV1nwJzXuAPXWapEb.jpeg\",\"contentUrl\":\"https:\/\/skaitytaknyga.lt\/wp-content\/uploads\/2024\/04\/01_01599_DJrAzfnKV1nwJzXuAPXWapEb.jpeg\",\"width\":600,\"height\":800,\"caption\":\"01 01599 DJrAzfnKV1nwJzXuAPXWapEb\"},{\"@type\":\"BreadcrumbList\",\"@id\":\"https:\/\/skaitytaknyga.lt\/produktas\/homeras-iliada-2\/#breadcrumb\",\"itemListElement\":[{\"@type\":\"ListItem\",\"position\":1,\"name\":\"Home\",\"item\":\"https:\/\/skaitytaknyga.lt\/\"},{\"@type\":\"ListItem\",\"position\":2,\"name\":\"Parduotuv\u0117\",\"item\":\"https:\/\/skaitytaknyga.lt\/knygu-parduotuve\/\"},{\"@type\":\"ListItem\",\"position\":3,\"name\":\"Homeras &#8222;Iliada&#8221; (patams\u0117j\u0119a vir\u0161us)\"}]},{\"@type\":\"WebSite\",\"@id\":\"https:\/\/skaitytaknyga.lt\/#website\",\"url\":\"https:\/\/skaitytaknyga.lt\/\",\"name\":\"skaitytaknyga.lt\",\"description\":\"Skaitytaknyga.lt \u2013 tai ma\u017eas \u0161eimos verslas, kuris prasid\u0117jo nuo meil\u0117s knygoms ir siekio i\u0161gelb\u0117ti knygas nuo likimo prie konteinerio. Kas vienam nereikalingas daiktas \u2013 kitam lobis, o mes esame tarpininkai, kurie padeda abiems tapti laimingesniems ???? \u017dinome kaip nelengva i\u0161gyventi ma\u017eiems verslams, tad nuo \u0161iol, \u010dia rasite ir kit\u0173, ma\u017e\u0173 \u0161eim\u0173 versl\u0173, rank\u0173 darbo, dovan\u0173 sau ir artimiesiems.\",\"publisher\":{\"@id\":\"https:\/\/skaitytaknyga.lt\/#organization\"},\"potentialAction\":[{\"@type\":\"SearchAction\",\"target\":{\"@type\":\"EntryPoint\",\"urlTemplate\":\"https:\/\/skaitytaknyga.lt\/?s={search_term_string}\"},\"query-input\":{\"@type\":\"PropertyValueSpecification\",\"valueRequired\":true,\"valueName\":\"search_term_string\"}}],\"inLanguage\":\"en-GB\"},{\"@type\":\"Organization\",\"@id\":\"https:\/\/skaitytaknyga.lt\/#organization\",\"name\":\"skaitytaknyga.lt\",\"url\":\"https:\/\/skaitytaknyga.lt\/\",\"logo\":{\"@type\":\"ImageObject\",\"inLanguage\":\"en-GB\",\"@id\":\"https:\/\/skaitytaknyga.lt\/#\/schema\/logo\/image\/\",\"url\":\"https:\/\/skaitytaknyga.lt\/wp-content\/uploads\/2024\/05\/cropped-cropped-cropped-02_00843_jt3bggkj1j3HLc7SyY6rEUpg.jpeg\",\"contentUrl\":\"https:\/\/skaitytaknyga.lt\/wp-content\/uploads\/2024\/05\/cropped-cropped-cropped-02_00843_jt3bggkj1j3HLc7SyY6rEUpg.jpeg\",\"width\":1600,\"height\":1600,\"caption\":\"skaitytaknyga.lt\"},\"image\":{\"@id\":\"https:\/\/skaitytaknyga.lt\/#\/schema\/logo\/image\/\"},\"sameAs\":[\"https:\/\/www.facebook.com\/skaitytaknyga\/\"]}]}<\/script>\n<!-- \/ Yoast SEO plugin. -->","yoast_head_json":{"title":"Homeras \"Iliada\" (patams\u0117j\u0119a vir\u0161us)","description":"\u0160is epas - vienas i\u0161 seniausi\u0173 antikin\u0117s Graikijos kult\u016bros paminkl\u0173, sukurtas IX-VIII a. pr. Kr. legendinio dainiaus Homero. Epo veiksm\u0105 sudaro karo tarp","robots":{"index":"index","follow":"follow","max-snippet":"max-snippet:-1","max-image-preview":"max-image-preview:large","max-video-preview":"max-video-preview:-1"},"canonical":"https:\/\/skaitytaknyga.lt\/en\/produktas\/homeras-iliada-2\/","og_locale":"en_GB","og_type":"article","og_title":"[:lt]Homeras \"Iliada\" (patams\u0117j\u0119a vir\u0161us)[:] - Skaitytaknyga","og_description":"\u0160is epas - vienas i\u0161 seniausi\u0173 antikin\u0117s Graikijos kult\u016bros paminkl\u0173, sukurtas IX-VIII a. pr. Kr. legendinio dainiaus Homero. Epo veiksm\u0105 sudaro karo tarp","og_url":"https:\/\/skaitytaknyga.lt\/en\/produktas\/homeras-iliada-2\/","og_site_name":"Skaitytaknyga","article_publisher":"https:\/\/www.facebook.com\/skaitytaknyga\/","article_modified_time":"2026-04-16T18:24:11+00:00","og_image":[{"width":600,"height":800,"url":"https:\/\/skaitytaknyga.lt\/wp-content\/uploads\/2024\/04\/01_01599_DJrAzfnKV1nwJzXuAPXWapEb.jpeg","type":"image\/jpeg"}],"twitter_card":"summary_large_image","twitter_misc":{"Estimated reading time":"1 minute"},"schema":{"@context":"https:\/\/schema.org","@graph":[{"@type":"WebPage","@id":"https:\/\/skaitytaknyga.lt\/produktas\/homeras-iliada-2\/","url":"https:\/\/skaitytaknyga.lt\/produktas\/homeras-iliada-2\/","name":"Homeras \"Iliada\" (patams\u0117j\u0119a vir\u0161us)","isPartOf":{"@id":"https:\/\/skaitytaknyga.lt\/#website"},"primaryImageOfPage":{"@id":"https:\/\/skaitytaknyga.lt\/produktas\/homeras-iliada-2\/#primaryimage"},"image":{"@id":"https:\/\/skaitytaknyga.lt\/produktas\/homeras-iliada-2\/#primaryimage"},"thumbnailUrl":"https:\/\/skaitytaknyga.lt\/wp-content\/uploads\/2024\/04\/01_01599_DJrAzfnKV1nwJzXuAPXWapEb.jpeg","datePublished":"2024-04-17T13:23:07+00:00","dateModified":"2026-04-16T18:24:11+00:00","description":"\u0160is epas - vienas i\u0161 seniausi\u0173 antikin\u0117s Graikijos kult\u016bros paminkl\u0173, sukurtas IX-VIII a. pr. Kr. legendinio dainiaus Homero. Epo veiksm\u0105 sudaro karo tarp","breadcrumb":{"@id":"https:\/\/skaitytaknyga.lt\/produktas\/homeras-iliada-2\/#breadcrumb"},"inLanguage":"en-GB","potentialAction":[{"@type":"ReadAction","target":["https:\/\/skaitytaknyga.lt\/produktas\/homeras-iliada-2\/"]}]},{"@type":"ImageObject","inLanguage":"en-GB","@id":"https:\/\/skaitytaknyga.lt\/produktas\/homeras-iliada-2\/#primaryimage","url":"https:\/\/skaitytaknyga.lt\/wp-content\/uploads\/2024\/04\/01_01599_DJrAzfnKV1nwJzXuAPXWapEb.jpeg","contentUrl":"https:\/\/skaitytaknyga.lt\/wp-content\/uploads\/2024\/04\/01_01599_DJrAzfnKV1nwJzXuAPXWapEb.jpeg","width":600,"height":800,"caption":"01 01599 DJrAzfnKV1nwJzXuAPXWapEb"},{"@type":"BreadcrumbList","@id":"https:\/\/skaitytaknyga.lt\/produktas\/homeras-iliada-2\/#breadcrumb","itemListElement":[{"@type":"ListItem","position":1,"name":"Home","item":"https:\/\/skaitytaknyga.lt\/"},{"@type":"ListItem","position":2,"name":"Parduotuv\u0117","item":"https:\/\/skaitytaknyga.lt\/knygu-parduotuve\/"},{"@type":"ListItem","position":3,"name":"Homeras &#8222;Iliada&#8221; (patams\u0117j\u0119a vir\u0161us)"}]},{"@type":"WebSite","@id":"https:\/\/skaitytaknyga.lt\/#website","url":"https:\/\/skaitytaknyga.lt\/","name":"skaitytaknyga.lt","description":"Skaitytaknyga.lt \u2013 tai ma\u017eas \u0161eimos verslas, kuris prasid\u0117jo nuo meil\u0117s knygoms ir siekio i\u0161gelb\u0117ti knygas nuo likimo prie konteinerio. Kas vienam nereikalingas daiktas \u2013 kitam lobis, o mes esame tarpininkai, kurie padeda abiems tapti laimingesniems ???? \u017dinome kaip nelengva i\u0161gyventi ma\u017eiems verslams, tad nuo \u0161iol, \u010dia rasite ir kit\u0173, ma\u017e\u0173 \u0161eim\u0173 versl\u0173, rank\u0173 darbo, dovan\u0173 sau ir artimiesiems.","publisher":{"@id":"https:\/\/skaitytaknyga.lt\/#organization"},"potentialAction":[{"@type":"SearchAction","target":{"@type":"EntryPoint","urlTemplate":"https:\/\/skaitytaknyga.lt\/?s={search_term_string}"},"query-input":{"@type":"PropertyValueSpecification","valueRequired":true,"valueName":"search_term_string"}}],"inLanguage":"en-GB"},{"@type":"Organization","@id":"https:\/\/skaitytaknyga.lt\/#organization","name":"skaitytaknyga.lt","url":"https:\/\/skaitytaknyga.lt\/","logo":{"@type":"ImageObject","inLanguage":"en-GB","@id":"https:\/\/skaitytaknyga.lt\/#\/schema\/logo\/image\/","url":"https:\/\/skaitytaknyga.lt\/wp-content\/uploads\/2024\/05\/cropped-cropped-cropped-02_00843_jt3bggkj1j3HLc7SyY6rEUpg.jpeg","contentUrl":"https:\/\/skaitytaknyga.lt\/wp-content\/uploads\/2024\/05\/cropped-cropped-cropped-02_00843_jt3bggkj1j3HLc7SyY6rEUpg.jpeg","width":1600,"height":1600,"caption":"skaitytaknyga.lt"},"image":{"@id":"https:\/\/skaitytaknyga.lt\/#\/schema\/logo\/image\/"},"sameAs":["https:\/\/www.facebook.com\/skaitytaknyga\/"]}]}},"_links":{"self":[{"href":"https:\/\/skaitytaknyga.lt\/en\/wp-json\/wp\/v2\/product\/3214","targetHints":{"allow":["GET"]}}],"collection":[{"href":"https:\/\/skaitytaknyga.lt\/en\/wp-json\/wp\/v2\/product"}],"about":[{"href":"https:\/\/skaitytaknyga.lt\/en\/wp-json\/wp\/v2\/types\/product"}],"replies":[{"embeddable":true,"href":"https:\/\/skaitytaknyga.lt\/en\/wp-json\/wp\/v2\/comments?post=3214"}],"wp:featuredmedia":[{"embeddable":true,"href":"https:\/\/skaitytaknyga.lt\/en\/wp-json\/wp\/v2\/media\/3258"}],"wp:attachment":[{"href":"https:\/\/skaitytaknyga.lt\/en\/wp-json\/wp\/v2\/media?parent=3214"}],"wp:term":[{"taxonomy":"product_brand","embeddable":true,"href":"https:\/\/skaitytaknyga.lt\/en\/wp-json\/wp\/v2\/product_brand?post=3214"},{"taxonomy":"product_cat","embeddable":true,"href":"https:\/\/skaitytaknyga.lt\/en\/wp-json\/wp\/v2\/product_cat?post=3214"},{"taxonomy":"product_tag","embeddable":true,"href":"https:\/\/skaitytaknyga.lt\/en\/wp-json\/wp\/v2\/product_tag?post=3214"}],"curies":[{"name":"wp","href":"https:\/\/api.w.org\/{rel}","templated":true}]}}