{"id":3212,"date":"2024-04-17T13:23:07","date_gmt":"2024-04-17T13:23:07","guid":{"rendered":"https:\/\/skaitytaknyga.lt\/?post_type=product&#038;p=3212"},"modified":"2024-05-03T07:18:32","modified_gmt":"2024-05-03T07:18:32","slug":"sveikata-ir-zvalumas-visai-seimai","status":"publish","type":"product","link":"https:\/\/skaitytaknyga.lt\/en\/produktas\/sveikata-ir-zvalumas-visai-seimai\/","title":{"rendered":"Sveikata ir \u017evalumas visai \u0161eimai"},"content":{"rendered":"<p>Jei norite b\u016bti sveikas, turite pasirinkti sveik\u0105 gyvenimo b\u016bd\u0105. \u0160ioje knygoje pateikiama gyvensenos programa, kurioje rasite patarim\u0173, kaip maitintis, \u012fveikti stres\u0105, naudotis medicinos priemon\u0117mis ir apskritai pasijusti sveikesniam ir \u017evalesniam.<\/p>\n<p>\u017denkite \u0161iuos kelis \u017eingsnius, kad taptum\u0117te sveikesnis:<\/p>\n<p>Atsakydamas \u012f klausimus, i\u0161siai\u0161kinkite, kurie j\u016bs\u0173 gyvenimo rei\u0161kiniai \u017ealingi j\u016bs\u0173 svekatai.<br \/>\nPakeiskite savo mityb\u0105 taip, kad padid\u0117t\u0173 tikimyb\u0117 i\u0161vengti \u0161irdies lig\u0173 ir v\u0117\u017eio.<br \/>\nI\u0161mokite \u012fveikti kasdienius stresus.<br \/>\nSul\u0117tinkite sen\u0117jimo proces\u0105 &#8211; gyvenkite sveikiau ir ilgiau.<br \/>\nI\u0161siai\u0161kinkite, kaip funckionuoja visos sveiko organizmo sistemos.<br \/>\nPlanuokite savo treniruotes, kr\u016bv\u012f didinkite palengva.<br \/>\nI\u0161mokite elgtis nelaim\u0117s atveju ir gydyti buitines traumas.<\/p>\n","protected":false},"excerpt":{"rendered":"<p>Jei norite b\u016bti sveikas, turite pasirinkti sveik\u0105 gyvenimo b\u016bd\u0105. \u0160ioje knygoje pateikiama gyvensenos programa, kurioje rasite patarim\u0173, kaip maitintis, \u012fveikti stres\u0105, naudotis medicinos priemon\u0117mis ir apskritai pasijusti sveikesniam ir \u017evalesniam.<\/p>\n<p>\u017denkite \u0161iuos kelis \u017eingsnius, kad taptum\u0117te sveikesnis:<\/p>\n<p>Atsakydamas \u012f klausimus, i\u0161siai\u0161kinkite, kurie j\u016bs\u0173 gyvenimo rei\u0161kiniai \u017ealingi j\u016bs\u0173 svekatai.<br \/>\nPakeiskite savo mityb\u0105 taip, kad padid\u0117t\u0173 tikimyb\u0117 i\u0161vengti \u0161irdies lig\u0173 ir v\u0117\u017eio.<br \/>\nI\u0161mokite \u012fveikti kasdienius stresus.<br \/>\nSul\u0117tinkite sen\u0117jimo proces\u0105 &#8211; gyvenkite sveikiau ir ilgiau.<br \/>\nI\u0161siai\u0161kinkite, kaip funckionuoja visos sveiko organizmo sistemos.<br \/>\nPlanuokite savo treniruotes, kr\u016bv\u012f didinkite palengva.<br \/>\nI\u0161mokite elgtis nelaim\u0117s atveju ir gydyti buitines traumas.<\/p>\n","protected":false},"featured_media":3256,"comment_status":"closed","ping_status":"closed","template":"","meta":{"_acf_changed":false,"site-sidebar-layout":"default","site-content-layout":"","ast-site-content-layout":"default","site-content-style":"default","site-sidebar-style":"default","ast-global-header-display":"","ast-banner-title-visibility":"","ast-main-header-display":"","ast-hfb-above-header-display":"","ast-hfb-below-header-display":"","ast-hfb-mobile-header-display":"","site-post-title":"","ast-breadcrumbs-content":"","ast-featured-img":"","footer-sml-layout":"","ast-disable-related-posts":"","theme-transparent-header-meta":"","adv-header-id-meta":"","stick-header-meta":"","header-above-stick-meta":"","header-main-stick-meta":"","header-below-stick-meta":"","astra-migrate-meta-layouts":"default","ast-page-background-enabled":"default","ast-page-background-meta":{"desktop":{"background-color":"","background-image":"","background-repeat":"repeat","background-position":"center center","background-size":"auto","background-attachment":"scroll","background-type":"","background-media":"","overlay-type":"","overlay-color":"","overlay-opacity":"","overlay-gradient":""},"tablet":{"background-color":"","background-image":"","background-repeat":"repeat","background-position":"center center","background-size":"auto","background-attachment":"scroll","background-type":"","background-media":"","overlay-type":"","overlay-color":"","overlay-opacity":"","overlay-gradient":""},"mobile":{"background-color":"","background-image":"","background-repeat":"repeat","background-position":"center center","background-size":"auto","background-attachment":"scroll","background-type":"","background-media":"","overlay-type":"","overlay-color":"","overlay-opacity":"","overlay-gradient":""}},"ast-content-background-meta":{"desktop":{"background-color":"var(--ast-global-color-4)","background-image":"","background-repeat":"repeat","background-position":"center center","background-size":"auto","background-attachment":"scroll","background-type":"","background-media":"","overlay-type":"","overlay-color":"","overlay-opacity":"","overlay-gradient":""},"tablet":{"background-color":"var(--ast-global-color-4)","background-image":"","background-repeat":"repeat","background-position":"center center","background-size":"auto","background-attachment":"scroll","background-type":"","background-media":"","overlay-type":"","overlay-color":"","overlay-opacity":"","overlay-gradient":""},"mobile":{"background-color":"var(--ast-global-color-4)","background-image":"","background-repeat":"repeat","background-position":"center center","background-size":"auto","background-attachment":"scroll","background-type":"","background-media":"","overlay-type":"","overlay-color":"","overlay-opacity":"","overlay-gradient":""}}},"product_brand":[],"product_cat":[55],"product_tag":[],"class_list":{"0":"post-3212","1":"product","2":"type-product","3":"status-publish","4":"has-post-thumbnail","6":"product_cat-sveikata-ir-sveika-mityba","7":"desktop-align-left","8":"tablet-align-left","9":"mobile-align-left","11":"first","12":"instock","13":"shipping-taxable","14":"purchasable","15":"product-type-simple"},"acf":[],"yoast_head":"<!-- This site is optimized with the Yoast SEO plugin v27.0 - https:\/\/yoast.com\/product\/yoast-seo-wordpress\/ -->\n<title>Sveikata ir \u017evalumas visai \u0161eimai - Skaitytaknyga<\/title>\n<meta name=\"description\" content=\"Jei norite b\u016bti sveikas, turite pasirinkti sveik\u0105 gyvenimo b\u016bd\u0105. \u0160ioje knygoje pateikiama gyvensenos programa, kurioje rasite patarim\u0173, kaip maitintis, \u012fveikti stres\u0105, naudotis medicinos priemon\u0117mis ir apskritai pasijusti sveikesniam ir \u017evalesniam.  \u017denkite \u0161iuos kelis \u017eingsnius, kad taptum\u0117te sveikesnis:  Atsakydamas \u012f klausimus, i\u0161siai\u0161kinkite, kurie j\u016bs\u0173 gyvenimo rei\u0161kiniai \u017ealingi j\u016bs\u0173 svekatai. Pakeiskite savo mityb\u0105 taip, kad padid\u0117t\u0173 tikimyb\u0117 i\u0161vengti \u0161irdies lig\u0173 ir v\u0117\u017eio. I\u0161mokite \u012fveikti kasdienius stresus. Sul\u0117tinkite sen\u0117jimo proces\u0105 - gyvenkite sveikiau ir ilgiau. I\u0161siai\u0161kinkite, kaip funckionuoja visos sveiko organizmo sistemos. Planuokite savo treniruotes, kr\u016bv\u012f didinkite palengva. I\u0161mokite elgtis nelaim\u0117s atveju ir gydyti buitines traumas.\" \/>\n<meta name=\"robots\" content=\"index, follow, max-snippet:-1, max-image-preview:large, max-video-preview:-1\" \/>\n<link rel=\"canonical\" href=\"https:\/\/skaitytaknyga.lt\/en\/produktas\/sveikata-ir-zvalumas-visai-seimai\/\" \/>\n<meta property=\"og:locale\" content=\"en_GB\" \/>\n<meta property=\"og:locale:alternate\" content=\"lt_LT\" \/>\n<meta property=\"og:type\" content=\"article\" \/>\n<meta property=\"og:title\" content=\"Sveikata ir \u017evalumas visai \u0161eimai - Skaitytaknyga\" \/>\n<meta property=\"og:description\" content=\"Jei norite b\u016bti sveikas, turite pasirinkti sveik\u0105 gyvenimo b\u016bd\u0105. \u0160ioje knygoje pateikiama gyvensenos programa, kurioje rasite patarim\u0173, kaip maitintis, \u012fveikti stres\u0105, naudotis medicinos priemon\u0117mis ir apskritai pasijusti sveikesniam ir \u017evalesniam.  \u017denkite \u0161iuos kelis \u017eingsnius, kad taptum\u0117te sveikesnis:  Atsakydamas \u012f klausimus, i\u0161siai\u0161kinkite, kurie j\u016bs\u0173 gyvenimo rei\u0161kiniai \u017ealingi j\u016bs\u0173 svekatai. Pakeiskite savo mityb\u0105 taip, kad padid\u0117t\u0173 tikimyb\u0117 i\u0161vengti \u0161irdies lig\u0173 ir v\u0117\u017eio. I\u0161mokite \u012fveikti kasdienius stresus. Sul\u0117tinkite sen\u0117jimo proces\u0105 - gyvenkite sveikiau ir ilgiau. I\u0161siai\u0161kinkite, kaip funckionuoja visos sveiko organizmo sistemos. Planuokite savo treniruotes, kr\u016bv\u012f didinkite palengva. I\u0161mokite elgtis nelaim\u0117s atveju ir gydyti buitines traumas.\" \/>\n<meta property=\"og:url\" content=\"https:\/\/skaitytaknyga.lt\/en\/produktas\/sveikata-ir-zvalumas-visai-seimai\/\" \/>\n<meta property=\"og:site_name\" content=\"Skaitytaknyga\" \/>\n<meta property=\"article:publisher\" content=\"https:\/\/www.facebook.com\/skaitytaknyga\/\" \/>\n<meta property=\"article:modified_time\" content=\"2024-05-03T07:18:32+00:00\" \/>\n<meta property=\"og:image\" content=\"https:\/\/skaitytaknyga.lt\/wp-content\/uploads\/2024\/04\/1462878755_sveikta.jpg\" \/>\n\t<meta property=\"og:image:width\" content=\"314\" \/>\n\t<meta property=\"og:image:height\" content=\"430\" \/>\n\t<meta property=\"og:image:type\" content=\"image\/jpeg\" \/>\n<meta name=\"twitter:card\" content=\"summary_large_image\" \/>\n<meta name=\"twitter:label1\" content=\"Estimated reading time\" \/>\n\t<meta name=\"twitter:data1\" content=\"1 minute\" \/>\n<script type=\"application\/ld+json\" class=\"yoast-schema-graph\">{\"@context\":\"https:\/\/schema.org\",\"@graph\":[{\"@type\":\"WebPage\",\"@id\":\"https:\/\/skaitytaknyga.lt\/produktas\/sveikata-ir-zvalumas-visai-seimai\/\",\"url\":\"https:\/\/skaitytaknyga.lt\/produktas\/sveikata-ir-zvalumas-visai-seimai\/\",\"name\":\"Sveikata ir \u017evalumas visai \u0161eimai - Skaitytaknyga\",\"isPartOf\":{\"@id\":\"https:\/\/skaitytaknyga.lt\/#website\"},\"primaryImageOfPage\":{\"@id\":\"https:\/\/skaitytaknyga.lt\/produktas\/sveikata-ir-zvalumas-visai-seimai\/#primaryimage\"},\"image\":{\"@id\":\"https:\/\/skaitytaknyga.lt\/produktas\/sveikata-ir-zvalumas-visai-seimai\/#primaryimage\"},\"thumbnailUrl\":\"https:\/\/skaitytaknyga.lt\/wp-content\/uploads\/2024\/04\/1462878755_sveikta.jpg\",\"datePublished\":\"2024-04-17T13:23:07+00:00\",\"dateModified\":\"2024-05-03T07:18:32+00:00\",\"description\":\"Jei norite b\u016bti sveikas, turite pasirinkti sveik\u0105 gyvenimo b\u016bd\u0105. \u0160ioje knygoje pateikiama gyvensenos programa, kurioje rasite patarim\u0173, kaip maitintis, \u012fveikti stres\u0105, naudotis medicinos priemon\u0117mis ir apskritai pasijusti sveikesniam ir \u017evalesniam. \u017denkite \u0161iuos kelis \u017eingsnius, kad taptum\u0117te sveikesnis: Atsakydamas \u012f klausimus, i\u0161siai\u0161kinkite, kurie j\u016bs\u0173 gyvenimo rei\u0161kiniai \u017ealingi j\u016bs\u0173 svekatai. Pakeiskite savo mityb\u0105 taip, kad padid\u0117t\u0173 tikimyb\u0117 i\u0161vengti \u0161irdies lig\u0173 ir v\u0117\u017eio. I\u0161mokite \u012fveikti kasdienius stresus. Sul\u0117tinkite sen\u0117jimo proces\u0105 - gyvenkite sveikiau ir ilgiau. I\u0161siai\u0161kinkite, kaip funckionuoja visos sveiko organizmo sistemos. Planuokite savo treniruotes, kr\u016bv\u012f didinkite palengva. I\u0161mokite elgtis nelaim\u0117s atveju ir gydyti buitines traumas.\",\"breadcrumb\":{\"@id\":\"https:\/\/skaitytaknyga.lt\/produktas\/sveikata-ir-zvalumas-visai-seimai\/#breadcrumb\"},\"inLanguage\":\"en-GB\",\"potentialAction\":[{\"@type\":\"ReadAction\",\"target\":[\"https:\/\/skaitytaknyga.lt\/produktas\/sveikata-ir-zvalumas-visai-seimai\/\"]}]},{\"@type\":\"ImageObject\",\"inLanguage\":\"en-GB\",\"@id\":\"https:\/\/skaitytaknyga.lt\/produktas\/sveikata-ir-zvalumas-visai-seimai\/#primaryimage\",\"url\":\"https:\/\/skaitytaknyga.lt\/wp-content\/uploads\/2024\/04\/1462878755_sveikta.jpg\",\"contentUrl\":\"https:\/\/skaitytaknyga.lt\/wp-content\/uploads\/2024\/04\/1462878755_sveikta.jpg\",\"width\":314,\"height\":430,\"caption\":\"1462878755 sveikta\"},{\"@type\":\"BreadcrumbList\",\"@id\":\"https:\/\/skaitytaknyga.lt\/produktas\/sveikata-ir-zvalumas-visai-seimai\/#breadcrumb\",\"itemListElement\":[{\"@type\":\"ListItem\",\"position\":1,\"name\":\"Home\",\"item\":\"https:\/\/skaitytaknyga.lt\/\"},{\"@type\":\"ListItem\",\"position\":2,\"name\":\"Parduotuv\u0117\",\"item\":\"https:\/\/skaitytaknyga.lt\/knygu-parduotuve\/\"},{\"@type\":\"ListItem\",\"position\":3,\"name\":\"Sveikata ir \u017evalumas visai \u0161eimai\"}]},{\"@type\":\"WebSite\",\"@id\":\"https:\/\/skaitytaknyga.lt\/#website\",\"url\":\"https:\/\/skaitytaknyga.lt\/\",\"name\":\"skaitytaknyga.lt\",\"description\":\"Skaitytaknyga.lt \u2013 tai ma\u017eas \u0161eimos verslas, kuris prasid\u0117jo nuo meil\u0117s knygoms ir siekio i\u0161gelb\u0117ti knygas nuo likimo prie konteinerio. Kas vienam nereikalingas daiktas \u2013 kitam lobis, o mes esame tarpininkai, kurie padeda abiems tapti laimingesniems ???? \u017dinome kaip nelengva i\u0161gyventi ma\u017eiems verslams, tad nuo \u0161iol, \u010dia rasite ir kit\u0173, ma\u017e\u0173 \u0161eim\u0173 versl\u0173, rank\u0173 darbo, dovan\u0173 sau ir artimiesiems.\",\"publisher\":{\"@id\":\"https:\/\/skaitytaknyga.lt\/#organization\"},\"potentialAction\":[{\"@type\":\"SearchAction\",\"target\":{\"@type\":\"EntryPoint\",\"urlTemplate\":\"https:\/\/skaitytaknyga.lt\/?s={search_term_string}\"},\"query-input\":{\"@type\":\"PropertyValueSpecification\",\"valueRequired\":true,\"valueName\":\"search_term_string\"}}],\"inLanguage\":\"en-GB\"},{\"@type\":\"Organization\",\"@id\":\"https:\/\/skaitytaknyga.lt\/#organization\",\"name\":\"skaitytaknyga.lt\",\"url\":\"https:\/\/skaitytaknyga.lt\/\",\"logo\":{\"@type\":\"ImageObject\",\"inLanguage\":\"en-GB\",\"@id\":\"https:\/\/skaitytaknyga.lt\/#\/schema\/logo\/image\/\",\"url\":\"https:\/\/skaitytaknyga.lt\/wp-content\/uploads\/2024\/05\/cropped-cropped-cropped-02_00843_jt3bggkj1j3HLc7SyY6rEUpg.jpeg\",\"contentUrl\":\"https:\/\/skaitytaknyga.lt\/wp-content\/uploads\/2024\/05\/cropped-cropped-cropped-02_00843_jt3bggkj1j3HLc7SyY6rEUpg.jpeg\",\"width\":1600,\"height\":1600,\"caption\":\"skaitytaknyga.lt\"},\"image\":{\"@id\":\"https:\/\/skaitytaknyga.lt\/#\/schema\/logo\/image\/\"},\"sameAs\":[\"https:\/\/www.facebook.com\/skaitytaknyga\/\"]}]}<\/script>\n<!-- \/ Yoast SEO plugin. -->","yoast_head_json":{"title":"Sveikata ir \u017evalumas visai \u0161eimai - Skaitytaknyga","description":"Jei norite b\u016bti sveikas, turite pasirinkti sveik\u0105 gyvenimo b\u016bd\u0105. \u0160ioje knygoje pateikiama gyvensenos programa, kurioje rasite patarim\u0173, kaip maitintis, \u012fveikti stres\u0105, naudotis medicinos priemon\u0117mis ir apskritai pasijusti sveikesniam ir \u017evalesniam.  \u017denkite \u0161iuos kelis \u017eingsnius, kad taptum\u0117te sveikesnis:  Atsakydamas \u012f klausimus, i\u0161siai\u0161kinkite, kurie j\u016bs\u0173 gyvenimo rei\u0161kiniai \u017ealingi j\u016bs\u0173 svekatai. Pakeiskite savo mityb\u0105 taip, kad padid\u0117t\u0173 tikimyb\u0117 i\u0161vengti \u0161irdies lig\u0173 ir v\u0117\u017eio. I\u0161mokite \u012fveikti kasdienius stresus. Sul\u0117tinkite sen\u0117jimo proces\u0105 - gyvenkite sveikiau ir ilgiau. I\u0161siai\u0161kinkite, kaip funckionuoja visos sveiko organizmo sistemos. Planuokite savo treniruotes, kr\u016bv\u012f didinkite palengva. I\u0161mokite elgtis nelaim\u0117s atveju ir gydyti buitines traumas.","robots":{"index":"index","follow":"follow","max-snippet":"max-snippet:-1","max-image-preview":"max-image-preview:large","max-video-preview":"max-video-preview:-1"},"canonical":"https:\/\/skaitytaknyga.lt\/en\/produktas\/sveikata-ir-zvalumas-visai-seimai\/","og_locale":"en_GB","og_type":"article","og_title":"Sveikata ir \u017evalumas visai \u0161eimai - Skaitytaknyga","og_description":"Jei norite b\u016bti sveikas, turite pasirinkti sveik\u0105 gyvenimo b\u016bd\u0105. \u0160ioje knygoje pateikiama gyvensenos programa, kurioje rasite patarim\u0173, kaip maitintis, \u012fveikti stres\u0105, naudotis medicinos priemon\u0117mis ir apskritai pasijusti sveikesniam ir \u017evalesniam.  \u017denkite \u0161iuos kelis \u017eingsnius, kad taptum\u0117te sveikesnis:  Atsakydamas \u012f klausimus, i\u0161siai\u0161kinkite, kurie j\u016bs\u0173 gyvenimo rei\u0161kiniai \u017ealingi j\u016bs\u0173 svekatai. Pakeiskite savo mityb\u0105 taip, kad padid\u0117t\u0173 tikimyb\u0117 i\u0161vengti \u0161irdies lig\u0173 ir v\u0117\u017eio. I\u0161mokite \u012fveikti kasdienius stresus. Sul\u0117tinkite sen\u0117jimo proces\u0105 - gyvenkite sveikiau ir ilgiau. I\u0161siai\u0161kinkite, kaip funckionuoja visos sveiko organizmo sistemos. Planuokite savo treniruotes, kr\u016bv\u012f didinkite palengva. I\u0161mokite elgtis nelaim\u0117s atveju ir gydyti buitines traumas.","og_url":"https:\/\/skaitytaknyga.lt\/en\/produktas\/sveikata-ir-zvalumas-visai-seimai\/","og_site_name":"Skaitytaknyga","article_publisher":"https:\/\/www.facebook.com\/skaitytaknyga\/","article_modified_time":"2024-05-03T07:18:32+00:00","og_image":[{"width":314,"height":430,"url":"https:\/\/skaitytaknyga.lt\/wp-content\/uploads\/2024\/04\/1462878755_sveikta.jpg","type":"image\/jpeg"}],"twitter_card":"summary_large_image","twitter_misc":{"Estimated reading time":"1 minute"},"schema":{"@context":"https:\/\/schema.org","@graph":[{"@type":"WebPage","@id":"https:\/\/skaitytaknyga.lt\/produktas\/sveikata-ir-zvalumas-visai-seimai\/","url":"https:\/\/skaitytaknyga.lt\/produktas\/sveikata-ir-zvalumas-visai-seimai\/","name":"Sveikata ir \u017evalumas visai \u0161eimai - Skaitytaknyga","isPartOf":{"@id":"https:\/\/skaitytaknyga.lt\/#website"},"primaryImageOfPage":{"@id":"https:\/\/skaitytaknyga.lt\/produktas\/sveikata-ir-zvalumas-visai-seimai\/#primaryimage"},"image":{"@id":"https:\/\/skaitytaknyga.lt\/produktas\/sveikata-ir-zvalumas-visai-seimai\/#primaryimage"},"thumbnailUrl":"https:\/\/skaitytaknyga.lt\/wp-content\/uploads\/2024\/04\/1462878755_sveikta.jpg","datePublished":"2024-04-17T13:23:07+00:00","dateModified":"2024-05-03T07:18:32+00:00","description":"Jei norite b\u016bti sveikas, turite pasirinkti sveik\u0105 gyvenimo b\u016bd\u0105. \u0160ioje knygoje pateikiama gyvensenos programa, kurioje rasite patarim\u0173, kaip maitintis, \u012fveikti stres\u0105, naudotis medicinos priemon\u0117mis ir apskritai pasijusti sveikesniam ir \u017evalesniam. \u017denkite \u0161iuos kelis \u017eingsnius, kad taptum\u0117te sveikesnis: Atsakydamas \u012f klausimus, i\u0161siai\u0161kinkite, kurie j\u016bs\u0173 gyvenimo rei\u0161kiniai \u017ealingi j\u016bs\u0173 svekatai. Pakeiskite savo mityb\u0105 taip, kad padid\u0117t\u0173 tikimyb\u0117 i\u0161vengti \u0161irdies lig\u0173 ir v\u0117\u017eio. I\u0161mokite \u012fveikti kasdienius stresus. Sul\u0117tinkite sen\u0117jimo proces\u0105 - gyvenkite sveikiau ir ilgiau. I\u0161siai\u0161kinkite, kaip funckionuoja visos sveiko organizmo sistemos. Planuokite savo treniruotes, kr\u016bv\u012f didinkite palengva. I\u0161mokite elgtis nelaim\u0117s atveju ir gydyti buitines traumas.","breadcrumb":{"@id":"https:\/\/skaitytaknyga.lt\/produktas\/sveikata-ir-zvalumas-visai-seimai\/#breadcrumb"},"inLanguage":"en-GB","potentialAction":[{"@type":"ReadAction","target":["https:\/\/skaitytaknyga.lt\/produktas\/sveikata-ir-zvalumas-visai-seimai\/"]}]},{"@type":"ImageObject","inLanguage":"en-GB","@id":"https:\/\/skaitytaknyga.lt\/produktas\/sveikata-ir-zvalumas-visai-seimai\/#primaryimage","url":"https:\/\/skaitytaknyga.lt\/wp-content\/uploads\/2024\/04\/1462878755_sveikta.jpg","contentUrl":"https:\/\/skaitytaknyga.lt\/wp-content\/uploads\/2024\/04\/1462878755_sveikta.jpg","width":314,"height":430,"caption":"1462878755 sveikta"},{"@type":"BreadcrumbList","@id":"https:\/\/skaitytaknyga.lt\/produktas\/sveikata-ir-zvalumas-visai-seimai\/#breadcrumb","itemListElement":[{"@type":"ListItem","position":1,"name":"Home","item":"https:\/\/skaitytaknyga.lt\/"},{"@type":"ListItem","position":2,"name":"Parduotuv\u0117","item":"https:\/\/skaitytaknyga.lt\/knygu-parduotuve\/"},{"@type":"ListItem","position":3,"name":"Sveikata ir \u017evalumas visai \u0161eimai"}]},{"@type":"WebSite","@id":"https:\/\/skaitytaknyga.lt\/#website","url":"https:\/\/skaitytaknyga.lt\/","name":"skaitytaknyga.lt","description":"Skaitytaknyga.lt \u2013 tai ma\u017eas \u0161eimos verslas, kuris prasid\u0117jo nuo meil\u0117s knygoms ir siekio i\u0161gelb\u0117ti knygas nuo likimo prie konteinerio. Kas vienam nereikalingas daiktas \u2013 kitam lobis, o mes esame tarpininkai, kurie padeda abiems tapti laimingesniems ???? \u017dinome kaip nelengva i\u0161gyventi ma\u017eiems verslams, tad nuo \u0161iol, \u010dia rasite ir kit\u0173, ma\u017e\u0173 \u0161eim\u0173 versl\u0173, rank\u0173 darbo, dovan\u0173 sau ir artimiesiems.","publisher":{"@id":"https:\/\/skaitytaknyga.lt\/#organization"},"potentialAction":[{"@type":"SearchAction","target":{"@type":"EntryPoint","urlTemplate":"https:\/\/skaitytaknyga.lt\/?s={search_term_string}"},"query-input":{"@type":"PropertyValueSpecification","valueRequired":true,"valueName":"search_term_string"}}],"inLanguage":"en-GB"},{"@type":"Organization","@id":"https:\/\/skaitytaknyga.lt\/#organization","name":"skaitytaknyga.lt","url":"https:\/\/skaitytaknyga.lt\/","logo":{"@type":"ImageObject","inLanguage":"en-GB","@id":"https:\/\/skaitytaknyga.lt\/#\/schema\/logo\/image\/","url":"https:\/\/skaitytaknyga.lt\/wp-content\/uploads\/2024\/05\/cropped-cropped-cropped-02_00843_jt3bggkj1j3HLc7SyY6rEUpg.jpeg","contentUrl":"https:\/\/skaitytaknyga.lt\/wp-content\/uploads\/2024\/05\/cropped-cropped-cropped-02_00843_jt3bggkj1j3HLc7SyY6rEUpg.jpeg","width":1600,"height":1600,"caption":"skaitytaknyga.lt"},"image":{"@id":"https:\/\/skaitytaknyga.lt\/#\/schema\/logo\/image\/"},"sameAs":["https:\/\/www.facebook.com\/skaitytaknyga\/"]}]}},"_links":{"self":[{"href":"https:\/\/skaitytaknyga.lt\/en\/wp-json\/wp\/v2\/product\/3212","targetHints":{"allow":["GET"]}}],"collection":[{"href":"https:\/\/skaitytaknyga.lt\/en\/wp-json\/wp\/v2\/product"}],"about":[{"href":"https:\/\/skaitytaknyga.lt\/en\/wp-json\/wp\/v2\/types\/product"}],"replies":[{"embeddable":true,"href":"https:\/\/skaitytaknyga.lt\/en\/wp-json\/wp\/v2\/comments?post=3212"}],"wp:featuredmedia":[{"embeddable":true,"href":"https:\/\/skaitytaknyga.lt\/en\/wp-json\/wp\/v2\/media\/3256"}],"wp:attachment":[{"href":"https:\/\/skaitytaknyga.lt\/en\/wp-json\/wp\/v2\/media?parent=3212"}],"wp:term":[{"taxonomy":"product_brand","embeddable":true,"href":"https:\/\/skaitytaknyga.lt\/en\/wp-json\/wp\/v2\/product_brand?post=3212"},{"taxonomy":"product_cat","embeddable":true,"href":"https:\/\/skaitytaknyga.lt\/en\/wp-json\/wp\/v2\/product_cat?post=3212"},{"taxonomy":"product_tag","embeddable":true,"href":"https:\/\/skaitytaknyga.lt\/en\/wp-json\/wp\/v2\/product_tag?post=3212"}],"curies":[{"name":"wp","href":"https:\/\/api.w.org\/{rel}","templated":true}]}}