{"id":3209,"date":"2024-04-17T13:23:07","date_gmt":"2024-04-17T13:23:07","guid":{"rendered":"https:\/\/skaitytaknyga.lt\/?post_type=product&#038;p=3209"},"modified":"2026-03-18T13:16:37","modified_gmt":"2026-03-18T11:16:37","slug":"gydomes-namie-issamus-iliustruotas-vadovas","status":"publish","type":"product","link":"https:\/\/skaitytaknyga.lt\/en\/produktas\/gydomes-namie-issamus-iliustruotas-vadovas\/","title":{"rendered":"Gydom\u0117s namie. I\u0161samus iliustruotas vadovas"},"content":{"rendered":"<p>Akivaizdu, kad gydant \u016bmines ligas ir tokias b\u016bkles, kaip \u0161irdies sm\u016bgis, kaul\u0173 l\u016b\u017eimai, rimtos infekcijos ir p\u016bliniai, kongestinis \u0161irdies nepakankamumas, insultas ir pan., gydytoj\u0173 vieta yra svarbi. Ne tokiems rimtiems negalavimams da\u017enai geriausi\u0105 b\u016bd\u0105 gal\u0117t\u0173 patekti nam\u0173 medicina ir vadovavimasis visiems \u017einomomis gyvenimo tiesomis.<\/p>\n<p>Nat\u016bralios namin\u0117s gydymo priemon\u0117s ir liaudies medicina visame pasaulyje ir visais laikais buvo \u012fprastas rei\u0161kinys, ir dabar vis daugiau \u017emoni\u0173 ie\u0161ko savo \u0161eimai saugi\u0173 ir nat\u016brali\u0173 priemoni\u0173 ligoms ir chroni\u0161kiems negalavimams gydyti.<\/p>\n<p>I\u0161samus iliustruotas vadovas \u201eGydom\u0117s namie\u201c yra enciklopedinis lobis, i\u0161samiausia ir autoritetingiausia \u0161i\u0173 dien\u0173 knyga apie min\u0117tas gydom\u0105sias priemones.<\/p>\n<p>Be homeopatijos, gydymo vaistiniais augalais, kvap\u0173 ir g\u0117li\u0173 terapij\u0173, gydymosi vitaminais ir maistingosiomis med\u017eiagomis, joje dar pateikiama:<\/p>\n<p>* i\u0161sami kiekvienos nat\u016bralios terapijos analiz\u0117, \u012fskaitant jos istorij\u0105 ir pritaikym\u0105,<\/p>\n<p>* terapiniai nurodymai \u2013 bendrieji negalavimai ir kaip su jais kautis,<\/p>\n<p>* i\u0161samus gydom\u0173j\u0173 priemoni\u0173 s\u0105ra\u0161as, j\u0173 naudojimas ir savyb\u0117s,<\/p>\n<p>* nam\u0173 vaistin\u0117l\u0117 ir praktiniai pirmosios pagalbos patarimai.<\/p>\n","protected":false},"excerpt":{"rendered":"<p>Akivaizdu, kad gydant \u016bmines ligas ir tokias b\u016bkles, kaip \u0161irdies sm\u016bgis, kaul\u0173 l\u016b\u017eimai, rimtos infekcijos ir p\u016bliniai, kongestinis \u0161irdies nepakankamumas, insultas ir pan., gydytoj\u0173 vieta yra svarbi. Ne tokiems rimtiems negalavimams da\u017enai geriausi\u0105 b\u016bd\u0105 gal\u0117t\u0173 patekti nam\u0173 medicina ir vadovavimasis visiems \u017einomomis gyvenimo tiesomis. Nat\u016bralios namin\u0117s gydymo priemon\u0117s ir liaudies medicina visame pasaulyje ir visais laikais buvo \u012fprastas rei\u0161kinys, ir dabar vis daugiau \u017emoni\u0173 ie\u0161ko savo \u0161eimai saugi\u0173 ir nat\u016brali\u0173 priemoni\u0173 ligoms ir chroni\u0161kiems negalavimams gydyti. I\u0161samus iliustruotas vadovas \u201eGydom\u0117s namie\u201c yra enciklopedinis lobis, i\u0161samiausia ir autoritetingiausia \u0161i\u0173 dien\u0173 knyga apie min\u0117tas gydom\u0105sias priemones. Be homeopatijos, gydymo vaistiniais augalais, kvap\u0173 ir g\u0117li\u0173 terapij\u0173, gydymosi vitaminais ir maistingosiomis med\u017eiagomis, joje dar pateikiama: * i\u0161sami kiekvienos nat\u016bralios terapijos analiz\u0117, \u012fskaitant jos istorij\u0105 ir pritaikym\u0105, * terapiniai nurodymai \u2013 bendrieji negalavimai ir kaip su jais kautis, * i\u0161samus gydom\u0173j\u0173 priemoni\u0173 s\u0105ra\u0161as, j\u0173 naudojimas ir savyb\u0117s, * nam\u0173 vaistin\u0117l\u0117 ir praktiniai pirmosios pagalbos patarimai.<\/p>\n","protected":false},"featured_media":3253,"comment_status":"closed","ping_status":"closed","template":"","meta":{"_acf_changed":false,"site-sidebar-layout":"default","site-content-layout":"","ast-site-content-layout":"default","site-content-style":"default","site-sidebar-style":"default","ast-global-header-display":"","ast-banner-title-visibility":"","ast-main-header-display":"","ast-hfb-above-header-display":"","ast-hfb-below-header-display":"","ast-hfb-mobile-header-display":"","site-post-title":"","ast-breadcrumbs-content":"","ast-featured-img":"","footer-sml-layout":"","ast-disable-related-posts":"","theme-transparent-header-meta":"default","adv-header-id-meta":"","stick-header-meta":"","header-above-stick-meta":"","header-main-stick-meta":"","header-below-stick-meta":"","astra-migrate-meta-layouts":"set","ast-page-background-enabled":"default","ast-page-background-meta":{"desktop":{"background-color":"","background-image":"","background-repeat":"repeat","background-position":"center center","background-size":"auto","background-attachment":"scroll","background-type":"","background-media":"","overlay-type":"","overlay-color":"","overlay-opacity":"","overlay-gradient":""},"tablet":{"background-color":"","background-image":"","background-repeat":"repeat","background-position":"center center","background-size":"auto","background-attachment":"scroll","background-type":"","background-media":"","overlay-type":"","overlay-color":"","overlay-opacity":"","overlay-gradient":""},"mobile":{"background-color":"","background-image":"","background-repeat":"repeat","background-position":"center center","background-size":"auto","background-attachment":"scroll","background-type":"","background-media":"","overlay-type":"","overlay-color":"","overlay-opacity":"","overlay-gradient":""}},"ast-content-background-meta":{"desktop":{"background-color":"var(--ast-global-color-4)","background-image":"","background-repeat":"repeat","background-position":"center center","background-size":"auto","background-attachment":"scroll","background-type":"","background-media":"","overlay-type":"","overlay-color":"","overlay-opacity":"","overlay-gradient":""},"tablet":{"background-color":"var(--ast-global-color-4)","background-image":"","background-repeat":"repeat","background-position":"center center","background-size":"auto","background-attachment":"scroll","background-type":"","background-media":"","overlay-type":"","overlay-color":"","overlay-opacity":"","overlay-gradient":""},"mobile":{"background-color":"var(--ast-global-color-4)","background-image":"","background-repeat":"repeat","background-position":"center center","background-size":"auto","background-attachment":"scroll","background-type":"","background-media":"","overlay-type":"","overlay-color":"","overlay-opacity":"","overlay-gradient":""}}},"product_brand":[],"product_cat":[9857,55],"product_tag":[1096],"class_list":{"0":"post-3209","1":"product","2":"type-product","3":"status-publish","4":"has-post-thumbnail","6":"product_cat-naturali-medicina","7":"product_cat-sveikata-ir-sveika-mityba","8":"product_tag-liaudies-medicina","9":"desktop-align-left","10":"tablet-align-left","11":"mobile-align-left","13":"first","14":"outofstock","15":"shipping-taxable","16":"purchasable","17":"product-type-simple"},"acf":[],"yoast_head":"<!-- This site is optimized with the Yoast SEO plugin v27.0 - https:\/\/yoast.com\/product\/yoast-seo-wordpress\/ -->\n<title>Gydom\u0117s namie. I\u0161samus iliustruotas vadovas<\/title>\n<meta name=\"description\" content=\"Akivaizdu, kad gydant \u016bmines ligas ir tokias b\u016bkles, kaip \u0161irdies sm\u016bgis, kaul\u0173 l\u016b\u017eimai, rimtos infekcijos ir p\u016bliniai, kongestinis \u0161irdies\" \/>\n<meta name=\"robots\" content=\"index, follow, max-snippet:-1, max-image-preview:large, max-video-preview:-1\" \/>\n<link rel=\"canonical\" href=\"https:\/\/skaitytaknyga.lt\/en\/produktas\/gydomes-namie-issamus-iliustruotas-vadovas\/\" \/>\n<meta property=\"og:locale\" content=\"en_GB\" \/>\n<meta property=\"og:locale:alternate\" content=\"lt_LT\" \/>\n<meta property=\"og:type\" content=\"article\" \/>\n<meta property=\"og:title\" content=\"Gydom\u0117s namie. I\u0161samus iliustruotas vadovas\" \/>\n<meta property=\"og:description\" content=\"Akivaizdu, kad gydant \u016bmines ligas ir tokias b\u016bkles, kaip \u0161irdies sm\u016bgis, kaul\u0173 l\u016b\u017eimai, rimtos infekcijos ir p\u016bliniai, kongestinis \u0161irdies\" \/>\n<meta property=\"og:url\" content=\"https:\/\/skaitytaknyga.lt\/en\/produktas\/gydomes-namie-issamus-iliustruotas-vadovas\/\" \/>\n<meta property=\"og:site_name\" content=\"Skaitytaknyga\" \/>\n<meta property=\"article:publisher\" content=\"https:\/\/www.facebook.com\/skaitytaknyga\/\" \/>\n<meta property=\"article:modified_time\" content=\"2026-03-18T11:16:37+00:00\" \/>\n<meta property=\"og:image\" content=\"https:\/\/skaitytaknyga.lt\/wp-content\/uploads\/2024\/04\/1462873975_gydomes-namieissamus-iliustruotas-vadovas1.jpg\" \/>\n\t<meta property=\"og:image:width\" content=\"320\" \/>\n\t<meta property=\"og:image:height\" content=\"328\" \/>\n\t<meta property=\"og:image:type\" content=\"image\/jpeg\" \/>\n<meta name=\"twitter:card\" content=\"summary_large_image\" \/>\n<meta name=\"twitter:label1\" content=\"Estimated reading time\" \/>\n\t<meta name=\"twitter:data1\" content=\"2 minutes\" \/>\n<script type=\"application\/ld+json\" class=\"yoast-schema-graph\">{\"@context\":\"https:\/\/schema.org\",\"@graph\":[{\"@type\":\"WebPage\",\"@id\":\"https:\/\/skaitytaknyga.lt\/produktas\/gydomes-namie-issamus-iliustruotas-vadovas\/\",\"url\":\"https:\/\/skaitytaknyga.lt\/produktas\/gydomes-namie-issamus-iliustruotas-vadovas\/\",\"name\":\"Gydom\u0117s namie. I\u0161samus iliustruotas vadovas\",\"isPartOf\":{\"@id\":\"https:\/\/skaitytaknyga.lt\/#website\"},\"primaryImageOfPage\":{\"@id\":\"https:\/\/skaitytaknyga.lt\/produktas\/gydomes-namie-issamus-iliustruotas-vadovas\/#primaryimage\"},\"image\":{\"@id\":\"https:\/\/skaitytaknyga.lt\/produktas\/gydomes-namie-issamus-iliustruotas-vadovas\/#primaryimage\"},\"thumbnailUrl\":\"https:\/\/skaitytaknyga.lt\/wp-content\/uploads\/2024\/04\/1462873975_gydomes-namieissamus-iliustruotas-vadovas1.jpg\",\"datePublished\":\"2024-04-17T13:23:07+00:00\",\"dateModified\":\"2026-03-18T11:16:37+00:00\",\"description\":\"Akivaizdu, kad gydant \u016bmines ligas ir tokias b\u016bkles, kaip \u0161irdies sm\u016bgis, kaul\u0173 l\u016b\u017eimai, rimtos infekcijos ir p\u016bliniai, kongestinis \u0161irdies\",\"breadcrumb\":{\"@id\":\"https:\/\/skaitytaknyga.lt\/produktas\/gydomes-namie-issamus-iliustruotas-vadovas\/#breadcrumb\"},\"inLanguage\":\"en-GB\",\"potentialAction\":[{\"@type\":\"ReadAction\",\"target\":[\"https:\/\/skaitytaknyga.lt\/produktas\/gydomes-namie-issamus-iliustruotas-vadovas\/\"]}]},{\"@type\":\"ImageObject\",\"inLanguage\":\"en-GB\",\"@id\":\"https:\/\/skaitytaknyga.lt\/produktas\/gydomes-namie-issamus-iliustruotas-vadovas\/#primaryimage\",\"url\":\"https:\/\/skaitytaknyga.lt\/wp-content\/uploads\/2024\/04\/1462873975_gydomes-namieissamus-iliustruotas-vadovas1.jpg\",\"contentUrl\":\"https:\/\/skaitytaknyga.lt\/wp-content\/uploads\/2024\/04\/1462873975_gydomes-namieissamus-iliustruotas-vadovas1.jpg\",\"width\":320,\"height\":328,\"caption\":\"1462873975 gydomes namieissamus iliustruotas vadovas1\"},{\"@type\":\"BreadcrumbList\",\"@id\":\"https:\/\/skaitytaknyga.lt\/produktas\/gydomes-namie-issamus-iliustruotas-vadovas\/#breadcrumb\",\"itemListElement\":[{\"@type\":\"ListItem\",\"position\":1,\"name\":\"Home\",\"item\":\"https:\/\/skaitytaknyga.lt\/\"},{\"@type\":\"ListItem\",\"position\":2,\"name\":\"Parduotuv\u0117\",\"item\":\"https:\/\/skaitytaknyga.lt\/knygu-parduotuve\/\"},{\"@type\":\"ListItem\",\"position\":3,\"name\":\"Gydom\u0117s namie. I\u0161samus iliustruotas vadovas\"}]},{\"@type\":\"WebSite\",\"@id\":\"https:\/\/skaitytaknyga.lt\/#website\",\"url\":\"https:\/\/skaitytaknyga.lt\/\",\"name\":\"skaitytaknyga.lt\",\"description\":\"Skaitytaknyga.lt \u2013 tai ma\u017eas \u0161eimos verslas, kuris prasid\u0117jo nuo meil\u0117s knygoms ir siekio i\u0161gelb\u0117ti knygas nuo likimo prie konteinerio. Kas vienam nereikalingas daiktas \u2013 kitam lobis, o mes esame tarpininkai, kurie padeda abiems tapti laimingesniems ???? \u017dinome kaip nelengva i\u0161gyventi ma\u017eiems verslams, tad nuo \u0161iol, \u010dia rasite ir kit\u0173, ma\u017e\u0173 \u0161eim\u0173 versl\u0173, rank\u0173 darbo, dovan\u0173 sau ir artimiesiems.\",\"publisher\":{\"@id\":\"https:\/\/skaitytaknyga.lt\/#organization\"},\"potentialAction\":[{\"@type\":\"SearchAction\",\"target\":{\"@type\":\"EntryPoint\",\"urlTemplate\":\"https:\/\/skaitytaknyga.lt\/?s={search_term_string}\"},\"query-input\":{\"@type\":\"PropertyValueSpecification\",\"valueRequired\":true,\"valueName\":\"search_term_string\"}}],\"inLanguage\":\"en-GB\"},{\"@type\":\"Organization\",\"@id\":\"https:\/\/skaitytaknyga.lt\/#organization\",\"name\":\"skaitytaknyga.lt\",\"url\":\"https:\/\/skaitytaknyga.lt\/\",\"logo\":{\"@type\":\"ImageObject\",\"inLanguage\":\"en-GB\",\"@id\":\"https:\/\/skaitytaknyga.lt\/#\/schema\/logo\/image\/\",\"url\":\"https:\/\/skaitytaknyga.lt\/wp-content\/uploads\/2024\/05\/cropped-cropped-cropped-02_00843_jt3bggkj1j3HLc7SyY6rEUpg.jpeg\",\"contentUrl\":\"https:\/\/skaitytaknyga.lt\/wp-content\/uploads\/2024\/05\/cropped-cropped-cropped-02_00843_jt3bggkj1j3HLc7SyY6rEUpg.jpeg\",\"width\":1600,\"height\":1600,\"caption\":\"skaitytaknyga.lt\"},\"image\":{\"@id\":\"https:\/\/skaitytaknyga.lt\/#\/schema\/logo\/image\/\"},\"sameAs\":[\"https:\/\/www.facebook.com\/skaitytaknyga\/\"]}]}<\/script>\n<!-- \/ Yoast SEO plugin. -->","yoast_head_json":{"title":"Gydom\u0117s namie. I\u0161samus iliustruotas vadovas","description":"Akivaizdu, kad gydant \u016bmines ligas ir tokias b\u016bkles, kaip \u0161irdies sm\u016bgis, kaul\u0173 l\u016b\u017eimai, rimtos infekcijos ir p\u016bliniai, kongestinis \u0161irdies","robots":{"index":"index","follow":"follow","max-snippet":"max-snippet:-1","max-image-preview":"max-image-preview:large","max-video-preview":"max-video-preview:-1"},"canonical":"https:\/\/skaitytaknyga.lt\/en\/produktas\/gydomes-namie-issamus-iliustruotas-vadovas\/","og_locale":"en_GB","og_type":"article","og_title":"[:lt]Gydom\u0117s namie. I\u0161samus iliustruotas vadovas[:] - Skaitytaknyga","og_description":"Akivaizdu, kad gydant \u016bmines ligas ir tokias b\u016bkles, kaip \u0161irdies sm\u016bgis, kaul\u0173 l\u016b\u017eimai, rimtos infekcijos ir p\u016bliniai, kongestinis \u0161irdies","og_url":"https:\/\/skaitytaknyga.lt\/en\/produktas\/gydomes-namie-issamus-iliustruotas-vadovas\/","og_site_name":"Skaitytaknyga","article_publisher":"https:\/\/www.facebook.com\/skaitytaknyga\/","article_modified_time":"2026-03-18T11:16:37+00:00","og_image":[{"width":320,"height":328,"url":"https:\/\/skaitytaknyga.lt\/wp-content\/uploads\/2024\/04\/1462873975_gydomes-namieissamus-iliustruotas-vadovas1.jpg","type":"image\/jpeg"}],"twitter_card":"summary_large_image","twitter_misc":{"Estimated reading time":"2 minutes"},"schema":{"@context":"https:\/\/schema.org","@graph":[{"@type":"WebPage","@id":"https:\/\/skaitytaknyga.lt\/produktas\/gydomes-namie-issamus-iliustruotas-vadovas\/","url":"https:\/\/skaitytaknyga.lt\/produktas\/gydomes-namie-issamus-iliustruotas-vadovas\/","name":"Gydom\u0117s namie. I\u0161samus iliustruotas vadovas","isPartOf":{"@id":"https:\/\/skaitytaknyga.lt\/#website"},"primaryImageOfPage":{"@id":"https:\/\/skaitytaknyga.lt\/produktas\/gydomes-namie-issamus-iliustruotas-vadovas\/#primaryimage"},"image":{"@id":"https:\/\/skaitytaknyga.lt\/produktas\/gydomes-namie-issamus-iliustruotas-vadovas\/#primaryimage"},"thumbnailUrl":"https:\/\/skaitytaknyga.lt\/wp-content\/uploads\/2024\/04\/1462873975_gydomes-namieissamus-iliustruotas-vadovas1.jpg","datePublished":"2024-04-17T13:23:07+00:00","dateModified":"2026-03-18T11:16:37+00:00","description":"Akivaizdu, kad gydant \u016bmines ligas ir tokias b\u016bkles, kaip \u0161irdies sm\u016bgis, kaul\u0173 l\u016b\u017eimai, rimtos infekcijos ir p\u016bliniai, kongestinis \u0161irdies","breadcrumb":{"@id":"https:\/\/skaitytaknyga.lt\/produktas\/gydomes-namie-issamus-iliustruotas-vadovas\/#breadcrumb"},"inLanguage":"en-GB","potentialAction":[{"@type":"ReadAction","target":["https:\/\/skaitytaknyga.lt\/produktas\/gydomes-namie-issamus-iliustruotas-vadovas\/"]}]},{"@type":"ImageObject","inLanguage":"en-GB","@id":"https:\/\/skaitytaknyga.lt\/produktas\/gydomes-namie-issamus-iliustruotas-vadovas\/#primaryimage","url":"https:\/\/skaitytaknyga.lt\/wp-content\/uploads\/2024\/04\/1462873975_gydomes-namieissamus-iliustruotas-vadovas1.jpg","contentUrl":"https:\/\/skaitytaknyga.lt\/wp-content\/uploads\/2024\/04\/1462873975_gydomes-namieissamus-iliustruotas-vadovas1.jpg","width":320,"height":328,"caption":"1462873975 gydomes namieissamus iliustruotas vadovas1"},{"@type":"BreadcrumbList","@id":"https:\/\/skaitytaknyga.lt\/produktas\/gydomes-namie-issamus-iliustruotas-vadovas\/#breadcrumb","itemListElement":[{"@type":"ListItem","position":1,"name":"Home","item":"https:\/\/skaitytaknyga.lt\/"},{"@type":"ListItem","position":2,"name":"Parduotuv\u0117","item":"https:\/\/skaitytaknyga.lt\/knygu-parduotuve\/"},{"@type":"ListItem","position":3,"name":"Gydom\u0117s namie. I\u0161samus iliustruotas vadovas"}]},{"@type":"WebSite","@id":"https:\/\/skaitytaknyga.lt\/#website","url":"https:\/\/skaitytaknyga.lt\/","name":"skaitytaknyga.lt","description":"Skaitytaknyga.lt \u2013 tai ma\u017eas \u0161eimos verslas, kuris prasid\u0117jo nuo meil\u0117s knygoms ir siekio i\u0161gelb\u0117ti knygas nuo likimo prie konteinerio. Kas vienam nereikalingas daiktas \u2013 kitam lobis, o mes esame tarpininkai, kurie padeda abiems tapti laimingesniems ???? \u017dinome kaip nelengva i\u0161gyventi ma\u017eiems verslams, tad nuo \u0161iol, \u010dia rasite ir kit\u0173, ma\u017e\u0173 \u0161eim\u0173 versl\u0173, rank\u0173 darbo, dovan\u0173 sau ir artimiesiems.","publisher":{"@id":"https:\/\/skaitytaknyga.lt\/#organization"},"potentialAction":[{"@type":"SearchAction","target":{"@type":"EntryPoint","urlTemplate":"https:\/\/skaitytaknyga.lt\/?s={search_term_string}"},"query-input":{"@type":"PropertyValueSpecification","valueRequired":true,"valueName":"search_term_string"}}],"inLanguage":"en-GB"},{"@type":"Organization","@id":"https:\/\/skaitytaknyga.lt\/#organization","name":"skaitytaknyga.lt","url":"https:\/\/skaitytaknyga.lt\/","logo":{"@type":"ImageObject","inLanguage":"en-GB","@id":"https:\/\/skaitytaknyga.lt\/#\/schema\/logo\/image\/","url":"https:\/\/skaitytaknyga.lt\/wp-content\/uploads\/2024\/05\/cropped-cropped-cropped-02_00843_jt3bggkj1j3HLc7SyY6rEUpg.jpeg","contentUrl":"https:\/\/skaitytaknyga.lt\/wp-content\/uploads\/2024\/05\/cropped-cropped-cropped-02_00843_jt3bggkj1j3HLc7SyY6rEUpg.jpeg","width":1600,"height":1600,"caption":"skaitytaknyga.lt"},"image":{"@id":"https:\/\/skaitytaknyga.lt\/#\/schema\/logo\/image\/"},"sameAs":["https:\/\/www.facebook.com\/skaitytaknyga\/"]}]}},"_links":{"self":[{"href":"https:\/\/skaitytaknyga.lt\/en\/wp-json\/wp\/v2\/product\/3209","targetHints":{"allow":["GET"]}}],"collection":[{"href":"https:\/\/skaitytaknyga.lt\/en\/wp-json\/wp\/v2\/product"}],"about":[{"href":"https:\/\/skaitytaknyga.lt\/en\/wp-json\/wp\/v2\/types\/product"}],"replies":[{"embeddable":true,"href":"https:\/\/skaitytaknyga.lt\/en\/wp-json\/wp\/v2\/comments?post=3209"}],"wp:featuredmedia":[{"embeddable":true,"href":"https:\/\/skaitytaknyga.lt\/en\/wp-json\/wp\/v2\/media\/3253"}],"wp:attachment":[{"href":"https:\/\/skaitytaknyga.lt\/en\/wp-json\/wp\/v2\/media?parent=3209"}],"wp:term":[{"taxonomy":"product_brand","embeddable":true,"href":"https:\/\/skaitytaknyga.lt\/en\/wp-json\/wp\/v2\/product_brand?post=3209"},{"taxonomy":"product_cat","embeddable":true,"href":"https:\/\/skaitytaknyga.lt\/en\/wp-json\/wp\/v2\/product_cat?post=3209"},{"taxonomy":"product_tag","embeddable":true,"href":"https:\/\/skaitytaknyga.lt\/en\/wp-json\/wp\/v2\/product_tag?post=3209"}],"curies":[{"name":"wp","href":"https:\/\/api.w.org\/{rel}","templated":true}]}}