{"id":3202,"date":"2024-04-17T13:23:06","date_gmt":"2024-04-17T13:23:06","guid":{"rendered":"https:\/\/skaitytaknyga.lt\/?post_type=product&#038;p=3202"},"modified":"2024-05-03T07:18:24","modified_gmt":"2024-05-03T07:18:24","slug":"gamtos-enciklopedija-vaikams","status":"publish","type":"product","link":"https:\/\/skaitytaknyga.lt\/en\/produktas\/gamtos-enciklopedija-vaikams\/","title":{"rendered":"Gamtos enciklopedija vaikams"},"content":{"rendered":"<p>Kod\u0117l leopardo kailis d\u0117m\u0117tas? Kaip augalai kv\u0117puoja? Kod\u0117l \u017eirafos kaklas toks ilgas? Kuo minta banginiai? \u0160i ki\u0161enin\u0117 enciklopedija Jums visada bus po ranka, tod\u0117l greitai rasite atsakymus \u012f \u0161iuos ir daugel\u012f kit\u0173 klausim\u0173. Su\u017einosite, kaip gyv\u016bnai randa maisto, poruojasi, sprunka nuo prie\u0161\u0173 ir prisitaiko prie \u012fvairiausi\u0173 s\u0105lyg\u0173. Nuo svaiginan\u010di\u0173 kaln\u0173 vir\u0161\u016bni\u0173 iki koralini\u0173 rif\u0173, tanki\u0173 d\u017eiungli\u0173 ir bekra\u0161\u010di\u0173 dykum\u0173 apkeliausite gyv\u016bnijos ir augalijos karalij\u0105!<\/p>\n","protected":false},"excerpt":{"rendered":"<p>Kod\u0117l leopardo kailis d\u0117m\u0117tas? Kaip augalai kv\u0117puoja? Kod\u0117l \u017eirafos kaklas toks ilgas? Kuo minta banginiai? \u0160i ki\u0161enin\u0117 enciklopedija Jums visada bus po ranka, tod\u0117l greitai rasite atsakymus \u012f \u0161iuos ir daugel\u012f kit\u0173 klausim\u0173. Su\u017einosite, kaip gyv\u016bnai randa maisto, poruojasi, sprunka nuo prie\u0161\u0173 ir prisitaiko prie \u012fvairiausi\u0173 s\u0105lyg\u0173. Nuo svaiginan\u010di\u0173 kaln\u0173 vir\u0161\u016bni\u0173 iki koralini\u0173 rif\u0173, tanki\u0173 d\u017eiungli\u0173 ir bekra\u0161\u010di\u0173 dykum\u0173 apkeliausite gyv\u016bnijos ir augalijos karalij\u0105!<\/p>\n","protected":false},"featured_media":3232,"comment_status":"closed","ping_status":"closed","template":"","meta":{"_acf_changed":false,"site-sidebar-layout":"default","site-content-layout":"","ast-site-content-layout":"default","site-content-style":"default","site-sidebar-style":"default","ast-global-header-display":"","ast-banner-title-visibility":"","ast-main-header-display":"","ast-hfb-above-header-display":"","ast-hfb-below-header-display":"","ast-hfb-mobile-header-display":"","site-post-title":"","ast-breadcrumbs-content":"","ast-featured-img":"","footer-sml-layout":"","ast-disable-related-posts":"","theme-transparent-header-meta":"","adv-header-id-meta":"","stick-header-meta":"","header-above-stick-meta":"","header-main-stick-meta":"","header-below-stick-meta":"","astra-migrate-meta-layouts":"default","ast-page-background-enabled":"default","ast-page-background-meta":{"desktop":{"background-color":"","background-image":"","background-repeat":"repeat","background-position":"center center","background-size":"auto","background-attachment":"scroll","background-type":"","background-media":"","overlay-type":"","overlay-color":"","overlay-opacity":"","overlay-gradient":""},"tablet":{"background-color":"","background-image":"","background-repeat":"repeat","background-position":"center center","background-size":"auto","background-attachment":"scroll","background-type":"","background-media":"","overlay-type":"","overlay-color":"","overlay-opacity":"","overlay-gradient":""},"mobile":{"background-color":"","background-image":"","background-repeat":"repeat","background-position":"center center","background-size":"auto","background-attachment":"scroll","background-type":"","background-media":"","overlay-type":"","overlay-color":"","overlay-opacity":"","overlay-gradient":""}},"ast-content-background-meta":{"desktop":{"background-color":"var(--ast-global-color-4)","background-image":"","background-repeat":"repeat","background-position":"center center","background-size":"auto","background-attachment":"scroll","background-type":"","background-media":"","overlay-type":"","overlay-color":"","overlay-opacity":"","overlay-gradient":""},"tablet":{"background-color":"var(--ast-global-color-4)","background-image":"","background-repeat":"repeat","background-position":"center center","background-size":"auto","background-attachment":"scroll","background-type":"","background-media":"","overlay-type":"","overlay-color":"","overlay-opacity":"","overlay-gradient":""},"mobile":{"background-color":"var(--ast-global-color-4)","background-image":"","background-repeat":"repeat","background-position":"center center","background-size":"auto","background-attachment":"scroll","background-type":"","background-media":"","overlay-type":"","overlay-color":"","overlay-opacity":"","overlay-gradient":""}}},"product_brand":[],"product_cat":[35,73],"product_tag":[],"class_list":{"0":"post-3202","1":"product","2":"type-product","3":"status-publish","4":"has-post-thumbnail","6":"product_cat-vaikams-ir-paaugliams","7":"product_cat-zinynai-ir-enciklopedijos","8":"desktop-align-left","9":"tablet-align-left","10":"mobile-align-left","12":"first","13":"outofstock","14":"shipping-taxable","15":"purchasable","16":"product-type-simple"},"acf":[],"yoast_head":"<!-- This site is optimized with the Yoast SEO plugin v27.0 - https:\/\/yoast.com\/product\/yoast-seo-wordpress\/ -->\n<title>Gamtos enciklopedija vaikams - Skaitytaknyga<\/title>\n<meta name=\"description\" content=\"Kod\u0117l leopardo kailis d\u0117m\u0117tas? Kaip augalai kv\u0117puoja? Kod\u0117l \u017eirafos kaklas toks ilgas? Kuo minta banginiai? \u0160i ki\u0161enin\u0117 enciklopedija Jums visada bus po ranka, tod\u0117l greitai rasite atsakymus \u012f \u0161iuos ir daugel\u012f kit\u0173 klausim\u0173. Su\u017einosite, kaip gyv\u016bnai randa maisto, poruojasi, sprunka nuo prie\u0161\u0173 ir prisitaiko prie \u012fvairiausi\u0173 s\u0105lyg\u0173. Nuo svaiginan\u010di\u0173 kaln\u0173 vir\u0161\u016bni\u0173 iki koralini\u0173 rif\u0173, tanki\u0173 d\u017eiungli\u0173 ir bekra\u0161\u010di\u0173 dykum\u0173 apkeliausite gyv\u016bnijos ir augalijos karalij\u0105!\" \/>\n<meta name=\"robots\" content=\"index, follow, max-snippet:-1, max-image-preview:large, max-video-preview:-1\" \/>\n<link rel=\"canonical\" href=\"https:\/\/skaitytaknyga.lt\/en\/produktas\/gamtos-enciklopedija-vaikams\/\" \/>\n<meta property=\"og:locale\" content=\"en_GB\" \/>\n<meta property=\"og:locale:alternate\" content=\"lt_LT\" \/>\n<meta property=\"og:type\" content=\"article\" \/>\n<meta property=\"og:title\" content=\"Gamtos enciklopedija vaikams - Skaitytaknyga\" \/>\n<meta property=\"og:description\" content=\"Kod\u0117l leopardo kailis d\u0117m\u0117tas? Kaip augalai kv\u0117puoja? Kod\u0117l \u017eirafos kaklas toks ilgas? Kuo minta banginiai? \u0160i ki\u0161enin\u0117 enciklopedija Jums visada bus po ranka, tod\u0117l greitai rasite atsakymus \u012f \u0161iuos ir daugel\u012f kit\u0173 klausim\u0173. Su\u017einosite, kaip gyv\u016bnai randa maisto, poruojasi, sprunka nuo prie\u0161\u0173 ir prisitaiko prie \u012fvairiausi\u0173 s\u0105lyg\u0173. Nuo svaiginan\u010di\u0173 kaln\u0173 vir\u0161\u016bni\u0173 iki koralini\u0173 rif\u0173, tanki\u0173 d\u017eiungli\u0173 ir bekra\u0161\u010di\u0173 dykum\u0173 apkeliausite gyv\u016bnijos ir augalijos karalij\u0105!\" \/>\n<meta property=\"og:url\" content=\"https:\/\/skaitytaknyga.lt\/en\/produktas\/gamtos-enciklopedija-vaikams\/\" \/>\n<meta property=\"og:site_name\" content=\"Skaitytaknyga\" \/>\n<meta property=\"article:publisher\" content=\"https:\/\/www.facebook.com\/skaitytaknyga\/\" \/>\n<meta property=\"article:modified_time\" content=\"2024-05-03T07:18:24+00:00\" \/>\n<meta property=\"og:image\" content=\"https:\/\/skaitytaknyga.lt\/wp-content\/uploads\/2024\/04\/unnamed-1-3.jpg\" \/>\n\t<meta property=\"og:image:width\" content=\"394\" \/>\n\t<meta property=\"og:image:height\" content=\"512\" \/>\n\t<meta property=\"og:image:type\" content=\"image\/jpeg\" \/>\n<meta name=\"twitter:card\" content=\"summary_large_image\" \/>\n<script type=\"application\/ld+json\" class=\"yoast-schema-graph\">{\"@context\":\"https:\/\/schema.org\",\"@graph\":[{\"@type\":\"WebPage\",\"@id\":\"https:\/\/skaitytaknyga.lt\/produktas\/gamtos-enciklopedija-vaikams\/\",\"url\":\"https:\/\/skaitytaknyga.lt\/produktas\/gamtos-enciklopedija-vaikams\/\",\"name\":\"Gamtos enciklopedija vaikams - Skaitytaknyga\",\"isPartOf\":{\"@id\":\"https:\/\/skaitytaknyga.lt\/#website\"},\"primaryImageOfPage\":{\"@id\":\"https:\/\/skaitytaknyga.lt\/produktas\/gamtos-enciklopedija-vaikams\/#primaryimage\"},\"image\":{\"@id\":\"https:\/\/skaitytaknyga.lt\/produktas\/gamtos-enciklopedija-vaikams\/#primaryimage\"},\"thumbnailUrl\":\"https:\/\/skaitytaknyga.lt\/wp-content\/uploads\/2024\/04\/unnamed-1-3.jpg\",\"datePublished\":\"2024-04-17T13:23:06+00:00\",\"dateModified\":\"2024-05-03T07:18:24+00:00\",\"description\":\"Kod\u0117l leopardo kailis d\u0117m\u0117tas? Kaip augalai kv\u0117puoja? Kod\u0117l \u017eirafos kaklas toks ilgas? Kuo minta banginiai? \u0160i ki\u0161enin\u0117 enciklopedija Jums visada bus po ranka, tod\u0117l greitai rasite atsakymus \u012f \u0161iuos ir daugel\u012f kit\u0173 klausim\u0173. Su\u017einosite, kaip gyv\u016bnai randa maisto, poruojasi, sprunka nuo prie\u0161\u0173 ir prisitaiko prie \u012fvairiausi\u0173 s\u0105lyg\u0173. Nuo svaiginan\u010di\u0173 kaln\u0173 vir\u0161\u016bni\u0173 iki koralini\u0173 rif\u0173, tanki\u0173 d\u017eiungli\u0173 ir bekra\u0161\u010di\u0173 dykum\u0173 apkeliausite gyv\u016bnijos ir augalijos karalij\u0105!\",\"breadcrumb\":{\"@id\":\"https:\/\/skaitytaknyga.lt\/produktas\/gamtos-enciklopedija-vaikams\/#breadcrumb\"},\"inLanguage\":\"en-GB\",\"potentialAction\":[{\"@type\":\"ReadAction\",\"target\":[\"https:\/\/skaitytaknyga.lt\/produktas\/gamtos-enciklopedija-vaikams\/\"]}]},{\"@type\":\"ImageObject\",\"inLanguage\":\"en-GB\",\"@id\":\"https:\/\/skaitytaknyga.lt\/produktas\/gamtos-enciklopedija-vaikams\/#primaryimage\",\"url\":\"https:\/\/skaitytaknyga.lt\/wp-content\/uploads\/2024\/04\/unnamed-1-3.jpg\",\"contentUrl\":\"https:\/\/skaitytaknyga.lt\/wp-content\/uploads\/2024\/04\/unnamed-1-3.jpg\",\"width\":394,\"height\":512,\"caption\":\"unnamed 1 3\"},{\"@type\":\"BreadcrumbList\",\"@id\":\"https:\/\/skaitytaknyga.lt\/produktas\/gamtos-enciklopedija-vaikams\/#breadcrumb\",\"itemListElement\":[{\"@type\":\"ListItem\",\"position\":1,\"name\":\"Home\",\"item\":\"https:\/\/skaitytaknyga.lt\/\"},{\"@type\":\"ListItem\",\"position\":2,\"name\":\"Parduotuv\u0117\",\"item\":\"https:\/\/skaitytaknyga.lt\/knygu-parduotuve\/\"},{\"@type\":\"ListItem\",\"position\":3,\"name\":\"Gamtos enciklopedija vaikams\"}]},{\"@type\":\"WebSite\",\"@id\":\"https:\/\/skaitytaknyga.lt\/#website\",\"url\":\"https:\/\/skaitytaknyga.lt\/\",\"name\":\"skaitytaknyga.lt\",\"description\":\"Skaitytaknyga.lt \u2013 tai ma\u017eas \u0161eimos verslas, kuris prasid\u0117jo nuo meil\u0117s knygoms ir siekio i\u0161gelb\u0117ti knygas nuo likimo prie konteinerio. Kas vienam nereikalingas daiktas \u2013 kitam lobis, o mes esame tarpininkai, kurie padeda abiems tapti laimingesniems ???? \u017dinome kaip nelengva i\u0161gyventi ma\u017eiems verslams, tad nuo \u0161iol, \u010dia rasite ir kit\u0173, ma\u017e\u0173 \u0161eim\u0173 versl\u0173, rank\u0173 darbo, dovan\u0173 sau ir artimiesiems.\",\"publisher\":{\"@id\":\"https:\/\/skaitytaknyga.lt\/#organization\"},\"potentialAction\":[{\"@type\":\"SearchAction\",\"target\":{\"@type\":\"EntryPoint\",\"urlTemplate\":\"https:\/\/skaitytaknyga.lt\/?s={search_term_string}\"},\"query-input\":{\"@type\":\"PropertyValueSpecification\",\"valueRequired\":true,\"valueName\":\"search_term_string\"}}],\"inLanguage\":\"en-GB\"},{\"@type\":\"Organization\",\"@id\":\"https:\/\/skaitytaknyga.lt\/#organization\",\"name\":\"skaitytaknyga.lt\",\"url\":\"https:\/\/skaitytaknyga.lt\/\",\"logo\":{\"@type\":\"ImageObject\",\"inLanguage\":\"en-GB\",\"@id\":\"https:\/\/skaitytaknyga.lt\/#\/schema\/logo\/image\/\",\"url\":\"https:\/\/skaitytaknyga.lt\/wp-content\/uploads\/2024\/05\/cropped-cropped-cropped-02_00843_jt3bggkj1j3HLc7SyY6rEUpg.jpeg\",\"contentUrl\":\"https:\/\/skaitytaknyga.lt\/wp-content\/uploads\/2024\/05\/cropped-cropped-cropped-02_00843_jt3bggkj1j3HLc7SyY6rEUpg.jpeg\",\"width\":1600,\"height\":1600,\"caption\":\"skaitytaknyga.lt\"},\"image\":{\"@id\":\"https:\/\/skaitytaknyga.lt\/#\/schema\/logo\/image\/\"},\"sameAs\":[\"https:\/\/www.facebook.com\/skaitytaknyga\/\"]}]}<\/script>\n<!-- \/ Yoast SEO plugin. -->","yoast_head_json":{"title":"Gamtos enciklopedija vaikams - Skaitytaknyga","description":"Kod\u0117l leopardo kailis d\u0117m\u0117tas? Kaip augalai kv\u0117puoja? Kod\u0117l \u017eirafos kaklas toks ilgas? Kuo minta banginiai? \u0160i ki\u0161enin\u0117 enciklopedija Jums visada bus po ranka, tod\u0117l greitai rasite atsakymus \u012f \u0161iuos ir daugel\u012f kit\u0173 klausim\u0173. Su\u017einosite, kaip gyv\u016bnai randa maisto, poruojasi, sprunka nuo prie\u0161\u0173 ir prisitaiko prie \u012fvairiausi\u0173 s\u0105lyg\u0173. Nuo svaiginan\u010di\u0173 kaln\u0173 vir\u0161\u016bni\u0173 iki koralini\u0173 rif\u0173, tanki\u0173 d\u017eiungli\u0173 ir bekra\u0161\u010di\u0173 dykum\u0173 apkeliausite gyv\u016bnijos ir augalijos karalij\u0105!","robots":{"index":"index","follow":"follow","max-snippet":"max-snippet:-1","max-image-preview":"max-image-preview:large","max-video-preview":"max-video-preview:-1"},"canonical":"https:\/\/skaitytaknyga.lt\/en\/produktas\/gamtos-enciklopedija-vaikams\/","og_locale":"en_GB","og_type":"article","og_title":"Gamtos enciklopedija vaikams - Skaitytaknyga","og_description":"Kod\u0117l leopardo kailis d\u0117m\u0117tas? Kaip augalai kv\u0117puoja? Kod\u0117l \u017eirafos kaklas toks ilgas? Kuo minta banginiai? \u0160i ki\u0161enin\u0117 enciklopedija Jums visada bus po ranka, tod\u0117l greitai rasite atsakymus \u012f \u0161iuos ir daugel\u012f kit\u0173 klausim\u0173. Su\u017einosite, kaip gyv\u016bnai randa maisto, poruojasi, sprunka nuo prie\u0161\u0173 ir prisitaiko prie \u012fvairiausi\u0173 s\u0105lyg\u0173. Nuo svaiginan\u010di\u0173 kaln\u0173 vir\u0161\u016bni\u0173 iki koralini\u0173 rif\u0173, tanki\u0173 d\u017eiungli\u0173 ir bekra\u0161\u010di\u0173 dykum\u0173 apkeliausite gyv\u016bnijos ir augalijos karalij\u0105!","og_url":"https:\/\/skaitytaknyga.lt\/en\/produktas\/gamtos-enciklopedija-vaikams\/","og_site_name":"Skaitytaknyga","article_publisher":"https:\/\/www.facebook.com\/skaitytaknyga\/","article_modified_time":"2024-05-03T07:18:24+00:00","og_image":[{"width":394,"height":512,"url":"https:\/\/skaitytaknyga.lt\/wp-content\/uploads\/2024\/04\/unnamed-1-3.jpg","type":"image\/jpeg"}],"twitter_card":"summary_large_image","schema":{"@context":"https:\/\/schema.org","@graph":[{"@type":"WebPage","@id":"https:\/\/skaitytaknyga.lt\/produktas\/gamtos-enciklopedija-vaikams\/","url":"https:\/\/skaitytaknyga.lt\/produktas\/gamtos-enciklopedija-vaikams\/","name":"Gamtos enciklopedija vaikams - Skaitytaknyga","isPartOf":{"@id":"https:\/\/skaitytaknyga.lt\/#website"},"primaryImageOfPage":{"@id":"https:\/\/skaitytaknyga.lt\/produktas\/gamtos-enciklopedija-vaikams\/#primaryimage"},"image":{"@id":"https:\/\/skaitytaknyga.lt\/produktas\/gamtos-enciklopedija-vaikams\/#primaryimage"},"thumbnailUrl":"https:\/\/skaitytaknyga.lt\/wp-content\/uploads\/2024\/04\/unnamed-1-3.jpg","datePublished":"2024-04-17T13:23:06+00:00","dateModified":"2024-05-03T07:18:24+00:00","description":"Kod\u0117l leopardo kailis d\u0117m\u0117tas? Kaip augalai kv\u0117puoja? Kod\u0117l \u017eirafos kaklas toks ilgas? Kuo minta banginiai? \u0160i ki\u0161enin\u0117 enciklopedija Jums visada bus po ranka, tod\u0117l greitai rasite atsakymus \u012f \u0161iuos ir daugel\u012f kit\u0173 klausim\u0173. Su\u017einosite, kaip gyv\u016bnai randa maisto, poruojasi, sprunka nuo prie\u0161\u0173 ir prisitaiko prie \u012fvairiausi\u0173 s\u0105lyg\u0173. Nuo svaiginan\u010di\u0173 kaln\u0173 vir\u0161\u016bni\u0173 iki koralini\u0173 rif\u0173, tanki\u0173 d\u017eiungli\u0173 ir bekra\u0161\u010di\u0173 dykum\u0173 apkeliausite gyv\u016bnijos ir augalijos karalij\u0105!","breadcrumb":{"@id":"https:\/\/skaitytaknyga.lt\/produktas\/gamtos-enciklopedija-vaikams\/#breadcrumb"},"inLanguage":"en-GB","potentialAction":[{"@type":"ReadAction","target":["https:\/\/skaitytaknyga.lt\/produktas\/gamtos-enciklopedija-vaikams\/"]}]},{"@type":"ImageObject","inLanguage":"en-GB","@id":"https:\/\/skaitytaknyga.lt\/produktas\/gamtos-enciklopedija-vaikams\/#primaryimage","url":"https:\/\/skaitytaknyga.lt\/wp-content\/uploads\/2024\/04\/unnamed-1-3.jpg","contentUrl":"https:\/\/skaitytaknyga.lt\/wp-content\/uploads\/2024\/04\/unnamed-1-3.jpg","width":394,"height":512,"caption":"unnamed 1 3"},{"@type":"BreadcrumbList","@id":"https:\/\/skaitytaknyga.lt\/produktas\/gamtos-enciklopedija-vaikams\/#breadcrumb","itemListElement":[{"@type":"ListItem","position":1,"name":"Home","item":"https:\/\/skaitytaknyga.lt\/"},{"@type":"ListItem","position":2,"name":"Parduotuv\u0117","item":"https:\/\/skaitytaknyga.lt\/knygu-parduotuve\/"},{"@type":"ListItem","position":3,"name":"Gamtos enciklopedija vaikams"}]},{"@type":"WebSite","@id":"https:\/\/skaitytaknyga.lt\/#website","url":"https:\/\/skaitytaknyga.lt\/","name":"skaitytaknyga.lt","description":"Skaitytaknyga.lt \u2013 tai ma\u017eas \u0161eimos verslas, kuris prasid\u0117jo nuo meil\u0117s knygoms ir siekio i\u0161gelb\u0117ti knygas nuo likimo prie konteinerio. Kas vienam nereikalingas daiktas \u2013 kitam lobis, o mes esame tarpininkai, kurie padeda abiems tapti laimingesniems ???? \u017dinome kaip nelengva i\u0161gyventi ma\u017eiems verslams, tad nuo \u0161iol, \u010dia rasite ir kit\u0173, ma\u017e\u0173 \u0161eim\u0173 versl\u0173, rank\u0173 darbo, dovan\u0173 sau ir artimiesiems.","publisher":{"@id":"https:\/\/skaitytaknyga.lt\/#organization"},"potentialAction":[{"@type":"SearchAction","target":{"@type":"EntryPoint","urlTemplate":"https:\/\/skaitytaknyga.lt\/?s={search_term_string}"},"query-input":{"@type":"PropertyValueSpecification","valueRequired":true,"valueName":"search_term_string"}}],"inLanguage":"en-GB"},{"@type":"Organization","@id":"https:\/\/skaitytaknyga.lt\/#organization","name":"skaitytaknyga.lt","url":"https:\/\/skaitytaknyga.lt\/","logo":{"@type":"ImageObject","inLanguage":"en-GB","@id":"https:\/\/skaitytaknyga.lt\/#\/schema\/logo\/image\/","url":"https:\/\/skaitytaknyga.lt\/wp-content\/uploads\/2024\/05\/cropped-cropped-cropped-02_00843_jt3bggkj1j3HLc7SyY6rEUpg.jpeg","contentUrl":"https:\/\/skaitytaknyga.lt\/wp-content\/uploads\/2024\/05\/cropped-cropped-cropped-02_00843_jt3bggkj1j3HLc7SyY6rEUpg.jpeg","width":1600,"height":1600,"caption":"skaitytaknyga.lt"},"image":{"@id":"https:\/\/skaitytaknyga.lt\/#\/schema\/logo\/image\/"},"sameAs":["https:\/\/www.facebook.com\/skaitytaknyga\/"]}]}},"_links":{"self":[{"href":"https:\/\/skaitytaknyga.lt\/en\/wp-json\/wp\/v2\/product\/3202","targetHints":{"allow":["GET"]}}],"collection":[{"href":"https:\/\/skaitytaknyga.lt\/en\/wp-json\/wp\/v2\/product"}],"about":[{"href":"https:\/\/skaitytaknyga.lt\/en\/wp-json\/wp\/v2\/types\/product"}],"replies":[{"embeddable":true,"href":"https:\/\/skaitytaknyga.lt\/en\/wp-json\/wp\/v2\/comments?post=3202"}],"wp:featuredmedia":[{"embeddable":true,"href":"https:\/\/skaitytaknyga.lt\/en\/wp-json\/wp\/v2\/media\/3232"}],"wp:attachment":[{"href":"https:\/\/skaitytaknyga.lt\/en\/wp-json\/wp\/v2\/media?parent=3202"}],"wp:term":[{"taxonomy":"product_brand","embeddable":true,"href":"https:\/\/skaitytaknyga.lt\/en\/wp-json\/wp\/v2\/product_brand?post=3202"},{"taxonomy":"product_cat","embeddable":true,"href":"https:\/\/skaitytaknyga.lt\/en\/wp-json\/wp\/v2\/product_cat?post=3202"},{"taxonomy":"product_tag","embeddable":true,"href":"https:\/\/skaitytaknyga.lt\/en\/wp-json\/wp\/v2\/product_tag?post=3202"}],"curies":[{"name":"wp","href":"https:\/\/api.w.org\/{rel}","templated":true}]}}