{"id":3201,"date":"2024-04-17T13:23:06","date_gmt":"2024-04-17T13:23:06","guid":{"rendered":"https:\/\/skaitytaknyga.lt\/?post_type=product&#038;p=3201"},"modified":"2024-05-03T07:18:24","modified_gmt":"2024-05-03T07:18:24","slug":"1000-pirmuju-zodziu-angliskai","status":"publish","type":"product","link":"https:\/\/skaitytaknyga.lt\/en\/produktas\/1000-pirmuju-zodziu-angliskai\/","title":{"rendered":"1000 pirm\u0173j\u0173 \u017eod\u017ei\u0173 angli\u0161kai"},"content":{"rendered":"<p>\u0160is patrauklus pedagog\u0173 parengtas lietuvi\u0173-angl\u0173 kalb\u0173 \u017eodynas su paveiksl\u0117liais pad\u0117s 5-10 met\u0173 vaikams \u017eaismingai ir lengvai i\u0161mokti reikalingiausi\u0173 angl\u0173 kalbos \u017eod\u017ei\u0173.<\/p>\n<p>Knygoje yra 1000 spalvot\u0173 paveiksl\u0117li\u0173 su u\u017era\u0161ais lietuvi\u0173 ir angl\u0173 kalbomis. Jie pristato vaikus labiausiai dominan\u010dias sritis \u2013 \u017eaislus, gyv\u016bnus, transporto priemones, kosmos\u0105 ir kt. Yra special\u016bs puslapiai mokytis skai\u010diams.<\/p>\n","protected":false},"excerpt":{"rendered":"<p>\u0160is patrauklus pedagog\u0173 parengtas lietuvi\u0173-angl\u0173 kalb\u0173 \u017eodynas su paveiksl\u0117liais pad\u0117s 5-10 met\u0173 vaikams \u017eaismingai ir lengvai i\u0161mokti reikalingiausi\u0173 angl\u0173 kalbos \u017eod\u017ei\u0173.<\/p>\n<p>Knygoje yra 1000 spalvot\u0173 paveiksl\u0117li\u0173 su u\u017era\u0161ais lietuvi\u0173 ir angl\u0173 kalbomis. Jie pristato vaikus labiausiai dominan\u010dias sritis \u2013 \u017eaislus, gyv\u016bnus, transporto priemones, kosmos\u0105 ir kt. Yra special\u016bs puslapiai mokytis skai\u010diams.<\/p>\n","protected":false},"featured_media":3231,"comment_status":"closed","ping_status":"closed","template":"","meta":{"_acf_changed":false,"site-sidebar-layout":"default","site-content-layout":"","ast-site-content-layout":"default","site-content-style":"default","site-sidebar-style":"default","ast-global-header-display":"","ast-banner-title-visibility":"","ast-main-header-display":"","ast-hfb-above-header-display":"","ast-hfb-below-header-display":"","ast-hfb-mobile-header-display":"","site-post-title":"","ast-breadcrumbs-content":"","ast-featured-img":"","footer-sml-layout":"","ast-disable-related-posts":"","theme-transparent-header-meta":"","adv-header-id-meta":"","stick-header-meta":"","header-above-stick-meta":"","header-main-stick-meta":"","header-below-stick-meta":"","astra-migrate-meta-layouts":"default","ast-page-background-enabled":"default","ast-page-background-meta":{"desktop":{"background-color":"","background-image":"","background-repeat":"repeat","background-position":"center center","background-size":"auto","background-attachment":"scroll","background-type":"","background-media":"","overlay-type":"","overlay-color":"","overlay-opacity":"","overlay-gradient":""},"tablet":{"background-color":"","background-image":"","background-repeat":"repeat","background-position":"center center","background-size":"auto","background-attachment":"scroll","background-type":"","background-media":"","overlay-type":"","overlay-color":"","overlay-opacity":"","overlay-gradient":""},"mobile":{"background-color":"","background-image":"","background-repeat":"repeat","background-position":"center center","background-size":"auto","background-attachment":"scroll","background-type":"","background-media":"","overlay-type":"","overlay-color":"","overlay-opacity":"","overlay-gradient":""}},"ast-content-background-meta":{"desktop":{"background-color":"var(--ast-global-color-4)","background-image":"","background-repeat":"repeat","background-position":"center center","background-size":"auto","background-attachment":"scroll","background-type":"","background-media":"","overlay-type":"","overlay-color":"","overlay-opacity":"","overlay-gradient":""},"tablet":{"background-color":"var(--ast-global-color-4)","background-image":"","background-repeat":"repeat","background-position":"center center","background-size":"auto","background-attachment":"scroll","background-type":"","background-media":"","overlay-type":"","overlay-color":"","overlay-opacity":"","overlay-gradient":""},"mobile":{"background-color":"var(--ast-global-color-4)","background-image":"","background-repeat":"repeat","background-position":"center center","background-size":"auto","background-attachment":"scroll","background-type":"","background-media":"","overlay-type":"","overlay-color":"","overlay-opacity":"","overlay-gradient":""}}},"product_brand":[],"product_cat":[35],"product_tag":[],"class_list":{"0":"post-3201","1":"product","2":"type-product","3":"status-publish","4":"has-post-thumbnail","6":"product_cat-vaikams-ir-paaugliams","7":"desktop-align-left","8":"tablet-align-left","9":"mobile-align-left","11":"first","12":"outofstock","13":"shipping-taxable","14":"purchasable","15":"product-type-simple"},"acf":[],"yoast_head":"<!-- This site is optimized with the Yoast SEO plugin v27.0 - https:\/\/yoast.com\/product\/yoast-seo-wordpress\/ -->\n<title>1000 pirm\u0173j\u0173 \u017eod\u017ei\u0173 angli\u0161kai - Skaitytaknyga<\/title>\n<meta name=\"description\" content=\"\u0160is patrauklus pedagog\u0173 parengtas lietuvi\u0173-angl\u0173 kalb\u0173 \u017eodynas su paveiksl\u0117liais pad\u0117s 5-10 met\u0173 vaikams \u017eaismingai ir lengvai i\u0161mokti reikalingiausi\u0173 angl\u0173 kalbos \u017eod\u017ei\u0173.  Knygoje yra 1000 spalvot\u0173 paveiksl\u0117li\u0173 su u\u017era\u0161ais lietuvi\u0173 ir angl\u0173 kalbomis. Jie pristato vaikus labiausiai dominan\u010dias sritis \u2013 \u017eaislus, gyv\u016bnus, transporto priemones, kosmos\u0105 ir kt. Yra special\u016bs puslapiai mokytis skai\u010diams.\" \/>\n<meta name=\"robots\" content=\"index, follow, max-snippet:-1, max-image-preview:large, max-video-preview:-1\" \/>\n<link rel=\"canonical\" href=\"https:\/\/skaitytaknyga.lt\/en\/produktas\/1000-pirmuju-zodziu-angliskai\/\" \/>\n<meta property=\"og:locale\" content=\"en_GB\" \/>\n<meta property=\"og:locale:alternate\" content=\"lt_LT\" \/>\n<meta property=\"og:type\" content=\"article\" \/>\n<meta property=\"og:title\" content=\"1000 pirm\u0173j\u0173 \u017eod\u017ei\u0173 angli\u0161kai - Skaitytaknyga\" \/>\n<meta property=\"og:description\" content=\"\u0160is patrauklus pedagog\u0173 parengtas lietuvi\u0173-angl\u0173 kalb\u0173 \u017eodynas su paveiksl\u0117liais pad\u0117s 5-10 met\u0173 vaikams \u017eaismingai ir lengvai i\u0161mokti reikalingiausi\u0173 angl\u0173 kalbos \u017eod\u017ei\u0173.  Knygoje yra 1000 spalvot\u0173 paveiksl\u0117li\u0173 su u\u017era\u0161ais lietuvi\u0173 ir angl\u0173 kalbomis. Jie pristato vaikus labiausiai dominan\u010dias sritis \u2013 \u017eaislus, gyv\u016bnus, transporto priemones, kosmos\u0105 ir kt. Yra special\u016bs puslapiai mokytis skai\u010diams.\" \/>\n<meta property=\"og:url\" content=\"https:\/\/skaitytaknyga.lt\/en\/produktas\/1000-pirmuju-zodziu-angliskai\/\" \/>\n<meta property=\"og:site_name\" content=\"Skaitytaknyga\" \/>\n<meta property=\"article:publisher\" content=\"https:\/\/www.facebook.com\/skaitytaknyga\/\" \/>\n<meta property=\"article:modified_time\" content=\"2024-05-03T07:18:24+00:00\" \/>\n<meta property=\"og:image\" content=\"https:\/\/skaitytaknyga.lt\/wp-content\/uploads\/2024\/04\/1462877826_1000.jpg\" \/>\n\t<meta property=\"og:image:width\" content=\"442\" \/>\n\t<meta property=\"og:image:height\" content=\"554\" \/>\n\t<meta property=\"og:image:type\" content=\"image\/jpeg\" \/>\n<meta name=\"twitter:card\" content=\"summary_large_image\" \/>\n<script type=\"application\/ld+json\" class=\"yoast-schema-graph\">{\"@context\":\"https:\/\/schema.org\",\"@graph\":[{\"@type\":\"WebPage\",\"@id\":\"https:\/\/skaitytaknyga.lt\/produktas\/1000-pirmuju-zodziu-angliskai\/\",\"url\":\"https:\/\/skaitytaknyga.lt\/produktas\/1000-pirmuju-zodziu-angliskai\/\",\"name\":\"1000 pirm\u0173j\u0173 \u017eod\u017ei\u0173 angli\u0161kai - Skaitytaknyga\",\"isPartOf\":{\"@id\":\"https:\/\/skaitytaknyga.lt\/#website\"},\"primaryImageOfPage\":{\"@id\":\"https:\/\/skaitytaknyga.lt\/produktas\/1000-pirmuju-zodziu-angliskai\/#primaryimage\"},\"image\":{\"@id\":\"https:\/\/skaitytaknyga.lt\/produktas\/1000-pirmuju-zodziu-angliskai\/#primaryimage\"},\"thumbnailUrl\":\"https:\/\/skaitytaknyga.lt\/wp-content\/uploads\/2024\/04\/1462877826_1000.jpg\",\"datePublished\":\"2024-04-17T13:23:06+00:00\",\"dateModified\":\"2024-05-03T07:18:24+00:00\",\"description\":\"\u0160is patrauklus pedagog\u0173 parengtas lietuvi\u0173-angl\u0173 kalb\u0173 \u017eodynas su paveiksl\u0117liais pad\u0117s 5-10 met\u0173 vaikams \u017eaismingai ir lengvai i\u0161mokti reikalingiausi\u0173 angl\u0173 kalbos \u017eod\u017ei\u0173. Knygoje yra 1000 spalvot\u0173 paveiksl\u0117li\u0173 su u\u017era\u0161ais lietuvi\u0173 ir angl\u0173 kalbomis. Jie pristato vaikus labiausiai dominan\u010dias sritis \u2013 \u017eaislus, gyv\u016bnus, transporto priemones, kosmos\u0105 ir kt. Yra special\u016bs puslapiai mokytis skai\u010diams.\",\"breadcrumb\":{\"@id\":\"https:\/\/skaitytaknyga.lt\/produktas\/1000-pirmuju-zodziu-angliskai\/#breadcrumb\"},\"inLanguage\":\"en-GB\",\"potentialAction\":[{\"@type\":\"ReadAction\",\"target\":[\"https:\/\/skaitytaknyga.lt\/produktas\/1000-pirmuju-zodziu-angliskai\/\"]}]},{\"@type\":\"ImageObject\",\"inLanguage\":\"en-GB\",\"@id\":\"https:\/\/skaitytaknyga.lt\/produktas\/1000-pirmuju-zodziu-angliskai\/#primaryimage\",\"url\":\"https:\/\/skaitytaknyga.lt\/wp-content\/uploads\/2024\/04\/1462877826_1000.jpg\",\"contentUrl\":\"https:\/\/skaitytaknyga.lt\/wp-content\/uploads\/2024\/04\/1462877826_1000.jpg\",\"width\":442,\"height\":554,\"caption\":\"1462877826 1000\"},{\"@type\":\"BreadcrumbList\",\"@id\":\"https:\/\/skaitytaknyga.lt\/produktas\/1000-pirmuju-zodziu-angliskai\/#breadcrumb\",\"itemListElement\":[{\"@type\":\"ListItem\",\"position\":1,\"name\":\"Home\",\"item\":\"https:\/\/skaitytaknyga.lt\/\"},{\"@type\":\"ListItem\",\"position\":2,\"name\":\"Parduotuv\u0117\",\"item\":\"https:\/\/skaitytaknyga.lt\/knygu-parduotuve\/\"},{\"@type\":\"ListItem\",\"position\":3,\"name\":\"1000 pirm\u0173j\u0173 \u017eod\u017ei\u0173 angli\u0161kai\"}]},{\"@type\":\"WebSite\",\"@id\":\"https:\/\/skaitytaknyga.lt\/#website\",\"url\":\"https:\/\/skaitytaknyga.lt\/\",\"name\":\"skaitytaknyga.lt\",\"description\":\"Skaitytaknyga.lt \u2013 tai ma\u017eas \u0161eimos verslas, kuris prasid\u0117jo nuo meil\u0117s knygoms ir siekio i\u0161gelb\u0117ti knygas nuo likimo prie konteinerio. Kas vienam nereikalingas daiktas \u2013 kitam lobis, o mes esame tarpininkai, kurie padeda abiems tapti laimingesniems ???? \u017dinome kaip nelengva i\u0161gyventi ma\u017eiems verslams, tad nuo \u0161iol, \u010dia rasite ir kit\u0173, ma\u017e\u0173 \u0161eim\u0173 versl\u0173, rank\u0173 darbo, dovan\u0173 sau ir artimiesiems.\",\"publisher\":{\"@id\":\"https:\/\/skaitytaknyga.lt\/#organization\"},\"potentialAction\":[{\"@type\":\"SearchAction\",\"target\":{\"@type\":\"EntryPoint\",\"urlTemplate\":\"https:\/\/skaitytaknyga.lt\/?s={search_term_string}\"},\"query-input\":{\"@type\":\"PropertyValueSpecification\",\"valueRequired\":true,\"valueName\":\"search_term_string\"}}],\"inLanguage\":\"en-GB\"},{\"@type\":\"Organization\",\"@id\":\"https:\/\/skaitytaknyga.lt\/#organization\",\"name\":\"skaitytaknyga.lt\",\"url\":\"https:\/\/skaitytaknyga.lt\/\",\"logo\":{\"@type\":\"ImageObject\",\"inLanguage\":\"en-GB\",\"@id\":\"https:\/\/skaitytaknyga.lt\/#\/schema\/logo\/image\/\",\"url\":\"https:\/\/skaitytaknyga.lt\/wp-content\/uploads\/2024\/05\/cropped-cropped-cropped-02_00843_jt3bggkj1j3HLc7SyY6rEUpg.jpeg\",\"contentUrl\":\"https:\/\/skaitytaknyga.lt\/wp-content\/uploads\/2024\/05\/cropped-cropped-cropped-02_00843_jt3bggkj1j3HLc7SyY6rEUpg.jpeg\",\"width\":1600,\"height\":1600,\"caption\":\"skaitytaknyga.lt\"},\"image\":{\"@id\":\"https:\/\/skaitytaknyga.lt\/#\/schema\/logo\/image\/\"},\"sameAs\":[\"https:\/\/www.facebook.com\/skaitytaknyga\/\"]}]}<\/script>\n<!-- \/ Yoast SEO plugin. -->","yoast_head_json":{"title":"1000 pirm\u0173j\u0173 \u017eod\u017ei\u0173 angli\u0161kai - Skaitytaknyga","description":"\u0160is patrauklus pedagog\u0173 parengtas lietuvi\u0173-angl\u0173 kalb\u0173 \u017eodynas su paveiksl\u0117liais pad\u0117s 5-10 met\u0173 vaikams \u017eaismingai ir lengvai i\u0161mokti reikalingiausi\u0173 angl\u0173 kalbos \u017eod\u017ei\u0173.  Knygoje yra 1000 spalvot\u0173 paveiksl\u0117li\u0173 su u\u017era\u0161ais lietuvi\u0173 ir angl\u0173 kalbomis. Jie pristato vaikus labiausiai dominan\u010dias sritis \u2013 \u017eaislus, gyv\u016bnus, transporto priemones, kosmos\u0105 ir kt. Yra special\u016bs puslapiai mokytis skai\u010diams.","robots":{"index":"index","follow":"follow","max-snippet":"max-snippet:-1","max-image-preview":"max-image-preview:large","max-video-preview":"max-video-preview:-1"},"canonical":"https:\/\/skaitytaknyga.lt\/en\/produktas\/1000-pirmuju-zodziu-angliskai\/","og_locale":"en_GB","og_type":"article","og_title":"1000 pirm\u0173j\u0173 \u017eod\u017ei\u0173 angli\u0161kai - Skaitytaknyga","og_description":"\u0160is patrauklus pedagog\u0173 parengtas lietuvi\u0173-angl\u0173 kalb\u0173 \u017eodynas su paveiksl\u0117liais pad\u0117s 5-10 met\u0173 vaikams \u017eaismingai ir lengvai i\u0161mokti reikalingiausi\u0173 angl\u0173 kalbos \u017eod\u017ei\u0173.  Knygoje yra 1000 spalvot\u0173 paveiksl\u0117li\u0173 su u\u017era\u0161ais lietuvi\u0173 ir angl\u0173 kalbomis. Jie pristato vaikus labiausiai dominan\u010dias sritis \u2013 \u017eaislus, gyv\u016bnus, transporto priemones, kosmos\u0105 ir kt. Yra special\u016bs puslapiai mokytis skai\u010diams.","og_url":"https:\/\/skaitytaknyga.lt\/en\/produktas\/1000-pirmuju-zodziu-angliskai\/","og_site_name":"Skaitytaknyga","article_publisher":"https:\/\/www.facebook.com\/skaitytaknyga\/","article_modified_time":"2024-05-03T07:18:24+00:00","og_image":[{"width":442,"height":554,"url":"https:\/\/skaitytaknyga.lt\/wp-content\/uploads\/2024\/04\/1462877826_1000.jpg","type":"image\/jpeg"}],"twitter_card":"summary_large_image","schema":{"@context":"https:\/\/schema.org","@graph":[{"@type":"WebPage","@id":"https:\/\/skaitytaknyga.lt\/produktas\/1000-pirmuju-zodziu-angliskai\/","url":"https:\/\/skaitytaknyga.lt\/produktas\/1000-pirmuju-zodziu-angliskai\/","name":"1000 pirm\u0173j\u0173 \u017eod\u017ei\u0173 angli\u0161kai - Skaitytaknyga","isPartOf":{"@id":"https:\/\/skaitytaknyga.lt\/#website"},"primaryImageOfPage":{"@id":"https:\/\/skaitytaknyga.lt\/produktas\/1000-pirmuju-zodziu-angliskai\/#primaryimage"},"image":{"@id":"https:\/\/skaitytaknyga.lt\/produktas\/1000-pirmuju-zodziu-angliskai\/#primaryimage"},"thumbnailUrl":"https:\/\/skaitytaknyga.lt\/wp-content\/uploads\/2024\/04\/1462877826_1000.jpg","datePublished":"2024-04-17T13:23:06+00:00","dateModified":"2024-05-03T07:18:24+00:00","description":"\u0160is patrauklus pedagog\u0173 parengtas lietuvi\u0173-angl\u0173 kalb\u0173 \u017eodynas su paveiksl\u0117liais pad\u0117s 5-10 met\u0173 vaikams \u017eaismingai ir lengvai i\u0161mokti reikalingiausi\u0173 angl\u0173 kalbos \u017eod\u017ei\u0173. Knygoje yra 1000 spalvot\u0173 paveiksl\u0117li\u0173 su u\u017era\u0161ais lietuvi\u0173 ir angl\u0173 kalbomis. Jie pristato vaikus labiausiai dominan\u010dias sritis \u2013 \u017eaislus, gyv\u016bnus, transporto priemones, kosmos\u0105 ir kt. Yra special\u016bs puslapiai mokytis skai\u010diams.","breadcrumb":{"@id":"https:\/\/skaitytaknyga.lt\/produktas\/1000-pirmuju-zodziu-angliskai\/#breadcrumb"},"inLanguage":"en-GB","potentialAction":[{"@type":"ReadAction","target":["https:\/\/skaitytaknyga.lt\/produktas\/1000-pirmuju-zodziu-angliskai\/"]}]},{"@type":"ImageObject","inLanguage":"en-GB","@id":"https:\/\/skaitytaknyga.lt\/produktas\/1000-pirmuju-zodziu-angliskai\/#primaryimage","url":"https:\/\/skaitytaknyga.lt\/wp-content\/uploads\/2024\/04\/1462877826_1000.jpg","contentUrl":"https:\/\/skaitytaknyga.lt\/wp-content\/uploads\/2024\/04\/1462877826_1000.jpg","width":442,"height":554,"caption":"1462877826 1000"},{"@type":"BreadcrumbList","@id":"https:\/\/skaitytaknyga.lt\/produktas\/1000-pirmuju-zodziu-angliskai\/#breadcrumb","itemListElement":[{"@type":"ListItem","position":1,"name":"Home","item":"https:\/\/skaitytaknyga.lt\/"},{"@type":"ListItem","position":2,"name":"Parduotuv\u0117","item":"https:\/\/skaitytaknyga.lt\/knygu-parduotuve\/"},{"@type":"ListItem","position":3,"name":"1000 pirm\u0173j\u0173 \u017eod\u017ei\u0173 angli\u0161kai"}]},{"@type":"WebSite","@id":"https:\/\/skaitytaknyga.lt\/#website","url":"https:\/\/skaitytaknyga.lt\/","name":"skaitytaknyga.lt","description":"Skaitytaknyga.lt \u2013 tai ma\u017eas \u0161eimos verslas, kuris prasid\u0117jo nuo meil\u0117s knygoms ir siekio i\u0161gelb\u0117ti knygas nuo likimo prie konteinerio. Kas vienam nereikalingas daiktas \u2013 kitam lobis, o mes esame tarpininkai, kurie padeda abiems tapti laimingesniems ???? \u017dinome kaip nelengva i\u0161gyventi ma\u017eiems verslams, tad nuo \u0161iol, \u010dia rasite ir kit\u0173, ma\u017e\u0173 \u0161eim\u0173 versl\u0173, rank\u0173 darbo, dovan\u0173 sau ir artimiesiems.","publisher":{"@id":"https:\/\/skaitytaknyga.lt\/#organization"},"potentialAction":[{"@type":"SearchAction","target":{"@type":"EntryPoint","urlTemplate":"https:\/\/skaitytaknyga.lt\/?s={search_term_string}"},"query-input":{"@type":"PropertyValueSpecification","valueRequired":true,"valueName":"search_term_string"}}],"inLanguage":"en-GB"},{"@type":"Organization","@id":"https:\/\/skaitytaknyga.lt\/#organization","name":"skaitytaknyga.lt","url":"https:\/\/skaitytaknyga.lt\/","logo":{"@type":"ImageObject","inLanguage":"en-GB","@id":"https:\/\/skaitytaknyga.lt\/#\/schema\/logo\/image\/","url":"https:\/\/skaitytaknyga.lt\/wp-content\/uploads\/2024\/05\/cropped-cropped-cropped-02_00843_jt3bggkj1j3HLc7SyY6rEUpg.jpeg","contentUrl":"https:\/\/skaitytaknyga.lt\/wp-content\/uploads\/2024\/05\/cropped-cropped-cropped-02_00843_jt3bggkj1j3HLc7SyY6rEUpg.jpeg","width":1600,"height":1600,"caption":"skaitytaknyga.lt"},"image":{"@id":"https:\/\/skaitytaknyga.lt\/#\/schema\/logo\/image\/"},"sameAs":["https:\/\/www.facebook.com\/skaitytaknyga\/"]}]}},"_links":{"self":[{"href":"https:\/\/skaitytaknyga.lt\/en\/wp-json\/wp\/v2\/product\/3201","targetHints":{"allow":["GET"]}}],"collection":[{"href":"https:\/\/skaitytaknyga.lt\/en\/wp-json\/wp\/v2\/product"}],"about":[{"href":"https:\/\/skaitytaknyga.lt\/en\/wp-json\/wp\/v2\/types\/product"}],"replies":[{"embeddable":true,"href":"https:\/\/skaitytaknyga.lt\/en\/wp-json\/wp\/v2\/comments?post=3201"}],"wp:featuredmedia":[{"embeddable":true,"href":"https:\/\/skaitytaknyga.lt\/en\/wp-json\/wp\/v2\/media\/3231"}],"wp:attachment":[{"href":"https:\/\/skaitytaknyga.lt\/en\/wp-json\/wp\/v2\/media?parent=3201"}],"wp:term":[{"taxonomy":"product_brand","embeddable":true,"href":"https:\/\/skaitytaknyga.lt\/en\/wp-json\/wp\/v2\/product_brand?post=3201"},{"taxonomy":"product_cat","embeddable":true,"href":"https:\/\/skaitytaknyga.lt\/en\/wp-json\/wp\/v2\/product_cat?post=3201"},{"taxonomy":"product_tag","embeddable":true,"href":"https:\/\/skaitytaknyga.lt\/en\/wp-json\/wp\/v2\/product_tag?post=3201"}],"curies":[{"name":"wp","href":"https:\/\/api.w.org\/{rel}","templated":true}]}}