{"id":3172,"date":"2024-04-17T13:22:43","date_gmt":"2024-04-17T13:22:43","guid":{"rendered":"https:\/\/skaitytaknyga.lt\/?post_type=product&#038;p=3172"},"modified":"2026-03-18T11:19:07","modified_gmt":"2026-03-18T09:19:07","slug":"populiariausios-pasaulio-pasakos-lietuviskai-ir-angliskai","status":"publish","type":"product","link":"https:\/\/skaitytaknyga.lt\/en\/produktas\/populiariausios-pasaulio-pasakos-lietuviskai-ir-angliskai\/","title":{"rendered":"Populiariausios pasaulio pasakos lietuvi\u0161kai ir angli\u0161kai"},"content":{"rendered":"<p>H. K. Anderseno, \u0160. Pero ir broli\u0173 Grim\u0173 pasakos, pateiktos paprasta angl\u0173 kalba, yra puiki priemon\u0117 patraukti vaikus mokytis u\u017esienio kalbos. Pasakos i\u0161verstos \u012f lietuvi\u0173 kalb\u0105. Kiekviename puslapyje \u012fra\u0161yti keturi angl\u0173 kalbos \u017eod\u017eiai ar posakiai, j\u0173 tarimas, vertimas \u012f lietuvi\u0173 kalb\u0105 ir ma\u017eas pie\u0161inys. \u017dodyne leidinio pabaigoje \u0161ie \u017eod\u017eiai i\u0161d\u0117styti angl\u0173 kalbos ab\u0117c\u0117l\u0117s tvarka. \u0160ios pasakos kvie\u010dia skaitytoj\u0105 \u017evilgtel\u0117ti \u012f piln\u0105 stebukl\u0173 pasaul\u012f: jame gyvena colio dyd\u017eio mergait\u0117, li\u016bdnas an\u010diukas, \u017eiauri karalien\u0117, f\u0117jos ir raganos. \u0160iame pasaulyje g\u0117ris visada nugali blog\u012f.<\/p>\n","protected":false},"excerpt":{"rendered":"<p>H. K. Anderseno, \u0160. Pero ir broli\u0173 Grim\u0173 pasakos, pateiktos paprasta angl\u0173 kalba, yra puiki priemon\u0117 patraukti vaikus mokytis u\u017esienio kalbos. Pasakos i\u0161verstos \u012f lietuvi\u0173 kalb\u0105. Kiekviename puslapyje \u012fra\u0161yti keturi angl\u0173 kalbos \u017eod\u017eiai ar posakiai, j\u0173 tarimas, vertimas \u012f lietuvi\u0173 kalb\u0105 ir ma\u017eas pie\u0161inys. \u017dodyne leidinio pabaigoje \u0161ie \u017eod\u017eiai i\u0161d\u0117styti angl\u0173 kalbos ab\u0117c\u0117l\u0117s tvarka. \u0160ios pasakos kvie\u010dia skaitytoj\u0105 \u017evilgtel\u0117ti \u012f piln\u0105 stebukl\u0173 pasaul\u012f: jame gyvena colio dyd\u017eio mergait\u0117, li\u016bdnas an\u010diukas, \u017eiauri karalien\u0117, f\u0117jos ir raganos. \u0160iame pasaulyje g\u0117ris visada nugali blog\u012f.<\/p>\n","protected":false},"featured_media":3222,"comment_status":"closed","ping_status":"closed","template":"","meta":{"_acf_changed":false,"site-sidebar-layout":"default","site-content-layout":"","ast-site-content-layout":"default","site-content-style":"default","site-sidebar-style":"default","ast-global-header-display":"","ast-banner-title-visibility":"","ast-main-header-display":"","ast-hfb-above-header-display":"","ast-hfb-below-header-display":"","ast-hfb-mobile-header-display":"","site-post-title":"","ast-breadcrumbs-content":"","ast-featured-img":"","footer-sml-layout":"","ast-disable-related-posts":"","theme-transparent-header-meta":"","adv-header-id-meta":"","stick-header-meta":"","header-above-stick-meta":"","header-main-stick-meta":"","header-below-stick-meta":"","astra-migrate-meta-layouts":"default","ast-page-background-enabled":"default","ast-page-background-meta":{"desktop":{"background-color":"","background-image":"","background-repeat":"repeat","background-position":"center center","background-size":"auto","background-attachment":"scroll","background-type":"","background-media":"","overlay-type":"","overlay-color":"","overlay-opacity":"","overlay-gradient":""},"tablet":{"background-color":"","background-image":"","background-repeat":"repeat","background-position":"center center","background-size":"auto","background-attachment":"scroll","background-type":"","background-media":"","overlay-type":"","overlay-color":"","overlay-opacity":"","overlay-gradient":""},"mobile":{"background-color":"","background-image":"","background-repeat":"repeat","background-position":"center center","background-size":"auto","background-attachment":"scroll","background-type":"","background-media":"","overlay-type":"","overlay-color":"","overlay-opacity":"","overlay-gradient":""}},"ast-content-background-meta":{"desktop":{"background-color":"var(--ast-global-color-4)","background-image":"","background-repeat":"repeat","background-position":"center center","background-size":"auto","background-attachment":"scroll","background-type":"","background-media":"","overlay-type":"","overlay-color":"","overlay-opacity":"","overlay-gradient":""},"tablet":{"background-color":"var(--ast-global-color-4)","background-image":"","background-repeat":"repeat","background-position":"center center","background-size":"auto","background-attachment":"scroll","background-type":"","background-media":"","overlay-type":"","overlay-color":"","overlay-opacity":"","overlay-gradient":""},"mobile":{"background-color":"var(--ast-global-color-4)","background-image":"","background-repeat":"repeat","background-position":"center center","background-size":"auto","background-attachment":"scroll","background-type":"","background-media":"","overlay-type":"","overlay-color":"","overlay-opacity":"","overlay-gradient":""}}},"product_brand":[],"product_cat":[9672],"product_tag":[],"class_list":{"0":"post-3172","1":"product","2":"type-product","3":"status-publish","4":"has-post-thumbnail","6":"product_cat-pasakos","7":"desktop-align-left","8":"tablet-align-left","9":"mobile-align-left","11":"first","12":"instock","13":"shipping-taxable","14":"purchasable","15":"product-type-simple"},"acf":[],"yoast_head":"<!-- This site is optimized with the Yoast SEO plugin v27.0 - https:\/\/yoast.com\/product\/yoast-seo-wordpress\/ -->\n<title>Populiariausios pasaulio pasakos lietuvi\u0161kai ir angli\u0161kai - Skaitytaknyga<\/title>\n<meta name=\"description\" content=\"H. K. Anderseno, \u0160. Pero ir broli\u0173 Grim\u0173 pasakos, pateiktos paprasta angl\u0173 kalba, yra puiki priemon\u0117 patraukti vaikus mokytis u\u017esienio kalbos. Pasakos i\u0161verstos \u012f lietuvi\u0173 kalb\u0105. Kiekviename puslapyje \u012fra\u0161yti keturi angl\u0173 kalbos \u017eod\u017eiai ar posakiai, j\u0173 tarimas, vertimas \u012f lietuvi\u0173 kalb\u0105 ir ma\u017eas pie\u0161inys. \u017dodyne leidinio pabaigoje \u0161ie \u017eod\u017eiai i\u0161d\u0117styti angl\u0173 kalbos ab\u0117c\u0117l\u0117s tvarka. \u0160ios pasakos kvie\u010dia skaitytoj\u0105 \u017evilgtel\u0117ti \u012f piln\u0105 stebukl\u0173 pasaul\u012f: jame gyvena colio dyd\u017eio mergait\u0117, li\u016bdnas an\u010diukas, \u017eiauri karalien\u0117, f\u0117jos ir raganos. \u0160iame pasaulyje g\u0117ris visada nugali blog\u012f.\" \/>\n<meta name=\"robots\" content=\"index, follow, max-snippet:-1, max-image-preview:large, max-video-preview:-1\" \/>\n<link rel=\"canonical\" href=\"https:\/\/skaitytaknyga.lt\/en\/produktas\/populiariausios-pasaulio-pasakos-lietuviskai-ir-angliskai\/\" \/>\n<meta property=\"og:locale\" content=\"en_GB\" \/>\n<meta property=\"og:locale:alternate\" content=\"lt_LT\" \/>\n<meta property=\"og:type\" content=\"article\" \/>\n<meta property=\"og:title\" content=\"Populiariausios pasaulio pasakos lietuvi\u0161kai ir angli\u0161kai - Skaitytaknyga\" \/>\n<meta property=\"og:description\" content=\"H. K. Anderseno, \u0160. Pero ir broli\u0173 Grim\u0173 pasakos, pateiktos paprasta angl\u0173 kalba, yra puiki priemon\u0117 patraukti vaikus mokytis u\u017esienio kalbos. Pasakos i\u0161verstos \u012f lietuvi\u0173 kalb\u0105. Kiekviename puslapyje \u012fra\u0161yti keturi angl\u0173 kalbos \u017eod\u017eiai ar posakiai, j\u0173 tarimas, vertimas \u012f lietuvi\u0173 kalb\u0105 ir ma\u017eas pie\u0161inys. \u017dodyne leidinio pabaigoje \u0161ie \u017eod\u017eiai i\u0161d\u0117styti angl\u0173 kalbos ab\u0117c\u0117l\u0117s tvarka. \u0160ios pasakos kvie\u010dia skaitytoj\u0105 \u017evilgtel\u0117ti \u012f piln\u0105 stebukl\u0173 pasaul\u012f: jame gyvena colio dyd\u017eio mergait\u0117, li\u016bdnas an\u010diukas, \u017eiauri karalien\u0117, f\u0117jos ir raganos. \u0160iame pasaulyje g\u0117ris visada nugali blog\u012f.\" \/>\n<meta property=\"og:url\" content=\"https:\/\/skaitytaknyga.lt\/en\/produktas\/populiariausios-pasaulio-pasakos-lietuviskai-ir-angliskai\/\" \/>\n<meta property=\"og:site_name\" content=\"Skaitytaknyga\" \/>\n<meta property=\"article:publisher\" content=\"https:\/\/www.facebook.com\/skaitytaknyga\/\" \/>\n<meta property=\"article:modified_time\" content=\"2026-03-18T09:19:07+00:00\" \/>\n<meta property=\"og:image\" content=\"https:\/\/skaitytaknyga.lt\/wp-content\/uploads\/2024\/04\/Populiariausios-pasaulio-pasakos-lietuviskai-ir-angliskai-scaled-1.jpg\" \/>\n\t<meta property=\"og:image:width\" content=\"1791\" \/>\n\t<meta property=\"og:image:height\" content=\"2560\" \/>\n\t<meta property=\"og:image:type\" content=\"image\/jpeg\" \/>\n<meta name=\"twitter:card\" content=\"summary_large_image\" \/>\n<script type=\"application\/ld+json\" class=\"yoast-schema-graph\">{\"@context\":\"https:\/\/schema.org\",\"@graph\":[{\"@type\":\"WebPage\",\"@id\":\"https:\/\/skaitytaknyga.lt\/produktas\/populiariausios-pasaulio-pasakos-lietuviskai-ir-angliskai\/\",\"url\":\"https:\/\/skaitytaknyga.lt\/produktas\/populiariausios-pasaulio-pasakos-lietuviskai-ir-angliskai\/\",\"name\":\"Populiariausios pasaulio pasakos lietuvi\u0161kai ir angli\u0161kai - Skaitytaknyga\",\"isPartOf\":{\"@id\":\"https:\/\/skaitytaknyga.lt\/#website\"},\"primaryImageOfPage\":{\"@id\":\"https:\/\/skaitytaknyga.lt\/produktas\/populiariausios-pasaulio-pasakos-lietuviskai-ir-angliskai\/#primaryimage\"},\"image\":{\"@id\":\"https:\/\/skaitytaknyga.lt\/produktas\/populiariausios-pasaulio-pasakos-lietuviskai-ir-angliskai\/#primaryimage\"},\"thumbnailUrl\":\"https:\/\/skaitytaknyga.lt\/wp-content\/uploads\/2024\/04\/Populiariausios-pasaulio-pasakos-lietuviskai-ir-angliskai-scaled-1.jpg\",\"datePublished\":\"2024-04-17T13:22:43+00:00\",\"dateModified\":\"2026-03-18T09:19:07+00:00\",\"description\":\"H. K. Anderseno, \u0160. Pero ir broli\u0173 Grim\u0173 pasakos, pateiktos paprasta angl\u0173 kalba, yra puiki priemon\u0117 patraukti vaikus mokytis u\u017esienio kalbos. Pasakos i\u0161verstos \u012f lietuvi\u0173 kalb\u0105. Kiekviename puslapyje \u012fra\u0161yti keturi angl\u0173 kalbos \u017eod\u017eiai ar posakiai, j\u0173 tarimas, vertimas \u012f lietuvi\u0173 kalb\u0105 ir ma\u017eas pie\u0161inys. \u017dodyne leidinio pabaigoje \u0161ie \u017eod\u017eiai i\u0161d\u0117styti angl\u0173 kalbos ab\u0117c\u0117l\u0117s tvarka. \u0160ios pasakos kvie\u010dia skaitytoj\u0105 \u017evilgtel\u0117ti \u012f piln\u0105 stebukl\u0173 pasaul\u012f: jame gyvena colio dyd\u017eio mergait\u0117, li\u016bdnas an\u010diukas, \u017eiauri karalien\u0117, f\u0117jos ir raganos. \u0160iame pasaulyje g\u0117ris visada nugali blog\u012f.\",\"breadcrumb\":{\"@id\":\"https:\/\/skaitytaknyga.lt\/produktas\/populiariausios-pasaulio-pasakos-lietuviskai-ir-angliskai\/#breadcrumb\"},\"inLanguage\":\"en-GB\",\"potentialAction\":[{\"@type\":\"ReadAction\",\"target\":[\"https:\/\/skaitytaknyga.lt\/produktas\/populiariausios-pasaulio-pasakos-lietuviskai-ir-angliskai\/\"]}]},{\"@type\":\"ImageObject\",\"inLanguage\":\"en-GB\",\"@id\":\"https:\/\/skaitytaknyga.lt\/produktas\/populiariausios-pasaulio-pasakos-lietuviskai-ir-angliskai\/#primaryimage\",\"url\":\"https:\/\/skaitytaknyga.lt\/wp-content\/uploads\/2024\/04\/Populiariausios-pasaulio-pasakos-lietuviskai-ir-angliskai-scaled-1.jpg\",\"contentUrl\":\"https:\/\/skaitytaknyga.lt\/wp-content\/uploads\/2024\/04\/Populiariausios-pasaulio-pasakos-lietuviskai-ir-angliskai-scaled-1.jpg\",\"width\":1791,\"height\":2560,\"caption\":\"Populiariausios pasaulio pasakos lietuviskai ir angliskai scaled 1\"},{\"@type\":\"BreadcrumbList\",\"@id\":\"https:\/\/skaitytaknyga.lt\/produktas\/populiariausios-pasaulio-pasakos-lietuviskai-ir-angliskai\/#breadcrumb\",\"itemListElement\":[{\"@type\":\"ListItem\",\"position\":1,\"name\":\"Home\",\"item\":\"https:\/\/skaitytaknyga.lt\/\"},{\"@type\":\"ListItem\",\"position\":2,\"name\":\"Parduotuv\u0117\",\"item\":\"https:\/\/skaitytaknyga.lt\/knygu-parduotuve\/\"},{\"@type\":\"ListItem\",\"position\":3,\"name\":\"Populiariausios pasaulio pasakos lietuvi\u0161kai ir angli\u0161kai\"}]},{\"@type\":\"WebSite\",\"@id\":\"https:\/\/skaitytaknyga.lt\/#website\",\"url\":\"https:\/\/skaitytaknyga.lt\/\",\"name\":\"skaitytaknyga.lt\",\"description\":\"Skaitytaknyga.lt \u2013 tai ma\u017eas \u0161eimos verslas, kuris prasid\u0117jo nuo meil\u0117s knygoms ir siekio i\u0161gelb\u0117ti knygas nuo likimo prie konteinerio. Kas vienam nereikalingas daiktas \u2013 kitam lobis, o mes esame tarpininkai, kurie padeda abiems tapti laimingesniems ???? \u017dinome kaip nelengva i\u0161gyventi ma\u017eiems verslams, tad nuo \u0161iol, \u010dia rasite ir kit\u0173, ma\u017e\u0173 \u0161eim\u0173 versl\u0173, rank\u0173 darbo, dovan\u0173 sau ir artimiesiems.\",\"publisher\":{\"@id\":\"https:\/\/skaitytaknyga.lt\/#organization\"},\"potentialAction\":[{\"@type\":\"SearchAction\",\"target\":{\"@type\":\"EntryPoint\",\"urlTemplate\":\"https:\/\/skaitytaknyga.lt\/?s={search_term_string}\"},\"query-input\":{\"@type\":\"PropertyValueSpecification\",\"valueRequired\":true,\"valueName\":\"search_term_string\"}}],\"inLanguage\":\"en-GB\"},{\"@type\":\"Organization\",\"@id\":\"https:\/\/skaitytaknyga.lt\/#organization\",\"name\":\"skaitytaknyga.lt\",\"url\":\"https:\/\/skaitytaknyga.lt\/\",\"logo\":{\"@type\":\"ImageObject\",\"inLanguage\":\"en-GB\",\"@id\":\"https:\/\/skaitytaknyga.lt\/#\/schema\/logo\/image\/\",\"url\":\"https:\/\/skaitytaknyga.lt\/wp-content\/uploads\/2024\/05\/cropped-cropped-cropped-02_00843_jt3bggkj1j3HLc7SyY6rEUpg.jpeg\",\"contentUrl\":\"https:\/\/skaitytaknyga.lt\/wp-content\/uploads\/2024\/05\/cropped-cropped-cropped-02_00843_jt3bggkj1j3HLc7SyY6rEUpg.jpeg\",\"width\":1600,\"height\":1600,\"caption\":\"skaitytaknyga.lt\"},\"image\":{\"@id\":\"https:\/\/skaitytaknyga.lt\/#\/schema\/logo\/image\/\"},\"sameAs\":[\"https:\/\/www.facebook.com\/skaitytaknyga\/\"]}]}<\/script>\n<!-- \/ Yoast SEO plugin. -->","yoast_head_json":{"title":"Populiariausios pasaulio pasakos lietuvi\u0161kai ir angli\u0161kai - Skaitytaknyga","description":"H. K. Anderseno, \u0160. Pero ir broli\u0173 Grim\u0173 pasakos, pateiktos paprasta angl\u0173 kalba, yra puiki priemon\u0117 patraukti vaikus mokytis u\u017esienio kalbos. Pasakos i\u0161verstos \u012f lietuvi\u0173 kalb\u0105. Kiekviename puslapyje \u012fra\u0161yti keturi angl\u0173 kalbos \u017eod\u017eiai ar posakiai, j\u0173 tarimas, vertimas \u012f lietuvi\u0173 kalb\u0105 ir ma\u017eas pie\u0161inys. \u017dodyne leidinio pabaigoje \u0161ie \u017eod\u017eiai i\u0161d\u0117styti angl\u0173 kalbos ab\u0117c\u0117l\u0117s tvarka. \u0160ios pasakos kvie\u010dia skaitytoj\u0105 \u017evilgtel\u0117ti \u012f piln\u0105 stebukl\u0173 pasaul\u012f: jame gyvena colio dyd\u017eio mergait\u0117, li\u016bdnas an\u010diukas, \u017eiauri karalien\u0117, f\u0117jos ir raganos. \u0160iame pasaulyje g\u0117ris visada nugali blog\u012f.","robots":{"index":"index","follow":"follow","max-snippet":"max-snippet:-1","max-image-preview":"max-image-preview:large","max-video-preview":"max-video-preview:-1"},"canonical":"https:\/\/skaitytaknyga.lt\/en\/produktas\/populiariausios-pasaulio-pasakos-lietuviskai-ir-angliskai\/","og_locale":"en_GB","og_type":"article","og_title":"Populiariausios pasaulio pasakos lietuvi\u0161kai ir angli\u0161kai - Skaitytaknyga","og_description":"H. K. Anderseno, \u0160. Pero ir broli\u0173 Grim\u0173 pasakos, pateiktos paprasta angl\u0173 kalba, yra puiki priemon\u0117 patraukti vaikus mokytis u\u017esienio kalbos. Pasakos i\u0161verstos \u012f lietuvi\u0173 kalb\u0105. Kiekviename puslapyje \u012fra\u0161yti keturi angl\u0173 kalbos \u017eod\u017eiai ar posakiai, j\u0173 tarimas, vertimas \u012f lietuvi\u0173 kalb\u0105 ir ma\u017eas pie\u0161inys. \u017dodyne leidinio pabaigoje \u0161ie \u017eod\u017eiai i\u0161d\u0117styti angl\u0173 kalbos ab\u0117c\u0117l\u0117s tvarka. \u0160ios pasakos kvie\u010dia skaitytoj\u0105 \u017evilgtel\u0117ti \u012f piln\u0105 stebukl\u0173 pasaul\u012f: jame gyvena colio dyd\u017eio mergait\u0117, li\u016bdnas an\u010diukas, \u017eiauri karalien\u0117, f\u0117jos ir raganos. \u0160iame pasaulyje g\u0117ris visada nugali blog\u012f.","og_url":"https:\/\/skaitytaknyga.lt\/en\/produktas\/populiariausios-pasaulio-pasakos-lietuviskai-ir-angliskai\/","og_site_name":"Skaitytaknyga","article_publisher":"https:\/\/www.facebook.com\/skaitytaknyga\/","article_modified_time":"2026-03-18T09:19:07+00:00","og_image":[{"width":1791,"height":2560,"url":"https:\/\/skaitytaknyga.lt\/wp-content\/uploads\/2024\/04\/Populiariausios-pasaulio-pasakos-lietuviskai-ir-angliskai-scaled-1.jpg","type":"image\/jpeg"}],"twitter_card":"summary_large_image","schema":{"@context":"https:\/\/schema.org","@graph":[{"@type":"WebPage","@id":"https:\/\/skaitytaknyga.lt\/produktas\/populiariausios-pasaulio-pasakos-lietuviskai-ir-angliskai\/","url":"https:\/\/skaitytaknyga.lt\/produktas\/populiariausios-pasaulio-pasakos-lietuviskai-ir-angliskai\/","name":"Populiariausios pasaulio pasakos lietuvi\u0161kai ir angli\u0161kai - Skaitytaknyga","isPartOf":{"@id":"https:\/\/skaitytaknyga.lt\/#website"},"primaryImageOfPage":{"@id":"https:\/\/skaitytaknyga.lt\/produktas\/populiariausios-pasaulio-pasakos-lietuviskai-ir-angliskai\/#primaryimage"},"image":{"@id":"https:\/\/skaitytaknyga.lt\/produktas\/populiariausios-pasaulio-pasakos-lietuviskai-ir-angliskai\/#primaryimage"},"thumbnailUrl":"https:\/\/skaitytaknyga.lt\/wp-content\/uploads\/2024\/04\/Populiariausios-pasaulio-pasakos-lietuviskai-ir-angliskai-scaled-1.jpg","datePublished":"2024-04-17T13:22:43+00:00","dateModified":"2026-03-18T09:19:07+00:00","description":"H. K. Anderseno, \u0160. Pero ir broli\u0173 Grim\u0173 pasakos, pateiktos paprasta angl\u0173 kalba, yra puiki priemon\u0117 patraukti vaikus mokytis u\u017esienio kalbos. Pasakos i\u0161verstos \u012f lietuvi\u0173 kalb\u0105. Kiekviename puslapyje \u012fra\u0161yti keturi angl\u0173 kalbos \u017eod\u017eiai ar posakiai, j\u0173 tarimas, vertimas \u012f lietuvi\u0173 kalb\u0105 ir ma\u017eas pie\u0161inys. \u017dodyne leidinio pabaigoje \u0161ie \u017eod\u017eiai i\u0161d\u0117styti angl\u0173 kalbos ab\u0117c\u0117l\u0117s tvarka. \u0160ios pasakos kvie\u010dia skaitytoj\u0105 \u017evilgtel\u0117ti \u012f piln\u0105 stebukl\u0173 pasaul\u012f: jame gyvena colio dyd\u017eio mergait\u0117, li\u016bdnas an\u010diukas, \u017eiauri karalien\u0117, f\u0117jos ir raganos. \u0160iame pasaulyje g\u0117ris visada nugali blog\u012f.","breadcrumb":{"@id":"https:\/\/skaitytaknyga.lt\/produktas\/populiariausios-pasaulio-pasakos-lietuviskai-ir-angliskai\/#breadcrumb"},"inLanguage":"en-GB","potentialAction":[{"@type":"ReadAction","target":["https:\/\/skaitytaknyga.lt\/produktas\/populiariausios-pasaulio-pasakos-lietuviskai-ir-angliskai\/"]}]},{"@type":"ImageObject","inLanguage":"en-GB","@id":"https:\/\/skaitytaknyga.lt\/produktas\/populiariausios-pasaulio-pasakos-lietuviskai-ir-angliskai\/#primaryimage","url":"https:\/\/skaitytaknyga.lt\/wp-content\/uploads\/2024\/04\/Populiariausios-pasaulio-pasakos-lietuviskai-ir-angliskai-scaled-1.jpg","contentUrl":"https:\/\/skaitytaknyga.lt\/wp-content\/uploads\/2024\/04\/Populiariausios-pasaulio-pasakos-lietuviskai-ir-angliskai-scaled-1.jpg","width":1791,"height":2560,"caption":"Populiariausios pasaulio pasakos lietuviskai ir angliskai scaled 1"},{"@type":"BreadcrumbList","@id":"https:\/\/skaitytaknyga.lt\/produktas\/populiariausios-pasaulio-pasakos-lietuviskai-ir-angliskai\/#breadcrumb","itemListElement":[{"@type":"ListItem","position":1,"name":"Home","item":"https:\/\/skaitytaknyga.lt\/"},{"@type":"ListItem","position":2,"name":"Parduotuv\u0117","item":"https:\/\/skaitytaknyga.lt\/knygu-parduotuve\/"},{"@type":"ListItem","position":3,"name":"Populiariausios pasaulio pasakos lietuvi\u0161kai ir angli\u0161kai"}]},{"@type":"WebSite","@id":"https:\/\/skaitytaknyga.lt\/#website","url":"https:\/\/skaitytaknyga.lt\/","name":"skaitytaknyga.lt","description":"Skaitytaknyga.lt \u2013 tai ma\u017eas \u0161eimos verslas, kuris prasid\u0117jo nuo meil\u0117s knygoms ir siekio i\u0161gelb\u0117ti knygas nuo likimo prie konteinerio. Kas vienam nereikalingas daiktas \u2013 kitam lobis, o mes esame tarpininkai, kurie padeda abiems tapti laimingesniems ???? \u017dinome kaip nelengva i\u0161gyventi ma\u017eiems verslams, tad nuo \u0161iol, \u010dia rasite ir kit\u0173, ma\u017e\u0173 \u0161eim\u0173 versl\u0173, rank\u0173 darbo, dovan\u0173 sau ir artimiesiems.","publisher":{"@id":"https:\/\/skaitytaknyga.lt\/#organization"},"potentialAction":[{"@type":"SearchAction","target":{"@type":"EntryPoint","urlTemplate":"https:\/\/skaitytaknyga.lt\/?s={search_term_string}"},"query-input":{"@type":"PropertyValueSpecification","valueRequired":true,"valueName":"search_term_string"}}],"inLanguage":"en-GB"},{"@type":"Organization","@id":"https:\/\/skaitytaknyga.lt\/#organization","name":"skaitytaknyga.lt","url":"https:\/\/skaitytaknyga.lt\/","logo":{"@type":"ImageObject","inLanguage":"en-GB","@id":"https:\/\/skaitytaknyga.lt\/#\/schema\/logo\/image\/","url":"https:\/\/skaitytaknyga.lt\/wp-content\/uploads\/2024\/05\/cropped-cropped-cropped-02_00843_jt3bggkj1j3HLc7SyY6rEUpg.jpeg","contentUrl":"https:\/\/skaitytaknyga.lt\/wp-content\/uploads\/2024\/05\/cropped-cropped-cropped-02_00843_jt3bggkj1j3HLc7SyY6rEUpg.jpeg","width":1600,"height":1600,"caption":"skaitytaknyga.lt"},"image":{"@id":"https:\/\/skaitytaknyga.lt\/#\/schema\/logo\/image\/"},"sameAs":["https:\/\/www.facebook.com\/skaitytaknyga\/"]}]}},"_links":{"self":[{"href":"https:\/\/skaitytaknyga.lt\/en\/wp-json\/wp\/v2\/product\/3172","targetHints":{"allow":["GET"]}}],"collection":[{"href":"https:\/\/skaitytaknyga.lt\/en\/wp-json\/wp\/v2\/product"}],"about":[{"href":"https:\/\/skaitytaknyga.lt\/en\/wp-json\/wp\/v2\/types\/product"}],"replies":[{"embeddable":true,"href":"https:\/\/skaitytaknyga.lt\/en\/wp-json\/wp\/v2\/comments?post=3172"}],"wp:featuredmedia":[{"embeddable":true,"href":"https:\/\/skaitytaknyga.lt\/en\/wp-json\/wp\/v2\/media\/3222"}],"wp:attachment":[{"href":"https:\/\/skaitytaknyga.lt\/en\/wp-json\/wp\/v2\/media?parent=3172"}],"wp:term":[{"taxonomy":"product_brand","embeddable":true,"href":"https:\/\/skaitytaknyga.lt\/en\/wp-json\/wp\/v2\/product_brand?post=3172"},{"taxonomy":"product_cat","embeddable":true,"href":"https:\/\/skaitytaknyga.lt\/en\/wp-json\/wp\/v2\/product_cat?post=3172"},{"taxonomy":"product_tag","embeddable":true,"href":"https:\/\/skaitytaknyga.lt\/en\/wp-json\/wp\/v2\/product_tag?post=3172"}],"curies":[{"name":"wp","href":"https:\/\/api.w.org\/{rel}","templated":true}]}}