{"id":3162,"date":"2024-04-17T13:22:42","date_gmt":"2024-04-17T13:22:42","guid":{"rendered":"https:\/\/skaitytaknyga.lt\/?post_type=product&#038;p=3162"},"modified":"2024-05-03T07:18:14","modified_gmt":"2024-05-03T07:18:14","slug":"b-mee-mes-nusipirkome-zoologijos-soda","status":"publish","type":"product","link":"https:\/\/skaitytaknyga.lt\/en\/produktas\/b-mee-mes-nusipirkome-zoologijos-soda\/","title":{"rendered":"B. Mee \u201eMes nusipirkome zoologijos sod\u0105\u201c"},"content":{"rendered":"<p>Su\u017einojusi, kad parduodamas Dartm\u016bro laukin\u0117s gamtos sodas, Bend\u017eamino \u0161eima i\u0161leid\u017eia visas santaupas, kad j\u012f \u012fsigyt\u0173. Naujieji savininkai susiduria su li\u016bdna realybe: pastatai gri\u016bva, pri\u017ei\u016br\u0117toj\u0173 n\u0117ra, pinig\u0173 tr\u016bksta. Li\u016btai, gauja vilk\u0173, pumos, me\u0161kos ir dar daugyb\u0117 egzoti\u0161k\u0173 gyv\u016bn\u0173 reikalauja nuolatinio d\u0117mesio. Bend\u017eaminas su \u017emona, dviem ma\u017eais vaikais, motina ir broliu plu\u0161a, kad aptriu\u0161\u0119s zoologijos sodas atgaut\u0173 buvus\u012f \u017eaves\u012f. Naujakuriams teks patirti visko: nuo komi\u0161k\u0173 situacij\u0173 iki Raudonojo kodo, signalizuojan\u010dio, jog pab\u0117go pavojingas \u017ev\u0117ris. Ar \u0161eimai pavyks \u0161i\u0105 viet\u0105 paversti rojumi laukiniams gyv\u016bnams?<\/p>\n","protected":false},"excerpt":{"rendered":"<p>Su\u017einojusi, kad parduodamas Dartm\u016bro laukin\u0117s gamtos sodas, Bend\u017eamino \u0161eima i\u0161leid\u017eia visas santaupas, kad j\u012f \u012fsigyt\u0173. Naujieji savininkai susiduria su li\u016bdna realybe: pastatai gri\u016bva, pri\u017ei\u016br\u0117toj\u0173 n\u0117ra, pinig\u0173 tr\u016bksta. Li\u016btai, gauja vilk\u0173, pumos, me\u0161kos ir dar daugyb\u0117 egzoti\u0161k\u0173 gyv\u016bn\u0173 reikalauja nuolatinio d\u0117mesio. Bend\u017eaminas su \u017emona, dviem ma\u017eais vaikais, motina ir broliu plu\u0161a, kad aptriu\u0161\u0119s zoologijos sodas atgaut\u0173 buvus\u012f \u017eaves\u012f. Naujakuriams teks patirti visko: nuo komi\u0161k\u0173 situacij\u0173 iki Raudonojo kodo, signalizuojan\u010dio, jog pab\u0117go pavojingas \u017ev\u0117ris. Ar \u0161eimai pavyks \u0161i\u0105 viet\u0105 paversti rojumi laukiniams gyv\u016bnams?<\/p>\n","protected":false},"featured_media":3192,"comment_status":"closed","ping_status":"closed","template":"","meta":{"_acf_changed":false,"site-sidebar-layout":"default","site-content-layout":"","ast-site-content-layout":"default","site-content-style":"default","site-sidebar-style":"default","ast-global-header-display":"","ast-banner-title-visibility":"","ast-main-header-display":"","ast-hfb-above-header-display":"","ast-hfb-below-header-display":"","ast-hfb-mobile-header-display":"","site-post-title":"","ast-breadcrumbs-content":"","ast-featured-img":"","footer-sml-layout":"","ast-disable-related-posts":"","theme-transparent-header-meta":"","adv-header-id-meta":"","stick-header-meta":"","header-above-stick-meta":"","header-main-stick-meta":"","header-below-stick-meta":"","astra-migrate-meta-layouts":"default","ast-page-background-enabled":"default","ast-page-background-meta":{"desktop":{"background-color":"","background-image":"","background-repeat":"repeat","background-position":"center center","background-size":"auto","background-attachment":"scroll","background-type":"","background-media":"","overlay-type":"","overlay-color":"","overlay-opacity":"","overlay-gradient":""},"tablet":{"background-color":"","background-image":"","background-repeat":"repeat","background-position":"center center","background-size":"auto","background-attachment":"scroll","background-type":"","background-media":"","overlay-type":"","overlay-color":"","overlay-opacity":"","overlay-gradient":""},"mobile":{"background-color":"","background-image":"","background-repeat":"repeat","background-position":"center center","background-size":"auto","background-attachment":"scroll","background-type":"","background-media":"","overlay-type":"","overlay-color":"","overlay-opacity":"","overlay-gradient":""}},"ast-content-background-meta":{"desktop":{"background-color":"var(--ast-global-color-4)","background-image":"","background-repeat":"repeat","background-position":"center center","background-size":"auto","background-attachment":"scroll","background-type":"","background-media":"","overlay-type":"","overlay-color":"","overlay-opacity":"","overlay-gradient":""},"tablet":{"background-color":"var(--ast-global-color-4)","background-image":"","background-repeat":"repeat","background-position":"center center","background-size":"auto","background-attachment":"scroll","background-type":"","background-media":"","overlay-type":"","overlay-color":"","overlay-opacity":"","overlay-gradient":""},"mobile":{"background-color":"var(--ast-global-color-4)","background-image":"","background-repeat":"repeat","background-position":"center center","background-size":"auto","background-attachment":"scroll","background-type":"","background-media":"","overlay-type":"","overlay-color":"","overlay-opacity":"","overlay-gradient":""}}},"product_brand":[],"product_cat":[35],"product_tag":[],"class_list":{"0":"post-3162","1":"product","2":"type-product","3":"status-publish","4":"has-post-thumbnail","6":"product_cat-vaikams-ir-paaugliams","7":"desktop-align-left","8":"tablet-align-left","9":"mobile-align-left","11":"first","12":"instock","13":"shipping-taxable","14":"purchasable","15":"product-type-simple"},"acf":[],"yoast_head":"<!-- This site is optimized with the Yoast SEO plugin v27.0 - https:\/\/yoast.com\/product\/yoast-seo-wordpress\/ -->\n<title>B. Mee \u201eMes nusipirkome zoologijos sod\u0105\u201c - Skaitytaknyga<\/title>\n<meta name=\"description\" content=\"Su\u017einojusi, kad parduodamas Dartm\u016bro laukin\u0117s gamtos sodas, Bend\u017eamino \u0161eima i\u0161leid\u017eia visas santaupas, kad j\u012f \u012fsigyt\u0173. Naujieji savininkai susiduria su li\u016bdna realybe: pastatai gri\u016bva, pri\u017ei\u016br\u0117toj\u0173 n\u0117ra, pinig\u0173 tr\u016bksta. Li\u016btai, gauja vilk\u0173, pumos, me\u0161kos ir dar daugyb\u0117 egzoti\u0161k\u0173 gyv\u016bn\u0173 reikalauja nuolatinio d\u0117mesio. Bend\u017eaminas su \u017emona, dviem ma\u017eais vaikais, motina ir broliu plu\u0161a, kad aptriu\u0161\u0119s zoologijos sodas atgaut\u0173 buvus\u012f \u017eaves\u012f. Naujakuriams teks patirti visko: nuo komi\u0161k\u0173 situacij\u0173 iki Raudonojo kodo, signalizuojan\u010dio, jog pab\u0117go pavojingas \u017ev\u0117ris. Ar \u0161eimai pavyks \u0161i\u0105 viet\u0105 paversti rojumi laukiniams gyv\u016bnams?\" \/>\n<meta name=\"robots\" content=\"index, follow, max-snippet:-1, max-image-preview:large, max-video-preview:-1\" \/>\n<link rel=\"canonical\" href=\"https:\/\/skaitytaknyga.lt\/en\/produktas\/b-mee-mes-nusipirkome-zoologijos-soda\/\" \/>\n<meta property=\"og:locale\" content=\"en_GB\" \/>\n<meta property=\"og:locale:alternate\" content=\"lt_LT\" \/>\n<meta property=\"og:type\" content=\"article\" \/>\n<meta property=\"og:title\" content=\"B. Mee \u201eMes nusipirkome zoologijos sod\u0105\u201c - Skaitytaknyga\" \/>\n<meta property=\"og:description\" content=\"Su\u017einojusi, kad parduodamas Dartm\u016bro laukin\u0117s gamtos sodas, Bend\u017eamino \u0161eima i\u0161leid\u017eia visas santaupas, kad j\u012f \u012fsigyt\u0173. Naujieji savininkai susiduria su li\u016bdna realybe: pastatai gri\u016bva, pri\u017ei\u016br\u0117toj\u0173 n\u0117ra, pinig\u0173 tr\u016bksta. Li\u016btai, gauja vilk\u0173, pumos, me\u0161kos ir dar daugyb\u0117 egzoti\u0161k\u0173 gyv\u016bn\u0173 reikalauja nuolatinio d\u0117mesio. Bend\u017eaminas su \u017emona, dviem ma\u017eais vaikais, motina ir broliu plu\u0161a, kad aptriu\u0161\u0119s zoologijos sodas atgaut\u0173 buvus\u012f \u017eaves\u012f. Naujakuriams teks patirti visko: nuo komi\u0161k\u0173 situacij\u0173 iki Raudonojo kodo, signalizuojan\u010dio, jog pab\u0117go pavojingas \u017ev\u0117ris. Ar \u0161eimai pavyks \u0161i\u0105 viet\u0105 paversti rojumi laukiniams gyv\u016bnams?\" \/>\n<meta property=\"og:url\" content=\"https:\/\/skaitytaknyga.lt\/en\/produktas\/b-mee-mes-nusipirkome-zoologijos-soda\/\" \/>\n<meta property=\"og:site_name\" content=\"Skaitytaknyga\" \/>\n<meta property=\"article:publisher\" content=\"https:\/\/www.facebook.com\/skaitytaknyga\/\" \/>\n<meta property=\"article:modified_time\" content=\"2024-05-03T07:18:14+00:00\" \/>\n<meta property=\"og:image\" content=\"https:\/\/skaitytaknyga.lt\/wp-content\/uploads\/2024\/04\/281481396_577839763606092_3123619480360725727_n.jpg\" \/>\n\t<meta property=\"og:image:width\" content=\"720\" \/>\n\t<meta property=\"og:image:height\" content=\"960\" \/>\n\t<meta property=\"og:image:type\" content=\"image\/jpeg\" \/>\n<meta name=\"twitter:card\" content=\"summary_large_image\" \/>\n<meta name=\"twitter:label1\" content=\"Estimated reading time\" \/>\n\t<meta name=\"twitter:data1\" content=\"1 minute\" \/>\n<script type=\"application\/ld+json\" class=\"yoast-schema-graph\">{\"@context\":\"https:\/\/schema.org\",\"@graph\":[{\"@type\":\"WebPage\",\"@id\":\"https:\/\/skaitytaknyga.lt\/produktas\/b-mee-mes-nusipirkome-zoologijos-soda\/\",\"url\":\"https:\/\/skaitytaknyga.lt\/produktas\/b-mee-mes-nusipirkome-zoologijos-soda\/\",\"name\":\"B. Mee \u201eMes nusipirkome zoologijos sod\u0105\u201c - Skaitytaknyga\",\"isPartOf\":{\"@id\":\"https:\/\/skaitytaknyga.lt\/#website\"},\"primaryImageOfPage\":{\"@id\":\"https:\/\/skaitytaknyga.lt\/produktas\/b-mee-mes-nusipirkome-zoologijos-soda\/#primaryimage\"},\"image\":{\"@id\":\"https:\/\/skaitytaknyga.lt\/produktas\/b-mee-mes-nusipirkome-zoologijos-soda\/#primaryimage\"},\"thumbnailUrl\":\"https:\/\/skaitytaknyga.lt\/wp-content\/uploads\/2024\/04\/281481396_577839763606092_3123619480360725727_n.jpg\",\"datePublished\":\"2024-04-17T13:22:42+00:00\",\"dateModified\":\"2024-05-03T07:18:14+00:00\",\"description\":\"Su\u017einojusi, kad parduodamas Dartm\u016bro laukin\u0117s gamtos sodas, Bend\u017eamino \u0161eima i\u0161leid\u017eia visas santaupas, kad j\u012f \u012fsigyt\u0173. Naujieji savininkai susiduria su li\u016bdna realybe: pastatai gri\u016bva, pri\u017ei\u016br\u0117toj\u0173 n\u0117ra, pinig\u0173 tr\u016bksta. Li\u016btai, gauja vilk\u0173, pumos, me\u0161kos ir dar daugyb\u0117 egzoti\u0161k\u0173 gyv\u016bn\u0173 reikalauja nuolatinio d\u0117mesio. Bend\u017eaminas su \u017emona, dviem ma\u017eais vaikais, motina ir broliu plu\u0161a, kad aptriu\u0161\u0119s zoologijos sodas atgaut\u0173 buvus\u012f \u017eaves\u012f. Naujakuriams teks patirti visko: nuo komi\u0161k\u0173 situacij\u0173 iki Raudonojo kodo, signalizuojan\u010dio, jog pab\u0117go pavojingas \u017ev\u0117ris. Ar \u0161eimai pavyks \u0161i\u0105 viet\u0105 paversti rojumi laukiniams gyv\u016bnams?\",\"breadcrumb\":{\"@id\":\"https:\/\/skaitytaknyga.lt\/produktas\/b-mee-mes-nusipirkome-zoologijos-soda\/#breadcrumb\"},\"inLanguage\":\"en-GB\",\"potentialAction\":[{\"@type\":\"ReadAction\",\"target\":[\"https:\/\/skaitytaknyga.lt\/produktas\/b-mee-mes-nusipirkome-zoologijos-soda\/\"]}]},{\"@type\":\"ImageObject\",\"inLanguage\":\"en-GB\",\"@id\":\"https:\/\/skaitytaknyga.lt\/produktas\/b-mee-mes-nusipirkome-zoologijos-soda\/#primaryimage\",\"url\":\"https:\/\/skaitytaknyga.lt\/wp-content\/uploads\/2024\/04\/281481396_577839763606092_3123619480360725727_n.jpg\",\"contentUrl\":\"https:\/\/skaitytaknyga.lt\/wp-content\/uploads\/2024\/04\/281481396_577839763606092_3123619480360725727_n.jpg\",\"width\":720,\"height\":960,\"caption\":\"281481396 577839763606092 3123619480360725727 n\"},{\"@type\":\"BreadcrumbList\",\"@id\":\"https:\/\/skaitytaknyga.lt\/produktas\/b-mee-mes-nusipirkome-zoologijos-soda\/#breadcrumb\",\"itemListElement\":[{\"@type\":\"ListItem\",\"position\":1,\"name\":\"Home\",\"item\":\"https:\/\/skaitytaknyga.lt\/\"},{\"@type\":\"ListItem\",\"position\":2,\"name\":\"Parduotuv\u0117\",\"item\":\"https:\/\/skaitytaknyga.lt\/knygu-parduotuve\/\"},{\"@type\":\"ListItem\",\"position\":3,\"name\":\"B. Mee \u201eMes nusipirkome zoologijos sod\u0105\u201c\"}]},{\"@type\":\"WebSite\",\"@id\":\"https:\/\/skaitytaknyga.lt\/#website\",\"url\":\"https:\/\/skaitytaknyga.lt\/\",\"name\":\"skaitytaknyga.lt\",\"description\":\"Skaitytaknyga.lt \u2013 tai ma\u017eas \u0161eimos verslas, kuris prasid\u0117jo nuo meil\u0117s knygoms ir siekio i\u0161gelb\u0117ti knygas nuo likimo prie konteinerio. Kas vienam nereikalingas daiktas \u2013 kitam lobis, o mes esame tarpininkai, kurie padeda abiems tapti laimingesniems ???? \u017dinome kaip nelengva i\u0161gyventi ma\u017eiems verslams, tad nuo \u0161iol, \u010dia rasite ir kit\u0173, ma\u017e\u0173 \u0161eim\u0173 versl\u0173, rank\u0173 darbo, dovan\u0173 sau ir artimiesiems.\",\"publisher\":{\"@id\":\"https:\/\/skaitytaknyga.lt\/#organization\"},\"potentialAction\":[{\"@type\":\"SearchAction\",\"target\":{\"@type\":\"EntryPoint\",\"urlTemplate\":\"https:\/\/skaitytaknyga.lt\/?s={search_term_string}\"},\"query-input\":{\"@type\":\"PropertyValueSpecification\",\"valueRequired\":true,\"valueName\":\"search_term_string\"}}],\"inLanguage\":\"en-GB\"},{\"@type\":\"Organization\",\"@id\":\"https:\/\/skaitytaknyga.lt\/#organization\",\"name\":\"skaitytaknyga.lt\",\"url\":\"https:\/\/skaitytaknyga.lt\/\",\"logo\":{\"@type\":\"ImageObject\",\"inLanguage\":\"en-GB\",\"@id\":\"https:\/\/skaitytaknyga.lt\/#\/schema\/logo\/image\/\",\"url\":\"https:\/\/skaitytaknyga.lt\/wp-content\/uploads\/2024\/05\/cropped-cropped-cropped-02_00843_jt3bggkj1j3HLc7SyY6rEUpg.jpeg\",\"contentUrl\":\"https:\/\/skaitytaknyga.lt\/wp-content\/uploads\/2024\/05\/cropped-cropped-cropped-02_00843_jt3bggkj1j3HLc7SyY6rEUpg.jpeg\",\"width\":1600,\"height\":1600,\"caption\":\"skaitytaknyga.lt\"},\"image\":{\"@id\":\"https:\/\/skaitytaknyga.lt\/#\/schema\/logo\/image\/\"},\"sameAs\":[\"https:\/\/www.facebook.com\/skaitytaknyga\/\"]}]}<\/script>\n<!-- \/ Yoast SEO plugin. -->","yoast_head_json":{"title":"B. Mee \u201eMes nusipirkome zoologijos sod\u0105\u201c - Skaitytaknyga","description":"Su\u017einojusi, kad parduodamas Dartm\u016bro laukin\u0117s gamtos sodas, Bend\u017eamino \u0161eima i\u0161leid\u017eia visas santaupas, kad j\u012f \u012fsigyt\u0173. Naujieji savininkai susiduria su li\u016bdna realybe: pastatai gri\u016bva, pri\u017ei\u016br\u0117toj\u0173 n\u0117ra, pinig\u0173 tr\u016bksta. Li\u016btai, gauja vilk\u0173, pumos, me\u0161kos ir dar daugyb\u0117 egzoti\u0161k\u0173 gyv\u016bn\u0173 reikalauja nuolatinio d\u0117mesio. Bend\u017eaminas su \u017emona, dviem ma\u017eais vaikais, motina ir broliu plu\u0161a, kad aptriu\u0161\u0119s zoologijos sodas atgaut\u0173 buvus\u012f \u017eaves\u012f. Naujakuriams teks patirti visko: nuo komi\u0161k\u0173 situacij\u0173 iki Raudonojo kodo, signalizuojan\u010dio, jog pab\u0117go pavojingas \u017ev\u0117ris. Ar \u0161eimai pavyks \u0161i\u0105 viet\u0105 paversti rojumi laukiniams gyv\u016bnams?","robots":{"index":"index","follow":"follow","max-snippet":"max-snippet:-1","max-image-preview":"max-image-preview:large","max-video-preview":"max-video-preview:-1"},"canonical":"https:\/\/skaitytaknyga.lt\/en\/produktas\/b-mee-mes-nusipirkome-zoologijos-soda\/","og_locale":"en_GB","og_type":"article","og_title":"B. Mee \u201eMes nusipirkome zoologijos sod\u0105\u201c - Skaitytaknyga","og_description":"Su\u017einojusi, kad parduodamas Dartm\u016bro laukin\u0117s gamtos sodas, Bend\u017eamino \u0161eima i\u0161leid\u017eia visas santaupas, kad j\u012f \u012fsigyt\u0173. Naujieji savininkai susiduria su li\u016bdna realybe: pastatai gri\u016bva, pri\u017ei\u016br\u0117toj\u0173 n\u0117ra, pinig\u0173 tr\u016bksta. Li\u016btai, gauja vilk\u0173, pumos, me\u0161kos ir dar daugyb\u0117 egzoti\u0161k\u0173 gyv\u016bn\u0173 reikalauja nuolatinio d\u0117mesio. Bend\u017eaminas su \u017emona, dviem ma\u017eais vaikais, motina ir broliu plu\u0161a, kad aptriu\u0161\u0119s zoologijos sodas atgaut\u0173 buvus\u012f \u017eaves\u012f. Naujakuriams teks patirti visko: nuo komi\u0161k\u0173 situacij\u0173 iki Raudonojo kodo, signalizuojan\u010dio, jog pab\u0117go pavojingas \u017ev\u0117ris. Ar \u0161eimai pavyks \u0161i\u0105 viet\u0105 paversti rojumi laukiniams gyv\u016bnams?","og_url":"https:\/\/skaitytaknyga.lt\/en\/produktas\/b-mee-mes-nusipirkome-zoologijos-soda\/","og_site_name":"Skaitytaknyga","article_publisher":"https:\/\/www.facebook.com\/skaitytaknyga\/","article_modified_time":"2024-05-03T07:18:14+00:00","og_image":[{"width":720,"height":960,"url":"https:\/\/skaitytaknyga.lt\/wp-content\/uploads\/2024\/04\/281481396_577839763606092_3123619480360725727_n.jpg","type":"image\/jpeg"}],"twitter_card":"summary_large_image","twitter_misc":{"Estimated reading time":"1 minute"},"schema":{"@context":"https:\/\/schema.org","@graph":[{"@type":"WebPage","@id":"https:\/\/skaitytaknyga.lt\/produktas\/b-mee-mes-nusipirkome-zoologijos-soda\/","url":"https:\/\/skaitytaknyga.lt\/produktas\/b-mee-mes-nusipirkome-zoologijos-soda\/","name":"B. Mee \u201eMes nusipirkome zoologijos sod\u0105\u201c - Skaitytaknyga","isPartOf":{"@id":"https:\/\/skaitytaknyga.lt\/#website"},"primaryImageOfPage":{"@id":"https:\/\/skaitytaknyga.lt\/produktas\/b-mee-mes-nusipirkome-zoologijos-soda\/#primaryimage"},"image":{"@id":"https:\/\/skaitytaknyga.lt\/produktas\/b-mee-mes-nusipirkome-zoologijos-soda\/#primaryimage"},"thumbnailUrl":"https:\/\/skaitytaknyga.lt\/wp-content\/uploads\/2024\/04\/281481396_577839763606092_3123619480360725727_n.jpg","datePublished":"2024-04-17T13:22:42+00:00","dateModified":"2024-05-03T07:18:14+00:00","description":"Su\u017einojusi, kad parduodamas Dartm\u016bro laukin\u0117s gamtos sodas, Bend\u017eamino \u0161eima i\u0161leid\u017eia visas santaupas, kad j\u012f \u012fsigyt\u0173. Naujieji savininkai susiduria su li\u016bdna realybe: pastatai gri\u016bva, pri\u017ei\u016br\u0117toj\u0173 n\u0117ra, pinig\u0173 tr\u016bksta. Li\u016btai, gauja vilk\u0173, pumos, me\u0161kos ir dar daugyb\u0117 egzoti\u0161k\u0173 gyv\u016bn\u0173 reikalauja nuolatinio d\u0117mesio. Bend\u017eaminas su \u017emona, dviem ma\u017eais vaikais, motina ir broliu plu\u0161a, kad aptriu\u0161\u0119s zoologijos sodas atgaut\u0173 buvus\u012f \u017eaves\u012f. Naujakuriams teks patirti visko: nuo komi\u0161k\u0173 situacij\u0173 iki Raudonojo kodo, signalizuojan\u010dio, jog pab\u0117go pavojingas \u017ev\u0117ris. Ar \u0161eimai pavyks \u0161i\u0105 viet\u0105 paversti rojumi laukiniams gyv\u016bnams?","breadcrumb":{"@id":"https:\/\/skaitytaknyga.lt\/produktas\/b-mee-mes-nusipirkome-zoologijos-soda\/#breadcrumb"},"inLanguage":"en-GB","potentialAction":[{"@type":"ReadAction","target":["https:\/\/skaitytaknyga.lt\/produktas\/b-mee-mes-nusipirkome-zoologijos-soda\/"]}]},{"@type":"ImageObject","inLanguage":"en-GB","@id":"https:\/\/skaitytaknyga.lt\/produktas\/b-mee-mes-nusipirkome-zoologijos-soda\/#primaryimage","url":"https:\/\/skaitytaknyga.lt\/wp-content\/uploads\/2024\/04\/281481396_577839763606092_3123619480360725727_n.jpg","contentUrl":"https:\/\/skaitytaknyga.lt\/wp-content\/uploads\/2024\/04\/281481396_577839763606092_3123619480360725727_n.jpg","width":720,"height":960,"caption":"281481396 577839763606092 3123619480360725727 n"},{"@type":"BreadcrumbList","@id":"https:\/\/skaitytaknyga.lt\/produktas\/b-mee-mes-nusipirkome-zoologijos-soda\/#breadcrumb","itemListElement":[{"@type":"ListItem","position":1,"name":"Home","item":"https:\/\/skaitytaknyga.lt\/"},{"@type":"ListItem","position":2,"name":"Parduotuv\u0117","item":"https:\/\/skaitytaknyga.lt\/knygu-parduotuve\/"},{"@type":"ListItem","position":3,"name":"B. Mee \u201eMes nusipirkome zoologijos sod\u0105\u201c"}]},{"@type":"WebSite","@id":"https:\/\/skaitytaknyga.lt\/#website","url":"https:\/\/skaitytaknyga.lt\/","name":"skaitytaknyga.lt","description":"Skaitytaknyga.lt \u2013 tai ma\u017eas \u0161eimos verslas, kuris prasid\u0117jo nuo meil\u0117s knygoms ir siekio i\u0161gelb\u0117ti knygas nuo likimo prie konteinerio. Kas vienam nereikalingas daiktas \u2013 kitam lobis, o mes esame tarpininkai, kurie padeda abiems tapti laimingesniems ???? \u017dinome kaip nelengva i\u0161gyventi ma\u017eiems verslams, tad nuo \u0161iol, \u010dia rasite ir kit\u0173, ma\u017e\u0173 \u0161eim\u0173 versl\u0173, rank\u0173 darbo, dovan\u0173 sau ir artimiesiems.","publisher":{"@id":"https:\/\/skaitytaknyga.lt\/#organization"},"potentialAction":[{"@type":"SearchAction","target":{"@type":"EntryPoint","urlTemplate":"https:\/\/skaitytaknyga.lt\/?s={search_term_string}"},"query-input":{"@type":"PropertyValueSpecification","valueRequired":true,"valueName":"search_term_string"}}],"inLanguage":"en-GB"},{"@type":"Organization","@id":"https:\/\/skaitytaknyga.lt\/#organization","name":"skaitytaknyga.lt","url":"https:\/\/skaitytaknyga.lt\/","logo":{"@type":"ImageObject","inLanguage":"en-GB","@id":"https:\/\/skaitytaknyga.lt\/#\/schema\/logo\/image\/","url":"https:\/\/skaitytaknyga.lt\/wp-content\/uploads\/2024\/05\/cropped-cropped-cropped-02_00843_jt3bggkj1j3HLc7SyY6rEUpg.jpeg","contentUrl":"https:\/\/skaitytaknyga.lt\/wp-content\/uploads\/2024\/05\/cropped-cropped-cropped-02_00843_jt3bggkj1j3HLc7SyY6rEUpg.jpeg","width":1600,"height":1600,"caption":"skaitytaknyga.lt"},"image":{"@id":"https:\/\/skaitytaknyga.lt\/#\/schema\/logo\/image\/"},"sameAs":["https:\/\/www.facebook.com\/skaitytaknyga\/"]}]}},"_links":{"self":[{"href":"https:\/\/skaitytaknyga.lt\/en\/wp-json\/wp\/v2\/product\/3162","targetHints":{"allow":["GET"]}}],"collection":[{"href":"https:\/\/skaitytaknyga.lt\/en\/wp-json\/wp\/v2\/product"}],"about":[{"href":"https:\/\/skaitytaknyga.lt\/en\/wp-json\/wp\/v2\/types\/product"}],"replies":[{"embeddable":true,"href":"https:\/\/skaitytaknyga.lt\/en\/wp-json\/wp\/v2\/comments?post=3162"}],"wp:featuredmedia":[{"embeddable":true,"href":"https:\/\/skaitytaknyga.lt\/en\/wp-json\/wp\/v2\/media\/3192"}],"wp:attachment":[{"href":"https:\/\/skaitytaknyga.lt\/en\/wp-json\/wp\/v2\/media?parent=3162"}],"wp:term":[{"taxonomy":"product_brand","embeddable":true,"href":"https:\/\/skaitytaknyga.lt\/en\/wp-json\/wp\/v2\/product_brand?post=3162"},{"taxonomy":"product_cat","embeddable":true,"href":"https:\/\/skaitytaknyga.lt\/en\/wp-json\/wp\/v2\/product_cat?post=3162"},{"taxonomy":"product_tag","embeddable":true,"href":"https:\/\/skaitytaknyga.lt\/en\/wp-json\/wp\/v2\/product_tag?post=3162"}],"curies":[{"name":"wp","href":"https:\/\/api.w.org\/{rel}","templated":true}]}}