{"id":3125,"date":"2024-04-17T13:22:19","date_gmt":"2024-04-17T13:22:19","guid":{"rendered":"https:\/\/skaitytaknyga.lt\/?post_type=product&#038;p=3125"},"modified":"2026-01-30T20:48:11","modified_gmt":"2026-01-30T18:48:11","slug":"david-walliams-mociute-plesike","status":"publish","type":"product","link":"https:\/\/skaitytaknyga.lt\/en\/produktas\/david-walliams-mociute-plesike\/","title":{"rendered":"David Walliams \u201eMo\u010diut\u0117 pl\u0117\u0161ik\u0117\u201c"},"content":{"rendered":"<p>\u201eMo\u010diut\u0117 pl\u0117\u0161ik\u0117\u201c \u2013 puiki istorija, kupina linksm\u0173 pie\u0161ini\u0173, kvail\u0173 \u017eod\u017ei\u0173 ir netik\u0117tum\u0173 kiekviename puslapyje.<\/p>\n<p>David Walliams (Deividas Valjamsas) \u2013 brit\u0173 ra\u0161ytojas, d\u0117l kurio juoking\u0173 ir \u012fdomi\u0173 knyg\u0173 visi Jungtin\u0117s Karalyst\u0117s vaikai eina i\u0161 proto! Jis jau para\u0161\u0117 \u0161e\u0161ias knygas, kurios i\u0161verstos \u012f daugiau kaip 30 kalb\u0173 ir milijoniniais tira\u017eais parduodamos visame pasaulyje.<\/p>\n<p>Kiekvien\u0105 penktadien\u012f Beno laukia vis tas pats ko\u0161maras: t\u0117vai j\u012f palieka pas mo\u010diut\u0119. Tai \u2013 nuobod\u017eiausi penktadieniai pasaulyje. Kod\u0117l? Tod\u0117l, kad Beno mo\u010diut\u0117 nenori nieko daugiau, tik \u017eaisti \u017eod\u017ei\u0173 loto ir valgyti kop\u016bstus. Be to, ji ir dvokia kop\u016bstais (tik to negalima sakyti garsiai).<br \/>\nTa\u010diau Benas ne\u017eino, kad ji: 1) kadaise buvo garsi brangenybi\u0173 vagil\u0117; 2) vis\u0105 gyvenim\u0105 rezg\u0117 plan\u0105, kaip pavogti Kar\u016bnos brangenybes ir dabar jai reikia Beno pagalbos. Taigi \u2013 nuotykiai prasideda!<\/p>\n","protected":false},"excerpt":{"rendered":"<p>\u201eMo\u010diut\u0117 pl\u0117\u0161ik\u0117\u201c \u2013 puiki istorija, kupina linksm\u0173 pie\u0161ini\u0173, kvail\u0173 \u017eod\u017ei\u0173 ir netik\u0117tum\u0173 kiekviename puslapyje. David Walliams (Deividas Valjamsas) \u2013 brit\u0173 ra\u0161ytojas, d\u0117l kurio juoking\u0173 ir \u012fdomi\u0173 knyg\u0173 visi Jungtin\u0117s Karalyst\u0117s vaikai eina i\u0161 proto! Jis jau para\u0161\u0117 \u0161e\u0161ias knygas, kurios i\u0161verstos \u012f daugiau kaip 30 kalb\u0173 ir milijoniniais tira\u017eais parduodamos visame pasaulyje. Kiekvien\u0105 penktadien\u012f Beno laukia vis tas pats ko\u0161maras: t\u0117vai j\u012f palieka pas mo\u010diut\u0119. Tai \u2013 nuobod\u017eiausi penktadieniai pasaulyje. Kod\u0117l? Tod\u0117l, kad Beno mo\u010diut\u0117 nenori nieko daugiau, tik \u017eaisti \u017eod\u017ei\u0173 loto ir valgyti kop\u016bstus. Be to, ji ir dvokia kop\u016bstais (tik to negalima sakyti garsiai). Ta\u010diau Benas ne\u017eino, kad ji: 1) kadaise buvo garsi brangenybi\u0173 vagil\u0117; 2) vis\u0105 gyvenim\u0105 rezg\u0117 plan\u0105, kaip pavogti Kar\u016bnos brangenybes ir dabar jai reikia Beno pagalbos. Taigi \u2013 nuotykiai prasideda!<\/p>\n","protected":false},"featured_media":3158,"comment_status":"closed","ping_status":"closed","template":"","meta":{"_acf_changed":false,"site-sidebar-layout":"default","site-content-layout":"","ast-site-content-layout":"default","site-content-style":"default","site-sidebar-style":"default","ast-global-header-display":"","ast-banner-title-visibility":"","ast-main-header-display":"","ast-hfb-above-header-display":"","ast-hfb-below-header-display":"","ast-hfb-mobile-header-display":"","site-post-title":"","ast-breadcrumbs-content":"","ast-featured-img":"","footer-sml-layout":"","ast-disable-related-posts":"","theme-transparent-header-meta":"","adv-header-id-meta":"","stick-header-meta":"","header-above-stick-meta":"","header-main-stick-meta":"","header-below-stick-meta":"","astra-migrate-meta-layouts":"default","ast-page-background-enabled":"default","ast-page-background-meta":{"desktop":{"background-color":"","background-image":"","background-repeat":"repeat","background-position":"center center","background-size":"auto","background-attachment":"scroll","background-type":"","background-media":"","overlay-type":"","overlay-color":"","overlay-opacity":"","overlay-gradient":""},"tablet":{"background-color":"","background-image":"","background-repeat":"repeat","background-position":"center center","background-size":"auto","background-attachment":"scroll","background-type":"","background-media":"","overlay-type":"","overlay-color":"","overlay-opacity":"","overlay-gradient":""},"mobile":{"background-color":"","background-image":"","background-repeat":"repeat","background-position":"center center","background-size":"auto","background-attachment":"scroll","background-type":"","background-media":"","overlay-type":"","overlay-color":"","overlay-opacity":"","overlay-gradient":""}},"ast-content-background-meta":{"desktop":{"background-color":"var(--ast-global-color-4)","background-image":"","background-repeat":"repeat","background-position":"center center","background-size":"auto","background-attachment":"scroll","background-type":"","background-media":"","overlay-type":"","overlay-color":"","overlay-opacity":"","overlay-gradient":""},"tablet":{"background-color":"var(--ast-global-color-4)","background-image":"","background-repeat":"repeat","background-position":"center center","background-size":"auto","background-attachment":"scroll","background-type":"","background-media":"","overlay-type":"","overlay-color":"","overlay-opacity":"","overlay-gradient":""},"mobile":{"background-color":"var(--ast-global-color-4)","background-image":"","background-repeat":"repeat","background-position":"center center","background-size":"auto","background-attachment":"scroll","background-type":"","background-media":"","overlay-type":"","overlay-color":"","overlay-opacity":"","overlay-gradient":""}}},"product_brand":[],"product_cat":[35],"product_tag":[9374],"class_list":{"0":"post-3125","1":"product","2":"type-product","3":"status-publish","4":"has-post-thumbnail","6":"product_cat-vaikams-ir-paaugliams","7":"product_tag-david-walliams","8":"desktop-align-left","9":"tablet-align-left","10":"mobile-align-left","12":"first","13":"instock","14":"shipping-taxable","15":"purchasable","16":"product-type-simple"},"acf":[],"yoast_head":"<!-- This site is optimized with the Yoast SEO plugin v27.0 - https:\/\/yoast.com\/product\/yoast-seo-wordpress\/ -->\n<title>David Walliams \u201eMo\u010diut\u0117 pl\u0117\u0161ik\u0117\u201c - Skaitytaknyga<\/title>\n<meta name=\"description\" content=\"\u201eMo\u010diut\u0117 pl\u0117\u0161ik\u0117\u201c \u2013 puiki istorija, kupina linksm\u0173 pie\u0161ini\u0173, kvail\u0173 \u017eod\u017ei\u0173 ir netik\u0117tum\u0173 kiekviename puslapyje. David Walliams (Deividas Valjamsas) \u2013\" \/>\n<meta name=\"robots\" content=\"index, follow, max-snippet:-1, max-image-preview:large, max-video-preview:-1\" \/>\n<link rel=\"canonical\" href=\"https:\/\/skaitytaknyga.lt\/en\/produktas\/david-walliams-mociute-plesike\/\" \/>\n<meta property=\"og:locale\" content=\"en_GB\" \/>\n<meta property=\"og:locale:alternate\" content=\"lt_LT\" \/>\n<meta property=\"og:type\" content=\"article\" \/>\n<meta property=\"og:title\" content=\"David Walliams \u201eMo\u010diut\u0117 pl\u0117\u0161ik\u0117\u201c - Skaitytaknyga\" \/>\n<meta property=\"og:description\" content=\"\u201eMo\u010diut\u0117 pl\u0117\u0161ik\u0117\u201c \u2013 puiki istorija, kupina linksm\u0173 pie\u0161ini\u0173, kvail\u0173 \u017eod\u017ei\u0173 ir netik\u0117tum\u0173 kiekviename puslapyje. David Walliams (Deividas Valjamsas) \u2013\" \/>\n<meta property=\"og:url\" content=\"https:\/\/skaitytaknyga.lt\/en\/produktas\/david-walliams-mociute-plesike\/\" \/>\n<meta property=\"og:site_name\" content=\"Skaitytaknyga\" \/>\n<meta property=\"article:publisher\" content=\"https:\/\/www.facebook.com\/skaitytaknyga\/\" \/>\n<meta property=\"article:modified_time\" content=\"2026-01-30T18:48:11+00:00\" \/>\n<meta property=\"og:image\" content=\"https:\/\/skaitytaknyga.lt\/wp-content\/uploads\/2024\/04\/mociute-plesike-1.jpg\" \/>\n\t<meta property=\"og:image:width\" content=\"768\" \/>\n\t<meta property=\"og:image:height\" content=\"1152\" \/>\n\t<meta property=\"og:image:type\" content=\"image\/jpeg\" \/>\n<meta name=\"twitter:card\" content=\"summary_large_image\" \/>\n<meta name=\"twitter:label1\" content=\"Estimated reading time\" \/>\n\t<meta name=\"twitter:data1\" content=\"1 minute\" \/>\n<script type=\"application\/ld+json\" class=\"yoast-schema-graph\">{\"@context\":\"https:\/\/schema.org\",\"@graph\":[{\"@type\":\"WebPage\",\"@id\":\"https:\/\/skaitytaknyga.lt\/produktas\/david-walliams-mociute-plesike\/\",\"url\":\"https:\/\/skaitytaknyga.lt\/produktas\/david-walliams-mociute-plesike\/\",\"name\":\"David Walliams \u201eMo\u010diut\u0117 pl\u0117\u0161ik\u0117\u201c - Skaitytaknyga\",\"isPartOf\":{\"@id\":\"https:\/\/skaitytaknyga.lt\/#website\"},\"primaryImageOfPage\":{\"@id\":\"https:\/\/skaitytaknyga.lt\/produktas\/david-walliams-mociute-plesike\/#primaryimage\"},\"image\":{\"@id\":\"https:\/\/skaitytaknyga.lt\/produktas\/david-walliams-mociute-plesike\/#primaryimage\"},\"thumbnailUrl\":\"https:\/\/skaitytaknyga.lt\/wp-content\/uploads\/2024\/04\/mociute-plesike-1.jpg\",\"datePublished\":\"2024-04-17T13:22:19+00:00\",\"dateModified\":\"2026-01-30T18:48:11+00:00\",\"description\":\"\u201eMo\u010diut\u0117 pl\u0117\u0161ik\u0117\u201c \u2013 puiki istorija, kupina linksm\u0173 pie\u0161ini\u0173, kvail\u0173 \u017eod\u017ei\u0173 ir netik\u0117tum\u0173 kiekviename puslapyje. David Walliams (Deividas Valjamsas) \u2013\",\"breadcrumb\":{\"@id\":\"https:\/\/skaitytaknyga.lt\/produktas\/david-walliams-mociute-plesike\/#breadcrumb\"},\"inLanguage\":\"en-GB\",\"potentialAction\":[{\"@type\":\"ReadAction\",\"target\":[\"https:\/\/skaitytaknyga.lt\/produktas\/david-walliams-mociute-plesike\/\"]}]},{\"@type\":\"ImageObject\",\"inLanguage\":\"en-GB\",\"@id\":\"https:\/\/skaitytaknyga.lt\/produktas\/david-walliams-mociute-plesike\/#primaryimage\",\"url\":\"https:\/\/skaitytaknyga.lt\/wp-content\/uploads\/2024\/04\/mociute-plesike-1.jpg\",\"contentUrl\":\"https:\/\/skaitytaknyga.lt\/wp-content\/uploads\/2024\/04\/mociute-plesike-1.jpg\",\"width\":768,\"height\":1152,\"caption\":\"mociute plesike 1\"},{\"@type\":\"BreadcrumbList\",\"@id\":\"https:\/\/skaitytaknyga.lt\/produktas\/david-walliams-mociute-plesike\/#breadcrumb\",\"itemListElement\":[{\"@type\":\"ListItem\",\"position\":1,\"name\":\"Home\",\"item\":\"https:\/\/skaitytaknyga.lt\/\"},{\"@type\":\"ListItem\",\"position\":2,\"name\":\"Parduotuv\u0117\",\"item\":\"https:\/\/skaitytaknyga.lt\/knygu-parduotuve\/\"},{\"@type\":\"ListItem\",\"position\":3,\"name\":\"David Walliams \u201eMo\u010diut\u0117 pl\u0117\u0161ik\u0117\u201c\"}]},{\"@type\":\"WebSite\",\"@id\":\"https:\/\/skaitytaknyga.lt\/#website\",\"url\":\"https:\/\/skaitytaknyga.lt\/\",\"name\":\"skaitytaknyga.lt\",\"description\":\"Skaitytaknyga.lt \u2013 tai ma\u017eas \u0161eimos verslas, kuris prasid\u0117jo nuo meil\u0117s knygoms ir siekio i\u0161gelb\u0117ti knygas nuo likimo prie konteinerio. Kas vienam nereikalingas daiktas \u2013 kitam lobis, o mes esame tarpininkai, kurie padeda abiems tapti laimingesniems ???? \u017dinome kaip nelengva i\u0161gyventi ma\u017eiems verslams, tad nuo \u0161iol, \u010dia rasite ir kit\u0173, ma\u017e\u0173 \u0161eim\u0173 versl\u0173, rank\u0173 darbo, dovan\u0173 sau ir artimiesiems.\",\"publisher\":{\"@id\":\"https:\/\/skaitytaknyga.lt\/#organization\"},\"potentialAction\":[{\"@type\":\"SearchAction\",\"target\":{\"@type\":\"EntryPoint\",\"urlTemplate\":\"https:\/\/skaitytaknyga.lt\/?s={search_term_string}\"},\"query-input\":{\"@type\":\"PropertyValueSpecification\",\"valueRequired\":true,\"valueName\":\"search_term_string\"}}],\"inLanguage\":\"en-GB\"},{\"@type\":\"Organization\",\"@id\":\"https:\/\/skaitytaknyga.lt\/#organization\",\"name\":\"skaitytaknyga.lt\",\"url\":\"https:\/\/skaitytaknyga.lt\/\",\"logo\":{\"@type\":\"ImageObject\",\"inLanguage\":\"en-GB\",\"@id\":\"https:\/\/skaitytaknyga.lt\/#\/schema\/logo\/image\/\",\"url\":\"https:\/\/skaitytaknyga.lt\/wp-content\/uploads\/2024\/05\/cropped-cropped-cropped-02_00843_jt3bggkj1j3HLc7SyY6rEUpg.jpeg\",\"contentUrl\":\"https:\/\/skaitytaknyga.lt\/wp-content\/uploads\/2024\/05\/cropped-cropped-cropped-02_00843_jt3bggkj1j3HLc7SyY6rEUpg.jpeg\",\"width\":1600,\"height\":1600,\"caption\":\"skaitytaknyga.lt\"},\"image\":{\"@id\":\"https:\/\/skaitytaknyga.lt\/#\/schema\/logo\/image\/\"},\"sameAs\":[\"https:\/\/www.facebook.com\/skaitytaknyga\/\"]}]}<\/script>\n<!-- \/ Yoast SEO plugin. -->","yoast_head_json":{"title":"David Walliams \u201eMo\u010diut\u0117 pl\u0117\u0161ik\u0117\u201c - Skaitytaknyga","description":"\u201eMo\u010diut\u0117 pl\u0117\u0161ik\u0117\u201c \u2013 puiki istorija, kupina linksm\u0173 pie\u0161ini\u0173, kvail\u0173 \u017eod\u017ei\u0173 ir netik\u0117tum\u0173 kiekviename puslapyje. David Walliams (Deividas Valjamsas) \u2013","robots":{"index":"index","follow":"follow","max-snippet":"max-snippet:-1","max-image-preview":"max-image-preview:large","max-video-preview":"max-video-preview:-1"},"canonical":"https:\/\/skaitytaknyga.lt\/en\/produktas\/david-walliams-mociute-plesike\/","og_locale":"en_GB","og_type":"article","og_title":"David Walliams \u201eMo\u010diut\u0117 pl\u0117\u0161ik\u0117\u201c - Skaitytaknyga","og_description":"\u201eMo\u010diut\u0117 pl\u0117\u0161ik\u0117\u201c \u2013 puiki istorija, kupina linksm\u0173 pie\u0161ini\u0173, kvail\u0173 \u017eod\u017ei\u0173 ir netik\u0117tum\u0173 kiekviename puslapyje. David Walliams (Deividas Valjamsas) \u2013","og_url":"https:\/\/skaitytaknyga.lt\/en\/produktas\/david-walliams-mociute-plesike\/","og_site_name":"Skaitytaknyga","article_publisher":"https:\/\/www.facebook.com\/skaitytaknyga\/","article_modified_time":"2026-01-30T18:48:11+00:00","og_image":[{"width":768,"height":1152,"url":"https:\/\/skaitytaknyga.lt\/wp-content\/uploads\/2024\/04\/mociute-plesike-1.jpg","type":"image\/jpeg"}],"twitter_card":"summary_large_image","twitter_misc":{"Estimated reading time":"1 minute"},"schema":{"@context":"https:\/\/schema.org","@graph":[{"@type":"WebPage","@id":"https:\/\/skaitytaknyga.lt\/produktas\/david-walliams-mociute-plesike\/","url":"https:\/\/skaitytaknyga.lt\/produktas\/david-walliams-mociute-plesike\/","name":"David Walliams \u201eMo\u010diut\u0117 pl\u0117\u0161ik\u0117\u201c - Skaitytaknyga","isPartOf":{"@id":"https:\/\/skaitytaknyga.lt\/#website"},"primaryImageOfPage":{"@id":"https:\/\/skaitytaknyga.lt\/produktas\/david-walliams-mociute-plesike\/#primaryimage"},"image":{"@id":"https:\/\/skaitytaknyga.lt\/produktas\/david-walliams-mociute-plesike\/#primaryimage"},"thumbnailUrl":"https:\/\/skaitytaknyga.lt\/wp-content\/uploads\/2024\/04\/mociute-plesike-1.jpg","datePublished":"2024-04-17T13:22:19+00:00","dateModified":"2026-01-30T18:48:11+00:00","description":"\u201eMo\u010diut\u0117 pl\u0117\u0161ik\u0117\u201c \u2013 puiki istorija, kupina linksm\u0173 pie\u0161ini\u0173, kvail\u0173 \u017eod\u017ei\u0173 ir netik\u0117tum\u0173 kiekviename puslapyje. David Walliams (Deividas Valjamsas) \u2013","breadcrumb":{"@id":"https:\/\/skaitytaknyga.lt\/produktas\/david-walliams-mociute-plesike\/#breadcrumb"},"inLanguage":"en-GB","potentialAction":[{"@type":"ReadAction","target":["https:\/\/skaitytaknyga.lt\/produktas\/david-walliams-mociute-plesike\/"]}]},{"@type":"ImageObject","inLanguage":"en-GB","@id":"https:\/\/skaitytaknyga.lt\/produktas\/david-walliams-mociute-plesike\/#primaryimage","url":"https:\/\/skaitytaknyga.lt\/wp-content\/uploads\/2024\/04\/mociute-plesike-1.jpg","contentUrl":"https:\/\/skaitytaknyga.lt\/wp-content\/uploads\/2024\/04\/mociute-plesike-1.jpg","width":768,"height":1152,"caption":"mociute plesike 1"},{"@type":"BreadcrumbList","@id":"https:\/\/skaitytaknyga.lt\/produktas\/david-walliams-mociute-plesike\/#breadcrumb","itemListElement":[{"@type":"ListItem","position":1,"name":"Home","item":"https:\/\/skaitytaknyga.lt\/"},{"@type":"ListItem","position":2,"name":"Parduotuv\u0117","item":"https:\/\/skaitytaknyga.lt\/knygu-parduotuve\/"},{"@type":"ListItem","position":3,"name":"David Walliams \u201eMo\u010diut\u0117 pl\u0117\u0161ik\u0117\u201c"}]},{"@type":"WebSite","@id":"https:\/\/skaitytaknyga.lt\/#website","url":"https:\/\/skaitytaknyga.lt\/","name":"skaitytaknyga.lt","description":"Skaitytaknyga.lt \u2013 tai ma\u017eas \u0161eimos verslas, kuris prasid\u0117jo nuo meil\u0117s knygoms ir siekio i\u0161gelb\u0117ti knygas nuo likimo prie konteinerio. Kas vienam nereikalingas daiktas \u2013 kitam lobis, o mes esame tarpininkai, kurie padeda abiems tapti laimingesniems ???? \u017dinome kaip nelengva i\u0161gyventi ma\u017eiems verslams, tad nuo \u0161iol, \u010dia rasite ir kit\u0173, ma\u017e\u0173 \u0161eim\u0173 versl\u0173, rank\u0173 darbo, dovan\u0173 sau ir artimiesiems.","publisher":{"@id":"https:\/\/skaitytaknyga.lt\/#organization"},"potentialAction":[{"@type":"SearchAction","target":{"@type":"EntryPoint","urlTemplate":"https:\/\/skaitytaknyga.lt\/?s={search_term_string}"},"query-input":{"@type":"PropertyValueSpecification","valueRequired":true,"valueName":"search_term_string"}}],"inLanguage":"en-GB"},{"@type":"Organization","@id":"https:\/\/skaitytaknyga.lt\/#organization","name":"skaitytaknyga.lt","url":"https:\/\/skaitytaknyga.lt\/","logo":{"@type":"ImageObject","inLanguage":"en-GB","@id":"https:\/\/skaitytaknyga.lt\/#\/schema\/logo\/image\/","url":"https:\/\/skaitytaknyga.lt\/wp-content\/uploads\/2024\/05\/cropped-cropped-cropped-02_00843_jt3bggkj1j3HLc7SyY6rEUpg.jpeg","contentUrl":"https:\/\/skaitytaknyga.lt\/wp-content\/uploads\/2024\/05\/cropped-cropped-cropped-02_00843_jt3bggkj1j3HLc7SyY6rEUpg.jpeg","width":1600,"height":1600,"caption":"skaitytaknyga.lt"},"image":{"@id":"https:\/\/skaitytaknyga.lt\/#\/schema\/logo\/image\/"},"sameAs":["https:\/\/www.facebook.com\/skaitytaknyga\/"]}]}},"_links":{"self":[{"href":"https:\/\/skaitytaknyga.lt\/en\/wp-json\/wp\/v2\/product\/3125","targetHints":{"allow":["GET"]}}],"collection":[{"href":"https:\/\/skaitytaknyga.lt\/en\/wp-json\/wp\/v2\/product"}],"about":[{"href":"https:\/\/skaitytaknyga.lt\/en\/wp-json\/wp\/v2\/types\/product"}],"replies":[{"embeddable":true,"href":"https:\/\/skaitytaknyga.lt\/en\/wp-json\/wp\/v2\/comments?post=3125"}],"wp:featuredmedia":[{"embeddable":true,"href":"https:\/\/skaitytaknyga.lt\/en\/wp-json\/wp\/v2\/media\/3158"}],"wp:attachment":[{"href":"https:\/\/skaitytaknyga.lt\/en\/wp-json\/wp\/v2\/media?parent=3125"}],"wp:term":[{"taxonomy":"product_brand","embeddable":true,"href":"https:\/\/skaitytaknyga.lt\/en\/wp-json\/wp\/v2\/product_brand?post=3125"},{"taxonomy":"product_cat","embeddable":true,"href":"https:\/\/skaitytaknyga.lt\/en\/wp-json\/wp\/v2\/product_cat?post=3125"},{"taxonomy":"product_tag","embeddable":true,"href":"https:\/\/skaitytaknyga.lt\/en\/wp-json\/wp\/v2\/product_tag?post=3125"}],"curies":[{"name":"wp","href":"https:\/\/api.w.org\/{rel}","templated":true}]}}