{"id":3124,"date":"2024-04-17T13:22:19","date_gmt":"2024-04-17T13:22:19","guid":{"rendered":"https:\/\/skaitytaknyga.lt\/?post_type=product&#038;p=3124"},"modified":"2026-04-10T18:52:26","modified_gmt":"2026-04-10T15:52:26","slug":"aprilynne-pike-kerai","status":"publish","type":"product","link":"https:\/\/skaitytaknyga.lt\/en\/produktas\/aprilynne-pike-kerai\/","title":{"rendered":"Kerai"},"content":{"rendered":"<p>Sudie, vampyrai \u2013 sveikos, sparnuotosios b\u016btyb\u0117s! J\u016bs\u0173 rankose \u2013 naujausias literat\u016bros fenomenas, kur\u012f skaito ir giria pati Stephenie Meyer. Milijonai gerb\u0117j\u0173 nekantriai laukia \u201eSparn\u0173\u201d ir \u201eKer\u0173\u201d ekranizacijos (tre\u010dioji dalis \u201eAp\u017eavai\u201d pasaulio knygynuose pasirodys 2011 m. viduryje), kuri\u0105 ruo\u0161ia Disney studija, Lorel\u0117s vaidmeniui pasikvietusi Miley Cyrus.<\/p>\n<p>\u201eKerai\u201c \u2013 tai Aprilynne Pike antrasis serijos apie f\u0117jas romanas, kuriame t\u0119siama nepaprasta magijos ir intrig\u0173, romantikos ir pavoj\u0173 kupina istorija. Kaip ir pirmojoje dalyje \u201eSparnai\u201c, pasakojama apie jaun\u0105 f\u0117j\u0105 Lorel\u0119, kuri buvo \u012fdukrinta ir u\u017eauginta \u017emoni\u0173. Lorel\u0117 gauna kvietim\u0105 mokytis Avalono f\u0117j\u0173 mokykloje. Ten v\u0117l \u012fsi\u017eiebia romanti\u0161ka intriga: ji myli \u017eemi\u0161k\u0105 savo vaikin\u0105 Deivid\u0105, bet negali atsispirti j\u0105 mylin\u010dio f\u0117j\u0173 sargybinio Tamenio kerams&#8230;<\/p>\n","protected":false},"excerpt":{"rendered":"<p>Sudie, vampyrai \u2013 sveikos, sparnuotosios b\u016btyb\u0117s! J\u016bs\u0173 rankose \u2013 naujausias literat\u016bros fenomenas, kur\u012f skaito ir giria pati Stephenie Meyer. Milijonai gerb\u0117j\u0173 nekantriai laukia \u201eSparn\u0173\u201d ir \u201eKer\u0173\u201d ekranizacijos (tre\u010dioji dalis \u201eAp\u017eavai\u201d pasaulio knygynuose pasirodys 2011 m. viduryje), kuri\u0105 ruo\u0161ia Disney studija, Lorel\u0117s vaidmeniui pasikvietusi Miley Cyrus.<\/p>\n<p>\u201eKerai\u201c \u2013 tai Aprilynne Pike antrasis serijos apie f\u0117jas romanas, kuriame t\u0119siama nepaprasta magijos ir intrig\u0173, romantikos ir pavoj\u0173 kupina istorija. Kaip ir pirmojoje dalyje \u201eSparnai\u201c, pasakojama apie jaun\u0105 f\u0117j\u0105 Lorel\u0119, kuri buvo \u012fdukrinta ir u\u017eauginta \u017emoni\u0173. Lorel\u0117 gauna kvietim\u0105 mokytis Avalono f\u0117j\u0173 mokykloje. Ten v\u0117l \u012fsi\u017eiebia romanti\u0161ka intriga: ji myli \u017eemi\u0161k\u0105 savo vaikin\u0105 Deivid\u0105, bet negali atsispirti j\u0105 mylin\u010dio f\u0117j\u0173 sargybinio Tamenio kerams&#8230;<\/p>\n","protected":false},"featured_media":3157,"comment_status":"closed","ping_status":"closed","template":"","meta":{"_acf_changed":false,"site-sidebar-layout":"default","site-content-layout":"","ast-site-content-layout":"default","site-content-style":"default","site-sidebar-style":"default","ast-global-header-display":"","ast-banner-title-visibility":"","ast-main-header-display":"","ast-hfb-above-header-display":"","ast-hfb-below-header-display":"","ast-hfb-mobile-header-display":"","site-post-title":"","ast-breadcrumbs-content":"","ast-featured-img":"","footer-sml-layout":"","ast-disable-related-posts":"","theme-transparent-header-meta":"","adv-header-id-meta":"","stick-header-meta":"","header-above-stick-meta":"","header-main-stick-meta":"","header-below-stick-meta":"","astra-migrate-meta-layouts":"default","ast-page-background-enabled":"default","ast-page-background-meta":{"desktop":{"background-color":"","background-image":"","background-repeat":"repeat","background-position":"center center","background-size":"auto","background-attachment":"scroll","background-type":"","background-media":"","overlay-type":"","overlay-color":"","overlay-opacity":"","overlay-gradient":""},"tablet":{"background-color":"","background-image":"","background-repeat":"repeat","background-position":"center center","background-size":"auto","background-attachment":"scroll","background-type":"","background-media":"","overlay-type":"","overlay-color":"","overlay-opacity":"","overlay-gradient":""},"mobile":{"background-color":"","background-image":"","background-repeat":"repeat","background-position":"center center","background-size":"auto","background-attachment":"scroll","background-type":"","background-media":"","overlay-type":"","overlay-color":"","overlay-opacity":"","overlay-gradient":""}},"ast-content-background-meta":{"desktop":{"background-color":"var(--ast-global-color-4)","background-image":"","background-repeat":"repeat","background-position":"center center","background-size":"auto","background-attachment":"scroll","background-type":"","background-media":"","overlay-type":"","overlay-color":"","overlay-opacity":"","overlay-gradient":""},"tablet":{"background-color":"var(--ast-global-color-4)","background-image":"","background-repeat":"repeat","background-position":"center center","background-size":"auto","background-attachment":"scroll","background-type":"","background-media":"","overlay-type":"","overlay-color":"","overlay-opacity":"","overlay-gradient":""},"mobile":{"background-color":"var(--ast-global-color-4)","background-image":"","background-repeat":"repeat","background-position":"center center","background-size":"auto","background-attachment":"scroll","background-type":"","background-media":"","overlay-type":"","overlay-color":"","overlay-opacity":"","overlay-gradient":""}}},"product_brand":[],"product_cat":[9676],"product_tag":[],"class_list":{"0":"post-3124","1":"product","2":"type-product","3":"status-publish","4":"has-post-thumbnail","6":"product_cat-paaugliams","7":"desktop-align-left","8":"tablet-align-left","9":"mobile-align-left","11":"first","12":"instock","13":"featured","14":"shipping-taxable","15":"purchasable","16":"product-type-simple"},"acf":[],"yoast_head":"<!-- This site is optimized with the Yoast SEO plugin v27.4 - https:\/\/yoast.com\/product\/yoast-seo-wordpress\/ -->\n<title>Kerai<\/title>\n<meta name=\"description\" content=\"Sudie, vampyrai \u2013 sveikos, sparnuotosios b\u016btyb\u0117s! J\u016bs\u0173 rankose \u2013 naujausias literat\u016bros fenomenas, kur\u012f skaito ir giria pati Stephenie Meyer. Milijonai gerb\u0117j\u0173 nekantriai laukia \u201eSparn\u0173\u201d ir \u201eKer\u0173\u201d ekranizacijos (tre\u010dioji dalis \u201eAp\u017eavai\u201d pasaulio knygynuose pasirodys 2011 m. viduryje), kuri\u0105 ruo\u0161ia Disney studija, Lorel\u0117s vaidmeniui pasikvietusi Miley Cyrus.  \u201eKerai\u201c \u2013 tai Aprilynne Pike antrasis serijos apie f\u0117jas romanas, kuriame t\u0119siama nepaprasta magijos ir intrig\u0173, romantikos ir pavoj\u0173 kupina istorija. Kaip ir pirmojoje dalyje \u201eSparnai\u201c, pasakojama apie jaun\u0105 f\u0117j\u0105 Lorel\u0119, kuri buvo \u012fdukrinta ir u\u017eauginta \u017emoni\u0173. Lorel\u0117 gauna kvietim\u0105 mokytis Avalono f\u0117j\u0173 mokykloje. Ten v\u0117l \u012fsi\u017eiebia romanti\u0161ka intriga: ji myli \u017eemi\u0161k\u0105 savo vaikin\u0105 Deivid\u0105, bet negali atsispirti j\u0105 mylin\u010dio f\u0117j\u0173 sargybinio Tamenio kerams...\" \/>\n<meta name=\"robots\" content=\"index, follow, max-snippet:-1, max-image-preview:large, max-video-preview:-1\" \/>\n<link rel=\"canonical\" href=\"https:\/\/skaitytaknyga.lt\/en\/produktas\/aprilynne-pike-kerai\/\" \/>\n<meta property=\"og:locale\" content=\"en_GB\" \/>\n<meta property=\"og:locale:alternate\" content=\"lt_LT\" \/>\n<meta property=\"og:type\" content=\"article\" \/>\n<meta property=\"og:title\" content=\"Kerai\" \/>\n<meta property=\"og:description\" content=\"Sudie, vampyrai \u2013 sveikos, sparnuotosios b\u016btyb\u0117s! J\u016bs\u0173 rankose \u2013 naujausias literat\u016bros fenomenas, kur\u012f skaito ir giria pati Stephenie Meyer. Milijonai gerb\u0117j\u0173 nekantriai laukia \u201eSparn\u0173\u201d ir \u201eKer\u0173\u201d ekranizacijos (tre\u010dioji dalis \u201eAp\u017eavai\u201d pasaulio knygynuose pasirodys 2011 m. viduryje), kuri\u0105 ruo\u0161ia Disney studija, Lorel\u0117s vaidmeniui pasikvietusi Miley Cyrus.  \u201eKerai\u201c \u2013 tai Aprilynne Pike antrasis serijos apie f\u0117jas romanas, kuriame t\u0119siama nepaprasta magijos ir intrig\u0173, romantikos ir pavoj\u0173 kupina istorija. Kaip ir pirmojoje dalyje \u201eSparnai\u201c, pasakojama apie jaun\u0105 f\u0117j\u0105 Lorel\u0119, kuri buvo \u012fdukrinta ir u\u017eauginta \u017emoni\u0173. Lorel\u0117 gauna kvietim\u0105 mokytis Avalono f\u0117j\u0173 mokykloje. Ten v\u0117l \u012fsi\u017eiebia romanti\u0161ka intriga: ji myli \u017eemi\u0161k\u0105 savo vaikin\u0105 Deivid\u0105, bet negali atsispirti j\u0105 mylin\u010dio f\u0117j\u0173 sargybinio Tamenio kerams...\" \/>\n<meta property=\"og:url\" content=\"https:\/\/skaitytaknyga.lt\/en\/produktas\/aprilynne-pike-kerai\/\" \/>\n<meta property=\"og:site_name\" content=\"Skaitytaknyga\" \/>\n<meta property=\"article:publisher\" content=\"https:\/\/www.facebook.com\/skaitytaknyga\/\" \/>\n<meta property=\"article:modified_time\" content=\"2026-04-10T15:52:26+00:00\" \/>\n<meta property=\"og:image\" content=\"https:\/\/skaitytaknyga.lt\/wp-content\/uploads\/2024\/04\/000000000002112346-59de7f018cffb-asset-knyguklubas-cdb_9786094031687_kerai_p1.jpg\" \/>\n\t<meta property=\"og:image:width\" content=\"285\" \/>\n\t<meta property=\"og:image:height\" content=\"430\" \/>\n\t<meta property=\"og:image:type\" content=\"image\/jpeg\" \/>\n<meta name=\"twitter:card\" content=\"summary_large_image\" \/>\n<meta name=\"twitter:label1\" content=\"Estimated reading time\" \/>\n\t<meta name=\"twitter:data1\" content=\"1 minute\" \/>\n<script type=\"application\/ld+json\" class=\"yoast-schema-graph\">{\"@context\":\"https:\\\/\\\/schema.org\",\"@graph\":[{\"@type\":\"WebPage\",\"@id\":\"https:\\\/\\\/skaitytaknyga.lt\\\/produktas\\\/aprilynne-pike-kerai\\\/\",\"url\":\"https:\\\/\\\/skaitytaknyga.lt\\\/produktas\\\/aprilynne-pike-kerai\\\/\",\"name\":\"Kerai\",\"isPartOf\":{\"@id\":\"https:\\\/\\\/skaitytaknyga.lt\\\/#website\"},\"primaryImageOfPage\":{\"@id\":\"https:\\\/\\\/skaitytaknyga.lt\\\/produktas\\\/aprilynne-pike-kerai\\\/#primaryimage\"},\"image\":{\"@id\":\"https:\\\/\\\/skaitytaknyga.lt\\\/produktas\\\/aprilynne-pike-kerai\\\/#primaryimage\"},\"thumbnailUrl\":\"https:\\\/\\\/skaitytaknyga.lt\\\/wp-content\\\/uploads\\\/2024\\\/04\\\/000000000002112346-59de7f018cffb-asset-knyguklubas-cdb_9786094031687_kerai_p1.jpg\",\"datePublished\":\"2024-04-17T13:22:19+00:00\",\"dateModified\":\"2026-04-10T15:52:26+00:00\",\"description\":\"Sudie, vampyrai \u2013 sveikos, sparnuotosios b\u016btyb\u0117s! J\u016bs\u0173 rankose \u2013 naujausias literat\u016bros fenomenas, kur\u012f skaito ir giria pati Stephenie Meyer. Milijonai gerb\u0117j\u0173 nekantriai laukia \u201eSparn\u0173\u201d ir \u201eKer\u0173\u201d ekranizacijos (tre\u010dioji dalis \u201eAp\u017eavai\u201d pasaulio knygynuose pasirodys 2011 m. viduryje), kuri\u0105 ruo\u0161ia Disney studija, Lorel\u0117s vaidmeniui pasikvietusi Miley Cyrus. \u201eKerai\u201c \u2013 tai Aprilynne Pike antrasis serijos apie f\u0117jas romanas, kuriame t\u0119siama nepaprasta magijos ir intrig\u0173, romantikos ir pavoj\u0173 kupina istorija. Kaip ir pirmojoje dalyje \u201eSparnai\u201c, pasakojama apie jaun\u0105 f\u0117j\u0105 Lorel\u0119, kuri buvo \u012fdukrinta ir u\u017eauginta \u017emoni\u0173. Lorel\u0117 gauna kvietim\u0105 mokytis Avalono f\u0117j\u0173 mokykloje. Ten v\u0117l \u012fsi\u017eiebia romanti\u0161ka intriga: ji myli \u017eemi\u0161k\u0105 savo vaikin\u0105 Deivid\u0105, bet negali atsispirti j\u0105 mylin\u010dio f\u0117j\u0173 sargybinio Tamenio kerams...\",\"breadcrumb\":{\"@id\":\"https:\\\/\\\/skaitytaknyga.lt\\\/produktas\\\/aprilynne-pike-kerai\\\/#breadcrumb\"},\"inLanguage\":\"en-GB\",\"potentialAction\":[{\"@type\":\"ReadAction\",\"target\":[\"https:\\\/\\\/skaitytaknyga.lt\\\/produktas\\\/aprilynne-pike-kerai\\\/\"]}]},{\"@type\":\"ImageObject\",\"inLanguage\":\"en-GB\",\"@id\":\"https:\\\/\\\/skaitytaknyga.lt\\\/produktas\\\/aprilynne-pike-kerai\\\/#primaryimage\",\"url\":\"https:\\\/\\\/skaitytaknyga.lt\\\/wp-content\\\/uploads\\\/2024\\\/04\\\/000000000002112346-59de7f018cffb-asset-knyguklubas-cdb_9786094031687_kerai_p1.jpg\",\"contentUrl\":\"https:\\\/\\\/skaitytaknyga.lt\\\/wp-content\\\/uploads\\\/2024\\\/04\\\/000000000002112346-59de7f018cffb-asset-knyguklubas-cdb_9786094031687_kerai_p1.jpg\",\"width\":285,\"height\":430,\"caption\":\"000000000002112346 59de7f018cffb asset knyguklubas cdb 9786094031687 kerai p1\"},{\"@type\":\"BreadcrumbList\",\"@id\":\"https:\\\/\\\/skaitytaknyga.lt\\\/produktas\\\/aprilynne-pike-kerai\\\/#breadcrumb\",\"itemListElement\":[{\"@type\":\"ListItem\",\"position\":1,\"name\":\"Home\",\"item\":\"https:\\\/\\\/skaitytaknyga.lt\\\/\"},{\"@type\":\"ListItem\",\"position\":2,\"name\":\"Parduotuv\u0117\",\"item\":\"https:\\\/\\\/skaitytaknyga.lt\\\/knygu-parduotuve\\\/\"},{\"@type\":\"ListItem\",\"position\":3,\"name\":\"Kerai\"}]},{\"@type\":\"WebSite\",\"@id\":\"https:\\\/\\\/skaitytaknyga.lt\\\/#website\",\"url\":\"https:\\\/\\\/skaitytaknyga.lt\\\/\",\"name\":\"skaitytaknyga.lt\",\"description\":\"Skaitytaknyga.lt \u2013 tai ma\u017eas \u0161eimos verslas, kuris prasid\u0117jo nuo meil\u0117s knygoms ir siekio i\u0161gelb\u0117ti knygas nuo likimo prie konteinerio. Kas vienam nereikalingas daiktas \u2013 kitam lobis, o mes esame tarpininkai, kurie padeda abiems tapti laimingesniems ???? \u017dinome kaip nelengva i\u0161gyventi ma\u017eiems verslams, tad nuo \u0161iol, \u010dia rasite ir kit\u0173, ma\u017e\u0173 \u0161eim\u0173 versl\u0173, rank\u0173 darbo, dovan\u0173 sau ir artimiesiems.\",\"publisher\":{\"@id\":\"https:\\\/\\\/skaitytaknyga.lt\\\/#organization\"},\"potentialAction\":[{\"@type\":\"SearchAction\",\"target\":{\"@type\":\"EntryPoint\",\"urlTemplate\":\"https:\\\/\\\/skaitytaknyga.lt\\\/?s={search_term_string}\"},\"query-input\":{\"@type\":\"PropertyValueSpecification\",\"valueRequired\":true,\"valueName\":\"search_term_string\"}}],\"inLanguage\":\"en-GB\"},{\"@type\":\"Organization\",\"@id\":\"https:\\\/\\\/skaitytaknyga.lt\\\/#organization\",\"name\":\"skaitytaknyga.lt\",\"url\":\"https:\\\/\\\/skaitytaknyga.lt\\\/\",\"logo\":{\"@type\":\"ImageObject\",\"inLanguage\":\"en-GB\",\"@id\":\"https:\\\/\\\/skaitytaknyga.lt\\\/#\\\/schema\\\/logo\\\/image\\\/\",\"url\":\"https:\\\/\\\/skaitytaknyga.lt\\\/wp-content\\\/uploads\\\/2024\\\/05\\\/cropped-cropped-cropped-02_00843_jt3bggkj1j3HLc7SyY6rEUpg.jpeg\",\"contentUrl\":\"https:\\\/\\\/skaitytaknyga.lt\\\/wp-content\\\/uploads\\\/2024\\\/05\\\/cropped-cropped-cropped-02_00843_jt3bggkj1j3HLc7SyY6rEUpg.jpeg\",\"width\":1600,\"height\":1600,\"caption\":\"skaitytaknyga.lt\"},\"image\":{\"@id\":\"https:\\\/\\\/skaitytaknyga.lt\\\/#\\\/schema\\\/logo\\\/image\\\/\"},\"sameAs\":[\"https:\\\/\\\/www.facebook.com\\\/skaitytaknyga\\\/\"]}]}<\/script>\n<!-- \/ Yoast SEO plugin. -->","yoast_head_json":{"title":"Kerai","description":"Sudie, vampyrai \u2013 sveikos, sparnuotosios b\u016btyb\u0117s! J\u016bs\u0173 rankose \u2013 naujausias literat\u016bros fenomenas, kur\u012f skaito ir giria pati Stephenie Meyer. Milijonai gerb\u0117j\u0173 nekantriai laukia \u201eSparn\u0173\u201d ir \u201eKer\u0173\u201d ekranizacijos (tre\u010dioji dalis \u201eAp\u017eavai\u201d pasaulio knygynuose pasirodys 2011 m. viduryje), kuri\u0105 ruo\u0161ia Disney studija, Lorel\u0117s vaidmeniui pasikvietusi Miley Cyrus.  \u201eKerai\u201c \u2013 tai Aprilynne Pike antrasis serijos apie f\u0117jas romanas, kuriame t\u0119siama nepaprasta magijos ir intrig\u0173, romantikos ir pavoj\u0173 kupina istorija. Kaip ir pirmojoje dalyje \u201eSparnai\u201c, pasakojama apie jaun\u0105 f\u0117j\u0105 Lorel\u0119, kuri buvo \u012fdukrinta ir u\u017eauginta \u017emoni\u0173. Lorel\u0117 gauna kvietim\u0105 mokytis Avalono f\u0117j\u0173 mokykloje. Ten v\u0117l \u012fsi\u017eiebia romanti\u0161ka intriga: ji myli \u017eemi\u0161k\u0105 savo vaikin\u0105 Deivid\u0105, bet negali atsispirti j\u0105 mylin\u010dio f\u0117j\u0173 sargybinio Tamenio kerams...","robots":{"index":"index","follow":"follow","max-snippet":"max-snippet:-1","max-image-preview":"max-image-preview:large","max-video-preview":"max-video-preview:-1"},"canonical":"https:\/\/skaitytaknyga.lt\/en\/produktas\/aprilynne-pike-kerai\/","og_locale":"en_GB","og_type":"article","og_title":"[:lt]Kerai[:] - Skaitytaknyga","og_description":"Sudie, vampyrai \u2013 sveikos, sparnuotosios b\u016btyb\u0117s! J\u016bs\u0173 rankose \u2013 naujausias literat\u016bros fenomenas, kur\u012f skaito ir giria pati Stephenie Meyer. Milijonai gerb\u0117j\u0173 nekantriai laukia \u201eSparn\u0173\u201d ir \u201eKer\u0173\u201d ekranizacijos (tre\u010dioji dalis \u201eAp\u017eavai\u201d pasaulio knygynuose pasirodys 2011 m. viduryje), kuri\u0105 ruo\u0161ia Disney studija, Lorel\u0117s vaidmeniui pasikvietusi Miley Cyrus.  \u201eKerai\u201c \u2013 tai Aprilynne Pike antrasis serijos apie f\u0117jas romanas, kuriame t\u0119siama nepaprasta magijos ir intrig\u0173, romantikos ir pavoj\u0173 kupina istorija. Kaip ir pirmojoje dalyje \u201eSparnai\u201c, pasakojama apie jaun\u0105 f\u0117j\u0105 Lorel\u0119, kuri buvo \u012fdukrinta ir u\u017eauginta \u017emoni\u0173. Lorel\u0117 gauna kvietim\u0105 mokytis Avalono f\u0117j\u0173 mokykloje. Ten v\u0117l \u012fsi\u017eiebia romanti\u0161ka intriga: ji myli \u017eemi\u0161k\u0105 savo vaikin\u0105 Deivid\u0105, bet negali atsispirti j\u0105 mylin\u010dio f\u0117j\u0173 sargybinio Tamenio kerams...","og_url":"https:\/\/skaitytaknyga.lt\/en\/produktas\/aprilynne-pike-kerai\/","og_site_name":"Skaitytaknyga","article_publisher":"https:\/\/www.facebook.com\/skaitytaknyga\/","article_modified_time":"2026-04-10T15:52:26+00:00","og_image":[{"width":285,"height":430,"url":"https:\/\/skaitytaknyga.lt\/wp-content\/uploads\/2024\/04\/000000000002112346-59de7f018cffb-asset-knyguklubas-cdb_9786094031687_kerai_p1.jpg","type":"image\/jpeg"}],"twitter_card":"summary_large_image","twitter_misc":{"Estimated reading time":"1 minute"},"schema":{"@context":"https:\/\/schema.org","@graph":[{"@type":"WebPage","@id":"https:\/\/skaitytaknyga.lt\/produktas\/aprilynne-pike-kerai\/","url":"https:\/\/skaitytaknyga.lt\/produktas\/aprilynne-pike-kerai\/","name":"Kerai","isPartOf":{"@id":"https:\/\/skaitytaknyga.lt\/#website"},"primaryImageOfPage":{"@id":"https:\/\/skaitytaknyga.lt\/produktas\/aprilynne-pike-kerai\/#primaryimage"},"image":{"@id":"https:\/\/skaitytaknyga.lt\/produktas\/aprilynne-pike-kerai\/#primaryimage"},"thumbnailUrl":"https:\/\/skaitytaknyga.lt\/wp-content\/uploads\/2024\/04\/000000000002112346-59de7f018cffb-asset-knyguklubas-cdb_9786094031687_kerai_p1.jpg","datePublished":"2024-04-17T13:22:19+00:00","dateModified":"2026-04-10T15:52:26+00:00","description":"Sudie, vampyrai \u2013 sveikos, sparnuotosios b\u016btyb\u0117s! J\u016bs\u0173 rankose \u2013 naujausias literat\u016bros fenomenas, kur\u012f skaito ir giria pati Stephenie Meyer. Milijonai gerb\u0117j\u0173 nekantriai laukia \u201eSparn\u0173\u201d ir \u201eKer\u0173\u201d ekranizacijos (tre\u010dioji dalis \u201eAp\u017eavai\u201d pasaulio knygynuose pasirodys 2011 m. viduryje), kuri\u0105 ruo\u0161ia Disney studija, Lorel\u0117s vaidmeniui pasikvietusi Miley Cyrus. \u201eKerai\u201c \u2013 tai Aprilynne Pike antrasis serijos apie f\u0117jas romanas, kuriame t\u0119siama nepaprasta magijos ir intrig\u0173, romantikos ir pavoj\u0173 kupina istorija. Kaip ir pirmojoje dalyje \u201eSparnai\u201c, pasakojama apie jaun\u0105 f\u0117j\u0105 Lorel\u0119, kuri buvo \u012fdukrinta ir u\u017eauginta \u017emoni\u0173. Lorel\u0117 gauna kvietim\u0105 mokytis Avalono f\u0117j\u0173 mokykloje. Ten v\u0117l \u012fsi\u017eiebia romanti\u0161ka intriga: ji myli \u017eemi\u0161k\u0105 savo vaikin\u0105 Deivid\u0105, bet negali atsispirti j\u0105 mylin\u010dio f\u0117j\u0173 sargybinio Tamenio kerams...","breadcrumb":{"@id":"https:\/\/skaitytaknyga.lt\/produktas\/aprilynne-pike-kerai\/#breadcrumb"},"inLanguage":"en-GB","potentialAction":[{"@type":"ReadAction","target":["https:\/\/skaitytaknyga.lt\/produktas\/aprilynne-pike-kerai\/"]}]},{"@type":"ImageObject","inLanguage":"en-GB","@id":"https:\/\/skaitytaknyga.lt\/produktas\/aprilynne-pike-kerai\/#primaryimage","url":"https:\/\/skaitytaknyga.lt\/wp-content\/uploads\/2024\/04\/000000000002112346-59de7f018cffb-asset-knyguklubas-cdb_9786094031687_kerai_p1.jpg","contentUrl":"https:\/\/skaitytaknyga.lt\/wp-content\/uploads\/2024\/04\/000000000002112346-59de7f018cffb-asset-knyguklubas-cdb_9786094031687_kerai_p1.jpg","width":285,"height":430,"caption":"000000000002112346 59de7f018cffb asset knyguklubas cdb 9786094031687 kerai p1"},{"@type":"BreadcrumbList","@id":"https:\/\/skaitytaknyga.lt\/produktas\/aprilynne-pike-kerai\/#breadcrumb","itemListElement":[{"@type":"ListItem","position":1,"name":"Home","item":"https:\/\/skaitytaknyga.lt\/"},{"@type":"ListItem","position":2,"name":"Parduotuv\u0117","item":"https:\/\/skaitytaknyga.lt\/knygu-parduotuve\/"},{"@type":"ListItem","position":3,"name":"Kerai"}]},{"@type":"WebSite","@id":"https:\/\/skaitytaknyga.lt\/#website","url":"https:\/\/skaitytaknyga.lt\/","name":"skaitytaknyga.lt","description":"Skaitytaknyga.lt \u2013 tai ma\u017eas \u0161eimos verslas, kuris prasid\u0117jo nuo meil\u0117s knygoms ir siekio i\u0161gelb\u0117ti knygas nuo likimo prie konteinerio. Kas vienam nereikalingas daiktas \u2013 kitam lobis, o mes esame tarpininkai, kurie padeda abiems tapti laimingesniems ???? \u017dinome kaip nelengva i\u0161gyventi ma\u017eiems verslams, tad nuo \u0161iol, \u010dia rasite ir kit\u0173, ma\u017e\u0173 \u0161eim\u0173 versl\u0173, rank\u0173 darbo, dovan\u0173 sau ir artimiesiems.","publisher":{"@id":"https:\/\/skaitytaknyga.lt\/#organization"},"potentialAction":[{"@type":"SearchAction","target":{"@type":"EntryPoint","urlTemplate":"https:\/\/skaitytaknyga.lt\/?s={search_term_string}"},"query-input":{"@type":"PropertyValueSpecification","valueRequired":true,"valueName":"search_term_string"}}],"inLanguage":"en-GB"},{"@type":"Organization","@id":"https:\/\/skaitytaknyga.lt\/#organization","name":"skaitytaknyga.lt","url":"https:\/\/skaitytaknyga.lt\/","logo":{"@type":"ImageObject","inLanguage":"en-GB","@id":"https:\/\/skaitytaknyga.lt\/#\/schema\/logo\/image\/","url":"https:\/\/skaitytaknyga.lt\/wp-content\/uploads\/2024\/05\/cropped-cropped-cropped-02_00843_jt3bggkj1j3HLc7SyY6rEUpg.jpeg","contentUrl":"https:\/\/skaitytaknyga.lt\/wp-content\/uploads\/2024\/05\/cropped-cropped-cropped-02_00843_jt3bggkj1j3HLc7SyY6rEUpg.jpeg","width":1600,"height":1600,"caption":"skaitytaknyga.lt"},"image":{"@id":"https:\/\/skaitytaknyga.lt\/#\/schema\/logo\/image\/"},"sameAs":["https:\/\/www.facebook.com\/skaitytaknyga\/"]}]}},"_links":{"self":[{"href":"https:\/\/skaitytaknyga.lt\/en\/wp-json\/wp\/v2\/product\/3124","targetHints":{"allow":["GET"]}}],"collection":[{"href":"https:\/\/skaitytaknyga.lt\/en\/wp-json\/wp\/v2\/product"}],"about":[{"href":"https:\/\/skaitytaknyga.lt\/en\/wp-json\/wp\/v2\/types\/product"}],"replies":[{"embeddable":true,"href":"https:\/\/skaitytaknyga.lt\/en\/wp-json\/wp\/v2\/comments?post=3124"}],"wp:featuredmedia":[{"embeddable":true,"href":"https:\/\/skaitytaknyga.lt\/en\/wp-json\/wp\/v2\/media\/3157"}],"wp:attachment":[{"href":"https:\/\/skaitytaknyga.lt\/en\/wp-json\/wp\/v2\/media?parent=3124"}],"wp:term":[{"taxonomy":"product_brand","embeddable":true,"href":"https:\/\/skaitytaknyga.lt\/en\/wp-json\/wp\/v2\/product_brand?post=3124"},{"taxonomy":"product_cat","embeddable":true,"href":"https:\/\/skaitytaknyga.lt\/en\/wp-json\/wp\/v2\/product_cat?post=3124"},{"taxonomy":"product_tag","embeddable":true,"href":"https:\/\/skaitytaknyga.lt\/en\/wp-json\/wp\/v2\/product_tag?post=3124"}],"curies":[{"name":"wp","href":"https:\/\/api.w.org\/{rel}","templated":true}]}}