{"id":3123,"date":"2024-04-17T13:22:19","date_gmt":"2024-04-17T13:22:19","guid":{"rendered":"https:\/\/skaitytaknyga.lt\/?post_type=product&#038;p=3123"},"modified":"2025-03-09T10:10:49","modified_gmt":"2025-03-09T08:10:49","slug":"robert-louis-stevenson-lobiu-sala","status":"publish","type":"product","link":"https:\/\/skaitytaknyga.lt\/en\/produktas\/robert-louis-stevenson-lobiu-sala\/","title":{"rendered":"Robert Louis Stevenson \u201eLobi\u0173 sala\u201c"},"content":{"rendered":"<p>Atvyk\u0117lis buvo auk\u0161tas, stambus ir stiprus, rudu it rie\u0161utas veidu, dervuota kasa driko ant ne\u0161varaus m\u0117lyno apsiausto apykakl\u0117s, rankos buvo sudir\u017eusios ir randuotos, su juodais suskeld\u0117jusiais nagais, per skruost\u0105 \u0117jo kardo paliktas randas \u2013 bjaurus, pilkai melsvas. Prisimenu, kaip jis \u0161vilpiniuodamas ap\u017evelg\u0117 smukl\u0119, o paskui u\u017etrauk\u0117 t\u0105 sen\u0105 j\u016breivi\u0173 dain\u0105, kuri\u0105 v\u0117liau taip da\u017enai dainuodavo:<\/p>\n<p>Penkiolika vyr\u0173 ties negyv\u0117lio skrynia, Jo ho ho ir romo butelys.<\/p>\n<p>Dvylikametis D\u017eimas tikrai nesitik\u0117jo, kad b\u016btent \u0161io atvyk\u0117lio d\u0117ka patirs did\u017eiausi\u0105 savo gyvenimo nuotyk\u012f \u2013 i\u0161vyks ie\u0161koti pasl\u0117pto pirat\u0173 lobio! K\u0105 rinktumeisi tu, jei tavo rankose atsidurt\u0173 senas paslaptingos salos \u017eem\u0117lapis su nurodymais ir keistu X \u017eenklu, kuris grei\u010diausiai \u017eymi viet\u0105, kur u\u017ekastas legendinio pirato Flinto lobis?.. Negi liktum s\u0117d\u0117ti namie?.. D\u017eimui abejoni\u0173 nekyla \u2013 belieka surinkti \u0161auni\u0105 komand\u0105 ir leistis \u012f pavoj\u0173 ir nuotyki\u0173 piln\u0105 kelion\u0119!<\/p>\n","protected":false},"excerpt":{"rendered":"<p>Atvyk\u0117lis buvo auk\u0161tas, stambus ir stiprus, rudu it rie\u0161utas veidu, dervuota kasa driko ant ne\u0161varaus m\u0117lyno apsiausto apykakl\u0117s, rankos buvo sudir\u017eusios ir randuotos, su juodais suskeld\u0117jusiais nagais, per skruost\u0105 \u0117jo kardo paliktas randas \u2013 bjaurus, pilkai melsvas. Prisimenu, kaip jis \u0161vilpiniuodamas ap\u017evelg\u0117 smukl\u0119, o paskui u\u017etrauk\u0117 t\u0105 sen\u0105 j\u016breivi\u0173 dain\u0105, kuri\u0105 v\u0117liau taip da\u017enai dainuodavo:<\/p>\n<p>Penkiolika vyr\u0173 ties negyv\u0117lio skrynia, Jo ho ho ir romo butelys.<\/p>\n<p>Dvylikametis D\u017eimas tikrai nesitik\u0117jo, kad b\u016btent \u0161io atvyk\u0117lio d\u0117ka patirs did\u017eiausi\u0105 savo gyvenimo nuotyk\u012f \u2013 i\u0161vyks ie\u0161koti pasl\u0117pto pirat\u0173 lobio! K\u0105 rinktumeisi tu, jei tavo rankose atsidurt\u0173 senas paslaptingos salos \u017eem\u0117lapis su nurodymais ir keistu X \u017eenklu, kuris grei\u010diausiai \u017eymi viet\u0105, kur u\u017ekastas legendinio pirato Flinto lobis?.. Negi liktum s\u0117d\u0117ti namie?.. D\u017eimui abejoni\u0173 nekyla \u2013 belieka surinkti \u0161auni\u0105 komand\u0105 ir leistis \u012f pavoj\u0173 ir nuotyki\u0173 piln\u0105 kelion\u0119!<\/p>\n","protected":false},"featured_media":3156,"comment_status":"closed","ping_status":"closed","template":"","meta":{"_acf_changed":false,"site-sidebar-layout":"default","site-content-layout":"","ast-site-content-layout":"default","site-content-style":"default","site-sidebar-style":"default","ast-global-header-display":"","ast-banner-title-visibility":"","ast-main-header-display":"","ast-hfb-above-header-display":"","ast-hfb-below-header-display":"","ast-hfb-mobile-header-display":"","site-post-title":"","ast-breadcrumbs-content":"","ast-featured-img":"","footer-sml-layout":"","ast-disable-related-posts":"","theme-transparent-header-meta":"","adv-header-id-meta":"","stick-header-meta":"","header-above-stick-meta":"","header-main-stick-meta":"","header-below-stick-meta":"","astra-migrate-meta-layouts":"default","ast-page-background-enabled":"default","ast-page-background-meta":{"desktop":{"background-color":"","background-image":"","background-repeat":"repeat","background-position":"center center","background-size":"auto","background-attachment":"scroll","background-type":"","background-media":"","overlay-type":"","overlay-color":"","overlay-opacity":"","overlay-gradient":""},"tablet":{"background-color":"","background-image":"","background-repeat":"repeat","background-position":"center center","background-size":"auto","background-attachment":"scroll","background-type":"","background-media":"","overlay-type":"","overlay-color":"","overlay-opacity":"","overlay-gradient":""},"mobile":{"background-color":"","background-image":"","background-repeat":"repeat","background-position":"center center","background-size":"auto","background-attachment":"scroll","background-type":"","background-media":"","overlay-type":"","overlay-color":"","overlay-opacity":"","overlay-gradient":""}},"ast-content-background-meta":{"desktop":{"background-color":"var(--ast-global-color-4)","background-image":"","background-repeat":"repeat","background-position":"center center","background-size":"auto","background-attachment":"scroll","background-type":"","background-media":"","overlay-type":"","overlay-color":"","overlay-opacity":"","overlay-gradient":""},"tablet":{"background-color":"var(--ast-global-color-4)","background-image":"","background-repeat":"repeat","background-position":"center center","background-size":"auto","background-attachment":"scroll","background-type":"","background-media":"","overlay-type":"","overlay-color":"","overlay-opacity":"","overlay-gradient":""},"mobile":{"background-color":"var(--ast-global-color-4)","background-image":"","background-repeat":"repeat","background-position":"center center","background-size":"auto","background-attachment":"scroll","background-type":"","background-media":"","overlay-type":"","overlay-color":"","overlay-opacity":"","overlay-gradient":""}}},"product_brand":[],"product_cat":[331,35],"product_tag":[],"class_list":{"0":"post-3123","1":"product","2":"type-product","3":"status-publish","4":"has-post-thumbnail","6":"product_cat-programine-literatura","7":"product_cat-vaikams-ir-paaugliams","8":"desktop-align-left","9":"tablet-align-left","10":"mobile-align-left","12":"first","13":"instock","14":"shipping-taxable","15":"purchasable","16":"product-type-simple"},"acf":[],"yoast_head":"<!-- This site is optimized with the Yoast SEO plugin v27.0 - https:\/\/yoast.com\/product\/yoast-seo-wordpress\/ -->\n<title>Robert Louis Stevenson \u201eLobi\u0173 sala\u201c - Skaitytaknyga<\/title>\n<meta name=\"description\" content=\"Atvyk\u0117lis buvo auk\u0161tas, stambus ir stiprus, rudu it rie\u0161utas veidu, dervuota kasa driko ant ne\u0161varaus m\u0117lyno apsiausto apykakl\u0117s, rankos buvo sudir\u017eusios ir randuotos, su juodais suskeld\u0117jusiais nagais, per skruost\u0105 \u0117jo kardo paliktas randas \u2013 bjaurus, pilkai melsvas. Prisimenu, kaip jis \u0161vilpiniuodamas ap\u017evelg\u0117 smukl\u0119, o paskui u\u017etrauk\u0117 t\u0105 sen\u0105 j\u016breivi\u0173 dain\u0105, kuri\u0105 v\u0117liau taip da\u017enai dainuodavo:  Penkiolika vyr\u0173 ties negyv\u0117lio skrynia, Jo ho ho ir romo butelys.  Dvylikametis D\u017eimas tikrai nesitik\u0117jo, kad b\u016btent \u0161io atvyk\u0117lio d\u0117ka patirs did\u017eiausi\u0105 savo gyvenimo nuotyk\u012f \u2013 i\u0161vyks ie\u0161koti pasl\u0117pto pirat\u0173 lobio! K\u0105 rinktumeisi tu, jei tavo rankose atsidurt\u0173 senas paslaptingos salos \u017eem\u0117lapis su nurodymais ir keistu X \u017eenklu, kuris grei\u010diausiai \u017eymi viet\u0105, kur u\u017ekastas legendinio pirato Flinto lobis?.. Negi liktum s\u0117d\u0117ti namie?.. D\u017eimui abejoni\u0173 nekyla \u2013 belieka surinkti \u0161auni\u0105 komand\u0105 ir leistis \u012f pavoj\u0173 ir nuotyki\u0173 piln\u0105 kelion\u0119!\" \/>\n<meta name=\"robots\" content=\"index, follow, max-snippet:-1, max-image-preview:large, max-video-preview:-1\" \/>\n<link rel=\"canonical\" href=\"https:\/\/skaitytaknyga.lt\/en\/produktas\/robert-louis-stevenson-lobiu-sala\/\" \/>\n<meta property=\"og:locale\" content=\"en_GB\" \/>\n<meta property=\"og:locale:alternate\" content=\"lt_LT\" \/>\n<meta property=\"og:type\" content=\"article\" \/>\n<meta property=\"og:title\" content=\"Robert Louis Stevenson \u201eLobi\u0173 sala\u201c - Skaitytaknyga\" \/>\n<meta property=\"og:description\" content=\"Atvyk\u0117lis buvo auk\u0161tas, stambus ir stiprus, rudu it rie\u0161utas veidu, dervuota kasa driko ant ne\u0161varaus m\u0117lyno apsiausto apykakl\u0117s, rankos buvo sudir\u017eusios ir randuotos, su juodais suskeld\u0117jusiais nagais, per skruost\u0105 \u0117jo kardo paliktas randas \u2013 bjaurus, pilkai melsvas. Prisimenu, kaip jis \u0161vilpiniuodamas ap\u017evelg\u0117 smukl\u0119, o paskui u\u017etrauk\u0117 t\u0105 sen\u0105 j\u016breivi\u0173 dain\u0105, kuri\u0105 v\u0117liau taip da\u017enai dainuodavo:  Penkiolika vyr\u0173 ties negyv\u0117lio skrynia, Jo ho ho ir romo butelys.  Dvylikametis D\u017eimas tikrai nesitik\u0117jo, kad b\u016btent \u0161io atvyk\u0117lio d\u0117ka patirs did\u017eiausi\u0105 savo gyvenimo nuotyk\u012f \u2013 i\u0161vyks ie\u0161koti pasl\u0117pto pirat\u0173 lobio! K\u0105 rinktumeisi tu, jei tavo rankose atsidurt\u0173 senas paslaptingos salos \u017eem\u0117lapis su nurodymais ir keistu X \u017eenklu, kuris grei\u010diausiai \u017eymi viet\u0105, kur u\u017ekastas legendinio pirato Flinto lobis?.. Negi liktum s\u0117d\u0117ti namie?.. D\u017eimui abejoni\u0173 nekyla \u2013 belieka surinkti \u0161auni\u0105 komand\u0105 ir leistis \u012f pavoj\u0173 ir nuotyki\u0173 piln\u0105 kelion\u0119!\" \/>\n<meta property=\"og:url\" content=\"https:\/\/skaitytaknyga.lt\/en\/produktas\/robert-louis-stevenson-lobiu-sala\/\" \/>\n<meta property=\"og:site_name\" content=\"Skaitytaknyga\" \/>\n<meta property=\"article:publisher\" content=\"https:\/\/www.facebook.com\/skaitytaknyga\/\" \/>\n<meta property=\"article:modified_time\" content=\"2025-03-09T08:10:49+00:00\" \/>\n<meta property=\"og:image\" content=\"https:\/\/skaitytaknyga.lt\/wp-content\/uploads\/2024\/04\/1468828944_9786094413773_Lobiu_sala.jpg\" \/>\n\t<meta property=\"og:image:width\" content=\"320\" \/>\n\t<meta property=\"og:image:height\" content=\"387\" \/>\n\t<meta property=\"og:image:type\" content=\"image\/jpeg\" \/>\n<meta name=\"twitter:card\" content=\"summary_large_image\" \/>\n<meta name=\"twitter:label1\" content=\"Estimated reading time\" \/>\n\t<meta name=\"twitter:data1\" content=\"1 minute\" \/>\n<script type=\"application\/ld+json\" class=\"yoast-schema-graph\">{\"@context\":\"https:\/\/schema.org\",\"@graph\":[{\"@type\":\"WebPage\",\"@id\":\"https:\/\/skaitytaknyga.lt\/produktas\/robert-louis-stevenson-lobiu-sala\/\",\"url\":\"https:\/\/skaitytaknyga.lt\/produktas\/robert-louis-stevenson-lobiu-sala\/\",\"name\":\"Robert Louis Stevenson \u201eLobi\u0173 sala\u201c - Skaitytaknyga\",\"isPartOf\":{\"@id\":\"https:\/\/skaitytaknyga.lt\/#website\"},\"primaryImageOfPage\":{\"@id\":\"https:\/\/skaitytaknyga.lt\/produktas\/robert-louis-stevenson-lobiu-sala\/#primaryimage\"},\"image\":{\"@id\":\"https:\/\/skaitytaknyga.lt\/produktas\/robert-louis-stevenson-lobiu-sala\/#primaryimage\"},\"thumbnailUrl\":\"https:\/\/skaitytaknyga.lt\/wp-content\/uploads\/2024\/04\/1468828944_9786094413773_Lobiu_sala.jpg\",\"datePublished\":\"2024-04-17T13:22:19+00:00\",\"dateModified\":\"2025-03-09T08:10:49+00:00\",\"description\":\"Atvyk\u0117lis buvo auk\u0161tas, stambus ir stiprus, rudu it rie\u0161utas veidu, dervuota kasa driko ant ne\u0161varaus m\u0117lyno apsiausto apykakl\u0117s, rankos buvo sudir\u017eusios ir randuotos, su juodais suskeld\u0117jusiais nagais, per skruost\u0105 \u0117jo kardo paliktas randas \u2013 bjaurus, pilkai melsvas. Prisimenu, kaip jis \u0161vilpiniuodamas ap\u017evelg\u0117 smukl\u0119, o paskui u\u017etrauk\u0117 t\u0105 sen\u0105 j\u016breivi\u0173 dain\u0105, kuri\u0105 v\u0117liau taip da\u017enai dainuodavo: Penkiolika vyr\u0173 ties negyv\u0117lio skrynia, Jo ho ho ir romo butelys. Dvylikametis D\u017eimas tikrai nesitik\u0117jo, kad b\u016btent \u0161io atvyk\u0117lio d\u0117ka patirs did\u017eiausi\u0105 savo gyvenimo nuotyk\u012f \u2013 i\u0161vyks ie\u0161koti pasl\u0117pto pirat\u0173 lobio! K\u0105 rinktumeisi tu, jei tavo rankose atsidurt\u0173 senas paslaptingos salos \u017eem\u0117lapis su nurodymais ir keistu X \u017eenklu, kuris grei\u010diausiai \u017eymi viet\u0105, kur u\u017ekastas legendinio pirato Flinto lobis?.. Negi liktum s\u0117d\u0117ti namie?.. D\u017eimui abejoni\u0173 nekyla \u2013 belieka surinkti \u0161auni\u0105 komand\u0105 ir leistis \u012f pavoj\u0173 ir nuotyki\u0173 piln\u0105 kelion\u0119!\",\"breadcrumb\":{\"@id\":\"https:\/\/skaitytaknyga.lt\/produktas\/robert-louis-stevenson-lobiu-sala\/#breadcrumb\"},\"inLanguage\":\"en-GB\",\"potentialAction\":[{\"@type\":\"ReadAction\",\"target\":[\"https:\/\/skaitytaknyga.lt\/produktas\/robert-louis-stevenson-lobiu-sala\/\"]}]},{\"@type\":\"ImageObject\",\"inLanguage\":\"en-GB\",\"@id\":\"https:\/\/skaitytaknyga.lt\/produktas\/robert-louis-stevenson-lobiu-sala\/#primaryimage\",\"url\":\"https:\/\/skaitytaknyga.lt\/wp-content\/uploads\/2024\/04\/1468828944_9786094413773_Lobiu_sala.jpg\",\"contentUrl\":\"https:\/\/skaitytaknyga.lt\/wp-content\/uploads\/2024\/04\/1468828944_9786094413773_Lobiu_sala.jpg\",\"width\":320,\"height\":387,\"caption\":\"1468828944 9786094413773 Lobiu sala\"},{\"@type\":\"BreadcrumbList\",\"@id\":\"https:\/\/skaitytaknyga.lt\/produktas\/robert-louis-stevenson-lobiu-sala\/#breadcrumb\",\"itemListElement\":[{\"@type\":\"ListItem\",\"position\":1,\"name\":\"Home\",\"item\":\"https:\/\/skaitytaknyga.lt\/\"},{\"@type\":\"ListItem\",\"position\":2,\"name\":\"Parduotuv\u0117\",\"item\":\"https:\/\/skaitytaknyga.lt\/knygu-parduotuve\/\"},{\"@type\":\"ListItem\",\"position\":3,\"name\":\"Robert Louis Stevenson \u201eLobi\u0173 sala\u201c\"}]},{\"@type\":\"WebSite\",\"@id\":\"https:\/\/skaitytaknyga.lt\/#website\",\"url\":\"https:\/\/skaitytaknyga.lt\/\",\"name\":\"skaitytaknyga.lt\",\"description\":\"Skaitytaknyga.lt \u2013 tai ma\u017eas \u0161eimos verslas, kuris prasid\u0117jo nuo meil\u0117s knygoms ir siekio i\u0161gelb\u0117ti knygas nuo likimo prie konteinerio. Kas vienam nereikalingas daiktas \u2013 kitam lobis, o mes esame tarpininkai, kurie padeda abiems tapti laimingesniems ???? \u017dinome kaip nelengva i\u0161gyventi ma\u017eiems verslams, tad nuo \u0161iol, \u010dia rasite ir kit\u0173, ma\u017e\u0173 \u0161eim\u0173 versl\u0173, rank\u0173 darbo, dovan\u0173 sau ir artimiesiems.\",\"publisher\":{\"@id\":\"https:\/\/skaitytaknyga.lt\/#organization\"},\"potentialAction\":[{\"@type\":\"SearchAction\",\"target\":{\"@type\":\"EntryPoint\",\"urlTemplate\":\"https:\/\/skaitytaknyga.lt\/?s={search_term_string}\"},\"query-input\":{\"@type\":\"PropertyValueSpecification\",\"valueRequired\":true,\"valueName\":\"search_term_string\"}}],\"inLanguage\":\"en-GB\"},{\"@type\":\"Organization\",\"@id\":\"https:\/\/skaitytaknyga.lt\/#organization\",\"name\":\"skaitytaknyga.lt\",\"url\":\"https:\/\/skaitytaknyga.lt\/\",\"logo\":{\"@type\":\"ImageObject\",\"inLanguage\":\"en-GB\",\"@id\":\"https:\/\/skaitytaknyga.lt\/#\/schema\/logo\/image\/\",\"url\":\"https:\/\/skaitytaknyga.lt\/wp-content\/uploads\/2024\/05\/cropped-cropped-cropped-02_00843_jt3bggkj1j3HLc7SyY6rEUpg.jpeg\",\"contentUrl\":\"https:\/\/skaitytaknyga.lt\/wp-content\/uploads\/2024\/05\/cropped-cropped-cropped-02_00843_jt3bggkj1j3HLc7SyY6rEUpg.jpeg\",\"width\":1600,\"height\":1600,\"caption\":\"skaitytaknyga.lt\"},\"image\":{\"@id\":\"https:\/\/skaitytaknyga.lt\/#\/schema\/logo\/image\/\"},\"sameAs\":[\"https:\/\/www.facebook.com\/skaitytaknyga\/\"]}]}<\/script>\n<!-- \/ Yoast SEO plugin. -->","yoast_head_json":{"title":"Robert Louis Stevenson \u201eLobi\u0173 sala\u201c - Skaitytaknyga","description":"Atvyk\u0117lis buvo auk\u0161tas, stambus ir stiprus, rudu it rie\u0161utas veidu, dervuota kasa driko ant ne\u0161varaus m\u0117lyno apsiausto apykakl\u0117s, rankos buvo sudir\u017eusios ir randuotos, su juodais suskeld\u0117jusiais nagais, per skruost\u0105 \u0117jo kardo paliktas randas \u2013 bjaurus, pilkai melsvas. Prisimenu, kaip jis \u0161vilpiniuodamas ap\u017evelg\u0117 smukl\u0119, o paskui u\u017etrauk\u0117 t\u0105 sen\u0105 j\u016breivi\u0173 dain\u0105, kuri\u0105 v\u0117liau taip da\u017enai dainuodavo:  Penkiolika vyr\u0173 ties negyv\u0117lio skrynia, Jo ho ho ir romo butelys.  Dvylikametis D\u017eimas tikrai nesitik\u0117jo, kad b\u016btent \u0161io atvyk\u0117lio d\u0117ka patirs did\u017eiausi\u0105 savo gyvenimo nuotyk\u012f \u2013 i\u0161vyks ie\u0161koti pasl\u0117pto pirat\u0173 lobio! K\u0105 rinktumeisi tu, jei tavo rankose atsidurt\u0173 senas paslaptingos salos \u017eem\u0117lapis su nurodymais ir keistu X \u017eenklu, kuris grei\u010diausiai \u017eymi viet\u0105, kur u\u017ekastas legendinio pirato Flinto lobis?.. Negi liktum s\u0117d\u0117ti namie?.. D\u017eimui abejoni\u0173 nekyla \u2013 belieka surinkti \u0161auni\u0105 komand\u0105 ir leistis \u012f pavoj\u0173 ir nuotyki\u0173 piln\u0105 kelion\u0119!","robots":{"index":"index","follow":"follow","max-snippet":"max-snippet:-1","max-image-preview":"max-image-preview:large","max-video-preview":"max-video-preview:-1"},"canonical":"https:\/\/skaitytaknyga.lt\/en\/produktas\/robert-louis-stevenson-lobiu-sala\/","og_locale":"en_GB","og_type":"article","og_title":"Robert Louis Stevenson \u201eLobi\u0173 sala\u201c - Skaitytaknyga","og_description":"Atvyk\u0117lis buvo auk\u0161tas, stambus ir stiprus, rudu it rie\u0161utas veidu, dervuota kasa driko ant ne\u0161varaus m\u0117lyno apsiausto apykakl\u0117s, rankos buvo sudir\u017eusios ir randuotos, su juodais suskeld\u0117jusiais nagais, per skruost\u0105 \u0117jo kardo paliktas randas \u2013 bjaurus, pilkai melsvas. Prisimenu, kaip jis \u0161vilpiniuodamas ap\u017evelg\u0117 smukl\u0119, o paskui u\u017etrauk\u0117 t\u0105 sen\u0105 j\u016breivi\u0173 dain\u0105, kuri\u0105 v\u0117liau taip da\u017enai dainuodavo:  Penkiolika vyr\u0173 ties negyv\u0117lio skrynia, Jo ho ho ir romo butelys.  Dvylikametis D\u017eimas tikrai nesitik\u0117jo, kad b\u016btent \u0161io atvyk\u0117lio d\u0117ka patirs did\u017eiausi\u0105 savo gyvenimo nuotyk\u012f \u2013 i\u0161vyks ie\u0161koti pasl\u0117pto pirat\u0173 lobio! K\u0105 rinktumeisi tu, jei tavo rankose atsidurt\u0173 senas paslaptingos salos \u017eem\u0117lapis su nurodymais ir keistu X \u017eenklu, kuris grei\u010diausiai \u017eymi viet\u0105, kur u\u017ekastas legendinio pirato Flinto lobis?.. Negi liktum s\u0117d\u0117ti namie?.. D\u017eimui abejoni\u0173 nekyla \u2013 belieka surinkti \u0161auni\u0105 komand\u0105 ir leistis \u012f pavoj\u0173 ir nuotyki\u0173 piln\u0105 kelion\u0119!","og_url":"https:\/\/skaitytaknyga.lt\/en\/produktas\/robert-louis-stevenson-lobiu-sala\/","og_site_name":"Skaitytaknyga","article_publisher":"https:\/\/www.facebook.com\/skaitytaknyga\/","article_modified_time":"2025-03-09T08:10:49+00:00","og_image":[{"width":320,"height":387,"url":"https:\/\/skaitytaknyga.lt\/wp-content\/uploads\/2024\/04\/1468828944_9786094413773_Lobiu_sala.jpg","type":"image\/jpeg"}],"twitter_card":"summary_large_image","twitter_misc":{"Estimated reading time":"1 minute"},"schema":{"@context":"https:\/\/schema.org","@graph":[{"@type":"WebPage","@id":"https:\/\/skaitytaknyga.lt\/produktas\/robert-louis-stevenson-lobiu-sala\/","url":"https:\/\/skaitytaknyga.lt\/produktas\/robert-louis-stevenson-lobiu-sala\/","name":"Robert Louis Stevenson \u201eLobi\u0173 sala\u201c - Skaitytaknyga","isPartOf":{"@id":"https:\/\/skaitytaknyga.lt\/#website"},"primaryImageOfPage":{"@id":"https:\/\/skaitytaknyga.lt\/produktas\/robert-louis-stevenson-lobiu-sala\/#primaryimage"},"image":{"@id":"https:\/\/skaitytaknyga.lt\/produktas\/robert-louis-stevenson-lobiu-sala\/#primaryimage"},"thumbnailUrl":"https:\/\/skaitytaknyga.lt\/wp-content\/uploads\/2024\/04\/1468828944_9786094413773_Lobiu_sala.jpg","datePublished":"2024-04-17T13:22:19+00:00","dateModified":"2025-03-09T08:10:49+00:00","description":"Atvyk\u0117lis buvo auk\u0161tas, stambus ir stiprus, rudu it rie\u0161utas veidu, dervuota kasa driko ant ne\u0161varaus m\u0117lyno apsiausto apykakl\u0117s, rankos buvo sudir\u017eusios ir randuotos, su juodais suskeld\u0117jusiais nagais, per skruost\u0105 \u0117jo kardo paliktas randas \u2013 bjaurus, pilkai melsvas. Prisimenu, kaip jis \u0161vilpiniuodamas ap\u017evelg\u0117 smukl\u0119, o paskui u\u017etrauk\u0117 t\u0105 sen\u0105 j\u016breivi\u0173 dain\u0105, kuri\u0105 v\u0117liau taip da\u017enai dainuodavo: Penkiolika vyr\u0173 ties negyv\u0117lio skrynia, Jo ho ho ir romo butelys. Dvylikametis D\u017eimas tikrai nesitik\u0117jo, kad b\u016btent \u0161io atvyk\u0117lio d\u0117ka patirs did\u017eiausi\u0105 savo gyvenimo nuotyk\u012f \u2013 i\u0161vyks ie\u0161koti pasl\u0117pto pirat\u0173 lobio! K\u0105 rinktumeisi tu, jei tavo rankose atsidurt\u0173 senas paslaptingos salos \u017eem\u0117lapis su nurodymais ir keistu X \u017eenklu, kuris grei\u010diausiai \u017eymi viet\u0105, kur u\u017ekastas legendinio pirato Flinto lobis?.. Negi liktum s\u0117d\u0117ti namie?.. D\u017eimui abejoni\u0173 nekyla \u2013 belieka surinkti \u0161auni\u0105 komand\u0105 ir leistis \u012f pavoj\u0173 ir nuotyki\u0173 piln\u0105 kelion\u0119!","breadcrumb":{"@id":"https:\/\/skaitytaknyga.lt\/produktas\/robert-louis-stevenson-lobiu-sala\/#breadcrumb"},"inLanguage":"en-GB","potentialAction":[{"@type":"ReadAction","target":["https:\/\/skaitytaknyga.lt\/produktas\/robert-louis-stevenson-lobiu-sala\/"]}]},{"@type":"ImageObject","inLanguage":"en-GB","@id":"https:\/\/skaitytaknyga.lt\/produktas\/robert-louis-stevenson-lobiu-sala\/#primaryimage","url":"https:\/\/skaitytaknyga.lt\/wp-content\/uploads\/2024\/04\/1468828944_9786094413773_Lobiu_sala.jpg","contentUrl":"https:\/\/skaitytaknyga.lt\/wp-content\/uploads\/2024\/04\/1468828944_9786094413773_Lobiu_sala.jpg","width":320,"height":387,"caption":"1468828944 9786094413773 Lobiu sala"},{"@type":"BreadcrumbList","@id":"https:\/\/skaitytaknyga.lt\/produktas\/robert-louis-stevenson-lobiu-sala\/#breadcrumb","itemListElement":[{"@type":"ListItem","position":1,"name":"Home","item":"https:\/\/skaitytaknyga.lt\/"},{"@type":"ListItem","position":2,"name":"Parduotuv\u0117","item":"https:\/\/skaitytaknyga.lt\/knygu-parduotuve\/"},{"@type":"ListItem","position":3,"name":"Robert Louis Stevenson \u201eLobi\u0173 sala\u201c"}]},{"@type":"WebSite","@id":"https:\/\/skaitytaknyga.lt\/#website","url":"https:\/\/skaitytaknyga.lt\/","name":"skaitytaknyga.lt","description":"Skaitytaknyga.lt \u2013 tai ma\u017eas \u0161eimos verslas, kuris prasid\u0117jo nuo meil\u0117s knygoms ir siekio i\u0161gelb\u0117ti knygas nuo likimo prie konteinerio. Kas vienam nereikalingas daiktas \u2013 kitam lobis, o mes esame tarpininkai, kurie padeda abiems tapti laimingesniems ???? \u017dinome kaip nelengva i\u0161gyventi ma\u017eiems verslams, tad nuo \u0161iol, \u010dia rasite ir kit\u0173, ma\u017e\u0173 \u0161eim\u0173 versl\u0173, rank\u0173 darbo, dovan\u0173 sau ir artimiesiems.","publisher":{"@id":"https:\/\/skaitytaknyga.lt\/#organization"},"potentialAction":[{"@type":"SearchAction","target":{"@type":"EntryPoint","urlTemplate":"https:\/\/skaitytaknyga.lt\/?s={search_term_string}"},"query-input":{"@type":"PropertyValueSpecification","valueRequired":true,"valueName":"search_term_string"}}],"inLanguage":"en-GB"},{"@type":"Organization","@id":"https:\/\/skaitytaknyga.lt\/#organization","name":"skaitytaknyga.lt","url":"https:\/\/skaitytaknyga.lt\/","logo":{"@type":"ImageObject","inLanguage":"en-GB","@id":"https:\/\/skaitytaknyga.lt\/#\/schema\/logo\/image\/","url":"https:\/\/skaitytaknyga.lt\/wp-content\/uploads\/2024\/05\/cropped-cropped-cropped-02_00843_jt3bggkj1j3HLc7SyY6rEUpg.jpeg","contentUrl":"https:\/\/skaitytaknyga.lt\/wp-content\/uploads\/2024\/05\/cropped-cropped-cropped-02_00843_jt3bggkj1j3HLc7SyY6rEUpg.jpeg","width":1600,"height":1600,"caption":"skaitytaknyga.lt"},"image":{"@id":"https:\/\/skaitytaknyga.lt\/#\/schema\/logo\/image\/"},"sameAs":["https:\/\/www.facebook.com\/skaitytaknyga\/"]}]}},"_links":{"self":[{"href":"https:\/\/skaitytaknyga.lt\/en\/wp-json\/wp\/v2\/product\/3123","targetHints":{"allow":["GET"]}}],"collection":[{"href":"https:\/\/skaitytaknyga.lt\/en\/wp-json\/wp\/v2\/product"}],"about":[{"href":"https:\/\/skaitytaknyga.lt\/en\/wp-json\/wp\/v2\/types\/product"}],"replies":[{"embeddable":true,"href":"https:\/\/skaitytaknyga.lt\/en\/wp-json\/wp\/v2\/comments?post=3123"}],"wp:featuredmedia":[{"embeddable":true,"href":"https:\/\/skaitytaknyga.lt\/en\/wp-json\/wp\/v2\/media\/3156"}],"wp:attachment":[{"href":"https:\/\/skaitytaknyga.lt\/en\/wp-json\/wp\/v2\/media?parent=3123"}],"wp:term":[{"taxonomy":"product_brand","embeddable":true,"href":"https:\/\/skaitytaknyga.lt\/en\/wp-json\/wp\/v2\/product_brand?post=3123"},{"taxonomy":"product_cat","embeddable":true,"href":"https:\/\/skaitytaknyga.lt\/en\/wp-json\/wp\/v2\/product_cat?post=3123"},{"taxonomy":"product_tag","embeddable":true,"href":"https:\/\/skaitytaknyga.lt\/en\/wp-json\/wp\/v2\/product_tag?post=3123"}],"curies":[{"name":"wp","href":"https:\/\/api.w.org\/{rel}","templated":true}]}}