{"id":3096,"date":"2024-04-17T13:21:56","date_gmt":"2024-04-17T13:21:56","guid":{"rendered":"https:\/\/skaitytaknyga.lt\/?post_type=product&#038;p=3096"},"modified":"2025-05-19T09:47:00","modified_gmt":"2025-05-19T06:47:00","slug":"ledi-pank","status":"publish","type":"product","link":"https:\/\/skaitytaknyga.lt\/en\/produktas\/ledi-pank\/","title":{"rendered":"Ledi pank"},"content":{"rendered":"<p>Romanas paaugliams ir j\u0173 t\u0117vams apie penkiolikmet\u0117s merginos jausmus, pasibjaur\u0117jim\u0105 veidmaini\u0161ku suaugusi\u0173j\u0173 pasauliu ir mai\u0161t\u0105 prie\u0161 motin\u0105, jos draugus, net bendraam\u017eius bei stereotipines elgesio normas. \u012etaigiai vaizduojami prie\u0161taringi pankuojan\u010dios paaugl\u0117s jausmai, meil\u0117s ir savirai\u0161kos form\u0173 paie\u0161kos. Terei penkiolika, bet ji atrodo septyniolikos su trupu\u010diu. Ji tikra pabaisa, visai trenkta, crazy. Ledi Pank. Ter\u0117 turi visk\u0105, ko nori, k\u0105 galima nupirkti u\u017e pinigus, ir jai tas \u012fkyr\u0117jo. \u0160i\u0105 vasar\u0105 ji nutar\u0117 pa\u017einti meil\u0119. Taip pat nusprend\u0117 i\u0161skirti motin\u0105 su jos draugu Hugo. Ir svarbiausia, surasti C. V. Burger\u012f, savo t\u0117t\u012f, kuriam skirti jos \u0161velniausi jausmai. Ta\u010diau \u0161i\u0105 vasar\u0105 viskas vyksta kitaip. Ter\u0117s niekas nebesupranta. Net jos senel\u0117 Lizel\u0117, kuri paprastai skaito jos norus i\u0161 aki\u0173, ir net Marselis, su kuriuo gal\u0117jo tiek visko \u012fvykti. Tuomet ateina tokia diena, kai viskas, atrodo, baig\u0117si. Tai gali b\u016bti labai nuostabi arba labai baisi diena. Bet pasirodo, kad ji &#8211; kaip ir visos&#8230; Knyga apdovanota Vokietijos jaunimo literat\u016bros premija.<\/p>\n","protected":false},"excerpt":{"rendered":"<p>SU DEFEKTU <\/p>\n<p>Romanas paaugliams ir j\u0173 t\u0117vams apie penkiolikmet\u0117s merginos jausmus, pasibjaur\u0117jim\u0105 veidmaini\u0161ku suaugusi\u0173j\u0173 pasauliu ir mai\u0161t\u0105 prie\u0161 motin\u0105, jos draugus, net bendraam\u017eius bei stereotipines elgesio normas. \u012etaigiai vaizduojami prie\u0161taringi pankuojan\u010dios paaugl\u0117s jausmai, meil\u0117s ir savirai\u0161kos form\u0173 paie\u0161kos. Terei penkiolika, bet ji atrodo septyniolikos su trupu\u010diu. Ji tikra pabaisa, visai trenkta, crazy. Ledi Pank. Ter\u0117 turi visk\u0105, ko nori, k\u0105 galima nupirkti u\u017e pinigus, ir jai tas \u012fkyr\u0117jo. \u0160i\u0105 vasar\u0105 ji nutar\u0117 pa\u017einti meil\u0119. Taip pat nusprend\u0117 i\u0161skirti motin\u0105 su jos draugu Hugo. Ir svarbiausia, surasti C. V. Burger\u012f, savo t\u0117t\u012f, kuriam skirti jos \u0161velniausi jausmai. Ta\u010diau \u0161i\u0105 vasar\u0105 viskas vyksta kitaip. Ter\u0117s niekas nebesupranta. Net jos senel\u0117 Lizel\u0117, kuri paprastai skaito jos norus i\u0161 aki\u0173, ir net Marselis, su kuriuo gal\u0117jo tiek visko \u012fvykti. Tuomet ateina tokia diena, kai viskas, atrodo, baig\u0117si. Tai gali b\u016bti labai nuostabi arba labai baisi diena. Bet pasirodo, kad ji &#8211; kaip ir visos&#8230; Knyga apdovanota Vokietijos jaunimo literat\u016bros premija.<\/p>\n","protected":false},"featured_media":3147,"comment_status":"closed","ping_status":"closed","template":"","meta":{"_acf_changed":false,"site-sidebar-layout":"default","site-content-layout":"","ast-site-content-layout":"default","site-content-style":"default","site-sidebar-style":"default","ast-global-header-display":"","ast-banner-title-visibility":"","ast-main-header-display":"","ast-hfb-above-header-display":"","ast-hfb-below-header-display":"","ast-hfb-mobile-header-display":"","site-post-title":"","ast-breadcrumbs-content":"","ast-featured-img":"","footer-sml-layout":"","ast-disable-related-posts":"","theme-transparent-header-meta":"","adv-header-id-meta":"","stick-header-meta":"","header-above-stick-meta":"","header-main-stick-meta":"","header-below-stick-meta":"","astra-migrate-meta-layouts":"default","ast-page-background-enabled":"default","ast-page-background-meta":{"desktop":{"background-color":"","background-image":"","background-repeat":"repeat","background-position":"center center","background-size":"auto","background-attachment":"scroll","background-type":"","background-media":"","overlay-type":"","overlay-color":"","overlay-opacity":"","overlay-gradient":""},"tablet":{"background-color":"","background-image":"","background-repeat":"repeat","background-position":"center center","background-size":"auto","background-attachment":"scroll","background-type":"","background-media":"","overlay-type":"","overlay-color":"","overlay-opacity":"","overlay-gradient":""},"mobile":{"background-color":"","background-image":"","background-repeat":"repeat","background-position":"center center","background-size":"auto","background-attachment":"scroll","background-type":"","background-media":"","overlay-type":"","overlay-color":"","overlay-opacity":"","overlay-gradient":""}},"ast-content-background-meta":{"desktop":{"background-color":"var(--ast-global-color-4)","background-image":"","background-repeat":"repeat","background-position":"center center","background-size":"auto","background-attachment":"scroll","background-type":"","background-media":"","overlay-type":"","overlay-color":"","overlay-opacity":"","overlay-gradient":""},"tablet":{"background-color":"var(--ast-global-color-4)","background-image":"","background-repeat":"repeat","background-position":"center center","background-size":"auto","background-attachment":"scroll","background-type":"","background-media":"","overlay-type":"","overlay-color":"","overlay-opacity":"","overlay-gradient":""},"mobile":{"background-color":"var(--ast-global-color-4)","background-image":"","background-repeat":"repeat","background-position":"center center","background-size":"auto","background-attachment":"scroll","background-type":"","background-media":"","overlay-type":"","overlay-color":"","overlay-opacity":"","overlay-gradient":""}}},"product_brand":[],"product_cat":[35],"product_tag":[],"class_list":{"0":"post-3096","1":"product","2":"type-product","3":"status-publish","4":"has-post-thumbnail","6":"product_cat-vaikams-ir-paaugliams","7":"desktop-align-left","8":"tablet-align-left","9":"mobile-align-left","11":"first","12":"instock","13":"shipping-taxable","14":"purchasable","15":"product-type-simple"},"acf":[],"yoast_head":"<!-- This site is optimized with the Yoast SEO plugin v27.0 - https:\/\/yoast.com\/product\/yoast-seo-wordpress\/ -->\n<title>Ledi pank - Skaitytaknyga<\/title>\n<meta name=\"description\" content=\"SU DEFEKTU   Romanas paaugliams ir j\u0173 t\u0117vams apie penkiolikmet\u0117s merginos jausmus, pasibjaur\u0117jim\u0105 veidmaini\u0161ku suaugusi\u0173j\u0173 pasauliu ir mai\u0161t\u0105 prie\u0161 motin\u0105, jos draugus, net bendraam\u017eius bei stereotipines elgesio normas. \u012etaigiai vaizduojami prie\u0161taringi pankuojan\u010dios paaugl\u0117s jausmai, meil\u0117s ir savirai\u0161kos form\u0173 paie\u0161kos. Terei penkiolika, bet ji atrodo septyniolikos su trupu\u010diu. Ji tikra pabaisa, visai trenkta, crazy. Ledi Pank. Ter\u0117 turi visk\u0105, ko nori, k\u0105 galima nupirkti u\u017e pinigus, ir jai tas \u012fkyr\u0117jo. \u0160i\u0105 vasar\u0105 ji nutar\u0117 pa\u017einti meil\u0119. Taip pat nusprend\u0117 i\u0161skirti motin\u0105 su jos draugu Hugo. Ir svarbiausia, surasti C. V. Burger\u012f, savo t\u0117t\u012f, kuriam skirti jos \u0161velniausi jausmai. Ta\u010diau \u0161i\u0105 vasar\u0105 viskas vyksta kitaip. Ter\u0117s niekas nebesupranta. Net jos senel\u0117 Lizel\u0117, kuri paprastai skaito jos norus i\u0161 aki\u0173, ir net Marselis, su kuriuo gal\u0117jo tiek visko \u012fvykti. Tuomet ateina tokia diena, kai viskas, atrodo, baig\u0117si. Tai gali b\u016bti labai nuostabi arba labai baisi diena. Bet pasirodo, kad ji - kaip ir visos... Knyga apdovanota Vokietijos jaunimo literat\u016bros premija.\" \/>\n<meta name=\"robots\" content=\"index, follow, max-snippet:-1, max-image-preview:large, max-video-preview:-1\" \/>\n<link rel=\"canonical\" href=\"https:\/\/skaitytaknyga.lt\/en\/produktas\/ledi-pank\/\" \/>\n<meta property=\"og:locale\" content=\"en_GB\" \/>\n<meta property=\"og:locale:alternate\" content=\"lt_LT\" \/>\n<meta property=\"og:type\" content=\"article\" \/>\n<meta property=\"og:title\" content=\"Ledi pank - Skaitytaknyga\" \/>\n<meta property=\"og:description\" content=\"SU DEFEKTU   Romanas paaugliams ir j\u0173 t\u0117vams apie penkiolikmet\u0117s merginos jausmus, pasibjaur\u0117jim\u0105 veidmaini\u0161ku suaugusi\u0173j\u0173 pasauliu ir mai\u0161t\u0105 prie\u0161 motin\u0105, jos draugus, net bendraam\u017eius bei stereotipines elgesio normas. \u012etaigiai vaizduojami prie\u0161taringi pankuojan\u010dios paaugl\u0117s jausmai, meil\u0117s ir savirai\u0161kos form\u0173 paie\u0161kos. Terei penkiolika, bet ji atrodo septyniolikos su trupu\u010diu. Ji tikra pabaisa, visai trenkta, crazy. Ledi Pank. Ter\u0117 turi visk\u0105, ko nori, k\u0105 galima nupirkti u\u017e pinigus, ir jai tas \u012fkyr\u0117jo. \u0160i\u0105 vasar\u0105 ji nutar\u0117 pa\u017einti meil\u0119. Taip pat nusprend\u0117 i\u0161skirti motin\u0105 su jos draugu Hugo. Ir svarbiausia, surasti C. V. Burger\u012f, savo t\u0117t\u012f, kuriam skirti jos \u0161velniausi jausmai. Ta\u010diau \u0161i\u0105 vasar\u0105 viskas vyksta kitaip. Ter\u0117s niekas nebesupranta. Net jos senel\u0117 Lizel\u0117, kuri paprastai skaito jos norus i\u0161 aki\u0173, ir net Marselis, su kuriuo gal\u0117jo tiek visko \u012fvykti. Tuomet ateina tokia diena, kai viskas, atrodo, baig\u0117si. Tai gali b\u016bti labai nuostabi arba labai baisi diena. Bet pasirodo, kad ji - kaip ir visos... Knyga apdovanota Vokietijos jaunimo literat\u016bros premija.\" \/>\n<meta property=\"og:url\" content=\"https:\/\/skaitytaknyga.lt\/en\/produktas\/ledi-pank\/\" \/>\n<meta property=\"og:site_name\" content=\"Skaitytaknyga\" \/>\n<meta property=\"article:publisher\" content=\"https:\/\/www.facebook.com\/skaitytaknyga\/\" \/>\n<meta property=\"article:modified_time\" content=\"2025-05-19T06:47:00+00:00\" \/>\n<meta property=\"og:image\" content=\"https:\/\/skaitytaknyga.lt\/wp-content\/uploads\/2024\/04\/132909-9B357459-0D8C-4F3A-B789-61BDE8BA0CF3-e1607164945620.jpg\" \/>\n\t<meta property=\"og:image:width\" content=\"424\" \/>\n\t<meta property=\"og:image:height\" content=\"652\" \/>\n\t<meta property=\"og:image:type\" content=\"image\/jpeg\" \/>\n<meta name=\"twitter:card\" content=\"summary_large_image\" \/>\n<meta name=\"twitter:label1\" content=\"Estimated reading time\" \/>\n\t<meta name=\"twitter:data1\" content=\"1 minute\" \/>\n<script type=\"application\/ld+json\" class=\"yoast-schema-graph\">{\"@context\":\"https:\/\/schema.org\",\"@graph\":[{\"@type\":\"WebPage\",\"@id\":\"https:\/\/skaitytaknyga.lt\/produktas\/ledi-pank\/\",\"url\":\"https:\/\/skaitytaknyga.lt\/produktas\/ledi-pank\/\",\"name\":\"Ledi pank - Skaitytaknyga\",\"isPartOf\":{\"@id\":\"https:\/\/skaitytaknyga.lt\/#website\"},\"primaryImageOfPage\":{\"@id\":\"https:\/\/skaitytaknyga.lt\/produktas\/ledi-pank\/#primaryimage\"},\"image\":{\"@id\":\"https:\/\/skaitytaknyga.lt\/produktas\/ledi-pank\/#primaryimage\"},\"thumbnailUrl\":\"https:\/\/skaitytaknyga.lt\/wp-content\/uploads\/2024\/04\/132909-9B357459-0D8C-4F3A-B789-61BDE8BA0CF3-e1607164945620.jpg\",\"datePublished\":\"2024-04-17T13:21:56+00:00\",\"dateModified\":\"2025-05-19T06:47:00+00:00\",\"description\":\"SU DEFEKTU Romanas paaugliams ir j\u0173 t\u0117vams apie penkiolikmet\u0117s merginos jausmus, pasibjaur\u0117jim\u0105 veidmaini\u0161ku suaugusi\u0173j\u0173 pasauliu ir mai\u0161t\u0105 prie\u0161 motin\u0105, jos draugus, net bendraam\u017eius bei stereotipines elgesio normas. \u012etaigiai vaizduojami prie\u0161taringi pankuojan\u010dios paaugl\u0117s jausmai, meil\u0117s ir savirai\u0161kos form\u0173 paie\u0161kos. Terei penkiolika, bet ji atrodo septyniolikos su trupu\u010diu. Ji tikra pabaisa, visai trenkta, crazy. Ledi Pank. Ter\u0117 turi visk\u0105, ko nori, k\u0105 galima nupirkti u\u017e pinigus, ir jai tas \u012fkyr\u0117jo. \u0160i\u0105 vasar\u0105 ji nutar\u0117 pa\u017einti meil\u0119. Taip pat nusprend\u0117 i\u0161skirti motin\u0105 su jos draugu Hugo. Ir svarbiausia, surasti C. V. Burger\u012f, savo t\u0117t\u012f, kuriam skirti jos \u0161velniausi jausmai. Ta\u010diau \u0161i\u0105 vasar\u0105 viskas vyksta kitaip. Ter\u0117s niekas nebesupranta. Net jos senel\u0117 Lizel\u0117, kuri paprastai skaito jos norus i\u0161 aki\u0173, ir net Marselis, su kuriuo gal\u0117jo tiek visko \u012fvykti. Tuomet ateina tokia diena, kai viskas, atrodo, baig\u0117si. Tai gali b\u016bti labai nuostabi arba labai baisi diena. Bet pasirodo, kad ji - kaip ir visos... Knyga apdovanota Vokietijos jaunimo literat\u016bros premija.\",\"breadcrumb\":{\"@id\":\"https:\/\/skaitytaknyga.lt\/produktas\/ledi-pank\/#breadcrumb\"},\"inLanguage\":\"en-GB\",\"potentialAction\":[{\"@type\":\"ReadAction\",\"target\":[\"https:\/\/skaitytaknyga.lt\/produktas\/ledi-pank\/\"]}]},{\"@type\":\"ImageObject\",\"inLanguage\":\"en-GB\",\"@id\":\"https:\/\/skaitytaknyga.lt\/produktas\/ledi-pank\/#primaryimage\",\"url\":\"https:\/\/skaitytaknyga.lt\/wp-content\/uploads\/2024\/04\/132909-9B357459-0D8C-4F3A-B789-61BDE8BA0CF3-e1607164945620.jpg\",\"contentUrl\":\"https:\/\/skaitytaknyga.lt\/wp-content\/uploads\/2024\/04\/132909-9B357459-0D8C-4F3A-B789-61BDE8BA0CF3-e1607164945620.jpg\",\"width\":424,\"height\":652,\"caption\":\"132909 9B357459 0D8C 4F3A B789 61BDE8BA0CF3 e1607164945620\"},{\"@type\":\"BreadcrumbList\",\"@id\":\"https:\/\/skaitytaknyga.lt\/produktas\/ledi-pank\/#breadcrumb\",\"itemListElement\":[{\"@type\":\"ListItem\",\"position\":1,\"name\":\"Home\",\"item\":\"https:\/\/skaitytaknyga.lt\/\"},{\"@type\":\"ListItem\",\"position\":2,\"name\":\"Parduotuv\u0117\",\"item\":\"https:\/\/skaitytaknyga.lt\/knygu-parduotuve\/\"},{\"@type\":\"ListItem\",\"position\":3,\"name\":\"Ledi pank\"}]},{\"@type\":\"WebSite\",\"@id\":\"https:\/\/skaitytaknyga.lt\/#website\",\"url\":\"https:\/\/skaitytaknyga.lt\/\",\"name\":\"skaitytaknyga.lt\",\"description\":\"Skaitytaknyga.lt \u2013 tai ma\u017eas \u0161eimos verslas, kuris prasid\u0117jo nuo meil\u0117s knygoms ir siekio i\u0161gelb\u0117ti knygas nuo likimo prie konteinerio. Kas vienam nereikalingas daiktas \u2013 kitam lobis, o mes esame tarpininkai, kurie padeda abiems tapti laimingesniems ???? \u017dinome kaip nelengva i\u0161gyventi ma\u017eiems verslams, tad nuo \u0161iol, \u010dia rasite ir kit\u0173, ma\u017e\u0173 \u0161eim\u0173 versl\u0173, rank\u0173 darbo, dovan\u0173 sau ir artimiesiems.\",\"publisher\":{\"@id\":\"https:\/\/skaitytaknyga.lt\/#organization\"},\"potentialAction\":[{\"@type\":\"SearchAction\",\"target\":{\"@type\":\"EntryPoint\",\"urlTemplate\":\"https:\/\/skaitytaknyga.lt\/?s={search_term_string}\"},\"query-input\":{\"@type\":\"PropertyValueSpecification\",\"valueRequired\":true,\"valueName\":\"search_term_string\"}}],\"inLanguage\":\"en-GB\"},{\"@type\":\"Organization\",\"@id\":\"https:\/\/skaitytaknyga.lt\/#organization\",\"name\":\"skaitytaknyga.lt\",\"url\":\"https:\/\/skaitytaknyga.lt\/\",\"logo\":{\"@type\":\"ImageObject\",\"inLanguage\":\"en-GB\",\"@id\":\"https:\/\/skaitytaknyga.lt\/#\/schema\/logo\/image\/\",\"url\":\"https:\/\/skaitytaknyga.lt\/wp-content\/uploads\/2024\/05\/cropped-cropped-cropped-02_00843_jt3bggkj1j3HLc7SyY6rEUpg.jpeg\",\"contentUrl\":\"https:\/\/skaitytaknyga.lt\/wp-content\/uploads\/2024\/05\/cropped-cropped-cropped-02_00843_jt3bggkj1j3HLc7SyY6rEUpg.jpeg\",\"width\":1600,\"height\":1600,\"caption\":\"skaitytaknyga.lt\"},\"image\":{\"@id\":\"https:\/\/skaitytaknyga.lt\/#\/schema\/logo\/image\/\"},\"sameAs\":[\"https:\/\/www.facebook.com\/skaitytaknyga\/\"]}]}<\/script>\n<!-- \/ Yoast SEO plugin. -->","yoast_head_json":{"title":"Ledi pank - Skaitytaknyga","description":"SU DEFEKTU   Romanas paaugliams ir j\u0173 t\u0117vams apie penkiolikmet\u0117s merginos jausmus, pasibjaur\u0117jim\u0105 veidmaini\u0161ku suaugusi\u0173j\u0173 pasauliu ir mai\u0161t\u0105 prie\u0161 motin\u0105, jos draugus, net bendraam\u017eius bei stereotipines elgesio normas. \u012etaigiai vaizduojami prie\u0161taringi pankuojan\u010dios paaugl\u0117s jausmai, meil\u0117s ir savirai\u0161kos form\u0173 paie\u0161kos. Terei penkiolika, bet ji atrodo septyniolikos su trupu\u010diu. Ji tikra pabaisa, visai trenkta, crazy. Ledi Pank. Ter\u0117 turi visk\u0105, ko nori, k\u0105 galima nupirkti u\u017e pinigus, ir jai tas \u012fkyr\u0117jo. \u0160i\u0105 vasar\u0105 ji nutar\u0117 pa\u017einti meil\u0119. Taip pat nusprend\u0117 i\u0161skirti motin\u0105 su jos draugu Hugo. Ir svarbiausia, surasti C. V. Burger\u012f, savo t\u0117t\u012f, kuriam skirti jos \u0161velniausi jausmai. Ta\u010diau \u0161i\u0105 vasar\u0105 viskas vyksta kitaip. Ter\u0117s niekas nebesupranta. Net jos senel\u0117 Lizel\u0117, kuri paprastai skaito jos norus i\u0161 aki\u0173, ir net Marselis, su kuriuo gal\u0117jo tiek visko \u012fvykti. Tuomet ateina tokia diena, kai viskas, atrodo, baig\u0117si. Tai gali b\u016bti labai nuostabi arba labai baisi diena. Bet pasirodo, kad ji - kaip ir visos... Knyga apdovanota Vokietijos jaunimo literat\u016bros premija.","robots":{"index":"index","follow":"follow","max-snippet":"max-snippet:-1","max-image-preview":"max-image-preview:large","max-video-preview":"max-video-preview:-1"},"canonical":"https:\/\/skaitytaknyga.lt\/en\/produktas\/ledi-pank\/","og_locale":"en_GB","og_type":"article","og_title":"Ledi pank - Skaitytaknyga","og_description":"SU DEFEKTU   Romanas paaugliams ir j\u0173 t\u0117vams apie penkiolikmet\u0117s merginos jausmus, pasibjaur\u0117jim\u0105 veidmaini\u0161ku suaugusi\u0173j\u0173 pasauliu ir mai\u0161t\u0105 prie\u0161 motin\u0105, jos draugus, net bendraam\u017eius bei stereotipines elgesio normas. \u012etaigiai vaizduojami prie\u0161taringi pankuojan\u010dios paaugl\u0117s jausmai, meil\u0117s ir savirai\u0161kos form\u0173 paie\u0161kos. Terei penkiolika, bet ji atrodo septyniolikos su trupu\u010diu. Ji tikra pabaisa, visai trenkta, crazy. Ledi Pank. Ter\u0117 turi visk\u0105, ko nori, k\u0105 galima nupirkti u\u017e pinigus, ir jai tas \u012fkyr\u0117jo. \u0160i\u0105 vasar\u0105 ji nutar\u0117 pa\u017einti meil\u0119. Taip pat nusprend\u0117 i\u0161skirti motin\u0105 su jos draugu Hugo. Ir svarbiausia, surasti C. V. Burger\u012f, savo t\u0117t\u012f, kuriam skirti jos \u0161velniausi jausmai. Ta\u010diau \u0161i\u0105 vasar\u0105 viskas vyksta kitaip. Ter\u0117s niekas nebesupranta. Net jos senel\u0117 Lizel\u0117, kuri paprastai skaito jos norus i\u0161 aki\u0173, ir net Marselis, su kuriuo gal\u0117jo tiek visko \u012fvykti. Tuomet ateina tokia diena, kai viskas, atrodo, baig\u0117si. Tai gali b\u016bti labai nuostabi arba labai baisi diena. Bet pasirodo, kad ji - kaip ir visos... Knyga apdovanota Vokietijos jaunimo literat\u016bros premija.","og_url":"https:\/\/skaitytaknyga.lt\/en\/produktas\/ledi-pank\/","og_site_name":"Skaitytaknyga","article_publisher":"https:\/\/www.facebook.com\/skaitytaknyga\/","article_modified_time":"2025-05-19T06:47:00+00:00","og_image":[{"width":424,"height":652,"url":"https:\/\/skaitytaknyga.lt\/wp-content\/uploads\/2024\/04\/132909-9B357459-0D8C-4F3A-B789-61BDE8BA0CF3-e1607164945620.jpg","type":"image\/jpeg"}],"twitter_card":"summary_large_image","twitter_misc":{"Estimated reading time":"1 minute"},"schema":{"@context":"https:\/\/schema.org","@graph":[{"@type":"WebPage","@id":"https:\/\/skaitytaknyga.lt\/produktas\/ledi-pank\/","url":"https:\/\/skaitytaknyga.lt\/produktas\/ledi-pank\/","name":"Ledi pank - Skaitytaknyga","isPartOf":{"@id":"https:\/\/skaitytaknyga.lt\/#website"},"primaryImageOfPage":{"@id":"https:\/\/skaitytaknyga.lt\/produktas\/ledi-pank\/#primaryimage"},"image":{"@id":"https:\/\/skaitytaknyga.lt\/produktas\/ledi-pank\/#primaryimage"},"thumbnailUrl":"https:\/\/skaitytaknyga.lt\/wp-content\/uploads\/2024\/04\/132909-9B357459-0D8C-4F3A-B789-61BDE8BA0CF3-e1607164945620.jpg","datePublished":"2024-04-17T13:21:56+00:00","dateModified":"2025-05-19T06:47:00+00:00","description":"SU DEFEKTU Romanas paaugliams ir j\u0173 t\u0117vams apie penkiolikmet\u0117s merginos jausmus, pasibjaur\u0117jim\u0105 veidmaini\u0161ku suaugusi\u0173j\u0173 pasauliu ir mai\u0161t\u0105 prie\u0161 motin\u0105, jos draugus, net bendraam\u017eius bei stereotipines elgesio normas. \u012etaigiai vaizduojami prie\u0161taringi pankuojan\u010dios paaugl\u0117s jausmai, meil\u0117s ir savirai\u0161kos form\u0173 paie\u0161kos. Terei penkiolika, bet ji atrodo septyniolikos su trupu\u010diu. Ji tikra pabaisa, visai trenkta, crazy. Ledi Pank. Ter\u0117 turi visk\u0105, ko nori, k\u0105 galima nupirkti u\u017e pinigus, ir jai tas \u012fkyr\u0117jo. \u0160i\u0105 vasar\u0105 ji nutar\u0117 pa\u017einti meil\u0119. Taip pat nusprend\u0117 i\u0161skirti motin\u0105 su jos draugu Hugo. Ir svarbiausia, surasti C. V. Burger\u012f, savo t\u0117t\u012f, kuriam skirti jos \u0161velniausi jausmai. Ta\u010diau \u0161i\u0105 vasar\u0105 viskas vyksta kitaip. Ter\u0117s niekas nebesupranta. Net jos senel\u0117 Lizel\u0117, kuri paprastai skaito jos norus i\u0161 aki\u0173, ir net Marselis, su kuriuo gal\u0117jo tiek visko \u012fvykti. Tuomet ateina tokia diena, kai viskas, atrodo, baig\u0117si. Tai gali b\u016bti labai nuostabi arba labai baisi diena. Bet pasirodo, kad ji - kaip ir visos... Knyga apdovanota Vokietijos jaunimo literat\u016bros premija.","breadcrumb":{"@id":"https:\/\/skaitytaknyga.lt\/produktas\/ledi-pank\/#breadcrumb"},"inLanguage":"en-GB","potentialAction":[{"@type":"ReadAction","target":["https:\/\/skaitytaknyga.lt\/produktas\/ledi-pank\/"]}]},{"@type":"ImageObject","inLanguage":"en-GB","@id":"https:\/\/skaitytaknyga.lt\/produktas\/ledi-pank\/#primaryimage","url":"https:\/\/skaitytaknyga.lt\/wp-content\/uploads\/2024\/04\/132909-9B357459-0D8C-4F3A-B789-61BDE8BA0CF3-e1607164945620.jpg","contentUrl":"https:\/\/skaitytaknyga.lt\/wp-content\/uploads\/2024\/04\/132909-9B357459-0D8C-4F3A-B789-61BDE8BA0CF3-e1607164945620.jpg","width":424,"height":652,"caption":"132909 9B357459 0D8C 4F3A B789 61BDE8BA0CF3 e1607164945620"},{"@type":"BreadcrumbList","@id":"https:\/\/skaitytaknyga.lt\/produktas\/ledi-pank\/#breadcrumb","itemListElement":[{"@type":"ListItem","position":1,"name":"Home","item":"https:\/\/skaitytaknyga.lt\/"},{"@type":"ListItem","position":2,"name":"Parduotuv\u0117","item":"https:\/\/skaitytaknyga.lt\/knygu-parduotuve\/"},{"@type":"ListItem","position":3,"name":"Ledi pank"}]},{"@type":"WebSite","@id":"https:\/\/skaitytaknyga.lt\/#website","url":"https:\/\/skaitytaknyga.lt\/","name":"skaitytaknyga.lt","description":"Skaitytaknyga.lt \u2013 tai ma\u017eas \u0161eimos verslas, kuris prasid\u0117jo nuo meil\u0117s knygoms ir siekio i\u0161gelb\u0117ti knygas nuo likimo prie konteinerio. Kas vienam nereikalingas daiktas \u2013 kitam lobis, o mes esame tarpininkai, kurie padeda abiems tapti laimingesniems ???? \u017dinome kaip nelengva i\u0161gyventi ma\u017eiems verslams, tad nuo \u0161iol, \u010dia rasite ir kit\u0173, ma\u017e\u0173 \u0161eim\u0173 versl\u0173, rank\u0173 darbo, dovan\u0173 sau ir artimiesiems.","publisher":{"@id":"https:\/\/skaitytaknyga.lt\/#organization"},"potentialAction":[{"@type":"SearchAction","target":{"@type":"EntryPoint","urlTemplate":"https:\/\/skaitytaknyga.lt\/?s={search_term_string}"},"query-input":{"@type":"PropertyValueSpecification","valueRequired":true,"valueName":"search_term_string"}}],"inLanguage":"en-GB"},{"@type":"Organization","@id":"https:\/\/skaitytaknyga.lt\/#organization","name":"skaitytaknyga.lt","url":"https:\/\/skaitytaknyga.lt\/","logo":{"@type":"ImageObject","inLanguage":"en-GB","@id":"https:\/\/skaitytaknyga.lt\/#\/schema\/logo\/image\/","url":"https:\/\/skaitytaknyga.lt\/wp-content\/uploads\/2024\/05\/cropped-cropped-cropped-02_00843_jt3bggkj1j3HLc7SyY6rEUpg.jpeg","contentUrl":"https:\/\/skaitytaknyga.lt\/wp-content\/uploads\/2024\/05\/cropped-cropped-cropped-02_00843_jt3bggkj1j3HLc7SyY6rEUpg.jpeg","width":1600,"height":1600,"caption":"skaitytaknyga.lt"},"image":{"@id":"https:\/\/skaitytaknyga.lt\/#\/schema\/logo\/image\/"},"sameAs":["https:\/\/www.facebook.com\/skaitytaknyga\/"]}]}},"_links":{"self":[{"href":"https:\/\/skaitytaknyga.lt\/en\/wp-json\/wp\/v2\/product\/3096","targetHints":{"allow":["GET"]}}],"collection":[{"href":"https:\/\/skaitytaknyga.lt\/en\/wp-json\/wp\/v2\/product"}],"about":[{"href":"https:\/\/skaitytaknyga.lt\/en\/wp-json\/wp\/v2\/types\/product"}],"replies":[{"embeddable":true,"href":"https:\/\/skaitytaknyga.lt\/en\/wp-json\/wp\/v2\/comments?post=3096"}],"wp:featuredmedia":[{"embeddable":true,"href":"https:\/\/skaitytaknyga.lt\/en\/wp-json\/wp\/v2\/media\/3147"}],"wp:attachment":[{"href":"https:\/\/skaitytaknyga.lt\/en\/wp-json\/wp\/v2\/media?parent=3096"}],"wp:term":[{"taxonomy":"product_brand","embeddable":true,"href":"https:\/\/skaitytaknyga.lt\/en\/wp-json\/wp\/v2\/product_brand?post=3096"},{"taxonomy":"product_cat","embeddable":true,"href":"https:\/\/skaitytaknyga.lt\/en\/wp-json\/wp\/v2\/product_cat?post=3096"},{"taxonomy":"product_tag","embeddable":true,"href":"https:\/\/skaitytaknyga.lt\/en\/wp-json\/wp\/v2\/product_tag?post=3096"}],"curies":[{"name":"wp","href":"https:\/\/api.w.org\/{rel}","templated":true}]}}