{"id":3092,"date":"2024-04-17T13:21:56","date_gmt":"2024-04-17T13:21:56","guid":{"rendered":"https:\/\/skaitytaknyga.lt\/?post_type=product&#038;p=3092"},"modified":"2024-12-18T18:24:53","modified_gmt":"2024-12-18T16:24:53","slug":"hakon-ovreas-rudalius","status":"publish","type":"product","link":"https:\/\/skaitytaknyga.lt\/en\/produktas\/hakon-ovreas-rudalius\/","title":{"rendered":"Hakon Ovreas \u201eRudalius\u201c"},"content":{"rendered":"<p>Geriausia istorija apie tikr\u0105 draugyst\u0119, netekt\u012f ir atradimus. Kartais tam, kad apgintum save ir kitus, reikia tapti labai dr\u0105siu.<\/p>\n<p>Dien\u0105 Dalius yra Dalius, bet nakt\u012f jis virsta Rudaliumi: superherojumi, kuris nieko nebijo. Su teptuku ir rudais da\u017eais Rudalius tyliai s\u0117lina i\u0161 nam\u0173. Ir juk ne Daliaus b\u0117da, kad Rudalius da\u017eo di\u010dki\u0173 berniuk\u0173 dvira\u010dius per superheroj\u0173 valandas?<\/p>\n<p>Hakon Ovreas (g. 1974) \u2013 norveg\u0173 ra\u0161ytojas, studijavo literat\u016br\u0105 Oslo universitete. I\u0161leido tris poezijos knygas, o 2013 metais para\u0161\u0117 pirm\u0105j\u0105 knyg\u0105 vaikams \u201eRudalius\u201c. \u0160i knyga ra\u0161ytojui peln\u0117 \u0160iaur\u0117s Tarybos vaik\u0173 ir jaunimo literat\u016bros premij\u0105 bei daugyb\u0119 kit\u0173 apdovanojim\u0173 gimtojoje Norvegijoje, Olandijoje, Vokietijoje.<\/p>\n<p>Ra\u0161ytojo k\u016bryba vertinama u\u017e paprastum\u0105, \u012ftaigum\u0105 ir ne\u017eabot\u0105 fantazij\u0105, kuri vaikams atrodo labai tikrovi\u0161ka, o suaugusiems sukelia nostalgi\u0161kus vaikyst\u0117s prisiminimus. Autorius savo smagiose ir nuotyki\u0173 kupinose knygose palie\u010dia ir gilesnes, vaikams svarbias temas, tokias kaip draugyst\u0117, atkirtis u\u017e paty\u010dias ar blogus darbus, dr\u0105sa, netektis.<\/p>\n<p>Knyga \u201eRudalius\u201c buvo i\u0161leista 30 \u0161ali\u0173, o antroji serijos knyga \u201eJuodulis\u201c jau pasirod\u0117 15 \u0161ali\u0173.<\/p>\n","protected":false},"excerpt":{"rendered":"<p>Geriausia istorija apie tikr\u0105 draugyst\u0119, netekt\u012f ir atradimus. Kartais tam, kad apgintum save ir kitus, reikia tapti labai dr\u0105siu.<\/p>\n<p>Dien\u0105 Dalius yra Dalius, bet nakt\u012f jis virsta Rudaliumi: superherojumi, kuris nieko nebijo. Su teptuku ir rudais da\u017eais Rudalius tyliai s\u0117lina i\u0161 nam\u0173. Ir juk ne Daliaus b\u0117da, kad Rudalius da\u017eo di\u010dki\u0173 berniuk\u0173 dvira\u010dius per superheroj\u0173 valandas?<\/p>\n<p>Hakon Ovreas (g. 1974) \u2013 norveg\u0173 ra\u0161ytojas, studijavo literat\u016br\u0105 Oslo universitete. I\u0161leido tris poezijos knygas, o 2013 metais para\u0161\u0117 pirm\u0105j\u0105 knyg\u0105 vaikams \u201eRudalius\u201c. \u0160i knyga ra\u0161ytojui peln\u0117 \u0160iaur\u0117s Tarybos vaik\u0173 ir jaunimo literat\u016bros premij\u0105 bei daugyb\u0119 kit\u0173 apdovanojim\u0173 gimtojoje Norvegijoje, Olandijoje, Vokietijoje.<\/p>\n<p>Ra\u0161ytojo k\u016bryba vertinama u\u017e paprastum\u0105, \u012ftaigum\u0105 ir ne\u017eabot\u0105 fantazij\u0105, kuri vaikams atrodo labai tikrovi\u0161ka, o suaugusiems sukelia nostalgi\u0161kus vaikyst\u0117s prisiminimus. Autorius savo smagiose ir nuotyki\u0173 kupinose knygose palie\u010dia ir gilesnes, vaikams svarbias temas, tokias kaip draugyst\u0117, atkirtis u\u017e paty\u010dias ar blogus darbus, dr\u0105sa, netektis.<\/p>\n<p>Knyga \u201eRudalius\u201c buvo i\u0161leista 30 \u0161ali\u0173, o antroji serijos knyga \u201eJuodulis\u201c jau pasirod\u0117 15 \u0161ali\u0173.<\/p>\n","protected":false},"featured_media":3121,"comment_status":"closed","ping_status":"closed","template":"","meta":{"_acf_changed":false,"site-sidebar-layout":"default","site-content-layout":"","ast-site-content-layout":"default","site-content-style":"default","site-sidebar-style":"default","ast-global-header-display":"","ast-banner-title-visibility":"","ast-main-header-display":"","ast-hfb-above-header-display":"","ast-hfb-below-header-display":"","ast-hfb-mobile-header-display":"","site-post-title":"","ast-breadcrumbs-content":"","ast-featured-img":"","footer-sml-layout":"","ast-disable-related-posts":"","theme-transparent-header-meta":"","adv-header-id-meta":"","stick-header-meta":"","header-above-stick-meta":"","header-main-stick-meta":"","header-below-stick-meta":"","astra-migrate-meta-layouts":"default","ast-page-background-enabled":"default","ast-page-background-meta":{"desktop":{"background-color":"","background-image":"","background-repeat":"repeat","background-position":"center center","background-size":"auto","background-attachment":"scroll","background-type":"","background-media":"","overlay-type":"","overlay-color":"","overlay-opacity":"","overlay-gradient":""},"tablet":{"background-color":"","background-image":"","background-repeat":"repeat","background-position":"center center","background-size":"auto","background-attachment":"scroll","background-type":"","background-media":"","overlay-type":"","overlay-color":"","overlay-opacity":"","overlay-gradient":""},"mobile":{"background-color":"","background-image":"","background-repeat":"repeat","background-position":"center center","background-size":"auto","background-attachment":"scroll","background-type":"","background-media":"","overlay-type":"","overlay-color":"","overlay-opacity":"","overlay-gradient":""}},"ast-content-background-meta":{"desktop":{"background-color":"var(--ast-global-color-4)","background-image":"","background-repeat":"repeat","background-position":"center center","background-size":"auto","background-attachment":"scroll","background-type":"","background-media":"","overlay-type":"","overlay-color":"","overlay-opacity":"","overlay-gradient":""},"tablet":{"background-color":"var(--ast-global-color-4)","background-image":"","background-repeat":"repeat","background-position":"center center","background-size":"auto","background-attachment":"scroll","background-type":"","background-media":"","overlay-type":"","overlay-color":"","overlay-opacity":"","overlay-gradient":""},"mobile":{"background-color":"var(--ast-global-color-4)","background-image":"","background-repeat":"repeat","background-position":"center center","background-size":"auto","background-attachment":"scroll","background-type":"","background-media":"","overlay-type":"","overlay-color":"","overlay-opacity":"","overlay-gradient":""}}},"product_brand":[],"product_cat":[35],"product_tag":[],"class_list":{"0":"post-3092","1":"product","2":"type-product","3":"status-publish","4":"has-post-thumbnail","6":"product_cat-vaikams-ir-paaugliams","7":"desktop-align-left","8":"tablet-align-left","9":"mobile-align-left","11":"first","12":"instock","13":"shipping-taxable","14":"purchasable","15":"product-type-simple"},"acf":[],"yoast_head":"<!-- This site is optimized with the Yoast SEO plugin v27.0 - https:\/\/yoast.com\/product\/yoast-seo-wordpress\/ -->\n<title>Hakon Ovreas \u201eRudalius\u201c - Skaitytaknyga<\/title>\n<meta name=\"description\" content=\"Geriausia istorija apie tikr\u0105 draugyst\u0119, netekt\u012f ir atradimus. Kartais tam, kad apgintum save ir kitus, reikia tapti labai dr\u0105siu.  Dien\u0105 Dalius yra Dalius, bet nakt\u012f jis virsta Rudaliumi: superherojumi, kuris nieko nebijo. Su teptuku ir rudais da\u017eais Rudalius tyliai s\u0117lina i\u0161 nam\u0173. Ir juk ne Daliaus b\u0117da, kad Rudalius da\u017eo di\u010dki\u0173 berniuk\u0173 dvira\u010dius per superheroj\u0173 valandas?  Hakon Ovreas (g. 1974) \u2013 norveg\u0173 ra\u0161ytojas, studijavo literat\u016br\u0105 Oslo universitete. I\u0161leido tris poezijos knygas, o 2013 metais para\u0161\u0117 pirm\u0105j\u0105 knyg\u0105 vaikams \u201eRudalius\u201c. \u0160i knyga ra\u0161ytojui peln\u0117 \u0160iaur\u0117s Tarybos vaik\u0173 ir jaunimo literat\u016bros premij\u0105 bei daugyb\u0119 kit\u0173 apdovanojim\u0173 gimtojoje Norvegijoje, Olandijoje, Vokietijoje.  Ra\u0161ytojo k\u016bryba vertinama u\u017e paprastum\u0105, \u012ftaigum\u0105 ir ne\u017eabot\u0105 fantazij\u0105, kuri vaikams atrodo labai tikrovi\u0161ka, o suaugusiems sukelia nostalgi\u0161kus vaikyst\u0117s prisiminimus. Autorius savo smagiose ir nuotyki\u0173 kupinose knygose palie\u010dia ir gilesnes, vaikams svarbias temas, tokias kaip draugyst\u0117, atkirtis u\u017e paty\u010dias ar blogus darbus, dr\u0105sa, netektis.  Knyga \u201eRudalius\u201c buvo i\u0161leista 30 \u0161ali\u0173, o antroji serijos knyga \u201eJuodulis\u201c jau pasirod\u0117 15 \u0161ali\u0173.\" \/>\n<meta name=\"robots\" content=\"index, follow, max-snippet:-1, max-image-preview:large, max-video-preview:-1\" \/>\n<link rel=\"canonical\" href=\"https:\/\/skaitytaknyga.lt\/en\/produktas\/hakon-ovreas-rudalius\/\" \/>\n<meta property=\"og:locale\" content=\"en_GB\" \/>\n<meta property=\"og:locale:alternate\" content=\"lt_LT\" \/>\n<meta property=\"og:type\" content=\"article\" \/>\n<meta property=\"og:title\" content=\"Hakon Ovreas \u201eRudalius\u201c - Skaitytaknyga\" \/>\n<meta property=\"og:description\" content=\"Geriausia istorija apie tikr\u0105 draugyst\u0119, netekt\u012f ir atradimus. Kartais tam, kad apgintum save ir kitus, reikia tapti labai dr\u0105siu.  Dien\u0105 Dalius yra Dalius, bet nakt\u012f jis virsta Rudaliumi: superherojumi, kuris nieko nebijo. Su teptuku ir rudais da\u017eais Rudalius tyliai s\u0117lina i\u0161 nam\u0173. Ir juk ne Daliaus b\u0117da, kad Rudalius da\u017eo di\u010dki\u0173 berniuk\u0173 dvira\u010dius per superheroj\u0173 valandas?  Hakon Ovreas (g. 1974) \u2013 norveg\u0173 ra\u0161ytojas, studijavo literat\u016br\u0105 Oslo universitete. I\u0161leido tris poezijos knygas, o 2013 metais para\u0161\u0117 pirm\u0105j\u0105 knyg\u0105 vaikams \u201eRudalius\u201c. \u0160i knyga ra\u0161ytojui peln\u0117 \u0160iaur\u0117s Tarybos vaik\u0173 ir jaunimo literat\u016bros premij\u0105 bei daugyb\u0119 kit\u0173 apdovanojim\u0173 gimtojoje Norvegijoje, Olandijoje, Vokietijoje.  Ra\u0161ytojo k\u016bryba vertinama u\u017e paprastum\u0105, \u012ftaigum\u0105 ir ne\u017eabot\u0105 fantazij\u0105, kuri vaikams atrodo labai tikrovi\u0161ka, o suaugusiems sukelia nostalgi\u0161kus vaikyst\u0117s prisiminimus. Autorius savo smagiose ir nuotyki\u0173 kupinose knygose palie\u010dia ir gilesnes, vaikams svarbias temas, tokias kaip draugyst\u0117, atkirtis u\u017e paty\u010dias ar blogus darbus, dr\u0105sa, netektis.  Knyga \u201eRudalius\u201c buvo i\u0161leista 30 \u0161ali\u0173, o antroji serijos knyga \u201eJuodulis\u201c jau pasirod\u0117 15 \u0161ali\u0173.\" \/>\n<meta property=\"og:url\" content=\"https:\/\/skaitytaknyga.lt\/en\/produktas\/hakon-ovreas-rudalius\/\" \/>\n<meta property=\"og:site_name\" content=\"Skaitytaknyga\" \/>\n<meta property=\"article:publisher\" content=\"https:\/\/www.facebook.com\/skaitytaknyga\/\" \/>\n<meta property=\"article:modified_time\" content=\"2024-12-18T16:24:53+00:00\" \/>\n<meta property=\"og:image\" content=\"https:\/\/skaitytaknyga.lt\/wp-content\/uploads\/2024\/04\/000000000002174220-a6752e3e508904276528341f1d92ac5d-asset-knyguklubas-cdb_rudalius_virselis_p1.jpg\" \/>\n\t<meta property=\"og:image:width\" content=\"285\" \/>\n\t<meta property=\"og:image:height\" content=\"394\" \/>\n\t<meta property=\"og:image:type\" content=\"image\/jpeg\" \/>\n<meta name=\"twitter:card\" content=\"summary_large_image\" \/>\n<meta name=\"twitter:label1\" content=\"Estimated reading time\" \/>\n\t<meta name=\"twitter:data1\" content=\"1 minute\" \/>\n<script type=\"application\/ld+json\" class=\"yoast-schema-graph\">{\"@context\":\"https:\/\/schema.org\",\"@graph\":[{\"@type\":\"WebPage\",\"@id\":\"https:\/\/skaitytaknyga.lt\/produktas\/hakon-ovreas-rudalius\/\",\"url\":\"https:\/\/skaitytaknyga.lt\/produktas\/hakon-ovreas-rudalius\/\",\"name\":\"Hakon Ovreas \u201eRudalius\u201c - Skaitytaknyga\",\"isPartOf\":{\"@id\":\"https:\/\/skaitytaknyga.lt\/#website\"},\"primaryImageOfPage\":{\"@id\":\"https:\/\/skaitytaknyga.lt\/produktas\/hakon-ovreas-rudalius\/#primaryimage\"},\"image\":{\"@id\":\"https:\/\/skaitytaknyga.lt\/produktas\/hakon-ovreas-rudalius\/#primaryimage\"},\"thumbnailUrl\":\"https:\/\/skaitytaknyga.lt\/wp-content\/uploads\/2024\/04\/000000000002174220-a6752e3e508904276528341f1d92ac5d-asset-knyguklubas-cdb_rudalius_virselis_p1.jpg\",\"datePublished\":\"2024-04-17T13:21:56+00:00\",\"dateModified\":\"2024-12-18T16:24:53+00:00\",\"description\":\"Geriausia istorija apie tikr\u0105 draugyst\u0119, netekt\u012f ir atradimus. Kartais tam, kad apgintum save ir kitus, reikia tapti labai dr\u0105siu. Dien\u0105 Dalius yra Dalius, bet nakt\u012f jis virsta Rudaliumi: superherojumi, kuris nieko nebijo. Su teptuku ir rudais da\u017eais Rudalius tyliai s\u0117lina i\u0161 nam\u0173. Ir juk ne Daliaus b\u0117da, kad Rudalius da\u017eo di\u010dki\u0173 berniuk\u0173 dvira\u010dius per superheroj\u0173 valandas? Hakon Ovreas (g. 1974) \u2013 norveg\u0173 ra\u0161ytojas, studijavo literat\u016br\u0105 Oslo universitete. I\u0161leido tris poezijos knygas, o 2013 metais para\u0161\u0117 pirm\u0105j\u0105 knyg\u0105 vaikams \u201eRudalius\u201c. \u0160i knyga ra\u0161ytojui peln\u0117 \u0160iaur\u0117s Tarybos vaik\u0173 ir jaunimo literat\u016bros premij\u0105 bei daugyb\u0119 kit\u0173 apdovanojim\u0173 gimtojoje Norvegijoje, Olandijoje, Vokietijoje. Ra\u0161ytojo k\u016bryba vertinama u\u017e paprastum\u0105, \u012ftaigum\u0105 ir ne\u017eabot\u0105 fantazij\u0105, kuri vaikams atrodo labai tikrovi\u0161ka, o suaugusiems sukelia nostalgi\u0161kus vaikyst\u0117s prisiminimus. Autorius savo smagiose ir nuotyki\u0173 kupinose knygose palie\u010dia ir gilesnes, vaikams svarbias temas, tokias kaip draugyst\u0117, atkirtis u\u017e paty\u010dias ar blogus darbus, dr\u0105sa, netektis. Knyga \u201eRudalius\u201c buvo i\u0161leista 30 \u0161ali\u0173, o antroji serijos knyga \u201eJuodulis\u201c jau pasirod\u0117 15 \u0161ali\u0173.\",\"breadcrumb\":{\"@id\":\"https:\/\/skaitytaknyga.lt\/produktas\/hakon-ovreas-rudalius\/#breadcrumb\"},\"inLanguage\":\"en-GB\",\"potentialAction\":[{\"@type\":\"ReadAction\",\"target\":[\"https:\/\/skaitytaknyga.lt\/produktas\/hakon-ovreas-rudalius\/\"]}]},{\"@type\":\"ImageObject\",\"inLanguage\":\"en-GB\",\"@id\":\"https:\/\/skaitytaknyga.lt\/produktas\/hakon-ovreas-rudalius\/#primaryimage\",\"url\":\"https:\/\/skaitytaknyga.lt\/wp-content\/uploads\/2024\/04\/000000000002174220-a6752e3e508904276528341f1d92ac5d-asset-knyguklubas-cdb_rudalius_virselis_p1.jpg\",\"contentUrl\":\"https:\/\/skaitytaknyga.lt\/wp-content\/uploads\/2024\/04\/000000000002174220-a6752e3e508904276528341f1d92ac5d-asset-knyguklubas-cdb_rudalius_virselis_p1.jpg\",\"width\":285,\"height\":394,\"caption\":\"000000000002174220 a6752e3e508904276528341f1d92ac5d asset knyguklubas cdb rudalius virselis p1\"},{\"@type\":\"BreadcrumbList\",\"@id\":\"https:\/\/skaitytaknyga.lt\/produktas\/hakon-ovreas-rudalius\/#breadcrumb\",\"itemListElement\":[{\"@type\":\"ListItem\",\"position\":1,\"name\":\"Home\",\"item\":\"https:\/\/skaitytaknyga.lt\/\"},{\"@type\":\"ListItem\",\"position\":2,\"name\":\"Parduotuv\u0117\",\"item\":\"https:\/\/skaitytaknyga.lt\/knygu-parduotuve\/\"},{\"@type\":\"ListItem\",\"position\":3,\"name\":\"Hakon Ovreas \u201eRudalius\u201c\"}]},{\"@type\":\"WebSite\",\"@id\":\"https:\/\/skaitytaknyga.lt\/#website\",\"url\":\"https:\/\/skaitytaknyga.lt\/\",\"name\":\"skaitytaknyga.lt\",\"description\":\"Skaitytaknyga.lt \u2013 tai ma\u017eas \u0161eimos verslas, kuris prasid\u0117jo nuo meil\u0117s knygoms ir siekio i\u0161gelb\u0117ti knygas nuo likimo prie konteinerio. Kas vienam nereikalingas daiktas \u2013 kitam lobis, o mes esame tarpininkai, kurie padeda abiems tapti laimingesniems ???? \u017dinome kaip nelengva i\u0161gyventi ma\u017eiems verslams, tad nuo \u0161iol, \u010dia rasite ir kit\u0173, ma\u017e\u0173 \u0161eim\u0173 versl\u0173, rank\u0173 darbo, dovan\u0173 sau ir artimiesiems.\",\"publisher\":{\"@id\":\"https:\/\/skaitytaknyga.lt\/#organization\"},\"potentialAction\":[{\"@type\":\"SearchAction\",\"target\":{\"@type\":\"EntryPoint\",\"urlTemplate\":\"https:\/\/skaitytaknyga.lt\/?s={search_term_string}\"},\"query-input\":{\"@type\":\"PropertyValueSpecification\",\"valueRequired\":true,\"valueName\":\"search_term_string\"}}],\"inLanguage\":\"en-GB\"},{\"@type\":\"Organization\",\"@id\":\"https:\/\/skaitytaknyga.lt\/#organization\",\"name\":\"skaitytaknyga.lt\",\"url\":\"https:\/\/skaitytaknyga.lt\/\",\"logo\":{\"@type\":\"ImageObject\",\"inLanguage\":\"en-GB\",\"@id\":\"https:\/\/skaitytaknyga.lt\/#\/schema\/logo\/image\/\",\"url\":\"https:\/\/skaitytaknyga.lt\/wp-content\/uploads\/2024\/05\/cropped-cropped-cropped-02_00843_jt3bggkj1j3HLc7SyY6rEUpg.jpeg\",\"contentUrl\":\"https:\/\/skaitytaknyga.lt\/wp-content\/uploads\/2024\/05\/cropped-cropped-cropped-02_00843_jt3bggkj1j3HLc7SyY6rEUpg.jpeg\",\"width\":1600,\"height\":1600,\"caption\":\"skaitytaknyga.lt\"},\"image\":{\"@id\":\"https:\/\/skaitytaknyga.lt\/#\/schema\/logo\/image\/\"},\"sameAs\":[\"https:\/\/www.facebook.com\/skaitytaknyga\/\"]}]}<\/script>\n<!-- \/ Yoast SEO plugin. -->","yoast_head_json":{"title":"Hakon Ovreas \u201eRudalius\u201c - Skaitytaknyga","description":"Geriausia istorija apie tikr\u0105 draugyst\u0119, netekt\u012f ir atradimus. Kartais tam, kad apgintum save ir kitus, reikia tapti labai dr\u0105siu.  Dien\u0105 Dalius yra Dalius, bet nakt\u012f jis virsta Rudaliumi: superherojumi, kuris nieko nebijo. Su teptuku ir rudais da\u017eais Rudalius tyliai s\u0117lina i\u0161 nam\u0173. Ir juk ne Daliaus b\u0117da, kad Rudalius da\u017eo di\u010dki\u0173 berniuk\u0173 dvira\u010dius per superheroj\u0173 valandas?  Hakon Ovreas (g. 1974) \u2013 norveg\u0173 ra\u0161ytojas, studijavo literat\u016br\u0105 Oslo universitete. I\u0161leido tris poezijos knygas, o 2013 metais para\u0161\u0117 pirm\u0105j\u0105 knyg\u0105 vaikams \u201eRudalius\u201c. \u0160i knyga ra\u0161ytojui peln\u0117 \u0160iaur\u0117s Tarybos vaik\u0173 ir jaunimo literat\u016bros premij\u0105 bei daugyb\u0119 kit\u0173 apdovanojim\u0173 gimtojoje Norvegijoje, Olandijoje, Vokietijoje.  Ra\u0161ytojo k\u016bryba vertinama u\u017e paprastum\u0105, \u012ftaigum\u0105 ir ne\u017eabot\u0105 fantazij\u0105, kuri vaikams atrodo labai tikrovi\u0161ka, o suaugusiems sukelia nostalgi\u0161kus vaikyst\u0117s prisiminimus. Autorius savo smagiose ir nuotyki\u0173 kupinose knygose palie\u010dia ir gilesnes, vaikams svarbias temas, tokias kaip draugyst\u0117, atkirtis u\u017e paty\u010dias ar blogus darbus, dr\u0105sa, netektis.  Knyga \u201eRudalius\u201c buvo i\u0161leista 30 \u0161ali\u0173, o antroji serijos knyga \u201eJuodulis\u201c jau pasirod\u0117 15 \u0161ali\u0173.","robots":{"index":"index","follow":"follow","max-snippet":"max-snippet:-1","max-image-preview":"max-image-preview:large","max-video-preview":"max-video-preview:-1"},"canonical":"https:\/\/skaitytaknyga.lt\/en\/produktas\/hakon-ovreas-rudalius\/","og_locale":"en_GB","og_type":"article","og_title":"Hakon Ovreas \u201eRudalius\u201c - Skaitytaknyga","og_description":"Geriausia istorija apie tikr\u0105 draugyst\u0119, netekt\u012f ir atradimus. Kartais tam, kad apgintum save ir kitus, reikia tapti labai dr\u0105siu.  Dien\u0105 Dalius yra Dalius, bet nakt\u012f jis virsta Rudaliumi: superherojumi, kuris nieko nebijo. Su teptuku ir rudais da\u017eais Rudalius tyliai s\u0117lina i\u0161 nam\u0173. Ir juk ne Daliaus b\u0117da, kad Rudalius da\u017eo di\u010dki\u0173 berniuk\u0173 dvira\u010dius per superheroj\u0173 valandas?  Hakon Ovreas (g. 1974) \u2013 norveg\u0173 ra\u0161ytojas, studijavo literat\u016br\u0105 Oslo universitete. I\u0161leido tris poezijos knygas, o 2013 metais para\u0161\u0117 pirm\u0105j\u0105 knyg\u0105 vaikams \u201eRudalius\u201c. \u0160i knyga ra\u0161ytojui peln\u0117 \u0160iaur\u0117s Tarybos vaik\u0173 ir jaunimo literat\u016bros premij\u0105 bei daugyb\u0119 kit\u0173 apdovanojim\u0173 gimtojoje Norvegijoje, Olandijoje, Vokietijoje.  Ra\u0161ytojo k\u016bryba vertinama u\u017e paprastum\u0105, \u012ftaigum\u0105 ir ne\u017eabot\u0105 fantazij\u0105, kuri vaikams atrodo labai tikrovi\u0161ka, o suaugusiems sukelia nostalgi\u0161kus vaikyst\u0117s prisiminimus. Autorius savo smagiose ir nuotyki\u0173 kupinose knygose palie\u010dia ir gilesnes, vaikams svarbias temas, tokias kaip draugyst\u0117, atkirtis u\u017e paty\u010dias ar blogus darbus, dr\u0105sa, netektis.  Knyga \u201eRudalius\u201c buvo i\u0161leista 30 \u0161ali\u0173, o antroji serijos knyga \u201eJuodulis\u201c jau pasirod\u0117 15 \u0161ali\u0173.","og_url":"https:\/\/skaitytaknyga.lt\/en\/produktas\/hakon-ovreas-rudalius\/","og_site_name":"Skaitytaknyga","article_publisher":"https:\/\/www.facebook.com\/skaitytaknyga\/","article_modified_time":"2024-12-18T16:24:53+00:00","og_image":[{"width":285,"height":394,"url":"https:\/\/skaitytaknyga.lt\/wp-content\/uploads\/2024\/04\/000000000002174220-a6752e3e508904276528341f1d92ac5d-asset-knyguklubas-cdb_rudalius_virselis_p1.jpg","type":"image\/jpeg"}],"twitter_card":"summary_large_image","twitter_misc":{"Estimated reading time":"1 minute"},"schema":{"@context":"https:\/\/schema.org","@graph":[{"@type":"WebPage","@id":"https:\/\/skaitytaknyga.lt\/produktas\/hakon-ovreas-rudalius\/","url":"https:\/\/skaitytaknyga.lt\/produktas\/hakon-ovreas-rudalius\/","name":"Hakon Ovreas \u201eRudalius\u201c - Skaitytaknyga","isPartOf":{"@id":"https:\/\/skaitytaknyga.lt\/#website"},"primaryImageOfPage":{"@id":"https:\/\/skaitytaknyga.lt\/produktas\/hakon-ovreas-rudalius\/#primaryimage"},"image":{"@id":"https:\/\/skaitytaknyga.lt\/produktas\/hakon-ovreas-rudalius\/#primaryimage"},"thumbnailUrl":"https:\/\/skaitytaknyga.lt\/wp-content\/uploads\/2024\/04\/000000000002174220-a6752e3e508904276528341f1d92ac5d-asset-knyguklubas-cdb_rudalius_virselis_p1.jpg","datePublished":"2024-04-17T13:21:56+00:00","dateModified":"2024-12-18T16:24:53+00:00","description":"Geriausia istorija apie tikr\u0105 draugyst\u0119, netekt\u012f ir atradimus. Kartais tam, kad apgintum save ir kitus, reikia tapti labai dr\u0105siu. Dien\u0105 Dalius yra Dalius, bet nakt\u012f jis virsta Rudaliumi: superherojumi, kuris nieko nebijo. Su teptuku ir rudais da\u017eais Rudalius tyliai s\u0117lina i\u0161 nam\u0173. Ir juk ne Daliaus b\u0117da, kad Rudalius da\u017eo di\u010dki\u0173 berniuk\u0173 dvira\u010dius per superheroj\u0173 valandas? Hakon Ovreas (g. 1974) \u2013 norveg\u0173 ra\u0161ytojas, studijavo literat\u016br\u0105 Oslo universitete. I\u0161leido tris poezijos knygas, o 2013 metais para\u0161\u0117 pirm\u0105j\u0105 knyg\u0105 vaikams \u201eRudalius\u201c. \u0160i knyga ra\u0161ytojui peln\u0117 \u0160iaur\u0117s Tarybos vaik\u0173 ir jaunimo literat\u016bros premij\u0105 bei daugyb\u0119 kit\u0173 apdovanojim\u0173 gimtojoje Norvegijoje, Olandijoje, Vokietijoje. Ra\u0161ytojo k\u016bryba vertinama u\u017e paprastum\u0105, \u012ftaigum\u0105 ir ne\u017eabot\u0105 fantazij\u0105, kuri vaikams atrodo labai tikrovi\u0161ka, o suaugusiems sukelia nostalgi\u0161kus vaikyst\u0117s prisiminimus. Autorius savo smagiose ir nuotyki\u0173 kupinose knygose palie\u010dia ir gilesnes, vaikams svarbias temas, tokias kaip draugyst\u0117, atkirtis u\u017e paty\u010dias ar blogus darbus, dr\u0105sa, netektis. Knyga \u201eRudalius\u201c buvo i\u0161leista 30 \u0161ali\u0173, o antroji serijos knyga \u201eJuodulis\u201c jau pasirod\u0117 15 \u0161ali\u0173.","breadcrumb":{"@id":"https:\/\/skaitytaknyga.lt\/produktas\/hakon-ovreas-rudalius\/#breadcrumb"},"inLanguage":"en-GB","potentialAction":[{"@type":"ReadAction","target":["https:\/\/skaitytaknyga.lt\/produktas\/hakon-ovreas-rudalius\/"]}]},{"@type":"ImageObject","inLanguage":"en-GB","@id":"https:\/\/skaitytaknyga.lt\/produktas\/hakon-ovreas-rudalius\/#primaryimage","url":"https:\/\/skaitytaknyga.lt\/wp-content\/uploads\/2024\/04\/000000000002174220-a6752e3e508904276528341f1d92ac5d-asset-knyguklubas-cdb_rudalius_virselis_p1.jpg","contentUrl":"https:\/\/skaitytaknyga.lt\/wp-content\/uploads\/2024\/04\/000000000002174220-a6752e3e508904276528341f1d92ac5d-asset-knyguklubas-cdb_rudalius_virselis_p1.jpg","width":285,"height":394,"caption":"000000000002174220 a6752e3e508904276528341f1d92ac5d asset knyguklubas cdb rudalius virselis p1"},{"@type":"BreadcrumbList","@id":"https:\/\/skaitytaknyga.lt\/produktas\/hakon-ovreas-rudalius\/#breadcrumb","itemListElement":[{"@type":"ListItem","position":1,"name":"Home","item":"https:\/\/skaitytaknyga.lt\/"},{"@type":"ListItem","position":2,"name":"Parduotuv\u0117","item":"https:\/\/skaitytaknyga.lt\/knygu-parduotuve\/"},{"@type":"ListItem","position":3,"name":"Hakon Ovreas \u201eRudalius\u201c"}]},{"@type":"WebSite","@id":"https:\/\/skaitytaknyga.lt\/#website","url":"https:\/\/skaitytaknyga.lt\/","name":"skaitytaknyga.lt","description":"Skaitytaknyga.lt \u2013 tai ma\u017eas \u0161eimos verslas, kuris prasid\u0117jo nuo meil\u0117s knygoms ir siekio i\u0161gelb\u0117ti knygas nuo likimo prie konteinerio. Kas vienam nereikalingas daiktas \u2013 kitam lobis, o mes esame tarpininkai, kurie padeda abiems tapti laimingesniems ???? \u017dinome kaip nelengva i\u0161gyventi ma\u017eiems verslams, tad nuo \u0161iol, \u010dia rasite ir kit\u0173, ma\u017e\u0173 \u0161eim\u0173 versl\u0173, rank\u0173 darbo, dovan\u0173 sau ir artimiesiems.","publisher":{"@id":"https:\/\/skaitytaknyga.lt\/#organization"},"potentialAction":[{"@type":"SearchAction","target":{"@type":"EntryPoint","urlTemplate":"https:\/\/skaitytaknyga.lt\/?s={search_term_string}"},"query-input":{"@type":"PropertyValueSpecification","valueRequired":true,"valueName":"search_term_string"}}],"inLanguage":"en-GB"},{"@type":"Organization","@id":"https:\/\/skaitytaknyga.lt\/#organization","name":"skaitytaknyga.lt","url":"https:\/\/skaitytaknyga.lt\/","logo":{"@type":"ImageObject","inLanguage":"en-GB","@id":"https:\/\/skaitytaknyga.lt\/#\/schema\/logo\/image\/","url":"https:\/\/skaitytaknyga.lt\/wp-content\/uploads\/2024\/05\/cropped-cropped-cropped-02_00843_jt3bggkj1j3HLc7SyY6rEUpg.jpeg","contentUrl":"https:\/\/skaitytaknyga.lt\/wp-content\/uploads\/2024\/05\/cropped-cropped-cropped-02_00843_jt3bggkj1j3HLc7SyY6rEUpg.jpeg","width":1600,"height":1600,"caption":"skaitytaknyga.lt"},"image":{"@id":"https:\/\/skaitytaknyga.lt\/#\/schema\/logo\/image\/"},"sameAs":["https:\/\/www.facebook.com\/skaitytaknyga\/"]}]}},"_links":{"self":[{"href":"https:\/\/skaitytaknyga.lt\/en\/wp-json\/wp\/v2\/product\/3092","targetHints":{"allow":["GET"]}}],"collection":[{"href":"https:\/\/skaitytaknyga.lt\/en\/wp-json\/wp\/v2\/product"}],"about":[{"href":"https:\/\/skaitytaknyga.lt\/en\/wp-json\/wp\/v2\/types\/product"}],"replies":[{"embeddable":true,"href":"https:\/\/skaitytaknyga.lt\/en\/wp-json\/wp\/v2\/comments?post=3092"}],"wp:featuredmedia":[{"embeddable":true,"href":"https:\/\/skaitytaknyga.lt\/en\/wp-json\/wp\/v2\/media\/3121"}],"wp:attachment":[{"href":"https:\/\/skaitytaknyga.lt\/en\/wp-json\/wp\/v2\/media?parent=3092"}],"wp:term":[{"taxonomy":"product_brand","embeddable":true,"href":"https:\/\/skaitytaknyga.lt\/en\/wp-json\/wp\/v2\/product_brand?post=3092"},{"taxonomy":"product_cat","embeddable":true,"href":"https:\/\/skaitytaknyga.lt\/en\/wp-json\/wp\/v2\/product_cat?post=3092"},{"taxonomy":"product_tag","embeddable":true,"href":"https:\/\/skaitytaknyga.lt\/en\/wp-json\/wp\/v2\/product_tag?post=3092"}],"curies":[{"name":"wp","href":"https:\/\/api.w.org\/{rel}","templated":true}]}}