{"id":3063,"date":"2024-04-17T13:21:33","date_gmt":"2024-04-17T13:21:33","guid":{"rendered":"https:\/\/skaitytaknyga.lt\/?post_type=product&#038;p=3063"},"modified":"2024-05-03T07:17:48","modified_gmt":"2024-05-03T07:17:48","slug":"i-fisher-dzekas-desas-ir-stebuklinga-plunksna","status":"publish","type":"product","link":"https:\/\/skaitytaknyga.lt\/en\/produktas\/i-fisher-dzekas-desas-ir-stebuklinga-plunksna\/","title":{"rendered":"I. Fisher \u201eD\u017eekas De\u0161as ir stebuklinga plunksna\u201c"},"content":{"rendered":"<p>ei j\u016bs rastum\u0117te stebukling\u0105 plunksn\u0105, kuri atgaivint\u0173 j\u016bs\u0173 pie\u0161inius&#8230; k\u0105 nupie\u0161tum\u0117te?<br \/>\nKai D\u017eekas De\u0161as randa stebukling\u0105 plunksn\u0105, gyvenimas per 0,6 sekund\u0117s i\u0161 NUOBODAUS virsta NUOSTABIU.<\/p>\n<p>Jis gali tur\u0117ti visk\u0105, ko tik panori!<\/p>\n<p>Tik pasirodo, jog D\u017eekas yra nekoks dailininkas&#8230; ir jo gyvenime kaipmat \u012fsisiaut\u0117ja chaosas, atsiranda n\u0117riniuoti apatiniai ir j\u016br\u0173 li\u016bt\u0117.<br \/>\nD\u017eekui tenka sprukti i\u0161 nam\u0173, ir dabar pats laikas jam gelb\u0117ti savo draugus. Bet ar jis susigaudys, k\u0105 reikia daryti?<\/p>\n","protected":false},"excerpt":{"rendered":"<p>ei j\u016bs rastum\u0117te stebukling\u0105 plunksn\u0105, kuri atgaivint\u0173 j\u016bs\u0173 pie\u0161inius&#8230; k\u0105 nupie\u0161tum\u0117te?<br \/>\nKai D\u017eekas De\u0161as randa stebukling\u0105 plunksn\u0105, gyvenimas per 0,6 sekund\u0117s i\u0161 NUOBODAUS virsta NUOSTABIU.<\/p>\n<p>Jis gali tur\u0117ti visk\u0105, ko tik panori!<\/p>\n<p>Tik pasirodo, jog D\u017eekas yra nekoks dailininkas&#8230; ir jo gyvenime kaipmat \u012fsisiaut\u0117ja chaosas, atsiranda n\u0117riniuoti apatiniai ir j\u016br\u0173 li\u016bt\u0117.<br \/>\nD\u017eekui tenka sprukti i\u0161 nam\u0173, ir dabar pats laikas jam gelb\u0117ti savo draugus. Bet ar jis susigaudys, k\u0105 reikia daryti?<\/p>\n","protected":false},"featured_media":3107,"comment_status":"closed","ping_status":"closed","template":"","meta":{"_acf_changed":false,"site-sidebar-layout":"default","site-content-layout":"","ast-site-content-layout":"default","site-content-style":"default","site-sidebar-style":"default","ast-global-header-display":"","ast-banner-title-visibility":"","ast-main-header-display":"","ast-hfb-above-header-display":"","ast-hfb-below-header-display":"","ast-hfb-mobile-header-display":"","site-post-title":"","ast-breadcrumbs-content":"","ast-featured-img":"","footer-sml-layout":"","ast-disable-related-posts":"","theme-transparent-header-meta":"","adv-header-id-meta":"","stick-header-meta":"","header-above-stick-meta":"","header-main-stick-meta":"","header-below-stick-meta":"","astra-migrate-meta-layouts":"default","ast-page-background-enabled":"default","ast-page-background-meta":{"desktop":{"background-color":"","background-image":"","background-repeat":"repeat","background-position":"center center","background-size":"auto","background-attachment":"scroll","background-type":"","background-media":"","overlay-type":"","overlay-color":"","overlay-opacity":"","overlay-gradient":""},"tablet":{"background-color":"","background-image":"","background-repeat":"repeat","background-position":"center center","background-size":"auto","background-attachment":"scroll","background-type":"","background-media":"","overlay-type":"","overlay-color":"","overlay-opacity":"","overlay-gradient":""},"mobile":{"background-color":"","background-image":"","background-repeat":"repeat","background-position":"center center","background-size":"auto","background-attachment":"scroll","background-type":"","background-media":"","overlay-type":"","overlay-color":"","overlay-opacity":"","overlay-gradient":""}},"ast-content-background-meta":{"desktop":{"background-color":"var(--ast-global-color-4)","background-image":"","background-repeat":"repeat","background-position":"center center","background-size":"auto","background-attachment":"scroll","background-type":"","background-media":"","overlay-type":"","overlay-color":"","overlay-opacity":"","overlay-gradient":""},"tablet":{"background-color":"var(--ast-global-color-4)","background-image":"","background-repeat":"repeat","background-position":"center center","background-size":"auto","background-attachment":"scroll","background-type":"","background-media":"","overlay-type":"","overlay-color":"","overlay-opacity":"","overlay-gradient":""},"mobile":{"background-color":"var(--ast-global-color-4)","background-image":"","background-repeat":"repeat","background-position":"center center","background-size":"auto","background-attachment":"scroll","background-type":"","background-media":"","overlay-type":"","overlay-color":"","overlay-opacity":"","overlay-gradient":""}}},"product_brand":[],"product_cat":[35],"product_tag":[],"class_list":{"0":"post-3063","1":"product","2":"type-product","3":"status-publish","4":"has-post-thumbnail","6":"product_cat-vaikams-ir-paaugliams","7":"desktop-align-left","8":"tablet-align-left","9":"mobile-align-left","11":"first","12":"outofstock","13":"shipping-taxable","14":"purchasable","15":"product-type-simple"},"acf":[],"yoast_head":"<!-- This site is optimized with the Yoast SEO plugin v27.0 - https:\/\/yoast.com\/product\/yoast-seo-wordpress\/ -->\n<title>I. Fisher \u201eD\u017eekas De\u0161as ir stebuklinga plunksna\u201c - Skaitytaknyga<\/title>\n<meta name=\"description\" content=\"ei j\u016bs rastum\u0117te stebukling\u0105 plunksn\u0105, kuri atgaivint\u0173 j\u016bs\u0173 pie\u0161inius... k\u0105 nupie\u0161tum\u0117te? Kai D\u017eekas De\u0161as randa stebukling\u0105 plunksn\u0105, gyvenimas per 0,6 sekund\u0117s i\u0161 NUOBODAUS virsta NUOSTABIU.  Jis gali tur\u0117ti visk\u0105, ko tik panori!  Tik pasirodo, jog D\u017eekas yra nekoks dailininkas... ir jo gyvenime kaipmat \u012fsisiaut\u0117ja chaosas, atsiranda n\u0117riniuoti apatiniai ir j\u016br\u0173 li\u016bt\u0117. D\u017eekui tenka sprukti i\u0161 nam\u0173, ir dabar pats laikas jam gelb\u0117ti savo draugus. Bet ar jis susigaudys, k\u0105 reikia daryti?\" \/>\n<meta name=\"robots\" content=\"index, follow, max-snippet:-1, max-image-preview:large, max-video-preview:-1\" \/>\n<link rel=\"canonical\" href=\"https:\/\/skaitytaknyga.lt\/en\/produktas\/i-fisher-dzekas-desas-ir-stebuklinga-plunksna\/\" \/>\n<meta property=\"og:locale\" content=\"en_GB\" \/>\n<meta property=\"og:locale:alternate\" content=\"lt_LT\" \/>\n<meta property=\"og:type\" content=\"article\" \/>\n<meta property=\"og:title\" content=\"I. Fisher \u201eD\u017eekas De\u0161as ir stebuklinga plunksna\u201c - Skaitytaknyga\" \/>\n<meta property=\"og:description\" content=\"ei j\u016bs rastum\u0117te stebukling\u0105 plunksn\u0105, kuri atgaivint\u0173 j\u016bs\u0173 pie\u0161inius... k\u0105 nupie\u0161tum\u0117te? Kai D\u017eekas De\u0161as randa stebukling\u0105 plunksn\u0105, gyvenimas per 0,6 sekund\u0117s i\u0161 NUOBODAUS virsta NUOSTABIU.  Jis gali tur\u0117ti visk\u0105, ko tik panori!  Tik pasirodo, jog D\u017eekas yra nekoks dailininkas... ir jo gyvenime kaipmat \u012fsisiaut\u0117ja chaosas, atsiranda n\u0117riniuoti apatiniai ir j\u016br\u0173 li\u016bt\u0117. D\u017eekui tenka sprukti i\u0161 nam\u0173, ir dabar pats laikas jam gelb\u0117ti savo draugus. Bet ar jis susigaudys, k\u0105 reikia daryti?\" \/>\n<meta property=\"og:url\" content=\"https:\/\/skaitytaknyga.lt\/en\/produktas\/i-fisher-dzekas-desas-ir-stebuklinga-plunksna\/\" \/>\n<meta property=\"og:site_name\" content=\"Skaitytaknyga\" \/>\n<meta property=\"article:publisher\" content=\"https:\/\/www.facebook.com\/skaitytaknyga\/\" \/>\n<meta property=\"article:modified_time\" content=\"2024-05-03T07:17:48+00:00\" \/>\n<meta property=\"og:image\" content=\"https:\/\/skaitytaknyga.lt\/wp-content\/uploads\/2024\/04\/1524642831_000000000001111412-5ad8355f9fd1d-asset-knyguklubas-dzekas_desas_ir_stebuklinga_plunksna.png\" \/>\n\t<meta property=\"og:image:width\" content=\"355\" \/>\n\t<meta property=\"og:image:height\" content=\"560\" \/>\n\t<meta property=\"og:image:type\" content=\"image\/png\" \/>\n<meta name=\"twitter:card\" content=\"summary_large_image\" \/>\n<script type=\"application\/ld+json\" class=\"yoast-schema-graph\">{\"@context\":\"https:\/\/schema.org\",\"@graph\":[{\"@type\":\"WebPage\",\"@id\":\"https:\/\/skaitytaknyga.lt\/produktas\/i-fisher-dzekas-desas-ir-stebuklinga-plunksna\/\",\"url\":\"https:\/\/skaitytaknyga.lt\/produktas\/i-fisher-dzekas-desas-ir-stebuklinga-plunksna\/\",\"name\":\"I. Fisher \u201eD\u017eekas De\u0161as ir stebuklinga plunksna\u201c - Skaitytaknyga\",\"isPartOf\":{\"@id\":\"https:\/\/skaitytaknyga.lt\/#website\"},\"primaryImageOfPage\":{\"@id\":\"https:\/\/skaitytaknyga.lt\/produktas\/i-fisher-dzekas-desas-ir-stebuklinga-plunksna\/#primaryimage\"},\"image\":{\"@id\":\"https:\/\/skaitytaknyga.lt\/produktas\/i-fisher-dzekas-desas-ir-stebuklinga-plunksna\/#primaryimage\"},\"thumbnailUrl\":\"https:\/\/skaitytaknyga.lt\/wp-content\/uploads\/2024\/04\/1524642831_000000000001111412-5ad8355f9fd1d-asset-knyguklubas-dzekas_desas_ir_stebuklinga_plunksna.png\",\"datePublished\":\"2024-04-17T13:21:33+00:00\",\"dateModified\":\"2024-05-03T07:17:48+00:00\",\"description\":\"ei j\u016bs rastum\u0117te stebukling\u0105 plunksn\u0105, kuri atgaivint\u0173 j\u016bs\u0173 pie\u0161inius... k\u0105 nupie\u0161tum\u0117te? Kai D\u017eekas De\u0161as randa stebukling\u0105 plunksn\u0105, gyvenimas per 0,6 sekund\u0117s i\u0161 NUOBODAUS virsta NUOSTABIU. Jis gali tur\u0117ti visk\u0105, ko tik panori! Tik pasirodo, jog D\u017eekas yra nekoks dailininkas... ir jo gyvenime kaipmat \u012fsisiaut\u0117ja chaosas, atsiranda n\u0117riniuoti apatiniai ir j\u016br\u0173 li\u016bt\u0117. D\u017eekui tenka sprukti i\u0161 nam\u0173, ir dabar pats laikas jam gelb\u0117ti savo draugus. Bet ar jis susigaudys, k\u0105 reikia daryti?\",\"breadcrumb\":{\"@id\":\"https:\/\/skaitytaknyga.lt\/produktas\/i-fisher-dzekas-desas-ir-stebuklinga-plunksna\/#breadcrumb\"},\"inLanguage\":\"en-GB\",\"potentialAction\":[{\"@type\":\"ReadAction\",\"target\":[\"https:\/\/skaitytaknyga.lt\/produktas\/i-fisher-dzekas-desas-ir-stebuklinga-plunksna\/\"]}]},{\"@type\":\"ImageObject\",\"inLanguage\":\"en-GB\",\"@id\":\"https:\/\/skaitytaknyga.lt\/produktas\/i-fisher-dzekas-desas-ir-stebuklinga-plunksna\/#primaryimage\",\"url\":\"https:\/\/skaitytaknyga.lt\/wp-content\/uploads\/2024\/04\/1524642831_000000000001111412-5ad8355f9fd1d-asset-knyguklubas-dzekas_desas_ir_stebuklinga_plunksna.png\",\"contentUrl\":\"https:\/\/skaitytaknyga.lt\/wp-content\/uploads\/2024\/04\/1524642831_000000000001111412-5ad8355f9fd1d-asset-knyguklubas-dzekas_desas_ir_stebuklinga_plunksna.png\",\"width\":355,\"height\":560,\"caption\":\"1524642831 000000000001111412 5ad8355f9fd1d asset knyguklubas dzekas desas ir stebuklinga plunksna\"},{\"@type\":\"BreadcrumbList\",\"@id\":\"https:\/\/skaitytaknyga.lt\/produktas\/i-fisher-dzekas-desas-ir-stebuklinga-plunksna\/#breadcrumb\",\"itemListElement\":[{\"@type\":\"ListItem\",\"position\":1,\"name\":\"Home\",\"item\":\"https:\/\/skaitytaknyga.lt\/\"},{\"@type\":\"ListItem\",\"position\":2,\"name\":\"Parduotuv\u0117\",\"item\":\"https:\/\/skaitytaknyga.lt\/knygu-parduotuve\/\"},{\"@type\":\"ListItem\",\"position\":3,\"name\":\"I. Fisher \u201eD\u017eekas De\u0161as ir stebuklinga plunksna\u201c\"}]},{\"@type\":\"WebSite\",\"@id\":\"https:\/\/skaitytaknyga.lt\/#website\",\"url\":\"https:\/\/skaitytaknyga.lt\/\",\"name\":\"skaitytaknyga.lt\",\"description\":\"Skaitytaknyga.lt \u2013 tai ma\u017eas \u0161eimos verslas, kuris prasid\u0117jo nuo meil\u0117s knygoms ir siekio i\u0161gelb\u0117ti knygas nuo likimo prie konteinerio. Kas vienam nereikalingas daiktas \u2013 kitam lobis, o mes esame tarpininkai, kurie padeda abiems tapti laimingesniems ???? \u017dinome kaip nelengva i\u0161gyventi ma\u017eiems verslams, tad nuo \u0161iol, \u010dia rasite ir kit\u0173, ma\u017e\u0173 \u0161eim\u0173 versl\u0173, rank\u0173 darbo, dovan\u0173 sau ir artimiesiems.\",\"publisher\":{\"@id\":\"https:\/\/skaitytaknyga.lt\/#organization\"},\"potentialAction\":[{\"@type\":\"SearchAction\",\"target\":{\"@type\":\"EntryPoint\",\"urlTemplate\":\"https:\/\/skaitytaknyga.lt\/?s={search_term_string}\"},\"query-input\":{\"@type\":\"PropertyValueSpecification\",\"valueRequired\":true,\"valueName\":\"search_term_string\"}}],\"inLanguage\":\"en-GB\"},{\"@type\":\"Organization\",\"@id\":\"https:\/\/skaitytaknyga.lt\/#organization\",\"name\":\"skaitytaknyga.lt\",\"url\":\"https:\/\/skaitytaknyga.lt\/\",\"logo\":{\"@type\":\"ImageObject\",\"inLanguage\":\"en-GB\",\"@id\":\"https:\/\/skaitytaknyga.lt\/#\/schema\/logo\/image\/\",\"url\":\"https:\/\/skaitytaknyga.lt\/wp-content\/uploads\/2024\/05\/cropped-cropped-cropped-02_00843_jt3bggkj1j3HLc7SyY6rEUpg.jpeg\",\"contentUrl\":\"https:\/\/skaitytaknyga.lt\/wp-content\/uploads\/2024\/05\/cropped-cropped-cropped-02_00843_jt3bggkj1j3HLc7SyY6rEUpg.jpeg\",\"width\":1600,\"height\":1600,\"caption\":\"skaitytaknyga.lt\"},\"image\":{\"@id\":\"https:\/\/skaitytaknyga.lt\/#\/schema\/logo\/image\/\"},\"sameAs\":[\"https:\/\/www.facebook.com\/skaitytaknyga\/\"]}]}<\/script>\n<!-- \/ Yoast SEO plugin. -->","yoast_head_json":{"title":"I. Fisher \u201eD\u017eekas De\u0161as ir stebuklinga plunksna\u201c - Skaitytaknyga","description":"ei j\u016bs rastum\u0117te stebukling\u0105 plunksn\u0105, kuri atgaivint\u0173 j\u016bs\u0173 pie\u0161inius... k\u0105 nupie\u0161tum\u0117te? Kai D\u017eekas De\u0161as randa stebukling\u0105 plunksn\u0105, gyvenimas per 0,6 sekund\u0117s i\u0161 NUOBODAUS virsta NUOSTABIU.  Jis gali tur\u0117ti visk\u0105, ko tik panori!  Tik pasirodo, jog D\u017eekas yra nekoks dailininkas... ir jo gyvenime kaipmat \u012fsisiaut\u0117ja chaosas, atsiranda n\u0117riniuoti apatiniai ir j\u016br\u0173 li\u016bt\u0117. D\u017eekui tenka sprukti i\u0161 nam\u0173, ir dabar pats laikas jam gelb\u0117ti savo draugus. Bet ar jis susigaudys, k\u0105 reikia daryti?","robots":{"index":"index","follow":"follow","max-snippet":"max-snippet:-1","max-image-preview":"max-image-preview:large","max-video-preview":"max-video-preview:-1"},"canonical":"https:\/\/skaitytaknyga.lt\/en\/produktas\/i-fisher-dzekas-desas-ir-stebuklinga-plunksna\/","og_locale":"en_GB","og_type":"article","og_title":"I. Fisher \u201eD\u017eekas De\u0161as ir stebuklinga plunksna\u201c - Skaitytaknyga","og_description":"ei j\u016bs rastum\u0117te stebukling\u0105 plunksn\u0105, kuri atgaivint\u0173 j\u016bs\u0173 pie\u0161inius... k\u0105 nupie\u0161tum\u0117te? Kai D\u017eekas De\u0161as randa stebukling\u0105 plunksn\u0105, gyvenimas per 0,6 sekund\u0117s i\u0161 NUOBODAUS virsta NUOSTABIU.  Jis gali tur\u0117ti visk\u0105, ko tik panori!  Tik pasirodo, jog D\u017eekas yra nekoks dailininkas... ir jo gyvenime kaipmat \u012fsisiaut\u0117ja chaosas, atsiranda n\u0117riniuoti apatiniai ir j\u016br\u0173 li\u016bt\u0117. D\u017eekui tenka sprukti i\u0161 nam\u0173, ir dabar pats laikas jam gelb\u0117ti savo draugus. Bet ar jis susigaudys, k\u0105 reikia daryti?","og_url":"https:\/\/skaitytaknyga.lt\/en\/produktas\/i-fisher-dzekas-desas-ir-stebuklinga-plunksna\/","og_site_name":"Skaitytaknyga","article_publisher":"https:\/\/www.facebook.com\/skaitytaknyga\/","article_modified_time":"2024-05-03T07:17:48+00:00","og_image":[{"width":355,"height":560,"url":"https:\/\/skaitytaknyga.lt\/wp-content\/uploads\/2024\/04\/1524642831_000000000001111412-5ad8355f9fd1d-asset-knyguklubas-dzekas_desas_ir_stebuklinga_plunksna.png","type":"image\/png"}],"twitter_card":"summary_large_image","schema":{"@context":"https:\/\/schema.org","@graph":[{"@type":"WebPage","@id":"https:\/\/skaitytaknyga.lt\/produktas\/i-fisher-dzekas-desas-ir-stebuklinga-plunksna\/","url":"https:\/\/skaitytaknyga.lt\/produktas\/i-fisher-dzekas-desas-ir-stebuklinga-plunksna\/","name":"I. Fisher \u201eD\u017eekas De\u0161as ir stebuklinga plunksna\u201c - Skaitytaknyga","isPartOf":{"@id":"https:\/\/skaitytaknyga.lt\/#website"},"primaryImageOfPage":{"@id":"https:\/\/skaitytaknyga.lt\/produktas\/i-fisher-dzekas-desas-ir-stebuklinga-plunksna\/#primaryimage"},"image":{"@id":"https:\/\/skaitytaknyga.lt\/produktas\/i-fisher-dzekas-desas-ir-stebuklinga-plunksna\/#primaryimage"},"thumbnailUrl":"https:\/\/skaitytaknyga.lt\/wp-content\/uploads\/2024\/04\/1524642831_000000000001111412-5ad8355f9fd1d-asset-knyguklubas-dzekas_desas_ir_stebuklinga_plunksna.png","datePublished":"2024-04-17T13:21:33+00:00","dateModified":"2024-05-03T07:17:48+00:00","description":"ei j\u016bs rastum\u0117te stebukling\u0105 plunksn\u0105, kuri atgaivint\u0173 j\u016bs\u0173 pie\u0161inius... k\u0105 nupie\u0161tum\u0117te? Kai D\u017eekas De\u0161as randa stebukling\u0105 plunksn\u0105, gyvenimas per 0,6 sekund\u0117s i\u0161 NUOBODAUS virsta NUOSTABIU. Jis gali tur\u0117ti visk\u0105, ko tik panori! Tik pasirodo, jog D\u017eekas yra nekoks dailininkas... ir jo gyvenime kaipmat \u012fsisiaut\u0117ja chaosas, atsiranda n\u0117riniuoti apatiniai ir j\u016br\u0173 li\u016bt\u0117. D\u017eekui tenka sprukti i\u0161 nam\u0173, ir dabar pats laikas jam gelb\u0117ti savo draugus. Bet ar jis susigaudys, k\u0105 reikia daryti?","breadcrumb":{"@id":"https:\/\/skaitytaknyga.lt\/produktas\/i-fisher-dzekas-desas-ir-stebuklinga-plunksna\/#breadcrumb"},"inLanguage":"en-GB","potentialAction":[{"@type":"ReadAction","target":["https:\/\/skaitytaknyga.lt\/produktas\/i-fisher-dzekas-desas-ir-stebuklinga-plunksna\/"]}]},{"@type":"ImageObject","inLanguage":"en-GB","@id":"https:\/\/skaitytaknyga.lt\/produktas\/i-fisher-dzekas-desas-ir-stebuklinga-plunksna\/#primaryimage","url":"https:\/\/skaitytaknyga.lt\/wp-content\/uploads\/2024\/04\/1524642831_000000000001111412-5ad8355f9fd1d-asset-knyguklubas-dzekas_desas_ir_stebuklinga_plunksna.png","contentUrl":"https:\/\/skaitytaknyga.lt\/wp-content\/uploads\/2024\/04\/1524642831_000000000001111412-5ad8355f9fd1d-asset-knyguklubas-dzekas_desas_ir_stebuklinga_plunksna.png","width":355,"height":560,"caption":"1524642831 000000000001111412 5ad8355f9fd1d asset knyguklubas dzekas desas ir stebuklinga plunksna"},{"@type":"BreadcrumbList","@id":"https:\/\/skaitytaknyga.lt\/produktas\/i-fisher-dzekas-desas-ir-stebuklinga-plunksna\/#breadcrumb","itemListElement":[{"@type":"ListItem","position":1,"name":"Home","item":"https:\/\/skaitytaknyga.lt\/"},{"@type":"ListItem","position":2,"name":"Parduotuv\u0117","item":"https:\/\/skaitytaknyga.lt\/knygu-parduotuve\/"},{"@type":"ListItem","position":3,"name":"I. Fisher \u201eD\u017eekas De\u0161as ir stebuklinga plunksna\u201c"}]},{"@type":"WebSite","@id":"https:\/\/skaitytaknyga.lt\/#website","url":"https:\/\/skaitytaknyga.lt\/","name":"skaitytaknyga.lt","description":"Skaitytaknyga.lt \u2013 tai ma\u017eas \u0161eimos verslas, kuris prasid\u0117jo nuo meil\u0117s knygoms ir siekio i\u0161gelb\u0117ti knygas nuo likimo prie konteinerio. Kas vienam nereikalingas daiktas \u2013 kitam lobis, o mes esame tarpininkai, kurie padeda abiems tapti laimingesniems ???? \u017dinome kaip nelengva i\u0161gyventi ma\u017eiems verslams, tad nuo \u0161iol, \u010dia rasite ir kit\u0173, ma\u017e\u0173 \u0161eim\u0173 versl\u0173, rank\u0173 darbo, dovan\u0173 sau ir artimiesiems.","publisher":{"@id":"https:\/\/skaitytaknyga.lt\/#organization"},"potentialAction":[{"@type":"SearchAction","target":{"@type":"EntryPoint","urlTemplate":"https:\/\/skaitytaknyga.lt\/?s={search_term_string}"},"query-input":{"@type":"PropertyValueSpecification","valueRequired":true,"valueName":"search_term_string"}}],"inLanguage":"en-GB"},{"@type":"Organization","@id":"https:\/\/skaitytaknyga.lt\/#organization","name":"skaitytaknyga.lt","url":"https:\/\/skaitytaknyga.lt\/","logo":{"@type":"ImageObject","inLanguage":"en-GB","@id":"https:\/\/skaitytaknyga.lt\/#\/schema\/logo\/image\/","url":"https:\/\/skaitytaknyga.lt\/wp-content\/uploads\/2024\/05\/cropped-cropped-cropped-02_00843_jt3bggkj1j3HLc7SyY6rEUpg.jpeg","contentUrl":"https:\/\/skaitytaknyga.lt\/wp-content\/uploads\/2024\/05\/cropped-cropped-cropped-02_00843_jt3bggkj1j3HLc7SyY6rEUpg.jpeg","width":1600,"height":1600,"caption":"skaitytaknyga.lt"},"image":{"@id":"https:\/\/skaitytaknyga.lt\/#\/schema\/logo\/image\/"},"sameAs":["https:\/\/www.facebook.com\/skaitytaknyga\/"]}]}},"_links":{"self":[{"href":"https:\/\/skaitytaknyga.lt\/en\/wp-json\/wp\/v2\/product\/3063","targetHints":{"allow":["GET"]}}],"collection":[{"href":"https:\/\/skaitytaknyga.lt\/en\/wp-json\/wp\/v2\/product"}],"about":[{"href":"https:\/\/skaitytaknyga.lt\/en\/wp-json\/wp\/v2\/types\/product"}],"replies":[{"embeddable":true,"href":"https:\/\/skaitytaknyga.lt\/en\/wp-json\/wp\/v2\/comments?post=3063"}],"wp:featuredmedia":[{"embeddable":true,"href":"https:\/\/skaitytaknyga.lt\/en\/wp-json\/wp\/v2\/media\/3107"}],"wp:attachment":[{"href":"https:\/\/skaitytaknyga.lt\/en\/wp-json\/wp\/v2\/media?parent=3063"}],"wp:term":[{"taxonomy":"product_brand","embeddable":true,"href":"https:\/\/skaitytaknyga.lt\/en\/wp-json\/wp\/v2\/product_brand?post=3063"},{"taxonomy":"product_cat","embeddable":true,"href":"https:\/\/skaitytaknyga.lt\/en\/wp-json\/wp\/v2\/product_cat?post=3063"},{"taxonomy":"product_tag","embeddable":true,"href":"https:\/\/skaitytaknyga.lt\/en\/wp-json\/wp\/v2\/product_tag?post=3063"}],"curies":[{"name":"wp","href":"https:\/\/api.w.org\/{rel}","templated":true}]}}