{"id":3036,"date":"2024-04-17T13:21:09","date_gmt":"2024-04-17T13:21:09","guid":{"rendered":"https:\/\/skaitytaknyga.lt\/?post_type=product&#038;p=3036"},"modified":"2025-01-28T20:15:00","modified_gmt":"2025-01-28T18:15:00","slug":"m-twain-tomo-sojerio-nuotykiai-truputi-pagelte-lapai","status":"publish","type":"product","link":"https:\/\/skaitytaknyga.lt\/en\/produktas\/m-twain-tomo-sojerio-nuotykiai-truputi-pagelte-lapai\/","title":{"rendered":"M. Twain \u201eTomo Sojerio nuotykiai\u201c (truput\u012f pagelt\u0119 lapai)"},"content":{"rendered":"<p>Tai garsaus amerikie\u010di\u0173 ra\u0161ytojo Mark Twain (Marko Tveno, 1835\u20131910) apysaka apie viso pasaulio vaik\u0173 pam\u0117gt\u0105 dvylikamet\u012f padau\u017e\u0105 Tom\u0105 Sojer\u012f, jo geriausi\u0105 draug\u0105 Heklber\u012f Fin\u0105, apie j\u0173dviej\u0173 linksmas i\u0161daigas ir nepaprastus nuotykius.<\/p>\n<p>Knyga kupina juoko, \u0161ilumos, d\u017eiaugsmingos energijos ir tik Markui Tvenui b\u016bdingos \u0161viesios i\u0161minties.<\/p>\n<p>Apie autori\u0173<\/p>\n<p>Garsus amerikie\u010di\u0173 autorius ir humoristas Markas Tvenas (1835\u20131910), kurio tikrasis vardas Samiuelis Klemensas, u\u017eaugo Mis\u016brio valstijoje. Kur\u012f laik\u0105 buvo spaustuvininko mokiniu, v\u0117liau pad\u0117jo rengti straipsnius brolio laikra\u0161\u010diui, kol gal\u0173 gale pasirinko \u017eurnalisto keli\u0105, ir jam puikiai sek\u0117si! Skaitytojams patiko Marko humoro jausmas , jo kelioni\u0173 apra\u0161ymai buvo nepaprastai \u012fdom\u016bs. Markas Tvenas sulauk\u0117 did\u017eiul\u0117s s\u0117km\u0117s kaip ra\u0161ytojas, oratorius ir humoristas.<\/p>\n<p>Did\u017eiausi\u0105 \u0161lov\u0119 autoriui atne\u0161\u0117 jo romanas \u201eTomo Sojerio nuotykiai\u201c ir \u0161ios knygos t\u0119sinys \u201eHeklberio Fino nuotykiai\u201c.<\/p>\n","protected":false},"excerpt":{"rendered":"<p>Tai garsaus amerikie\u010di\u0173 ra\u0161ytojo Mark Twain (Marko Tveno, 1835\u20131910) apysaka apie viso pasaulio vaik\u0173 pam\u0117gt\u0105 dvylikamet\u012f padau\u017e\u0105 Tom\u0105 Sojer\u012f, jo geriausi\u0105 draug\u0105 Heklber\u012f Fin\u0105, apie j\u0173dviej\u0173 linksmas i\u0161daigas ir nepaprastus nuotykius. Knyga kupina juoko, \u0161ilumos, d\u017eiaugsmingos energijos ir tik Markui Tvenui b\u016bdingos \u0161viesios i\u0161minties. Apie autori\u0173 Garsus amerikie\u010di\u0173 autorius ir humoristas Markas Tvenas (1835\u20131910), kurio tikrasis vardas Samiuelis Klemensas, u\u017eaugo Mis\u016brio valstijoje. Kur\u012f laik\u0105 buvo spaustuvininko mokiniu, v\u0117liau pad\u0117jo rengti straipsnius brolio laikra\u0161\u010diui, kol gal\u0173 gale pasirinko \u017eurnalisto keli\u0105, ir jam puikiai sek\u0117si! Skaitytojams patiko Marko humoro jausmas , jo kelioni\u0173 apra\u0161ymai buvo nepaprastai \u012fdom\u016bs. Markas Tvenas sulauk\u0117 did\u017eiul\u0117s s\u0117km\u0117s kaip ra\u0161ytojas, oratorius ir humoristas. Did\u017eiausi\u0105 \u0161lov\u0119 autoriui atne\u0161\u0117 jo romanas \u201eTomo Sojerio nuotykiai\u201c ir \u0161ios knygos t\u0119sinys \u201eHeklberio Fino nuotykiai\u201c.<\/p>\n","protected":false},"featured_media":3086,"comment_status":"closed","ping_status":"closed","template":"","meta":{"_acf_changed":false,"site-sidebar-layout":"default","site-content-layout":"","ast-site-content-layout":"default","site-content-style":"default","site-sidebar-style":"default","ast-global-header-display":"","ast-banner-title-visibility":"","ast-main-header-display":"","ast-hfb-above-header-display":"","ast-hfb-below-header-display":"","ast-hfb-mobile-header-display":"","site-post-title":"","ast-breadcrumbs-content":"","ast-featured-img":"","footer-sml-layout":"","ast-disable-related-posts":"","theme-transparent-header-meta":"","adv-header-id-meta":"","stick-header-meta":"","header-above-stick-meta":"","header-main-stick-meta":"","header-below-stick-meta":"","astra-migrate-meta-layouts":"default","ast-page-background-enabled":"default","ast-page-background-meta":{"desktop":{"background-color":"","background-image":"","background-repeat":"repeat","background-position":"center center","background-size":"auto","background-attachment":"scroll","background-type":"","background-media":"","overlay-type":"","overlay-color":"","overlay-opacity":"","overlay-gradient":""},"tablet":{"background-color":"","background-image":"","background-repeat":"repeat","background-position":"center center","background-size":"auto","background-attachment":"scroll","background-type":"","background-media":"","overlay-type":"","overlay-color":"","overlay-opacity":"","overlay-gradient":""},"mobile":{"background-color":"","background-image":"","background-repeat":"repeat","background-position":"center center","background-size":"auto","background-attachment":"scroll","background-type":"","background-media":"","overlay-type":"","overlay-color":"","overlay-opacity":"","overlay-gradient":""}},"ast-content-background-meta":{"desktop":{"background-color":"var(--ast-global-color-4)","background-image":"","background-repeat":"repeat","background-position":"center center","background-size":"auto","background-attachment":"scroll","background-type":"","background-media":"","overlay-type":"","overlay-color":"","overlay-opacity":"","overlay-gradient":""},"tablet":{"background-color":"var(--ast-global-color-4)","background-image":"","background-repeat":"repeat","background-position":"center center","background-size":"auto","background-attachment":"scroll","background-type":"","background-media":"","overlay-type":"","overlay-color":"","overlay-opacity":"","overlay-gradient":""},"mobile":{"background-color":"var(--ast-global-color-4)","background-image":"","background-repeat":"repeat","background-position":"center center","background-size":"auto","background-attachment":"scroll","background-type":"","background-media":"","overlay-type":"","overlay-color":"","overlay-opacity":"","overlay-gradient":""}}},"product_brand":[],"product_cat":[331,35],"product_tag":[],"class_list":{"0":"post-3036","1":"product","2":"type-product","3":"status-publish","4":"has-post-thumbnail","6":"product_cat-programine-literatura","7":"product_cat-vaikams-ir-paaugliams","8":"desktop-align-left","9":"tablet-align-left","10":"mobile-align-left","12":"first","13":"outofstock","14":"shipping-taxable","15":"purchasable","16":"product-type-simple"},"acf":[],"yoast_head":"<!-- This site is optimized with the Yoast SEO plugin v27.4 - https:\/\/yoast.com\/product\/yoast-seo-wordpress\/ -->\n<title>M. Twain \u201eTomo Sojerio nuotykiai\u201c (truput\u012f pagelt\u0119 lapai) - Skaitytaknyga<\/title>\n<meta name=\"description\" content=\"Tai garsaus amerikie\u010di\u0173 ra\u0161ytojo Mark Twain (Marko Tveno, 1835\u20131910) apysaka apie viso pasaulio vaik\u0173 pam\u0117gt\u0105 dvylikamet\u012f padau\u017e\u0105 Tom\u0105 Sojer\u012f, jo\" \/>\n<meta name=\"robots\" content=\"index, follow, max-snippet:-1, max-image-preview:large, max-video-preview:-1\" \/>\n<link rel=\"canonical\" href=\"https:\/\/skaitytaknyga.lt\/en\/produktas\/m-twain-tomo-sojerio-nuotykiai-truputi-pagelte-lapai\/\" \/>\n<meta property=\"og:locale\" content=\"en_GB\" \/>\n<meta property=\"og:locale:alternate\" content=\"lt_LT\" \/>\n<meta property=\"og:type\" content=\"article\" \/>\n<meta property=\"og:title\" content=\"M. Twain \u201eTomo Sojerio nuotykiai\u201c (truput\u012f pagelt\u0119 lapai) - Skaitytaknyga\" \/>\n<meta property=\"og:description\" content=\"Tai garsaus amerikie\u010di\u0173 ra\u0161ytojo Mark Twain (Marko Tveno, 1835\u20131910) apysaka apie viso pasaulio vaik\u0173 pam\u0117gt\u0105 dvylikamet\u012f padau\u017e\u0105 Tom\u0105 Sojer\u012f, jo\" \/>\n<meta property=\"og:url\" content=\"https:\/\/skaitytaknyga.lt\/en\/produktas\/m-twain-tomo-sojerio-nuotykiai-truputi-pagelte-lapai\/\" \/>\n<meta property=\"og:site_name\" content=\"Skaitytaknyga\" \/>\n<meta property=\"article:publisher\" content=\"https:\/\/www.facebook.com\/skaitytaknyga\/\" \/>\n<meta property=\"article:modified_time\" content=\"2025-01-28T18:15:00+00:00\" \/>\n<meta property=\"og:image\" content=\"https:\/\/skaitytaknyga.lt\/wp-content\/uploads\/2024\/04\/1462874173_tomo-sojerio-nuotykiai.jpg\" \/>\n\t<meta property=\"og:image:width\" content=\"381\" \/>\n\t<meta property=\"og:image:height\" content=\"602\" \/>\n\t<meta property=\"og:image:type\" content=\"image\/jpeg\" \/>\n<meta name=\"twitter:card\" content=\"summary_large_image\" \/>\n<meta name=\"twitter:label1\" content=\"Estimated reading time\" \/>\n\t<meta name=\"twitter:data1\" content=\"1 minute\" \/>\n<script type=\"application\/ld+json\" class=\"yoast-schema-graph\">{\"@context\":\"https:\\\/\\\/schema.org\",\"@graph\":[{\"@type\":\"WebPage\",\"@id\":\"https:\\\/\\\/skaitytaknyga.lt\\\/produktas\\\/m-twain-tomo-sojerio-nuotykiai-truputi-pagelte-lapai\\\/\",\"url\":\"https:\\\/\\\/skaitytaknyga.lt\\\/produktas\\\/m-twain-tomo-sojerio-nuotykiai-truputi-pagelte-lapai\\\/\",\"name\":\"M. Twain \u201eTomo Sojerio nuotykiai\u201c (truput\u012f pagelt\u0119 lapai) - Skaitytaknyga\",\"isPartOf\":{\"@id\":\"https:\\\/\\\/skaitytaknyga.lt\\\/#website\"},\"primaryImageOfPage\":{\"@id\":\"https:\\\/\\\/skaitytaknyga.lt\\\/produktas\\\/m-twain-tomo-sojerio-nuotykiai-truputi-pagelte-lapai\\\/#primaryimage\"},\"image\":{\"@id\":\"https:\\\/\\\/skaitytaknyga.lt\\\/produktas\\\/m-twain-tomo-sojerio-nuotykiai-truputi-pagelte-lapai\\\/#primaryimage\"},\"thumbnailUrl\":\"https:\\\/\\\/skaitytaknyga.lt\\\/wp-content\\\/uploads\\\/2024\\\/04\\\/1462874173_tomo-sojerio-nuotykiai.jpg\",\"datePublished\":\"2024-04-17T13:21:09+00:00\",\"dateModified\":\"2025-01-28T18:15:00+00:00\",\"description\":\"Tai garsaus amerikie\u010di\u0173 ra\u0161ytojo Mark Twain (Marko Tveno, 1835\u20131910) apysaka apie viso pasaulio vaik\u0173 pam\u0117gt\u0105 dvylikamet\u012f padau\u017e\u0105 Tom\u0105 Sojer\u012f, jo\",\"breadcrumb\":{\"@id\":\"https:\\\/\\\/skaitytaknyga.lt\\\/produktas\\\/m-twain-tomo-sojerio-nuotykiai-truputi-pagelte-lapai\\\/#breadcrumb\"},\"inLanguage\":\"en-GB\",\"potentialAction\":[{\"@type\":\"ReadAction\",\"target\":[\"https:\\\/\\\/skaitytaknyga.lt\\\/produktas\\\/m-twain-tomo-sojerio-nuotykiai-truputi-pagelte-lapai\\\/\"]}]},{\"@type\":\"ImageObject\",\"inLanguage\":\"en-GB\",\"@id\":\"https:\\\/\\\/skaitytaknyga.lt\\\/produktas\\\/m-twain-tomo-sojerio-nuotykiai-truputi-pagelte-lapai\\\/#primaryimage\",\"url\":\"https:\\\/\\\/skaitytaknyga.lt\\\/wp-content\\\/uploads\\\/2024\\\/04\\\/1462874173_tomo-sojerio-nuotykiai.jpg\",\"contentUrl\":\"https:\\\/\\\/skaitytaknyga.lt\\\/wp-content\\\/uploads\\\/2024\\\/04\\\/1462874173_tomo-sojerio-nuotykiai.jpg\",\"width\":381,\"height\":602,\"caption\":\"1462874173 tomo sojerio nuotykiai\"},{\"@type\":\"BreadcrumbList\",\"@id\":\"https:\\\/\\\/skaitytaknyga.lt\\\/produktas\\\/m-twain-tomo-sojerio-nuotykiai-truputi-pagelte-lapai\\\/#breadcrumb\",\"itemListElement\":[{\"@type\":\"ListItem\",\"position\":1,\"name\":\"Home\",\"item\":\"https:\\\/\\\/skaitytaknyga.lt\\\/\"},{\"@type\":\"ListItem\",\"position\":2,\"name\":\"Parduotuv\u0117\",\"item\":\"https:\\\/\\\/skaitytaknyga.lt\\\/knygu-parduotuve\\\/\"},{\"@type\":\"ListItem\",\"position\":3,\"name\":\"M. Twain \u201eTomo Sojerio nuotykiai\u201c (truput\u012f pagelt\u0119 lapai)\"}]},{\"@type\":\"WebSite\",\"@id\":\"https:\\\/\\\/skaitytaknyga.lt\\\/#website\",\"url\":\"https:\\\/\\\/skaitytaknyga.lt\\\/\",\"name\":\"skaitytaknyga.lt\",\"description\":\"Skaitytaknyga.lt \u2013 tai ma\u017eas \u0161eimos verslas, kuris prasid\u0117jo nuo meil\u0117s knygoms ir siekio i\u0161gelb\u0117ti knygas nuo likimo prie konteinerio. Kas vienam nereikalingas daiktas \u2013 kitam lobis, o mes esame tarpininkai, kurie padeda abiems tapti laimingesniems ???? \u017dinome kaip nelengva i\u0161gyventi ma\u017eiems verslams, tad nuo \u0161iol, \u010dia rasite ir kit\u0173, ma\u017e\u0173 \u0161eim\u0173 versl\u0173, rank\u0173 darbo, dovan\u0173 sau ir artimiesiems.\",\"publisher\":{\"@id\":\"https:\\\/\\\/skaitytaknyga.lt\\\/#organization\"},\"potentialAction\":[{\"@type\":\"SearchAction\",\"target\":{\"@type\":\"EntryPoint\",\"urlTemplate\":\"https:\\\/\\\/skaitytaknyga.lt\\\/?s={search_term_string}\"},\"query-input\":{\"@type\":\"PropertyValueSpecification\",\"valueRequired\":true,\"valueName\":\"search_term_string\"}}],\"inLanguage\":\"en-GB\"},{\"@type\":\"Organization\",\"@id\":\"https:\\\/\\\/skaitytaknyga.lt\\\/#organization\",\"name\":\"skaitytaknyga.lt\",\"url\":\"https:\\\/\\\/skaitytaknyga.lt\\\/\",\"logo\":{\"@type\":\"ImageObject\",\"inLanguage\":\"en-GB\",\"@id\":\"https:\\\/\\\/skaitytaknyga.lt\\\/#\\\/schema\\\/logo\\\/image\\\/\",\"url\":\"https:\\\/\\\/skaitytaknyga.lt\\\/wp-content\\\/uploads\\\/2024\\\/05\\\/cropped-cropped-cropped-02_00843_jt3bggkj1j3HLc7SyY6rEUpg.jpeg\",\"contentUrl\":\"https:\\\/\\\/skaitytaknyga.lt\\\/wp-content\\\/uploads\\\/2024\\\/05\\\/cropped-cropped-cropped-02_00843_jt3bggkj1j3HLc7SyY6rEUpg.jpeg\",\"width\":1600,\"height\":1600,\"caption\":\"skaitytaknyga.lt\"},\"image\":{\"@id\":\"https:\\\/\\\/skaitytaknyga.lt\\\/#\\\/schema\\\/logo\\\/image\\\/\"},\"sameAs\":[\"https:\\\/\\\/www.facebook.com\\\/skaitytaknyga\\\/\"]}]}<\/script>\n<!-- \/ Yoast SEO plugin. -->","yoast_head_json":{"title":"M. Twain \u201eTomo Sojerio nuotykiai\u201c (truput\u012f pagelt\u0119 lapai) - Skaitytaknyga","description":"Tai garsaus amerikie\u010di\u0173 ra\u0161ytojo Mark Twain (Marko Tveno, 1835\u20131910) apysaka apie viso pasaulio vaik\u0173 pam\u0117gt\u0105 dvylikamet\u012f padau\u017e\u0105 Tom\u0105 Sojer\u012f, jo","robots":{"index":"index","follow":"follow","max-snippet":"max-snippet:-1","max-image-preview":"max-image-preview:large","max-video-preview":"max-video-preview:-1"},"canonical":"https:\/\/skaitytaknyga.lt\/en\/produktas\/m-twain-tomo-sojerio-nuotykiai-truputi-pagelte-lapai\/","og_locale":"en_GB","og_type":"article","og_title":"M. Twain \u201eTomo Sojerio nuotykiai\u201c (truput\u012f pagelt\u0119 lapai) - Skaitytaknyga","og_description":"Tai garsaus amerikie\u010di\u0173 ra\u0161ytojo Mark Twain (Marko Tveno, 1835\u20131910) apysaka apie viso pasaulio vaik\u0173 pam\u0117gt\u0105 dvylikamet\u012f padau\u017e\u0105 Tom\u0105 Sojer\u012f, jo","og_url":"https:\/\/skaitytaknyga.lt\/en\/produktas\/m-twain-tomo-sojerio-nuotykiai-truputi-pagelte-lapai\/","og_site_name":"Skaitytaknyga","article_publisher":"https:\/\/www.facebook.com\/skaitytaknyga\/","article_modified_time":"2025-01-28T18:15:00+00:00","og_image":[{"width":381,"height":602,"url":"https:\/\/skaitytaknyga.lt\/wp-content\/uploads\/2024\/04\/1462874173_tomo-sojerio-nuotykiai.jpg","type":"image\/jpeg"}],"twitter_card":"summary_large_image","twitter_misc":{"Estimated reading time":"1 minute"},"schema":{"@context":"https:\/\/schema.org","@graph":[{"@type":"WebPage","@id":"https:\/\/skaitytaknyga.lt\/produktas\/m-twain-tomo-sojerio-nuotykiai-truputi-pagelte-lapai\/","url":"https:\/\/skaitytaknyga.lt\/produktas\/m-twain-tomo-sojerio-nuotykiai-truputi-pagelte-lapai\/","name":"M. Twain \u201eTomo Sojerio nuotykiai\u201c (truput\u012f pagelt\u0119 lapai) - Skaitytaknyga","isPartOf":{"@id":"https:\/\/skaitytaknyga.lt\/#website"},"primaryImageOfPage":{"@id":"https:\/\/skaitytaknyga.lt\/produktas\/m-twain-tomo-sojerio-nuotykiai-truputi-pagelte-lapai\/#primaryimage"},"image":{"@id":"https:\/\/skaitytaknyga.lt\/produktas\/m-twain-tomo-sojerio-nuotykiai-truputi-pagelte-lapai\/#primaryimage"},"thumbnailUrl":"https:\/\/skaitytaknyga.lt\/wp-content\/uploads\/2024\/04\/1462874173_tomo-sojerio-nuotykiai.jpg","datePublished":"2024-04-17T13:21:09+00:00","dateModified":"2025-01-28T18:15:00+00:00","description":"Tai garsaus amerikie\u010di\u0173 ra\u0161ytojo Mark Twain (Marko Tveno, 1835\u20131910) apysaka apie viso pasaulio vaik\u0173 pam\u0117gt\u0105 dvylikamet\u012f padau\u017e\u0105 Tom\u0105 Sojer\u012f, jo","breadcrumb":{"@id":"https:\/\/skaitytaknyga.lt\/produktas\/m-twain-tomo-sojerio-nuotykiai-truputi-pagelte-lapai\/#breadcrumb"},"inLanguage":"en-GB","potentialAction":[{"@type":"ReadAction","target":["https:\/\/skaitytaknyga.lt\/produktas\/m-twain-tomo-sojerio-nuotykiai-truputi-pagelte-lapai\/"]}]},{"@type":"ImageObject","inLanguage":"en-GB","@id":"https:\/\/skaitytaknyga.lt\/produktas\/m-twain-tomo-sojerio-nuotykiai-truputi-pagelte-lapai\/#primaryimage","url":"https:\/\/skaitytaknyga.lt\/wp-content\/uploads\/2024\/04\/1462874173_tomo-sojerio-nuotykiai.jpg","contentUrl":"https:\/\/skaitytaknyga.lt\/wp-content\/uploads\/2024\/04\/1462874173_tomo-sojerio-nuotykiai.jpg","width":381,"height":602,"caption":"1462874173 tomo sojerio nuotykiai"},{"@type":"BreadcrumbList","@id":"https:\/\/skaitytaknyga.lt\/produktas\/m-twain-tomo-sojerio-nuotykiai-truputi-pagelte-lapai\/#breadcrumb","itemListElement":[{"@type":"ListItem","position":1,"name":"Home","item":"https:\/\/skaitytaknyga.lt\/"},{"@type":"ListItem","position":2,"name":"Parduotuv\u0117","item":"https:\/\/skaitytaknyga.lt\/knygu-parduotuve\/"},{"@type":"ListItem","position":3,"name":"M. Twain \u201eTomo Sojerio nuotykiai\u201c (truput\u012f pagelt\u0119 lapai)"}]},{"@type":"WebSite","@id":"https:\/\/skaitytaknyga.lt\/#website","url":"https:\/\/skaitytaknyga.lt\/","name":"skaitytaknyga.lt","description":"Skaitytaknyga.lt \u2013 tai ma\u017eas \u0161eimos verslas, kuris prasid\u0117jo nuo meil\u0117s knygoms ir siekio i\u0161gelb\u0117ti knygas nuo likimo prie konteinerio. Kas vienam nereikalingas daiktas \u2013 kitam lobis, o mes esame tarpininkai, kurie padeda abiems tapti laimingesniems ???? \u017dinome kaip nelengva i\u0161gyventi ma\u017eiems verslams, tad nuo \u0161iol, \u010dia rasite ir kit\u0173, ma\u017e\u0173 \u0161eim\u0173 versl\u0173, rank\u0173 darbo, dovan\u0173 sau ir artimiesiems.","publisher":{"@id":"https:\/\/skaitytaknyga.lt\/#organization"},"potentialAction":[{"@type":"SearchAction","target":{"@type":"EntryPoint","urlTemplate":"https:\/\/skaitytaknyga.lt\/?s={search_term_string}"},"query-input":{"@type":"PropertyValueSpecification","valueRequired":true,"valueName":"search_term_string"}}],"inLanguage":"en-GB"},{"@type":"Organization","@id":"https:\/\/skaitytaknyga.lt\/#organization","name":"skaitytaknyga.lt","url":"https:\/\/skaitytaknyga.lt\/","logo":{"@type":"ImageObject","inLanguage":"en-GB","@id":"https:\/\/skaitytaknyga.lt\/#\/schema\/logo\/image\/","url":"https:\/\/skaitytaknyga.lt\/wp-content\/uploads\/2024\/05\/cropped-cropped-cropped-02_00843_jt3bggkj1j3HLc7SyY6rEUpg.jpeg","contentUrl":"https:\/\/skaitytaknyga.lt\/wp-content\/uploads\/2024\/05\/cropped-cropped-cropped-02_00843_jt3bggkj1j3HLc7SyY6rEUpg.jpeg","width":1600,"height":1600,"caption":"skaitytaknyga.lt"},"image":{"@id":"https:\/\/skaitytaknyga.lt\/#\/schema\/logo\/image\/"},"sameAs":["https:\/\/www.facebook.com\/skaitytaknyga\/"]}]}},"_links":{"self":[{"href":"https:\/\/skaitytaknyga.lt\/en\/wp-json\/wp\/v2\/product\/3036","targetHints":{"allow":["GET"]}}],"collection":[{"href":"https:\/\/skaitytaknyga.lt\/en\/wp-json\/wp\/v2\/product"}],"about":[{"href":"https:\/\/skaitytaknyga.lt\/en\/wp-json\/wp\/v2\/types\/product"}],"replies":[{"embeddable":true,"href":"https:\/\/skaitytaknyga.lt\/en\/wp-json\/wp\/v2\/comments?post=3036"}],"wp:featuredmedia":[{"embeddable":true,"href":"https:\/\/skaitytaknyga.lt\/en\/wp-json\/wp\/v2\/media\/3086"}],"wp:attachment":[{"href":"https:\/\/skaitytaknyga.lt\/en\/wp-json\/wp\/v2\/media?parent=3036"}],"wp:term":[{"taxonomy":"product_brand","embeddable":true,"href":"https:\/\/skaitytaknyga.lt\/en\/wp-json\/wp\/v2\/product_brand?post=3036"},{"taxonomy":"product_cat","embeddable":true,"href":"https:\/\/skaitytaknyga.lt\/en\/wp-json\/wp\/v2\/product_cat?post=3036"},{"taxonomy":"product_tag","embeddable":true,"href":"https:\/\/skaitytaknyga.lt\/en\/wp-json\/wp\/v2\/product_tag?post=3036"}],"curies":[{"name":"wp","href":"https:\/\/api.w.org\/{rel}","templated":true}]}}