{"id":3018,"date":"2024-04-17T13:21:07","date_gmt":"2024-04-17T13:21:07","guid":{"rendered":"https:\/\/skaitytaknyga.lt\/?post_type=product&#038;p=3018"},"modified":"2024-05-03T07:17:34","modified_gmt":"2024-05-03T07:17:34","slug":"james-patterson-chris-tebbetts-mokse-blogiausi-mano-gyvenimo-metai","status":"publish","type":"product","link":"https:\/\/skaitytaknyga.lt\/en\/produktas\/james-patterson-chris-tebbetts-mokse-blogiausi-mano-gyvenimo-metai\/","title":{"rendered":"James Patterson, Chris Tebbetts \u201eMok\u0161\u0117. Blogiausi mano gyvenimo metai\u201c"},"content":{"rendered":"<p>Tie siaubingi vidurin\u0117s mokyklos metai&#8230; Jei kada mokeisi vidurin\u0117je, mane supranti. Jei dar nesimokei \u2013 greitai suprasi.<\/p>\n<p>Mokykla \u2013 tai vieta, \u012f kuri\u0105 reikia eiti kasdien. O ten reguliuoja kiekvien\u0105 tavo \u017eingsn\u012f, ai\u0161kina, k\u0105 tu turi daryti, ko nedaryti ir apskritai \u2013 kaip gyventi. Kur pasisuksi \u2013 vien taisykl\u0117s. Viskas u\u017eknisa. Taip?<\/p>\n<p>\u010cia ne mokykla, \u010dia tikras kal\u0117jimas. Taip mano Reifas Ka\u010diadorianas, kurio laukia pirmieji metai naujoje mokykloje. Atrodo, tai bus blogiausi jo gyvenimo metai. Namie \u2013 problemos, mok\u0161\u0117j \u2013 viskas draud\u017eiama, vienos taisykl\u0117s. Ne, taisykl\u0117s sukurtos ne jam! Ir Reifas su geriausiu draugu sugalvoja puik\u0173 plan\u0105, kaip kovoti su draudimais ir bausm\u0117mis&#8230; Jis tiesiog sulau\u017eys visas \u012fmanomas taisykles!<\/p>\n<p>Ta\u010diau ne visi mano, kad Reifo planas \u2013 tiesiog nuostabus. Jis nepatinka nei mokytojams, nei t\u0117vams, nei kai kuriems bendramoksliams, am\u017einai trukdantiems Reifui gyventi. Ir kas i\u0161 to i\u0161eis?<\/p>\n<p>Kiek juokingiausi\u0173 nuotyki\u0173 patirs Reifas per metus, kovodamas su mokytojais ir taisykl\u0117mis? Jeigu skaitydamas nemirsi i\u0161 juoko, tau pavyks su\u017einoti visk\u0105.<\/p>\n","protected":false},"excerpt":{"rendered":"<p>Tie siaubingi vidurin\u0117s mokyklos metai&#8230; Jei kada mokeisi vidurin\u0117je, mane supranti. Jei dar nesimokei \u2013 greitai suprasi.<\/p>\n<p>Mokykla \u2013 tai vieta, \u012f kuri\u0105 reikia eiti kasdien. O ten reguliuoja kiekvien\u0105 tavo \u017eingsn\u012f, ai\u0161kina, k\u0105 tu turi daryti, ko nedaryti ir apskritai \u2013 kaip gyventi. Kur pasisuksi \u2013 vien taisykl\u0117s. Viskas u\u017eknisa. Taip?<\/p>\n<p>\u010cia ne mokykla, \u010dia tikras kal\u0117jimas. Taip mano Reifas Ka\u010diadorianas, kurio laukia pirmieji metai naujoje mokykloje. Atrodo, tai bus blogiausi jo gyvenimo metai. Namie \u2013 problemos, mok\u0161\u0117j \u2013 viskas draud\u017eiama, vienos taisykl\u0117s. Ne, taisykl\u0117s sukurtos ne jam! Ir Reifas su geriausiu draugu sugalvoja puik\u0173 plan\u0105, kaip kovoti su draudimais ir bausm\u0117mis&#8230; Jis tiesiog sulau\u017eys visas \u012fmanomas taisykles!<\/p>\n<p>Ta\u010diau ne visi mano, kad Reifo planas \u2013 tiesiog nuostabus. Jis nepatinka nei mokytojams, nei t\u0117vams, nei kai kuriems bendramoksliams, am\u017einai trukdantiems Reifui gyventi. Ir kas i\u0161 to i\u0161eis?<\/p>\n<p>Kiek juokingiausi\u0173 nuotyki\u0173 patirs Reifas per metus, kovodamas su mokytojais ir taisykl\u0117mis? Jeigu skaitydamas nemirsi i\u0161 juoko, tau pavyks su\u017einoti visk\u0105.<\/p>\n","protected":false},"featured_media":3047,"comment_status":"closed","ping_status":"closed","template":"","meta":{"_acf_changed":false,"site-sidebar-layout":"default","site-content-layout":"","ast-site-content-layout":"default","site-content-style":"default","site-sidebar-style":"default","ast-global-header-display":"","ast-banner-title-visibility":"","ast-main-header-display":"","ast-hfb-above-header-display":"","ast-hfb-below-header-display":"","ast-hfb-mobile-header-display":"","site-post-title":"","ast-breadcrumbs-content":"","ast-featured-img":"","footer-sml-layout":"","ast-disable-related-posts":"","theme-transparent-header-meta":"","adv-header-id-meta":"","stick-header-meta":"","header-above-stick-meta":"","header-main-stick-meta":"","header-below-stick-meta":"","astra-migrate-meta-layouts":"default","ast-page-background-enabled":"default","ast-page-background-meta":{"desktop":{"background-color":"","background-image":"","background-repeat":"repeat","background-position":"center center","background-size":"auto","background-attachment":"scroll","background-type":"","background-media":"","overlay-type":"","overlay-color":"","overlay-opacity":"","overlay-gradient":""},"tablet":{"background-color":"","background-image":"","background-repeat":"repeat","background-position":"center center","background-size":"auto","background-attachment":"scroll","background-type":"","background-media":"","overlay-type":"","overlay-color":"","overlay-opacity":"","overlay-gradient":""},"mobile":{"background-color":"","background-image":"","background-repeat":"repeat","background-position":"center center","background-size":"auto","background-attachment":"scroll","background-type":"","background-media":"","overlay-type":"","overlay-color":"","overlay-opacity":"","overlay-gradient":""}},"ast-content-background-meta":{"desktop":{"background-color":"var(--ast-global-color-4)","background-image":"","background-repeat":"repeat","background-position":"center center","background-size":"auto","background-attachment":"scroll","background-type":"","background-media":"","overlay-type":"","overlay-color":"","overlay-opacity":"","overlay-gradient":""},"tablet":{"background-color":"var(--ast-global-color-4)","background-image":"","background-repeat":"repeat","background-position":"center center","background-size":"auto","background-attachment":"scroll","background-type":"","background-media":"","overlay-type":"","overlay-color":"","overlay-opacity":"","overlay-gradient":""},"mobile":{"background-color":"var(--ast-global-color-4)","background-image":"","background-repeat":"repeat","background-position":"center center","background-size":"auto","background-attachment":"scroll","background-type":"","background-media":"","overlay-type":"","overlay-color":"","overlay-opacity":"","overlay-gradient":""}}},"product_brand":[],"product_cat":[35],"product_tag":[],"class_list":{"0":"post-3018","1":"product","2":"type-product","3":"status-publish","4":"has-post-thumbnail","6":"product_cat-vaikams-ir-paaugliams","7":"desktop-align-left","8":"tablet-align-left","9":"mobile-align-left","11":"first","12":"outofstock","13":"shipping-taxable","14":"purchasable","15":"product-type-simple"},"acf":[],"yoast_head":"<!-- This site is optimized with the Yoast SEO plugin v27.0 - https:\/\/yoast.com\/product\/yoast-seo-wordpress\/ -->\n<title>James Patterson, Chris Tebbetts \u201eMok\u0161\u0117. Blogiausi mano gyvenimo metai\u201c - Skaitytaknyga<\/title>\n<meta name=\"description\" content=\"Tie siaubingi vidurin\u0117s mokyklos metai... Jei kada mokeisi vidurin\u0117je, mane supranti. Jei dar nesimokei \u2013 greitai suprasi.  Mokykla \u2013 tai vieta, \u012f kuri\u0105 reikia eiti kasdien. O ten reguliuoja kiekvien\u0105 tavo \u017eingsn\u012f, ai\u0161kina, k\u0105 tu turi daryti, ko nedaryti ir apskritai \u2013 kaip gyventi. Kur pasisuksi \u2013 vien taisykl\u0117s. Viskas u\u017eknisa. Taip?  \u010cia ne mokykla, \u010dia tikras kal\u0117jimas. Taip mano Reifas Ka\u010diadorianas, kurio laukia pirmieji metai naujoje mokykloje. Atrodo, tai bus blogiausi jo gyvenimo metai. Namie \u2013 problemos, mok\u0161\u0117j \u2013 viskas draud\u017eiama, vienos taisykl\u0117s. Ne, taisykl\u0117s sukurtos ne jam! Ir Reifas su geriausiu draugu sugalvoja puik\u0173 plan\u0105, kaip kovoti su draudimais ir bausm\u0117mis... Jis tiesiog sulau\u017eys visas \u012fmanomas taisykles!  Ta\u010diau ne visi mano, kad Reifo planas \u2013 tiesiog nuostabus. Jis nepatinka nei mokytojams, nei t\u0117vams, nei kai kuriems bendramoksliams, am\u017einai trukdantiems Reifui gyventi. Ir kas i\u0161 to i\u0161eis?  Kiek juokingiausi\u0173 nuotyki\u0173 patirs Reifas per metus, kovodamas su mokytojais ir taisykl\u0117mis? Jeigu skaitydamas nemirsi i\u0161 juoko, tau pavyks su\u017einoti visk\u0105.\" \/>\n<meta name=\"robots\" content=\"index, follow, max-snippet:-1, max-image-preview:large, max-video-preview:-1\" \/>\n<link rel=\"canonical\" href=\"https:\/\/skaitytaknyga.lt\/en\/produktas\/james-patterson-chris-tebbetts-mokse-blogiausi-mano-gyvenimo-metai\/\" \/>\n<meta property=\"og:locale\" content=\"en_GB\" \/>\n<meta property=\"og:locale:alternate\" content=\"lt_LT\" \/>\n<meta property=\"og:type\" content=\"article\" \/>\n<meta property=\"og:title\" content=\"James Patterson, Chris Tebbetts \u201eMok\u0161\u0117. Blogiausi mano gyvenimo metai\u201c - Skaitytaknyga\" \/>\n<meta property=\"og:description\" content=\"Tie siaubingi vidurin\u0117s mokyklos metai... Jei kada mokeisi vidurin\u0117je, mane supranti. Jei dar nesimokei \u2013 greitai suprasi.  Mokykla \u2013 tai vieta, \u012f kuri\u0105 reikia eiti kasdien. O ten reguliuoja kiekvien\u0105 tavo \u017eingsn\u012f, ai\u0161kina, k\u0105 tu turi daryti, ko nedaryti ir apskritai \u2013 kaip gyventi. Kur pasisuksi \u2013 vien taisykl\u0117s. Viskas u\u017eknisa. Taip?  \u010cia ne mokykla, \u010dia tikras kal\u0117jimas. Taip mano Reifas Ka\u010diadorianas, kurio laukia pirmieji metai naujoje mokykloje. Atrodo, tai bus blogiausi jo gyvenimo metai. Namie \u2013 problemos, mok\u0161\u0117j \u2013 viskas draud\u017eiama, vienos taisykl\u0117s. Ne, taisykl\u0117s sukurtos ne jam! Ir Reifas su geriausiu draugu sugalvoja puik\u0173 plan\u0105, kaip kovoti su draudimais ir bausm\u0117mis... Jis tiesiog sulau\u017eys visas \u012fmanomas taisykles!  Ta\u010diau ne visi mano, kad Reifo planas \u2013 tiesiog nuostabus. Jis nepatinka nei mokytojams, nei t\u0117vams, nei kai kuriems bendramoksliams, am\u017einai trukdantiems Reifui gyventi. Ir kas i\u0161 to i\u0161eis?  Kiek juokingiausi\u0173 nuotyki\u0173 patirs Reifas per metus, kovodamas su mokytojais ir taisykl\u0117mis? Jeigu skaitydamas nemirsi i\u0161 juoko, tau pavyks su\u017einoti visk\u0105.\" \/>\n<meta property=\"og:url\" content=\"https:\/\/skaitytaknyga.lt\/en\/produktas\/james-patterson-chris-tebbetts-mokse-blogiausi-mano-gyvenimo-metai\/\" \/>\n<meta property=\"og:site_name\" content=\"Skaitytaknyga\" \/>\n<meta property=\"article:publisher\" content=\"https:\/\/www.facebook.com\/skaitytaknyga\/\" \/>\n<meta property=\"article:modified_time\" content=\"2024-05-03T07:17:34+00:00\" \/>\n<meta property=\"og:image\" content=\"https:\/\/skaitytaknyga.lt\/wp-content\/uploads\/2024\/04\/1481619934_mokse-1.jpg\" \/>\n\t<meta property=\"og:image:width\" content=\"287\" \/>\n\t<meta property=\"og:image:height\" content=\"430\" \/>\n\t<meta property=\"og:image:type\" content=\"image\/jpeg\" \/>\n<meta name=\"twitter:card\" content=\"summary_large_image\" \/>\n<meta name=\"twitter:label1\" content=\"Estimated reading time\" \/>\n\t<meta name=\"twitter:data1\" content=\"1 minute\" \/>\n<script type=\"application\/ld+json\" class=\"yoast-schema-graph\">{\"@context\":\"https:\/\/schema.org\",\"@graph\":[{\"@type\":\"WebPage\",\"@id\":\"https:\/\/skaitytaknyga.lt\/produktas\/james-patterson-chris-tebbetts-mokse-blogiausi-mano-gyvenimo-metai\/\",\"url\":\"https:\/\/skaitytaknyga.lt\/produktas\/james-patterson-chris-tebbetts-mokse-blogiausi-mano-gyvenimo-metai\/\",\"name\":\"James Patterson, Chris Tebbetts \u201eMok\u0161\u0117. Blogiausi mano gyvenimo metai\u201c - Skaitytaknyga\",\"isPartOf\":{\"@id\":\"https:\/\/skaitytaknyga.lt\/#website\"},\"primaryImageOfPage\":{\"@id\":\"https:\/\/skaitytaknyga.lt\/produktas\/james-patterson-chris-tebbetts-mokse-blogiausi-mano-gyvenimo-metai\/#primaryimage\"},\"image\":{\"@id\":\"https:\/\/skaitytaknyga.lt\/produktas\/james-patterson-chris-tebbetts-mokse-blogiausi-mano-gyvenimo-metai\/#primaryimage\"},\"thumbnailUrl\":\"https:\/\/skaitytaknyga.lt\/wp-content\/uploads\/2024\/04\/1481619934_mokse-1.jpg\",\"datePublished\":\"2024-04-17T13:21:07+00:00\",\"dateModified\":\"2024-05-03T07:17:34+00:00\",\"description\":\"Tie siaubingi vidurin\u0117s mokyklos metai... Jei kada mokeisi vidurin\u0117je, mane supranti. Jei dar nesimokei \u2013 greitai suprasi. Mokykla \u2013 tai vieta, \u012f kuri\u0105 reikia eiti kasdien. O ten reguliuoja kiekvien\u0105 tavo \u017eingsn\u012f, ai\u0161kina, k\u0105 tu turi daryti, ko nedaryti ir apskritai \u2013 kaip gyventi. Kur pasisuksi \u2013 vien taisykl\u0117s. Viskas u\u017eknisa. Taip? \u010cia ne mokykla, \u010dia tikras kal\u0117jimas. Taip mano Reifas Ka\u010diadorianas, kurio laukia pirmieji metai naujoje mokykloje. Atrodo, tai bus blogiausi jo gyvenimo metai. Namie \u2013 problemos, mok\u0161\u0117j \u2013 viskas draud\u017eiama, vienos taisykl\u0117s. Ne, taisykl\u0117s sukurtos ne jam! Ir Reifas su geriausiu draugu sugalvoja puik\u0173 plan\u0105, kaip kovoti su draudimais ir bausm\u0117mis... Jis tiesiog sulau\u017eys visas \u012fmanomas taisykles! Ta\u010diau ne visi mano, kad Reifo planas \u2013 tiesiog nuostabus. Jis nepatinka nei mokytojams, nei t\u0117vams, nei kai kuriems bendramoksliams, am\u017einai trukdantiems Reifui gyventi. Ir kas i\u0161 to i\u0161eis? Kiek juokingiausi\u0173 nuotyki\u0173 patirs Reifas per metus, kovodamas su mokytojais ir taisykl\u0117mis? Jeigu skaitydamas nemirsi i\u0161 juoko, tau pavyks su\u017einoti visk\u0105.\",\"breadcrumb\":{\"@id\":\"https:\/\/skaitytaknyga.lt\/produktas\/james-patterson-chris-tebbetts-mokse-blogiausi-mano-gyvenimo-metai\/#breadcrumb\"},\"inLanguage\":\"en-GB\",\"potentialAction\":[{\"@type\":\"ReadAction\",\"target\":[\"https:\/\/skaitytaknyga.lt\/produktas\/james-patterson-chris-tebbetts-mokse-blogiausi-mano-gyvenimo-metai\/\"]}]},{\"@type\":\"ImageObject\",\"inLanguage\":\"en-GB\",\"@id\":\"https:\/\/skaitytaknyga.lt\/produktas\/james-patterson-chris-tebbetts-mokse-blogiausi-mano-gyvenimo-metai\/#primaryimage\",\"url\":\"https:\/\/skaitytaknyga.lt\/wp-content\/uploads\/2024\/04\/1481619934_mokse-1.jpg\",\"contentUrl\":\"https:\/\/skaitytaknyga.lt\/wp-content\/uploads\/2024\/04\/1481619934_mokse-1.jpg\",\"width\":287,\"height\":430,\"caption\":\"1481619934 mokse 1\"},{\"@type\":\"BreadcrumbList\",\"@id\":\"https:\/\/skaitytaknyga.lt\/produktas\/james-patterson-chris-tebbetts-mokse-blogiausi-mano-gyvenimo-metai\/#breadcrumb\",\"itemListElement\":[{\"@type\":\"ListItem\",\"position\":1,\"name\":\"Home\",\"item\":\"https:\/\/skaitytaknyga.lt\/\"},{\"@type\":\"ListItem\",\"position\":2,\"name\":\"Parduotuv\u0117\",\"item\":\"https:\/\/skaitytaknyga.lt\/knygu-parduotuve\/\"},{\"@type\":\"ListItem\",\"position\":3,\"name\":\"James Patterson, Chris Tebbetts \u201eMok\u0161\u0117. Blogiausi mano gyvenimo metai\u201c\"}]},{\"@type\":\"WebSite\",\"@id\":\"https:\/\/skaitytaknyga.lt\/#website\",\"url\":\"https:\/\/skaitytaknyga.lt\/\",\"name\":\"skaitytaknyga.lt\",\"description\":\"Skaitytaknyga.lt \u2013 tai ma\u017eas \u0161eimos verslas, kuris prasid\u0117jo nuo meil\u0117s knygoms ir siekio i\u0161gelb\u0117ti knygas nuo likimo prie konteinerio. Kas vienam nereikalingas daiktas \u2013 kitam lobis, o mes esame tarpininkai, kurie padeda abiems tapti laimingesniems ???? \u017dinome kaip nelengva i\u0161gyventi ma\u017eiems verslams, tad nuo \u0161iol, \u010dia rasite ir kit\u0173, ma\u017e\u0173 \u0161eim\u0173 versl\u0173, rank\u0173 darbo, dovan\u0173 sau ir artimiesiems.\",\"publisher\":{\"@id\":\"https:\/\/skaitytaknyga.lt\/#organization\"},\"potentialAction\":[{\"@type\":\"SearchAction\",\"target\":{\"@type\":\"EntryPoint\",\"urlTemplate\":\"https:\/\/skaitytaknyga.lt\/?s={search_term_string}\"},\"query-input\":{\"@type\":\"PropertyValueSpecification\",\"valueRequired\":true,\"valueName\":\"search_term_string\"}}],\"inLanguage\":\"en-GB\"},{\"@type\":\"Organization\",\"@id\":\"https:\/\/skaitytaknyga.lt\/#organization\",\"name\":\"skaitytaknyga.lt\",\"url\":\"https:\/\/skaitytaknyga.lt\/\",\"logo\":{\"@type\":\"ImageObject\",\"inLanguage\":\"en-GB\",\"@id\":\"https:\/\/skaitytaknyga.lt\/#\/schema\/logo\/image\/\",\"url\":\"https:\/\/skaitytaknyga.lt\/wp-content\/uploads\/2024\/05\/cropped-cropped-cropped-02_00843_jt3bggkj1j3HLc7SyY6rEUpg.jpeg\",\"contentUrl\":\"https:\/\/skaitytaknyga.lt\/wp-content\/uploads\/2024\/05\/cropped-cropped-cropped-02_00843_jt3bggkj1j3HLc7SyY6rEUpg.jpeg\",\"width\":1600,\"height\":1600,\"caption\":\"skaitytaknyga.lt\"},\"image\":{\"@id\":\"https:\/\/skaitytaknyga.lt\/#\/schema\/logo\/image\/\"},\"sameAs\":[\"https:\/\/www.facebook.com\/skaitytaknyga\/\"]}]}<\/script>\n<!-- \/ Yoast SEO plugin. -->","yoast_head_json":{"title":"James Patterson, Chris Tebbetts \u201eMok\u0161\u0117. Blogiausi mano gyvenimo metai\u201c - Skaitytaknyga","description":"Tie siaubingi vidurin\u0117s mokyklos metai... Jei kada mokeisi vidurin\u0117je, mane supranti. Jei dar nesimokei \u2013 greitai suprasi.  Mokykla \u2013 tai vieta, \u012f kuri\u0105 reikia eiti kasdien. O ten reguliuoja kiekvien\u0105 tavo \u017eingsn\u012f, ai\u0161kina, k\u0105 tu turi daryti, ko nedaryti ir apskritai \u2013 kaip gyventi. Kur pasisuksi \u2013 vien taisykl\u0117s. Viskas u\u017eknisa. Taip?  \u010cia ne mokykla, \u010dia tikras kal\u0117jimas. Taip mano Reifas Ka\u010diadorianas, kurio laukia pirmieji metai naujoje mokykloje. Atrodo, tai bus blogiausi jo gyvenimo metai. Namie \u2013 problemos, mok\u0161\u0117j \u2013 viskas draud\u017eiama, vienos taisykl\u0117s. Ne, taisykl\u0117s sukurtos ne jam! Ir Reifas su geriausiu draugu sugalvoja puik\u0173 plan\u0105, kaip kovoti su draudimais ir bausm\u0117mis... Jis tiesiog sulau\u017eys visas \u012fmanomas taisykles!  Ta\u010diau ne visi mano, kad Reifo planas \u2013 tiesiog nuostabus. Jis nepatinka nei mokytojams, nei t\u0117vams, nei kai kuriems bendramoksliams, am\u017einai trukdantiems Reifui gyventi. Ir kas i\u0161 to i\u0161eis?  Kiek juokingiausi\u0173 nuotyki\u0173 patirs Reifas per metus, kovodamas su mokytojais ir taisykl\u0117mis? Jeigu skaitydamas nemirsi i\u0161 juoko, tau pavyks su\u017einoti visk\u0105.","robots":{"index":"index","follow":"follow","max-snippet":"max-snippet:-1","max-image-preview":"max-image-preview:large","max-video-preview":"max-video-preview:-1"},"canonical":"https:\/\/skaitytaknyga.lt\/en\/produktas\/james-patterson-chris-tebbetts-mokse-blogiausi-mano-gyvenimo-metai\/","og_locale":"en_GB","og_type":"article","og_title":"James Patterson, Chris Tebbetts \u201eMok\u0161\u0117. Blogiausi mano gyvenimo metai\u201c - Skaitytaknyga","og_description":"Tie siaubingi vidurin\u0117s mokyklos metai... Jei kada mokeisi vidurin\u0117je, mane supranti. Jei dar nesimokei \u2013 greitai suprasi.  Mokykla \u2013 tai vieta, \u012f kuri\u0105 reikia eiti kasdien. O ten reguliuoja kiekvien\u0105 tavo \u017eingsn\u012f, ai\u0161kina, k\u0105 tu turi daryti, ko nedaryti ir apskritai \u2013 kaip gyventi. Kur pasisuksi \u2013 vien taisykl\u0117s. Viskas u\u017eknisa. Taip?  \u010cia ne mokykla, \u010dia tikras kal\u0117jimas. Taip mano Reifas Ka\u010diadorianas, kurio laukia pirmieji metai naujoje mokykloje. Atrodo, tai bus blogiausi jo gyvenimo metai. Namie \u2013 problemos, mok\u0161\u0117j \u2013 viskas draud\u017eiama, vienos taisykl\u0117s. Ne, taisykl\u0117s sukurtos ne jam! Ir Reifas su geriausiu draugu sugalvoja puik\u0173 plan\u0105, kaip kovoti su draudimais ir bausm\u0117mis... Jis tiesiog sulau\u017eys visas \u012fmanomas taisykles!  Ta\u010diau ne visi mano, kad Reifo planas \u2013 tiesiog nuostabus. Jis nepatinka nei mokytojams, nei t\u0117vams, nei kai kuriems bendramoksliams, am\u017einai trukdantiems Reifui gyventi. Ir kas i\u0161 to i\u0161eis?  Kiek juokingiausi\u0173 nuotyki\u0173 patirs Reifas per metus, kovodamas su mokytojais ir taisykl\u0117mis? Jeigu skaitydamas nemirsi i\u0161 juoko, tau pavyks su\u017einoti visk\u0105.","og_url":"https:\/\/skaitytaknyga.lt\/en\/produktas\/james-patterson-chris-tebbetts-mokse-blogiausi-mano-gyvenimo-metai\/","og_site_name":"Skaitytaknyga","article_publisher":"https:\/\/www.facebook.com\/skaitytaknyga\/","article_modified_time":"2024-05-03T07:17:34+00:00","og_image":[{"width":287,"height":430,"url":"https:\/\/skaitytaknyga.lt\/wp-content\/uploads\/2024\/04\/1481619934_mokse-1.jpg","type":"image\/jpeg"}],"twitter_card":"summary_large_image","twitter_misc":{"Estimated reading time":"1 minute"},"schema":{"@context":"https:\/\/schema.org","@graph":[{"@type":"WebPage","@id":"https:\/\/skaitytaknyga.lt\/produktas\/james-patterson-chris-tebbetts-mokse-blogiausi-mano-gyvenimo-metai\/","url":"https:\/\/skaitytaknyga.lt\/produktas\/james-patterson-chris-tebbetts-mokse-blogiausi-mano-gyvenimo-metai\/","name":"James Patterson, Chris Tebbetts \u201eMok\u0161\u0117. Blogiausi mano gyvenimo metai\u201c - Skaitytaknyga","isPartOf":{"@id":"https:\/\/skaitytaknyga.lt\/#website"},"primaryImageOfPage":{"@id":"https:\/\/skaitytaknyga.lt\/produktas\/james-patterson-chris-tebbetts-mokse-blogiausi-mano-gyvenimo-metai\/#primaryimage"},"image":{"@id":"https:\/\/skaitytaknyga.lt\/produktas\/james-patterson-chris-tebbetts-mokse-blogiausi-mano-gyvenimo-metai\/#primaryimage"},"thumbnailUrl":"https:\/\/skaitytaknyga.lt\/wp-content\/uploads\/2024\/04\/1481619934_mokse-1.jpg","datePublished":"2024-04-17T13:21:07+00:00","dateModified":"2024-05-03T07:17:34+00:00","description":"Tie siaubingi vidurin\u0117s mokyklos metai... Jei kada mokeisi vidurin\u0117je, mane supranti. Jei dar nesimokei \u2013 greitai suprasi. Mokykla \u2013 tai vieta, \u012f kuri\u0105 reikia eiti kasdien. O ten reguliuoja kiekvien\u0105 tavo \u017eingsn\u012f, ai\u0161kina, k\u0105 tu turi daryti, ko nedaryti ir apskritai \u2013 kaip gyventi. Kur pasisuksi \u2013 vien taisykl\u0117s. Viskas u\u017eknisa. Taip? \u010cia ne mokykla, \u010dia tikras kal\u0117jimas. Taip mano Reifas Ka\u010diadorianas, kurio laukia pirmieji metai naujoje mokykloje. Atrodo, tai bus blogiausi jo gyvenimo metai. Namie \u2013 problemos, mok\u0161\u0117j \u2013 viskas draud\u017eiama, vienos taisykl\u0117s. Ne, taisykl\u0117s sukurtos ne jam! Ir Reifas su geriausiu draugu sugalvoja puik\u0173 plan\u0105, kaip kovoti su draudimais ir bausm\u0117mis... Jis tiesiog sulau\u017eys visas \u012fmanomas taisykles! Ta\u010diau ne visi mano, kad Reifo planas \u2013 tiesiog nuostabus. Jis nepatinka nei mokytojams, nei t\u0117vams, nei kai kuriems bendramoksliams, am\u017einai trukdantiems Reifui gyventi. Ir kas i\u0161 to i\u0161eis? Kiek juokingiausi\u0173 nuotyki\u0173 patirs Reifas per metus, kovodamas su mokytojais ir taisykl\u0117mis? Jeigu skaitydamas nemirsi i\u0161 juoko, tau pavyks su\u017einoti visk\u0105.","breadcrumb":{"@id":"https:\/\/skaitytaknyga.lt\/produktas\/james-patterson-chris-tebbetts-mokse-blogiausi-mano-gyvenimo-metai\/#breadcrumb"},"inLanguage":"en-GB","potentialAction":[{"@type":"ReadAction","target":["https:\/\/skaitytaknyga.lt\/produktas\/james-patterson-chris-tebbetts-mokse-blogiausi-mano-gyvenimo-metai\/"]}]},{"@type":"ImageObject","inLanguage":"en-GB","@id":"https:\/\/skaitytaknyga.lt\/produktas\/james-patterson-chris-tebbetts-mokse-blogiausi-mano-gyvenimo-metai\/#primaryimage","url":"https:\/\/skaitytaknyga.lt\/wp-content\/uploads\/2024\/04\/1481619934_mokse-1.jpg","contentUrl":"https:\/\/skaitytaknyga.lt\/wp-content\/uploads\/2024\/04\/1481619934_mokse-1.jpg","width":287,"height":430,"caption":"1481619934 mokse 1"},{"@type":"BreadcrumbList","@id":"https:\/\/skaitytaknyga.lt\/produktas\/james-patterson-chris-tebbetts-mokse-blogiausi-mano-gyvenimo-metai\/#breadcrumb","itemListElement":[{"@type":"ListItem","position":1,"name":"Home","item":"https:\/\/skaitytaknyga.lt\/"},{"@type":"ListItem","position":2,"name":"Parduotuv\u0117","item":"https:\/\/skaitytaknyga.lt\/knygu-parduotuve\/"},{"@type":"ListItem","position":3,"name":"James Patterson, Chris Tebbetts \u201eMok\u0161\u0117. Blogiausi mano gyvenimo metai\u201c"}]},{"@type":"WebSite","@id":"https:\/\/skaitytaknyga.lt\/#website","url":"https:\/\/skaitytaknyga.lt\/","name":"skaitytaknyga.lt","description":"Skaitytaknyga.lt \u2013 tai ma\u017eas \u0161eimos verslas, kuris prasid\u0117jo nuo meil\u0117s knygoms ir siekio i\u0161gelb\u0117ti knygas nuo likimo prie konteinerio. Kas vienam nereikalingas daiktas \u2013 kitam lobis, o mes esame tarpininkai, kurie padeda abiems tapti laimingesniems ???? \u017dinome kaip nelengva i\u0161gyventi ma\u017eiems verslams, tad nuo \u0161iol, \u010dia rasite ir kit\u0173, ma\u017e\u0173 \u0161eim\u0173 versl\u0173, rank\u0173 darbo, dovan\u0173 sau ir artimiesiems.","publisher":{"@id":"https:\/\/skaitytaknyga.lt\/#organization"},"potentialAction":[{"@type":"SearchAction","target":{"@type":"EntryPoint","urlTemplate":"https:\/\/skaitytaknyga.lt\/?s={search_term_string}"},"query-input":{"@type":"PropertyValueSpecification","valueRequired":true,"valueName":"search_term_string"}}],"inLanguage":"en-GB"},{"@type":"Organization","@id":"https:\/\/skaitytaknyga.lt\/#organization","name":"skaitytaknyga.lt","url":"https:\/\/skaitytaknyga.lt\/","logo":{"@type":"ImageObject","inLanguage":"en-GB","@id":"https:\/\/skaitytaknyga.lt\/#\/schema\/logo\/image\/","url":"https:\/\/skaitytaknyga.lt\/wp-content\/uploads\/2024\/05\/cropped-cropped-cropped-02_00843_jt3bggkj1j3HLc7SyY6rEUpg.jpeg","contentUrl":"https:\/\/skaitytaknyga.lt\/wp-content\/uploads\/2024\/05\/cropped-cropped-cropped-02_00843_jt3bggkj1j3HLc7SyY6rEUpg.jpeg","width":1600,"height":1600,"caption":"skaitytaknyga.lt"},"image":{"@id":"https:\/\/skaitytaknyga.lt\/#\/schema\/logo\/image\/"},"sameAs":["https:\/\/www.facebook.com\/skaitytaknyga\/"]}]}},"_links":{"self":[{"href":"https:\/\/skaitytaknyga.lt\/en\/wp-json\/wp\/v2\/product\/3018","targetHints":{"allow":["GET"]}}],"collection":[{"href":"https:\/\/skaitytaknyga.lt\/en\/wp-json\/wp\/v2\/product"}],"about":[{"href":"https:\/\/skaitytaknyga.lt\/en\/wp-json\/wp\/v2\/types\/product"}],"replies":[{"embeddable":true,"href":"https:\/\/skaitytaknyga.lt\/en\/wp-json\/wp\/v2\/comments?post=3018"}],"wp:featuredmedia":[{"embeddable":true,"href":"https:\/\/skaitytaknyga.lt\/en\/wp-json\/wp\/v2\/media\/3047"}],"wp:attachment":[{"href":"https:\/\/skaitytaknyga.lt\/en\/wp-json\/wp\/v2\/media?parent=3018"}],"wp:term":[{"taxonomy":"product_brand","embeddable":true,"href":"https:\/\/skaitytaknyga.lt\/en\/wp-json\/wp\/v2\/product_brand?post=3018"},{"taxonomy":"product_cat","embeddable":true,"href":"https:\/\/skaitytaknyga.lt\/en\/wp-json\/wp\/v2\/product_cat?post=3018"},{"taxonomy":"product_tag","embeddable":true,"href":"https:\/\/skaitytaknyga.lt\/en\/wp-json\/wp\/v2\/product_tag?post=3018"}],"curies":[{"name":"wp","href":"https:\/\/api.w.org\/{rel}","templated":true}]}}