{"id":2995,"date":"2024-04-17T13:20:44","date_gmt":"2024-04-17T13:20:44","guid":{"rendered":"https:\/\/skaitytaknyga.lt\/?post_type=product&#038;p=2995"},"modified":"2024-05-03T07:17:33","modified_gmt":"2024-05-03T07:17:33","slug":"renata-serelyte-trenktuke-liuno-vaikas","status":"publish","type":"product","link":"https:\/\/skaitytaknyga.lt\/en\/produktas\/renata-serelyte-trenktuke-liuno-vaikas\/","title":{"rendered":"Renata \u0160erelyt\u0117 \u201eTrenktuk\u0117, li\u016bno vaikas\u201c"},"content":{"rendered":"<p>Nepagalvokite, kad Trenktuk\u0117 susitrenk\u0117 galv\u0105 \u012f akmen\u012f, tiesiog jos toks vardas. Ji ne trenkta, o gili asmenyb\u0117!.. Mat gyvena li\u016bne. Ir mieliausiai b\u016bt\u0173 tokia, nes nei ind\u0173 plov\u0117ja, nei primadona ji b\u016bti nenori. Ji mieliau koncertuos su varl\u0117mis ir kalb\u0117sis su sraig\u0117mis, nei tarnaus l\u0117k\u0161tes tingin\u010diam plauti maumui ir \u201e\u017evaig\u017edes\u201c daran\u010diam impresarijui.<\/p>\n<p>Be to, li\u016bnas, kuriame gyvena, labai ypatingas. Kai dangus pasidaro kop\u016bst\u0173 spalvos ir prasideda baisiai keistas rei\u0161kinys \u2013 daikt\u0173 driblius, li\u016bnas tuos daiktus atgaivina. Taigi mes susidursime ne tik su Trenktuke ir li\u016bno gyventojais, bet ir pabaisa skalbykle, kraugeriu dulki\u0173 siurbliu ir televizoriumi, i\u0161 kurio i\u0161lipa RAGANA ilgais raudonais nagais. Kas i\u0161tiks atgijusius daiktus? Kas i\u0161tiks Trenktuk\u0119?.. Ar ji ir toliau i\u0161liks gili asmenyb\u0117?.. Visa tai \u2013 \u0161ioje knygoje.<\/p>\n","protected":false},"excerpt":{"rendered":"<p>Nepagalvokite, kad Trenktuk\u0117 susitrenk\u0117 galv\u0105 \u012f akmen\u012f, tiesiog jos toks vardas. Ji ne trenkta, o gili asmenyb\u0117!.. Mat gyvena li\u016bne. Ir mieliausiai b\u016bt\u0173 tokia, nes nei ind\u0173 plov\u0117ja, nei primadona ji b\u016bti nenori. Ji mieliau koncertuos su varl\u0117mis ir kalb\u0117sis su sraig\u0117mis, nei tarnaus l\u0117k\u0161tes tingin\u010diam plauti maumui ir \u201e\u017evaig\u017edes\u201c daran\u010diam impresarijui.<\/p>\n<p>Be to, li\u016bnas, kuriame gyvena, labai ypatingas. Kai dangus pasidaro kop\u016bst\u0173 spalvos ir prasideda baisiai keistas rei\u0161kinys \u2013 daikt\u0173 driblius, li\u016bnas tuos daiktus atgaivina. Taigi mes susidursime ne tik su Trenktuke ir li\u016bno gyventojais, bet ir pabaisa skalbykle, kraugeriu dulki\u0173 siurbliu ir televizoriumi, i\u0161 kurio i\u0161lipa RAGANA ilgais raudonais nagais. Kas i\u0161tiks atgijusius daiktus? Kas i\u0161tiks Trenktuk\u0119?.. Ar ji ir toliau i\u0161liks gili asmenyb\u0117?.. Visa tai \u2013 \u0161ioje knygoje.<\/p>\n","protected":false},"featured_media":3045,"comment_status":"closed","ping_status":"closed","template":"","meta":{"_acf_changed":false,"site-sidebar-layout":"default","site-content-layout":"","ast-site-content-layout":"default","site-content-style":"default","site-sidebar-style":"default","ast-global-header-display":"","ast-banner-title-visibility":"","ast-main-header-display":"","ast-hfb-above-header-display":"","ast-hfb-below-header-display":"","ast-hfb-mobile-header-display":"","site-post-title":"","ast-breadcrumbs-content":"","ast-featured-img":"","footer-sml-layout":"","ast-disable-related-posts":"","theme-transparent-header-meta":"","adv-header-id-meta":"","stick-header-meta":"","header-above-stick-meta":"","header-main-stick-meta":"","header-below-stick-meta":"","astra-migrate-meta-layouts":"default","ast-page-background-enabled":"default","ast-page-background-meta":{"desktop":{"background-color":"","background-image":"","background-repeat":"repeat","background-position":"center center","background-size":"auto","background-attachment":"scroll","background-type":"","background-media":"","overlay-type":"","overlay-color":"","overlay-opacity":"","overlay-gradient":""},"tablet":{"background-color":"","background-image":"","background-repeat":"repeat","background-position":"center center","background-size":"auto","background-attachment":"scroll","background-type":"","background-media":"","overlay-type":"","overlay-color":"","overlay-opacity":"","overlay-gradient":""},"mobile":{"background-color":"","background-image":"","background-repeat":"repeat","background-position":"center center","background-size":"auto","background-attachment":"scroll","background-type":"","background-media":"","overlay-type":"","overlay-color":"","overlay-opacity":"","overlay-gradient":""}},"ast-content-background-meta":{"desktop":{"background-color":"var(--ast-global-color-4)","background-image":"","background-repeat":"repeat","background-position":"center center","background-size":"auto","background-attachment":"scroll","background-type":"","background-media":"","overlay-type":"","overlay-color":"","overlay-opacity":"","overlay-gradient":""},"tablet":{"background-color":"var(--ast-global-color-4)","background-image":"","background-repeat":"repeat","background-position":"center center","background-size":"auto","background-attachment":"scroll","background-type":"","background-media":"","overlay-type":"","overlay-color":"","overlay-opacity":"","overlay-gradient":""},"mobile":{"background-color":"var(--ast-global-color-4)","background-image":"","background-repeat":"repeat","background-position":"center center","background-size":"auto","background-attachment":"scroll","background-type":"","background-media":"","overlay-type":"","overlay-color":"","overlay-opacity":"","overlay-gradient":""}}},"product_brand":[],"product_cat":[35],"product_tag":[],"class_list":{"0":"post-2995","1":"product","2":"type-product","3":"status-publish","4":"has-post-thumbnail","6":"product_cat-vaikams-ir-paaugliams","7":"desktop-align-left","8":"tablet-align-left","9":"mobile-align-left","11":"first","12":"outofstock","13":"shipping-taxable","14":"purchasable","15":"product-type-simple"},"acf":[],"yoast_head":"<!-- This site is optimized with the Yoast SEO plugin v27.0 - https:\/\/yoast.com\/product\/yoast-seo-wordpress\/ -->\n<title>Renata \u0160erelyt\u0117 \u201eTrenktuk\u0117, li\u016bno vaikas\u201c - Skaitytaknyga<\/title>\n<meta name=\"description\" content=\"Nepagalvokite, kad Trenktuk\u0117 susitrenk\u0117 galv\u0105 \u012f akmen\u012f, tiesiog jos toks vardas. Ji ne trenkta, o gili asmenyb\u0117!.. Mat gyvena li\u016bne. Ir mieliausiai b\u016bt\u0173 tokia, nes nei ind\u0173 plov\u0117ja, nei primadona ji b\u016bti nenori. Ji mieliau koncertuos su varl\u0117mis ir kalb\u0117sis su sraig\u0117mis, nei tarnaus l\u0117k\u0161tes tingin\u010diam plauti maumui ir \u201e\u017evaig\u017edes\u201c daran\u010diam impresarijui.  Be to, li\u016bnas, kuriame gyvena, labai ypatingas. Kai dangus pasidaro kop\u016bst\u0173 spalvos ir prasideda baisiai keistas rei\u0161kinys \u2013 daikt\u0173 driblius, li\u016bnas tuos daiktus atgaivina. Taigi mes susidursime ne tik su Trenktuke ir li\u016bno gyventojais, bet ir pabaisa skalbykle, kraugeriu dulki\u0173 siurbliu ir televizoriumi, i\u0161 kurio i\u0161lipa RAGANA ilgais raudonais nagais. Kas i\u0161tiks atgijusius daiktus? Kas i\u0161tiks Trenktuk\u0119?.. Ar ji ir toliau i\u0161liks gili asmenyb\u0117?.. Visa tai \u2013 \u0161ioje knygoje.\" \/>\n<meta name=\"robots\" content=\"index, follow, max-snippet:-1, max-image-preview:large, max-video-preview:-1\" \/>\n<link rel=\"canonical\" href=\"https:\/\/skaitytaknyga.lt\/en\/produktas\/renata-serelyte-trenktuke-liuno-vaikas\/\" \/>\n<meta property=\"og:locale\" content=\"en_GB\" \/>\n<meta property=\"og:locale:alternate\" content=\"lt_LT\" \/>\n<meta property=\"og:type\" content=\"article\" \/>\n<meta property=\"og:title\" content=\"Renata \u0160erelyt\u0117 \u201eTrenktuk\u0117, li\u016bno vaikas\u201c - Skaitytaknyga\" \/>\n<meta property=\"og:description\" content=\"Nepagalvokite, kad Trenktuk\u0117 susitrenk\u0117 galv\u0105 \u012f akmen\u012f, tiesiog jos toks vardas. Ji ne trenkta, o gili asmenyb\u0117!.. Mat gyvena li\u016bne. Ir mieliausiai b\u016bt\u0173 tokia, nes nei ind\u0173 plov\u0117ja, nei primadona ji b\u016bti nenori. Ji mieliau koncertuos su varl\u0117mis ir kalb\u0117sis su sraig\u0117mis, nei tarnaus l\u0117k\u0161tes tingin\u010diam plauti maumui ir \u201e\u017evaig\u017edes\u201c daran\u010diam impresarijui.  Be to, li\u016bnas, kuriame gyvena, labai ypatingas. Kai dangus pasidaro kop\u016bst\u0173 spalvos ir prasideda baisiai keistas rei\u0161kinys \u2013 daikt\u0173 driblius, li\u016bnas tuos daiktus atgaivina. Taigi mes susidursime ne tik su Trenktuke ir li\u016bno gyventojais, bet ir pabaisa skalbykle, kraugeriu dulki\u0173 siurbliu ir televizoriumi, i\u0161 kurio i\u0161lipa RAGANA ilgais raudonais nagais. Kas i\u0161tiks atgijusius daiktus? Kas i\u0161tiks Trenktuk\u0119?.. Ar ji ir toliau i\u0161liks gili asmenyb\u0117?.. Visa tai \u2013 \u0161ioje knygoje.\" \/>\n<meta property=\"og:url\" content=\"https:\/\/skaitytaknyga.lt\/en\/produktas\/renata-serelyte-trenktuke-liuno-vaikas\/\" \/>\n<meta property=\"og:site_name\" content=\"Skaitytaknyga\" \/>\n<meta property=\"article:publisher\" content=\"https:\/\/www.facebook.com\/skaitytaknyga\/\" \/>\n<meta property=\"article:modified_time\" content=\"2024-05-03T07:17:33+00:00\" \/>\n<meta property=\"og:image\" content=\"https:\/\/skaitytaknyga.lt\/wp-content\/uploads\/2024\/04\/1479717682_IMG_0009.jpg\" \/>\n\t<meta property=\"og:image:width\" content=\"320\" \/>\n\t<meta property=\"og:image:height\" content=\"430\" \/>\n\t<meta property=\"og:image:type\" content=\"image\/jpeg\" \/>\n<meta name=\"twitter:card\" content=\"summary_large_image\" \/>\n<meta name=\"twitter:label1\" content=\"Estimated reading time\" \/>\n\t<meta name=\"twitter:data1\" content=\"1 minute\" \/>\n<script type=\"application\/ld+json\" class=\"yoast-schema-graph\">{\"@context\":\"https:\/\/schema.org\",\"@graph\":[{\"@type\":\"WebPage\",\"@id\":\"https:\/\/skaitytaknyga.lt\/produktas\/renata-serelyte-trenktuke-liuno-vaikas\/\",\"url\":\"https:\/\/skaitytaknyga.lt\/produktas\/renata-serelyte-trenktuke-liuno-vaikas\/\",\"name\":\"Renata \u0160erelyt\u0117 \u201eTrenktuk\u0117, li\u016bno vaikas\u201c - Skaitytaknyga\",\"isPartOf\":{\"@id\":\"https:\/\/skaitytaknyga.lt\/#website\"},\"primaryImageOfPage\":{\"@id\":\"https:\/\/skaitytaknyga.lt\/produktas\/renata-serelyte-trenktuke-liuno-vaikas\/#primaryimage\"},\"image\":{\"@id\":\"https:\/\/skaitytaknyga.lt\/produktas\/renata-serelyte-trenktuke-liuno-vaikas\/#primaryimage\"},\"thumbnailUrl\":\"https:\/\/skaitytaknyga.lt\/wp-content\/uploads\/2024\/04\/1479717682_IMG_0009.jpg\",\"datePublished\":\"2024-04-17T13:20:44+00:00\",\"dateModified\":\"2024-05-03T07:17:33+00:00\",\"description\":\"Nepagalvokite, kad Trenktuk\u0117 susitrenk\u0117 galv\u0105 \u012f akmen\u012f, tiesiog jos toks vardas. Ji ne trenkta, o gili asmenyb\u0117!.. Mat gyvena li\u016bne. Ir mieliausiai b\u016bt\u0173 tokia, nes nei ind\u0173 plov\u0117ja, nei primadona ji b\u016bti nenori. Ji mieliau koncertuos su varl\u0117mis ir kalb\u0117sis su sraig\u0117mis, nei tarnaus l\u0117k\u0161tes tingin\u010diam plauti maumui ir \u201e\u017evaig\u017edes\u201c daran\u010diam impresarijui. Be to, li\u016bnas, kuriame gyvena, labai ypatingas. Kai dangus pasidaro kop\u016bst\u0173 spalvos ir prasideda baisiai keistas rei\u0161kinys \u2013 daikt\u0173 driblius, li\u016bnas tuos daiktus atgaivina. Taigi mes susidursime ne tik su Trenktuke ir li\u016bno gyventojais, bet ir pabaisa skalbykle, kraugeriu dulki\u0173 siurbliu ir televizoriumi, i\u0161 kurio i\u0161lipa RAGANA ilgais raudonais nagais. Kas i\u0161tiks atgijusius daiktus? Kas i\u0161tiks Trenktuk\u0119?.. Ar ji ir toliau i\u0161liks gili asmenyb\u0117?.. Visa tai \u2013 \u0161ioje knygoje.\",\"breadcrumb\":{\"@id\":\"https:\/\/skaitytaknyga.lt\/produktas\/renata-serelyte-trenktuke-liuno-vaikas\/#breadcrumb\"},\"inLanguage\":\"en-GB\",\"potentialAction\":[{\"@type\":\"ReadAction\",\"target\":[\"https:\/\/skaitytaknyga.lt\/produktas\/renata-serelyte-trenktuke-liuno-vaikas\/\"]}]},{\"@type\":\"ImageObject\",\"inLanguage\":\"en-GB\",\"@id\":\"https:\/\/skaitytaknyga.lt\/produktas\/renata-serelyte-trenktuke-liuno-vaikas\/#primaryimage\",\"url\":\"https:\/\/skaitytaknyga.lt\/wp-content\/uploads\/2024\/04\/1479717682_IMG_0009.jpg\",\"contentUrl\":\"https:\/\/skaitytaknyga.lt\/wp-content\/uploads\/2024\/04\/1479717682_IMG_0009.jpg\",\"width\":320,\"height\":430,\"caption\":\"1479717682 IMG 0009\"},{\"@type\":\"BreadcrumbList\",\"@id\":\"https:\/\/skaitytaknyga.lt\/produktas\/renata-serelyte-trenktuke-liuno-vaikas\/#breadcrumb\",\"itemListElement\":[{\"@type\":\"ListItem\",\"position\":1,\"name\":\"Home\",\"item\":\"https:\/\/skaitytaknyga.lt\/\"},{\"@type\":\"ListItem\",\"position\":2,\"name\":\"Parduotuv\u0117\",\"item\":\"https:\/\/skaitytaknyga.lt\/knygu-parduotuve\/\"},{\"@type\":\"ListItem\",\"position\":3,\"name\":\"Renata \u0160erelyt\u0117 \u201eTrenktuk\u0117, li\u016bno vaikas\u201c\"}]},{\"@type\":\"WebSite\",\"@id\":\"https:\/\/skaitytaknyga.lt\/#website\",\"url\":\"https:\/\/skaitytaknyga.lt\/\",\"name\":\"skaitytaknyga.lt\",\"description\":\"Skaitytaknyga.lt \u2013 tai ma\u017eas \u0161eimos verslas, kuris prasid\u0117jo nuo meil\u0117s knygoms ir siekio i\u0161gelb\u0117ti knygas nuo likimo prie konteinerio. Kas vienam nereikalingas daiktas \u2013 kitam lobis, o mes esame tarpininkai, kurie padeda abiems tapti laimingesniems ???? \u017dinome kaip nelengva i\u0161gyventi ma\u017eiems verslams, tad nuo \u0161iol, \u010dia rasite ir kit\u0173, ma\u017e\u0173 \u0161eim\u0173 versl\u0173, rank\u0173 darbo, dovan\u0173 sau ir artimiesiems.\",\"publisher\":{\"@id\":\"https:\/\/skaitytaknyga.lt\/#organization\"},\"potentialAction\":[{\"@type\":\"SearchAction\",\"target\":{\"@type\":\"EntryPoint\",\"urlTemplate\":\"https:\/\/skaitytaknyga.lt\/?s={search_term_string}\"},\"query-input\":{\"@type\":\"PropertyValueSpecification\",\"valueRequired\":true,\"valueName\":\"search_term_string\"}}],\"inLanguage\":\"en-GB\"},{\"@type\":\"Organization\",\"@id\":\"https:\/\/skaitytaknyga.lt\/#organization\",\"name\":\"skaitytaknyga.lt\",\"url\":\"https:\/\/skaitytaknyga.lt\/\",\"logo\":{\"@type\":\"ImageObject\",\"inLanguage\":\"en-GB\",\"@id\":\"https:\/\/skaitytaknyga.lt\/#\/schema\/logo\/image\/\",\"url\":\"https:\/\/skaitytaknyga.lt\/wp-content\/uploads\/2024\/05\/cropped-cropped-cropped-02_00843_jt3bggkj1j3HLc7SyY6rEUpg.jpeg\",\"contentUrl\":\"https:\/\/skaitytaknyga.lt\/wp-content\/uploads\/2024\/05\/cropped-cropped-cropped-02_00843_jt3bggkj1j3HLc7SyY6rEUpg.jpeg\",\"width\":1600,\"height\":1600,\"caption\":\"skaitytaknyga.lt\"},\"image\":{\"@id\":\"https:\/\/skaitytaknyga.lt\/#\/schema\/logo\/image\/\"},\"sameAs\":[\"https:\/\/www.facebook.com\/skaitytaknyga\/\"]}]}<\/script>\n<!-- \/ Yoast SEO plugin. -->","yoast_head_json":{"title":"Renata \u0160erelyt\u0117 \u201eTrenktuk\u0117, li\u016bno vaikas\u201c - Skaitytaknyga","description":"Nepagalvokite, kad Trenktuk\u0117 susitrenk\u0117 galv\u0105 \u012f akmen\u012f, tiesiog jos toks vardas. Ji ne trenkta, o gili asmenyb\u0117!.. Mat gyvena li\u016bne. Ir mieliausiai b\u016bt\u0173 tokia, nes nei ind\u0173 plov\u0117ja, nei primadona ji b\u016bti nenori. Ji mieliau koncertuos su varl\u0117mis ir kalb\u0117sis su sraig\u0117mis, nei tarnaus l\u0117k\u0161tes tingin\u010diam plauti maumui ir \u201e\u017evaig\u017edes\u201c daran\u010diam impresarijui.  Be to, li\u016bnas, kuriame gyvena, labai ypatingas. Kai dangus pasidaro kop\u016bst\u0173 spalvos ir prasideda baisiai keistas rei\u0161kinys \u2013 daikt\u0173 driblius, li\u016bnas tuos daiktus atgaivina. Taigi mes susidursime ne tik su Trenktuke ir li\u016bno gyventojais, bet ir pabaisa skalbykle, kraugeriu dulki\u0173 siurbliu ir televizoriumi, i\u0161 kurio i\u0161lipa RAGANA ilgais raudonais nagais. Kas i\u0161tiks atgijusius daiktus? Kas i\u0161tiks Trenktuk\u0119?.. Ar ji ir toliau i\u0161liks gili asmenyb\u0117?.. Visa tai \u2013 \u0161ioje knygoje.","robots":{"index":"index","follow":"follow","max-snippet":"max-snippet:-1","max-image-preview":"max-image-preview:large","max-video-preview":"max-video-preview:-1"},"canonical":"https:\/\/skaitytaknyga.lt\/en\/produktas\/renata-serelyte-trenktuke-liuno-vaikas\/","og_locale":"en_GB","og_type":"article","og_title":"Renata \u0160erelyt\u0117 \u201eTrenktuk\u0117, li\u016bno vaikas\u201c - Skaitytaknyga","og_description":"Nepagalvokite, kad Trenktuk\u0117 susitrenk\u0117 galv\u0105 \u012f akmen\u012f, tiesiog jos toks vardas. Ji ne trenkta, o gili asmenyb\u0117!.. Mat gyvena li\u016bne. Ir mieliausiai b\u016bt\u0173 tokia, nes nei ind\u0173 plov\u0117ja, nei primadona ji b\u016bti nenori. Ji mieliau koncertuos su varl\u0117mis ir kalb\u0117sis su sraig\u0117mis, nei tarnaus l\u0117k\u0161tes tingin\u010diam plauti maumui ir \u201e\u017evaig\u017edes\u201c daran\u010diam impresarijui.  Be to, li\u016bnas, kuriame gyvena, labai ypatingas. Kai dangus pasidaro kop\u016bst\u0173 spalvos ir prasideda baisiai keistas rei\u0161kinys \u2013 daikt\u0173 driblius, li\u016bnas tuos daiktus atgaivina. Taigi mes susidursime ne tik su Trenktuke ir li\u016bno gyventojais, bet ir pabaisa skalbykle, kraugeriu dulki\u0173 siurbliu ir televizoriumi, i\u0161 kurio i\u0161lipa RAGANA ilgais raudonais nagais. Kas i\u0161tiks atgijusius daiktus? Kas i\u0161tiks Trenktuk\u0119?.. Ar ji ir toliau i\u0161liks gili asmenyb\u0117?.. Visa tai \u2013 \u0161ioje knygoje.","og_url":"https:\/\/skaitytaknyga.lt\/en\/produktas\/renata-serelyte-trenktuke-liuno-vaikas\/","og_site_name":"Skaitytaknyga","article_publisher":"https:\/\/www.facebook.com\/skaitytaknyga\/","article_modified_time":"2024-05-03T07:17:33+00:00","og_image":[{"width":320,"height":430,"url":"https:\/\/skaitytaknyga.lt\/wp-content\/uploads\/2024\/04\/1479717682_IMG_0009.jpg","type":"image\/jpeg"}],"twitter_card":"summary_large_image","twitter_misc":{"Estimated reading time":"1 minute"},"schema":{"@context":"https:\/\/schema.org","@graph":[{"@type":"WebPage","@id":"https:\/\/skaitytaknyga.lt\/produktas\/renata-serelyte-trenktuke-liuno-vaikas\/","url":"https:\/\/skaitytaknyga.lt\/produktas\/renata-serelyte-trenktuke-liuno-vaikas\/","name":"Renata \u0160erelyt\u0117 \u201eTrenktuk\u0117, li\u016bno vaikas\u201c - Skaitytaknyga","isPartOf":{"@id":"https:\/\/skaitytaknyga.lt\/#website"},"primaryImageOfPage":{"@id":"https:\/\/skaitytaknyga.lt\/produktas\/renata-serelyte-trenktuke-liuno-vaikas\/#primaryimage"},"image":{"@id":"https:\/\/skaitytaknyga.lt\/produktas\/renata-serelyte-trenktuke-liuno-vaikas\/#primaryimage"},"thumbnailUrl":"https:\/\/skaitytaknyga.lt\/wp-content\/uploads\/2024\/04\/1479717682_IMG_0009.jpg","datePublished":"2024-04-17T13:20:44+00:00","dateModified":"2024-05-03T07:17:33+00:00","description":"Nepagalvokite, kad Trenktuk\u0117 susitrenk\u0117 galv\u0105 \u012f akmen\u012f, tiesiog jos toks vardas. Ji ne trenkta, o gili asmenyb\u0117!.. Mat gyvena li\u016bne. Ir mieliausiai b\u016bt\u0173 tokia, nes nei ind\u0173 plov\u0117ja, nei primadona ji b\u016bti nenori. Ji mieliau koncertuos su varl\u0117mis ir kalb\u0117sis su sraig\u0117mis, nei tarnaus l\u0117k\u0161tes tingin\u010diam plauti maumui ir \u201e\u017evaig\u017edes\u201c daran\u010diam impresarijui. Be to, li\u016bnas, kuriame gyvena, labai ypatingas. Kai dangus pasidaro kop\u016bst\u0173 spalvos ir prasideda baisiai keistas rei\u0161kinys \u2013 daikt\u0173 driblius, li\u016bnas tuos daiktus atgaivina. Taigi mes susidursime ne tik su Trenktuke ir li\u016bno gyventojais, bet ir pabaisa skalbykle, kraugeriu dulki\u0173 siurbliu ir televizoriumi, i\u0161 kurio i\u0161lipa RAGANA ilgais raudonais nagais. Kas i\u0161tiks atgijusius daiktus? Kas i\u0161tiks Trenktuk\u0119?.. Ar ji ir toliau i\u0161liks gili asmenyb\u0117?.. Visa tai \u2013 \u0161ioje knygoje.","breadcrumb":{"@id":"https:\/\/skaitytaknyga.lt\/produktas\/renata-serelyte-trenktuke-liuno-vaikas\/#breadcrumb"},"inLanguage":"en-GB","potentialAction":[{"@type":"ReadAction","target":["https:\/\/skaitytaknyga.lt\/produktas\/renata-serelyte-trenktuke-liuno-vaikas\/"]}]},{"@type":"ImageObject","inLanguage":"en-GB","@id":"https:\/\/skaitytaknyga.lt\/produktas\/renata-serelyte-trenktuke-liuno-vaikas\/#primaryimage","url":"https:\/\/skaitytaknyga.lt\/wp-content\/uploads\/2024\/04\/1479717682_IMG_0009.jpg","contentUrl":"https:\/\/skaitytaknyga.lt\/wp-content\/uploads\/2024\/04\/1479717682_IMG_0009.jpg","width":320,"height":430,"caption":"1479717682 IMG 0009"},{"@type":"BreadcrumbList","@id":"https:\/\/skaitytaknyga.lt\/produktas\/renata-serelyte-trenktuke-liuno-vaikas\/#breadcrumb","itemListElement":[{"@type":"ListItem","position":1,"name":"Home","item":"https:\/\/skaitytaknyga.lt\/"},{"@type":"ListItem","position":2,"name":"Parduotuv\u0117","item":"https:\/\/skaitytaknyga.lt\/knygu-parduotuve\/"},{"@type":"ListItem","position":3,"name":"Renata \u0160erelyt\u0117 \u201eTrenktuk\u0117, li\u016bno vaikas\u201c"}]},{"@type":"WebSite","@id":"https:\/\/skaitytaknyga.lt\/#website","url":"https:\/\/skaitytaknyga.lt\/","name":"skaitytaknyga.lt","description":"Skaitytaknyga.lt \u2013 tai ma\u017eas \u0161eimos verslas, kuris prasid\u0117jo nuo meil\u0117s knygoms ir siekio i\u0161gelb\u0117ti knygas nuo likimo prie konteinerio. Kas vienam nereikalingas daiktas \u2013 kitam lobis, o mes esame tarpininkai, kurie padeda abiems tapti laimingesniems ???? \u017dinome kaip nelengva i\u0161gyventi ma\u017eiems verslams, tad nuo \u0161iol, \u010dia rasite ir kit\u0173, ma\u017e\u0173 \u0161eim\u0173 versl\u0173, rank\u0173 darbo, dovan\u0173 sau ir artimiesiems.","publisher":{"@id":"https:\/\/skaitytaknyga.lt\/#organization"},"potentialAction":[{"@type":"SearchAction","target":{"@type":"EntryPoint","urlTemplate":"https:\/\/skaitytaknyga.lt\/?s={search_term_string}"},"query-input":{"@type":"PropertyValueSpecification","valueRequired":true,"valueName":"search_term_string"}}],"inLanguage":"en-GB"},{"@type":"Organization","@id":"https:\/\/skaitytaknyga.lt\/#organization","name":"skaitytaknyga.lt","url":"https:\/\/skaitytaknyga.lt\/","logo":{"@type":"ImageObject","inLanguage":"en-GB","@id":"https:\/\/skaitytaknyga.lt\/#\/schema\/logo\/image\/","url":"https:\/\/skaitytaknyga.lt\/wp-content\/uploads\/2024\/05\/cropped-cropped-cropped-02_00843_jt3bggkj1j3HLc7SyY6rEUpg.jpeg","contentUrl":"https:\/\/skaitytaknyga.lt\/wp-content\/uploads\/2024\/05\/cropped-cropped-cropped-02_00843_jt3bggkj1j3HLc7SyY6rEUpg.jpeg","width":1600,"height":1600,"caption":"skaitytaknyga.lt"},"image":{"@id":"https:\/\/skaitytaknyga.lt\/#\/schema\/logo\/image\/"},"sameAs":["https:\/\/www.facebook.com\/skaitytaknyga\/"]}]}},"_links":{"self":[{"href":"https:\/\/skaitytaknyga.lt\/en\/wp-json\/wp\/v2\/product\/2995","targetHints":{"allow":["GET"]}}],"collection":[{"href":"https:\/\/skaitytaknyga.lt\/en\/wp-json\/wp\/v2\/product"}],"about":[{"href":"https:\/\/skaitytaknyga.lt\/en\/wp-json\/wp\/v2\/types\/product"}],"replies":[{"embeddable":true,"href":"https:\/\/skaitytaknyga.lt\/en\/wp-json\/wp\/v2\/comments?post=2995"}],"wp:featuredmedia":[{"embeddable":true,"href":"https:\/\/skaitytaknyga.lt\/en\/wp-json\/wp\/v2\/media\/3045"}],"wp:attachment":[{"href":"https:\/\/skaitytaknyga.lt\/en\/wp-json\/wp\/v2\/media?parent=2995"}],"wp:term":[{"taxonomy":"product_brand","embeddable":true,"href":"https:\/\/skaitytaknyga.lt\/en\/wp-json\/wp\/v2\/product_brand?post=2995"},{"taxonomy":"product_cat","embeddable":true,"href":"https:\/\/skaitytaknyga.lt\/en\/wp-json\/wp\/v2\/product_cat?post=2995"},{"taxonomy":"product_tag","embeddable":true,"href":"https:\/\/skaitytaknyga.lt\/en\/wp-json\/wp\/v2\/product_tag?post=2995"}],"curies":[{"name":"wp","href":"https:\/\/api.w.org\/{rel}","templated":true}]}}