{"id":2993,"date":"2024-04-17T13:20:44","date_gmt":"2024-04-17T13:20:44","guid":{"rendered":"https:\/\/skaitytaknyga.lt\/?post_type=product&#038;p=2993"},"modified":"2024-05-03T07:17:32","modified_gmt":"2024-05-03T07:17:32","slug":"l-j-smith-slaptasis-ratas","status":"publish","type":"product","link":"https:\/\/skaitytaknyga.lt\/en\/produktas\/l-j-smith-slaptasis-ratas\/","title":{"rendered":"L. J. Smith \u201eSlaptasis ratas\u201c"},"content":{"rendered":"<p>Atvykusi i\u0161 saul\u0117tos Kalifornijos \u012f r\u016b\u0161kan\u0105 Salem\u0105, Kes\u0117 ilgisi buvusio gyvenimo. Kalifornijoje liko visi draugai, \u012fprasta mokykla. Be to, senel\u0117s namas keistas, tamsus, rodos, pilnas tykan\u010di\u0173 pabais\u0173.<\/p>\n<p>Naujoje mokykloje \u0161eimininkauja slapto Klubo nariai. Nety\u010dia nugirdusi \u012f\u017e\u016bli\u0173 mergin\u0173 \u2013 Klubo nari\u0173 \u2013 pokalb\u012f, Kes\u0117 patenka \u012f j\u0173 nemalon\u0119. Ji nebei\u0161mano, kaip apsiginti nuo bauginan\u010di\u0173 Klubo nari\u0173 paty\u010di\u0173, bet kartu jau\u010dia prie j\u0173 keist\u0105 trauk\u0105. Vien\u0105 dien\u0105 Kes\u0119 nuo pikt\u0173 pa\u0161aip\u0173 i\u0161gelbsti gra\u017euol\u0117 kaimyn\u0117 Diana. Merginos susidraugauja, tampa artimos kaip seserys. Jos padedama Kes\u0117 su\u017eino, kad ji kilusi i\u0161 sen\u0173j\u0173 Salemo ragan\u0173 ir yra \u012f\u0161ventinama \u012f Slapt\u0105j\u012f rat\u0105. Tai jaudina, svaigina ir kelia mirtin\u0105 pavoj\u0173. Vienas neteisingas \u017eingsnis gali j\u0105 sunaikinti&#8230;<\/p>\n<p>Veiksmo, meil\u0117s, prana\u0161ys\u010di\u0173 ir \u0161iurpi\u0173 nutikim\u0173 kupinas \u201eSlaptasis ratas\u201c pavergs visus mistinio \u017eanro gerb\u0117jus.<\/p>\n","protected":false},"excerpt":{"rendered":"<p>Atvykusi i\u0161 saul\u0117tos Kalifornijos \u012f r\u016b\u0161kan\u0105 Salem\u0105, Kes\u0117 ilgisi buvusio gyvenimo. Kalifornijoje liko visi draugai, \u012fprasta mokykla. Be to, senel\u0117s namas keistas, tamsus, rodos, pilnas tykan\u010di\u0173 pabais\u0173.<\/p>\n<p>Naujoje mokykloje \u0161eimininkauja slapto Klubo nariai. Nety\u010dia nugirdusi \u012f\u017e\u016bli\u0173 mergin\u0173 \u2013 Klubo nari\u0173 \u2013 pokalb\u012f, Kes\u0117 patenka \u012f j\u0173 nemalon\u0119. Ji nebei\u0161mano, kaip apsiginti nuo bauginan\u010di\u0173 Klubo nari\u0173 paty\u010di\u0173, bet kartu jau\u010dia prie j\u0173 keist\u0105 trauk\u0105. Vien\u0105 dien\u0105 Kes\u0119 nuo pikt\u0173 pa\u0161aip\u0173 i\u0161gelbsti gra\u017euol\u0117 kaimyn\u0117 Diana. Merginos susidraugauja, tampa artimos kaip seserys. Jos padedama Kes\u0117 su\u017eino, kad ji kilusi i\u0161 sen\u0173j\u0173 Salemo ragan\u0173 ir yra \u012f\u0161ventinama \u012f Slapt\u0105j\u012f rat\u0105. Tai jaudina, svaigina ir kelia mirtin\u0105 pavoj\u0173. Vienas neteisingas \u017eingsnis gali j\u0105 sunaikinti&#8230;<\/p>\n<p>Veiksmo, meil\u0117s, prana\u0161ys\u010di\u0173 ir \u0161iurpi\u0173 nutikim\u0173 kupinas \u201eSlaptasis ratas\u201c pavergs visus mistinio \u017eanro gerb\u0117jus.<\/p>\n","protected":false},"featured_media":3043,"comment_status":"closed","ping_status":"closed","template":"","meta":{"_acf_changed":false,"site-sidebar-layout":"default","site-content-layout":"","ast-site-content-layout":"default","site-content-style":"default","site-sidebar-style":"default","ast-global-header-display":"","ast-banner-title-visibility":"","ast-main-header-display":"","ast-hfb-above-header-display":"","ast-hfb-below-header-display":"","ast-hfb-mobile-header-display":"","site-post-title":"","ast-breadcrumbs-content":"","ast-featured-img":"","footer-sml-layout":"","ast-disable-related-posts":"","theme-transparent-header-meta":"","adv-header-id-meta":"","stick-header-meta":"","header-above-stick-meta":"","header-main-stick-meta":"","header-below-stick-meta":"","astra-migrate-meta-layouts":"default","ast-page-background-enabled":"default","ast-page-background-meta":{"desktop":{"background-color":"","background-image":"","background-repeat":"repeat","background-position":"center center","background-size":"auto","background-attachment":"scroll","background-type":"","background-media":"","overlay-type":"","overlay-color":"","overlay-opacity":"","overlay-gradient":""},"tablet":{"background-color":"","background-image":"","background-repeat":"repeat","background-position":"center center","background-size":"auto","background-attachment":"scroll","background-type":"","background-media":"","overlay-type":"","overlay-color":"","overlay-opacity":"","overlay-gradient":""},"mobile":{"background-color":"","background-image":"","background-repeat":"repeat","background-position":"center center","background-size":"auto","background-attachment":"scroll","background-type":"","background-media":"","overlay-type":"","overlay-color":"","overlay-opacity":"","overlay-gradient":""}},"ast-content-background-meta":{"desktop":{"background-color":"var(--ast-global-color-4)","background-image":"","background-repeat":"repeat","background-position":"center center","background-size":"auto","background-attachment":"scroll","background-type":"","background-media":"","overlay-type":"","overlay-color":"","overlay-opacity":"","overlay-gradient":""},"tablet":{"background-color":"var(--ast-global-color-4)","background-image":"","background-repeat":"repeat","background-position":"center center","background-size":"auto","background-attachment":"scroll","background-type":"","background-media":"","overlay-type":"","overlay-color":"","overlay-opacity":"","overlay-gradient":""},"mobile":{"background-color":"var(--ast-global-color-4)","background-image":"","background-repeat":"repeat","background-position":"center center","background-size":"auto","background-attachment":"scroll","background-type":"","background-media":"","overlay-type":"","overlay-color":"","overlay-opacity":"","overlay-gradient":""}}},"product_brand":[],"product_cat":[35],"product_tag":[],"class_list":{"0":"post-2993","1":"product","2":"type-product","3":"status-publish","4":"has-post-thumbnail","6":"product_cat-vaikams-ir-paaugliams","7":"desktop-align-left","8":"tablet-align-left","9":"mobile-align-left","11":"first","12":"outofstock","13":"shipping-taxable","14":"purchasable","15":"product-type-simple"},"acf":[],"yoast_head":"<!-- This site is optimized with the Yoast SEO plugin v27.0 - https:\/\/yoast.com\/product\/yoast-seo-wordpress\/ -->\n<title>L. J. Smith \u201eSlaptasis ratas\u201c - Skaitytaknyga<\/title>\n<meta name=\"description\" content=\"Atvykusi i\u0161 saul\u0117tos Kalifornijos \u012f r\u016b\u0161kan\u0105 Salem\u0105, Kes\u0117 ilgisi buvusio gyvenimo. Kalifornijoje liko visi draugai, \u012fprasta mokykla. Be to, senel\u0117s namas keistas, tamsus, rodos, pilnas tykan\u010di\u0173 pabais\u0173.  Naujoje mokykloje \u0161eimininkauja slapto Klubo nariai. Nety\u010dia nugirdusi \u012f\u017e\u016bli\u0173 mergin\u0173 \u2013 Klubo nari\u0173 \u2013 pokalb\u012f, Kes\u0117 patenka \u012f j\u0173 nemalon\u0119. Ji nebei\u0161mano, kaip apsiginti nuo bauginan\u010di\u0173 Klubo nari\u0173 paty\u010di\u0173, bet kartu jau\u010dia prie j\u0173 keist\u0105 trauk\u0105. Vien\u0105 dien\u0105 Kes\u0119 nuo pikt\u0173 pa\u0161aip\u0173 i\u0161gelbsti gra\u017euol\u0117 kaimyn\u0117 Diana. Merginos susidraugauja, tampa artimos kaip seserys. Jos padedama Kes\u0117 su\u017eino, kad ji kilusi i\u0161 sen\u0173j\u0173 Salemo ragan\u0173 ir yra \u012f\u0161ventinama \u012f Slapt\u0105j\u012f rat\u0105. Tai jaudina, svaigina ir kelia mirtin\u0105 pavoj\u0173. Vienas neteisingas \u017eingsnis gali j\u0105 sunaikinti...  Veiksmo, meil\u0117s, prana\u0161ys\u010di\u0173 ir \u0161iurpi\u0173 nutikim\u0173 kupinas \u201eSlaptasis ratas\u201c pavergs visus mistinio \u017eanro gerb\u0117jus.\" \/>\n<meta name=\"robots\" content=\"index, follow, max-snippet:-1, max-image-preview:large, max-video-preview:-1\" \/>\n<link rel=\"canonical\" href=\"https:\/\/skaitytaknyga.lt\/en\/produktas\/l-j-smith-slaptasis-ratas\/\" \/>\n<meta property=\"og:locale\" content=\"en_GB\" \/>\n<meta property=\"og:locale:alternate\" content=\"lt_LT\" \/>\n<meta property=\"og:type\" content=\"article\" \/>\n<meta property=\"og:title\" content=\"L. J. Smith \u201eSlaptasis ratas\u201c - Skaitytaknyga\" \/>\n<meta property=\"og:description\" content=\"Atvykusi i\u0161 saul\u0117tos Kalifornijos \u012f r\u016b\u0161kan\u0105 Salem\u0105, Kes\u0117 ilgisi buvusio gyvenimo. Kalifornijoje liko visi draugai, \u012fprasta mokykla. Be to, senel\u0117s namas keistas, tamsus, rodos, pilnas tykan\u010di\u0173 pabais\u0173.  Naujoje mokykloje \u0161eimininkauja slapto Klubo nariai. Nety\u010dia nugirdusi \u012f\u017e\u016bli\u0173 mergin\u0173 \u2013 Klubo nari\u0173 \u2013 pokalb\u012f, Kes\u0117 patenka \u012f j\u0173 nemalon\u0119. Ji nebei\u0161mano, kaip apsiginti nuo bauginan\u010di\u0173 Klubo nari\u0173 paty\u010di\u0173, bet kartu jau\u010dia prie j\u0173 keist\u0105 trauk\u0105. Vien\u0105 dien\u0105 Kes\u0119 nuo pikt\u0173 pa\u0161aip\u0173 i\u0161gelbsti gra\u017euol\u0117 kaimyn\u0117 Diana. Merginos susidraugauja, tampa artimos kaip seserys. Jos padedama Kes\u0117 su\u017eino, kad ji kilusi i\u0161 sen\u0173j\u0173 Salemo ragan\u0173 ir yra \u012f\u0161ventinama \u012f Slapt\u0105j\u012f rat\u0105. Tai jaudina, svaigina ir kelia mirtin\u0105 pavoj\u0173. Vienas neteisingas \u017eingsnis gali j\u0105 sunaikinti...  Veiksmo, meil\u0117s, prana\u0161ys\u010di\u0173 ir \u0161iurpi\u0173 nutikim\u0173 kupinas \u201eSlaptasis ratas\u201c pavergs visus mistinio \u017eanro gerb\u0117jus.\" \/>\n<meta property=\"og:url\" content=\"https:\/\/skaitytaknyga.lt\/en\/produktas\/l-j-smith-slaptasis-ratas\/\" \/>\n<meta property=\"og:site_name\" content=\"Skaitytaknyga\" \/>\n<meta property=\"article:publisher\" content=\"https:\/\/www.facebook.com\/skaitytaknyga\/\" \/>\n<meta property=\"article:modified_time\" content=\"2024-05-03T07:17:32+00:00\" \/>\n<meta property=\"og:image\" content=\"https:\/\/skaitytaknyga.lt\/wp-content\/uploads\/2024\/04\/cdb_slaptasis-ratas_z1.jpg\" \/>\n\t<meta property=\"og:image:width\" content=\"302\" \/>\n\t<meta property=\"og:image:height\" content=\"450\" \/>\n\t<meta property=\"og:image:type\" content=\"image\/jpeg\" \/>\n<meta name=\"twitter:card\" content=\"summary_large_image\" \/>\n<meta name=\"twitter:label1\" content=\"Estimated reading time\" \/>\n\t<meta name=\"twitter:data1\" content=\"1 minute\" \/>\n<script type=\"application\/ld+json\" class=\"yoast-schema-graph\">{\"@context\":\"https:\/\/schema.org\",\"@graph\":[{\"@type\":\"WebPage\",\"@id\":\"https:\/\/skaitytaknyga.lt\/produktas\/l-j-smith-slaptasis-ratas\/\",\"url\":\"https:\/\/skaitytaknyga.lt\/produktas\/l-j-smith-slaptasis-ratas\/\",\"name\":\"L. J. Smith \u201eSlaptasis ratas\u201c - Skaitytaknyga\",\"isPartOf\":{\"@id\":\"https:\/\/skaitytaknyga.lt\/#website\"},\"primaryImageOfPage\":{\"@id\":\"https:\/\/skaitytaknyga.lt\/produktas\/l-j-smith-slaptasis-ratas\/#primaryimage\"},\"image\":{\"@id\":\"https:\/\/skaitytaknyga.lt\/produktas\/l-j-smith-slaptasis-ratas\/#primaryimage\"},\"thumbnailUrl\":\"https:\/\/skaitytaknyga.lt\/wp-content\/uploads\/2024\/04\/cdb_slaptasis-ratas_z1.jpg\",\"datePublished\":\"2024-04-17T13:20:44+00:00\",\"dateModified\":\"2024-05-03T07:17:32+00:00\",\"description\":\"Atvykusi i\u0161 saul\u0117tos Kalifornijos \u012f r\u016b\u0161kan\u0105 Salem\u0105, Kes\u0117 ilgisi buvusio gyvenimo. Kalifornijoje liko visi draugai, \u012fprasta mokykla. Be to, senel\u0117s namas keistas, tamsus, rodos, pilnas tykan\u010di\u0173 pabais\u0173. Naujoje mokykloje \u0161eimininkauja slapto Klubo nariai. Nety\u010dia nugirdusi \u012f\u017e\u016bli\u0173 mergin\u0173 \u2013 Klubo nari\u0173 \u2013 pokalb\u012f, Kes\u0117 patenka \u012f j\u0173 nemalon\u0119. Ji nebei\u0161mano, kaip apsiginti nuo bauginan\u010di\u0173 Klubo nari\u0173 paty\u010di\u0173, bet kartu jau\u010dia prie j\u0173 keist\u0105 trauk\u0105. Vien\u0105 dien\u0105 Kes\u0119 nuo pikt\u0173 pa\u0161aip\u0173 i\u0161gelbsti gra\u017euol\u0117 kaimyn\u0117 Diana. Merginos susidraugauja, tampa artimos kaip seserys. Jos padedama Kes\u0117 su\u017eino, kad ji kilusi i\u0161 sen\u0173j\u0173 Salemo ragan\u0173 ir yra \u012f\u0161ventinama \u012f Slapt\u0105j\u012f rat\u0105. Tai jaudina, svaigina ir kelia mirtin\u0105 pavoj\u0173. Vienas neteisingas \u017eingsnis gali j\u0105 sunaikinti... Veiksmo, meil\u0117s, prana\u0161ys\u010di\u0173 ir \u0161iurpi\u0173 nutikim\u0173 kupinas \u201eSlaptasis ratas\u201c pavergs visus mistinio \u017eanro gerb\u0117jus.\",\"breadcrumb\":{\"@id\":\"https:\/\/skaitytaknyga.lt\/produktas\/l-j-smith-slaptasis-ratas\/#breadcrumb\"},\"inLanguage\":\"en-GB\",\"potentialAction\":[{\"@type\":\"ReadAction\",\"target\":[\"https:\/\/skaitytaknyga.lt\/produktas\/l-j-smith-slaptasis-ratas\/\"]}]},{\"@type\":\"ImageObject\",\"inLanguage\":\"en-GB\",\"@id\":\"https:\/\/skaitytaknyga.lt\/produktas\/l-j-smith-slaptasis-ratas\/#primaryimage\",\"url\":\"https:\/\/skaitytaknyga.lt\/wp-content\/uploads\/2024\/04\/cdb_slaptasis-ratas_z1.jpg\",\"contentUrl\":\"https:\/\/skaitytaknyga.lt\/wp-content\/uploads\/2024\/04\/cdb_slaptasis-ratas_z1.jpg\",\"width\":302,\"height\":450},{\"@type\":\"BreadcrumbList\",\"@id\":\"https:\/\/skaitytaknyga.lt\/produktas\/l-j-smith-slaptasis-ratas\/#breadcrumb\",\"itemListElement\":[{\"@type\":\"ListItem\",\"position\":1,\"name\":\"Home\",\"item\":\"https:\/\/skaitytaknyga.lt\/\"},{\"@type\":\"ListItem\",\"position\":2,\"name\":\"Parduotuv\u0117\",\"item\":\"https:\/\/skaitytaknyga.lt\/knygu-parduotuve\/\"},{\"@type\":\"ListItem\",\"position\":3,\"name\":\"L. J. Smith \u201eSlaptasis ratas\u201c\"}]},{\"@type\":\"WebSite\",\"@id\":\"https:\/\/skaitytaknyga.lt\/#website\",\"url\":\"https:\/\/skaitytaknyga.lt\/\",\"name\":\"skaitytaknyga.lt\",\"description\":\"Skaitytaknyga.lt \u2013 tai ma\u017eas \u0161eimos verslas, kuris prasid\u0117jo nuo meil\u0117s knygoms ir siekio i\u0161gelb\u0117ti knygas nuo likimo prie konteinerio. Kas vienam nereikalingas daiktas \u2013 kitam lobis, o mes esame tarpininkai, kurie padeda abiems tapti laimingesniems ???? \u017dinome kaip nelengva i\u0161gyventi ma\u017eiems verslams, tad nuo \u0161iol, \u010dia rasite ir kit\u0173, ma\u017e\u0173 \u0161eim\u0173 versl\u0173, rank\u0173 darbo, dovan\u0173 sau ir artimiesiems.\",\"publisher\":{\"@id\":\"https:\/\/skaitytaknyga.lt\/#organization\"},\"potentialAction\":[{\"@type\":\"SearchAction\",\"target\":{\"@type\":\"EntryPoint\",\"urlTemplate\":\"https:\/\/skaitytaknyga.lt\/?s={search_term_string}\"},\"query-input\":{\"@type\":\"PropertyValueSpecification\",\"valueRequired\":true,\"valueName\":\"search_term_string\"}}],\"inLanguage\":\"en-GB\"},{\"@type\":\"Organization\",\"@id\":\"https:\/\/skaitytaknyga.lt\/#organization\",\"name\":\"skaitytaknyga.lt\",\"url\":\"https:\/\/skaitytaknyga.lt\/\",\"logo\":{\"@type\":\"ImageObject\",\"inLanguage\":\"en-GB\",\"@id\":\"https:\/\/skaitytaknyga.lt\/#\/schema\/logo\/image\/\",\"url\":\"https:\/\/skaitytaknyga.lt\/wp-content\/uploads\/2024\/05\/cropped-cropped-cropped-02_00843_jt3bggkj1j3HLc7SyY6rEUpg.jpeg\",\"contentUrl\":\"https:\/\/skaitytaknyga.lt\/wp-content\/uploads\/2024\/05\/cropped-cropped-cropped-02_00843_jt3bggkj1j3HLc7SyY6rEUpg.jpeg\",\"width\":1600,\"height\":1600,\"caption\":\"skaitytaknyga.lt\"},\"image\":{\"@id\":\"https:\/\/skaitytaknyga.lt\/#\/schema\/logo\/image\/\"},\"sameAs\":[\"https:\/\/www.facebook.com\/skaitytaknyga\/\"]}]}<\/script>\n<!-- \/ Yoast SEO plugin. -->","yoast_head_json":{"title":"L. J. Smith \u201eSlaptasis ratas\u201c - Skaitytaknyga","description":"Atvykusi i\u0161 saul\u0117tos Kalifornijos \u012f r\u016b\u0161kan\u0105 Salem\u0105, Kes\u0117 ilgisi buvusio gyvenimo. Kalifornijoje liko visi draugai, \u012fprasta mokykla. Be to, senel\u0117s namas keistas, tamsus, rodos, pilnas tykan\u010di\u0173 pabais\u0173.  Naujoje mokykloje \u0161eimininkauja slapto Klubo nariai. Nety\u010dia nugirdusi \u012f\u017e\u016bli\u0173 mergin\u0173 \u2013 Klubo nari\u0173 \u2013 pokalb\u012f, Kes\u0117 patenka \u012f j\u0173 nemalon\u0119. Ji nebei\u0161mano, kaip apsiginti nuo bauginan\u010di\u0173 Klubo nari\u0173 paty\u010di\u0173, bet kartu jau\u010dia prie j\u0173 keist\u0105 trauk\u0105. Vien\u0105 dien\u0105 Kes\u0119 nuo pikt\u0173 pa\u0161aip\u0173 i\u0161gelbsti gra\u017euol\u0117 kaimyn\u0117 Diana. Merginos susidraugauja, tampa artimos kaip seserys. Jos padedama Kes\u0117 su\u017eino, kad ji kilusi i\u0161 sen\u0173j\u0173 Salemo ragan\u0173 ir yra \u012f\u0161ventinama \u012f Slapt\u0105j\u012f rat\u0105. Tai jaudina, svaigina ir kelia mirtin\u0105 pavoj\u0173. Vienas neteisingas \u017eingsnis gali j\u0105 sunaikinti...  Veiksmo, meil\u0117s, prana\u0161ys\u010di\u0173 ir \u0161iurpi\u0173 nutikim\u0173 kupinas \u201eSlaptasis ratas\u201c pavergs visus mistinio \u017eanro gerb\u0117jus.","robots":{"index":"index","follow":"follow","max-snippet":"max-snippet:-1","max-image-preview":"max-image-preview:large","max-video-preview":"max-video-preview:-1"},"canonical":"https:\/\/skaitytaknyga.lt\/en\/produktas\/l-j-smith-slaptasis-ratas\/","og_locale":"en_GB","og_type":"article","og_title":"L. J. Smith \u201eSlaptasis ratas\u201c - Skaitytaknyga","og_description":"Atvykusi i\u0161 saul\u0117tos Kalifornijos \u012f r\u016b\u0161kan\u0105 Salem\u0105, Kes\u0117 ilgisi buvusio gyvenimo. Kalifornijoje liko visi draugai, \u012fprasta mokykla. Be to, senel\u0117s namas keistas, tamsus, rodos, pilnas tykan\u010di\u0173 pabais\u0173.  Naujoje mokykloje \u0161eimininkauja slapto Klubo nariai. Nety\u010dia nugirdusi \u012f\u017e\u016bli\u0173 mergin\u0173 \u2013 Klubo nari\u0173 \u2013 pokalb\u012f, Kes\u0117 patenka \u012f j\u0173 nemalon\u0119. Ji nebei\u0161mano, kaip apsiginti nuo bauginan\u010di\u0173 Klubo nari\u0173 paty\u010di\u0173, bet kartu jau\u010dia prie j\u0173 keist\u0105 trauk\u0105. Vien\u0105 dien\u0105 Kes\u0119 nuo pikt\u0173 pa\u0161aip\u0173 i\u0161gelbsti gra\u017euol\u0117 kaimyn\u0117 Diana. Merginos susidraugauja, tampa artimos kaip seserys. Jos padedama Kes\u0117 su\u017eino, kad ji kilusi i\u0161 sen\u0173j\u0173 Salemo ragan\u0173 ir yra \u012f\u0161ventinama \u012f Slapt\u0105j\u012f rat\u0105. Tai jaudina, svaigina ir kelia mirtin\u0105 pavoj\u0173. Vienas neteisingas \u017eingsnis gali j\u0105 sunaikinti...  Veiksmo, meil\u0117s, prana\u0161ys\u010di\u0173 ir \u0161iurpi\u0173 nutikim\u0173 kupinas \u201eSlaptasis ratas\u201c pavergs visus mistinio \u017eanro gerb\u0117jus.","og_url":"https:\/\/skaitytaknyga.lt\/en\/produktas\/l-j-smith-slaptasis-ratas\/","og_site_name":"Skaitytaknyga","article_publisher":"https:\/\/www.facebook.com\/skaitytaknyga\/","article_modified_time":"2024-05-03T07:17:32+00:00","og_image":[{"width":302,"height":450,"url":"https:\/\/skaitytaknyga.lt\/wp-content\/uploads\/2024\/04\/cdb_slaptasis-ratas_z1.jpg","type":"image\/jpeg"}],"twitter_card":"summary_large_image","twitter_misc":{"Estimated reading time":"1 minute"},"schema":{"@context":"https:\/\/schema.org","@graph":[{"@type":"WebPage","@id":"https:\/\/skaitytaknyga.lt\/produktas\/l-j-smith-slaptasis-ratas\/","url":"https:\/\/skaitytaknyga.lt\/produktas\/l-j-smith-slaptasis-ratas\/","name":"L. J. Smith \u201eSlaptasis ratas\u201c - Skaitytaknyga","isPartOf":{"@id":"https:\/\/skaitytaknyga.lt\/#website"},"primaryImageOfPage":{"@id":"https:\/\/skaitytaknyga.lt\/produktas\/l-j-smith-slaptasis-ratas\/#primaryimage"},"image":{"@id":"https:\/\/skaitytaknyga.lt\/produktas\/l-j-smith-slaptasis-ratas\/#primaryimage"},"thumbnailUrl":"https:\/\/skaitytaknyga.lt\/wp-content\/uploads\/2024\/04\/cdb_slaptasis-ratas_z1.jpg","datePublished":"2024-04-17T13:20:44+00:00","dateModified":"2024-05-03T07:17:32+00:00","description":"Atvykusi i\u0161 saul\u0117tos Kalifornijos \u012f r\u016b\u0161kan\u0105 Salem\u0105, Kes\u0117 ilgisi buvusio gyvenimo. Kalifornijoje liko visi draugai, \u012fprasta mokykla. Be to, senel\u0117s namas keistas, tamsus, rodos, pilnas tykan\u010di\u0173 pabais\u0173. Naujoje mokykloje \u0161eimininkauja slapto Klubo nariai. Nety\u010dia nugirdusi \u012f\u017e\u016bli\u0173 mergin\u0173 \u2013 Klubo nari\u0173 \u2013 pokalb\u012f, Kes\u0117 patenka \u012f j\u0173 nemalon\u0119. Ji nebei\u0161mano, kaip apsiginti nuo bauginan\u010di\u0173 Klubo nari\u0173 paty\u010di\u0173, bet kartu jau\u010dia prie j\u0173 keist\u0105 trauk\u0105. Vien\u0105 dien\u0105 Kes\u0119 nuo pikt\u0173 pa\u0161aip\u0173 i\u0161gelbsti gra\u017euol\u0117 kaimyn\u0117 Diana. Merginos susidraugauja, tampa artimos kaip seserys. Jos padedama Kes\u0117 su\u017eino, kad ji kilusi i\u0161 sen\u0173j\u0173 Salemo ragan\u0173 ir yra \u012f\u0161ventinama \u012f Slapt\u0105j\u012f rat\u0105. Tai jaudina, svaigina ir kelia mirtin\u0105 pavoj\u0173. Vienas neteisingas \u017eingsnis gali j\u0105 sunaikinti... Veiksmo, meil\u0117s, prana\u0161ys\u010di\u0173 ir \u0161iurpi\u0173 nutikim\u0173 kupinas \u201eSlaptasis ratas\u201c pavergs visus mistinio \u017eanro gerb\u0117jus.","breadcrumb":{"@id":"https:\/\/skaitytaknyga.lt\/produktas\/l-j-smith-slaptasis-ratas\/#breadcrumb"},"inLanguage":"en-GB","potentialAction":[{"@type":"ReadAction","target":["https:\/\/skaitytaknyga.lt\/produktas\/l-j-smith-slaptasis-ratas\/"]}]},{"@type":"ImageObject","inLanguage":"en-GB","@id":"https:\/\/skaitytaknyga.lt\/produktas\/l-j-smith-slaptasis-ratas\/#primaryimage","url":"https:\/\/skaitytaknyga.lt\/wp-content\/uploads\/2024\/04\/cdb_slaptasis-ratas_z1.jpg","contentUrl":"https:\/\/skaitytaknyga.lt\/wp-content\/uploads\/2024\/04\/cdb_slaptasis-ratas_z1.jpg","width":302,"height":450},{"@type":"BreadcrumbList","@id":"https:\/\/skaitytaknyga.lt\/produktas\/l-j-smith-slaptasis-ratas\/#breadcrumb","itemListElement":[{"@type":"ListItem","position":1,"name":"Home","item":"https:\/\/skaitytaknyga.lt\/"},{"@type":"ListItem","position":2,"name":"Parduotuv\u0117","item":"https:\/\/skaitytaknyga.lt\/knygu-parduotuve\/"},{"@type":"ListItem","position":3,"name":"L. J. Smith \u201eSlaptasis ratas\u201c"}]},{"@type":"WebSite","@id":"https:\/\/skaitytaknyga.lt\/#website","url":"https:\/\/skaitytaknyga.lt\/","name":"skaitytaknyga.lt","description":"Skaitytaknyga.lt \u2013 tai ma\u017eas \u0161eimos verslas, kuris prasid\u0117jo nuo meil\u0117s knygoms ir siekio i\u0161gelb\u0117ti knygas nuo likimo prie konteinerio. Kas vienam nereikalingas daiktas \u2013 kitam lobis, o mes esame tarpininkai, kurie padeda abiems tapti laimingesniems ???? \u017dinome kaip nelengva i\u0161gyventi ma\u017eiems verslams, tad nuo \u0161iol, \u010dia rasite ir kit\u0173, ma\u017e\u0173 \u0161eim\u0173 versl\u0173, rank\u0173 darbo, dovan\u0173 sau ir artimiesiems.","publisher":{"@id":"https:\/\/skaitytaknyga.lt\/#organization"},"potentialAction":[{"@type":"SearchAction","target":{"@type":"EntryPoint","urlTemplate":"https:\/\/skaitytaknyga.lt\/?s={search_term_string}"},"query-input":{"@type":"PropertyValueSpecification","valueRequired":true,"valueName":"search_term_string"}}],"inLanguage":"en-GB"},{"@type":"Organization","@id":"https:\/\/skaitytaknyga.lt\/#organization","name":"skaitytaknyga.lt","url":"https:\/\/skaitytaknyga.lt\/","logo":{"@type":"ImageObject","inLanguage":"en-GB","@id":"https:\/\/skaitytaknyga.lt\/#\/schema\/logo\/image\/","url":"https:\/\/skaitytaknyga.lt\/wp-content\/uploads\/2024\/05\/cropped-cropped-cropped-02_00843_jt3bggkj1j3HLc7SyY6rEUpg.jpeg","contentUrl":"https:\/\/skaitytaknyga.lt\/wp-content\/uploads\/2024\/05\/cropped-cropped-cropped-02_00843_jt3bggkj1j3HLc7SyY6rEUpg.jpeg","width":1600,"height":1600,"caption":"skaitytaknyga.lt"},"image":{"@id":"https:\/\/skaitytaknyga.lt\/#\/schema\/logo\/image\/"},"sameAs":["https:\/\/www.facebook.com\/skaitytaknyga\/"]}]}},"_links":{"self":[{"href":"https:\/\/skaitytaknyga.lt\/en\/wp-json\/wp\/v2\/product\/2993","targetHints":{"allow":["GET"]}}],"collection":[{"href":"https:\/\/skaitytaknyga.lt\/en\/wp-json\/wp\/v2\/product"}],"about":[{"href":"https:\/\/skaitytaknyga.lt\/en\/wp-json\/wp\/v2\/types\/product"}],"replies":[{"embeddable":true,"href":"https:\/\/skaitytaknyga.lt\/en\/wp-json\/wp\/v2\/comments?post=2993"}],"wp:featuredmedia":[{"embeddable":true,"href":"https:\/\/skaitytaknyga.lt\/en\/wp-json\/wp\/v2\/media\/3043"}],"wp:attachment":[{"href":"https:\/\/skaitytaknyga.lt\/en\/wp-json\/wp\/v2\/media?parent=2993"}],"wp:term":[{"taxonomy":"product_brand","embeddable":true,"href":"https:\/\/skaitytaknyga.lt\/en\/wp-json\/wp\/v2\/product_brand?post=2993"},{"taxonomy":"product_cat","embeddable":true,"href":"https:\/\/skaitytaknyga.lt\/en\/wp-json\/wp\/v2\/product_cat?post=2993"},{"taxonomy":"product_tag","embeddable":true,"href":"https:\/\/skaitytaknyga.lt\/en\/wp-json\/wp\/v2\/product_tag?post=2993"}],"curies":[{"name":"wp","href":"https:\/\/api.w.org\/{rel}","templated":true}]}}