{"id":2992,"date":"2024-04-17T13:20:44","date_gmt":"2024-04-17T13:20:44","guid":{"rendered":"https:\/\/skaitytaknyga.lt\/?post_type=product&#038;p=2992"},"modified":"2026-03-05T16:00:56","modified_gmt":"2026-03-05T14:00:56","slug":"p-lore-mano-numeris-ketvirtas","status":"publish","type":"product","link":"https:\/\/skaitytaknyga.lt\/en\/produktas\/p-lore-mano-numeris-ketvirtas\/","title":{"rendered":"Mano numeris ketvirtas"},"content":{"rendered":"<p>Pirmieji trys jau negyvi.<\/p>\n<p>M\u016bs\u0173 buvo devyni. Mes atrodome kaip j\u016bs. Kalbame kaip j\u016bs. Gyvename tarp j\u016bs\u0173. Bet nesame tokie, kaip j\u016bs. Sugebame tai, apie k\u0105 jums tik pasvajoti. Turime gali\u0173, apie kokias galite tik sapnuoti. Mes stipresni ir greitesni nei kas nors, k\u0105 esate mat\u0119. Mes kaip kino ar komiks\u0173 herojai, kuriuos garbinate, tiktai tikri.<\/p>\n<p>Mes planuojame u\u017eaugti, tobul\u0117ti, sustipr\u0117ti ir susivienij\u0119 juos nugal\u0117ti. Bet jie aptiko mus ir prad\u0117jo med\u017eioti pirmi. Dabar mes visi b\u0117game. Slapstom\u0117s \u0161e\u0161\u0117liuose, ten, kur niekam neu\u017ekli\u016btume, stengiam\u0117s pritapti. Gyvename tarp j\u016bs\u0173 jums ne\u017einant.<\/p>\n<p>Bet jie tai \u017eino.<\/p>\n<p>Jie su\u010diupo numer\u012f Pirm\u0105 Malaizijoje.<\/p>\n<p>Ir Antr\u0105 Anglijoje.<\/p>\n<p>Tre\u010di\u0105 aptiko Kenijoje.<\/p>\n<p>Visus juos nu\u017eud\u0117.<\/p>\n<p>Mano numeris Ketvirtas.<\/p>\n<p>Esu kitas.<\/p>\n","protected":false},"excerpt":{"rendered":"<p>Pirmieji trys jau negyvi.<\/p>\n<p>M\u016bs\u0173 buvo devyni. Mes atrodome kaip j\u016bs. Kalbame kaip j\u016bs. Gyvename tarp j\u016bs\u0173. Bet nesame tokie, kaip j\u016bs. Sugebame tai, apie k\u0105 jums tik pasvajoti. Turime gali\u0173, apie kokias galite tik sapnuoti. Mes stipresni ir greitesni nei kas nors, k\u0105 esate mat\u0119. Mes kaip kino ar komiks\u0173 herojai, kuriuos garbinate, tiktai tikri.<\/p>\n<p>Mes planuojame u\u017eaugti, tobul\u0117ti, sustipr\u0117ti ir susivienij\u0119 juos nugal\u0117ti. Bet jie aptiko mus ir prad\u0117jo med\u017eioti pirmi. Dabar mes visi b\u0117game. Slapstom\u0117s \u0161e\u0161\u0117liuose, ten, kur niekam neu\u017ekli\u016btume, stengiam\u0117s pritapti. Gyvename tarp j\u016bs\u0173 jums ne\u017einant.<\/p>\n<p>Bet jie tai \u017eino.<\/p>\n<p>Jie su\u010diupo numer\u012f Pirm\u0105 Malaizijoje.<\/p>\n<p>Ir Antr\u0105 Anglijoje.<\/p>\n<p>Tre\u010di\u0105 aptiko Kenijoje.<\/p>\n<p>Visus juos nu\u017eud\u0117.<\/p>\n<p>Mano numeris Ketvirtas.<\/p>\n<p>Esu kitas.<\/p>\n","protected":false},"featured_media":3042,"comment_status":"closed","ping_status":"closed","template":"","meta":{"_acf_changed":false,"site-sidebar-layout":"default","site-content-layout":"","ast-site-content-layout":"default","site-content-style":"default","site-sidebar-style":"default","ast-global-header-display":"","ast-banner-title-visibility":"","ast-main-header-display":"","ast-hfb-above-header-display":"","ast-hfb-below-header-display":"","ast-hfb-mobile-header-display":"","site-post-title":"","ast-breadcrumbs-content":"","ast-featured-img":"","footer-sml-layout":"","ast-disable-related-posts":"","theme-transparent-header-meta":"","adv-header-id-meta":"","stick-header-meta":"","header-above-stick-meta":"","header-main-stick-meta":"","header-below-stick-meta":"","astra-migrate-meta-layouts":"default","ast-page-background-enabled":"default","ast-page-background-meta":{"desktop":{"background-color":"","background-image":"","background-repeat":"repeat","background-position":"center center","background-size":"auto","background-attachment":"scroll","background-type":"","background-media":"","overlay-type":"","overlay-color":"","overlay-opacity":"","overlay-gradient":""},"tablet":{"background-color":"","background-image":"","background-repeat":"repeat","background-position":"center center","background-size":"auto","background-attachment":"scroll","background-type":"","background-media":"","overlay-type":"","overlay-color":"","overlay-opacity":"","overlay-gradient":""},"mobile":{"background-color":"","background-image":"","background-repeat":"repeat","background-position":"center center","background-size":"auto","background-attachment":"scroll","background-type":"","background-media":"","overlay-type":"","overlay-color":"","overlay-opacity":"","overlay-gradient":""}},"ast-content-background-meta":{"desktop":{"background-color":"var(--ast-global-color-4)","background-image":"","background-repeat":"repeat","background-position":"center center","background-size":"auto","background-attachment":"scroll","background-type":"","background-media":"","overlay-type":"","overlay-color":"","overlay-opacity":"","overlay-gradient":""},"tablet":{"background-color":"var(--ast-global-color-4)","background-image":"","background-repeat":"repeat","background-position":"center center","background-size":"auto","background-attachment":"scroll","background-type":"","background-media":"","overlay-type":"","overlay-color":"","overlay-opacity":"","overlay-gradient":""},"mobile":{"background-color":"var(--ast-global-color-4)","background-image":"","background-repeat":"repeat","background-position":"center center","background-size":"auto","background-attachment":"scroll","background-type":"","background-media":"","overlay-type":"","overlay-color":"","overlay-opacity":"","overlay-gradient":""}}},"product_brand":[],"product_cat":[9581],"product_tag":[],"class_list":{"0":"post-2992","1":"product","2":"type-product","3":"status-publish","4":"has-post-thumbnail","6":"product_cat-kriminaliniai-romanai","7":"desktop-align-left","8":"tablet-align-left","9":"mobile-align-left","11":"first","12":"outofstock","13":"shipping-taxable","14":"purchasable","15":"product-type-simple"},"acf":[],"yoast_head":"<!-- This site is optimized with the Yoast SEO plugin v27.0 - https:\/\/yoast.com\/product\/yoast-seo-wordpress\/ -->\n<title>Mano numeris ketvirtas<\/title>\n<meta name=\"description\" content=\"Pirmieji trys jau negyvi.  M\u016bs\u0173 buvo devyni. Mes atrodome kaip j\u016bs. Kalbame kaip j\u016bs. Gyvename tarp j\u016bs\u0173. Bet nesame tokie, kaip j\u016bs. Sugebame tai, apie k\u0105 jums tik pasvajoti. Turime gali\u0173, apie kokias galite tik sapnuoti. Mes stipresni ir greitesni nei kas nors, k\u0105 esate mat\u0119. Mes kaip kino ar komiks\u0173 herojai, kuriuos garbinate, tiktai tikri.  Mes planuojame u\u017eaugti, tobul\u0117ti, sustipr\u0117ti ir susivienij\u0119 juos nugal\u0117ti. Bet jie aptiko mus ir prad\u0117jo med\u017eioti pirmi. Dabar mes visi b\u0117game. Slapstom\u0117s \u0161e\u0161\u0117liuose, ten, kur niekam neu\u017ekli\u016btume, stengiam\u0117s pritapti. Gyvename tarp j\u016bs\u0173 jums ne\u017einant.  Bet jie tai \u017eino.  Jie su\u010diupo numer\u012f Pirm\u0105 Malaizijoje.  Ir Antr\u0105 Anglijoje.  Tre\u010di\u0105 aptiko Kenijoje.  Visus juos nu\u017eud\u0117.  Mano numeris Ketvirtas.  Esu kitas.\" \/>\n<meta name=\"robots\" content=\"index, follow, max-snippet:-1, max-image-preview:large, max-video-preview:-1\" \/>\n<link rel=\"canonical\" href=\"https:\/\/skaitytaknyga.lt\/en\/produktas\/p-lore-mano-numeris-ketvirtas\/\" \/>\n<meta property=\"og:locale\" content=\"en_GB\" \/>\n<meta property=\"og:locale:alternate\" content=\"lt_LT\" \/>\n<meta property=\"og:type\" content=\"article\" \/>\n<meta property=\"og:title\" content=\"Mano numeris ketvirtas\" \/>\n<meta property=\"og:description\" content=\"Pirmieji trys jau negyvi.  M\u016bs\u0173 buvo devyni. Mes atrodome kaip j\u016bs. Kalbame kaip j\u016bs. Gyvename tarp j\u016bs\u0173. Bet nesame tokie, kaip j\u016bs. Sugebame tai, apie k\u0105 jums tik pasvajoti. Turime gali\u0173, apie kokias galite tik sapnuoti. Mes stipresni ir greitesni nei kas nors, k\u0105 esate mat\u0119. Mes kaip kino ar komiks\u0173 herojai, kuriuos garbinate, tiktai tikri.  Mes planuojame u\u017eaugti, tobul\u0117ti, sustipr\u0117ti ir susivienij\u0119 juos nugal\u0117ti. Bet jie aptiko mus ir prad\u0117jo med\u017eioti pirmi. Dabar mes visi b\u0117game. Slapstom\u0117s \u0161e\u0161\u0117liuose, ten, kur niekam neu\u017ekli\u016btume, stengiam\u0117s pritapti. Gyvename tarp j\u016bs\u0173 jums ne\u017einant.  Bet jie tai \u017eino.  Jie su\u010diupo numer\u012f Pirm\u0105 Malaizijoje.  Ir Antr\u0105 Anglijoje.  Tre\u010di\u0105 aptiko Kenijoje.  Visus juos nu\u017eud\u0117.  Mano numeris Ketvirtas.  Esu kitas.\" \/>\n<meta property=\"og:url\" content=\"https:\/\/skaitytaknyga.lt\/en\/produktas\/p-lore-mano-numeris-ketvirtas\/\" \/>\n<meta property=\"og:site_name\" content=\"Skaitytaknyga\" \/>\n<meta property=\"article:publisher\" content=\"https:\/\/www.facebook.com\/skaitytaknyga\/\" \/>\n<meta property=\"article:modified_time\" content=\"2026-03-05T14:00:56+00:00\" \/>\n<meta property=\"og:image\" content=\"https:\/\/skaitytaknyga.lt\/wp-content\/uploads\/2024\/04\/000000000002132222-59de843eac678-asset-knyguklubas-cdb_mano-numeris_p1.jpg\" \/>\n\t<meta property=\"og:image:width\" content=\"285\" \/>\n\t<meta property=\"og:image:height\" content=\"434\" \/>\n\t<meta property=\"og:image:type\" content=\"image\/jpeg\" \/>\n<meta name=\"twitter:card\" content=\"summary_large_image\" \/>\n<meta name=\"twitter:label1\" content=\"Estimated reading time\" \/>\n\t<meta name=\"twitter:data1\" content=\"1 minute\" \/>\n<script type=\"application\/ld+json\" class=\"yoast-schema-graph\">{\"@context\":\"https:\/\/schema.org\",\"@graph\":[{\"@type\":\"WebPage\",\"@id\":\"https:\/\/skaitytaknyga.lt\/produktas\/p-lore-mano-numeris-ketvirtas\/\",\"url\":\"https:\/\/skaitytaknyga.lt\/produktas\/p-lore-mano-numeris-ketvirtas\/\",\"name\":\"Mano numeris ketvirtas\",\"isPartOf\":{\"@id\":\"https:\/\/skaitytaknyga.lt\/#website\"},\"primaryImageOfPage\":{\"@id\":\"https:\/\/skaitytaknyga.lt\/produktas\/p-lore-mano-numeris-ketvirtas\/#primaryimage\"},\"image\":{\"@id\":\"https:\/\/skaitytaknyga.lt\/produktas\/p-lore-mano-numeris-ketvirtas\/#primaryimage\"},\"thumbnailUrl\":\"https:\/\/skaitytaknyga.lt\/wp-content\/uploads\/2024\/04\/000000000002132222-59de843eac678-asset-knyguklubas-cdb_mano-numeris_p1.jpg\",\"datePublished\":\"2024-04-17T13:20:44+00:00\",\"dateModified\":\"2026-03-05T14:00:56+00:00\",\"description\":\"Pirmieji trys jau negyvi. M\u016bs\u0173 buvo devyni. Mes atrodome kaip j\u016bs. Kalbame kaip j\u016bs. Gyvename tarp j\u016bs\u0173. Bet nesame tokie, kaip j\u016bs. Sugebame tai, apie k\u0105 jums tik pasvajoti. Turime gali\u0173, apie kokias galite tik sapnuoti. Mes stipresni ir greitesni nei kas nors, k\u0105 esate mat\u0119. Mes kaip kino ar komiks\u0173 herojai, kuriuos garbinate, tiktai tikri. Mes planuojame u\u017eaugti, tobul\u0117ti, sustipr\u0117ti ir susivienij\u0119 juos nugal\u0117ti. Bet jie aptiko mus ir prad\u0117jo med\u017eioti pirmi. Dabar mes visi b\u0117game. Slapstom\u0117s \u0161e\u0161\u0117liuose, ten, kur niekam neu\u017ekli\u016btume, stengiam\u0117s pritapti. Gyvename tarp j\u016bs\u0173 jums ne\u017einant. Bet jie tai \u017eino. Jie su\u010diupo numer\u012f Pirm\u0105 Malaizijoje. Ir Antr\u0105 Anglijoje. Tre\u010di\u0105 aptiko Kenijoje. Visus juos nu\u017eud\u0117. Mano numeris Ketvirtas. Esu kitas.\",\"breadcrumb\":{\"@id\":\"https:\/\/skaitytaknyga.lt\/produktas\/p-lore-mano-numeris-ketvirtas\/#breadcrumb\"},\"inLanguage\":\"en-GB\",\"potentialAction\":[{\"@type\":\"ReadAction\",\"target\":[\"https:\/\/skaitytaknyga.lt\/produktas\/p-lore-mano-numeris-ketvirtas\/\"]}]},{\"@type\":\"ImageObject\",\"inLanguage\":\"en-GB\",\"@id\":\"https:\/\/skaitytaknyga.lt\/produktas\/p-lore-mano-numeris-ketvirtas\/#primaryimage\",\"url\":\"https:\/\/skaitytaknyga.lt\/wp-content\/uploads\/2024\/04\/000000000002132222-59de843eac678-asset-knyguklubas-cdb_mano-numeris_p1.jpg\",\"contentUrl\":\"https:\/\/skaitytaknyga.lt\/wp-content\/uploads\/2024\/04\/000000000002132222-59de843eac678-asset-knyguklubas-cdb_mano-numeris_p1.jpg\",\"width\":285,\"height\":434,\"caption\":\"000000000002132222 59de843eac678 asset knyguklubas cdb mano numeris p1\"},{\"@type\":\"BreadcrumbList\",\"@id\":\"https:\/\/skaitytaknyga.lt\/produktas\/p-lore-mano-numeris-ketvirtas\/#breadcrumb\",\"itemListElement\":[{\"@type\":\"ListItem\",\"position\":1,\"name\":\"Home\",\"item\":\"https:\/\/skaitytaknyga.lt\/\"},{\"@type\":\"ListItem\",\"position\":2,\"name\":\"Parduotuv\u0117\",\"item\":\"https:\/\/skaitytaknyga.lt\/knygu-parduotuve\/\"},{\"@type\":\"ListItem\",\"position\":3,\"name\":\"Mano numeris ketvirtas\"}]},{\"@type\":\"WebSite\",\"@id\":\"https:\/\/skaitytaknyga.lt\/#website\",\"url\":\"https:\/\/skaitytaknyga.lt\/\",\"name\":\"skaitytaknyga.lt\",\"description\":\"Skaitytaknyga.lt \u2013 tai ma\u017eas \u0161eimos verslas, kuris prasid\u0117jo nuo meil\u0117s knygoms ir siekio i\u0161gelb\u0117ti knygas nuo likimo prie konteinerio. Kas vienam nereikalingas daiktas \u2013 kitam lobis, o mes esame tarpininkai, kurie padeda abiems tapti laimingesniems ???? \u017dinome kaip nelengva i\u0161gyventi ma\u017eiems verslams, tad nuo \u0161iol, \u010dia rasite ir kit\u0173, ma\u017e\u0173 \u0161eim\u0173 versl\u0173, rank\u0173 darbo, dovan\u0173 sau ir artimiesiems.\",\"publisher\":{\"@id\":\"https:\/\/skaitytaknyga.lt\/#organization\"},\"potentialAction\":[{\"@type\":\"SearchAction\",\"target\":{\"@type\":\"EntryPoint\",\"urlTemplate\":\"https:\/\/skaitytaknyga.lt\/?s={search_term_string}\"},\"query-input\":{\"@type\":\"PropertyValueSpecification\",\"valueRequired\":true,\"valueName\":\"search_term_string\"}}],\"inLanguage\":\"en-GB\"},{\"@type\":\"Organization\",\"@id\":\"https:\/\/skaitytaknyga.lt\/#organization\",\"name\":\"skaitytaknyga.lt\",\"url\":\"https:\/\/skaitytaknyga.lt\/\",\"logo\":{\"@type\":\"ImageObject\",\"inLanguage\":\"en-GB\",\"@id\":\"https:\/\/skaitytaknyga.lt\/#\/schema\/logo\/image\/\",\"url\":\"https:\/\/skaitytaknyga.lt\/wp-content\/uploads\/2024\/05\/cropped-cropped-cropped-02_00843_jt3bggkj1j3HLc7SyY6rEUpg.jpeg\",\"contentUrl\":\"https:\/\/skaitytaknyga.lt\/wp-content\/uploads\/2024\/05\/cropped-cropped-cropped-02_00843_jt3bggkj1j3HLc7SyY6rEUpg.jpeg\",\"width\":1600,\"height\":1600,\"caption\":\"skaitytaknyga.lt\"},\"image\":{\"@id\":\"https:\/\/skaitytaknyga.lt\/#\/schema\/logo\/image\/\"},\"sameAs\":[\"https:\/\/www.facebook.com\/skaitytaknyga\/\"]}]}<\/script>\n<!-- \/ Yoast SEO plugin. -->","yoast_head_json":{"title":"Mano numeris ketvirtas","description":"Pirmieji trys jau negyvi.  M\u016bs\u0173 buvo devyni. Mes atrodome kaip j\u016bs. Kalbame kaip j\u016bs. Gyvename tarp j\u016bs\u0173. Bet nesame tokie, kaip j\u016bs. Sugebame tai, apie k\u0105 jums tik pasvajoti. Turime gali\u0173, apie kokias galite tik sapnuoti. Mes stipresni ir greitesni nei kas nors, k\u0105 esate mat\u0119. Mes kaip kino ar komiks\u0173 herojai, kuriuos garbinate, tiktai tikri.  Mes planuojame u\u017eaugti, tobul\u0117ti, sustipr\u0117ti ir susivienij\u0119 juos nugal\u0117ti. Bet jie aptiko mus ir prad\u0117jo med\u017eioti pirmi. Dabar mes visi b\u0117game. Slapstom\u0117s \u0161e\u0161\u0117liuose, ten, kur niekam neu\u017ekli\u016btume, stengiam\u0117s pritapti. Gyvename tarp j\u016bs\u0173 jums ne\u017einant.  Bet jie tai \u017eino.  Jie su\u010diupo numer\u012f Pirm\u0105 Malaizijoje.  Ir Antr\u0105 Anglijoje.  Tre\u010di\u0105 aptiko Kenijoje.  Visus juos nu\u017eud\u0117.  Mano numeris Ketvirtas.  Esu kitas.","robots":{"index":"index","follow":"follow","max-snippet":"max-snippet:-1","max-image-preview":"max-image-preview:large","max-video-preview":"max-video-preview:-1"},"canonical":"https:\/\/skaitytaknyga.lt\/en\/produktas\/p-lore-mano-numeris-ketvirtas\/","og_locale":"en_GB","og_type":"article","og_title":"[:lt]Mano numeris ketvirtas[:] - Skaitytaknyga","og_description":"Pirmieji trys jau negyvi.  M\u016bs\u0173 buvo devyni. Mes atrodome kaip j\u016bs. Kalbame kaip j\u016bs. Gyvename tarp j\u016bs\u0173. Bet nesame tokie, kaip j\u016bs. Sugebame tai, apie k\u0105 jums tik pasvajoti. Turime gali\u0173, apie kokias galite tik sapnuoti. Mes stipresni ir greitesni nei kas nors, k\u0105 esate mat\u0119. Mes kaip kino ar komiks\u0173 herojai, kuriuos garbinate, tiktai tikri.  Mes planuojame u\u017eaugti, tobul\u0117ti, sustipr\u0117ti ir susivienij\u0119 juos nugal\u0117ti. Bet jie aptiko mus ir prad\u0117jo med\u017eioti pirmi. Dabar mes visi b\u0117game. Slapstom\u0117s \u0161e\u0161\u0117liuose, ten, kur niekam neu\u017ekli\u016btume, stengiam\u0117s pritapti. Gyvename tarp j\u016bs\u0173 jums ne\u017einant.  Bet jie tai \u017eino.  Jie su\u010diupo numer\u012f Pirm\u0105 Malaizijoje.  Ir Antr\u0105 Anglijoje.  Tre\u010di\u0105 aptiko Kenijoje.  Visus juos nu\u017eud\u0117.  Mano numeris Ketvirtas.  Esu kitas.","og_url":"https:\/\/skaitytaknyga.lt\/en\/produktas\/p-lore-mano-numeris-ketvirtas\/","og_site_name":"Skaitytaknyga","article_publisher":"https:\/\/www.facebook.com\/skaitytaknyga\/","article_modified_time":"2026-03-05T14:00:56+00:00","og_image":[{"width":285,"height":434,"url":"https:\/\/skaitytaknyga.lt\/wp-content\/uploads\/2024\/04\/000000000002132222-59de843eac678-asset-knyguklubas-cdb_mano-numeris_p1.jpg","type":"image\/jpeg"}],"twitter_card":"summary_large_image","twitter_misc":{"Estimated reading time":"1 minute"},"schema":{"@context":"https:\/\/schema.org","@graph":[{"@type":"WebPage","@id":"https:\/\/skaitytaknyga.lt\/produktas\/p-lore-mano-numeris-ketvirtas\/","url":"https:\/\/skaitytaknyga.lt\/produktas\/p-lore-mano-numeris-ketvirtas\/","name":"Mano numeris ketvirtas","isPartOf":{"@id":"https:\/\/skaitytaknyga.lt\/#website"},"primaryImageOfPage":{"@id":"https:\/\/skaitytaknyga.lt\/produktas\/p-lore-mano-numeris-ketvirtas\/#primaryimage"},"image":{"@id":"https:\/\/skaitytaknyga.lt\/produktas\/p-lore-mano-numeris-ketvirtas\/#primaryimage"},"thumbnailUrl":"https:\/\/skaitytaknyga.lt\/wp-content\/uploads\/2024\/04\/000000000002132222-59de843eac678-asset-knyguklubas-cdb_mano-numeris_p1.jpg","datePublished":"2024-04-17T13:20:44+00:00","dateModified":"2026-03-05T14:00:56+00:00","description":"Pirmieji trys jau negyvi. M\u016bs\u0173 buvo devyni. Mes atrodome kaip j\u016bs. Kalbame kaip j\u016bs. Gyvename tarp j\u016bs\u0173. Bet nesame tokie, kaip j\u016bs. Sugebame tai, apie k\u0105 jums tik pasvajoti. Turime gali\u0173, apie kokias galite tik sapnuoti. Mes stipresni ir greitesni nei kas nors, k\u0105 esate mat\u0119. Mes kaip kino ar komiks\u0173 herojai, kuriuos garbinate, tiktai tikri. Mes planuojame u\u017eaugti, tobul\u0117ti, sustipr\u0117ti ir susivienij\u0119 juos nugal\u0117ti. Bet jie aptiko mus ir prad\u0117jo med\u017eioti pirmi. Dabar mes visi b\u0117game. Slapstom\u0117s \u0161e\u0161\u0117liuose, ten, kur niekam neu\u017ekli\u016btume, stengiam\u0117s pritapti. Gyvename tarp j\u016bs\u0173 jums ne\u017einant. Bet jie tai \u017eino. Jie su\u010diupo numer\u012f Pirm\u0105 Malaizijoje. Ir Antr\u0105 Anglijoje. Tre\u010di\u0105 aptiko Kenijoje. Visus juos nu\u017eud\u0117. Mano numeris Ketvirtas. Esu kitas.","breadcrumb":{"@id":"https:\/\/skaitytaknyga.lt\/produktas\/p-lore-mano-numeris-ketvirtas\/#breadcrumb"},"inLanguage":"en-GB","potentialAction":[{"@type":"ReadAction","target":["https:\/\/skaitytaknyga.lt\/produktas\/p-lore-mano-numeris-ketvirtas\/"]}]},{"@type":"ImageObject","inLanguage":"en-GB","@id":"https:\/\/skaitytaknyga.lt\/produktas\/p-lore-mano-numeris-ketvirtas\/#primaryimage","url":"https:\/\/skaitytaknyga.lt\/wp-content\/uploads\/2024\/04\/000000000002132222-59de843eac678-asset-knyguklubas-cdb_mano-numeris_p1.jpg","contentUrl":"https:\/\/skaitytaknyga.lt\/wp-content\/uploads\/2024\/04\/000000000002132222-59de843eac678-asset-knyguklubas-cdb_mano-numeris_p1.jpg","width":285,"height":434,"caption":"000000000002132222 59de843eac678 asset knyguklubas cdb mano numeris p1"},{"@type":"BreadcrumbList","@id":"https:\/\/skaitytaknyga.lt\/produktas\/p-lore-mano-numeris-ketvirtas\/#breadcrumb","itemListElement":[{"@type":"ListItem","position":1,"name":"Home","item":"https:\/\/skaitytaknyga.lt\/"},{"@type":"ListItem","position":2,"name":"Parduotuv\u0117","item":"https:\/\/skaitytaknyga.lt\/knygu-parduotuve\/"},{"@type":"ListItem","position":3,"name":"Mano numeris ketvirtas"}]},{"@type":"WebSite","@id":"https:\/\/skaitytaknyga.lt\/#website","url":"https:\/\/skaitytaknyga.lt\/","name":"skaitytaknyga.lt","description":"Skaitytaknyga.lt \u2013 tai ma\u017eas \u0161eimos verslas, kuris prasid\u0117jo nuo meil\u0117s knygoms ir siekio i\u0161gelb\u0117ti knygas nuo likimo prie konteinerio. Kas vienam nereikalingas daiktas \u2013 kitam lobis, o mes esame tarpininkai, kurie padeda abiems tapti laimingesniems ???? \u017dinome kaip nelengva i\u0161gyventi ma\u017eiems verslams, tad nuo \u0161iol, \u010dia rasite ir kit\u0173, ma\u017e\u0173 \u0161eim\u0173 versl\u0173, rank\u0173 darbo, dovan\u0173 sau ir artimiesiems.","publisher":{"@id":"https:\/\/skaitytaknyga.lt\/#organization"},"potentialAction":[{"@type":"SearchAction","target":{"@type":"EntryPoint","urlTemplate":"https:\/\/skaitytaknyga.lt\/?s={search_term_string}"},"query-input":{"@type":"PropertyValueSpecification","valueRequired":true,"valueName":"search_term_string"}}],"inLanguage":"en-GB"},{"@type":"Organization","@id":"https:\/\/skaitytaknyga.lt\/#organization","name":"skaitytaknyga.lt","url":"https:\/\/skaitytaknyga.lt\/","logo":{"@type":"ImageObject","inLanguage":"en-GB","@id":"https:\/\/skaitytaknyga.lt\/#\/schema\/logo\/image\/","url":"https:\/\/skaitytaknyga.lt\/wp-content\/uploads\/2024\/05\/cropped-cropped-cropped-02_00843_jt3bggkj1j3HLc7SyY6rEUpg.jpeg","contentUrl":"https:\/\/skaitytaknyga.lt\/wp-content\/uploads\/2024\/05\/cropped-cropped-cropped-02_00843_jt3bggkj1j3HLc7SyY6rEUpg.jpeg","width":1600,"height":1600,"caption":"skaitytaknyga.lt"},"image":{"@id":"https:\/\/skaitytaknyga.lt\/#\/schema\/logo\/image\/"},"sameAs":["https:\/\/www.facebook.com\/skaitytaknyga\/"]}]}},"_links":{"self":[{"href":"https:\/\/skaitytaknyga.lt\/en\/wp-json\/wp\/v2\/product\/2992","targetHints":{"allow":["GET"]}}],"collection":[{"href":"https:\/\/skaitytaknyga.lt\/en\/wp-json\/wp\/v2\/product"}],"about":[{"href":"https:\/\/skaitytaknyga.lt\/en\/wp-json\/wp\/v2\/types\/product"}],"replies":[{"embeddable":true,"href":"https:\/\/skaitytaknyga.lt\/en\/wp-json\/wp\/v2\/comments?post=2992"}],"wp:featuredmedia":[{"embeddable":true,"href":"https:\/\/skaitytaknyga.lt\/en\/wp-json\/wp\/v2\/media\/3042"}],"wp:attachment":[{"href":"https:\/\/skaitytaknyga.lt\/en\/wp-json\/wp\/v2\/media?parent=2992"}],"wp:term":[{"taxonomy":"product_brand","embeddable":true,"href":"https:\/\/skaitytaknyga.lt\/en\/wp-json\/wp\/v2\/product_brand?post=2992"},{"taxonomy":"product_cat","embeddable":true,"href":"https:\/\/skaitytaknyga.lt\/en\/wp-json\/wp\/v2\/product_cat?post=2992"},{"taxonomy":"product_tag","embeddable":true,"href":"https:\/\/skaitytaknyga.lt\/en\/wp-json\/wp\/v2\/product_tag?post=2992"}],"curies":[{"name":"wp","href":"https:\/\/api.w.org\/{rel}","templated":true}]}}