{"id":2987,"date":"2024-04-17T13:20:43","date_gmt":"2024-04-17T13:20:43","guid":{"rendered":"https:\/\/skaitytaknyga.lt\/?post_type=product&#038;p=2987"},"modified":"2024-05-03T07:17:28","modified_gmt":"2024-05-03T07:17:28","slug":"a-stanton-tu-bjaurus-pone-gumbai","status":"publish","type":"product","link":"https:\/\/skaitytaknyga.lt\/en\/produktas\/a-stanton-tu-bjaurus-pone-gumbai\/","title":{"rendered":"A. Stanton \u201eTu bjaurus, pone Gumbai!\u201c"},"content":{"rendered":"<p>Labas vakaras.<br \/>\nPonas Gumbas \u2013 tikras bais\u016bnas, neken\u010diantis vaik\u0173, gyv\u016bn\u0173, linksmybi\u0173 ir kept\u0173 kukur\u016bz\u0173 burbuoli\u0173.<br \/>\n\u0160i knygel\u0117 \u2013 apie j\u012f.<br \/>\nIr dar apie pikt\u0105 f\u0117j\u0105, gyvenan\u010di\u0105 jo vonioje. Taip pat apie \u0161unel\u012f Jok\u016bb\u0105, ma\u017e\u0105 mergyt\u0119 Pol\u0119 ir nuo\u017em\u0173, dvokl\u0173 m\u0117sinink\u0105, vis\u0105 apkibus\u012f \u017earnomis.<br \/>\n\u010cia rasite didvyri\u0173, saldumyn\u0173, nuotyki\u0173 \u2013 VISKO.<\/p>\n<p>Kad man kur \u016bsai nulinkt\u0173! Andy Stantono \u201ePonas Gumbas\u201c susi\u0161lav\u0117 Roaldo Dahlio Juok\u0173 priz\u0105, \u201eRed House\u201c Vaiki\u0161kos knygos apdovanojim\u0105 IR \u201eBlue Peter\u201c apdovanojim\u0105 u\u017e Juokingiausi\u0105 iliustruot\u0105 pasakojim\u0105. BE TO, pretendavo \u012f DAUGYB\u0118 kit\u0173 priz\u0173! Gri\u016bk negyvas!<\/p>\n","protected":false},"excerpt":{"rendered":"<p>Labas vakaras.<br \/>\nPonas Gumbas \u2013 tikras bais\u016bnas, neken\u010diantis vaik\u0173, gyv\u016bn\u0173, linksmybi\u0173 ir kept\u0173 kukur\u016bz\u0173 burbuoli\u0173.<br \/>\n\u0160i knygel\u0117 \u2013 apie j\u012f.<br \/>\nIr dar apie pikt\u0105 f\u0117j\u0105, gyvenan\u010di\u0105 jo vonioje. Taip pat apie \u0161unel\u012f Jok\u016bb\u0105, ma\u017e\u0105 mergyt\u0119 Pol\u0119 ir nuo\u017em\u0173, dvokl\u0173 m\u0117sinink\u0105, vis\u0105 apkibus\u012f \u017earnomis.<br \/>\n\u010cia rasite didvyri\u0173, saldumyn\u0173, nuotyki\u0173 \u2013 VISKO.<\/p>\n<p>Kad man kur \u016bsai nulinkt\u0173! Andy Stantono \u201ePonas Gumbas\u201c susi\u0161lav\u0117 Roaldo Dahlio Juok\u0173 priz\u0105, \u201eRed House\u201c Vaiki\u0161kos knygos apdovanojim\u0105 IR \u201eBlue Peter\u201c apdovanojim\u0105 u\u017e Juokingiausi\u0105 iliustruot\u0105 pasakojim\u0105. BE TO, pretendavo \u012f DAUGYB\u0118 kit\u0173 priz\u0173! Gri\u016bk negyvas!<\/p>\n","protected":false},"featured_media":3037,"comment_status":"closed","ping_status":"closed","template":"","meta":{"_acf_changed":false,"site-sidebar-layout":"default","site-content-layout":"","ast-site-content-layout":"default","site-content-style":"default","site-sidebar-style":"default","ast-global-header-display":"","ast-banner-title-visibility":"","ast-main-header-display":"","ast-hfb-above-header-display":"","ast-hfb-below-header-display":"","ast-hfb-mobile-header-display":"","site-post-title":"","ast-breadcrumbs-content":"","ast-featured-img":"","footer-sml-layout":"","ast-disable-related-posts":"","theme-transparent-header-meta":"","adv-header-id-meta":"","stick-header-meta":"","header-above-stick-meta":"","header-main-stick-meta":"","header-below-stick-meta":"","astra-migrate-meta-layouts":"default","ast-page-background-enabled":"default","ast-page-background-meta":{"desktop":{"background-color":"","background-image":"","background-repeat":"repeat","background-position":"center center","background-size":"auto","background-attachment":"scroll","background-type":"","background-media":"","overlay-type":"","overlay-color":"","overlay-opacity":"","overlay-gradient":""},"tablet":{"background-color":"","background-image":"","background-repeat":"repeat","background-position":"center center","background-size":"auto","background-attachment":"scroll","background-type":"","background-media":"","overlay-type":"","overlay-color":"","overlay-opacity":"","overlay-gradient":""},"mobile":{"background-color":"","background-image":"","background-repeat":"repeat","background-position":"center center","background-size":"auto","background-attachment":"scroll","background-type":"","background-media":"","overlay-type":"","overlay-color":"","overlay-opacity":"","overlay-gradient":""}},"ast-content-background-meta":{"desktop":{"background-color":"var(--ast-global-color-4)","background-image":"","background-repeat":"repeat","background-position":"center center","background-size":"auto","background-attachment":"scroll","background-type":"","background-media":"","overlay-type":"","overlay-color":"","overlay-opacity":"","overlay-gradient":""},"tablet":{"background-color":"var(--ast-global-color-4)","background-image":"","background-repeat":"repeat","background-position":"center center","background-size":"auto","background-attachment":"scroll","background-type":"","background-media":"","overlay-type":"","overlay-color":"","overlay-opacity":"","overlay-gradient":""},"mobile":{"background-color":"var(--ast-global-color-4)","background-image":"","background-repeat":"repeat","background-position":"center center","background-size":"auto","background-attachment":"scroll","background-type":"","background-media":"","overlay-type":"","overlay-color":"","overlay-opacity":"","overlay-gradient":""}}},"product_brand":[],"product_cat":[35],"product_tag":[],"class_list":{"0":"post-2987","1":"product","2":"type-product","3":"status-publish","4":"has-post-thumbnail","6":"product_cat-vaikams-ir-paaugliams","7":"desktop-align-left","8":"tablet-align-left","9":"mobile-align-left","11":"first","12":"outofstock","13":"shipping-taxable","14":"purchasable","15":"product-type-simple"},"acf":[],"yoast_head":"<!-- This site is optimized with the Yoast SEO plugin v27.0 - https:\/\/yoast.com\/product\/yoast-seo-wordpress\/ -->\n<title>A. Stanton \u201eTu bjaurus, pone Gumbai!\u201c - Skaitytaknyga<\/title>\n<meta name=\"description\" content=\"Labas vakaras. Ponas Gumbas \u2013 tikras bais\u016bnas, neken\u010diantis vaik\u0173, gyv\u016bn\u0173, linksmybi\u0173 ir kept\u0173 kukur\u016bz\u0173 burbuoli\u0173. \u0160i knygel\u0117 \u2013 apie j\u012f. Ir dar apie pikt\u0105 f\u0117j\u0105, gyvenan\u010di\u0105 jo vonioje. Taip pat apie \u0161unel\u012f Jok\u016bb\u0105, ma\u017e\u0105 mergyt\u0119 Pol\u0119 ir nuo\u017em\u0173, dvokl\u0173 m\u0117sinink\u0105, vis\u0105 apkibus\u012f \u017earnomis. \u010cia rasite didvyri\u0173, saldumyn\u0173, nuotyki\u0173 \u2013 VISKO.  Kad man kur \u016bsai nulinkt\u0173! Andy Stantono \u201ePonas Gumbas\u201c susi\u0161lav\u0117 Roaldo Dahlio Juok\u0173 priz\u0105, \u201eRed House\u201c Vaiki\u0161kos knygos apdovanojim\u0105 IR \u201eBlue Peter\u201c apdovanojim\u0105 u\u017e Juokingiausi\u0105 iliustruot\u0105 pasakojim\u0105. BE TO, pretendavo \u012f DAUGYB\u0118 kit\u0173 priz\u0173! Gri\u016bk negyvas!\" \/>\n<meta name=\"robots\" content=\"index, follow, max-snippet:-1, max-image-preview:large, max-video-preview:-1\" \/>\n<link rel=\"canonical\" href=\"https:\/\/skaitytaknyga.lt\/en\/produktas\/a-stanton-tu-bjaurus-pone-gumbai\/\" \/>\n<meta property=\"og:locale\" content=\"en_GB\" \/>\n<meta property=\"og:locale:alternate\" content=\"lt_LT\" \/>\n<meta property=\"og:type\" content=\"article\" \/>\n<meta property=\"og:title\" content=\"A. Stanton \u201eTu bjaurus, pone Gumbai!\u201c - Skaitytaknyga\" \/>\n<meta property=\"og:description\" content=\"Labas vakaras. Ponas Gumbas \u2013 tikras bais\u016bnas, neken\u010diantis vaik\u0173, gyv\u016bn\u0173, linksmybi\u0173 ir kept\u0173 kukur\u016bz\u0173 burbuoli\u0173. \u0160i knygel\u0117 \u2013 apie j\u012f. Ir dar apie pikt\u0105 f\u0117j\u0105, gyvenan\u010di\u0105 jo vonioje. Taip pat apie \u0161unel\u012f Jok\u016bb\u0105, ma\u017e\u0105 mergyt\u0119 Pol\u0119 ir nuo\u017em\u0173, dvokl\u0173 m\u0117sinink\u0105, vis\u0105 apkibus\u012f \u017earnomis. \u010cia rasite didvyri\u0173, saldumyn\u0173, nuotyki\u0173 \u2013 VISKO.  Kad man kur \u016bsai nulinkt\u0173! Andy Stantono \u201ePonas Gumbas\u201c susi\u0161lav\u0117 Roaldo Dahlio Juok\u0173 priz\u0105, \u201eRed House\u201c Vaiki\u0161kos knygos apdovanojim\u0105 IR \u201eBlue Peter\u201c apdovanojim\u0105 u\u017e Juokingiausi\u0105 iliustruot\u0105 pasakojim\u0105. BE TO, pretendavo \u012f DAUGYB\u0118 kit\u0173 priz\u0173! Gri\u016bk negyvas!\" \/>\n<meta property=\"og:url\" content=\"https:\/\/skaitytaknyga.lt\/en\/produktas\/a-stanton-tu-bjaurus-pone-gumbai\/\" \/>\n<meta property=\"og:site_name\" content=\"Skaitytaknyga\" \/>\n<meta property=\"article:publisher\" content=\"https:\/\/www.facebook.com\/skaitytaknyga\/\" \/>\n<meta property=\"article:modified_time\" content=\"2024-05-03T07:17:28+00:00\" \/>\n<meta property=\"og:image\" content=\"https:\/\/skaitytaknyga.lt\/wp-content\/uploads\/2024\/04\/9789955237365.jpg\" \/>\n\t<meta property=\"og:image:width\" content=\"448\" \/>\n\t<meta property=\"og:image:height\" content=\"652\" \/>\n\t<meta property=\"og:image:type\" content=\"image\/jpeg\" \/>\n<meta name=\"twitter:card\" content=\"summary_large_image\" \/>\n<script type=\"application\/ld+json\" class=\"yoast-schema-graph\">{\"@context\":\"https:\/\/schema.org\",\"@graph\":[{\"@type\":\"WebPage\",\"@id\":\"https:\/\/skaitytaknyga.lt\/produktas\/a-stanton-tu-bjaurus-pone-gumbai\/\",\"url\":\"https:\/\/skaitytaknyga.lt\/produktas\/a-stanton-tu-bjaurus-pone-gumbai\/\",\"name\":\"A. Stanton \u201eTu bjaurus, pone Gumbai!\u201c - Skaitytaknyga\",\"isPartOf\":{\"@id\":\"https:\/\/skaitytaknyga.lt\/#website\"},\"primaryImageOfPage\":{\"@id\":\"https:\/\/skaitytaknyga.lt\/produktas\/a-stanton-tu-bjaurus-pone-gumbai\/#primaryimage\"},\"image\":{\"@id\":\"https:\/\/skaitytaknyga.lt\/produktas\/a-stanton-tu-bjaurus-pone-gumbai\/#primaryimage\"},\"thumbnailUrl\":\"https:\/\/skaitytaknyga.lt\/wp-content\/uploads\/2024\/04\/9789955237365.jpg\",\"datePublished\":\"2024-04-17T13:20:43+00:00\",\"dateModified\":\"2024-05-03T07:17:28+00:00\",\"description\":\"Labas vakaras. Ponas Gumbas \u2013 tikras bais\u016bnas, neken\u010diantis vaik\u0173, gyv\u016bn\u0173, linksmybi\u0173 ir kept\u0173 kukur\u016bz\u0173 burbuoli\u0173. \u0160i knygel\u0117 \u2013 apie j\u012f. Ir dar apie pikt\u0105 f\u0117j\u0105, gyvenan\u010di\u0105 jo vonioje. Taip pat apie \u0161unel\u012f Jok\u016bb\u0105, ma\u017e\u0105 mergyt\u0119 Pol\u0119 ir nuo\u017em\u0173, dvokl\u0173 m\u0117sinink\u0105, vis\u0105 apkibus\u012f \u017earnomis. \u010cia rasite didvyri\u0173, saldumyn\u0173, nuotyki\u0173 \u2013 VISKO. Kad man kur \u016bsai nulinkt\u0173! Andy Stantono \u201ePonas Gumbas\u201c susi\u0161lav\u0117 Roaldo Dahlio Juok\u0173 priz\u0105, \u201eRed House\u201c Vaiki\u0161kos knygos apdovanojim\u0105 IR \u201eBlue Peter\u201c apdovanojim\u0105 u\u017e Juokingiausi\u0105 iliustruot\u0105 pasakojim\u0105. BE TO, pretendavo \u012f DAUGYB\u0118 kit\u0173 priz\u0173! Gri\u016bk negyvas!\",\"breadcrumb\":{\"@id\":\"https:\/\/skaitytaknyga.lt\/produktas\/a-stanton-tu-bjaurus-pone-gumbai\/#breadcrumb\"},\"inLanguage\":\"en-GB\",\"potentialAction\":[{\"@type\":\"ReadAction\",\"target\":[\"https:\/\/skaitytaknyga.lt\/produktas\/a-stanton-tu-bjaurus-pone-gumbai\/\"]}]},{\"@type\":\"ImageObject\",\"inLanguage\":\"en-GB\",\"@id\":\"https:\/\/skaitytaknyga.lt\/produktas\/a-stanton-tu-bjaurus-pone-gumbai\/#primaryimage\",\"url\":\"https:\/\/skaitytaknyga.lt\/wp-content\/uploads\/2024\/04\/9789955237365.jpg\",\"contentUrl\":\"https:\/\/skaitytaknyga.lt\/wp-content\/uploads\/2024\/04\/9789955237365.jpg\",\"width\":448,\"height\":652,\"caption\":\"9789955237365\"},{\"@type\":\"BreadcrumbList\",\"@id\":\"https:\/\/skaitytaknyga.lt\/produktas\/a-stanton-tu-bjaurus-pone-gumbai\/#breadcrumb\",\"itemListElement\":[{\"@type\":\"ListItem\",\"position\":1,\"name\":\"Home\",\"item\":\"https:\/\/skaitytaknyga.lt\/\"},{\"@type\":\"ListItem\",\"position\":2,\"name\":\"Parduotuv\u0117\",\"item\":\"https:\/\/skaitytaknyga.lt\/knygu-parduotuve\/\"},{\"@type\":\"ListItem\",\"position\":3,\"name\":\"A. Stanton \u201eTu bjaurus, pone Gumbai!\u201c\"}]},{\"@type\":\"WebSite\",\"@id\":\"https:\/\/skaitytaknyga.lt\/#website\",\"url\":\"https:\/\/skaitytaknyga.lt\/\",\"name\":\"skaitytaknyga.lt\",\"description\":\"Skaitytaknyga.lt \u2013 tai ma\u017eas \u0161eimos verslas, kuris prasid\u0117jo nuo meil\u0117s knygoms ir siekio i\u0161gelb\u0117ti knygas nuo likimo prie konteinerio. Kas vienam nereikalingas daiktas \u2013 kitam lobis, o mes esame tarpininkai, kurie padeda abiems tapti laimingesniems ???? \u017dinome kaip nelengva i\u0161gyventi ma\u017eiems verslams, tad nuo \u0161iol, \u010dia rasite ir kit\u0173, ma\u017e\u0173 \u0161eim\u0173 versl\u0173, rank\u0173 darbo, dovan\u0173 sau ir artimiesiems.\",\"publisher\":{\"@id\":\"https:\/\/skaitytaknyga.lt\/#organization\"},\"potentialAction\":[{\"@type\":\"SearchAction\",\"target\":{\"@type\":\"EntryPoint\",\"urlTemplate\":\"https:\/\/skaitytaknyga.lt\/?s={search_term_string}\"},\"query-input\":{\"@type\":\"PropertyValueSpecification\",\"valueRequired\":true,\"valueName\":\"search_term_string\"}}],\"inLanguage\":\"en-GB\"},{\"@type\":\"Organization\",\"@id\":\"https:\/\/skaitytaknyga.lt\/#organization\",\"name\":\"skaitytaknyga.lt\",\"url\":\"https:\/\/skaitytaknyga.lt\/\",\"logo\":{\"@type\":\"ImageObject\",\"inLanguage\":\"en-GB\",\"@id\":\"https:\/\/skaitytaknyga.lt\/#\/schema\/logo\/image\/\",\"url\":\"https:\/\/skaitytaknyga.lt\/wp-content\/uploads\/2024\/05\/cropped-cropped-cropped-02_00843_jt3bggkj1j3HLc7SyY6rEUpg.jpeg\",\"contentUrl\":\"https:\/\/skaitytaknyga.lt\/wp-content\/uploads\/2024\/05\/cropped-cropped-cropped-02_00843_jt3bggkj1j3HLc7SyY6rEUpg.jpeg\",\"width\":1600,\"height\":1600,\"caption\":\"skaitytaknyga.lt\"},\"image\":{\"@id\":\"https:\/\/skaitytaknyga.lt\/#\/schema\/logo\/image\/\"},\"sameAs\":[\"https:\/\/www.facebook.com\/skaitytaknyga\/\"]}]}<\/script>\n<!-- \/ Yoast SEO plugin. -->","yoast_head_json":{"title":"A. Stanton \u201eTu bjaurus, pone Gumbai!\u201c - Skaitytaknyga","description":"Labas vakaras. Ponas Gumbas \u2013 tikras bais\u016bnas, neken\u010diantis vaik\u0173, gyv\u016bn\u0173, linksmybi\u0173 ir kept\u0173 kukur\u016bz\u0173 burbuoli\u0173. \u0160i knygel\u0117 \u2013 apie j\u012f. Ir dar apie pikt\u0105 f\u0117j\u0105, gyvenan\u010di\u0105 jo vonioje. Taip pat apie \u0161unel\u012f Jok\u016bb\u0105, ma\u017e\u0105 mergyt\u0119 Pol\u0119 ir nuo\u017em\u0173, dvokl\u0173 m\u0117sinink\u0105, vis\u0105 apkibus\u012f \u017earnomis. \u010cia rasite didvyri\u0173, saldumyn\u0173, nuotyki\u0173 \u2013 VISKO.  Kad man kur \u016bsai nulinkt\u0173! Andy Stantono \u201ePonas Gumbas\u201c susi\u0161lav\u0117 Roaldo Dahlio Juok\u0173 priz\u0105, \u201eRed House\u201c Vaiki\u0161kos knygos apdovanojim\u0105 IR \u201eBlue Peter\u201c apdovanojim\u0105 u\u017e Juokingiausi\u0105 iliustruot\u0105 pasakojim\u0105. BE TO, pretendavo \u012f DAUGYB\u0118 kit\u0173 priz\u0173! Gri\u016bk negyvas!","robots":{"index":"index","follow":"follow","max-snippet":"max-snippet:-1","max-image-preview":"max-image-preview:large","max-video-preview":"max-video-preview:-1"},"canonical":"https:\/\/skaitytaknyga.lt\/en\/produktas\/a-stanton-tu-bjaurus-pone-gumbai\/","og_locale":"en_GB","og_type":"article","og_title":"A. Stanton \u201eTu bjaurus, pone Gumbai!\u201c - Skaitytaknyga","og_description":"Labas vakaras. Ponas Gumbas \u2013 tikras bais\u016bnas, neken\u010diantis vaik\u0173, gyv\u016bn\u0173, linksmybi\u0173 ir kept\u0173 kukur\u016bz\u0173 burbuoli\u0173. \u0160i knygel\u0117 \u2013 apie j\u012f. Ir dar apie pikt\u0105 f\u0117j\u0105, gyvenan\u010di\u0105 jo vonioje. Taip pat apie \u0161unel\u012f Jok\u016bb\u0105, ma\u017e\u0105 mergyt\u0119 Pol\u0119 ir nuo\u017em\u0173, dvokl\u0173 m\u0117sinink\u0105, vis\u0105 apkibus\u012f \u017earnomis. \u010cia rasite didvyri\u0173, saldumyn\u0173, nuotyki\u0173 \u2013 VISKO.  Kad man kur \u016bsai nulinkt\u0173! Andy Stantono \u201ePonas Gumbas\u201c susi\u0161lav\u0117 Roaldo Dahlio Juok\u0173 priz\u0105, \u201eRed House\u201c Vaiki\u0161kos knygos apdovanojim\u0105 IR \u201eBlue Peter\u201c apdovanojim\u0105 u\u017e Juokingiausi\u0105 iliustruot\u0105 pasakojim\u0105. BE TO, pretendavo \u012f DAUGYB\u0118 kit\u0173 priz\u0173! Gri\u016bk negyvas!","og_url":"https:\/\/skaitytaknyga.lt\/en\/produktas\/a-stanton-tu-bjaurus-pone-gumbai\/","og_site_name":"Skaitytaknyga","article_publisher":"https:\/\/www.facebook.com\/skaitytaknyga\/","article_modified_time":"2024-05-03T07:17:28+00:00","og_image":[{"width":448,"height":652,"url":"https:\/\/skaitytaknyga.lt\/wp-content\/uploads\/2024\/04\/9789955237365.jpg","type":"image\/jpeg"}],"twitter_card":"summary_large_image","schema":{"@context":"https:\/\/schema.org","@graph":[{"@type":"WebPage","@id":"https:\/\/skaitytaknyga.lt\/produktas\/a-stanton-tu-bjaurus-pone-gumbai\/","url":"https:\/\/skaitytaknyga.lt\/produktas\/a-stanton-tu-bjaurus-pone-gumbai\/","name":"A. Stanton \u201eTu bjaurus, pone Gumbai!\u201c - Skaitytaknyga","isPartOf":{"@id":"https:\/\/skaitytaknyga.lt\/#website"},"primaryImageOfPage":{"@id":"https:\/\/skaitytaknyga.lt\/produktas\/a-stanton-tu-bjaurus-pone-gumbai\/#primaryimage"},"image":{"@id":"https:\/\/skaitytaknyga.lt\/produktas\/a-stanton-tu-bjaurus-pone-gumbai\/#primaryimage"},"thumbnailUrl":"https:\/\/skaitytaknyga.lt\/wp-content\/uploads\/2024\/04\/9789955237365.jpg","datePublished":"2024-04-17T13:20:43+00:00","dateModified":"2024-05-03T07:17:28+00:00","description":"Labas vakaras. Ponas Gumbas \u2013 tikras bais\u016bnas, neken\u010diantis vaik\u0173, gyv\u016bn\u0173, linksmybi\u0173 ir kept\u0173 kukur\u016bz\u0173 burbuoli\u0173. \u0160i knygel\u0117 \u2013 apie j\u012f. Ir dar apie pikt\u0105 f\u0117j\u0105, gyvenan\u010di\u0105 jo vonioje. Taip pat apie \u0161unel\u012f Jok\u016bb\u0105, ma\u017e\u0105 mergyt\u0119 Pol\u0119 ir nuo\u017em\u0173, dvokl\u0173 m\u0117sinink\u0105, vis\u0105 apkibus\u012f \u017earnomis. \u010cia rasite didvyri\u0173, saldumyn\u0173, nuotyki\u0173 \u2013 VISKO. Kad man kur \u016bsai nulinkt\u0173! Andy Stantono \u201ePonas Gumbas\u201c susi\u0161lav\u0117 Roaldo Dahlio Juok\u0173 priz\u0105, \u201eRed House\u201c Vaiki\u0161kos knygos apdovanojim\u0105 IR \u201eBlue Peter\u201c apdovanojim\u0105 u\u017e Juokingiausi\u0105 iliustruot\u0105 pasakojim\u0105. BE TO, pretendavo \u012f DAUGYB\u0118 kit\u0173 priz\u0173! Gri\u016bk negyvas!","breadcrumb":{"@id":"https:\/\/skaitytaknyga.lt\/produktas\/a-stanton-tu-bjaurus-pone-gumbai\/#breadcrumb"},"inLanguage":"en-GB","potentialAction":[{"@type":"ReadAction","target":["https:\/\/skaitytaknyga.lt\/produktas\/a-stanton-tu-bjaurus-pone-gumbai\/"]}]},{"@type":"ImageObject","inLanguage":"en-GB","@id":"https:\/\/skaitytaknyga.lt\/produktas\/a-stanton-tu-bjaurus-pone-gumbai\/#primaryimage","url":"https:\/\/skaitytaknyga.lt\/wp-content\/uploads\/2024\/04\/9789955237365.jpg","contentUrl":"https:\/\/skaitytaknyga.lt\/wp-content\/uploads\/2024\/04\/9789955237365.jpg","width":448,"height":652,"caption":"9789955237365"},{"@type":"BreadcrumbList","@id":"https:\/\/skaitytaknyga.lt\/produktas\/a-stanton-tu-bjaurus-pone-gumbai\/#breadcrumb","itemListElement":[{"@type":"ListItem","position":1,"name":"Home","item":"https:\/\/skaitytaknyga.lt\/"},{"@type":"ListItem","position":2,"name":"Parduotuv\u0117","item":"https:\/\/skaitytaknyga.lt\/knygu-parduotuve\/"},{"@type":"ListItem","position":3,"name":"A. Stanton \u201eTu bjaurus, pone Gumbai!\u201c"}]},{"@type":"WebSite","@id":"https:\/\/skaitytaknyga.lt\/#website","url":"https:\/\/skaitytaknyga.lt\/","name":"skaitytaknyga.lt","description":"Skaitytaknyga.lt \u2013 tai ma\u017eas \u0161eimos verslas, kuris prasid\u0117jo nuo meil\u0117s knygoms ir siekio i\u0161gelb\u0117ti knygas nuo likimo prie konteinerio. Kas vienam nereikalingas daiktas \u2013 kitam lobis, o mes esame tarpininkai, kurie padeda abiems tapti laimingesniems ???? \u017dinome kaip nelengva i\u0161gyventi ma\u017eiems verslams, tad nuo \u0161iol, \u010dia rasite ir kit\u0173, ma\u017e\u0173 \u0161eim\u0173 versl\u0173, rank\u0173 darbo, dovan\u0173 sau ir artimiesiems.","publisher":{"@id":"https:\/\/skaitytaknyga.lt\/#organization"},"potentialAction":[{"@type":"SearchAction","target":{"@type":"EntryPoint","urlTemplate":"https:\/\/skaitytaknyga.lt\/?s={search_term_string}"},"query-input":{"@type":"PropertyValueSpecification","valueRequired":true,"valueName":"search_term_string"}}],"inLanguage":"en-GB"},{"@type":"Organization","@id":"https:\/\/skaitytaknyga.lt\/#organization","name":"skaitytaknyga.lt","url":"https:\/\/skaitytaknyga.lt\/","logo":{"@type":"ImageObject","inLanguage":"en-GB","@id":"https:\/\/skaitytaknyga.lt\/#\/schema\/logo\/image\/","url":"https:\/\/skaitytaknyga.lt\/wp-content\/uploads\/2024\/05\/cropped-cropped-cropped-02_00843_jt3bggkj1j3HLc7SyY6rEUpg.jpeg","contentUrl":"https:\/\/skaitytaknyga.lt\/wp-content\/uploads\/2024\/05\/cropped-cropped-cropped-02_00843_jt3bggkj1j3HLc7SyY6rEUpg.jpeg","width":1600,"height":1600,"caption":"skaitytaknyga.lt"},"image":{"@id":"https:\/\/skaitytaknyga.lt\/#\/schema\/logo\/image\/"},"sameAs":["https:\/\/www.facebook.com\/skaitytaknyga\/"]}]}},"_links":{"self":[{"href":"https:\/\/skaitytaknyga.lt\/en\/wp-json\/wp\/v2\/product\/2987","targetHints":{"allow":["GET"]}}],"collection":[{"href":"https:\/\/skaitytaknyga.lt\/en\/wp-json\/wp\/v2\/product"}],"about":[{"href":"https:\/\/skaitytaknyga.lt\/en\/wp-json\/wp\/v2\/types\/product"}],"replies":[{"embeddable":true,"href":"https:\/\/skaitytaknyga.lt\/en\/wp-json\/wp\/v2\/comments?post=2987"}],"wp:featuredmedia":[{"embeddable":true,"href":"https:\/\/skaitytaknyga.lt\/en\/wp-json\/wp\/v2\/media\/3037"}],"wp:attachment":[{"href":"https:\/\/skaitytaknyga.lt\/en\/wp-json\/wp\/v2\/media?parent=2987"}],"wp:term":[{"taxonomy":"product_brand","embeddable":true,"href":"https:\/\/skaitytaknyga.lt\/en\/wp-json\/wp\/v2\/product_brand?post=2987"},{"taxonomy":"product_cat","embeddable":true,"href":"https:\/\/skaitytaknyga.lt\/en\/wp-json\/wp\/v2\/product_cat?post=2987"},{"taxonomy":"product_tag","embeddable":true,"href":"https:\/\/skaitytaknyga.lt\/en\/wp-json\/wp\/v2\/product_tag?post=2987"}],"curies":[{"name":"wp","href":"https:\/\/api.w.org\/{rel}","templated":true}]}}