{"id":2984,"date":"2025-04-11T09:50:43","date_gmt":"2025-04-11T06:50:43","guid":{"rendered":"https:\/\/skaitytaknyga.lt\/?post_type=product&#038;p=2984"},"modified":"2026-03-05T16:17:09","modified_gmt":"2026-03-05T14:17:09","slug":"isduotoji","status":"publish","type":"product","link":"https:\/\/skaitytaknyga.lt\/en\/produktas\/isduotoji\/","title":{"rendered":"I\u0161duotoji"},"content":{"rendered":"<p><strong>\u201eI\u0161duotoji&#8221;, antroji \u201eNakties nam\u0173&#8221; serijos knyga, yra tamsi, seksuali, kerinti bei sukre\u010dianti.<\/strong><\/p>\n<p>Vampyr\u0173 jaunikl\u0117 Zoja Redbird apsiprato Nakties nam\u0173 gimnazijoje. Pagaliau ji jau\u010diasi radusi savo viet\u0105, net yra i\u0161renkama Tamsos dukr\u0173 vadove. Ji netgi turi vaikin\u0105&#8230; o gal net du. Tuomet ima d\u0117tis ne\u012ftik\u0117tini dalykai: \u017eudomi \u017emoni\u0173 paaugliai, o \u012ftarimo \u0161e\u0161\u0117lis krenta ant Nakties nam\u0173.<\/p>\n<p>\u017dmones i\u0161 senojo Zojos gyvenimo persekioja pavojai. Ji supranta, kad tos pa\u010dios galios, kurios daro j\u0105 toki\u0105 i\u0161skirtin\u0119, gali kelti gr\u0117sm\u0119 mylimiems \u017emon\u0117ms. Dabar, kai nauj\u0173j\u0173 bi\u010diuli\u0173 pagalbos labiausiai reikia, Nakties namus v\u0117l aplanko mirtis. Zojai teks rasti dr\u0105sos i\u0161tverti i\u0161davyst\u0119, kuri baisiai j\u0105 \u012fskaudins ir sukr\u0117s\u00a0 iki sielos gelmi\u0173.<\/p>\n<ul class=\"about-product d-none d-xl-block mt-4\">\n<li><strong>Autorius:<\/strong>\u00a0Kristin Cast,\u00a0P. C. Cast<\/li>\n<li><strong>Leid\u0117jas:<\/strong>\u00a0Alma littera<\/li>\n<li><strong>Metai:<\/strong>\u00a02010<\/li>\n<li><strong>Puslapiai:<\/strong>\u00a0304<\/li>\n<li class=\"toggleable type-new-formats \"><strong>ISBN:<\/strong>\u00a09789955385820<\/li>\n<li><strong>Versijos kodas:<\/strong>\u00a0PT.<\/li>\n<li class=\"toggleable type-new-formats \"><strong>Formatas:<\/strong>\u00a015 x 22 cm, kieti vir\u0161eliai<\/li>\n<li><strong>Kalba:<\/strong>\u00a0Lietuvi\u0173<\/li>\n<li><strong>Vert\u0117jas:<\/strong>\u00a0Gabriel\u0117 Gaili\u016bt\u0117<\/li>\n<\/ul>\n","protected":false},"excerpt":{"rendered":"<p>\u201eI\u0161duotoji&#8221;, antroji \u201eNakties nam\u0173&#8221; serijos knyga, yra tamsi, seksuali, kerinti bei sukre\u010dianti. Vampyr\u0173 jaunikl\u0117 Zoja Redbird apsiprato Nakties nam\u0173 gimnazijoje. Pagaliau ji jau\u010diasi radusi savo viet\u0105, net yra i\u0161renkama Tamsos dukr\u0173 vadove. Ji netgi turi vaikin\u0105&#8230; o gal net du. Tuomet ima d\u0117tis ne\u012ftik\u0117tini dalykai: \u017eudomi \u017emoni\u0173 paaugliai, o \u012ftarimo \u0161e\u0161\u0117lis krenta ant Nakties nam\u0173. \u017dmones i\u0161 senojo Zojos gyvenimo persekioja pavojai. Ji supranta, kad tos pa\u010dios galios, kurios daro j\u0105 toki\u0105 i\u0161skirtin\u0119, gali kelti gr\u0117sm\u0119 mylimiems \u017emon\u0117ms. Dabar, kai nauj\u0173j\u0173 bi\u010diuli\u0173 pagalbos labiausiai reikia, Nakties namus v\u0117l aplanko mirtis. Zojai teks rasti dr\u0105sos i\u0161tverti i\u0161davyst\u0119, kuri baisiai j\u0105 \u012fskaudins ir sukr\u0117s\u00a0 iki sielos gelmi\u0173. Autorius:\u00a0Kristin Cast,\u00a0P. C. Cast Leid\u0117jas:\u00a0Alma littera Metai:\u00a02010 Puslapiai:\u00a0304 ISBN:\u00a09789955385820 Versijos kodas:\u00a0PT. Formatas:\u00a015 x 22 cm, kieti vir\u0161eliai Kalba:\u00a0Lietuvi\u0173 Vert\u0117jas:\u00a0Gabriel\u0117 Gaili\u016bt\u0117<\/p>\n","protected":false},"featured_media":3014,"comment_status":"closed","ping_status":"closed","template":"","meta":{"_acf_changed":false,"site-sidebar-layout":"default","site-content-layout":"","ast-site-content-layout":"default","site-content-style":"default","site-sidebar-style":"default","ast-global-header-display":"","ast-banner-title-visibility":"","ast-main-header-display":"","ast-hfb-above-header-display":"","ast-hfb-below-header-display":"","ast-hfb-mobile-header-display":"","site-post-title":"","ast-breadcrumbs-content":"","ast-featured-img":"","footer-sml-layout":"","ast-disable-related-posts":"","theme-transparent-header-meta":"default","adv-header-id-meta":"","stick-header-meta":"","header-above-stick-meta":"","header-main-stick-meta":"","header-below-stick-meta":"","astra-migrate-meta-layouts":"set","ast-page-background-enabled":"default","ast-page-background-meta":{"desktop":{"background-color":"","background-image":"","background-repeat":"repeat","background-position":"center center","background-size":"auto","background-attachment":"scroll","background-type":"","background-media":"","overlay-type":"","overlay-color":"","overlay-opacity":"","overlay-gradient":""},"tablet":{"background-color":"","background-image":"","background-repeat":"repeat","background-position":"center center","background-size":"auto","background-attachment":"scroll","background-type":"","background-media":"","overlay-type":"","overlay-color":"","overlay-opacity":"","overlay-gradient":""},"mobile":{"background-color":"","background-image":"","background-repeat":"repeat","background-position":"center center","background-size":"auto","background-attachment":"scroll","background-type":"","background-media":"","overlay-type":"","overlay-color":"","overlay-opacity":"","overlay-gradient":""}},"ast-content-background-meta":{"desktop":{"background-color":"var(--ast-global-color-4)","background-image":"","background-repeat":"repeat","background-position":"center center","background-size":"auto","background-attachment":"scroll","background-type":"","background-media":"","overlay-type":"","overlay-color":"","overlay-opacity":"","overlay-gradient":""},"tablet":{"background-color":"var(--ast-global-color-4)","background-image":"","background-repeat":"repeat","background-position":"center center","background-size":"auto","background-attachment":"scroll","background-type":"","background-media":"","overlay-type":"","overlay-color":"","overlay-opacity":"","overlay-gradient":""},"mobile":{"background-color":"var(--ast-global-color-4)","background-image":"","background-repeat":"repeat","background-position":"center center","background-size":"auto","background-attachment":"scroll","background-type":"","background-media":"","overlay-type":"","overlay-color":"","overlay-opacity":"","overlay-gradient":""}}},"product_brand":[],"product_cat":[9676],"product_tag":[1504,3651,3649,3650,2129,2539],"class_list":{"0":"post-2984","1":"product","2":"type-product","3":"status-publish","4":"has-post-thumbnail","6":"product_cat-paaugliams","7":"product_tag-fantastika","8":"product_tag-jauni-suaugusieji","9":"product_tag-kristin-cast","10":"product_tag-p-c-cast","11":"product_tag-romantika","12":"product_tag-vampyrai","13":"desktop-align-left","14":"tablet-align-left","15":"mobile-align-left","17":"first","18":"outofstock","19":"featured","20":"shipping-taxable","21":"purchasable","22":"product-type-simple"},"acf":[],"yoast_head":"<!-- This site is optimized with the Yoast SEO plugin v27.0 - https:\/\/yoast.com\/product\/yoast-seo-wordpress\/ -->\n<title>I\u0161duotoji<\/title>\n<meta name=\"description\" content=\"\u201eI\u0161duotoji&quot;, antroji \u201eNakties nam\u0173&quot; serijos knyga, yra tamsi, seksuali, kerinti bei sukre\u010dianti. Vampyr\u0173 jaunikl\u0117 Zoja Redbird apsiprato Nakties nam\u0173\" \/>\n<meta name=\"robots\" content=\"index, follow, max-snippet:-1, max-image-preview:large, max-video-preview:-1\" \/>\n<link rel=\"canonical\" href=\"https:\/\/skaitytaknyga.lt\/en\/produktas\/isduotoji\/\" \/>\n<meta property=\"og:locale\" content=\"en_GB\" \/>\n<meta property=\"og:locale:alternate\" content=\"lt_LT\" \/>\n<meta property=\"og:type\" content=\"article\" \/>\n<meta property=\"og:title\" content=\"I\u0161duotoji\" \/>\n<meta property=\"og:description\" content=\"\u201eI\u0161duotoji&quot;, antroji \u201eNakties nam\u0173&quot; serijos knyga, yra tamsi, seksuali, kerinti bei sukre\u010dianti. Vampyr\u0173 jaunikl\u0117 Zoja Redbird apsiprato Nakties nam\u0173\" \/>\n<meta property=\"og:url\" content=\"https:\/\/skaitytaknyga.lt\/en\/produktas\/isduotoji\/\" \/>\n<meta property=\"og:site_name\" content=\"Skaitytaknyga\" \/>\n<meta property=\"article:publisher\" content=\"https:\/\/www.facebook.com\/skaitytaknyga\/\" \/>\n<meta property=\"article:modified_time\" content=\"2026-03-05T14:17:09+00:00\" \/>\n<meta property=\"og:image\" content=\"https:\/\/skaitytaknyga.lt\/wp-content\/uploads\/2024\/04\/140216-1567852869662-b9955a54-3ed1-40e2-b468-102bdeb3a1be-e1744354319643.jpg\" \/>\n\t<meta property=\"og:image:width\" content=\"498\" \/>\n\t<meta property=\"og:image:height\" content=\"765\" \/>\n\t<meta property=\"og:image:type\" content=\"image\/jpeg\" \/>\n<meta name=\"twitter:card\" content=\"summary_large_image\" \/>\n<meta name=\"twitter:label1\" content=\"Estimated reading time\" \/>\n\t<meta name=\"twitter:data1\" content=\"1 minute\" \/>\n<script type=\"application\/ld+json\" class=\"yoast-schema-graph\">{\"@context\":\"https:\/\/schema.org\",\"@graph\":[{\"@type\":\"WebPage\",\"@id\":\"https:\/\/skaitytaknyga.lt\/produktas\/isduotoji\/\",\"url\":\"https:\/\/skaitytaknyga.lt\/produktas\/isduotoji\/\",\"name\":\"I\u0161duotoji\",\"isPartOf\":{\"@id\":\"https:\/\/skaitytaknyga.lt\/#website\"},\"primaryImageOfPage\":{\"@id\":\"https:\/\/skaitytaknyga.lt\/produktas\/isduotoji\/#primaryimage\"},\"image\":{\"@id\":\"https:\/\/skaitytaknyga.lt\/produktas\/isduotoji\/#primaryimage\"},\"thumbnailUrl\":\"https:\/\/skaitytaknyga.lt\/wp-content\/uploads\/2024\/04\/140216-1567852869662-b9955a54-3ed1-40e2-b468-102bdeb3a1be-e1744354319643.jpg\",\"datePublished\":\"2025-04-11T06:50:43+00:00\",\"dateModified\":\"2026-03-05T14:17:09+00:00\",\"description\":\"\u201eI\u0161duotoji\\\", antroji \u201eNakties nam\u0173\\\" serijos knyga, yra tamsi, seksuali, kerinti bei sukre\u010dianti. Vampyr\u0173 jaunikl\u0117 Zoja Redbird apsiprato Nakties nam\u0173\",\"breadcrumb\":{\"@id\":\"https:\/\/skaitytaknyga.lt\/produktas\/isduotoji\/#breadcrumb\"},\"inLanguage\":\"en-GB\",\"potentialAction\":[{\"@type\":\"ReadAction\",\"target\":[\"https:\/\/skaitytaknyga.lt\/produktas\/isduotoji\/\"]}]},{\"@type\":\"ImageObject\",\"inLanguage\":\"en-GB\",\"@id\":\"https:\/\/skaitytaknyga.lt\/produktas\/isduotoji\/#primaryimage\",\"url\":\"https:\/\/skaitytaknyga.lt\/wp-content\/uploads\/2024\/04\/140216-1567852869662-b9955a54-3ed1-40e2-b468-102bdeb3a1be-e1744354319643.jpg\",\"contentUrl\":\"https:\/\/skaitytaknyga.lt\/wp-content\/uploads\/2024\/04\/140216-1567852869662-b9955a54-3ed1-40e2-b468-102bdeb3a1be-e1744354319643.jpg\",\"width\":498,\"height\":765,\"caption\":\"I\u0161duotoji\"},{\"@type\":\"BreadcrumbList\",\"@id\":\"https:\/\/skaitytaknyga.lt\/produktas\/isduotoji\/#breadcrumb\",\"itemListElement\":[{\"@type\":\"ListItem\",\"position\":1,\"name\":\"Home\",\"item\":\"https:\/\/skaitytaknyga.lt\/\"},{\"@type\":\"ListItem\",\"position\":2,\"name\":\"Parduotuv\u0117\",\"item\":\"https:\/\/skaitytaknyga.lt\/knygu-parduotuve\/\"},{\"@type\":\"ListItem\",\"position\":3,\"name\":\"I\u0161duotoji\"}]},{\"@type\":\"WebSite\",\"@id\":\"https:\/\/skaitytaknyga.lt\/#website\",\"url\":\"https:\/\/skaitytaknyga.lt\/\",\"name\":\"skaitytaknyga.lt\",\"description\":\"Skaitytaknyga.lt \u2013 tai ma\u017eas \u0161eimos verslas, kuris prasid\u0117jo nuo meil\u0117s knygoms ir siekio i\u0161gelb\u0117ti knygas nuo likimo prie konteinerio. Kas vienam nereikalingas daiktas \u2013 kitam lobis, o mes esame tarpininkai, kurie padeda abiems tapti laimingesniems ???? \u017dinome kaip nelengva i\u0161gyventi ma\u017eiems verslams, tad nuo \u0161iol, \u010dia rasite ir kit\u0173, ma\u017e\u0173 \u0161eim\u0173 versl\u0173, rank\u0173 darbo, dovan\u0173 sau ir artimiesiems.\",\"publisher\":{\"@id\":\"https:\/\/skaitytaknyga.lt\/#organization\"},\"potentialAction\":[{\"@type\":\"SearchAction\",\"target\":{\"@type\":\"EntryPoint\",\"urlTemplate\":\"https:\/\/skaitytaknyga.lt\/?s={search_term_string}\"},\"query-input\":{\"@type\":\"PropertyValueSpecification\",\"valueRequired\":true,\"valueName\":\"search_term_string\"}}],\"inLanguage\":\"en-GB\"},{\"@type\":\"Organization\",\"@id\":\"https:\/\/skaitytaknyga.lt\/#organization\",\"name\":\"skaitytaknyga.lt\",\"url\":\"https:\/\/skaitytaknyga.lt\/\",\"logo\":{\"@type\":\"ImageObject\",\"inLanguage\":\"en-GB\",\"@id\":\"https:\/\/skaitytaknyga.lt\/#\/schema\/logo\/image\/\",\"url\":\"https:\/\/skaitytaknyga.lt\/wp-content\/uploads\/2024\/05\/cropped-cropped-cropped-02_00843_jt3bggkj1j3HLc7SyY6rEUpg.jpeg\",\"contentUrl\":\"https:\/\/skaitytaknyga.lt\/wp-content\/uploads\/2024\/05\/cropped-cropped-cropped-02_00843_jt3bggkj1j3HLc7SyY6rEUpg.jpeg\",\"width\":1600,\"height\":1600,\"caption\":\"skaitytaknyga.lt\"},\"image\":{\"@id\":\"https:\/\/skaitytaknyga.lt\/#\/schema\/logo\/image\/\"},\"sameAs\":[\"https:\/\/www.facebook.com\/skaitytaknyga\/\"]}]}<\/script>\n<!-- \/ Yoast SEO plugin. -->","yoast_head_json":{"title":"I\u0161duotoji","description":"\u201eI\u0161duotoji\", antroji \u201eNakties nam\u0173\" serijos knyga, yra tamsi, seksuali, kerinti bei sukre\u010dianti. Vampyr\u0173 jaunikl\u0117 Zoja Redbird apsiprato Nakties nam\u0173","robots":{"index":"index","follow":"follow","max-snippet":"max-snippet:-1","max-image-preview":"max-image-preview:large","max-video-preview":"max-video-preview:-1"},"canonical":"https:\/\/skaitytaknyga.lt\/en\/produktas\/isduotoji\/","og_locale":"en_GB","og_type":"article","og_title":"[:lt]I\u0161duotoji[:] - Skaitytaknyga","og_description":"\u201eI\u0161duotoji\", antroji \u201eNakties nam\u0173\" serijos knyga, yra tamsi, seksuali, kerinti bei sukre\u010dianti. Vampyr\u0173 jaunikl\u0117 Zoja Redbird apsiprato Nakties nam\u0173","og_url":"https:\/\/skaitytaknyga.lt\/en\/produktas\/isduotoji\/","og_site_name":"Skaitytaknyga","article_publisher":"https:\/\/www.facebook.com\/skaitytaknyga\/","article_modified_time":"2026-03-05T14:17:09+00:00","og_image":[{"width":498,"height":765,"url":"https:\/\/skaitytaknyga.lt\/wp-content\/uploads\/2024\/04\/140216-1567852869662-b9955a54-3ed1-40e2-b468-102bdeb3a1be-e1744354319643.jpg","type":"image\/jpeg"}],"twitter_card":"summary_large_image","twitter_misc":{"Estimated reading time":"1 minute"},"schema":{"@context":"https:\/\/schema.org","@graph":[{"@type":"WebPage","@id":"https:\/\/skaitytaknyga.lt\/produktas\/isduotoji\/","url":"https:\/\/skaitytaknyga.lt\/produktas\/isduotoji\/","name":"I\u0161duotoji","isPartOf":{"@id":"https:\/\/skaitytaknyga.lt\/#website"},"primaryImageOfPage":{"@id":"https:\/\/skaitytaknyga.lt\/produktas\/isduotoji\/#primaryimage"},"image":{"@id":"https:\/\/skaitytaknyga.lt\/produktas\/isduotoji\/#primaryimage"},"thumbnailUrl":"https:\/\/skaitytaknyga.lt\/wp-content\/uploads\/2024\/04\/140216-1567852869662-b9955a54-3ed1-40e2-b468-102bdeb3a1be-e1744354319643.jpg","datePublished":"2025-04-11T06:50:43+00:00","dateModified":"2026-03-05T14:17:09+00:00","description":"\u201eI\u0161duotoji\", antroji \u201eNakties nam\u0173\" serijos knyga, yra tamsi, seksuali, kerinti bei sukre\u010dianti. Vampyr\u0173 jaunikl\u0117 Zoja Redbird apsiprato Nakties nam\u0173","breadcrumb":{"@id":"https:\/\/skaitytaknyga.lt\/produktas\/isduotoji\/#breadcrumb"},"inLanguage":"en-GB","potentialAction":[{"@type":"ReadAction","target":["https:\/\/skaitytaknyga.lt\/produktas\/isduotoji\/"]}]},{"@type":"ImageObject","inLanguage":"en-GB","@id":"https:\/\/skaitytaknyga.lt\/produktas\/isduotoji\/#primaryimage","url":"https:\/\/skaitytaknyga.lt\/wp-content\/uploads\/2024\/04\/140216-1567852869662-b9955a54-3ed1-40e2-b468-102bdeb3a1be-e1744354319643.jpg","contentUrl":"https:\/\/skaitytaknyga.lt\/wp-content\/uploads\/2024\/04\/140216-1567852869662-b9955a54-3ed1-40e2-b468-102bdeb3a1be-e1744354319643.jpg","width":498,"height":765,"caption":"I\u0161duotoji"},{"@type":"BreadcrumbList","@id":"https:\/\/skaitytaknyga.lt\/produktas\/isduotoji\/#breadcrumb","itemListElement":[{"@type":"ListItem","position":1,"name":"Home","item":"https:\/\/skaitytaknyga.lt\/"},{"@type":"ListItem","position":2,"name":"Parduotuv\u0117","item":"https:\/\/skaitytaknyga.lt\/knygu-parduotuve\/"},{"@type":"ListItem","position":3,"name":"I\u0161duotoji"}]},{"@type":"WebSite","@id":"https:\/\/skaitytaknyga.lt\/#website","url":"https:\/\/skaitytaknyga.lt\/","name":"skaitytaknyga.lt","description":"Skaitytaknyga.lt \u2013 tai ma\u017eas \u0161eimos verslas, kuris prasid\u0117jo nuo meil\u0117s knygoms ir siekio i\u0161gelb\u0117ti knygas nuo likimo prie konteinerio. Kas vienam nereikalingas daiktas \u2013 kitam lobis, o mes esame tarpininkai, kurie padeda abiems tapti laimingesniems ???? \u017dinome kaip nelengva i\u0161gyventi ma\u017eiems verslams, tad nuo \u0161iol, \u010dia rasite ir kit\u0173, ma\u017e\u0173 \u0161eim\u0173 versl\u0173, rank\u0173 darbo, dovan\u0173 sau ir artimiesiems.","publisher":{"@id":"https:\/\/skaitytaknyga.lt\/#organization"},"potentialAction":[{"@type":"SearchAction","target":{"@type":"EntryPoint","urlTemplate":"https:\/\/skaitytaknyga.lt\/?s={search_term_string}"},"query-input":{"@type":"PropertyValueSpecification","valueRequired":true,"valueName":"search_term_string"}}],"inLanguage":"en-GB"},{"@type":"Organization","@id":"https:\/\/skaitytaknyga.lt\/#organization","name":"skaitytaknyga.lt","url":"https:\/\/skaitytaknyga.lt\/","logo":{"@type":"ImageObject","inLanguage":"en-GB","@id":"https:\/\/skaitytaknyga.lt\/#\/schema\/logo\/image\/","url":"https:\/\/skaitytaknyga.lt\/wp-content\/uploads\/2024\/05\/cropped-cropped-cropped-02_00843_jt3bggkj1j3HLc7SyY6rEUpg.jpeg","contentUrl":"https:\/\/skaitytaknyga.lt\/wp-content\/uploads\/2024\/05\/cropped-cropped-cropped-02_00843_jt3bggkj1j3HLc7SyY6rEUpg.jpeg","width":1600,"height":1600,"caption":"skaitytaknyga.lt"},"image":{"@id":"https:\/\/skaitytaknyga.lt\/#\/schema\/logo\/image\/"},"sameAs":["https:\/\/www.facebook.com\/skaitytaknyga\/"]}]}},"_links":{"self":[{"href":"https:\/\/skaitytaknyga.lt\/en\/wp-json\/wp\/v2\/product\/2984","targetHints":{"allow":["GET"]}}],"collection":[{"href":"https:\/\/skaitytaknyga.lt\/en\/wp-json\/wp\/v2\/product"}],"about":[{"href":"https:\/\/skaitytaknyga.lt\/en\/wp-json\/wp\/v2\/types\/product"}],"replies":[{"embeddable":true,"href":"https:\/\/skaitytaknyga.lt\/en\/wp-json\/wp\/v2\/comments?post=2984"}],"wp:featuredmedia":[{"embeddable":true,"href":"https:\/\/skaitytaknyga.lt\/en\/wp-json\/wp\/v2\/media\/3014"}],"wp:attachment":[{"href":"https:\/\/skaitytaknyga.lt\/en\/wp-json\/wp\/v2\/media?parent=2984"}],"wp:term":[{"taxonomy":"product_brand","embeddable":true,"href":"https:\/\/skaitytaknyga.lt\/en\/wp-json\/wp\/v2\/product_brand?post=2984"},{"taxonomy":"product_cat","embeddable":true,"href":"https:\/\/skaitytaknyga.lt\/en\/wp-json\/wp\/v2\/product_cat?post=2984"},{"taxonomy":"product_tag","embeddable":true,"href":"https:\/\/skaitytaknyga.lt\/en\/wp-json\/wp\/v2\/product_tag?post=2984"}],"curies":[{"name":"wp","href":"https:\/\/api.w.org\/{rel}","templated":true}]}}