{"id":2981,"date":"2024-04-17T16:20:43","date_gmt":"2024-04-17T13:20:43","guid":{"rendered":"https:\/\/skaitytaknyga.lt\/?post_type=product&#038;p=2981"},"modified":"2025-06-28T11:44:19","modified_gmt":"2025-06-28T08:44:19","slug":"__trashed-229","status":"publish","type":"product","link":"https:\/\/skaitytaknyga.lt\/en\/produktas\/__trashed-229\/","title":{"rendered":"Lietuvos \u012fdomyb\u0117s (serija &#8220;Pradinuk\u0173 enciklopedija&#8221;)"},"content":{"rendered":"<p>\u201eLietuvos \u012fdomyb\u0117s&#8221; &#8211; tai ketvirtoji serijos \u201ePradinuk\u0173 enciklopedija&#8221; knyga. Nors \u0161i enciklopedija apie LIETUV\u0104 skirta pradinukams, j\u0105 bus \u012fdomu skaityti ir vyresniems mokiniams bei j\u0173 t\u0117veliams.<\/p>\n<p>Knygoje \u201eLietuvos \u012fdomyb\u0117s&#8221; surinkta daug \u012fvairi\u0173 \u012fdomybi\u0173 apie gamt\u0105, istorij\u0105, kalb\u0105, men\u0105, technik\u0105, medicin\u0105, religij\u0105 ir kitas sritis. Pateiktus \u012fdomius faktus ir rei\u0161kinius papildo \u017eaismingos iliustracijos. \u0160i spalvinga knyga prapl\u0117s akirat\u012f ir papildys mokykloje sukauptas \u017einias apie Lietuv\u0105.<\/p>\n","protected":false},"excerpt":{"rendered":"<p>\u201eLietuvos \u012fdomyb\u0117s&#8221; &#8211; tai ketvirtoji serijos \u201ePradinuk\u0173 enciklopedija&#8221; knyga. Nors \u0161i enciklopedija apie LIETUV\u0104 skirta pradinukams, j\u0105 bus \u012fdomu skaityti ir vyresniems mokiniams bei j\u0173 t\u0117veliams.<\/p>\n<p>Knygoje \u201eLietuvos \u012fdomyb\u0117s&#8221; surinkta daug \u012fvairi\u0173 \u012fdomybi\u0173 apie gamt\u0105, istorij\u0105, kalb\u0105, men\u0105, technik\u0105, medicin\u0105, religij\u0105 ir kitas sritis. Pateiktus \u012fdomius faktus ir rei\u0161kinius papildo \u017eaismingos iliustracijos. \u0160i spalvinga knyga prapl\u0117s akirat\u012f ir papildys mokykloje sukauptas \u017einias apie Lietuv\u0105.<\/p>\n","protected":false},"featured_media":3011,"comment_status":"closed","ping_status":"closed","template":"","meta":{"_acf_changed":false,"site-sidebar-layout":"default","site-content-layout":"","ast-site-content-layout":"default","site-content-style":"default","site-sidebar-style":"default","ast-global-header-display":"","ast-banner-title-visibility":"","ast-main-header-display":"","ast-hfb-above-header-display":"","ast-hfb-below-header-display":"","ast-hfb-mobile-header-display":"","site-post-title":"","ast-breadcrumbs-content":"","ast-featured-img":"","footer-sml-layout":"","ast-disable-related-posts":"","theme-transparent-header-meta":"","adv-header-id-meta":"","stick-header-meta":"","header-above-stick-meta":"","header-main-stick-meta":"","header-below-stick-meta":"","astra-migrate-meta-layouts":"default","ast-page-background-enabled":"default","ast-page-background-meta":{"desktop":{"background-color":"","background-image":"","background-repeat":"repeat","background-position":"center center","background-size":"auto","background-attachment":"scroll","background-type":"","background-media":"","overlay-type":"","overlay-color":"","overlay-opacity":"","overlay-gradient":""},"tablet":{"background-color":"","background-image":"","background-repeat":"repeat","background-position":"center center","background-size":"auto","background-attachment":"scroll","background-type":"","background-media":"","overlay-type":"","overlay-color":"","overlay-opacity":"","overlay-gradient":""},"mobile":{"background-color":"","background-image":"","background-repeat":"repeat","background-position":"center center","background-size":"auto","background-attachment":"scroll","background-type":"","background-media":"","overlay-type":"","overlay-color":"","overlay-opacity":"","overlay-gradient":""}},"ast-content-background-meta":{"desktop":{"background-color":"var(--ast-global-color-4)","background-image":"","background-repeat":"repeat","background-position":"center center","background-size":"auto","background-attachment":"scroll","background-type":"","background-media":"","overlay-type":"","overlay-color":"","overlay-opacity":"","overlay-gradient":""},"tablet":{"background-color":"var(--ast-global-color-4)","background-image":"","background-repeat":"repeat","background-position":"center center","background-size":"auto","background-attachment":"scroll","background-type":"","background-media":"","overlay-type":"","overlay-color":"","overlay-opacity":"","overlay-gradient":""},"mobile":{"background-color":"var(--ast-global-color-4)","background-image":"","background-repeat":"repeat","background-position":"center center","background-size":"auto","background-attachment":"scroll","background-type":"","background-media":"","overlay-type":"","overlay-color":"","overlay-opacity":"","overlay-gradient":""}}},"product_brand":[],"product_cat":[35,73],"product_tag":[],"class_list":{"0":"post-2981","1":"product","2":"type-product","3":"status-publish","4":"has-post-thumbnail","6":"product_cat-vaikams-ir-paaugliams","7":"product_cat-zinynai-ir-enciklopedijos","8":"desktop-align-left","9":"tablet-align-left","10":"mobile-align-left","12":"first","13":"instock","14":"shipping-taxable","15":"purchasable","16":"product-type-simple"},"acf":[],"yoast_head":"<!-- This site is optimized with the Yoast SEO plugin v27.0 - https:\/\/yoast.com\/product\/yoast-seo-wordpress\/ -->\n<title>Lietuvos \u012fdomyb\u0117s (serija &quot;Pradinuk\u0173 enciklopedija&quot;)<\/title>\n<meta name=\"description\" content=\"\u201eLietuvos \u012fdomyb\u0117s&quot; - tai ketvirtoji serijos \u201ePradinuk\u0173 enciklopedija&quot; knyga. Nors \u0161i enciklopedija apie LIETUV\u0104 skirta pradinukams, j\u0105 bus \u012fdomu skaityti ir vyresniems mokiniams bei j\u0173 t\u0117veliams.  Knygoje \u201eLietuvos \u012fdomyb\u0117s&quot; surinkta daug \u012fvairi\u0173 \u012fdomybi\u0173 apie gamt\u0105, istorij\u0105, kalb\u0105, men\u0105, technik\u0105, medicin\u0105, religij\u0105 ir kitas sritis. Pateiktus \u012fdomius faktus ir rei\u0161kinius papildo \u017eaismingos iliustracijos. \u0160i spalvinga knyga prapl\u0117s akirat\u012f ir papildys mokykloje sukauptas \u017einias apie Lietuv\u0105.\" \/>\n<meta name=\"robots\" content=\"index, follow, max-snippet:-1, max-image-preview:large, max-video-preview:-1\" \/>\n<link rel=\"canonical\" href=\"https:\/\/skaitytaknyga.lt\/en\/produktas\/__trashed-229\/\" \/>\n<meta property=\"og:locale\" content=\"en_GB\" \/>\n<meta property=\"og:locale:alternate\" content=\"lt_LT\" \/>\n<meta property=\"og:type\" content=\"article\" \/>\n<meta property=\"og:title\" content=\"Lietuvos \u012fdomyb\u0117s (serija &quot;Pradinuk\u0173 enciklopedija&quot;)\" \/>\n<meta property=\"og:description\" content=\"\u201eLietuvos \u012fdomyb\u0117s&quot; - tai ketvirtoji serijos \u201ePradinuk\u0173 enciklopedija&quot; knyga. Nors \u0161i enciklopedija apie LIETUV\u0104 skirta pradinukams, j\u0105 bus \u012fdomu skaityti ir vyresniems mokiniams bei j\u0173 t\u0117veliams.  Knygoje \u201eLietuvos \u012fdomyb\u0117s&quot; surinkta daug \u012fvairi\u0173 \u012fdomybi\u0173 apie gamt\u0105, istorij\u0105, kalb\u0105, men\u0105, technik\u0105, medicin\u0105, religij\u0105 ir kitas sritis. Pateiktus \u012fdomius faktus ir rei\u0161kinius papildo \u017eaismingos iliustracijos. \u0160i spalvinga knyga prapl\u0117s akirat\u012f ir papildys mokykloje sukauptas \u017einias apie Lietuv\u0105.\" \/>\n<meta property=\"og:url\" content=\"https:\/\/skaitytaknyga.lt\/en\/produktas\/__trashed-229\/\" \/>\n<meta property=\"og:site_name\" content=\"Skaitytaknyga\" \/>\n<meta property=\"article:publisher\" content=\"https:\/\/www.facebook.com\/skaitytaknyga\/\" \/>\n<meta property=\"article:modified_time\" content=\"2025-06-28T08:44:19+00:00\" \/>\n<meta property=\"og:image\" content=\"https:\/\/skaitytaknyga.lt\/wp-content\/uploads\/2024\/04\/000000000001105336-59de7f9817a02-asset-knyguklubas-cdb_lietuvos-idomybes_p1.jpg\" \/>\n\t<meta property=\"og:image:width\" content=\"265\" \/>\n\t<meta property=\"og:image:height\" content=\"265\" \/>\n\t<meta property=\"og:image:type\" content=\"image\/jpeg\" \/>\n<meta name=\"twitter:card\" content=\"summary_large_image\" \/>\n<script type=\"application\/ld+json\" class=\"yoast-schema-graph\">{\"@context\":\"https:\/\/schema.org\",\"@graph\":[{\"@type\":\"WebPage\",\"@id\":\"https:\/\/skaitytaknyga.lt\/produktas\/__trashed-229\/\",\"url\":\"https:\/\/skaitytaknyga.lt\/produktas\/__trashed-229\/\",\"name\":\"Lietuvos \u012fdomyb\u0117s (serija \\\"Pradinuk\u0173 enciklopedija\\\")\",\"isPartOf\":{\"@id\":\"https:\/\/skaitytaknyga.lt\/#website\"},\"primaryImageOfPage\":{\"@id\":\"https:\/\/skaitytaknyga.lt\/produktas\/__trashed-229\/#primaryimage\"},\"image\":{\"@id\":\"https:\/\/skaitytaknyga.lt\/produktas\/__trashed-229\/#primaryimage\"},\"thumbnailUrl\":\"https:\/\/skaitytaknyga.lt\/wp-content\/uploads\/2024\/04\/000000000001105336-59de7f9817a02-asset-knyguklubas-cdb_lietuvos-idomybes_p1.jpg\",\"datePublished\":\"2024-04-17T13:20:43+00:00\",\"dateModified\":\"2025-06-28T08:44:19+00:00\",\"description\":\"\u201eLietuvos \u012fdomyb\u0117s\\\" - tai ketvirtoji serijos \u201ePradinuk\u0173 enciklopedija\\\" knyga. Nors \u0161i enciklopedija apie LIETUV\u0104 skirta pradinukams, j\u0105 bus \u012fdomu skaityti ir vyresniems mokiniams bei j\u0173 t\u0117veliams. Knygoje \u201eLietuvos \u012fdomyb\u0117s\\\" surinkta daug \u012fvairi\u0173 \u012fdomybi\u0173 apie gamt\u0105, istorij\u0105, kalb\u0105, men\u0105, technik\u0105, medicin\u0105, religij\u0105 ir kitas sritis. Pateiktus \u012fdomius faktus ir rei\u0161kinius papildo \u017eaismingos iliustracijos. \u0160i spalvinga knyga prapl\u0117s akirat\u012f ir papildys mokykloje sukauptas \u017einias apie Lietuv\u0105.\",\"breadcrumb\":{\"@id\":\"https:\/\/skaitytaknyga.lt\/produktas\/__trashed-229\/#breadcrumb\"},\"inLanguage\":\"en-GB\",\"potentialAction\":[{\"@type\":\"ReadAction\",\"target\":[\"https:\/\/skaitytaknyga.lt\/produktas\/__trashed-229\/\"]}]},{\"@type\":\"ImageObject\",\"inLanguage\":\"en-GB\",\"@id\":\"https:\/\/skaitytaknyga.lt\/produktas\/__trashed-229\/#primaryimage\",\"url\":\"https:\/\/skaitytaknyga.lt\/wp-content\/uploads\/2024\/04\/000000000001105336-59de7f9817a02-asset-knyguklubas-cdb_lietuvos-idomybes_p1.jpg\",\"contentUrl\":\"https:\/\/skaitytaknyga.lt\/wp-content\/uploads\/2024\/04\/000000000001105336-59de7f9817a02-asset-knyguklubas-cdb_lietuvos-idomybes_p1.jpg\",\"width\":265,\"height\":265,\"caption\":\"000000000001105336 59de7f9817a02 asset knyguklubas cdb lietuvos idomybes p1\"},{\"@type\":\"BreadcrumbList\",\"@id\":\"https:\/\/skaitytaknyga.lt\/produktas\/__trashed-229\/#breadcrumb\",\"itemListElement\":[{\"@type\":\"ListItem\",\"position\":1,\"name\":\"Home\",\"item\":\"https:\/\/skaitytaknyga.lt\/\"},{\"@type\":\"ListItem\",\"position\":2,\"name\":\"Parduotuv\u0117\",\"item\":\"https:\/\/skaitytaknyga.lt\/knygu-parduotuve\/\"},{\"@type\":\"ListItem\",\"position\":3,\"name\":\"Lietuvos \u012fdomyb\u0117s (serija &#8220;Pradinuk\u0173 enciklopedija&#8221;)\"}]},{\"@type\":\"WebSite\",\"@id\":\"https:\/\/skaitytaknyga.lt\/#website\",\"url\":\"https:\/\/skaitytaknyga.lt\/\",\"name\":\"skaitytaknyga.lt\",\"description\":\"Skaitytaknyga.lt \u2013 tai ma\u017eas \u0161eimos verslas, kuris prasid\u0117jo nuo meil\u0117s knygoms ir siekio i\u0161gelb\u0117ti knygas nuo likimo prie konteinerio. Kas vienam nereikalingas daiktas \u2013 kitam lobis, o mes esame tarpininkai, kurie padeda abiems tapti laimingesniems ???? \u017dinome kaip nelengva i\u0161gyventi ma\u017eiems verslams, tad nuo \u0161iol, \u010dia rasite ir kit\u0173, ma\u017e\u0173 \u0161eim\u0173 versl\u0173, rank\u0173 darbo, dovan\u0173 sau ir artimiesiems.\",\"publisher\":{\"@id\":\"https:\/\/skaitytaknyga.lt\/#organization\"},\"potentialAction\":[{\"@type\":\"SearchAction\",\"target\":{\"@type\":\"EntryPoint\",\"urlTemplate\":\"https:\/\/skaitytaknyga.lt\/?s={search_term_string}\"},\"query-input\":{\"@type\":\"PropertyValueSpecification\",\"valueRequired\":true,\"valueName\":\"search_term_string\"}}],\"inLanguage\":\"en-GB\"},{\"@type\":\"Organization\",\"@id\":\"https:\/\/skaitytaknyga.lt\/#organization\",\"name\":\"skaitytaknyga.lt\",\"url\":\"https:\/\/skaitytaknyga.lt\/\",\"logo\":{\"@type\":\"ImageObject\",\"inLanguage\":\"en-GB\",\"@id\":\"https:\/\/skaitytaknyga.lt\/#\/schema\/logo\/image\/\",\"url\":\"https:\/\/skaitytaknyga.lt\/wp-content\/uploads\/2024\/05\/cropped-cropped-cropped-02_00843_jt3bggkj1j3HLc7SyY6rEUpg.jpeg\",\"contentUrl\":\"https:\/\/skaitytaknyga.lt\/wp-content\/uploads\/2024\/05\/cropped-cropped-cropped-02_00843_jt3bggkj1j3HLc7SyY6rEUpg.jpeg\",\"width\":1600,\"height\":1600,\"caption\":\"skaitytaknyga.lt\"},\"image\":{\"@id\":\"https:\/\/skaitytaknyga.lt\/#\/schema\/logo\/image\/\"},\"sameAs\":[\"https:\/\/www.facebook.com\/skaitytaknyga\/\"]}]}<\/script>\n<!-- \/ Yoast SEO plugin. -->","yoast_head_json":{"title":"Lietuvos \u012fdomyb\u0117s (serija \"Pradinuk\u0173 enciklopedija\")","description":"\u201eLietuvos \u012fdomyb\u0117s\" - tai ketvirtoji serijos \u201ePradinuk\u0173 enciklopedija\" knyga. Nors \u0161i enciklopedija apie LIETUV\u0104 skirta pradinukams, j\u0105 bus \u012fdomu skaityti ir vyresniems mokiniams bei j\u0173 t\u0117veliams.  Knygoje \u201eLietuvos \u012fdomyb\u0117s\" surinkta daug \u012fvairi\u0173 \u012fdomybi\u0173 apie gamt\u0105, istorij\u0105, kalb\u0105, men\u0105, technik\u0105, medicin\u0105, religij\u0105 ir kitas sritis. Pateiktus \u012fdomius faktus ir rei\u0161kinius papildo \u017eaismingos iliustracijos. \u0160i spalvinga knyga prapl\u0117s akirat\u012f ir papildys mokykloje sukauptas \u017einias apie Lietuv\u0105.","robots":{"index":"index","follow":"follow","max-snippet":"max-snippet:-1","max-image-preview":"max-image-preview:large","max-video-preview":"max-video-preview:-1"},"canonical":"https:\/\/skaitytaknyga.lt\/en\/produktas\/__trashed-229\/","og_locale":"en_GB","og_type":"article","og_title":"[:lt]Lietuvos \u012fdomyb\u0117s (serija \"Pradinuk\u0173 enciklopedija\")[:] - Skaitytaknyga","og_description":"\u201eLietuvos \u012fdomyb\u0117s\" - tai ketvirtoji serijos \u201ePradinuk\u0173 enciklopedija\" knyga. Nors \u0161i enciklopedija apie LIETUV\u0104 skirta pradinukams, j\u0105 bus \u012fdomu skaityti ir vyresniems mokiniams bei j\u0173 t\u0117veliams.  Knygoje \u201eLietuvos \u012fdomyb\u0117s\" surinkta daug \u012fvairi\u0173 \u012fdomybi\u0173 apie gamt\u0105, istorij\u0105, kalb\u0105, men\u0105, technik\u0105, medicin\u0105, religij\u0105 ir kitas sritis. Pateiktus \u012fdomius faktus ir rei\u0161kinius papildo \u017eaismingos iliustracijos. \u0160i spalvinga knyga prapl\u0117s akirat\u012f ir papildys mokykloje sukauptas \u017einias apie Lietuv\u0105.","og_url":"https:\/\/skaitytaknyga.lt\/en\/produktas\/__trashed-229\/","og_site_name":"Skaitytaknyga","article_publisher":"https:\/\/www.facebook.com\/skaitytaknyga\/","article_modified_time":"2025-06-28T08:44:19+00:00","og_image":[{"width":265,"height":265,"url":"https:\/\/skaitytaknyga.lt\/wp-content\/uploads\/2024\/04\/000000000001105336-59de7f9817a02-asset-knyguklubas-cdb_lietuvos-idomybes_p1.jpg","type":"image\/jpeg"}],"twitter_card":"summary_large_image","schema":{"@context":"https:\/\/schema.org","@graph":[{"@type":"WebPage","@id":"https:\/\/skaitytaknyga.lt\/produktas\/__trashed-229\/","url":"https:\/\/skaitytaknyga.lt\/produktas\/__trashed-229\/","name":"Lietuvos \u012fdomyb\u0117s (serija \"Pradinuk\u0173 enciklopedija\")","isPartOf":{"@id":"https:\/\/skaitytaknyga.lt\/#website"},"primaryImageOfPage":{"@id":"https:\/\/skaitytaknyga.lt\/produktas\/__trashed-229\/#primaryimage"},"image":{"@id":"https:\/\/skaitytaknyga.lt\/produktas\/__trashed-229\/#primaryimage"},"thumbnailUrl":"https:\/\/skaitytaknyga.lt\/wp-content\/uploads\/2024\/04\/000000000001105336-59de7f9817a02-asset-knyguklubas-cdb_lietuvos-idomybes_p1.jpg","datePublished":"2024-04-17T13:20:43+00:00","dateModified":"2025-06-28T08:44:19+00:00","description":"\u201eLietuvos \u012fdomyb\u0117s\" - tai ketvirtoji serijos \u201ePradinuk\u0173 enciklopedija\" knyga. Nors \u0161i enciklopedija apie LIETUV\u0104 skirta pradinukams, j\u0105 bus \u012fdomu skaityti ir vyresniems mokiniams bei j\u0173 t\u0117veliams. Knygoje \u201eLietuvos \u012fdomyb\u0117s\" surinkta daug \u012fvairi\u0173 \u012fdomybi\u0173 apie gamt\u0105, istorij\u0105, kalb\u0105, men\u0105, technik\u0105, medicin\u0105, religij\u0105 ir kitas sritis. Pateiktus \u012fdomius faktus ir rei\u0161kinius papildo \u017eaismingos iliustracijos. \u0160i spalvinga knyga prapl\u0117s akirat\u012f ir papildys mokykloje sukauptas \u017einias apie Lietuv\u0105.","breadcrumb":{"@id":"https:\/\/skaitytaknyga.lt\/produktas\/__trashed-229\/#breadcrumb"},"inLanguage":"en-GB","potentialAction":[{"@type":"ReadAction","target":["https:\/\/skaitytaknyga.lt\/produktas\/__trashed-229\/"]}]},{"@type":"ImageObject","inLanguage":"en-GB","@id":"https:\/\/skaitytaknyga.lt\/produktas\/__trashed-229\/#primaryimage","url":"https:\/\/skaitytaknyga.lt\/wp-content\/uploads\/2024\/04\/000000000001105336-59de7f9817a02-asset-knyguklubas-cdb_lietuvos-idomybes_p1.jpg","contentUrl":"https:\/\/skaitytaknyga.lt\/wp-content\/uploads\/2024\/04\/000000000001105336-59de7f9817a02-asset-knyguklubas-cdb_lietuvos-idomybes_p1.jpg","width":265,"height":265,"caption":"000000000001105336 59de7f9817a02 asset knyguklubas cdb lietuvos idomybes p1"},{"@type":"BreadcrumbList","@id":"https:\/\/skaitytaknyga.lt\/produktas\/__trashed-229\/#breadcrumb","itemListElement":[{"@type":"ListItem","position":1,"name":"Home","item":"https:\/\/skaitytaknyga.lt\/"},{"@type":"ListItem","position":2,"name":"Parduotuv\u0117","item":"https:\/\/skaitytaknyga.lt\/knygu-parduotuve\/"},{"@type":"ListItem","position":3,"name":"Lietuvos \u012fdomyb\u0117s (serija &#8220;Pradinuk\u0173 enciklopedija&#8221;)"}]},{"@type":"WebSite","@id":"https:\/\/skaitytaknyga.lt\/#website","url":"https:\/\/skaitytaknyga.lt\/","name":"skaitytaknyga.lt","description":"Skaitytaknyga.lt \u2013 tai ma\u017eas \u0161eimos verslas, kuris prasid\u0117jo nuo meil\u0117s knygoms ir siekio i\u0161gelb\u0117ti knygas nuo likimo prie konteinerio. Kas vienam nereikalingas daiktas \u2013 kitam lobis, o mes esame tarpininkai, kurie padeda abiems tapti laimingesniems ???? \u017dinome kaip nelengva i\u0161gyventi ma\u017eiems verslams, tad nuo \u0161iol, \u010dia rasite ir kit\u0173, ma\u017e\u0173 \u0161eim\u0173 versl\u0173, rank\u0173 darbo, dovan\u0173 sau ir artimiesiems.","publisher":{"@id":"https:\/\/skaitytaknyga.lt\/#organization"},"potentialAction":[{"@type":"SearchAction","target":{"@type":"EntryPoint","urlTemplate":"https:\/\/skaitytaknyga.lt\/?s={search_term_string}"},"query-input":{"@type":"PropertyValueSpecification","valueRequired":true,"valueName":"search_term_string"}}],"inLanguage":"en-GB"},{"@type":"Organization","@id":"https:\/\/skaitytaknyga.lt\/#organization","name":"skaitytaknyga.lt","url":"https:\/\/skaitytaknyga.lt\/","logo":{"@type":"ImageObject","inLanguage":"en-GB","@id":"https:\/\/skaitytaknyga.lt\/#\/schema\/logo\/image\/","url":"https:\/\/skaitytaknyga.lt\/wp-content\/uploads\/2024\/05\/cropped-cropped-cropped-02_00843_jt3bggkj1j3HLc7SyY6rEUpg.jpeg","contentUrl":"https:\/\/skaitytaknyga.lt\/wp-content\/uploads\/2024\/05\/cropped-cropped-cropped-02_00843_jt3bggkj1j3HLc7SyY6rEUpg.jpeg","width":1600,"height":1600,"caption":"skaitytaknyga.lt"},"image":{"@id":"https:\/\/skaitytaknyga.lt\/#\/schema\/logo\/image\/"},"sameAs":["https:\/\/www.facebook.com\/skaitytaknyga\/"]}]}},"_links":{"self":[{"href":"https:\/\/skaitytaknyga.lt\/en\/wp-json\/wp\/v2\/product\/2981","targetHints":{"allow":["GET"]}}],"collection":[{"href":"https:\/\/skaitytaknyga.lt\/en\/wp-json\/wp\/v2\/product"}],"about":[{"href":"https:\/\/skaitytaknyga.lt\/en\/wp-json\/wp\/v2\/types\/product"}],"replies":[{"embeddable":true,"href":"https:\/\/skaitytaknyga.lt\/en\/wp-json\/wp\/v2\/comments?post=2981"}],"wp:featuredmedia":[{"embeddable":true,"href":"https:\/\/skaitytaknyga.lt\/en\/wp-json\/wp\/v2\/media\/3011"}],"wp:attachment":[{"href":"https:\/\/skaitytaknyga.lt\/en\/wp-json\/wp\/v2\/media?parent=2981"}],"wp:term":[{"taxonomy":"product_brand","embeddable":true,"href":"https:\/\/skaitytaknyga.lt\/en\/wp-json\/wp\/v2\/product_brand?post=2981"},{"taxonomy":"product_cat","embeddable":true,"href":"https:\/\/skaitytaknyga.lt\/en\/wp-json\/wp\/v2\/product_cat?post=2981"},{"taxonomy":"product_tag","embeddable":true,"href":"https:\/\/skaitytaknyga.lt\/en\/wp-json\/wp\/v2\/product_tag?post=2981"}],"curies":[{"name":"wp","href":"https:\/\/api.w.org\/{rel}","templated":true}]}}