{"id":2961,"date":"2024-04-17T13:20:21","date_gmt":"2024-04-17T13:20:21","guid":{"rendered":"https:\/\/skaitytaknyga.lt\/?post_type=product&#038;p=2961"},"modified":"2025-05-12T08:57:27","modified_gmt":"2025-05-12T05:57:27","slug":"jeff-brown-flat-stanley","status":"publish","type":"product","link":"https:\/\/skaitytaknyga.lt\/en\/produktas\/jeff-brown-flat-stanley\/","title":{"rendered":"Flat Stanley"},"content":{"rendered":"<p>Join everybody&#8217;s favourite flat boy in three magical adventures &#8211; It&#8217;s Jeff Brown&#8217;s Flat Stanley. Flat Stanley The timeless story of Stanley becoming just half an inch thick: thin enough to posted to his friends. Stanley in Space No longer flat, but still adventurous, Stanley and his family take off for some inter-galactic diplomacy! Stanley, Flat Again! It can be fun being flat, but for Stanley the real thing is how to get round again? Jeff Brown&#8217;s world-famous character Flat Stanley continues to charm half a century after he first found his way into print.<\/p>\n","protected":false},"excerpt":{"rendered":"<p>Join everybody&#8217;s favourite flat boy in three magical adventures &#8211; It&#8217;s Jeff Brown&#8217;s Flat Stanley. Flat Stanley The timeless story of Stanley becoming just half an inch thick: thin enough to posted to his friends. Stanley in Space No longer flat, but still adventurous, Stanley and his family take off for some inter-galactic diplomacy! Stanley, Flat Again! It can be fun being flat, but for Stanley the real thing is how to get round again? Jeff Brown&#8217;s world-famous character Flat Stanley continues to charm half a century after he first found his way into print.<\/p>\n","protected":false},"featured_media":3007,"comment_status":"closed","ping_status":"closed","template":"","meta":{"_acf_changed":false,"site-sidebar-layout":"default","site-content-layout":"","ast-site-content-layout":"default","site-content-style":"default","site-sidebar-style":"default","ast-global-header-display":"","ast-banner-title-visibility":"","ast-main-header-display":"","ast-hfb-above-header-display":"","ast-hfb-below-header-display":"","ast-hfb-mobile-header-display":"","site-post-title":"","ast-breadcrumbs-content":"","ast-featured-img":"","footer-sml-layout":"","ast-disable-related-posts":"","theme-transparent-header-meta":"","adv-header-id-meta":"","stick-header-meta":"","header-above-stick-meta":"","header-main-stick-meta":"","header-below-stick-meta":"","astra-migrate-meta-layouts":"default","ast-page-background-enabled":"default","ast-page-background-meta":{"desktop":{"background-color":"","background-image":"","background-repeat":"repeat","background-position":"center center","background-size":"auto","background-attachment":"scroll","background-type":"","background-media":"","overlay-type":"","overlay-color":"","overlay-opacity":"","overlay-gradient":""},"tablet":{"background-color":"","background-image":"","background-repeat":"repeat","background-position":"center center","background-size":"auto","background-attachment":"scroll","background-type":"","background-media":"","overlay-type":"","overlay-color":"","overlay-opacity":"","overlay-gradient":""},"mobile":{"background-color":"","background-image":"","background-repeat":"repeat","background-position":"center center","background-size":"auto","background-attachment":"scroll","background-type":"","background-media":"","overlay-type":"","overlay-color":"","overlay-opacity":"","overlay-gradient":""}},"ast-content-background-meta":{"desktop":{"background-color":"var(--ast-global-color-4)","background-image":"","background-repeat":"repeat","background-position":"center center","background-size":"auto","background-attachment":"scroll","background-type":"","background-media":"","overlay-type":"","overlay-color":"","overlay-opacity":"","overlay-gradient":""},"tablet":{"background-color":"var(--ast-global-color-4)","background-image":"","background-repeat":"repeat","background-position":"center center","background-size":"auto","background-attachment":"scroll","background-type":"","background-media":"","overlay-type":"","overlay-color":"","overlay-opacity":"","overlay-gradient":""},"mobile":{"background-color":"var(--ast-global-color-4)","background-image":"","background-repeat":"repeat","background-position":"center center","background-size":"auto","background-attachment":"scroll","background-type":"","background-media":"","overlay-type":"","overlay-color":"","overlay-opacity":"","overlay-gradient":""}}},"product_brand":[],"product_cat":[34,35],"product_tag":[1647,1644,1560,1648,1451,1646,1645],"class_list":{"0":"post-2961","1":"product","2":"type-product","3":"status-publish","4":"has-post-thumbnail","6":"product_cat-knygos-anglu-kalba","7":"product_cat-vaikams-ir-paaugliams","8":"product_tag-draugyste","9":"product_tag-jeff-brown","10":"product_tag-kurybiskumas","11":"product_tag-mokymasis","12":"product_tag-nuotykiai","13":"product_tag-seima","14":"product_tag-vaiku-literatura","15":"desktop-align-left","16":"tablet-align-left","17":"mobile-align-left","19":"first","20":"instock","21":"shipping-taxable","22":"purchasable","23":"product-type-simple"},"acf":[],"yoast_head":"<!-- This site is optimized with the Yoast SEO plugin v27.0 - https:\/\/yoast.com\/product\/yoast-seo-wordpress\/ -->\n<title>Flat Stanley<\/title>\n<meta name=\"description\" content=\"Join everybody&#039;s favourite flat boy in three magical adventures - It&#039;s Jeff Brown&#039;s Flat Stanley. Flat Stanley The timeless story of Stanley becoming just half an inch thick: thin enough to posted to his friends. Stanley in Space No longer flat, but still adventurous, Stanley and his family take off for some inter-galactic diplomacy! Stanley, Flat Again! It can be fun being flat, but for Stanley the real thing is how to get round again? Jeff Brown&#039;s world-famous character Flat Stanley continues to charm half a century after he first found his way into print.\" \/>\n<meta name=\"robots\" content=\"index, follow, max-snippet:-1, max-image-preview:large, max-video-preview:-1\" \/>\n<link rel=\"canonical\" href=\"https:\/\/skaitytaknyga.lt\/en\/produktas\/jeff-brown-flat-stanley\/\" \/>\n<meta property=\"og:locale\" content=\"en_GB\" \/>\n<meta property=\"og:locale:alternate\" content=\"lt_LT\" \/>\n<meta property=\"og:type\" content=\"article\" \/>\n<meta property=\"og:title\" content=\"Flat Stanley\" \/>\n<meta property=\"og:description\" content=\"Join everybody&#039;s favourite flat boy in three magical adventures - It&#039;s Jeff Brown&#039;s Flat Stanley. Flat Stanley The timeless story of Stanley becoming just half an inch thick: thin enough to posted to his friends. Stanley in Space No longer flat, but still adventurous, Stanley and his family take off for some inter-galactic diplomacy! Stanley, Flat Again! It can be fun being flat, but for Stanley the real thing is how to get round again? Jeff Brown&#039;s world-famous character Flat Stanley continues to charm half a century after he first found his way into print.\" \/>\n<meta property=\"og:url\" content=\"https:\/\/skaitytaknyga.lt\/en\/produktas\/jeff-brown-flat-stanley\/\" \/>\n<meta property=\"og:site_name\" content=\"Skaitytaknyga\" \/>\n<meta property=\"article:publisher\" content=\"https:\/\/www.facebook.com\/skaitytaknyga\/\" \/>\n<meta property=\"article:modified_time\" content=\"2025-05-12T05:57:27+00:00\" \/>\n<meta property=\"og:image\" content=\"https:\/\/skaitytaknyga.lt\/wp-content\/uploads\/2024\/04\/large_9781405221474.jpg\" \/>\n\t<meta property=\"og:image:width\" content=\"261\" \/>\n\t<meta property=\"og:image:height\" content=\"400\" \/>\n\t<meta property=\"og:image:type\" content=\"image\/jpeg\" \/>\n<meta name=\"twitter:card\" content=\"summary_large_image\" \/>\n<script type=\"application\/ld+json\" class=\"yoast-schema-graph\">{\"@context\":\"https:\/\/schema.org\",\"@graph\":[{\"@type\":\"WebPage\",\"@id\":\"https:\/\/skaitytaknyga.lt\/produktas\/jeff-brown-flat-stanley\/\",\"url\":\"https:\/\/skaitytaknyga.lt\/produktas\/jeff-brown-flat-stanley\/\",\"name\":\"Flat Stanley\",\"isPartOf\":{\"@id\":\"https:\/\/skaitytaknyga.lt\/#website\"},\"primaryImageOfPage\":{\"@id\":\"https:\/\/skaitytaknyga.lt\/produktas\/jeff-brown-flat-stanley\/#primaryimage\"},\"image\":{\"@id\":\"https:\/\/skaitytaknyga.lt\/produktas\/jeff-brown-flat-stanley\/#primaryimage\"},\"thumbnailUrl\":\"https:\/\/skaitytaknyga.lt\/wp-content\/uploads\/2024\/04\/large_9781405221474.jpg\",\"datePublished\":\"2024-04-17T13:20:21+00:00\",\"dateModified\":\"2025-05-12T05:57:27+00:00\",\"description\":\"Join everybody's favourite flat boy in three magical adventures - It's Jeff Brown's Flat Stanley. Flat Stanley The timeless story of Stanley becoming just half an inch thick: thin enough to posted to his friends. Stanley in Space No longer flat, but still adventurous, Stanley and his family take off for some inter-galactic diplomacy! Stanley, Flat Again! It can be fun being flat, but for Stanley the real thing is how to get round again? Jeff Brown's world-famous character Flat Stanley continues to charm half a century after he first found his way into print.\",\"breadcrumb\":{\"@id\":\"https:\/\/skaitytaknyga.lt\/produktas\/jeff-brown-flat-stanley\/#breadcrumb\"},\"inLanguage\":\"en-GB\",\"potentialAction\":[{\"@type\":\"ReadAction\",\"target\":[\"https:\/\/skaitytaknyga.lt\/produktas\/jeff-brown-flat-stanley\/\"]}]},{\"@type\":\"ImageObject\",\"inLanguage\":\"en-GB\",\"@id\":\"https:\/\/skaitytaknyga.lt\/produktas\/jeff-brown-flat-stanley\/#primaryimage\",\"url\":\"https:\/\/skaitytaknyga.lt\/wp-content\/uploads\/2024\/04\/large_9781405221474.jpg\",\"contentUrl\":\"https:\/\/skaitytaknyga.lt\/wp-content\/uploads\/2024\/04\/large_9781405221474.jpg\",\"width\":261,\"height\":400,\"caption\":\"large 9781405221474\"},{\"@type\":\"BreadcrumbList\",\"@id\":\"https:\/\/skaitytaknyga.lt\/produktas\/jeff-brown-flat-stanley\/#breadcrumb\",\"itemListElement\":[{\"@type\":\"ListItem\",\"position\":1,\"name\":\"Home\",\"item\":\"https:\/\/skaitytaknyga.lt\/\"},{\"@type\":\"ListItem\",\"position\":2,\"name\":\"Parduotuv\u0117\",\"item\":\"https:\/\/skaitytaknyga.lt\/knygu-parduotuve\/\"},{\"@type\":\"ListItem\",\"position\":3,\"name\":\"Flat Stanley\"}]},{\"@type\":\"WebSite\",\"@id\":\"https:\/\/skaitytaknyga.lt\/#website\",\"url\":\"https:\/\/skaitytaknyga.lt\/\",\"name\":\"skaitytaknyga.lt\",\"description\":\"Skaitytaknyga.lt \u2013 tai ma\u017eas \u0161eimos verslas, kuris prasid\u0117jo nuo meil\u0117s knygoms ir siekio i\u0161gelb\u0117ti knygas nuo likimo prie konteinerio. Kas vienam nereikalingas daiktas \u2013 kitam lobis, o mes esame tarpininkai, kurie padeda abiems tapti laimingesniems ???? \u017dinome kaip nelengva i\u0161gyventi ma\u017eiems verslams, tad nuo \u0161iol, \u010dia rasite ir kit\u0173, ma\u017e\u0173 \u0161eim\u0173 versl\u0173, rank\u0173 darbo, dovan\u0173 sau ir artimiesiems.\",\"publisher\":{\"@id\":\"https:\/\/skaitytaknyga.lt\/#organization\"},\"potentialAction\":[{\"@type\":\"SearchAction\",\"target\":{\"@type\":\"EntryPoint\",\"urlTemplate\":\"https:\/\/skaitytaknyga.lt\/?s={search_term_string}\"},\"query-input\":{\"@type\":\"PropertyValueSpecification\",\"valueRequired\":true,\"valueName\":\"search_term_string\"}}],\"inLanguage\":\"en-GB\"},{\"@type\":\"Organization\",\"@id\":\"https:\/\/skaitytaknyga.lt\/#organization\",\"name\":\"skaitytaknyga.lt\",\"url\":\"https:\/\/skaitytaknyga.lt\/\",\"logo\":{\"@type\":\"ImageObject\",\"inLanguage\":\"en-GB\",\"@id\":\"https:\/\/skaitytaknyga.lt\/#\/schema\/logo\/image\/\",\"url\":\"https:\/\/skaitytaknyga.lt\/wp-content\/uploads\/2024\/05\/cropped-cropped-cropped-02_00843_jt3bggkj1j3HLc7SyY6rEUpg.jpeg\",\"contentUrl\":\"https:\/\/skaitytaknyga.lt\/wp-content\/uploads\/2024\/05\/cropped-cropped-cropped-02_00843_jt3bggkj1j3HLc7SyY6rEUpg.jpeg\",\"width\":1600,\"height\":1600,\"caption\":\"skaitytaknyga.lt\"},\"image\":{\"@id\":\"https:\/\/skaitytaknyga.lt\/#\/schema\/logo\/image\/\"},\"sameAs\":[\"https:\/\/www.facebook.com\/skaitytaknyga\/\"]}]}<\/script>\n<!-- \/ Yoast SEO plugin. -->","yoast_head_json":{"title":"Flat Stanley","description":"Join everybody's favourite flat boy in three magical adventures - It's Jeff Brown's Flat Stanley. Flat Stanley The timeless story of Stanley becoming just half an inch thick: thin enough to posted to his friends. Stanley in Space No longer flat, but still adventurous, Stanley and his family take off for some inter-galactic diplomacy! Stanley, Flat Again! It can be fun being flat, but for Stanley the real thing is how to get round again? Jeff Brown's world-famous character Flat Stanley continues to charm half a century after he first found his way into print.","robots":{"index":"index","follow":"follow","max-snippet":"max-snippet:-1","max-image-preview":"max-image-preview:large","max-video-preview":"max-video-preview:-1"},"canonical":"https:\/\/skaitytaknyga.lt\/en\/produktas\/jeff-brown-flat-stanley\/","og_locale":"en_GB","og_type":"article","og_title":"[:lt]Flat Stanley[:] - Skaitytaknyga","og_description":"Join everybody's favourite flat boy in three magical adventures - It's Jeff Brown's Flat Stanley. Flat Stanley The timeless story of Stanley becoming just half an inch thick: thin enough to posted to his friends. Stanley in Space No longer flat, but still adventurous, Stanley and his family take off for some inter-galactic diplomacy! Stanley, Flat Again! It can be fun being flat, but for Stanley the real thing is how to get round again? Jeff Brown's world-famous character Flat Stanley continues to charm half a century after he first found his way into print.","og_url":"https:\/\/skaitytaknyga.lt\/en\/produktas\/jeff-brown-flat-stanley\/","og_site_name":"Skaitytaknyga","article_publisher":"https:\/\/www.facebook.com\/skaitytaknyga\/","article_modified_time":"2025-05-12T05:57:27+00:00","og_image":[{"width":261,"height":400,"url":"https:\/\/skaitytaknyga.lt\/wp-content\/uploads\/2024\/04\/large_9781405221474.jpg","type":"image\/jpeg"}],"twitter_card":"summary_large_image","schema":{"@context":"https:\/\/schema.org","@graph":[{"@type":"WebPage","@id":"https:\/\/skaitytaknyga.lt\/produktas\/jeff-brown-flat-stanley\/","url":"https:\/\/skaitytaknyga.lt\/produktas\/jeff-brown-flat-stanley\/","name":"Flat Stanley","isPartOf":{"@id":"https:\/\/skaitytaknyga.lt\/#website"},"primaryImageOfPage":{"@id":"https:\/\/skaitytaknyga.lt\/produktas\/jeff-brown-flat-stanley\/#primaryimage"},"image":{"@id":"https:\/\/skaitytaknyga.lt\/produktas\/jeff-brown-flat-stanley\/#primaryimage"},"thumbnailUrl":"https:\/\/skaitytaknyga.lt\/wp-content\/uploads\/2024\/04\/large_9781405221474.jpg","datePublished":"2024-04-17T13:20:21+00:00","dateModified":"2025-05-12T05:57:27+00:00","description":"Join everybody's favourite flat boy in three magical adventures - It's Jeff Brown's Flat Stanley. Flat Stanley The timeless story of Stanley becoming just half an inch thick: thin enough to posted to his friends. Stanley in Space No longer flat, but still adventurous, Stanley and his family take off for some inter-galactic diplomacy! Stanley, Flat Again! It can be fun being flat, but for Stanley the real thing is how to get round again? Jeff Brown's world-famous character Flat Stanley continues to charm half a century after he first found his way into print.","breadcrumb":{"@id":"https:\/\/skaitytaknyga.lt\/produktas\/jeff-brown-flat-stanley\/#breadcrumb"},"inLanguage":"en-GB","potentialAction":[{"@type":"ReadAction","target":["https:\/\/skaitytaknyga.lt\/produktas\/jeff-brown-flat-stanley\/"]}]},{"@type":"ImageObject","inLanguage":"en-GB","@id":"https:\/\/skaitytaknyga.lt\/produktas\/jeff-brown-flat-stanley\/#primaryimage","url":"https:\/\/skaitytaknyga.lt\/wp-content\/uploads\/2024\/04\/large_9781405221474.jpg","contentUrl":"https:\/\/skaitytaknyga.lt\/wp-content\/uploads\/2024\/04\/large_9781405221474.jpg","width":261,"height":400,"caption":"large 9781405221474"},{"@type":"BreadcrumbList","@id":"https:\/\/skaitytaknyga.lt\/produktas\/jeff-brown-flat-stanley\/#breadcrumb","itemListElement":[{"@type":"ListItem","position":1,"name":"Home","item":"https:\/\/skaitytaknyga.lt\/"},{"@type":"ListItem","position":2,"name":"Parduotuv\u0117","item":"https:\/\/skaitytaknyga.lt\/knygu-parduotuve\/"},{"@type":"ListItem","position":3,"name":"Flat Stanley"}]},{"@type":"WebSite","@id":"https:\/\/skaitytaknyga.lt\/#website","url":"https:\/\/skaitytaknyga.lt\/","name":"skaitytaknyga.lt","description":"Skaitytaknyga.lt \u2013 tai ma\u017eas \u0161eimos verslas, kuris prasid\u0117jo nuo meil\u0117s knygoms ir siekio i\u0161gelb\u0117ti knygas nuo likimo prie konteinerio. Kas vienam nereikalingas daiktas \u2013 kitam lobis, o mes esame tarpininkai, kurie padeda abiems tapti laimingesniems ???? \u017dinome kaip nelengva i\u0161gyventi ma\u017eiems verslams, tad nuo \u0161iol, \u010dia rasite ir kit\u0173, ma\u017e\u0173 \u0161eim\u0173 versl\u0173, rank\u0173 darbo, dovan\u0173 sau ir artimiesiems.","publisher":{"@id":"https:\/\/skaitytaknyga.lt\/#organization"},"potentialAction":[{"@type":"SearchAction","target":{"@type":"EntryPoint","urlTemplate":"https:\/\/skaitytaknyga.lt\/?s={search_term_string}"},"query-input":{"@type":"PropertyValueSpecification","valueRequired":true,"valueName":"search_term_string"}}],"inLanguage":"en-GB"},{"@type":"Organization","@id":"https:\/\/skaitytaknyga.lt\/#organization","name":"skaitytaknyga.lt","url":"https:\/\/skaitytaknyga.lt\/","logo":{"@type":"ImageObject","inLanguage":"en-GB","@id":"https:\/\/skaitytaknyga.lt\/#\/schema\/logo\/image\/","url":"https:\/\/skaitytaknyga.lt\/wp-content\/uploads\/2024\/05\/cropped-cropped-cropped-02_00843_jt3bggkj1j3HLc7SyY6rEUpg.jpeg","contentUrl":"https:\/\/skaitytaknyga.lt\/wp-content\/uploads\/2024\/05\/cropped-cropped-cropped-02_00843_jt3bggkj1j3HLc7SyY6rEUpg.jpeg","width":1600,"height":1600,"caption":"skaitytaknyga.lt"},"image":{"@id":"https:\/\/skaitytaknyga.lt\/#\/schema\/logo\/image\/"},"sameAs":["https:\/\/www.facebook.com\/skaitytaknyga\/"]}]}},"_links":{"self":[{"href":"https:\/\/skaitytaknyga.lt\/en\/wp-json\/wp\/v2\/product\/2961","targetHints":{"allow":["GET"]}}],"collection":[{"href":"https:\/\/skaitytaknyga.lt\/en\/wp-json\/wp\/v2\/product"}],"about":[{"href":"https:\/\/skaitytaknyga.lt\/en\/wp-json\/wp\/v2\/types\/product"}],"replies":[{"embeddable":true,"href":"https:\/\/skaitytaknyga.lt\/en\/wp-json\/wp\/v2\/comments?post=2961"}],"wp:featuredmedia":[{"embeddable":true,"href":"https:\/\/skaitytaknyga.lt\/en\/wp-json\/wp\/v2\/media\/3007"}],"wp:attachment":[{"href":"https:\/\/skaitytaknyga.lt\/en\/wp-json\/wp\/v2\/media?parent=2961"}],"wp:term":[{"taxonomy":"product_brand","embeddable":true,"href":"https:\/\/skaitytaknyga.lt\/en\/wp-json\/wp\/v2\/product_brand?post=2961"},{"taxonomy":"product_cat","embeddable":true,"href":"https:\/\/skaitytaknyga.lt\/en\/wp-json\/wp\/v2\/product_cat?post=2961"},{"taxonomy":"product_tag","embeddable":true,"href":"https:\/\/skaitytaknyga.lt\/en\/wp-json\/wp\/v2\/product_tag?post=2961"}],"curies":[{"name":"wp","href":"https:\/\/api.w.org\/{rel}","templated":true}]}}