{"id":2955,"date":"2024-04-17T13:20:20","date_gmt":"2024-04-17T13:20:20","guid":{"rendered":"https:\/\/skaitytaknyga.lt\/?post_type=product&#038;p=2955"},"modified":"2026-01-30T20:49:47","modified_gmt":"2026-01-30T18:49:47","slug":"diamond-marilyn-schnell-donald-burton-fitonika","status":"publish","type":"product","link":"https:\/\/skaitytaknyga.lt\/en\/produktas\/diamond-marilyn-schnell-donald-burton-fitonika\/","title":{"rendered":"\u201eFitonika\u201c"},"content":{"rendered":"<p>Knygoje apibendrinami special\u016bs 50 met\u0173 truk\u0119 tyrimai, kaip atsikratyti antsvorio, i\u0161laikyti jaunatvi\u0161kai grak\u0161\u010di\u0105 fig\u016br\u0105 ir vis\u0105 gyvenim\u0105 i\u0161likti sveikiems, \u017evaliems ir laimingiems.<\/p>\n","protected":false},"excerpt":{"rendered":"<p>Fitonika &#8211; tai ilgo sveiko gyvenimo b\u016bdo tyrim\u0173 rezultatas, nauja \u017emogaus fizinio bei psichologinio tobulinimo programa. Fitonika &#8211; tai visi\u0161kai paprasta. Ji moko, kaip i\u0161saugoti normal\u0173 k\u016bno svor\u012f, teisingai maitintis, r\u016bpintis savo fig\u016bra, kokius atlikti pratimus, kaip kv\u0117puoti ir medituoti &#8211; visa tai, atrodyt\u0173, paprasti dalykai, ta\u010diau drauge jie sudaro tai, k\u0105 gal\u0117tume pavadinti XXI am\u017eiaus gyvenimo b\u016bdu.<\/p>\n","protected":false},"featured_media":3001,"comment_status":"closed","ping_status":"closed","template":"","meta":{"_acf_changed":false,"site-sidebar-layout":"default","site-content-layout":"","ast-site-content-layout":"default","site-content-style":"default","site-sidebar-style":"default","ast-global-header-display":"","ast-banner-title-visibility":"","ast-main-header-display":"","ast-hfb-above-header-display":"","ast-hfb-below-header-display":"","ast-hfb-mobile-header-display":"","site-post-title":"","ast-breadcrumbs-content":"","ast-featured-img":"","footer-sml-layout":"","ast-disable-related-posts":"","theme-transparent-header-meta":"","adv-header-id-meta":"","stick-header-meta":"","header-above-stick-meta":"","header-main-stick-meta":"","header-below-stick-meta":"","astra-migrate-meta-layouts":"default","ast-page-background-enabled":"default","ast-page-background-meta":{"desktop":{"background-color":"","background-image":"","background-repeat":"repeat","background-position":"center center","background-size":"auto","background-attachment":"scroll","background-type":"","background-media":"","overlay-type":"","overlay-color":"","overlay-opacity":"","overlay-gradient":""},"tablet":{"background-color":"","background-image":"","background-repeat":"repeat","background-position":"center center","background-size":"auto","background-attachment":"scroll","background-type":"","background-media":"","overlay-type":"","overlay-color":"","overlay-opacity":"","overlay-gradient":""},"mobile":{"background-color":"","background-image":"","background-repeat":"repeat","background-position":"center center","background-size":"auto","background-attachment":"scroll","background-type":"","background-media":"","overlay-type":"","overlay-color":"","overlay-opacity":"","overlay-gradient":""}},"ast-content-background-meta":{"desktop":{"background-color":"var(--ast-global-color-4)","background-image":"","background-repeat":"repeat","background-position":"center center","background-size":"auto","background-attachment":"scroll","background-type":"","background-media":"","overlay-type":"","overlay-color":"","overlay-opacity":"","overlay-gradient":""},"tablet":{"background-color":"var(--ast-global-color-4)","background-image":"","background-repeat":"repeat","background-position":"center center","background-size":"auto","background-attachment":"scroll","background-type":"","background-media":"","overlay-type":"","overlay-color":"","overlay-opacity":"","overlay-gradient":""},"mobile":{"background-color":"var(--ast-global-color-4)","background-image":"","background-repeat":"repeat","background-position":"center center","background-size":"auto","background-attachment":"scroll","background-type":"","background-media":"","overlay-type":"","overlay-color":"","overlay-opacity":"","overlay-gradient":""}}},"product_brand":[],"product_cat":[55],"product_tag":[9382,9383],"class_list":{"0":"post-2955","1":"product","2":"type-product","3":"status-publish","4":"has-post-thumbnail","6":"product_cat-sveikata-ir-sveika-mityba","7":"product_tag-diamond-marilyn","8":"product_tag-schnell-donald-burton","9":"desktop-align-left","10":"tablet-align-left","11":"mobile-align-left","13":"first","14":"instock","15":"shipping-taxable","16":"purchasable","17":"product-type-simple"},"acf":[],"yoast_head":"<!-- This site is optimized with the Yoast SEO plugin v27.0 - https:\/\/yoast.com\/product\/yoast-seo-wordpress\/ -->\n<title>\u201eFitonika\u201c<\/title>\n<meta name=\"description\" content=\"Fitonika - tai ilgo sveiko gyvenimo b\u016bdo tyrim\u0173 rezultatas, nauja \u017emogaus fizinio bei psichologinio tobulinimo programa. Fitonika - tai visi\u0161kai paprasta. Ji moko, kaip i\u0161saugoti normal\u0173 k\u016bno svor\u012f, teisingai maitintis, r\u016bpintis savo fig\u016bra, kokius atlikti pratimus, kaip kv\u0117puoti ir medituoti - visa tai, atrodyt\u0173, paprasti dalykai, ta\u010diau drauge jie sudaro tai, k\u0105 gal\u0117tume pavadinti XXI am\u017eiaus gyvenimo b\u016bdu.\" \/>\n<meta name=\"robots\" content=\"index, follow, max-snippet:-1, max-image-preview:large, max-video-preview:-1\" \/>\n<link rel=\"canonical\" href=\"https:\/\/skaitytaknyga.lt\/en\/produktas\/diamond-marilyn-schnell-donald-burton-fitonika\/\" \/>\n<meta property=\"og:locale\" content=\"en_GB\" \/>\n<meta property=\"og:locale:alternate\" content=\"lt_LT\" \/>\n<meta property=\"og:type\" content=\"article\" \/>\n<meta property=\"og:title\" content=\"\u201eFitonika\u201c\" \/>\n<meta property=\"og:description\" content=\"Fitonika - tai ilgo sveiko gyvenimo b\u016bdo tyrim\u0173 rezultatas, nauja \u017emogaus fizinio bei psichologinio tobulinimo programa. Fitonika - tai visi\u0161kai paprasta. Ji moko, kaip i\u0161saugoti normal\u0173 k\u016bno svor\u012f, teisingai maitintis, r\u016bpintis savo fig\u016bra, kokius atlikti pratimus, kaip kv\u0117puoti ir medituoti - visa tai, atrodyt\u0173, paprasti dalykai, ta\u010diau drauge jie sudaro tai, k\u0105 gal\u0117tume pavadinti XXI am\u017eiaus gyvenimo b\u016bdu.\" \/>\n<meta property=\"og:url\" content=\"https:\/\/skaitytaknyga.lt\/en\/produktas\/diamond-marilyn-schnell-donald-burton-fitonika\/\" \/>\n<meta property=\"og:site_name\" content=\"Skaitytaknyga\" \/>\n<meta property=\"article:publisher\" content=\"https:\/\/www.facebook.com\/skaitytaknyga\/\" \/>\n<meta property=\"article:modified_time\" content=\"2026-01-30T18:49:47+00:00\" \/>\n<meta property=\"og:image\" content=\"https:\/\/skaitytaknyga.lt\/wp-content\/uploads\/2024\/04\/223219-20181202-160733-e1606835061965.jpg\" \/>\n\t<meta property=\"og:image:width\" content=\"540\" \/>\n\t<meta property=\"og:image:height\" content=\"792\" \/>\n\t<meta property=\"og:image:type\" content=\"image\/jpeg\" \/>\n<meta name=\"twitter:card\" content=\"summary_large_image\" \/>\n<script type=\"application\/ld+json\" class=\"yoast-schema-graph\">{\"@context\":\"https:\/\/schema.org\",\"@graph\":[{\"@type\":\"WebPage\",\"@id\":\"https:\/\/skaitytaknyga.lt\/produktas\/diamond-marilyn-schnell-donald-burton-fitonika\/\",\"url\":\"https:\/\/skaitytaknyga.lt\/produktas\/diamond-marilyn-schnell-donald-burton-fitonika\/\",\"name\":\"\u201eFitonika\u201c\",\"isPartOf\":{\"@id\":\"https:\/\/skaitytaknyga.lt\/#website\"},\"primaryImageOfPage\":{\"@id\":\"https:\/\/skaitytaknyga.lt\/produktas\/diamond-marilyn-schnell-donald-burton-fitonika\/#primaryimage\"},\"image\":{\"@id\":\"https:\/\/skaitytaknyga.lt\/produktas\/diamond-marilyn-schnell-donald-burton-fitonika\/#primaryimage\"},\"thumbnailUrl\":\"https:\/\/skaitytaknyga.lt\/wp-content\/uploads\/2024\/04\/223219-20181202-160733-e1606835061965.jpg\",\"datePublished\":\"2024-04-17T13:20:20+00:00\",\"dateModified\":\"2026-01-30T18:49:47+00:00\",\"description\":\"Fitonika - tai ilgo sveiko gyvenimo b\u016bdo tyrim\u0173 rezultatas, nauja \u017emogaus fizinio bei psichologinio tobulinimo programa. Fitonika - tai visi\u0161kai paprasta. Ji moko, kaip i\u0161saugoti normal\u0173 k\u016bno svor\u012f, teisingai maitintis, r\u016bpintis savo fig\u016bra, kokius atlikti pratimus, kaip kv\u0117puoti ir medituoti - visa tai, atrodyt\u0173, paprasti dalykai, ta\u010diau drauge jie sudaro tai, k\u0105 gal\u0117tume pavadinti XXI am\u017eiaus gyvenimo b\u016bdu.\",\"breadcrumb\":{\"@id\":\"https:\/\/skaitytaknyga.lt\/produktas\/diamond-marilyn-schnell-donald-burton-fitonika\/#breadcrumb\"},\"inLanguage\":\"en-GB\",\"potentialAction\":[{\"@type\":\"ReadAction\",\"target\":[\"https:\/\/skaitytaknyga.lt\/produktas\/diamond-marilyn-schnell-donald-burton-fitonika\/\"]}]},{\"@type\":\"ImageObject\",\"inLanguage\":\"en-GB\",\"@id\":\"https:\/\/skaitytaknyga.lt\/produktas\/diamond-marilyn-schnell-donald-burton-fitonika\/#primaryimage\",\"url\":\"https:\/\/skaitytaknyga.lt\/wp-content\/uploads\/2024\/04\/223219-20181202-160733-e1606835061965.jpg\",\"contentUrl\":\"https:\/\/skaitytaknyga.lt\/wp-content\/uploads\/2024\/04\/223219-20181202-160733-e1606835061965.jpg\",\"width\":540,\"height\":792,\"caption\":\"223219 20181202 160733 e1606835061965\"},{\"@type\":\"BreadcrumbList\",\"@id\":\"https:\/\/skaitytaknyga.lt\/produktas\/diamond-marilyn-schnell-donald-burton-fitonika\/#breadcrumb\",\"itemListElement\":[{\"@type\":\"ListItem\",\"position\":1,\"name\":\"Home\",\"item\":\"https:\/\/skaitytaknyga.lt\/\"},{\"@type\":\"ListItem\",\"position\":2,\"name\":\"Parduotuv\u0117\",\"item\":\"https:\/\/skaitytaknyga.lt\/knygu-parduotuve\/\"},{\"@type\":\"ListItem\",\"position\":3,\"name\":\"\u201eFitonika\u201c\"}]},{\"@type\":\"WebSite\",\"@id\":\"https:\/\/skaitytaknyga.lt\/#website\",\"url\":\"https:\/\/skaitytaknyga.lt\/\",\"name\":\"skaitytaknyga.lt\",\"description\":\"Skaitytaknyga.lt \u2013 tai ma\u017eas \u0161eimos verslas, kuris prasid\u0117jo nuo meil\u0117s knygoms ir siekio i\u0161gelb\u0117ti knygas nuo likimo prie konteinerio. Kas vienam nereikalingas daiktas \u2013 kitam lobis, o mes esame tarpininkai, kurie padeda abiems tapti laimingesniems ???? \u017dinome kaip nelengva i\u0161gyventi ma\u017eiems verslams, tad nuo \u0161iol, \u010dia rasite ir kit\u0173, ma\u017e\u0173 \u0161eim\u0173 versl\u0173, rank\u0173 darbo, dovan\u0173 sau ir artimiesiems.\",\"publisher\":{\"@id\":\"https:\/\/skaitytaknyga.lt\/#organization\"},\"potentialAction\":[{\"@type\":\"SearchAction\",\"target\":{\"@type\":\"EntryPoint\",\"urlTemplate\":\"https:\/\/skaitytaknyga.lt\/?s={search_term_string}\"},\"query-input\":{\"@type\":\"PropertyValueSpecification\",\"valueRequired\":true,\"valueName\":\"search_term_string\"}}],\"inLanguage\":\"en-GB\"},{\"@type\":\"Organization\",\"@id\":\"https:\/\/skaitytaknyga.lt\/#organization\",\"name\":\"skaitytaknyga.lt\",\"url\":\"https:\/\/skaitytaknyga.lt\/\",\"logo\":{\"@type\":\"ImageObject\",\"inLanguage\":\"en-GB\",\"@id\":\"https:\/\/skaitytaknyga.lt\/#\/schema\/logo\/image\/\",\"url\":\"https:\/\/skaitytaknyga.lt\/wp-content\/uploads\/2024\/05\/cropped-cropped-cropped-02_00843_jt3bggkj1j3HLc7SyY6rEUpg.jpeg\",\"contentUrl\":\"https:\/\/skaitytaknyga.lt\/wp-content\/uploads\/2024\/05\/cropped-cropped-cropped-02_00843_jt3bggkj1j3HLc7SyY6rEUpg.jpeg\",\"width\":1600,\"height\":1600,\"caption\":\"skaitytaknyga.lt\"},\"image\":{\"@id\":\"https:\/\/skaitytaknyga.lt\/#\/schema\/logo\/image\/\"},\"sameAs\":[\"https:\/\/www.facebook.com\/skaitytaknyga\/\"]}]}<\/script>\n<!-- \/ Yoast SEO plugin. -->","yoast_head_json":{"title":"\u201eFitonika\u201c","description":"Fitonika - tai ilgo sveiko gyvenimo b\u016bdo tyrim\u0173 rezultatas, nauja \u017emogaus fizinio bei psichologinio tobulinimo programa. Fitonika - tai visi\u0161kai paprasta. Ji moko, kaip i\u0161saugoti normal\u0173 k\u016bno svor\u012f, teisingai maitintis, r\u016bpintis savo fig\u016bra, kokius atlikti pratimus, kaip kv\u0117puoti ir medituoti - visa tai, atrodyt\u0173, paprasti dalykai, ta\u010diau drauge jie sudaro tai, k\u0105 gal\u0117tume pavadinti XXI am\u017eiaus gyvenimo b\u016bdu.","robots":{"index":"index","follow":"follow","max-snippet":"max-snippet:-1","max-image-preview":"max-image-preview:large","max-video-preview":"max-video-preview:-1"},"canonical":"https:\/\/skaitytaknyga.lt\/en\/produktas\/diamond-marilyn-schnell-donald-burton-fitonika\/","og_locale":"en_GB","og_type":"article","og_title":"[:lt]\u201eFitonika\u201c[:] - Skaitytaknyga","og_description":"Fitonika - tai ilgo sveiko gyvenimo b\u016bdo tyrim\u0173 rezultatas, nauja \u017emogaus fizinio bei psichologinio tobulinimo programa. Fitonika - tai visi\u0161kai paprasta. Ji moko, kaip i\u0161saugoti normal\u0173 k\u016bno svor\u012f, teisingai maitintis, r\u016bpintis savo fig\u016bra, kokius atlikti pratimus, kaip kv\u0117puoti ir medituoti - visa tai, atrodyt\u0173, paprasti dalykai, ta\u010diau drauge jie sudaro tai, k\u0105 gal\u0117tume pavadinti XXI am\u017eiaus gyvenimo b\u016bdu.","og_url":"https:\/\/skaitytaknyga.lt\/en\/produktas\/diamond-marilyn-schnell-donald-burton-fitonika\/","og_site_name":"Skaitytaknyga","article_publisher":"https:\/\/www.facebook.com\/skaitytaknyga\/","article_modified_time":"2026-01-30T18:49:47+00:00","og_image":[{"width":540,"height":792,"url":"https:\/\/skaitytaknyga.lt\/wp-content\/uploads\/2024\/04\/223219-20181202-160733-e1606835061965.jpg","type":"image\/jpeg"}],"twitter_card":"summary_large_image","schema":{"@context":"https:\/\/schema.org","@graph":[{"@type":"WebPage","@id":"https:\/\/skaitytaknyga.lt\/produktas\/diamond-marilyn-schnell-donald-burton-fitonika\/","url":"https:\/\/skaitytaknyga.lt\/produktas\/diamond-marilyn-schnell-donald-burton-fitonika\/","name":"\u201eFitonika\u201c","isPartOf":{"@id":"https:\/\/skaitytaknyga.lt\/#website"},"primaryImageOfPage":{"@id":"https:\/\/skaitytaknyga.lt\/produktas\/diamond-marilyn-schnell-donald-burton-fitonika\/#primaryimage"},"image":{"@id":"https:\/\/skaitytaknyga.lt\/produktas\/diamond-marilyn-schnell-donald-burton-fitonika\/#primaryimage"},"thumbnailUrl":"https:\/\/skaitytaknyga.lt\/wp-content\/uploads\/2024\/04\/223219-20181202-160733-e1606835061965.jpg","datePublished":"2024-04-17T13:20:20+00:00","dateModified":"2026-01-30T18:49:47+00:00","description":"Fitonika - tai ilgo sveiko gyvenimo b\u016bdo tyrim\u0173 rezultatas, nauja \u017emogaus fizinio bei psichologinio tobulinimo programa. Fitonika - tai visi\u0161kai paprasta. Ji moko, kaip i\u0161saugoti normal\u0173 k\u016bno svor\u012f, teisingai maitintis, r\u016bpintis savo fig\u016bra, kokius atlikti pratimus, kaip kv\u0117puoti ir medituoti - visa tai, atrodyt\u0173, paprasti dalykai, ta\u010diau drauge jie sudaro tai, k\u0105 gal\u0117tume pavadinti XXI am\u017eiaus gyvenimo b\u016bdu.","breadcrumb":{"@id":"https:\/\/skaitytaknyga.lt\/produktas\/diamond-marilyn-schnell-donald-burton-fitonika\/#breadcrumb"},"inLanguage":"en-GB","potentialAction":[{"@type":"ReadAction","target":["https:\/\/skaitytaknyga.lt\/produktas\/diamond-marilyn-schnell-donald-burton-fitonika\/"]}]},{"@type":"ImageObject","inLanguage":"en-GB","@id":"https:\/\/skaitytaknyga.lt\/produktas\/diamond-marilyn-schnell-donald-burton-fitonika\/#primaryimage","url":"https:\/\/skaitytaknyga.lt\/wp-content\/uploads\/2024\/04\/223219-20181202-160733-e1606835061965.jpg","contentUrl":"https:\/\/skaitytaknyga.lt\/wp-content\/uploads\/2024\/04\/223219-20181202-160733-e1606835061965.jpg","width":540,"height":792,"caption":"223219 20181202 160733 e1606835061965"},{"@type":"BreadcrumbList","@id":"https:\/\/skaitytaknyga.lt\/produktas\/diamond-marilyn-schnell-donald-burton-fitonika\/#breadcrumb","itemListElement":[{"@type":"ListItem","position":1,"name":"Home","item":"https:\/\/skaitytaknyga.lt\/"},{"@type":"ListItem","position":2,"name":"Parduotuv\u0117","item":"https:\/\/skaitytaknyga.lt\/knygu-parduotuve\/"},{"@type":"ListItem","position":3,"name":"\u201eFitonika\u201c"}]},{"@type":"WebSite","@id":"https:\/\/skaitytaknyga.lt\/#website","url":"https:\/\/skaitytaknyga.lt\/","name":"skaitytaknyga.lt","description":"Skaitytaknyga.lt \u2013 tai ma\u017eas \u0161eimos verslas, kuris prasid\u0117jo nuo meil\u0117s knygoms ir siekio i\u0161gelb\u0117ti knygas nuo likimo prie konteinerio. Kas vienam nereikalingas daiktas \u2013 kitam lobis, o mes esame tarpininkai, kurie padeda abiems tapti laimingesniems ???? \u017dinome kaip nelengva i\u0161gyventi ma\u017eiems verslams, tad nuo \u0161iol, \u010dia rasite ir kit\u0173, ma\u017e\u0173 \u0161eim\u0173 versl\u0173, rank\u0173 darbo, dovan\u0173 sau ir artimiesiems.","publisher":{"@id":"https:\/\/skaitytaknyga.lt\/#organization"},"potentialAction":[{"@type":"SearchAction","target":{"@type":"EntryPoint","urlTemplate":"https:\/\/skaitytaknyga.lt\/?s={search_term_string}"},"query-input":{"@type":"PropertyValueSpecification","valueRequired":true,"valueName":"search_term_string"}}],"inLanguage":"en-GB"},{"@type":"Organization","@id":"https:\/\/skaitytaknyga.lt\/#organization","name":"skaitytaknyga.lt","url":"https:\/\/skaitytaknyga.lt\/","logo":{"@type":"ImageObject","inLanguage":"en-GB","@id":"https:\/\/skaitytaknyga.lt\/#\/schema\/logo\/image\/","url":"https:\/\/skaitytaknyga.lt\/wp-content\/uploads\/2024\/05\/cropped-cropped-cropped-02_00843_jt3bggkj1j3HLc7SyY6rEUpg.jpeg","contentUrl":"https:\/\/skaitytaknyga.lt\/wp-content\/uploads\/2024\/05\/cropped-cropped-cropped-02_00843_jt3bggkj1j3HLc7SyY6rEUpg.jpeg","width":1600,"height":1600,"caption":"skaitytaknyga.lt"},"image":{"@id":"https:\/\/skaitytaknyga.lt\/#\/schema\/logo\/image\/"},"sameAs":["https:\/\/www.facebook.com\/skaitytaknyga\/"]}]}},"_links":{"self":[{"href":"https:\/\/skaitytaknyga.lt\/en\/wp-json\/wp\/v2\/product\/2955","targetHints":{"allow":["GET"]}}],"collection":[{"href":"https:\/\/skaitytaknyga.lt\/en\/wp-json\/wp\/v2\/product"}],"about":[{"href":"https:\/\/skaitytaknyga.lt\/en\/wp-json\/wp\/v2\/types\/product"}],"replies":[{"embeddable":true,"href":"https:\/\/skaitytaknyga.lt\/en\/wp-json\/wp\/v2\/comments?post=2955"}],"wp:featuredmedia":[{"embeddable":true,"href":"https:\/\/skaitytaknyga.lt\/en\/wp-json\/wp\/v2\/media\/3001"}],"wp:attachment":[{"href":"https:\/\/skaitytaknyga.lt\/en\/wp-json\/wp\/v2\/media?parent=2955"}],"wp:term":[{"taxonomy":"product_brand","embeddable":true,"href":"https:\/\/skaitytaknyga.lt\/en\/wp-json\/wp\/v2\/product_brand?post=2955"},{"taxonomy":"product_cat","embeddable":true,"href":"https:\/\/skaitytaknyga.lt\/en\/wp-json\/wp\/v2\/product_cat?post=2955"},{"taxonomy":"product_tag","embeddable":true,"href":"https:\/\/skaitytaknyga.lt\/en\/wp-json\/wp\/v2\/product_tag?post=2955"}],"curies":[{"name":"wp","href":"https:\/\/api.w.org\/{rel}","templated":true}]}}