{"id":2946,"date":"2024-04-17T13:20:20","date_gmt":"2024-04-17T13:20:20","guid":{"rendered":"https:\/\/skaitytaknyga.lt\/?post_type=product&#038;p=2946"},"modified":"2026-03-18T13:12:12","modified_gmt":"2026-03-18T11:12:12","slug":"tobula-figura-per-300-sekundziu","status":"publish","type":"product","link":"https:\/\/skaitytaknyga.lt\/en\/produktas\/tobula-figura-per-300-sekundziu\/","title":{"rendered":"Tobula fig\u016bra per 300 sekund\u017ei\u0173"},"content":{"rendered":"","protected":false},"excerpt":{"rendered":"<p>Jau nuo \u0161iandien penkias minutes per dien\u0105 skirkite sau ir greitai gal\u0117site d\u017eiaugtis dailia fig\u016bra!<\/p>\n<p>Visos \u017einome, kad sportuoti reikia, ta\u010diau kaip sunku prisiversti! Kaip pam\u0117gti treniruotes? K\u0105 daryti, kad jos tapt\u0173 neatskiriama gyvenimo dalimi? Sporto klubai &#8211; prabanga j\u016bs\u0173 ki\u0161enei? Tai ne pasiteisinimas.<\/p>\n<p>Sportuokite namuose, tai nieko nekainuoja. 300 sekund\u017ei\u0173 arba 5 minut\u0117s geros mank\u0161tos &#8211; ir po kurio laiko gal\u0117site g\u0117r\u0117tis gerokai gra\u017eesne fig\u016bra! Net ir labiausiai u\u017esi\u0117m\u0119 \u017emon\u0117s randa laiko sportui, kai tiksliai \u017eino, k\u0105 ir kaip daryti. Mes pateikiame detal\u0173 sunkaus karo su nereikalingais kilogramais plan\u0105, tad nesukite sau galvos!<\/p>\n<p>Tiesiog liaukit\u0117s manyti, kad niekada nepasieksite puikios fizin\u0117s formos!<\/p>\n","protected":false},"featured_media":2976,"comment_status":"closed","ping_status":"closed","template":"","meta":{"_acf_changed":false,"site-sidebar-layout":"default","site-content-layout":"","ast-site-content-layout":"default","site-content-style":"default","site-sidebar-style":"default","ast-global-header-display":"","ast-banner-title-visibility":"","ast-main-header-display":"","ast-hfb-above-header-display":"","ast-hfb-below-header-display":"","ast-hfb-mobile-header-display":"","site-post-title":"","ast-breadcrumbs-content":"","ast-featured-img":"","footer-sml-layout":"","ast-disable-related-posts":"","theme-transparent-header-meta":"","adv-header-id-meta":"","stick-header-meta":"","header-above-stick-meta":"","header-main-stick-meta":"","header-below-stick-meta":"","astra-migrate-meta-layouts":"default","ast-page-background-enabled":"default","ast-page-background-meta":{"desktop":{"background-color":"","background-image":"","background-repeat":"repeat","background-position":"center center","background-size":"auto","background-attachment":"scroll","background-type":"","background-media":"","overlay-type":"","overlay-color":"","overlay-opacity":"","overlay-gradient":""},"tablet":{"background-color":"","background-image":"","background-repeat":"repeat","background-position":"center center","background-size":"auto","background-attachment":"scroll","background-type":"","background-media":"","overlay-type":"","overlay-color":"","overlay-opacity":"","overlay-gradient":""},"mobile":{"background-color":"","background-image":"","background-repeat":"repeat","background-position":"center center","background-size":"auto","background-attachment":"scroll","background-type":"","background-media":"","overlay-type":"","overlay-color":"","overlay-opacity":"","overlay-gradient":""}},"ast-content-background-meta":{"desktop":{"background-color":"var(--ast-global-color-4)","background-image":"","background-repeat":"repeat","background-position":"center center","background-size":"auto","background-attachment":"scroll","background-type":"","background-media":"","overlay-type":"","overlay-color":"","overlay-opacity":"","overlay-gradient":""},"tablet":{"background-color":"var(--ast-global-color-4)","background-image":"","background-repeat":"repeat","background-position":"center center","background-size":"auto","background-attachment":"scroll","background-type":"","background-media":"","overlay-type":"","overlay-color":"","overlay-opacity":"","overlay-gradient":""},"mobile":{"background-color":"var(--ast-global-color-4)","background-image":"","background-repeat":"repeat","background-position":"center center","background-size":"auto","background-attachment":"scroll","background-type":"","background-media":"","overlay-type":"","overlay-color":"","overlay-opacity":"","overlay-gradient":""}}},"product_brand":[],"product_cat":[9856],"product_tag":[],"class_list":{"0":"post-2946","1":"product","2":"type-product","3":"status-publish","4":"has-post-thumbnail","6":"product_cat-fizine-sveikata-sportas","7":"desktop-align-left","8":"tablet-align-left","9":"mobile-align-left","11":"first","12":"outofstock","13":"shipping-taxable","14":"purchasable","15":"product-type-simple"},"acf":[],"yoast_head":"<!-- This site is optimized with the Yoast SEO plugin v27.0 - https:\/\/yoast.com\/product\/yoast-seo-wordpress\/ -->\n<title>Tobula fig\u016bra per 300 sekund\u017ei\u0173<\/title>\n<meta name=\"description\" content=\"Jau nuo \u0161iandien penkias minutes per dien\u0105 skirkite sau ir greitai gal\u0117site d\u017eiaugtis dailia fig\u016bra!  Visos \u017einome, kad sportuoti reikia, ta\u010diau kaip sunku prisiversti! Kaip pam\u0117gti treniruotes? K\u0105 daryti, kad jos tapt\u0173 neatskiriama gyvenimo dalimi? Sporto klubai - prabanga j\u016bs\u0173 ki\u0161enei? Tai ne pasiteisinimas.  Sportuokite namuose, tai nieko nekainuoja. 300 sekund\u017ei\u0173 arba 5 minut\u0117s geros mank\u0161tos - ir po kurio laiko gal\u0117site g\u0117r\u0117tis gerokai gra\u017eesne fig\u016bra! Net ir labiausiai u\u017esi\u0117m\u0119 \u017emon\u0117s randa laiko sportui, kai tiksliai \u017eino, k\u0105 ir kaip daryti. Mes pateikiame detal\u0173 sunkaus karo su nereikalingais kilogramais plan\u0105, tad nesukite sau galvos!  Tiesiog liaukit\u0117s manyti, kad niekada nepasieksite puikios fizin\u0117s formos!\" \/>\n<meta name=\"robots\" content=\"index, follow, max-snippet:-1, max-image-preview:large, max-video-preview:-1\" \/>\n<link rel=\"canonical\" href=\"https:\/\/skaitytaknyga.lt\/en\/produktas\/tobula-figura-per-300-sekundziu\/\" \/>\n<meta property=\"og:locale\" content=\"en_GB\" \/>\n<meta property=\"og:locale:alternate\" content=\"lt_LT\" \/>\n<meta property=\"og:type\" content=\"article\" \/>\n<meta property=\"og:title\" content=\"Tobula fig\u016bra per 300 sekund\u017ei\u0173\" \/>\n<meta property=\"og:description\" content=\"Jau nuo \u0161iandien penkias minutes per dien\u0105 skirkite sau ir greitai gal\u0117site d\u017eiaugtis dailia fig\u016bra!  Visos \u017einome, kad sportuoti reikia, ta\u010diau kaip sunku prisiversti! Kaip pam\u0117gti treniruotes? K\u0105 daryti, kad jos tapt\u0173 neatskiriama gyvenimo dalimi? Sporto klubai - prabanga j\u016bs\u0173 ki\u0161enei? Tai ne pasiteisinimas.  Sportuokite namuose, tai nieko nekainuoja. 300 sekund\u017ei\u0173 arba 5 minut\u0117s geros mank\u0161tos - ir po kurio laiko gal\u0117site g\u0117r\u0117tis gerokai gra\u017eesne fig\u016bra! Net ir labiausiai u\u017esi\u0117m\u0119 \u017emon\u0117s randa laiko sportui, kai tiksliai \u017eino, k\u0105 ir kaip daryti. Mes pateikiame detal\u0173 sunkaus karo su nereikalingais kilogramais plan\u0105, tad nesukite sau galvos!  Tiesiog liaukit\u0117s manyti, kad niekada nepasieksite puikios fizin\u0117s formos!\" \/>\n<meta property=\"og:url\" content=\"https:\/\/skaitytaknyga.lt\/en\/produktas\/tobula-figura-per-300-sekundziu\/\" \/>\n<meta property=\"og:site_name\" content=\"Skaitytaknyga\" \/>\n<meta property=\"article:publisher\" content=\"https:\/\/www.facebook.com\/skaitytaknyga\/\" \/>\n<meta property=\"article:modified_time\" content=\"2026-03-18T11:12:12+00:00\" \/>\n<meta property=\"og:image\" content=\"https:\/\/skaitytaknyga.lt\/wp-content\/uploads\/2024\/04\/1462887351_img0030-001.jpg\" \/>\n\t<meta property=\"og:image:width\" content=\"320\" \/>\n\t<meta property=\"og:image:height\" content=\"404\" \/>\n\t<meta property=\"og:image:type\" content=\"image\/jpeg\" \/>\n<meta name=\"twitter:card\" content=\"summary_large_image\" \/>\n<script type=\"application\/ld+json\" class=\"yoast-schema-graph\">{\"@context\":\"https:\/\/schema.org\",\"@graph\":[{\"@type\":\"WebPage\",\"@id\":\"https:\/\/skaitytaknyga.lt\/produktas\/tobula-figura-per-300-sekundziu\/\",\"url\":\"https:\/\/skaitytaknyga.lt\/produktas\/tobula-figura-per-300-sekundziu\/\",\"name\":\"Tobula fig\u016bra per 300 sekund\u017ei\u0173\",\"isPartOf\":{\"@id\":\"https:\/\/skaitytaknyga.lt\/#website\"},\"primaryImageOfPage\":{\"@id\":\"https:\/\/skaitytaknyga.lt\/produktas\/tobula-figura-per-300-sekundziu\/#primaryimage\"},\"image\":{\"@id\":\"https:\/\/skaitytaknyga.lt\/produktas\/tobula-figura-per-300-sekundziu\/#primaryimage\"},\"thumbnailUrl\":\"https:\/\/skaitytaknyga.lt\/wp-content\/uploads\/2024\/04\/1462887351_img0030-001.jpg\",\"datePublished\":\"2024-04-17T13:20:20+00:00\",\"dateModified\":\"2026-03-18T11:12:12+00:00\",\"description\":\"Jau nuo \u0161iandien penkias minutes per dien\u0105 skirkite sau ir greitai gal\u0117site d\u017eiaugtis dailia fig\u016bra! Visos \u017einome, kad sportuoti reikia, ta\u010diau kaip sunku prisiversti! Kaip pam\u0117gti treniruotes? K\u0105 daryti, kad jos tapt\u0173 neatskiriama gyvenimo dalimi? Sporto klubai - prabanga j\u016bs\u0173 ki\u0161enei? Tai ne pasiteisinimas. Sportuokite namuose, tai nieko nekainuoja. 300 sekund\u017ei\u0173 arba 5 minut\u0117s geros mank\u0161tos - ir po kurio laiko gal\u0117site g\u0117r\u0117tis gerokai gra\u017eesne fig\u016bra! Net ir labiausiai u\u017esi\u0117m\u0119 \u017emon\u0117s randa laiko sportui, kai tiksliai \u017eino, k\u0105 ir kaip daryti. Mes pateikiame detal\u0173 sunkaus karo su nereikalingais kilogramais plan\u0105, tad nesukite sau galvos! Tiesiog liaukit\u0117s manyti, kad niekada nepasieksite puikios fizin\u0117s formos!\",\"breadcrumb\":{\"@id\":\"https:\/\/skaitytaknyga.lt\/produktas\/tobula-figura-per-300-sekundziu\/#breadcrumb\"},\"inLanguage\":\"en-GB\",\"potentialAction\":[{\"@type\":\"ReadAction\",\"target\":[\"https:\/\/skaitytaknyga.lt\/produktas\/tobula-figura-per-300-sekundziu\/\"]}]},{\"@type\":\"ImageObject\",\"inLanguage\":\"en-GB\",\"@id\":\"https:\/\/skaitytaknyga.lt\/produktas\/tobula-figura-per-300-sekundziu\/#primaryimage\",\"url\":\"https:\/\/skaitytaknyga.lt\/wp-content\/uploads\/2024\/04\/1462887351_img0030-001.jpg\",\"contentUrl\":\"https:\/\/skaitytaknyga.lt\/wp-content\/uploads\/2024\/04\/1462887351_img0030-001.jpg\",\"width\":320,\"height\":404,\"caption\":\"1462887351 img0030 001\"},{\"@type\":\"BreadcrumbList\",\"@id\":\"https:\/\/skaitytaknyga.lt\/produktas\/tobula-figura-per-300-sekundziu\/#breadcrumb\",\"itemListElement\":[{\"@type\":\"ListItem\",\"position\":1,\"name\":\"Home\",\"item\":\"https:\/\/skaitytaknyga.lt\/\"},{\"@type\":\"ListItem\",\"position\":2,\"name\":\"Parduotuv\u0117\",\"item\":\"https:\/\/skaitytaknyga.lt\/knygu-parduotuve\/\"},{\"@type\":\"ListItem\",\"position\":3,\"name\":\"Tobula fig\u016bra per 300 sekund\u017ei\u0173\"}]},{\"@type\":\"WebSite\",\"@id\":\"https:\/\/skaitytaknyga.lt\/#website\",\"url\":\"https:\/\/skaitytaknyga.lt\/\",\"name\":\"skaitytaknyga.lt\",\"description\":\"Skaitytaknyga.lt \u2013 tai ma\u017eas \u0161eimos verslas, kuris prasid\u0117jo nuo meil\u0117s knygoms ir siekio i\u0161gelb\u0117ti knygas nuo likimo prie konteinerio. Kas vienam nereikalingas daiktas \u2013 kitam lobis, o mes esame tarpininkai, kurie padeda abiems tapti laimingesniems ???? \u017dinome kaip nelengva i\u0161gyventi ma\u017eiems verslams, tad nuo \u0161iol, \u010dia rasite ir kit\u0173, ma\u017e\u0173 \u0161eim\u0173 versl\u0173, rank\u0173 darbo, dovan\u0173 sau ir artimiesiems.\",\"publisher\":{\"@id\":\"https:\/\/skaitytaknyga.lt\/#organization\"},\"potentialAction\":[{\"@type\":\"SearchAction\",\"target\":{\"@type\":\"EntryPoint\",\"urlTemplate\":\"https:\/\/skaitytaknyga.lt\/?s={search_term_string}\"},\"query-input\":{\"@type\":\"PropertyValueSpecification\",\"valueRequired\":true,\"valueName\":\"search_term_string\"}}],\"inLanguage\":\"en-GB\"},{\"@type\":\"Organization\",\"@id\":\"https:\/\/skaitytaknyga.lt\/#organization\",\"name\":\"skaitytaknyga.lt\",\"url\":\"https:\/\/skaitytaknyga.lt\/\",\"logo\":{\"@type\":\"ImageObject\",\"inLanguage\":\"en-GB\",\"@id\":\"https:\/\/skaitytaknyga.lt\/#\/schema\/logo\/image\/\",\"url\":\"https:\/\/skaitytaknyga.lt\/wp-content\/uploads\/2024\/05\/cropped-cropped-cropped-02_00843_jt3bggkj1j3HLc7SyY6rEUpg.jpeg\",\"contentUrl\":\"https:\/\/skaitytaknyga.lt\/wp-content\/uploads\/2024\/05\/cropped-cropped-cropped-02_00843_jt3bggkj1j3HLc7SyY6rEUpg.jpeg\",\"width\":1600,\"height\":1600,\"caption\":\"skaitytaknyga.lt\"},\"image\":{\"@id\":\"https:\/\/skaitytaknyga.lt\/#\/schema\/logo\/image\/\"},\"sameAs\":[\"https:\/\/www.facebook.com\/skaitytaknyga\/\"]}]}<\/script>\n<!-- \/ Yoast SEO plugin. -->","yoast_head_json":{"title":"Tobula fig\u016bra per 300 sekund\u017ei\u0173","description":"Jau nuo \u0161iandien penkias minutes per dien\u0105 skirkite sau ir greitai gal\u0117site d\u017eiaugtis dailia fig\u016bra!  Visos \u017einome, kad sportuoti reikia, ta\u010diau kaip sunku prisiversti! Kaip pam\u0117gti treniruotes? K\u0105 daryti, kad jos tapt\u0173 neatskiriama gyvenimo dalimi? Sporto klubai - prabanga j\u016bs\u0173 ki\u0161enei? Tai ne pasiteisinimas.  Sportuokite namuose, tai nieko nekainuoja. 300 sekund\u017ei\u0173 arba 5 minut\u0117s geros mank\u0161tos - ir po kurio laiko gal\u0117site g\u0117r\u0117tis gerokai gra\u017eesne fig\u016bra! Net ir labiausiai u\u017esi\u0117m\u0119 \u017emon\u0117s randa laiko sportui, kai tiksliai \u017eino, k\u0105 ir kaip daryti. Mes pateikiame detal\u0173 sunkaus karo su nereikalingais kilogramais plan\u0105, tad nesukite sau galvos!  Tiesiog liaukit\u0117s manyti, kad niekada nepasieksite puikios fizin\u0117s formos!","robots":{"index":"index","follow":"follow","max-snippet":"max-snippet:-1","max-image-preview":"max-image-preview:large","max-video-preview":"max-video-preview:-1"},"canonical":"https:\/\/skaitytaknyga.lt\/en\/produktas\/tobula-figura-per-300-sekundziu\/","og_locale":"en_GB","og_type":"article","og_title":"[:lt]Tobula fig\u016bra per 300 sekund\u017ei\u0173[:] - Skaitytaknyga","og_description":"Jau nuo \u0161iandien penkias minutes per dien\u0105 skirkite sau ir greitai gal\u0117site d\u017eiaugtis dailia fig\u016bra!  Visos \u017einome, kad sportuoti reikia, ta\u010diau kaip sunku prisiversti! Kaip pam\u0117gti treniruotes? K\u0105 daryti, kad jos tapt\u0173 neatskiriama gyvenimo dalimi? Sporto klubai - prabanga j\u016bs\u0173 ki\u0161enei? Tai ne pasiteisinimas.  Sportuokite namuose, tai nieko nekainuoja. 300 sekund\u017ei\u0173 arba 5 minut\u0117s geros mank\u0161tos - ir po kurio laiko gal\u0117site g\u0117r\u0117tis gerokai gra\u017eesne fig\u016bra! Net ir labiausiai u\u017esi\u0117m\u0119 \u017emon\u0117s randa laiko sportui, kai tiksliai \u017eino, k\u0105 ir kaip daryti. Mes pateikiame detal\u0173 sunkaus karo su nereikalingais kilogramais plan\u0105, tad nesukite sau galvos!  Tiesiog liaukit\u0117s manyti, kad niekada nepasieksite puikios fizin\u0117s formos!","og_url":"https:\/\/skaitytaknyga.lt\/en\/produktas\/tobula-figura-per-300-sekundziu\/","og_site_name":"Skaitytaknyga","article_publisher":"https:\/\/www.facebook.com\/skaitytaknyga\/","article_modified_time":"2026-03-18T11:12:12+00:00","og_image":[{"width":320,"height":404,"url":"https:\/\/skaitytaknyga.lt\/wp-content\/uploads\/2024\/04\/1462887351_img0030-001.jpg","type":"image\/jpeg"}],"twitter_card":"summary_large_image","schema":{"@context":"https:\/\/schema.org","@graph":[{"@type":"WebPage","@id":"https:\/\/skaitytaknyga.lt\/produktas\/tobula-figura-per-300-sekundziu\/","url":"https:\/\/skaitytaknyga.lt\/produktas\/tobula-figura-per-300-sekundziu\/","name":"Tobula fig\u016bra per 300 sekund\u017ei\u0173","isPartOf":{"@id":"https:\/\/skaitytaknyga.lt\/#website"},"primaryImageOfPage":{"@id":"https:\/\/skaitytaknyga.lt\/produktas\/tobula-figura-per-300-sekundziu\/#primaryimage"},"image":{"@id":"https:\/\/skaitytaknyga.lt\/produktas\/tobula-figura-per-300-sekundziu\/#primaryimage"},"thumbnailUrl":"https:\/\/skaitytaknyga.lt\/wp-content\/uploads\/2024\/04\/1462887351_img0030-001.jpg","datePublished":"2024-04-17T13:20:20+00:00","dateModified":"2026-03-18T11:12:12+00:00","description":"Jau nuo \u0161iandien penkias minutes per dien\u0105 skirkite sau ir greitai gal\u0117site d\u017eiaugtis dailia fig\u016bra! Visos \u017einome, kad sportuoti reikia, ta\u010diau kaip sunku prisiversti! Kaip pam\u0117gti treniruotes? K\u0105 daryti, kad jos tapt\u0173 neatskiriama gyvenimo dalimi? Sporto klubai - prabanga j\u016bs\u0173 ki\u0161enei? Tai ne pasiteisinimas. Sportuokite namuose, tai nieko nekainuoja. 300 sekund\u017ei\u0173 arba 5 minut\u0117s geros mank\u0161tos - ir po kurio laiko gal\u0117site g\u0117r\u0117tis gerokai gra\u017eesne fig\u016bra! Net ir labiausiai u\u017esi\u0117m\u0119 \u017emon\u0117s randa laiko sportui, kai tiksliai \u017eino, k\u0105 ir kaip daryti. Mes pateikiame detal\u0173 sunkaus karo su nereikalingais kilogramais plan\u0105, tad nesukite sau galvos! Tiesiog liaukit\u0117s manyti, kad niekada nepasieksite puikios fizin\u0117s formos!","breadcrumb":{"@id":"https:\/\/skaitytaknyga.lt\/produktas\/tobula-figura-per-300-sekundziu\/#breadcrumb"},"inLanguage":"en-GB","potentialAction":[{"@type":"ReadAction","target":["https:\/\/skaitytaknyga.lt\/produktas\/tobula-figura-per-300-sekundziu\/"]}]},{"@type":"ImageObject","inLanguage":"en-GB","@id":"https:\/\/skaitytaknyga.lt\/produktas\/tobula-figura-per-300-sekundziu\/#primaryimage","url":"https:\/\/skaitytaknyga.lt\/wp-content\/uploads\/2024\/04\/1462887351_img0030-001.jpg","contentUrl":"https:\/\/skaitytaknyga.lt\/wp-content\/uploads\/2024\/04\/1462887351_img0030-001.jpg","width":320,"height":404,"caption":"1462887351 img0030 001"},{"@type":"BreadcrumbList","@id":"https:\/\/skaitytaknyga.lt\/produktas\/tobula-figura-per-300-sekundziu\/#breadcrumb","itemListElement":[{"@type":"ListItem","position":1,"name":"Home","item":"https:\/\/skaitytaknyga.lt\/"},{"@type":"ListItem","position":2,"name":"Parduotuv\u0117","item":"https:\/\/skaitytaknyga.lt\/knygu-parduotuve\/"},{"@type":"ListItem","position":3,"name":"Tobula fig\u016bra per 300 sekund\u017ei\u0173"}]},{"@type":"WebSite","@id":"https:\/\/skaitytaknyga.lt\/#website","url":"https:\/\/skaitytaknyga.lt\/","name":"skaitytaknyga.lt","description":"Skaitytaknyga.lt \u2013 tai ma\u017eas \u0161eimos verslas, kuris prasid\u0117jo nuo meil\u0117s knygoms ir siekio i\u0161gelb\u0117ti knygas nuo likimo prie konteinerio. Kas vienam nereikalingas daiktas \u2013 kitam lobis, o mes esame tarpininkai, kurie padeda abiems tapti laimingesniems ???? \u017dinome kaip nelengva i\u0161gyventi ma\u017eiems verslams, tad nuo \u0161iol, \u010dia rasite ir kit\u0173, ma\u017e\u0173 \u0161eim\u0173 versl\u0173, rank\u0173 darbo, dovan\u0173 sau ir artimiesiems.","publisher":{"@id":"https:\/\/skaitytaknyga.lt\/#organization"},"potentialAction":[{"@type":"SearchAction","target":{"@type":"EntryPoint","urlTemplate":"https:\/\/skaitytaknyga.lt\/?s={search_term_string}"},"query-input":{"@type":"PropertyValueSpecification","valueRequired":true,"valueName":"search_term_string"}}],"inLanguage":"en-GB"},{"@type":"Organization","@id":"https:\/\/skaitytaknyga.lt\/#organization","name":"skaitytaknyga.lt","url":"https:\/\/skaitytaknyga.lt\/","logo":{"@type":"ImageObject","inLanguage":"en-GB","@id":"https:\/\/skaitytaknyga.lt\/#\/schema\/logo\/image\/","url":"https:\/\/skaitytaknyga.lt\/wp-content\/uploads\/2024\/05\/cropped-cropped-cropped-02_00843_jt3bggkj1j3HLc7SyY6rEUpg.jpeg","contentUrl":"https:\/\/skaitytaknyga.lt\/wp-content\/uploads\/2024\/05\/cropped-cropped-cropped-02_00843_jt3bggkj1j3HLc7SyY6rEUpg.jpeg","width":1600,"height":1600,"caption":"skaitytaknyga.lt"},"image":{"@id":"https:\/\/skaitytaknyga.lt\/#\/schema\/logo\/image\/"},"sameAs":["https:\/\/www.facebook.com\/skaitytaknyga\/"]}]}},"_links":{"self":[{"href":"https:\/\/skaitytaknyga.lt\/en\/wp-json\/wp\/v2\/product\/2946","targetHints":{"allow":["GET"]}}],"collection":[{"href":"https:\/\/skaitytaknyga.lt\/en\/wp-json\/wp\/v2\/product"}],"about":[{"href":"https:\/\/skaitytaknyga.lt\/en\/wp-json\/wp\/v2\/types\/product"}],"replies":[{"embeddable":true,"href":"https:\/\/skaitytaknyga.lt\/en\/wp-json\/wp\/v2\/comments?post=2946"}],"wp:featuredmedia":[{"embeddable":true,"href":"https:\/\/skaitytaknyga.lt\/en\/wp-json\/wp\/v2\/media\/2976"}],"wp:attachment":[{"href":"https:\/\/skaitytaknyga.lt\/en\/wp-json\/wp\/v2\/media?parent=2946"}],"wp:term":[{"taxonomy":"product_brand","embeddable":true,"href":"https:\/\/skaitytaknyga.lt\/en\/wp-json\/wp\/v2\/product_brand?post=2946"},{"taxonomy":"product_cat","embeddable":true,"href":"https:\/\/skaitytaknyga.lt\/en\/wp-json\/wp\/v2\/product_cat?post=2946"},{"taxonomy":"product_tag","embeddable":true,"href":"https:\/\/skaitytaknyga.lt\/en\/wp-json\/wp\/v2\/product_tag?post=2946"}],"curies":[{"name":"wp","href":"https:\/\/api.w.org\/{rel}","templated":true}]}}