{"id":2926,"date":"2024-04-17T13:19:55","date_gmt":"2024-04-17T13:19:55","guid":{"rendered":"https:\/\/skaitytaknyga.lt\/?post_type=product&#038;p=2926"},"modified":"2026-03-18T13:16:38","modified_gmt":"2026-03-18T11:16:38","slug":"bukite-sveiki-vyrai-liaudies-medicina-letinems-vyru-ligoms-gydyti","status":"publish","type":"product","link":"https:\/\/skaitytaknyga.lt\/en\/produktas\/bukite-sveiki-vyrai-liaudies-medicina-letinems-vyru-ligoms-gydyti\/","title":{"rendered":"B\u016bkite sveiki, vyrai. Liaudies medicina l\u0117tin\u0117ms vyr\u0173 ligoms gydyti"},"content":{"rendered":"","protected":false},"excerpt":{"rendered":"<p>Vyrai savyje sugeba pasteb\u0117ti \u012fvairius dalykus, ta\u010diau da\u017enai visai ne\u012fsiklauso \u012f savo k\u016bn\u0105. Jie tol neina pas gydytoj\u0105, kol nebegali kent\u0117ti.<\/p>\n<p>Knygoje\u00a0\u201eB\u016bkite sveiki, vyrai!\u201c\u00a0pateikiamos da\u017eniausiai vyrus kamuojan\u010dios lytin\u0117s sistemos organ\u0173 ligos ir 128 vaistiniai augalai ir 145 vaistini\u0173 augal\u0173 mi\u0161ini\u0173 receptai\u00a0 joms gydyti.<\/p>\n","protected":false},"featured_media":2975,"comment_status":"closed","ping_status":"closed","template":"","meta":{"_acf_changed":false,"site-sidebar-layout":"default","site-content-layout":"","ast-site-content-layout":"default","site-content-style":"default","site-sidebar-style":"default","ast-global-header-display":"","ast-banner-title-visibility":"","ast-main-header-display":"","ast-hfb-above-header-display":"","ast-hfb-below-header-display":"","ast-hfb-mobile-header-display":"","site-post-title":"","ast-breadcrumbs-content":"","ast-featured-img":"","footer-sml-layout":"","ast-disable-related-posts":"","theme-transparent-header-meta":"","adv-header-id-meta":"","stick-header-meta":"","header-above-stick-meta":"","header-main-stick-meta":"","header-below-stick-meta":"","astra-migrate-meta-layouts":"default","ast-page-background-enabled":"default","ast-page-background-meta":{"desktop":{"background-color":"","background-image":"","background-repeat":"repeat","background-position":"center center","background-size":"auto","background-attachment":"scroll","background-type":"","background-media":"","overlay-type":"","overlay-color":"","overlay-opacity":"","overlay-gradient":""},"tablet":{"background-color":"","background-image":"","background-repeat":"repeat","background-position":"center center","background-size":"auto","background-attachment":"scroll","background-type":"","background-media":"","overlay-type":"","overlay-color":"","overlay-opacity":"","overlay-gradient":""},"mobile":{"background-color":"","background-image":"","background-repeat":"repeat","background-position":"center center","background-size":"auto","background-attachment":"scroll","background-type":"","background-media":"","overlay-type":"","overlay-color":"","overlay-opacity":"","overlay-gradient":""}},"ast-content-background-meta":{"desktop":{"background-color":"var(--ast-global-color-4)","background-image":"","background-repeat":"repeat","background-position":"center center","background-size":"auto","background-attachment":"scroll","background-type":"","background-media":"","overlay-type":"","overlay-color":"","overlay-opacity":"","overlay-gradient":""},"tablet":{"background-color":"var(--ast-global-color-4)","background-image":"","background-repeat":"repeat","background-position":"center center","background-size":"auto","background-attachment":"scroll","background-type":"","background-media":"","overlay-type":"","overlay-color":"","overlay-opacity":"","overlay-gradient":""},"mobile":{"background-color":"var(--ast-global-color-4)","background-image":"","background-repeat":"repeat","background-position":"center center","background-size":"auto","background-attachment":"scroll","background-type":"","background-media":"","overlay-type":"","overlay-color":"","overlay-opacity":"","overlay-gradient":""}}},"product_brand":[],"product_cat":[9854,9857,55],"product_tag":[],"class_list":{"0":"post-2926","1":"product","2":"type-product","3":"status-publish","4":"has-post-thumbnail","6":"product_cat-medicina","7":"product_cat-naturali-medicina","8":"product_cat-sveikata-ir-sveika-mityba","9":"desktop-align-left","10":"tablet-align-left","11":"mobile-align-left","13":"first","14":"instock","15":"shipping-taxable","16":"purchasable","17":"product-type-simple"},"acf":[],"yoast_head":"<!-- This site is optimized with the Yoast SEO plugin v27.0 - https:\/\/yoast.com\/product\/yoast-seo-wordpress\/ -->\n<title>B\u016bkite sveiki, vyrai. Liaudies medicina l\u0117tin\u0117ms vyr\u0173 ligoms gydyti<\/title>\n<meta name=\"description\" content=\"Vyrai savyje sugeba pasteb\u0117ti \u012fvairius dalykus, ta\u010diau da\u017enai visai ne\u012fsiklauso \u012f savo k\u016bn\u0105. Jie tol neina pas gydytoj\u0105, kol nebegali kent\u0117ti.  Knygoje\u00a0\u201eB\u016bkite sveiki, vyrai!\u201c\u00a0pateikiamos da\u017eniausiai vyrus kamuojan\u010dios lytin\u0117s sistemos organ\u0173 ligos ir 128 vaistiniai augalai ir 145 vaistini\u0173 augal\u0173 mi\u0161ini\u0173 receptai\u00a0 joms gydyti.\" \/>\n<meta name=\"robots\" content=\"index, follow, max-snippet:-1, max-image-preview:large, max-video-preview:-1\" \/>\n<link rel=\"canonical\" href=\"https:\/\/skaitytaknyga.lt\/en\/produktas\/bukite-sveiki-vyrai-liaudies-medicina-letinems-vyru-ligoms-gydyti\/\" \/>\n<meta property=\"og:locale\" content=\"en_GB\" \/>\n<meta property=\"og:locale:alternate\" content=\"lt_LT\" \/>\n<meta property=\"og:type\" content=\"article\" \/>\n<meta property=\"og:title\" content=\"B\u016bkite sveiki, vyrai. Liaudies medicina l\u0117tin\u0117ms vyr\u0173 ligoms gydyti\" \/>\n<meta property=\"og:description\" content=\"Vyrai savyje sugeba pasteb\u0117ti \u012fvairius dalykus, ta\u010diau da\u017enai visai ne\u012fsiklauso \u012f savo k\u016bn\u0105. Jie tol neina pas gydytoj\u0105, kol nebegali kent\u0117ti.  Knygoje\u00a0\u201eB\u016bkite sveiki, vyrai!\u201c\u00a0pateikiamos da\u017eniausiai vyrus kamuojan\u010dios lytin\u0117s sistemos organ\u0173 ligos ir 128 vaistiniai augalai ir 145 vaistini\u0173 augal\u0173 mi\u0161ini\u0173 receptai\u00a0 joms gydyti.\" \/>\n<meta property=\"og:url\" content=\"https:\/\/skaitytaknyga.lt\/en\/produktas\/bukite-sveiki-vyrai-liaudies-medicina-letinems-vyru-ligoms-gydyti\/\" \/>\n<meta property=\"og:site_name\" content=\"Skaitytaknyga\" \/>\n<meta property=\"article:publisher\" content=\"https:\/\/www.facebook.com\/skaitytaknyga\/\" \/>\n<meta property=\"article:modified_time\" content=\"2026-03-18T11:16:38+00:00\" \/>\n<meta property=\"og:image\" content=\"https:\/\/skaitytaknyga.lt\/wp-content\/uploads\/2024\/04\/1462887089_bukitesveikivyrai.jpg\" \/>\n\t<meta property=\"og:image:width\" content=\"272\" \/>\n\t<meta property=\"og:image:height\" content=\"430\" \/>\n\t<meta property=\"og:image:type\" content=\"image\/jpeg\" \/>\n<meta name=\"twitter:card\" content=\"summary_large_image\" \/>\n<script type=\"application\/ld+json\" class=\"yoast-schema-graph\">{\"@context\":\"https:\/\/schema.org\",\"@graph\":[{\"@type\":\"WebPage\",\"@id\":\"https:\/\/skaitytaknyga.lt\/produktas\/bukite-sveiki-vyrai-liaudies-medicina-letinems-vyru-ligoms-gydyti\/\",\"url\":\"https:\/\/skaitytaknyga.lt\/produktas\/bukite-sveiki-vyrai-liaudies-medicina-letinems-vyru-ligoms-gydyti\/\",\"name\":\"B\u016bkite sveiki, vyrai. Liaudies medicina l\u0117tin\u0117ms vyr\u0173 ligoms gydyti\",\"isPartOf\":{\"@id\":\"https:\/\/skaitytaknyga.lt\/#website\"},\"primaryImageOfPage\":{\"@id\":\"https:\/\/skaitytaknyga.lt\/produktas\/bukite-sveiki-vyrai-liaudies-medicina-letinems-vyru-ligoms-gydyti\/#primaryimage\"},\"image\":{\"@id\":\"https:\/\/skaitytaknyga.lt\/produktas\/bukite-sveiki-vyrai-liaudies-medicina-letinems-vyru-ligoms-gydyti\/#primaryimage\"},\"thumbnailUrl\":\"https:\/\/skaitytaknyga.lt\/wp-content\/uploads\/2024\/04\/1462887089_bukitesveikivyrai.jpg\",\"datePublished\":\"2024-04-17T13:19:55+00:00\",\"dateModified\":\"2026-03-18T11:16:38+00:00\",\"description\":\"Vyrai savyje sugeba pasteb\u0117ti \u012fvairius dalykus, ta\u010diau da\u017enai visai ne\u012fsiklauso \u012f savo k\u016bn\u0105. Jie tol neina pas gydytoj\u0105, kol nebegali kent\u0117ti. Knygoje\u00a0\u201eB\u016bkite sveiki, vyrai!\u201c\u00a0pateikiamos da\u017eniausiai vyrus kamuojan\u010dios lytin\u0117s sistemos organ\u0173 ligos ir 128 vaistiniai augalai ir 145 vaistini\u0173 augal\u0173 mi\u0161ini\u0173 receptai\u00a0 joms gydyti.\",\"breadcrumb\":{\"@id\":\"https:\/\/skaitytaknyga.lt\/produktas\/bukite-sveiki-vyrai-liaudies-medicina-letinems-vyru-ligoms-gydyti\/#breadcrumb\"},\"inLanguage\":\"en-GB\",\"potentialAction\":[{\"@type\":\"ReadAction\",\"target\":[\"https:\/\/skaitytaknyga.lt\/produktas\/bukite-sveiki-vyrai-liaudies-medicina-letinems-vyru-ligoms-gydyti\/\"]}]},{\"@type\":\"ImageObject\",\"inLanguage\":\"en-GB\",\"@id\":\"https:\/\/skaitytaknyga.lt\/produktas\/bukite-sveiki-vyrai-liaudies-medicina-letinems-vyru-ligoms-gydyti\/#primaryimage\",\"url\":\"https:\/\/skaitytaknyga.lt\/wp-content\/uploads\/2024\/04\/1462887089_bukitesveikivyrai.jpg\",\"contentUrl\":\"https:\/\/skaitytaknyga.lt\/wp-content\/uploads\/2024\/04\/1462887089_bukitesveikivyrai.jpg\",\"width\":272,\"height\":430,\"caption\":\"1462887089 bukitesveikivyrai\"},{\"@type\":\"BreadcrumbList\",\"@id\":\"https:\/\/skaitytaknyga.lt\/produktas\/bukite-sveiki-vyrai-liaudies-medicina-letinems-vyru-ligoms-gydyti\/#breadcrumb\",\"itemListElement\":[{\"@type\":\"ListItem\",\"position\":1,\"name\":\"Home\",\"item\":\"https:\/\/skaitytaknyga.lt\/\"},{\"@type\":\"ListItem\",\"position\":2,\"name\":\"Parduotuv\u0117\",\"item\":\"https:\/\/skaitytaknyga.lt\/knygu-parduotuve\/\"},{\"@type\":\"ListItem\",\"position\":3,\"name\":\"B\u016bkite sveiki, vyrai. Liaudies medicina l\u0117tin\u0117ms vyr\u0173 ligoms gydyti\"}]},{\"@type\":\"WebSite\",\"@id\":\"https:\/\/skaitytaknyga.lt\/#website\",\"url\":\"https:\/\/skaitytaknyga.lt\/\",\"name\":\"skaitytaknyga.lt\",\"description\":\"Skaitytaknyga.lt \u2013 tai ma\u017eas \u0161eimos verslas, kuris prasid\u0117jo nuo meil\u0117s knygoms ir siekio i\u0161gelb\u0117ti knygas nuo likimo prie konteinerio. Kas vienam nereikalingas daiktas \u2013 kitam lobis, o mes esame tarpininkai, kurie padeda abiems tapti laimingesniems ???? \u017dinome kaip nelengva i\u0161gyventi ma\u017eiems verslams, tad nuo \u0161iol, \u010dia rasite ir kit\u0173, ma\u017e\u0173 \u0161eim\u0173 versl\u0173, rank\u0173 darbo, dovan\u0173 sau ir artimiesiems.\",\"publisher\":{\"@id\":\"https:\/\/skaitytaknyga.lt\/#organization\"},\"potentialAction\":[{\"@type\":\"SearchAction\",\"target\":{\"@type\":\"EntryPoint\",\"urlTemplate\":\"https:\/\/skaitytaknyga.lt\/?s={search_term_string}\"},\"query-input\":{\"@type\":\"PropertyValueSpecification\",\"valueRequired\":true,\"valueName\":\"search_term_string\"}}],\"inLanguage\":\"en-GB\"},{\"@type\":\"Organization\",\"@id\":\"https:\/\/skaitytaknyga.lt\/#organization\",\"name\":\"skaitytaknyga.lt\",\"url\":\"https:\/\/skaitytaknyga.lt\/\",\"logo\":{\"@type\":\"ImageObject\",\"inLanguage\":\"en-GB\",\"@id\":\"https:\/\/skaitytaknyga.lt\/#\/schema\/logo\/image\/\",\"url\":\"https:\/\/skaitytaknyga.lt\/wp-content\/uploads\/2024\/05\/cropped-cropped-cropped-02_00843_jt3bggkj1j3HLc7SyY6rEUpg.jpeg\",\"contentUrl\":\"https:\/\/skaitytaknyga.lt\/wp-content\/uploads\/2024\/05\/cropped-cropped-cropped-02_00843_jt3bggkj1j3HLc7SyY6rEUpg.jpeg\",\"width\":1600,\"height\":1600,\"caption\":\"skaitytaknyga.lt\"},\"image\":{\"@id\":\"https:\/\/skaitytaknyga.lt\/#\/schema\/logo\/image\/\"},\"sameAs\":[\"https:\/\/www.facebook.com\/skaitytaknyga\/\"]}]}<\/script>\n<!-- \/ Yoast SEO plugin. -->","yoast_head_json":{"title":"B\u016bkite sveiki, vyrai. Liaudies medicina l\u0117tin\u0117ms vyr\u0173 ligoms gydyti","description":"Vyrai savyje sugeba pasteb\u0117ti \u012fvairius dalykus, ta\u010diau da\u017enai visai ne\u012fsiklauso \u012f savo k\u016bn\u0105. Jie tol neina pas gydytoj\u0105, kol nebegali kent\u0117ti.  Knygoje\u00a0\u201eB\u016bkite sveiki, vyrai!\u201c\u00a0pateikiamos da\u017eniausiai vyrus kamuojan\u010dios lytin\u0117s sistemos organ\u0173 ligos ir 128 vaistiniai augalai ir 145 vaistini\u0173 augal\u0173 mi\u0161ini\u0173 receptai\u00a0 joms gydyti.","robots":{"index":"index","follow":"follow","max-snippet":"max-snippet:-1","max-image-preview":"max-image-preview:large","max-video-preview":"max-video-preview:-1"},"canonical":"https:\/\/skaitytaknyga.lt\/en\/produktas\/bukite-sveiki-vyrai-liaudies-medicina-letinems-vyru-ligoms-gydyti\/","og_locale":"en_GB","og_type":"article","og_title":"[:lt]B\u016bkite sveiki, vyrai. Liaudies medicina l\u0117tin\u0117ms vyr\u0173 ligoms gydyti[:] - Skaitytaknyga","og_description":"Vyrai savyje sugeba pasteb\u0117ti \u012fvairius dalykus, ta\u010diau da\u017enai visai ne\u012fsiklauso \u012f savo k\u016bn\u0105. Jie tol neina pas gydytoj\u0105, kol nebegali kent\u0117ti.  Knygoje\u00a0\u201eB\u016bkite sveiki, vyrai!\u201c\u00a0pateikiamos da\u017eniausiai vyrus kamuojan\u010dios lytin\u0117s sistemos organ\u0173 ligos ir 128 vaistiniai augalai ir 145 vaistini\u0173 augal\u0173 mi\u0161ini\u0173 receptai\u00a0 joms gydyti.","og_url":"https:\/\/skaitytaknyga.lt\/en\/produktas\/bukite-sveiki-vyrai-liaudies-medicina-letinems-vyru-ligoms-gydyti\/","og_site_name":"Skaitytaknyga","article_publisher":"https:\/\/www.facebook.com\/skaitytaknyga\/","article_modified_time":"2026-03-18T11:16:38+00:00","og_image":[{"width":272,"height":430,"url":"https:\/\/skaitytaknyga.lt\/wp-content\/uploads\/2024\/04\/1462887089_bukitesveikivyrai.jpg","type":"image\/jpeg"}],"twitter_card":"summary_large_image","schema":{"@context":"https:\/\/schema.org","@graph":[{"@type":"WebPage","@id":"https:\/\/skaitytaknyga.lt\/produktas\/bukite-sveiki-vyrai-liaudies-medicina-letinems-vyru-ligoms-gydyti\/","url":"https:\/\/skaitytaknyga.lt\/produktas\/bukite-sveiki-vyrai-liaudies-medicina-letinems-vyru-ligoms-gydyti\/","name":"B\u016bkite sveiki, vyrai. Liaudies medicina l\u0117tin\u0117ms vyr\u0173 ligoms gydyti","isPartOf":{"@id":"https:\/\/skaitytaknyga.lt\/#website"},"primaryImageOfPage":{"@id":"https:\/\/skaitytaknyga.lt\/produktas\/bukite-sveiki-vyrai-liaudies-medicina-letinems-vyru-ligoms-gydyti\/#primaryimage"},"image":{"@id":"https:\/\/skaitytaknyga.lt\/produktas\/bukite-sveiki-vyrai-liaudies-medicina-letinems-vyru-ligoms-gydyti\/#primaryimage"},"thumbnailUrl":"https:\/\/skaitytaknyga.lt\/wp-content\/uploads\/2024\/04\/1462887089_bukitesveikivyrai.jpg","datePublished":"2024-04-17T13:19:55+00:00","dateModified":"2026-03-18T11:16:38+00:00","description":"Vyrai savyje sugeba pasteb\u0117ti \u012fvairius dalykus, ta\u010diau da\u017enai visai ne\u012fsiklauso \u012f savo k\u016bn\u0105. Jie tol neina pas gydytoj\u0105, kol nebegali kent\u0117ti. Knygoje\u00a0\u201eB\u016bkite sveiki, vyrai!\u201c\u00a0pateikiamos da\u017eniausiai vyrus kamuojan\u010dios lytin\u0117s sistemos organ\u0173 ligos ir 128 vaistiniai augalai ir 145 vaistini\u0173 augal\u0173 mi\u0161ini\u0173 receptai\u00a0 joms gydyti.","breadcrumb":{"@id":"https:\/\/skaitytaknyga.lt\/produktas\/bukite-sveiki-vyrai-liaudies-medicina-letinems-vyru-ligoms-gydyti\/#breadcrumb"},"inLanguage":"en-GB","potentialAction":[{"@type":"ReadAction","target":["https:\/\/skaitytaknyga.lt\/produktas\/bukite-sveiki-vyrai-liaudies-medicina-letinems-vyru-ligoms-gydyti\/"]}]},{"@type":"ImageObject","inLanguage":"en-GB","@id":"https:\/\/skaitytaknyga.lt\/produktas\/bukite-sveiki-vyrai-liaudies-medicina-letinems-vyru-ligoms-gydyti\/#primaryimage","url":"https:\/\/skaitytaknyga.lt\/wp-content\/uploads\/2024\/04\/1462887089_bukitesveikivyrai.jpg","contentUrl":"https:\/\/skaitytaknyga.lt\/wp-content\/uploads\/2024\/04\/1462887089_bukitesveikivyrai.jpg","width":272,"height":430,"caption":"1462887089 bukitesveikivyrai"},{"@type":"BreadcrumbList","@id":"https:\/\/skaitytaknyga.lt\/produktas\/bukite-sveiki-vyrai-liaudies-medicina-letinems-vyru-ligoms-gydyti\/#breadcrumb","itemListElement":[{"@type":"ListItem","position":1,"name":"Home","item":"https:\/\/skaitytaknyga.lt\/"},{"@type":"ListItem","position":2,"name":"Parduotuv\u0117","item":"https:\/\/skaitytaknyga.lt\/knygu-parduotuve\/"},{"@type":"ListItem","position":3,"name":"B\u016bkite sveiki, vyrai. Liaudies medicina l\u0117tin\u0117ms vyr\u0173 ligoms gydyti"}]},{"@type":"WebSite","@id":"https:\/\/skaitytaknyga.lt\/#website","url":"https:\/\/skaitytaknyga.lt\/","name":"skaitytaknyga.lt","description":"Skaitytaknyga.lt \u2013 tai ma\u017eas \u0161eimos verslas, kuris prasid\u0117jo nuo meil\u0117s knygoms ir siekio i\u0161gelb\u0117ti knygas nuo likimo prie konteinerio. Kas vienam nereikalingas daiktas \u2013 kitam lobis, o mes esame tarpininkai, kurie padeda abiems tapti laimingesniems ???? \u017dinome kaip nelengva i\u0161gyventi ma\u017eiems verslams, tad nuo \u0161iol, \u010dia rasite ir kit\u0173, ma\u017e\u0173 \u0161eim\u0173 versl\u0173, rank\u0173 darbo, dovan\u0173 sau ir artimiesiems.","publisher":{"@id":"https:\/\/skaitytaknyga.lt\/#organization"},"potentialAction":[{"@type":"SearchAction","target":{"@type":"EntryPoint","urlTemplate":"https:\/\/skaitytaknyga.lt\/?s={search_term_string}"},"query-input":{"@type":"PropertyValueSpecification","valueRequired":true,"valueName":"search_term_string"}}],"inLanguage":"en-GB"},{"@type":"Organization","@id":"https:\/\/skaitytaknyga.lt\/#organization","name":"skaitytaknyga.lt","url":"https:\/\/skaitytaknyga.lt\/","logo":{"@type":"ImageObject","inLanguage":"en-GB","@id":"https:\/\/skaitytaknyga.lt\/#\/schema\/logo\/image\/","url":"https:\/\/skaitytaknyga.lt\/wp-content\/uploads\/2024\/05\/cropped-cropped-cropped-02_00843_jt3bggkj1j3HLc7SyY6rEUpg.jpeg","contentUrl":"https:\/\/skaitytaknyga.lt\/wp-content\/uploads\/2024\/05\/cropped-cropped-cropped-02_00843_jt3bggkj1j3HLc7SyY6rEUpg.jpeg","width":1600,"height":1600,"caption":"skaitytaknyga.lt"},"image":{"@id":"https:\/\/skaitytaknyga.lt\/#\/schema\/logo\/image\/"},"sameAs":["https:\/\/www.facebook.com\/skaitytaknyga\/"]}]}},"_links":{"self":[{"href":"https:\/\/skaitytaknyga.lt\/en\/wp-json\/wp\/v2\/product\/2926","targetHints":{"allow":["GET"]}}],"collection":[{"href":"https:\/\/skaitytaknyga.lt\/en\/wp-json\/wp\/v2\/product"}],"about":[{"href":"https:\/\/skaitytaknyga.lt\/en\/wp-json\/wp\/v2\/types\/product"}],"replies":[{"embeddable":true,"href":"https:\/\/skaitytaknyga.lt\/en\/wp-json\/wp\/v2\/comments?post=2926"}],"wp:featuredmedia":[{"embeddable":true,"href":"https:\/\/skaitytaknyga.lt\/en\/wp-json\/wp\/v2\/media\/2975"}],"wp:attachment":[{"href":"https:\/\/skaitytaknyga.lt\/en\/wp-json\/wp\/v2\/media?parent=2926"}],"wp:term":[{"taxonomy":"product_brand","embeddable":true,"href":"https:\/\/skaitytaknyga.lt\/en\/wp-json\/wp\/v2\/product_brand?post=2926"},{"taxonomy":"product_cat","embeddable":true,"href":"https:\/\/skaitytaknyga.lt\/en\/wp-json\/wp\/v2\/product_cat?post=2926"},{"taxonomy":"product_tag","embeddable":true,"href":"https:\/\/skaitytaknyga.lt\/en\/wp-json\/wp\/v2\/product_tag?post=2926"}],"curies":[{"name":"wp","href":"https:\/\/api.w.org\/{rel}","templated":true}]}}