{"id":2925,"date":"2024-04-17T13:19:55","date_gmt":"2024-04-17T13:19:55","guid":{"rendered":"https:\/\/skaitytaknyga.lt\/?post_type=product&#038;p=2925"},"modified":"2026-03-18T13:18:12","modified_gmt":"2026-03-18T11:18:12","slug":"stiprus-nervai-atstatykite-nervine-pusiausvyra-100-naturaliomis-priemonemis","status":"publish","type":"product","link":"https:\/\/skaitytaknyga.lt\/en\/produktas\/stiprus-nervai-atstatykite-nervine-pusiausvyra-100-naturaliomis-priemonemis\/","title":{"rendered":"Stipr\u016bs nervai. Atstatykite nervin\u0119 pusiausvyr\u0105 100% nat\u016braliomis priemon\u0117mis"},"content":{"rendered":"","protected":false},"excerpt":{"rendered":"<p>Sena tiesa &#8211; visos ligos nuo nerv\u0173! Nervin\u0117s l\u0105stel\u0117s neatsistato, ta\u010diau nerv\u0173 ligas galima s\u0117kmingai gydyti patikrintais liaudi\u0161kais vaistais. Naujoje garsaus \u017einiuonio ir fitoenergetiko Aleksandro Korodeckio knygoje rasite per 100 recept\u0173, kurie pad\u0117s ne tik atsikratyti nemigos, odos lig\u0173, depresijos, skrand\u017eio negalavim\u0173, bet ir atgauti dvasin\u0119 pusiausvyr\u0105 bei sustiprinti darbingum\u0105. A. Korodeckio receptai &#8211; tai i\u0161mintingas b\u016bdas prailginti ir praskaidrinti gyvenim\u0105.<\/p>\n","protected":false},"featured_media":2974,"comment_status":"closed","ping_status":"closed","template":"","meta":{"_acf_changed":false,"site-sidebar-layout":"default","site-content-layout":"","ast-site-content-layout":"default","site-content-style":"default","site-sidebar-style":"default","ast-global-header-display":"","ast-banner-title-visibility":"","ast-main-header-display":"","ast-hfb-above-header-display":"","ast-hfb-below-header-display":"","ast-hfb-mobile-header-display":"","site-post-title":"","ast-breadcrumbs-content":"","ast-featured-img":"","footer-sml-layout":"","ast-disable-related-posts":"","theme-transparent-header-meta":"","adv-header-id-meta":"","stick-header-meta":"","header-above-stick-meta":"","header-main-stick-meta":"","header-below-stick-meta":"","astra-migrate-meta-layouts":"default","ast-page-background-enabled":"default","ast-page-background-meta":{"desktop":{"background-color":"","background-image":"","background-repeat":"repeat","background-position":"center center","background-size":"auto","background-attachment":"scroll","background-type":"","background-media":"","overlay-type":"","overlay-color":"","overlay-opacity":"","overlay-gradient":""},"tablet":{"background-color":"","background-image":"","background-repeat":"repeat","background-position":"center center","background-size":"auto","background-attachment":"scroll","background-type":"","background-media":"","overlay-type":"","overlay-color":"","overlay-opacity":"","overlay-gradient":""},"mobile":{"background-color":"","background-image":"","background-repeat":"repeat","background-position":"center center","background-size":"auto","background-attachment":"scroll","background-type":"","background-media":"","overlay-type":"","overlay-color":"","overlay-opacity":"","overlay-gradient":""}},"ast-content-background-meta":{"desktop":{"background-color":"var(--ast-global-color-4)","background-image":"","background-repeat":"repeat","background-position":"center center","background-size":"auto","background-attachment":"scroll","background-type":"","background-media":"","overlay-type":"","overlay-color":"","overlay-opacity":"","overlay-gradient":""},"tablet":{"background-color":"var(--ast-global-color-4)","background-image":"","background-repeat":"repeat","background-position":"center center","background-size":"auto","background-attachment":"scroll","background-type":"","background-media":"","overlay-type":"","overlay-color":"","overlay-opacity":"","overlay-gradient":""},"mobile":{"background-color":"var(--ast-global-color-4)","background-image":"","background-repeat":"repeat","background-position":"center center","background-size":"auto","background-attachment":"scroll","background-type":"","background-media":"","overlay-type":"","overlay-color":"","overlay-opacity":"","overlay-gradient":""}}},"product_brand":[],"product_cat":[9854,9858,55],"product_tag":[],"class_list":{"0":"post-2925","1":"product","2":"type-product","3":"status-publish","4":"has-post-thumbnail","6":"product_cat-medicina","7":"product_cat-sveikas-gyvenimo-budas","8":"product_cat-sveikata-ir-sveika-mityba","9":"desktop-align-left","10":"tablet-align-left","11":"mobile-align-left","13":"first","14":"instock","15":"shipping-taxable","16":"purchasable","17":"product-type-simple"},"acf":[],"yoast_head":"<!-- This site is optimized with the Yoast SEO plugin v27.0 - https:\/\/yoast.com\/product\/yoast-seo-wordpress\/ -->\n<title>Stipr\u016bs nervai. Atstatykite nervin\u0119 pusiausvyr\u0105 100% nat\u016braliomis priemon\u0117mis<\/title>\n<meta name=\"description\" content=\"Sena tiesa - visos ligos nuo nerv\u0173! Nervin\u0117s l\u0105stel\u0117s neatsistato, ta\u010diau nerv\u0173 ligas galima s\u0117kmingai gydyti patikrintais liaudi\u0161kais vaistais. Naujoje garsaus \u017einiuonio ir fitoenergetiko Aleksandro Korodeckio knygoje rasite per 100 recept\u0173, kurie pad\u0117s ne tik atsikratyti nemigos, odos lig\u0173, depresijos, skrand\u017eio negalavim\u0173, bet ir atgauti dvasin\u0119 pusiausvyr\u0105 bei sustiprinti darbingum\u0105. A. Korodeckio receptai - tai i\u0161mintingas b\u016bdas prailginti ir praskaidrinti gyvenim\u0105.\" \/>\n<meta name=\"robots\" content=\"index, follow, max-snippet:-1, max-image-preview:large, max-video-preview:-1\" \/>\n<link rel=\"canonical\" href=\"https:\/\/skaitytaknyga.lt\/en\/produktas\/stiprus-nervai-atstatykite-nervine-pusiausvyra-100-naturaliomis-priemonemis\/\" \/>\n<meta property=\"og:locale\" content=\"en_GB\" \/>\n<meta property=\"og:locale:alternate\" content=\"lt_LT\" \/>\n<meta property=\"og:type\" content=\"article\" \/>\n<meta property=\"og:title\" content=\"Stipr\u016bs nervai. Atstatykite nervin\u0119 pusiausvyr\u0105 100% nat\u016braliomis priemon\u0117mis\" \/>\n<meta property=\"og:description\" content=\"Sena tiesa - visos ligos nuo nerv\u0173! Nervin\u0117s l\u0105stel\u0117s neatsistato, ta\u010diau nerv\u0173 ligas galima s\u0117kmingai gydyti patikrintais liaudi\u0161kais vaistais. Naujoje garsaus \u017einiuonio ir fitoenergetiko Aleksandro Korodeckio knygoje rasite per 100 recept\u0173, kurie pad\u0117s ne tik atsikratyti nemigos, odos lig\u0173, depresijos, skrand\u017eio negalavim\u0173, bet ir atgauti dvasin\u0119 pusiausvyr\u0105 bei sustiprinti darbingum\u0105. A. Korodeckio receptai - tai i\u0161mintingas b\u016bdas prailginti ir praskaidrinti gyvenim\u0105.\" \/>\n<meta property=\"og:url\" content=\"https:\/\/skaitytaknyga.lt\/en\/produktas\/stiprus-nervai-atstatykite-nervine-pusiausvyra-100-naturaliomis-priemonemis\/\" \/>\n<meta property=\"og:site_name\" content=\"Skaitytaknyga\" \/>\n<meta property=\"article:publisher\" content=\"https:\/\/www.facebook.com\/skaitytaknyga\/\" \/>\n<meta property=\"article:modified_time\" content=\"2026-03-18T11:18:12+00:00\" \/>\n<meta property=\"og:image\" content=\"https:\/\/skaitytaknyga.lt\/wp-content\/uploads\/2024\/04\/atsisiusti-2-2.jpg\" \/>\n\t<meta property=\"og:image:width\" content=\"183\" \/>\n\t<meta property=\"og:image:height\" content=\"275\" \/>\n\t<meta property=\"og:image:type\" content=\"image\/jpeg\" \/>\n<meta name=\"twitter:card\" content=\"summary_large_image\" \/>\n<script type=\"application\/ld+json\" class=\"yoast-schema-graph\">{\"@context\":\"https:\/\/schema.org\",\"@graph\":[{\"@type\":\"WebPage\",\"@id\":\"https:\/\/skaitytaknyga.lt\/produktas\/stiprus-nervai-atstatykite-nervine-pusiausvyra-100-naturaliomis-priemonemis\/\",\"url\":\"https:\/\/skaitytaknyga.lt\/produktas\/stiprus-nervai-atstatykite-nervine-pusiausvyra-100-naturaliomis-priemonemis\/\",\"name\":\"Stipr\u016bs nervai. Atstatykite nervin\u0119 pusiausvyr\u0105 100% nat\u016braliomis priemon\u0117mis\",\"isPartOf\":{\"@id\":\"https:\/\/skaitytaknyga.lt\/#website\"},\"primaryImageOfPage\":{\"@id\":\"https:\/\/skaitytaknyga.lt\/produktas\/stiprus-nervai-atstatykite-nervine-pusiausvyra-100-naturaliomis-priemonemis\/#primaryimage\"},\"image\":{\"@id\":\"https:\/\/skaitytaknyga.lt\/produktas\/stiprus-nervai-atstatykite-nervine-pusiausvyra-100-naturaliomis-priemonemis\/#primaryimage\"},\"thumbnailUrl\":\"https:\/\/skaitytaknyga.lt\/wp-content\/uploads\/2024\/04\/atsisiusti-2-2.jpg\",\"datePublished\":\"2024-04-17T13:19:55+00:00\",\"dateModified\":\"2026-03-18T11:18:12+00:00\",\"description\":\"Sena tiesa - visos ligos nuo nerv\u0173! Nervin\u0117s l\u0105stel\u0117s neatsistato, ta\u010diau nerv\u0173 ligas galima s\u0117kmingai gydyti patikrintais liaudi\u0161kais vaistais. Naujoje garsaus \u017einiuonio ir fitoenergetiko Aleksandro Korodeckio knygoje rasite per 100 recept\u0173, kurie pad\u0117s ne tik atsikratyti nemigos, odos lig\u0173, depresijos, skrand\u017eio negalavim\u0173, bet ir atgauti dvasin\u0119 pusiausvyr\u0105 bei sustiprinti darbingum\u0105. A. Korodeckio receptai - tai i\u0161mintingas b\u016bdas prailginti ir praskaidrinti gyvenim\u0105.\",\"breadcrumb\":{\"@id\":\"https:\/\/skaitytaknyga.lt\/produktas\/stiprus-nervai-atstatykite-nervine-pusiausvyra-100-naturaliomis-priemonemis\/#breadcrumb\"},\"inLanguage\":\"en-GB\",\"potentialAction\":[{\"@type\":\"ReadAction\",\"target\":[\"https:\/\/skaitytaknyga.lt\/produktas\/stiprus-nervai-atstatykite-nervine-pusiausvyra-100-naturaliomis-priemonemis\/\"]}]},{\"@type\":\"ImageObject\",\"inLanguage\":\"en-GB\",\"@id\":\"https:\/\/skaitytaknyga.lt\/produktas\/stiprus-nervai-atstatykite-nervine-pusiausvyra-100-naturaliomis-priemonemis\/#primaryimage\",\"url\":\"https:\/\/skaitytaknyga.lt\/wp-content\/uploads\/2024\/04\/atsisiusti-2-2.jpg\",\"contentUrl\":\"https:\/\/skaitytaknyga.lt\/wp-content\/uploads\/2024\/04\/atsisiusti-2-2.jpg\",\"width\":183,\"height\":275,\"caption\":\"atsisiusti 2 2\"},{\"@type\":\"BreadcrumbList\",\"@id\":\"https:\/\/skaitytaknyga.lt\/produktas\/stiprus-nervai-atstatykite-nervine-pusiausvyra-100-naturaliomis-priemonemis\/#breadcrumb\",\"itemListElement\":[{\"@type\":\"ListItem\",\"position\":1,\"name\":\"Home\",\"item\":\"https:\/\/skaitytaknyga.lt\/\"},{\"@type\":\"ListItem\",\"position\":2,\"name\":\"Parduotuv\u0117\",\"item\":\"https:\/\/skaitytaknyga.lt\/knygu-parduotuve\/\"},{\"@type\":\"ListItem\",\"position\":3,\"name\":\"Stipr\u016bs nervai. Atstatykite nervin\u0119 pusiausvyr\u0105 100% nat\u016braliomis priemon\u0117mis\"}]},{\"@type\":\"WebSite\",\"@id\":\"https:\/\/skaitytaknyga.lt\/#website\",\"url\":\"https:\/\/skaitytaknyga.lt\/\",\"name\":\"skaitytaknyga.lt\",\"description\":\"Skaitytaknyga.lt \u2013 tai ma\u017eas \u0161eimos verslas, kuris prasid\u0117jo nuo meil\u0117s knygoms ir siekio i\u0161gelb\u0117ti knygas nuo likimo prie konteinerio. Kas vienam nereikalingas daiktas \u2013 kitam lobis, o mes esame tarpininkai, kurie padeda abiems tapti laimingesniems ???? \u017dinome kaip nelengva i\u0161gyventi ma\u017eiems verslams, tad nuo \u0161iol, \u010dia rasite ir kit\u0173, ma\u017e\u0173 \u0161eim\u0173 versl\u0173, rank\u0173 darbo, dovan\u0173 sau ir artimiesiems.\",\"publisher\":{\"@id\":\"https:\/\/skaitytaknyga.lt\/#organization\"},\"potentialAction\":[{\"@type\":\"SearchAction\",\"target\":{\"@type\":\"EntryPoint\",\"urlTemplate\":\"https:\/\/skaitytaknyga.lt\/?s={search_term_string}\"},\"query-input\":{\"@type\":\"PropertyValueSpecification\",\"valueRequired\":true,\"valueName\":\"search_term_string\"}}],\"inLanguage\":\"en-GB\"},{\"@type\":\"Organization\",\"@id\":\"https:\/\/skaitytaknyga.lt\/#organization\",\"name\":\"skaitytaknyga.lt\",\"url\":\"https:\/\/skaitytaknyga.lt\/\",\"logo\":{\"@type\":\"ImageObject\",\"inLanguage\":\"en-GB\",\"@id\":\"https:\/\/skaitytaknyga.lt\/#\/schema\/logo\/image\/\",\"url\":\"https:\/\/skaitytaknyga.lt\/wp-content\/uploads\/2024\/05\/cropped-cropped-cropped-02_00843_jt3bggkj1j3HLc7SyY6rEUpg.jpeg\",\"contentUrl\":\"https:\/\/skaitytaknyga.lt\/wp-content\/uploads\/2024\/05\/cropped-cropped-cropped-02_00843_jt3bggkj1j3HLc7SyY6rEUpg.jpeg\",\"width\":1600,\"height\":1600,\"caption\":\"skaitytaknyga.lt\"},\"image\":{\"@id\":\"https:\/\/skaitytaknyga.lt\/#\/schema\/logo\/image\/\"},\"sameAs\":[\"https:\/\/www.facebook.com\/skaitytaknyga\/\"]}]}<\/script>\n<!-- \/ Yoast SEO plugin. -->","yoast_head_json":{"title":"Stipr\u016bs nervai. Atstatykite nervin\u0119 pusiausvyr\u0105 100% nat\u016braliomis priemon\u0117mis","description":"Sena tiesa - visos ligos nuo nerv\u0173! Nervin\u0117s l\u0105stel\u0117s neatsistato, ta\u010diau nerv\u0173 ligas galima s\u0117kmingai gydyti patikrintais liaudi\u0161kais vaistais. Naujoje garsaus \u017einiuonio ir fitoenergetiko Aleksandro Korodeckio knygoje rasite per 100 recept\u0173, kurie pad\u0117s ne tik atsikratyti nemigos, odos lig\u0173, depresijos, skrand\u017eio negalavim\u0173, bet ir atgauti dvasin\u0119 pusiausvyr\u0105 bei sustiprinti darbingum\u0105. A. Korodeckio receptai - tai i\u0161mintingas b\u016bdas prailginti ir praskaidrinti gyvenim\u0105.","robots":{"index":"index","follow":"follow","max-snippet":"max-snippet:-1","max-image-preview":"max-image-preview:large","max-video-preview":"max-video-preview:-1"},"canonical":"https:\/\/skaitytaknyga.lt\/en\/produktas\/stiprus-nervai-atstatykite-nervine-pusiausvyra-100-naturaliomis-priemonemis\/","og_locale":"en_GB","og_type":"article","og_title":"[:lt]Stipr\u016bs nervai. Atstatykite nervin\u0119 pusiausvyr\u0105 100% nat\u016braliomis priemon\u0117mis[:] - Skaitytaknyga","og_description":"Sena tiesa - visos ligos nuo nerv\u0173! Nervin\u0117s l\u0105stel\u0117s neatsistato, ta\u010diau nerv\u0173 ligas galima s\u0117kmingai gydyti patikrintais liaudi\u0161kais vaistais. Naujoje garsaus \u017einiuonio ir fitoenergetiko Aleksandro Korodeckio knygoje rasite per 100 recept\u0173, kurie pad\u0117s ne tik atsikratyti nemigos, odos lig\u0173, depresijos, skrand\u017eio negalavim\u0173, bet ir atgauti dvasin\u0119 pusiausvyr\u0105 bei sustiprinti darbingum\u0105. A. Korodeckio receptai - tai i\u0161mintingas b\u016bdas prailginti ir praskaidrinti gyvenim\u0105.","og_url":"https:\/\/skaitytaknyga.lt\/en\/produktas\/stiprus-nervai-atstatykite-nervine-pusiausvyra-100-naturaliomis-priemonemis\/","og_site_name":"Skaitytaknyga","article_publisher":"https:\/\/www.facebook.com\/skaitytaknyga\/","article_modified_time":"2026-03-18T11:18:12+00:00","og_image":[{"width":183,"height":275,"url":"https:\/\/skaitytaknyga.lt\/wp-content\/uploads\/2024\/04\/atsisiusti-2-2.jpg","type":"image\/jpeg"}],"twitter_card":"summary_large_image","schema":{"@context":"https:\/\/schema.org","@graph":[{"@type":"WebPage","@id":"https:\/\/skaitytaknyga.lt\/produktas\/stiprus-nervai-atstatykite-nervine-pusiausvyra-100-naturaliomis-priemonemis\/","url":"https:\/\/skaitytaknyga.lt\/produktas\/stiprus-nervai-atstatykite-nervine-pusiausvyra-100-naturaliomis-priemonemis\/","name":"Stipr\u016bs nervai. Atstatykite nervin\u0119 pusiausvyr\u0105 100% nat\u016braliomis priemon\u0117mis","isPartOf":{"@id":"https:\/\/skaitytaknyga.lt\/#website"},"primaryImageOfPage":{"@id":"https:\/\/skaitytaknyga.lt\/produktas\/stiprus-nervai-atstatykite-nervine-pusiausvyra-100-naturaliomis-priemonemis\/#primaryimage"},"image":{"@id":"https:\/\/skaitytaknyga.lt\/produktas\/stiprus-nervai-atstatykite-nervine-pusiausvyra-100-naturaliomis-priemonemis\/#primaryimage"},"thumbnailUrl":"https:\/\/skaitytaknyga.lt\/wp-content\/uploads\/2024\/04\/atsisiusti-2-2.jpg","datePublished":"2024-04-17T13:19:55+00:00","dateModified":"2026-03-18T11:18:12+00:00","description":"Sena tiesa - visos ligos nuo nerv\u0173! Nervin\u0117s l\u0105stel\u0117s neatsistato, ta\u010diau nerv\u0173 ligas galima s\u0117kmingai gydyti patikrintais liaudi\u0161kais vaistais. Naujoje garsaus \u017einiuonio ir fitoenergetiko Aleksandro Korodeckio knygoje rasite per 100 recept\u0173, kurie pad\u0117s ne tik atsikratyti nemigos, odos lig\u0173, depresijos, skrand\u017eio negalavim\u0173, bet ir atgauti dvasin\u0119 pusiausvyr\u0105 bei sustiprinti darbingum\u0105. A. Korodeckio receptai - tai i\u0161mintingas b\u016bdas prailginti ir praskaidrinti gyvenim\u0105.","breadcrumb":{"@id":"https:\/\/skaitytaknyga.lt\/produktas\/stiprus-nervai-atstatykite-nervine-pusiausvyra-100-naturaliomis-priemonemis\/#breadcrumb"},"inLanguage":"en-GB","potentialAction":[{"@type":"ReadAction","target":["https:\/\/skaitytaknyga.lt\/produktas\/stiprus-nervai-atstatykite-nervine-pusiausvyra-100-naturaliomis-priemonemis\/"]}]},{"@type":"ImageObject","inLanguage":"en-GB","@id":"https:\/\/skaitytaknyga.lt\/produktas\/stiprus-nervai-atstatykite-nervine-pusiausvyra-100-naturaliomis-priemonemis\/#primaryimage","url":"https:\/\/skaitytaknyga.lt\/wp-content\/uploads\/2024\/04\/atsisiusti-2-2.jpg","contentUrl":"https:\/\/skaitytaknyga.lt\/wp-content\/uploads\/2024\/04\/atsisiusti-2-2.jpg","width":183,"height":275,"caption":"atsisiusti 2 2"},{"@type":"BreadcrumbList","@id":"https:\/\/skaitytaknyga.lt\/produktas\/stiprus-nervai-atstatykite-nervine-pusiausvyra-100-naturaliomis-priemonemis\/#breadcrumb","itemListElement":[{"@type":"ListItem","position":1,"name":"Home","item":"https:\/\/skaitytaknyga.lt\/"},{"@type":"ListItem","position":2,"name":"Parduotuv\u0117","item":"https:\/\/skaitytaknyga.lt\/knygu-parduotuve\/"},{"@type":"ListItem","position":3,"name":"Stipr\u016bs nervai. Atstatykite nervin\u0119 pusiausvyr\u0105 100% nat\u016braliomis priemon\u0117mis"}]},{"@type":"WebSite","@id":"https:\/\/skaitytaknyga.lt\/#website","url":"https:\/\/skaitytaknyga.lt\/","name":"skaitytaknyga.lt","description":"Skaitytaknyga.lt \u2013 tai ma\u017eas \u0161eimos verslas, kuris prasid\u0117jo nuo meil\u0117s knygoms ir siekio i\u0161gelb\u0117ti knygas nuo likimo prie konteinerio. Kas vienam nereikalingas daiktas \u2013 kitam lobis, o mes esame tarpininkai, kurie padeda abiems tapti laimingesniems ???? \u017dinome kaip nelengva i\u0161gyventi ma\u017eiems verslams, tad nuo \u0161iol, \u010dia rasite ir kit\u0173, ma\u017e\u0173 \u0161eim\u0173 versl\u0173, rank\u0173 darbo, dovan\u0173 sau ir artimiesiems.","publisher":{"@id":"https:\/\/skaitytaknyga.lt\/#organization"},"potentialAction":[{"@type":"SearchAction","target":{"@type":"EntryPoint","urlTemplate":"https:\/\/skaitytaknyga.lt\/?s={search_term_string}"},"query-input":{"@type":"PropertyValueSpecification","valueRequired":true,"valueName":"search_term_string"}}],"inLanguage":"en-GB"},{"@type":"Organization","@id":"https:\/\/skaitytaknyga.lt\/#organization","name":"skaitytaknyga.lt","url":"https:\/\/skaitytaknyga.lt\/","logo":{"@type":"ImageObject","inLanguage":"en-GB","@id":"https:\/\/skaitytaknyga.lt\/#\/schema\/logo\/image\/","url":"https:\/\/skaitytaknyga.lt\/wp-content\/uploads\/2024\/05\/cropped-cropped-cropped-02_00843_jt3bggkj1j3HLc7SyY6rEUpg.jpeg","contentUrl":"https:\/\/skaitytaknyga.lt\/wp-content\/uploads\/2024\/05\/cropped-cropped-cropped-02_00843_jt3bggkj1j3HLc7SyY6rEUpg.jpeg","width":1600,"height":1600,"caption":"skaitytaknyga.lt"},"image":{"@id":"https:\/\/skaitytaknyga.lt\/#\/schema\/logo\/image\/"},"sameAs":["https:\/\/www.facebook.com\/skaitytaknyga\/"]}]}},"_links":{"self":[{"href":"https:\/\/skaitytaknyga.lt\/en\/wp-json\/wp\/v2\/product\/2925","targetHints":{"allow":["GET"]}}],"collection":[{"href":"https:\/\/skaitytaknyga.lt\/en\/wp-json\/wp\/v2\/product"}],"about":[{"href":"https:\/\/skaitytaknyga.lt\/en\/wp-json\/wp\/v2\/types\/product"}],"replies":[{"embeddable":true,"href":"https:\/\/skaitytaknyga.lt\/en\/wp-json\/wp\/v2\/comments?post=2925"}],"wp:featuredmedia":[{"embeddable":true,"href":"https:\/\/skaitytaknyga.lt\/en\/wp-json\/wp\/v2\/media\/2974"}],"wp:attachment":[{"href":"https:\/\/skaitytaknyga.lt\/en\/wp-json\/wp\/v2\/media?parent=2925"}],"wp:term":[{"taxonomy":"product_brand","embeddable":true,"href":"https:\/\/skaitytaknyga.lt\/en\/wp-json\/wp\/v2\/product_brand?post=2925"},{"taxonomy":"product_cat","embeddable":true,"href":"https:\/\/skaitytaknyga.lt\/en\/wp-json\/wp\/v2\/product_cat?post=2925"},{"taxonomy":"product_tag","embeddable":true,"href":"https:\/\/skaitytaknyga.lt\/en\/wp-json\/wp\/v2\/product_tag?post=2925"}],"curies":[{"name":"wp","href":"https:\/\/api.w.org\/{rel}","templated":true}]}}