{"id":2924,"date":"2024-04-17T13:19:55","date_gmt":"2024-04-17T13:19:55","guid":{"rendered":"https:\/\/skaitytaknyga.lt\/?post_type=product&#038;p=2924"},"modified":"2026-03-18T13:15:56","modified_gmt":"2026-03-18T11:15:56","slug":"__trashed-234","status":"publish","type":"product","link":"https:\/\/skaitytaknyga.lt\/en\/produktas\/__trashed-234\/","title":{"rendered":"Pagydyti nepagydom\u0105"},"content":{"rendered":"<p>nyga \u201ePagydyti nepagydom\u0105\u201c \u2013 veikalo \u201eKaip sveikai gyventi 150 met\u0173\u201c (2012, \u201eVaga\u201c) t\u0119sinys. Dar kart\u0105 primenami taisyklingo kv\u0117pavimo, fizinio aktyvumo, taisyklingos mitybos ir biologin\u0117s \u0161varos principai, be to, gliaudomos sunkesni\u0173 lig\u0173 istorijos, pateikiami patarimai, kaip su fizin\u0117mis ir psichologin\u0117mis problemomis susidoroti net l\u0117tini\u0173 ir chronini\u0173, vadinam\u0173 nei\u0161gydom\u0173j\u0173 ar alergin\u0117s kilm\u0117s lig\u0173 ligoniams.<\/p>\n<p>Michalas Tombakas \u2013 habilituotas moksl\u0173 daktaras, baig\u0119s Maskvos universiteto Biologijos ir chemijos fakultet\u0105. Autorius teigia, kad b\u016btent \u0161ie mokslai suteik\u0117 jam ne\u012fkainojam\u0173 \u017eini\u0173 apie unikal\u0173 \u017emogaus organizm\u0105 ir jo veikimo principus.<\/p>\n<p>\u2022 Mitybos \u012fpro\u010di\u0173 \u201egenetika\u201c,<\/p>\n<p>\u2022 \u0160iandienin\u0117s \u201ecivilizacijos ligos\u201c,<\/p>\n<p>\u2022 Kaip pasigydyti sergant \u201enepagydoma\u201c liga,<\/p>\n<p>\u2022 Kaip \u012fveikti plikim\u0105, nemig\u0105 ir daugel\u012f kit\u0173 negalavim\u0173.<\/p>\n<p>Michalas Tombakas:<\/p>\n<p>\u2022 \u201e Taigi, situacija tokia, kad \u0161akute ir \u0161auk\u0161tu patys sau kasame kap\u0105.\u201c<\/p>\n<p>\u2022 \u201e Medicina yra tiktai menas gydyti ligas (atkreipiu d\u0117mes\u012f \u2013 ne \u017emog\u0173, o jo ligas).\u201c<\/p>\n<p>\u2022 \u201e Ligos pa\u0161alinimas chirurgin\u0117s operacijos b\u016bdu yra tinkamas sprendimas visiems, i\u0161skyrus pacient\u0105.\u201c<\/p>\n<p>\u2022 \u201eGeneti\u0161kai yra perduodama ne liga, o blogi \u012fpro\u010diai, kurie tampa ligos prie\u017eastimi. \u0160i i\u0161vada tinkama visoms ligoms, kurias gal\u0117tume apib\u016bdinti vienu \u017eod\u017eiu \u2013 civilizacija.\u201c<\/p>\n<ul class=\"about-product d-none d-xl-block mt-4\">\n<li><strong>Originalus pavadinimas:<\/strong>\u00a0Uleczyc nieuleczalne<\/li>\n<li><strong>Autorius:<\/strong>\u00a0Michalas Tombakas<\/li>\n<li><strong>Leid\u0117jas:<\/strong>\u00a0Vaga<\/li>\n<li><strong>Metai:<\/strong>\u00a02015<\/li>\n<li><strong>Puslapiai:<\/strong>\u00a0176<\/li>\n<li class=\"toggleable type-new-formats \"><strong>ISBN:<\/strong>\u00a09785415023288<\/li>\n<li><strong>Versijos kodas:<\/strong>\u00a0PT.<\/li>\n<li class=\"toggleable type-new-formats \"><strong>Formatas:<\/strong>\u00a014,5 x 21,5 cm, kieti vir\u0161eliai<\/li>\n<li><strong>Kalba:<\/strong>\u00a0Lietuvi\u0173<\/li>\n<li><strong>Vert\u0117jas:<\/strong>\u00a0Jonas Naru\u010dionis<\/li>\n<\/ul>\n","protected":false},"excerpt":{"rendered":"<p>nyga \u201ePagydyti nepagydom\u0105\u201c \u2013 veikalo \u201eKaip sveikai gyventi 150 met\u0173\u201c (2012, \u201eVaga\u201c) t\u0119sinys. Dar kart\u0105 primenami taisyklingo kv\u0117pavimo, fizinio aktyvumo, taisyklingos mitybos ir biologin\u0117s \u0161varos principai, be to, gliaudomos sunkesni\u0173 lig\u0173 istorijos, pateikiami patarimai, kaip su fizin\u0117mis ir psichologin\u0117mis problemomis susidoroti net l\u0117tini\u0173 ir chronini\u0173, vadinam\u0173 nei\u0161gydom\u0173j\u0173 ar alergin\u0117s kilm\u0117s lig\u0173 ligoniams. Michalas Tombakas \u2013 habilituotas moksl\u0173 daktaras, baig\u0119s Maskvos universiteto Biologijos ir chemijos fakultet\u0105. Autorius teigia, kad b\u016btent \u0161ie mokslai suteik\u0117 jam ne\u012fkainojam\u0173 \u017eini\u0173 apie unikal\u0173 \u017emogaus organizm\u0105 ir jo veikimo principus. \u2022 Mitybos \u012fpro\u010di\u0173 \u201egenetika\u201c, \u2022 \u0160iandienin\u0117s \u201ecivilizacijos ligos\u201c, \u2022 Kaip pasigydyti sergant \u201enepagydoma\u201c liga, \u2022 Kaip \u012fveikti plikim\u0105, nemig\u0105 ir daugel\u012f kit\u0173 negalavim\u0173. Michalas Tombakas: \u2022 \u201e Taigi, situacija tokia, kad \u0161akute ir \u0161auk\u0161tu patys sau kasame kap\u0105.\u201c \u2022 \u201e Medicina yra tiktai menas gydyti ligas (atkreipiu d\u0117mes\u012f \u2013 ne \u017emog\u0173, o jo ligas).\u201c \u2022 \u201e Ligos pa\u0161alinimas chirurgin\u0117s operacijos b\u016bdu yra tinkamas sprendimas visiems, i\u0161skyrus pacient\u0105.\u201c \u2022 \u201eGeneti\u0161kai yra perduodama ne liga, o blogi \u012fpro\u010diai, kurie tampa ligos prie\u017eastimi. \u0160i i\u0161vada tinkama visoms ligoms, kurias gal\u0117tume apib\u016bdinti vienu \u017eod\u017eiu \u2013 civilizacija.\u201c Originalus pavadinimas:\u00a0Uleczyc nieuleczalne Autorius:\u00a0Michalas Tombakas Leid\u0117jas:\u00a0Vaga Metai:\u00a02015 Puslapiai:\u00a0176 ISBN:\u00a09785415023288 Versijos kodas:\u00a0PT. Formatas:\u00a014,5 x 21,5 cm, kieti vir\u0161eliai Kalba:\u00a0Lietuvi\u0173 Vert\u0117jas:\u00a0Jonas Naru\u010dionis<\/p>\n","protected":false},"featured_media":2973,"comment_status":"closed","ping_status":"closed","template":"","meta":{"_acf_changed":false,"site-sidebar-layout":"default","site-content-layout":"","ast-site-content-layout":"default","site-content-style":"default","site-sidebar-style":"default","ast-global-header-display":"","ast-banner-title-visibility":"","ast-main-header-display":"","ast-hfb-above-header-display":"","ast-hfb-below-header-display":"","ast-hfb-mobile-header-display":"","site-post-title":"","ast-breadcrumbs-content":"","ast-featured-img":"","footer-sml-layout":"","ast-disable-related-posts":"","theme-transparent-header-meta":"default","adv-header-id-meta":"","stick-header-meta":"","header-above-stick-meta":"","header-main-stick-meta":"","header-below-stick-meta":"","astra-migrate-meta-layouts":"set","ast-page-background-enabled":"default","ast-page-background-meta":{"desktop":{"background-color":"","background-image":"","background-repeat":"repeat","background-position":"center center","background-size":"auto","background-attachment":"scroll","background-type":"","background-media":"","overlay-type":"","overlay-color":"","overlay-opacity":"","overlay-gradient":""},"tablet":{"background-color":"","background-image":"","background-repeat":"repeat","background-position":"center center","background-size":"auto","background-attachment":"scroll","background-type":"","background-media":"","overlay-type":"","overlay-color":"","overlay-opacity":"","overlay-gradient":""},"mobile":{"background-color":"","background-image":"","background-repeat":"repeat","background-position":"center center","background-size":"auto","background-attachment":"scroll","background-type":"","background-media":"","overlay-type":"","overlay-color":"","overlay-opacity":"","overlay-gradient":""}},"ast-content-background-meta":{"desktop":{"background-color":"var(--ast-global-color-4)","background-image":"","background-repeat":"repeat","background-position":"center center","background-size":"auto","background-attachment":"scroll","background-type":"","background-media":"","overlay-type":"","overlay-color":"","overlay-opacity":"","overlay-gradient":""},"tablet":{"background-color":"var(--ast-global-color-4)","background-image":"","background-repeat":"repeat","background-position":"center center","background-size":"auto","background-attachment":"scroll","background-type":"","background-media":"","overlay-type":"","overlay-color":"","overlay-opacity":"","overlay-gradient":""},"mobile":{"background-color":"var(--ast-global-color-4)","background-image":"","background-repeat":"repeat","background-position":"center center","background-size":"auto","background-attachment":"scroll","background-type":"","background-media":"","overlay-type":"","overlay-color":"","overlay-opacity":"","overlay-gradient":""}}},"product_brand":[],"product_cat":[9854,55],"product_tag":[5598,5952,5953,5951,5785,5950,2095,5803,2196,1392,2001],"class_list":{"0":"post-2924","1":"product","2":"type-product","3":"status-publish","4":"has-post-thumbnail","6":"product_cat-medicina","7":"product_cat-sveikata-ir-sveika-mityba","8":"product_tag-biologija","9":"product_tag-chronines-ligos","10":"product_tag-civilizacija","11":"product_tag-fizinis-aktyvumas","12":"product_tag-genetika","13":"product_tag-kvepavimas","14":"product_tag-medicina","15":"product_tag-michalas-tombakas","16":"product_tag-mityba","17":"product_tag-psichologija","18":"product_tag-sveika-gyvensena","19":"desktop-align-left","20":"tablet-align-left","21":"mobile-align-left","23":"first","24":"outofstock","25":"shipping-taxable","26":"purchasable","27":"product-type-simple"},"acf":[],"yoast_head":"<!-- This site is optimized with the Yoast SEO plugin v27.4 - https:\/\/yoast.com\/product\/yoast-seo-wordpress\/ -->\n<title>Pagydyti nepagydom\u0105<\/title>\n<meta name=\"description\" content=\"nyga \u201ePagydyti nepagydom\u0105\u201c \u2013 veikalo \u201eKaip sveikai gyventi 150 met\u0173\u201c (2012, \u201eVaga\u201c) t\u0119sinys. Dar kart\u0105 primenami taisyklingo kv\u0117pavimo, fizinio aktyvumo,\" \/>\n<meta name=\"robots\" content=\"index, follow, max-snippet:-1, max-image-preview:large, max-video-preview:-1\" \/>\n<link rel=\"canonical\" href=\"https:\/\/skaitytaknyga.lt\/en\/produktas\/__trashed-234\/\" \/>\n<meta property=\"og:locale\" content=\"en_GB\" \/>\n<meta property=\"og:locale:alternate\" content=\"lt_LT\" \/>\n<meta property=\"og:type\" content=\"article\" \/>\n<meta property=\"og:title\" content=\"Pagydyti nepagydom\u0105\" \/>\n<meta property=\"og:description\" content=\"nyga \u201ePagydyti nepagydom\u0105\u201c \u2013 veikalo \u201eKaip sveikai gyventi 150 met\u0173\u201c (2012, \u201eVaga\u201c) t\u0119sinys. Dar kart\u0105 primenami taisyklingo kv\u0117pavimo, fizinio aktyvumo,\" \/>\n<meta property=\"og:url\" content=\"https:\/\/skaitytaknyga.lt\/en\/produktas\/__trashed-234\/\" \/>\n<meta property=\"og:site_name\" content=\"Skaitytaknyga\" \/>\n<meta property=\"article:publisher\" content=\"https:\/\/www.facebook.com\/skaitytaknyga\/\" \/>\n<meta property=\"article:modified_time\" content=\"2026-03-18T11:15:56+00:00\" \/>\n<meta property=\"og:image\" content=\"https:\/\/skaitytaknyga.lt\/wp-content\/uploads\/2024\/04\/pagydyti-nepagydoma.jpg\" \/>\n\t<meta property=\"og:image:width\" content=\"261\" \/>\n\t<meta property=\"og:image:height\" content=\"400\" \/>\n\t<meta property=\"og:image:type\" content=\"image\/jpeg\" \/>\n<meta name=\"twitter:card\" content=\"summary_large_image\" \/>\n<meta name=\"twitter:label1\" content=\"Estimated reading time\" \/>\n\t<meta name=\"twitter:data1\" content=\"2 minutes\" \/>\n<script type=\"application\/ld+json\" class=\"yoast-schema-graph\">{\"@context\":\"https:\\\/\\\/schema.org\",\"@graph\":[{\"@type\":\"WebPage\",\"@id\":\"https:\\\/\\\/skaitytaknyga.lt\\\/produktas\\\/__trashed-234\\\/\",\"url\":\"https:\\\/\\\/skaitytaknyga.lt\\\/produktas\\\/__trashed-234\\\/\",\"name\":\"Pagydyti nepagydom\u0105\",\"isPartOf\":{\"@id\":\"https:\\\/\\\/skaitytaknyga.lt\\\/#website\"},\"primaryImageOfPage\":{\"@id\":\"https:\\\/\\\/skaitytaknyga.lt\\\/produktas\\\/__trashed-234\\\/#primaryimage\"},\"image\":{\"@id\":\"https:\\\/\\\/skaitytaknyga.lt\\\/produktas\\\/__trashed-234\\\/#primaryimage\"},\"thumbnailUrl\":\"https:\\\/\\\/skaitytaknyga.lt\\\/wp-content\\\/uploads\\\/2024\\\/04\\\/pagydyti-nepagydoma.jpg\",\"datePublished\":\"2024-04-17T13:19:55+00:00\",\"dateModified\":\"2026-03-18T11:15:56+00:00\",\"description\":\"nyga \u201ePagydyti nepagydom\u0105\u201c \u2013 veikalo \u201eKaip sveikai gyventi 150 met\u0173\u201c (2012, \u201eVaga\u201c) t\u0119sinys. Dar kart\u0105 primenami taisyklingo kv\u0117pavimo, fizinio aktyvumo,\",\"breadcrumb\":{\"@id\":\"https:\\\/\\\/skaitytaknyga.lt\\\/produktas\\\/__trashed-234\\\/#breadcrumb\"},\"inLanguage\":\"en-GB\",\"potentialAction\":[{\"@type\":\"ReadAction\",\"target\":[\"https:\\\/\\\/skaitytaknyga.lt\\\/produktas\\\/__trashed-234\\\/\"]}]},{\"@type\":\"ImageObject\",\"inLanguage\":\"en-GB\",\"@id\":\"https:\\\/\\\/skaitytaknyga.lt\\\/produktas\\\/__trashed-234\\\/#primaryimage\",\"url\":\"https:\\\/\\\/skaitytaknyga.lt\\\/wp-content\\\/uploads\\\/2024\\\/04\\\/pagydyti-nepagydoma.jpg\",\"contentUrl\":\"https:\\\/\\\/skaitytaknyga.lt\\\/wp-content\\\/uploads\\\/2024\\\/04\\\/pagydyti-nepagydoma.jpg\",\"width\":261,\"height\":400,\"caption\":\"Pagydyti nepagydom\u0105\"},{\"@type\":\"BreadcrumbList\",\"@id\":\"https:\\\/\\\/skaitytaknyga.lt\\\/produktas\\\/__trashed-234\\\/#breadcrumb\",\"itemListElement\":[{\"@type\":\"ListItem\",\"position\":1,\"name\":\"Home\",\"item\":\"https:\\\/\\\/skaitytaknyga.lt\\\/\"},{\"@type\":\"ListItem\",\"position\":2,\"name\":\"Parduotuv\u0117\",\"item\":\"https:\\\/\\\/skaitytaknyga.lt\\\/knygu-parduotuve\\\/\"},{\"@type\":\"ListItem\",\"position\":3,\"name\":\"Pagydyti nepagydom\u0105\"}]},{\"@type\":\"WebSite\",\"@id\":\"https:\\\/\\\/skaitytaknyga.lt\\\/#website\",\"url\":\"https:\\\/\\\/skaitytaknyga.lt\\\/\",\"name\":\"skaitytaknyga.lt\",\"description\":\"Skaitytaknyga.lt \u2013 tai ma\u017eas \u0161eimos verslas, kuris prasid\u0117jo nuo meil\u0117s knygoms ir siekio i\u0161gelb\u0117ti knygas nuo likimo prie konteinerio. Kas vienam nereikalingas daiktas \u2013 kitam lobis, o mes esame tarpininkai, kurie padeda abiems tapti laimingesniems ???? \u017dinome kaip nelengva i\u0161gyventi ma\u017eiems verslams, tad nuo \u0161iol, \u010dia rasite ir kit\u0173, ma\u017e\u0173 \u0161eim\u0173 versl\u0173, rank\u0173 darbo, dovan\u0173 sau ir artimiesiems.\",\"publisher\":{\"@id\":\"https:\\\/\\\/skaitytaknyga.lt\\\/#organization\"},\"potentialAction\":[{\"@type\":\"SearchAction\",\"target\":{\"@type\":\"EntryPoint\",\"urlTemplate\":\"https:\\\/\\\/skaitytaknyga.lt\\\/?s={search_term_string}\"},\"query-input\":{\"@type\":\"PropertyValueSpecification\",\"valueRequired\":true,\"valueName\":\"search_term_string\"}}],\"inLanguage\":\"en-GB\"},{\"@type\":\"Organization\",\"@id\":\"https:\\\/\\\/skaitytaknyga.lt\\\/#organization\",\"name\":\"skaitytaknyga.lt\",\"url\":\"https:\\\/\\\/skaitytaknyga.lt\\\/\",\"logo\":{\"@type\":\"ImageObject\",\"inLanguage\":\"en-GB\",\"@id\":\"https:\\\/\\\/skaitytaknyga.lt\\\/#\\\/schema\\\/logo\\\/image\\\/\",\"url\":\"https:\\\/\\\/skaitytaknyga.lt\\\/wp-content\\\/uploads\\\/2024\\\/05\\\/cropped-cropped-cropped-02_00843_jt3bggkj1j3HLc7SyY6rEUpg.jpeg\",\"contentUrl\":\"https:\\\/\\\/skaitytaknyga.lt\\\/wp-content\\\/uploads\\\/2024\\\/05\\\/cropped-cropped-cropped-02_00843_jt3bggkj1j3HLc7SyY6rEUpg.jpeg\",\"width\":1600,\"height\":1600,\"caption\":\"skaitytaknyga.lt\"},\"image\":{\"@id\":\"https:\\\/\\\/skaitytaknyga.lt\\\/#\\\/schema\\\/logo\\\/image\\\/\"},\"sameAs\":[\"https:\\\/\\\/www.facebook.com\\\/skaitytaknyga\\\/\"]}]}<\/script>\n<!-- \/ Yoast SEO plugin. -->","yoast_head_json":{"title":"Pagydyti nepagydom\u0105","description":"nyga \u201ePagydyti nepagydom\u0105\u201c \u2013 veikalo \u201eKaip sveikai gyventi 150 met\u0173\u201c (2012, \u201eVaga\u201c) t\u0119sinys. Dar kart\u0105 primenami taisyklingo kv\u0117pavimo, fizinio aktyvumo,","robots":{"index":"index","follow":"follow","max-snippet":"max-snippet:-1","max-image-preview":"max-image-preview:large","max-video-preview":"max-video-preview:-1"},"canonical":"https:\/\/skaitytaknyga.lt\/en\/produktas\/__trashed-234\/","og_locale":"en_GB","og_type":"article","og_title":"[:lt]Pagydyti nepagydom\u0105[:] - Skaitytaknyga","og_description":"nyga \u201ePagydyti nepagydom\u0105\u201c \u2013 veikalo \u201eKaip sveikai gyventi 150 met\u0173\u201c (2012, \u201eVaga\u201c) t\u0119sinys. Dar kart\u0105 primenami taisyklingo kv\u0117pavimo, fizinio aktyvumo,","og_url":"https:\/\/skaitytaknyga.lt\/en\/produktas\/__trashed-234\/","og_site_name":"Skaitytaknyga","article_publisher":"https:\/\/www.facebook.com\/skaitytaknyga\/","article_modified_time":"2026-03-18T11:15:56+00:00","og_image":[{"width":261,"height":400,"url":"https:\/\/skaitytaknyga.lt\/wp-content\/uploads\/2024\/04\/pagydyti-nepagydoma.jpg","type":"image\/jpeg"}],"twitter_card":"summary_large_image","twitter_misc":{"Estimated reading time":"2 minutes"},"schema":{"@context":"https:\/\/schema.org","@graph":[{"@type":"WebPage","@id":"https:\/\/skaitytaknyga.lt\/produktas\/__trashed-234\/","url":"https:\/\/skaitytaknyga.lt\/produktas\/__trashed-234\/","name":"Pagydyti nepagydom\u0105","isPartOf":{"@id":"https:\/\/skaitytaknyga.lt\/#website"},"primaryImageOfPage":{"@id":"https:\/\/skaitytaknyga.lt\/produktas\/__trashed-234\/#primaryimage"},"image":{"@id":"https:\/\/skaitytaknyga.lt\/produktas\/__trashed-234\/#primaryimage"},"thumbnailUrl":"https:\/\/skaitytaknyga.lt\/wp-content\/uploads\/2024\/04\/pagydyti-nepagydoma.jpg","datePublished":"2024-04-17T13:19:55+00:00","dateModified":"2026-03-18T11:15:56+00:00","description":"nyga \u201ePagydyti nepagydom\u0105\u201c \u2013 veikalo \u201eKaip sveikai gyventi 150 met\u0173\u201c (2012, \u201eVaga\u201c) t\u0119sinys. Dar kart\u0105 primenami taisyklingo kv\u0117pavimo, fizinio aktyvumo,","breadcrumb":{"@id":"https:\/\/skaitytaknyga.lt\/produktas\/__trashed-234\/#breadcrumb"},"inLanguage":"en-GB","potentialAction":[{"@type":"ReadAction","target":["https:\/\/skaitytaknyga.lt\/produktas\/__trashed-234\/"]}]},{"@type":"ImageObject","inLanguage":"en-GB","@id":"https:\/\/skaitytaknyga.lt\/produktas\/__trashed-234\/#primaryimage","url":"https:\/\/skaitytaknyga.lt\/wp-content\/uploads\/2024\/04\/pagydyti-nepagydoma.jpg","contentUrl":"https:\/\/skaitytaknyga.lt\/wp-content\/uploads\/2024\/04\/pagydyti-nepagydoma.jpg","width":261,"height":400,"caption":"Pagydyti nepagydom\u0105"},{"@type":"BreadcrumbList","@id":"https:\/\/skaitytaknyga.lt\/produktas\/__trashed-234\/#breadcrumb","itemListElement":[{"@type":"ListItem","position":1,"name":"Home","item":"https:\/\/skaitytaknyga.lt\/"},{"@type":"ListItem","position":2,"name":"Parduotuv\u0117","item":"https:\/\/skaitytaknyga.lt\/knygu-parduotuve\/"},{"@type":"ListItem","position":3,"name":"Pagydyti nepagydom\u0105"}]},{"@type":"WebSite","@id":"https:\/\/skaitytaknyga.lt\/#website","url":"https:\/\/skaitytaknyga.lt\/","name":"skaitytaknyga.lt","description":"Skaitytaknyga.lt \u2013 tai ma\u017eas \u0161eimos verslas, kuris prasid\u0117jo nuo meil\u0117s knygoms ir siekio i\u0161gelb\u0117ti knygas nuo likimo prie konteinerio. Kas vienam nereikalingas daiktas \u2013 kitam lobis, o mes esame tarpininkai, kurie padeda abiems tapti laimingesniems ???? \u017dinome kaip nelengva i\u0161gyventi ma\u017eiems verslams, tad nuo \u0161iol, \u010dia rasite ir kit\u0173, ma\u017e\u0173 \u0161eim\u0173 versl\u0173, rank\u0173 darbo, dovan\u0173 sau ir artimiesiems.","publisher":{"@id":"https:\/\/skaitytaknyga.lt\/#organization"},"potentialAction":[{"@type":"SearchAction","target":{"@type":"EntryPoint","urlTemplate":"https:\/\/skaitytaknyga.lt\/?s={search_term_string}"},"query-input":{"@type":"PropertyValueSpecification","valueRequired":true,"valueName":"search_term_string"}}],"inLanguage":"en-GB"},{"@type":"Organization","@id":"https:\/\/skaitytaknyga.lt\/#organization","name":"skaitytaknyga.lt","url":"https:\/\/skaitytaknyga.lt\/","logo":{"@type":"ImageObject","inLanguage":"en-GB","@id":"https:\/\/skaitytaknyga.lt\/#\/schema\/logo\/image\/","url":"https:\/\/skaitytaknyga.lt\/wp-content\/uploads\/2024\/05\/cropped-cropped-cropped-02_00843_jt3bggkj1j3HLc7SyY6rEUpg.jpeg","contentUrl":"https:\/\/skaitytaknyga.lt\/wp-content\/uploads\/2024\/05\/cropped-cropped-cropped-02_00843_jt3bggkj1j3HLc7SyY6rEUpg.jpeg","width":1600,"height":1600,"caption":"skaitytaknyga.lt"},"image":{"@id":"https:\/\/skaitytaknyga.lt\/#\/schema\/logo\/image\/"},"sameAs":["https:\/\/www.facebook.com\/skaitytaknyga\/"]}]}},"_links":{"self":[{"href":"https:\/\/skaitytaknyga.lt\/en\/wp-json\/wp\/v2\/product\/2924","targetHints":{"allow":["GET"]}}],"collection":[{"href":"https:\/\/skaitytaknyga.lt\/en\/wp-json\/wp\/v2\/product"}],"about":[{"href":"https:\/\/skaitytaknyga.lt\/en\/wp-json\/wp\/v2\/types\/product"}],"replies":[{"embeddable":true,"href":"https:\/\/skaitytaknyga.lt\/en\/wp-json\/wp\/v2\/comments?post=2924"}],"wp:featuredmedia":[{"embeddable":true,"href":"https:\/\/skaitytaknyga.lt\/en\/wp-json\/wp\/v2\/media\/2973"}],"wp:attachment":[{"href":"https:\/\/skaitytaknyga.lt\/en\/wp-json\/wp\/v2\/media?parent=2924"}],"wp:term":[{"taxonomy":"product_brand","embeddable":true,"href":"https:\/\/skaitytaknyga.lt\/en\/wp-json\/wp\/v2\/product_brand?post=2924"},{"taxonomy":"product_cat","embeddable":true,"href":"https:\/\/skaitytaknyga.lt\/en\/wp-json\/wp\/v2\/product_cat?post=2924"},{"taxonomy":"product_tag","embeddable":true,"href":"https:\/\/skaitytaknyga.lt\/en\/wp-json\/wp\/v2\/product_tag?post=2924"}],"curies":[{"name":"wp","href":"https:\/\/api.w.org\/{rel}","templated":true}]}}