{"id":2916,"date":"2024-04-17T13:19:54","date_gmt":"2024-04-17T13:19:54","guid":{"rendered":"https:\/\/skaitytaknyga.lt\/?post_type=product&#038;p=2916"},"modified":"2025-05-28T08:26:34","modified_gmt":"2025-05-28T05:26:34","slug":"v-nabokov-lolita","status":"publish","type":"product","link":"https:\/\/skaitytaknyga.lt\/en\/produktas\/v-nabokov-lolita\/","title":{"rendered":"Lolita"},"content":{"rendered":"<p><strong>Vladimiras Nabokovas<\/strong>\u00a0(1899\u20131977) \u2013 rus\u0173 kilm\u0117s amerikie\u010di\u0173 ra\u0161ytojas, pasisak\u0119s u\u017e asmenines \u017emogaus laisves ir prie\u0161tarav\u0119s ideologijoms bei kanonams, ribojantiems individo savirai\u0161k\u0105. Did\u017eiausi\u0105 \u0161lov\u0119 ir pripa\u017einim\u0105 ra\u0161ytojui peln\u0117 romanas\u00a0<strong>\u201eLolita\u201c<\/strong>.<\/p>\n<p>Knygoje pasakojama apie liguist\u0105 literat\u016bros profesoriaus ir intelektualo meil\u0119 vos paauglyst\u0117s slenkst\u012f per\u017eengusiai mergaitei. Profesorius Humbertas Humbertas paauglyst\u0117je patiria tragi\u0161k\u0105 meil\u0119, \u017e\u016bva jo mylimoji Anabel\u0117. Net ir sulauk\u0119s brandaus am\u017eiaus jis ilgisi trylikamet\u0117s mylimosios ir jos bruo\u017e\u0173 ie\u0161ko kiekvienoje nimfet\u0117je. Anabel\u0117s \u012fsik\u016bnijim\u0105 Humbertas suranda dvylikamet\u0117je Lolitoje. \u012esiliepsnoja beproti\u0161ka aistra, kuri gal\u0173 gale pra\u017eudo ir Humbert\u0105, ir pa\u010di\u0105 Lolit\u0105.<\/p>\n<p>Tai romanas apie senosios civilizuotosios Europos ir jaunosios komerci\u0161kosios Amerikos susid\u016brim\u0105, bet labiausiai apie meil\u0119 kaip akibrok\u0161t\u0105, haliucinacij\u0105, beprotyb\u0119, transformacij\u0105&#8230;<\/p>\n<p>\u0160i jausm\u0173 stiprumu ir i\u0161radingu literat\u016briniu stiliumi \u017eavinti knyga \u012fkv\u0117p\u0117 gyvyb\u0119 net dviem filmams \u2013 pirmasis 1962 metais roman\u0105 ekranizavo re\u017eisierius Stanley Kubrickas, 1997 metais \u2013 Andrianas Lyne&#8217;as.<\/p>\n<p><strong>\u201eLolita&#8221;<\/strong>\u00a0\u2013 tragikomedija, \u017eavinti ne tik pagrindinio veik\u0117jo jausm\u0173 stiprumu, bet ir savo i\u0161radingu stiliumi. Kalamb\u016brai, \u017eod\u017ei\u0173 \u017eaismas, stilistin\u0117s fig\u016bros Lolitoje liejasi kaip i\u0161 gausyb\u0117s rago. Ironi\u0161ka Nabokovo akis atskleid\u017eia mums ne tik aistros istorij\u0105, bet ir marg\u0105 JAV gyvenimo ir gamtos panoram\u0105. Kai kurie Nabokovo k\u016brybos tyrin\u0117tojai net mano, kad Humbertas simbolizuoja sen\u0105j\u0105 Europos kult\u016br\u0105, su\u017eav\u0117t\u0105 ir suved\u017eiot\u0105 jaunos ir agresyvios Amerikos \u2013 Lolitos.<\/p>\n","protected":false},"excerpt":{"rendered":"<p>\u201eLolita\u201c \u2013 tragikomedija, \u017eavinti ne tik pagrindinio veik\u0117jo jausm\u0173 stiprumu, bet ir savo i\u0161radingu stiliumi. Kalamb\u016brai, \u017eod\u017ei\u0173 \u017eaismas, stilistin\u0117s fig\u016bros Lolitoje liejasi kaip i\u0161 gausyb\u0117s rago. Ironi\u0161ka Nabokovo akis atskleid\u017eia mums ne tik aistros istorij\u0105, bet ir marg\u0105 JAV gyvenimo ir gamtos panoram\u0105. Kai kurie Nabokovo k\u016brybos tyrin\u0117tojai net mano, kad Humbertas Humbertas simbolizuoja sen\u0105j\u0105 Europos kult\u016br\u0105, su\u017eav\u0117t\u0105 ir suved\u017eiot\u0105 jaunos ir agresyvios Amerikos \u2013 Lolitos.<\/p>\n","protected":false},"featured_media":2965,"comment_status":"closed","ping_status":"closed","template":"","meta":{"_acf_changed":false,"site-sidebar-layout":"default","site-content-layout":"","ast-site-content-layout":"default","site-content-style":"default","site-sidebar-style":"default","ast-global-header-display":"","ast-banner-title-visibility":"","ast-main-header-display":"","ast-hfb-above-header-display":"","ast-hfb-below-header-display":"","ast-hfb-mobile-header-display":"","site-post-title":"","ast-breadcrumbs-content":"","ast-featured-img":"","footer-sml-layout":"","ast-disable-related-posts":"","theme-transparent-header-meta":"","adv-header-id-meta":"","stick-header-meta":"","header-above-stick-meta":"","header-main-stick-meta":"","header-below-stick-meta":"","astra-migrate-meta-layouts":"default","ast-page-background-enabled":"default","ast-page-background-meta":{"desktop":{"background-color":"","background-image":"","background-repeat":"repeat","background-position":"center center","background-size":"auto","background-attachment":"scroll","background-type":"","background-media":"","overlay-type":"","overlay-color":"","overlay-opacity":"","overlay-gradient":""},"tablet":{"background-color":"","background-image":"","background-repeat":"repeat","background-position":"center center","background-size":"auto","background-attachment":"scroll","background-type":"","background-media":"","overlay-type":"","overlay-color":"","overlay-opacity":"","overlay-gradient":""},"mobile":{"background-color":"","background-image":"","background-repeat":"repeat","background-position":"center center","background-size":"auto","background-attachment":"scroll","background-type":"","background-media":"","overlay-type":"","overlay-color":"","overlay-opacity":"","overlay-gradient":""}},"ast-content-background-meta":{"desktop":{"background-color":"var(--ast-global-color-4)","background-image":"","background-repeat":"repeat","background-position":"center center","background-size":"auto","background-attachment":"scroll","background-type":"","background-media":"","overlay-type":"","overlay-color":"","overlay-opacity":"","overlay-gradient":""},"tablet":{"background-color":"var(--ast-global-color-4)","background-image":"","background-repeat":"repeat","background-position":"center center","background-size":"auto","background-attachment":"scroll","background-type":"","background-media":"","overlay-type":"","overlay-color":"","overlay-opacity":"","overlay-gradient":""},"mobile":{"background-color":"var(--ast-global-color-4)","background-image":"","background-repeat":"repeat","background-position":"center center","background-size":"auto","background-attachment":"scroll","background-type":"","background-media":"","overlay-type":"","overlay-color":"","overlay-opacity":"","overlay-gradient":""}}},"product_brand":[],"product_cat":[31,28],"product_tag":[2015,3258,2425,1437,4457,4458,4456],"class_list":{"0":"post-2916","1":"product","2":"type-product","3":"status-publish","4":"has-post-thumbnail","6":"product_cat-grozine-literatura","7":"product_cat-klasika","8":"product_tag-aistra","9":"product_tag-amerika","10":"product_tag-europa","11":"product_tag-klasika","12":"product_tag-lolita","13":"product_tag-tragikomedija","14":"product_tag-vladimir-nabokov","15":"desktop-align-left","16":"tablet-align-left","17":"mobile-align-left","19":"first","20":"instock","21":"shipping-taxable","22":"purchasable","23":"product-type-simple"},"acf":[],"yoast_head":"<!-- This site is optimized with the Yoast SEO plugin v27.0 - https:\/\/yoast.com\/product\/yoast-seo-wordpress\/ -->\n<title>Lolita<\/title>\n<meta name=\"description\" content=\"\u201eLolita\u201c \u2013 tragikomedija, \u017eavinti ne tik pagrindinio veik\u0117jo jausm\u0173 stiprumu, bet ir savo i\u0161radingu stiliumi. Kalamb\u016brai, \u017eod\u017ei\u0173 \u017eaismas, stilistin\u0117s fig\u016bros Lolitoje liejasi kaip i\u0161 gausyb\u0117s rago. Ironi\u0161ka Nabokovo akis atskleid\u017eia mums ne tik aistros istorij\u0105, bet ir marg\u0105 JAV gyvenimo ir gamtos panoram\u0105. Kai kurie Nabokovo k\u016brybos tyrin\u0117tojai net mano, kad Humbertas Humbertas simbolizuoja sen\u0105j\u0105 Europos kult\u016br\u0105, su\u017eav\u0117t\u0105 ir suved\u017eiot\u0105 jaunos ir agresyvios Amerikos \u2013 Lolitos.\" \/>\n<meta name=\"robots\" content=\"index, follow, max-snippet:-1, max-image-preview:large, max-video-preview:-1\" \/>\n<link rel=\"canonical\" href=\"https:\/\/skaitytaknyga.lt\/en\/produktas\/v-nabokov-lolita\/\" \/>\n<meta property=\"og:locale\" content=\"en_GB\" \/>\n<meta property=\"og:locale:alternate\" content=\"lt_LT\" \/>\n<meta property=\"og:type\" content=\"article\" \/>\n<meta property=\"og:title\" content=\"Lolita\" \/>\n<meta property=\"og:description\" content=\"\u201eLolita\u201c \u2013 tragikomedija, \u017eavinti ne tik pagrindinio veik\u0117jo jausm\u0173 stiprumu, bet ir savo i\u0161radingu stiliumi. Kalamb\u016brai, \u017eod\u017ei\u0173 \u017eaismas, stilistin\u0117s fig\u016bros Lolitoje liejasi kaip i\u0161 gausyb\u0117s rago. Ironi\u0161ka Nabokovo akis atskleid\u017eia mums ne tik aistros istorij\u0105, bet ir marg\u0105 JAV gyvenimo ir gamtos panoram\u0105. Kai kurie Nabokovo k\u016brybos tyrin\u0117tojai net mano, kad Humbertas Humbertas simbolizuoja sen\u0105j\u0105 Europos kult\u016br\u0105, su\u017eav\u0117t\u0105 ir suved\u017eiot\u0105 jaunos ir agresyvios Amerikos \u2013 Lolitos.\" \/>\n<meta property=\"og:url\" content=\"https:\/\/skaitytaknyga.lt\/en\/produktas\/v-nabokov-lolita\/\" \/>\n<meta property=\"og:site_name\" content=\"Skaitytaknyga\" \/>\n<meta property=\"article:publisher\" content=\"https:\/\/www.facebook.com\/skaitytaknyga\/\" \/>\n<meta property=\"article:modified_time\" content=\"2025-05-28T05:26:34+00:00\" \/>\n<meta property=\"og:image\" content=\"https:\/\/skaitytaknyga.lt\/wp-content\/uploads\/2024\/04\/02_0177d_KtcAge7dqiSfeKCE8AFe1d2z-e1606763856133.jpeg\" \/>\n\t<meta property=\"og:image:width\" content=\"294\" \/>\n\t<meta property=\"og:image:height\" content=\"512\" \/>\n\t<meta property=\"og:image:type\" content=\"image\/jpeg\" \/>\n<meta name=\"twitter:card\" content=\"summary_large_image\" \/>\n<meta name=\"twitter:label1\" content=\"Estimated reading time\" \/>\n\t<meta name=\"twitter:data1\" content=\"1 minute\" \/>\n<script type=\"application\/ld+json\" class=\"yoast-schema-graph\">{\"@context\":\"https:\/\/schema.org\",\"@graph\":[{\"@type\":\"WebPage\",\"@id\":\"https:\/\/skaitytaknyga.lt\/produktas\/v-nabokov-lolita\/\",\"url\":\"https:\/\/skaitytaknyga.lt\/produktas\/v-nabokov-lolita\/\",\"name\":\"Lolita\",\"isPartOf\":{\"@id\":\"https:\/\/skaitytaknyga.lt\/#website\"},\"primaryImageOfPage\":{\"@id\":\"https:\/\/skaitytaknyga.lt\/produktas\/v-nabokov-lolita\/#primaryimage\"},\"image\":{\"@id\":\"https:\/\/skaitytaknyga.lt\/produktas\/v-nabokov-lolita\/#primaryimage\"},\"thumbnailUrl\":\"https:\/\/skaitytaknyga.lt\/wp-content\/uploads\/2024\/04\/02_0177d_KtcAge7dqiSfeKCE8AFe1d2z-e1606763856133.jpeg\",\"datePublished\":\"2024-04-17T13:19:54+00:00\",\"dateModified\":\"2025-05-28T05:26:34+00:00\",\"description\":\"\u201eLolita\u201c \u2013 tragikomedija, \u017eavinti ne tik pagrindinio veik\u0117jo jausm\u0173 stiprumu, bet ir savo i\u0161radingu stiliumi. Kalamb\u016brai, \u017eod\u017ei\u0173 \u017eaismas, stilistin\u0117s fig\u016bros Lolitoje liejasi kaip i\u0161 gausyb\u0117s rago. Ironi\u0161ka Nabokovo akis atskleid\u017eia mums ne tik aistros istorij\u0105, bet ir marg\u0105 JAV gyvenimo ir gamtos panoram\u0105. Kai kurie Nabokovo k\u016brybos tyrin\u0117tojai net mano, kad Humbertas Humbertas simbolizuoja sen\u0105j\u0105 Europos kult\u016br\u0105, su\u017eav\u0117t\u0105 ir suved\u017eiot\u0105 jaunos ir agresyvios Amerikos \u2013 Lolitos.\",\"breadcrumb\":{\"@id\":\"https:\/\/skaitytaknyga.lt\/produktas\/v-nabokov-lolita\/#breadcrumb\"},\"inLanguage\":\"en-GB\",\"potentialAction\":[{\"@type\":\"ReadAction\",\"target\":[\"https:\/\/skaitytaknyga.lt\/produktas\/v-nabokov-lolita\/\"]}]},{\"@type\":\"ImageObject\",\"inLanguage\":\"en-GB\",\"@id\":\"https:\/\/skaitytaknyga.lt\/produktas\/v-nabokov-lolita\/#primaryimage\",\"url\":\"https:\/\/skaitytaknyga.lt\/wp-content\/uploads\/2024\/04\/02_0177d_KtcAge7dqiSfeKCE8AFe1d2z-e1606763856133.jpeg\",\"contentUrl\":\"https:\/\/skaitytaknyga.lt\/wp-content\/uploads\/2024\/04\/02_0177d_KtcAge7dqiSfeKCE8AFe1d2z-e1606763856133.jpeg\",\"width\":294,\"height\":512,\"caption\":\"02 0177d KtcAge7dqiSfeKCE8AFe1d2z e1606763856133\"},{\"@type\":\"BreadcrumbList\",\"@id\":\"https:\/\/skaitytaknyga.lt\/produktas\/v-nabokov-lolita\/#breadcrumb\",\"itemListElement\":[{\"@type\":\"ListItem\",\"position\":1,\"name\":\"Home\",\"item\":\"https:\/\/skaitytaknyga.lt\/\"},{\"@type\":\"ListItem\",\"position\":2,\"name\":\"Parduotuv\u0117\",\"item\":\"https:\/\/skaitytaknyga.lt\/knygu-parduotuve\/\"},{\"@type\":\"ListItem\",\"position\":3,\"name\":\"Lolita\"}]},{\"@type\":\"WebSite\",\"@id\":\"https:\/\/skaitytaknyga.lt\/#website\",\"url\":\"https:\/\/skaitytaknyga.lt\/\",\"name\":\"skaitytaknyga.lt\",\"description\":\"Skaitytaknyga.lt \u2013 tai ma\u017eas \u0161eimos verslas, kuris prasid\u0117jo nuo meil\u0117s knygoms ir siekio i\u0161gelb\u0117ti knygas nuo likimo prie konteinerio. Kas vienam nereikalingas daiktas \u2013 kitam lobis, o mes esame tarpininkai, kurie padeda abiems tapti laimingesniems ???? \u017dinome kaip nelengva i\u0161gyventi ma\u017eiems verslams, tad nuo \u0161iol, \u010dia rasite ir kit\u0173, ma\u017e\u0173 \u0161eim\u0173 versl\u0173, rank\u0173 darbo, dovan\u0173 sau ir artimiesiems.\",\"publisher\":{\"@id\":\"https:\/\/skaitytaknyga.lt\/#organization\"},\"potentialAction\":[{\"@type\":\"SearchAction\",\"target\":{\"@type\":\"EntryPoint\",\"urlTemplate\":\"https:\/\/skaitytaknyga.lt\/?s={search_term_string}\"},\"query-input\":{\"@type\":\"PropertyValueSpecification\",\"valueRequired\":true,\"valueName\":\"search_term_string\"}}],\"inLanguage\":\"en-GB\"},{\"@type\":\"Organization\",\"@id\":\"https:\/\/skaitytaknyga.lt\/#organization\",\"name\":\"skaitytaknyga.lt\",\"url\":\"https:\/\/skaitytaknyga.lt\/\",\"logo\":{\"@type\":\"ImageObject\",\"inLanguage\":\"en-GB\",\"@id\":\"https:\/\/skaitytaknyga.lt\/#\/schema\/logo\/image\/\",\"url\":\"https:\/\/skaitytaknyga.lt\/wp-content\/uploads\/2024\/05\/cropped-cropped-cropped-02_00843_jt3bggkj1j3HLc7SyY6rEUpg.jpeg\",\"contentUrl\":\"https:\/\/skaitytaknyga.lt\/wp-content\/uploads\/2024\/05\/cropped-cropped-cropped-02_00843_jt3bggkj1j3HLc7SyY6rEUpg.jpeg\",\"width\":1600,\"height\":1600,\"caption\":\"skaitytaknyga.lt\"},\"image\":{\"@id\":\"https:\/\/skaitytaknyga.lt\/#\/schema\/logo\/image\/\"},\"sameAs\":[\"https:\/\/www.facebook.com\/skaitytaknyga\/\"]}]}<\/script>\n<!-- \/ Yoast SEO plugin. -->","yoast_head_json":{"title":"Lolita","description":"\u201eLolita\u201c \u2013 tragikomedija, \u017eavinti ne tik pagrindinio veik\u0117jo jausm\u0173 stiprumu, bet ir savo i\u0161radingu stiliumi. Kalamb\u016brai, \u017eod\u017ei\u0173 \u017eaismas, stilistin\u0117s fig\u016bros Lolitoje liejasi kaip i\u0161 gausyb\u0117s rago. Ironi\u0161ka Nabokovo akis atskleid\u017eia mums ne tik aistros istorij\u0105, bet ir marg\u0105 JAV gyvenimo ir gamtos panoram\u0105. Kai kurie Nabokovo k\u016brybos tyrin\u0117tojai net mano, kad Humbertas Humbertas simbolizuoja sen\u0105j\u0105 Europos kult\u016br\u0105, su\u017eav\u0117t\u0105 ir suved\u017eiot\u0105 jaunos ir agresyvios Amerikos \u2013 Lolitos.","robots":{"index":"index","follow":"follow","max-snippet":"max-snippet:-1","max-image-preview":"max-image-preview:large","max-video-preview":"max-video-preview:-1"},"canonical":"https:\/\/skaitytaknyga.lt\/en\/produktas\/v-nabokov-lolita\/","og_locale":"en_GB","og_type":"article","og_title":"[:lt]Lolita[:] - Skaitytaknyga","og_description":"\u201eLolita\u201c \u2013 tragikomedija, \u017eavinti ne tik pagrindinio veik\u0117jo jausm\u0173 stiprumu, bet ir savo i\u0161radingu stiliumi. Kalamb\u016brai, \u017eod\u017ei\u0173 \u017eaismas, stilistin\u0117s fig\u016bros Lolitoje liejasi kaip i\u0161 gausyb\u0117s rago. Ironi\u0161ka Nabokovo akis atskleid\u017eia mums ne tik aistros istorij\u0105, bet ir marg\u0105 JAV gyvenimo ir gamtos panoram\u0105. Kai kurie Nabokovo k\u016brybos tyrin\u0117tojai net mano, kad Humbertas Humbertas simbolizuoja sen\u0105j\u0105 Europos kult\u016br\u0105, su\u017eav\u0117t\u0105 ir suved\u017eiot\u0105 jaunos ir agresyvios Amerikos \u2013 Lolitos.","og_url":"https:\/\/skaitytaknyga.lt\/en\/produktas\/v-nabokov-lolita\/","og_site_name":"Skaitytaknyga","article_publisher":"https:\/\/www.facebook.com\/skaitytaknyga\/","article_modified_time":"2025-05-28T05:26:34+00:00","og_image":[{"width":294,"height":512,"url":"https:\/\/skaitytaknyga.lt\/wp-content\/uploads\/2024\/04\/02_0177d_KtcAge7dqiSfeKCE8AFe1d2z-e1606763856133.jpeg","type":"image\/jpeg"}],"twitter_card":"summary_large_image","twitter_misc":{"Estimated reading time":"1 minute"},"schema":{"@context":"https:\/\/schema.org","@graph":[{"@type":"WebPage","@id":"https:\/\/skaitytaknyga.lt\/produktas\/v-nabokov-lolita\/","url":"https:\/\/skaitytaknyga.lt\/produktas\/v-nabokov-lolita\/","name":"Lolita","isPartOf":{"@id":"https:\/\/skaitytaknyga.lt\/#website"},"primaryImageOfPage":{"@id":"https:\/\/skaitytaknyga.lt\/produktas\/v-nabokov-lolita\/#primaryimage"},"image":{"@id":"https:\/\/skaitytaknyga.lt\/produktas\/v-nabokov-lolita\/#primaryimage"},"thumbnailUrl":"https:\/\/skaitytaknyga.lt\/wp-content\/uploads\/2024\/04\/02_0177d_KtcAge7dqiSfeKCE8AFe1d2z-e1606763856133.jpeg","datePublished":"2024-04-17T13:19:54+00:00","dateModified":"2025-05-28T05:26:34+00:00","description":"\u201eLolita\u201c \u2013 tragikomedija, \u017eavinti ne tik pagrindinio veik\u0117jo jausm\u0173 stiprumu, bet ir savo i\u0161radingu stiliumi. Kalamb\u016brai, \u017eod\u017ei\u0173 \u017eaismas, stilistin\u0117s fig\u016bros Lolitoje liejasi kaip i\u0161 gausyb\u0117s rago. Ironi\u0161ka Nabokovo akis atskleid\u017eia mums ne tik aistros istorij\u0105, bet ir marg\u0105 JAV gyvenimo ir gamtos panoram\u0105. Kai kurie Nabokovo k\u016brybos tyrin\u0117tojai net mano, kad Humbertas Humbertas simbolizuoja sen\u0105j\u0105 Europos kult\u016br\u0105, su\u017eav\u0117t\u0105 ir suved\u017eiot\u0105 jaunos ir agresyvios Amerikos \u2013 Lolitos.","breadcrumb":{"@id":"https:\/\/skaitytaknyga.lt\/produktas\/v-nabokov-lolita\/#breadcrumb"},"inLanguage":"en-GB","potentialAction":[{"@type":"ReadAction","target":["https:\/\/skaitytaknyga.lt\/produktas\/v-nabokov-lolita\/"]}]},{"@type":"ImageObject","inLanguage":"en-GB","@id":"https:\/\/skaitytaknyga.lt\/produktas\/v-nabokov-lolita\/#primaryimage","url":"https:\/\/skaitytaknyga.lt\/wp-content\/uploads\/2024\/04\/02_0177d_KtcAge7dqiSfeKCE8AFe1d2z-e1606763856133.jpeg","contentUrl":"https:\/\/skaitytaknyga.lt\/wp-content\/uploads\/2024\/04\/02_0177d_KtcAge7dqiSfeKCE8AFe1d2z-e1606763856133.jpeg","width":294,"height":512,"caption":"02 0177d KtcAge7dqiSfeKCE8AFe1d2z e1606763856133"},{"@type":"BreadcrumbList","@id":"https:\/\/skaitytaknyga.lt\/produktas\/v-nabokov-lolita\/#breadcrumb","itemListElement":[{"@type":"ListItem","position":1,"name":"Home","item":"https:\/\/skaitytaknyga.lt\/"},{"@type":"ListItem","position":2,"name":"Parduotuv\u0117","item":"https:\/\/skaitytaknyga.lt\/knygu-parduotuve\/"},{"@type":"ListItem","position":3,"name":"Lolita"}]},{"@type":"WebSite","@id":"https:\/\/skaitytaknyga.lt\/#website","url":"https:\/\/skaitytaknyga.lt\/","name":"skaitytaknyga.lt","description":"Skaitytaknyga.lt \u2013 tai ma\u017eas \u0161eimos verslas, kuris prasid\u0117jo nuo meil\u0117s knygoms ir siekio i\u0161gelb\u0117ti knygas nuo likimo prie konteinerio. Kas vienam nereikalingas daiktas \u2013 kitam lobis, o mes esame tarpininkai, kurie padeda abiems tapti laimingesniems ???? \u017dinome kaip nelengva i\u0161gyventi ma\u017eiems verslams, tad nuo \u0161iol, \u010dia rasite ir kit\u0173, ma\u017e\u0173 \u0161eim\u0173 versl\u0173, rank\u0173 darbo, dovan\u0173 sau ir artimiesiems.","publisher":{"@id":"https:\/\/skaitytaknyga.lt\/#organization"},"potentialAction":[{"@type":"SearchAction","target":{"@type":"EntryPoint","urlTemplate":"https:\/\/skaitytaknyga.lt\/?s={search_term_string}"},"query-input":{"@type":"PropertyValueSpecification","valueRequired":true,"valueName":"search_term_string"}}],"inLanguage":"en-GB"},{"@type":"Organization","@id":"https:\/\/skaitytaknyga.lt\/#organization","name":"skaitytaknyga.lt","url":"https:\/\/skaitytaknyga.lt\/","logo":{"@type":"ImageObject","inLanguage":"en-GB","@id":"https:\/\/skaitytaknyga.lt\/#\/schema\/logo\/image\/","url":"https:\/\/skaitytaknyga.lt\/wp-content\/uploads\/2024\/05\/cropped-cropped-cropped-02_00843_jt3bggkj1j3HLc7SyY6rEUpg.jpeg","contentUrl":"https:\/\/skaitytaknyga.lt\/wp-content\/uploads\/2024\/05\/cropped-cropped-cropped-02_00843_jt3bggkj1j3HLc7SyY6rEUpg.jpeg","width":1600,"height":1600,"caption":"skaitytaknyga.lt"},"image":{"@id":"https:\/\/skaitytaknyga.lt\/#\/schema\/logo\/image\/"},"sameAs":["https:\/\/www.facebook.com\/skaitytaknyga\/"]}]}},"_links":{"self":[{"href":"https:\/\/skaitytaknyga.lt\/en\/wp-json\/wp\/v2\/product\/2916","targetHints":{"allow":["GET"]}}],"collection":[{"href":"https:\/\/skaitytaknyga.lt\/en\/wp-json\/wp\/v2\/product"}],"about":[{"href":"https:\/\/skaitytaknyga.lt\/en\/wp-json\/wp\/v2\/types\/product"}],"replies":[{"embeddable":true,"href":"https:\/\/skaitytaknyga.lt\/en\/wp-json\/wp\/v2\/comments?post=2916"}],"wp:featuredmedia":[{"embeddable":true,"href":"https:\/\/skaitytaknyga.lt\/en\/wp-json\/wp\/v2\/media\/2965"}],"wp:attachment":[{"href":"https:\/\/skaitytaknyga.lt\/en\/wp-json\/wp\/v2\/media?parent=2916"}],"wp:term":[{"taxonomy":"product_brand","embeddable":true,"href":"https:\/\/skaitytaknyga.lt\/en\/wp-json\/wp\/v2\/product_brand?post=2916"},{"taxonomy":"product_cat","embeddable":true,"href":"https:\/\/skaitytaknyga.lt\/en\/wp-json\/wp\/v2\/product_cat?post=2916"},{"taxonomy":"product_tag","embeddable":true,"href":"https:\/\/skaitytaknyga.lt\/en\/wp-json\/wp\/v2\/product_tag?post=2916"}],"curies":[{"name":"wp","href":"https:\/\/api.w.org\/{rel}","templated":true}]}}