{"id":2896,"date":"2024-04-17T13:19:31","date_gmt":"2024-04-17T13:19:31","guid":{"rendered":"https:\/\/skaitytaknyga.lt\/?post_type=product&#038;p=2896"},"modified":"2024-05-03T07:17:01","modified_gmt":"2024-05-03T07:17:01","slug":"didzioji-lietuviu-valgiu-knyga","status":"publish","type":"product","link":"https:\/\/skaitytaknyga.lt\/en\/produktas\/didzioji-lietuviu-valgiu-knyga\/","title":{"rendered":"Did\u017eioji lietuvi\u0173 valgi\u0173 knyga"},"content":{"rendered":"<p>ATRASKIME LIETUVI\u0172 VIRTUV\u0118 I\u0160 NAUJO, KELIAUDAMI PER MET\u0172 LAIKUS.<\/p>\n<p>\u0160ioje kruop\u0161\u010diai sudarytoje knygoje tradicija \u201edraugauja&#8221; su \u0161iandiena:<\/p>\n<p>Mo\u010diu\u010di\u0173 bei mam\u0173 taisyti ir vaikyst\u0117s virtuv\u0117s kvapais dvelkiantys patiekalai;<br \/>\nNaujovi\u0161ki iki \u0161iol neatrasti skoniai ir netik\u0117ti ingredient\u0173 deriniai, tekst\u016bros;<br \/>\nNestandartinis, k\u016brybingas \u017evilgsnis \u012f maisto patiekim\u0105;<br \/>\nSpalvotos, jaukios, apetit\u0105 \u017eadinan\u010dios nuotraukos;<br \/>\nDaugiau nei 350 maloniai stebinan\u010di\u0173 recept\u0173.<\/p>\n<p>Knygos bendraautoriai virtuv\u0117s \u0161efai dalijasi kulinarine vaizduote, pla\u010diu m\u0105stymu, patarimais ir begale id\u0117j\u0173. Ir vienu balsu pripa\u017e\u012fsta \u2013 lietuvi\u0173 virtuv\u0117 verta, kad ja did\u017eiuotum\u0117s.<\/p>\n<p>&#8230;TEREIKIA \u017dIUPSNELIO \u017dINI\u0172, \u0160LAKELIO I\u0160MON\u0116S, SAUJEL\u0116S MEIL\u0116S BEI TRUPUT\u0116LIO SENTIMENT\u0172, IR TRADICINIAI MO\u010cIUT\u0116S BULVINIAI BLYNAI VIRS NEBANALIU GURMANI\u0160KU K\u0104SNELIU.<\/p>\n","protected":false},"excerpt":{"rendered":"<p>ATRASKIME LIETUVI\u0172 VIRTUV\u0118 I\u0160 NAUJO, KELIAUDAMI PER MET\u0172 LAIKUS. \u0160ioje kruop\u0161\u010diai sudarytoje knygoje tradicija \u201edraugauja&#8221; su \u0161iandiena: Mo\u010diu\u010di\u0173 bei mam\u0173 taisyti ir vaikyst\u0117s virtuv\u0117s kvapais dvelkiantys patiekalai; Naujovi\u0161ki iki \u0161iol neatrasti skoniai ir netik\u0117ti ingredient\u0173 deriniai, tekst\u016bros; Nestandartinis, k\u016brybingas \u017evilgsnis \u012f maisto patiekim\u0105; Spalvotos, jaukios, apetit\u0105 \u017eadinan\u010dios nuotraukos; Daugiau nei 350 maloniai stebinan\u010di\u0173 recept\u0173. Knygos bendraautoriai virtuv\u0117s \u0161efai dalijasi kulinarine vaizduote, pla\u010diu m\u0105stymu, patarimais ir begale id\u0117j\u0173. Ir vienu balsu pripa\u017e\u012fsta \u2013 lietuvi\u0173 virtuv\u0117 verta, kad ja did\u017eiuotum\u0117s. &#8230;TEREIKIA \u017dIUPSNELIO \u017dINI\u0172, \u0160LAKELIO I\u0160MON\u0116S, SAUJEL\u0116S MEIL\u0116S BEI TRUPUT\u0116LIO SENTIMENT\u0172, IR TRADICINIAI MO\u010cIUT\u0116S BULVINIAI BLYNAI VIRS NEBANALIU GURMANI\u0160KU K\u0104SNELIU.<\/p>\n","protected":false},"featured_media":2939,"comment_status":"closed","ping_status":"closed","template":"","meta":{"_acf_changed":false,"site-sidebar-layout":"default","site-content-layout":"","ast-site-content-layout":"default","site-content-style":"default","site-sidebar-style":"default","ast-global-header-display":"","ast-banner-title-visibility":"","ast-main-header-display":"","ast-hfb-above-header-display":"","ast-hfb-below-header-display":"","ast-hfb-mobile-header-display":"","site-post-title":"","ast-breadcrumbs-content":"","ast-featured-img":"","footer-sml-layout":"","ast-disable-related-posts":"","theme-transparent-header-meta":"","adv-header-id-meta":"","stick-header-meta":"","header-above-stick-meta":"","header-main-stick-meta":"","header-below-stick-meta":"","astra-migrate-meta-layouts":"default","ast-page-background-enabled":"default","ast-page-background-meta":{"desktop":{"background-color":"","background-image":"","background-repeat":"repeat","background-position":"center center","background-size":"auto","background-attachment":"scroll","background-type":"","background-media":"","overlay-type":"","overlay-color":"","overlay-opacity":"","overlay-gradient":""},"tablet":{"background-color":"","background-image":"","background-repeat":"repeat","background-position":"center center","background-size":"auto","background-attachment":"scroll","background-type":"","background-media":"","overlay-type":"","overlay-color":"","overlay-opacity":"","overlay-gradient":""},"mobile":{"background-color":"","background-image":"","background-repeat":"repeat","background-position":"center center","background-size":"auto","background-attachment":"scroll","background-type":"","background-media":"","overlay-type":"","overlay-color":"","overlay-opacity":"","overlay-gradient":""}},"ast-content-background-meta":{"desktop":{"background-color":"var(--ast-global-color-4)","background-image":"","background-repeat":"repeat","background-position":"center center","background-size":"auto","background-attachment":"scroll","background-type":"","background-media":"","overlay-type":"","overlay-color":"","overlay-opacity":"","overlay-gradient":""},"tablet":{"background-color":"var(--ast-global-color-4)","background-image":"","background-repeat":"repeat","background-position":"center center","background-size":"auto","background-attachment":"scroll","background-type":"","background-media":"","overlay-type":"","overlay-color":"","overlay-opacity":"","overlay-gradient":""},"mobile":{"background-color":"var(--ast-global-color-4)","background-image":"","background-repeat":"repeat","background-position":"center center","background-size":"auto","background-attachment":"scroll","background-type":"","background-media":"","overlay-type":"","overlay-color":"","overlay-opacity":"","overlay-gradient":""}}},"product_brand":[],"product_cat":[58],"product_tag":[],"class_list":{"0":"post-2896","1":"product","2":"type-product","3":"status-publish","4":"has-post-thumbnail","6":"product_cat-receptai","7":"desktop-align-left","8":"tablet-align-left","9":"mobile-align-left","11":"first","12":"outofstock","13":"shipping-taxable","14":"purchasable","15":"product-type-simple"},"acf":[],"yoast_head":"<!-- This site is optimized with the Yoast SEO plugin v27.0 - https:\/\/yoast.com\/product\/yoast-seo-wordpress\/ -->\n<title>Did\u017eioji lietuvi\u0173 valgi\u0173 knyga - Skaitytaknyga<\/title>\n<meta name=\"description\" content=\"ATRASKIME LIETUVI\u0172 VIRTUV\u0118 I\u0160 NAUJO, KELIAUDAMI PER MET\u0172 LAIKUS. \u0160ioje kruop\u0161\u010diai sudarytoje knygoje tradicija \u201edraugauja&quot; su \u0161iandiena: Mo\u010diu\u010di\u0173 bei mam\u0173\" \/>\n<meta name=\"robots\" content=\"index, follow, max-snippet:-1, max-image-preview:large, max-video-preview:-1\" \/>\n<link rel=\"canonical\" href=\"https:\/\/skaitytaknyga.lt\/en\/produktas\/didzioji-lietuviu-valgiu-knyga\/\" \/>\n<meta property=\"og:locale\" content=\"en_GB\" \/>\n<meta property=\"og:locale:alternate\" content=\"lt_LT\" \/>\n<meta property=\"og:type\" content=\"article\" \/>\n<meta property=\"og:title\" content=\"Did\u017eioji lietuvi\u0173 valgi\u0173 knyga - Skaitytaknyga\" \/>\n<meta property=\"og:description\" content=\"ATRASKIME LIETUVI\u0172 VIRTUV\u0118 I\u0160 NAUJO, KELIAUDAMI PER MET\u0172 LAIKUS. \u0160ioje kruop\u0161\u010diai sudarytoje knygoje tradicija \u201edraugauja&quot; su \u0161iandiena: Mo\u010diu\u010di\u0173 bei mam\u0173\" \/>\n<meta property=\"og:url\" content=\"https:\/\/skaitytaknyga.lt\/en\/produktas\/didzioji-lietuviu-valgiu-knyga\/\" \/>\n<meta property=\"og:site_name\" content=\"Skaitytaknyga\" \/>\n<meta property=\"article:publisher\" content=\"https:\/\/www.facebook.com\/skaitytaknyga\/\" \/>\n<meta property=\"article:modified_time\" content=\"2024-05-03T07:17:01+00:00\" \/>\n<meta property=\"og:image\" content=\"https:\/\/skaitytaknyga.lt\/wp-content\/uploads\/2024\/04\/02_0231f_rkWkiQupRJVdedapzwnXGBZA.jpeg\" \/>\n\t<meta property=\"og:image:width\" content=\"600\" \/>\n\t<meta property=\"og:image:height\" content=\"800\" \/>\n\t<meta property=\"og:image:type\" content=\"image\/jpeg\" \/>\n<meta name=\"twitter:card\" content=\"summary_large_image\" \/>\n<meta name=\"twitter:label1\" content=\"Estimated reading time\" \/>\n\t<meta name=\"twitter:data1\" content=\"1 minute\" \/>\n<script type=\"application\/ld+json\" class=\"yoast-schema-graph\">{\"@context\":\"https:\/\/schema.org\",\"@graph\":[{\"@type\":\"WebPage\",\"@id\":\"https:\/\/skaitytaknyga.lt\/produktas\/didzioji-lietuviu-valgiu-knyga\/\",\"url\":\"https:\/\/skaitytaknyga.lt\/produktas\/didzioji-lietuviu-valgiu-knyga\/\",\"name\":\"Did\u017eioji lietuvi\u0173 valgi\u0173 knyga - Skaitytaknyga\",\"isPartOf\":{\"@id\":\"https:\/\/skaitytaknyga.lt\/#website\"},\"primaryImageOfPage\":{\"@id\":\"https:\/\/skaitytaknyga.lt\/produktas\/didzioji-lietuviu-valgiu-knyga\/#primaryimage\"},\"image\":{\"@id\":\"https:\/\/skaitytaknyga.lt\/produktas\/didzioji-lietuviu-valgiu-knyga\/#primaryimage\"},\"thumbnailUrl\":\"https:\/\/skaitytaknyga.lt\/wp-content\/uploads\/2024\/04\/02_0231f_rkWkiQupRJVdedapzwnXGBZA.jpeg\",\"datePublished\":\"2024-04-17T13:19:31+00:00\",\"dateModified\":\"2024-05-03T07:17:01+00:00\",\"description\":\"ATRASKIME LIETUVI\u0172 VIRTUV\u0118 I\u0160 NAUJO, KELIAUDAMI PER MET\u0172 LAIKUS. \u0160ioje kruop\u0161\u010diai sudarytoje knygoje tradicija \u201edraugauja\\\" su \u0161iandiena: Mo\u010diu\u010di\u0173 bei mam\u0173\",\"breadcrumb\":{\"@id\":\"https:\/\/skaitytaknyga.lt\/produktas\/didzioji-lietuviu-valgiu-knyga\/#breadcrumb\"},\"inLanguage\":\"en-GB\",\"potentialAction\":[{\"@type\":\"ReadAction\",\"target\":[\"https:\/\/skaitytaknyga.lt\/produktas\/didzioji-lietuviu-valgiu-knyga\/\"]}]},{\"@type\":\"ImageObject\",\"inLanguage\":\"en-GB\",\"@id\":\"https:\/\/skaitytaknyga.lt\/produktas\/didzioji-lietuviu-valgiu-knyga\/#primaryimage\",\"url\":\"https:\/\/skaitytaknyga.lt\/wp-content\/uploads\/2024\/04\/02_0231f_rkWkiQupRJVdedapzwnXGBZA.jpeg\",\"contentUrl\":\"https:\/\/skaitytaknyga.lt\/wp-content\/uploads\/2024\/04\/02_0231f_rkWkiQupRJVdedapzwnXGBZA.jpeg\",\"width\":600,\"height\":800,\"caption\":\"02 0231f rkWkiQupRJVdedapzwnXGBZA\"},{\"@type\":\"BreadcrumbList\",\"@id\":\"https:\/\/skaitytaknyga.lt\/produktas\/didzioji-lietuviu-valgiu-knyga\/#breadcrumb\",\"itemListElement\":[{\"@type\":\"ListItem\",\"position\":1,\"name\":\"Home\",\"item\":\"https:\/\/skaitytaknyga.lt\/\"},{\"@type\":\"ListItem\",\"position\":2,\"name\":\"Parduotuv\u0117\",\"item\":\"https:\/\/skaitytaknyga.lt\/knygu-parduotuve\/\"},{\"@type\":\"ListItem\",\"position\":3,\"name\":\"Did\u017eioji lietuvi\u0173 valgi\u0173 knyga\"}]},{\"@type\":\"WebSite\",\"@id\":\"https:\/\/skaitytaknyga.lt\/#website\",\"url\":\"https:\/\/skaitytaknyga.lt\/\",\"name\":\"skaitytaknyga.lt\",\"description\":\"Skaitytaknyga.lt \u2013 tai ma\u017eas \u0161eimos verslas, kuris prasid\u0117jo nuo meil\u0117s knygoms ir siekio i\u0161gelb\u0117ti knygas nuo likimo prie konteinerio. Kas vienam nereikalingas daiktas \u2013 kitam lobis, o mes esame tarpininkai, kurie padeda abiems tapti laimingesniems ???? \u017dinome kaip nelengva i\u0161gyventi ma\u017eiems verslams, tad nuo \u0161iol, \u010dia rasite ir kit\u0173, ma\u017e\u0173 \u0161eim\u0173 versl\u0173, rank\u0173 darbo, dovan\u0173 sau ir artimiesiems.\",\"publisher\":{\"@id\":\"https:\/\/skaitytaknyga.lt\/#organization\"},\"potentialAction\":[{\"@type\":\"SearchAction\",\"target\":{\"@type\":\"EntryPoint\",\"urlTemplate\":\"https:\/\/skaitytaknyga.lt\/?s={search_term_string}\"},\"query-input\":{\"@type\":\"PropertyValueSpecification\",\"valueRequired\":true,\"valueName\":\"search_term_string\"}}],\"inLanguage\":\"en-GB\"},{\"@type\":\"Organization\",\"@id\":\"https:\/\/skaitytaknyga.lt\/#organization\",\"name\":\"skaitytaknyga.lt\",\"url\":\"https:\/\/skaitytaknyga.lt\/\",\"logo\":{\"@type\":\"ImageObject\",\"inLanguage\":\"en-GB\",\"@id\":\"https:\/\/skaitytaknyga.lt\/#\/schema\/logo\/image\/\",\"url\":\"https:\/\/skaitytaknyga.lt\/wp-content\/uploads\/2024\/05\/cropped-cropped-cropped-02_00843_jt3bggkj1j3HLc7SyY6rEUpg.jpeg\",\"contentUrl\":\"https:\/\/skaitytaknyga.lt\/wp-content\/uploads\/2024\/05\/cropped-cropped-cropped-02_00843_jt3bggkj1j3HLc7SyY6rEUpg.jpeg\",\"width\":1600,\"height\":1600,\"caption\":\"skaitytaknyga.lt\"},\"image\":{\"@id\":\"https:\/\/skaitytaknyga.lt\/#\/schema\/logo\/image\/\"},\"sameAs\":[\"https:\/\/www.facebook.com\/skaitytaknyga\/\"]}]}<\/script>\n<!-- \/ Yoast SEO plugin. -->","yoast_head_json":{"title":"Did\u017eioji lietuvi\u0173 valgi\u0173 knyga - Skaitytaknyga","description":"ATRASKIME LIETUVI\u0172 VIRTUV\u0118 I\u0160 NAUJO, KELIAUDAMI PER MET\u0172 LAIKUS. \u0160ioje kruop\u0161\u010diai sudarytoje knygoje tradicija \u201edraugauja\" su \u0161iandiena: Mo\u010diu\u010di\u0173 bei mam\u0173","robots":{"index":"index","follow":"follow","max-snippet":"max-snippet:-1","max-image-preview":"max-image-preview:large","max-video-preview":"max-video-preview:-1"},"canonical":"https:\/\/skaitytaknyga.lt\/en\/produktas\/didzioji-lietuviu-valgiu-knyga\/","og_locale":"en_GB","og_type":"article","og_title":"Did\u017eioji lietuvi\u0173 valgi\u0173 knyga - Skaitytaknyga","og_description":"ATRASKIME LIETUVI\u0172 VIRTUV\u0118 I\u0160 NAUJO, KELIAUDAMI PER MET\u0172 LAIKUS. \u0160ioje kruop\u0161\u010diai sudarytoje knygoje tradicija \u201edraugauja\" su \u0161iandiena: Mo\u010diu\u010di\u0173 bei mam\u0173","og_url":"https:\/\/skaitytaknyga.lt\/en\/produktas\/didzioji-lietuviu-valgiu-knyga\/","og_site_name":"Skaitytaknyga","article_publisher":"https:\/\/www.facebook.com\/skaitytaknyga\/","article_modified_time":"2024-05-03T07:17:01+00:00","og_image":[{"width":600,"height":800,"url":"https:\/\/skaitytaknyga.lt\/wp-content\/uploads\/2024\/04\/02_0231f_rkWkiQupRJVdedapzwnXGBZA.jpeg","type":"image\/jpeg"}],"twitter_card":"summary_large_image","twitter_misc":{"Estimated reading time":"1 minute"},"schema":{"@context":"https:\/\/schema.org","@graph":[{"@type":"WebPage","@id":"https:\/\/skaitytaknyga.lt\/produktas\/didzioji-lietuviu-valgiu-knyga\/","url":"https:\/\/skaitytaknyga.lt\/produktas\/didzioji-lietuviu-valgiu-knyga\/","name":"Did\u017eioji lietuvi\u0173 valgi\u0173 knyga - Skaitytaknyga","isPartOf":{"@id":"https:\/\/skaitytaknyga.lt\/#website"},"primaryImageOfPage":{"@id":"https:\/\/skaitytaknyga.lt\/produktas\/didzioji-lietuviu-valgiu-knyga\/#primaryimage"},"image":{"@id":"https:\/\/skaitytaknyga.lt\/produktas\/didzioji-lietuviu-valgiu-knyga\/#primaryimage"},"thumbnailUrl":"https:\/\/skaitytaknyga.lt\/wp-content\/uploads\/2024\/04\/02_0231f_rkWkiQupRJVdedapzwnXGBZA.jpeg","datePublished":"2024-04-17T13:19:31+00:00","dateModified":"2024-05-03T07:17:01+00:00","description":"ATRASKIME LIETUVI\u0172 VIRTUV\u0118 I\u0160 NAUJO, KELIAUDAMI PER MET\u0172 LAIKUS. \u0160ioje kruop\u0161\u010diai sudarytoje knygoje tradicija \u201edraugauja\" su \u0161iandiena: Mo\u010diu\u010di\u0173 bei mam\u0173","breadcrumb":{"@id":"https:\/\/skaitytaknyga.lt\/produktas\/didzioji-lietuviu-valgiu-knyga\/#breadcrumb"},"inLanguage":"en-GB","potentialAction":[{"@type":"ReadAction","target":["https:\/\/skaitytaknyga.lt\/produktas\/didzioji-lietuviu-valgiu-knyga\/"]}]},{"@type":"ImageObject","inLanguage":"en-GB","@id":"https:\/\/skaitytaknyga.lt\/produktas\/didzioji-lietuviu-valgiu-knyga\/#primaryimage","url":"https:\/\/skaitytaknyga.lt\/wp-content\/uploads\/2024\/04\/02_0231f_rkWkiQupRJVdedapzwnXGBZA.jpeg","contentUrl":"https:\/\/skaitytaknyga.lt\/wp-content\/uploads\/2024\/04\/02_0231f_rkWkiQupRJVdedapzwnXGBZA.jpeg","width":600,"height":800,"caption":"02 0231f rkWkiQupRJVdedapzwnXGBZA"},{"@type":"BreadcrumbList","@id":"https:\/\/skaitytaknyga.lt\/produktas\/didzioji-lietuviu-valgiu-knyga\/#breadcrumb","itemListElement":[{"@type":"ListItem","position":1,"name":"Home","item":"https:\/\/skaitytaknyga.lt\/"},{"@type":"ListItem","position":2,"name":"Parduotuv\u0117","item":"https:\/\/skaitytaknyga.lt\/knygu-parduotuve\/"},{"@type":"ListItem","position":3,"name":"Did\u017eioji lietuvi\u0173 valgi\u0173 knyga"}]},{"@type":"WebSite","@id":"https:\/\/skaitytaknyga.lt\/#website","url":"https:\/\/skaitytaknyga.lt\/","name":"skaitytaknyga.lt","description":"Skaitytaknyga.lt \u2013 tai ma\u017eas \u0161eimos verslas, kuris prasid\u0117jo nuo meil\u0117s knygoms ir siekio i\u0161gelb\u0117ti knygas nuo likimo prie konteinerio. Kas vienam nereikalingas daiktas \u2013 kitam lobis, o mes esame tarpininkai, kurie padeda abiems tapti laimingesniems ???? \u017dinome kaip nelengva i\u0161gyventi ma\u017eiems verslams, tad nuo \u0161iol, \u010dia rasite ir kit\u0173, ma\u017e\u0173 \u0161eim\u0173 versl\u0173, rank\u0173 darbo, dovan\u0173 sau ir artimiesiems.","publisher":{"@id":"https:\/\/skaitytaknyga.lt\/#organization"},"potentialAction":[{"@type":"SearchAction","target":{"@type":"EntryPoint","urlTemplate":"https:\/\/skaitytaknyga.lt\/?s={search_term_string}"},"query-input":{"@type":"PropertyValueSpecification","valueRequired":true,"valueName":"search_term_string"}}],"inLanguage":"en-GB"},{"@type":"Organization","@id":"https:\/\/skaitytaknyga.lt\/#organization","name":"skaitytaknyga.lt","url":"https:\/\/skaitytaknyga.lt\/","logo":{"@type":"ImageObject","inLanguage":"en-GB","@id":"https:\/\/skaitytaknyga.lt\/#\/schema\/logo\/image\/","url":"https:\/\/skaitytaknyga.lt\/wp-content\/uploads\/2024\/05\/cropped-cropped-cropped-02_00843_jt3bggkj1j3HLc7SyY6rEUpg.jpeg","contentUrl":"https:\/\/skaitytaknyga.lt\/wp-content\/uploads\/2024\/05\/cropped-cropped-cropped-02_00843_jt3bggkj1j3HLc7SyY6rEUpg.jpeg","width":1600,"height":1600,"caption":"skaitytaknyga.lt"},"image":{"@id":"https:\/\/skaitytaknyga.lt\/#\/schema\/logo\/image\/"},"sameAs":["https:\/\/www.facebook.com\/skaitytaknyga\/"]}]}},"_links":{"self":[{"href":"https:\/\/skaitytaknyga.lt\/en\/wp-json\/wp\/v2\/product\/2896","targetHints":{"allow":["GET"]}}],"collection":[{"href":"https:\/\/skaitytaknyga.lt\/en\/wp-json\/wp\/v2\/product"}],"about":[{"href":"https:\/\/skaitytaknyga.lt\/en\/wp-json\/wp\/v2\/types\/product"}],"replies":[{"embeddable":true,"href":"https:\/\/skaitytaknyga.lt\/en\/wp-json\/wp\/v2\/comments?post=2896"}],"wp:featuredmedia":[{"embeddable":true,"href":"https:\/\/skaitytaknyga.lt\/en\/wp-json\/wp\/v2\/media\/2939"}],"wp:attachment":[{"href":"https:\/\/skaitytaknyga.lt\/en\/wp-json\/wp\/v2\/media?parent=2896"}],"wp:term":[{"taxonomy":"product_brand","embeddable":true,"href":"https:\/\/skaitytaknyga.lt\/en\/wp-json\/wp\/v2\/product_brand?post=2896"},{"taxonomy":"product_cat","embeddable":true,"href":"https:\/\/skaitytaknyga.lt\/en\/wp-json\/wp\/v2\/product_cat?post=2896"},{"taxonomy":"product_tag","embeddable":true,"href":"https:\/\/skaitytaknyga.lt\/en\/wp-json\/wp\/v2\/product_tag?post=2896"}],"curies":[{"name":"wp","href":"https:\/\/api.w.org\/{rel}","templated":true}]}}