{"id":2891,"date":"2024-04-17T13:19:31","date_gmt":"2024-04-17T13:19:31","guid":{"rendered":"https:\/\/skaitytaknyga.lt\/?post_type=product&#038;p=2891"},"modified":"2024-05-03T07:16:57","modified_gmt":"2024-05-03T07:16:57","slug":"a-giedrius-tautos-pasakos-yra-naudojimo-zymiu","status":"publish","type":"product","link":"https:\/\/skaitytaknyga.lt\/en\/produktas\/a-giedrius-tautos-pasakos-yra-naudojimo-zymiu\/","title":{"rendered":"A. Giedrius \u201eTautos pasakos\u201c (yra naudojimo \u017eymi\u0173)"},"content":{"rendered":"<p>Antano Giedriaus \u201eTautos pasakos\u201c, iliustruotos talentingo dailininko Kazio \u0160imonio, yra mielos, \u012fdomios ir \u012ftaigios, patraukian\u010dios visus.<\/p>\n<p>\u201eTautos pasakos\u201c padeda pa\u017einti pasaul\u012f, save, skaidrina siel\u0105, ugdo nuo\u0161irdum\u0105 ir gerum\u0105.<\/p>\n<p>\u201eTautos pasakos\u201c \u2013 tik m\u016bs\u0173 kra\u0161tui b\u016bdinga ir itin unikali tautosaka vienoje vietoje.<\/p>\n","protected":false},"excerpt":{"rendered":"<p>Antano Giedriaus \u201eTautos pasakos\u201c, iliustruotos talentingo dailininko Kazio \u0160imonio, yra mielos, \u012fdomios ir \u012ftaigios, patraukian\u010dios visus. \u201eTautos pasakos\u201c padeda pa\u017einti pasaul\u012f, save, skaidrina siel\u0105, ugdo nuo\u0161irdum\u0105 ir gerum\u0105. \u201eTautos pasakos\u201c \u2013 tik m\u016bs\u0173 kra\u0161tui b\u016bdinga ir itin unikali tautosaka vienoje vietoje.<\/p>\n","protected":false},"featured_media":2934,"comment_status":"closed","ping_status":"closed","template":"","meta":{"_acf_changed":false,"site-sidebar-layout":"default","site-content-layout":"","ast-site-content-layout":"default","site-content-style":"default","site-sidebar-style":"default","ast-global-header-display":"","ast-banner-title-visibility":"","ast-main-header-display":"","ast-hfb-above-header-display":"","ast-hfb-below-header-display":"","ast-hfb-mobile-header-display":"","site-post-title":"","ast-breadcrumbs-content":"","ast-featured-img":"","footer-sml-layout":"","ast-disable-related-posts":"","theme-transparent-header-meta":"","adv-header-id-meta":"","stick-header-meta":"","header-above-stick-meta":"","header-main-stick-meta":"","header-below-stick-meta":"","astra-migrate-meta-layouts":"default","ast-page-background-enabled":"default","ast-page-background-meta":{"desktop":{"background-color":"","background-image":"","background-repeat":"repeat","background-position":"center center","background-size":"auto","background-attachment":"scroll","background-type":"","background-media":"","overlay-type":"","overlay-color":"","overlay-opacity":"","overlay-gradient":""},"tablet":{"background-color":"","background-image":"","background-repeat":"repeat","background-position":"center center","background-size":"auto","background-attachment":"scroll","background-type":"","background-media":"","overlay-type":"","overlay-color":"","overlay-opacity":"","overlay-gradient":""},"mobile":{"background-color":"","background-image":"","background-repeat":"repeat","background-position":"center center","background-size":"auto","background-attachment":"scroll","background-type":"","background-media":"","overlay-type":"","overlay-color":"","overlay-opacity":"","overlay-gradient":""}},"ast-content-background-meta":{"desktop":{"background-color":"var(--ast-global-color-4)","background-image":"","background-repeat":"repeat","background-position":"center center","background-size":"auto","background-attachment":"scroll","background-type":"","background-media":"","overlay-type":"","overlay-color":"","overlay-opacity":"","overlay-gradient":""},"tablet":{"background-color":"var(--ast-global-color-4)","background-image":"","background-repeat":"repeat","background-position":"center center","background-size":"auto","background-attachment":"scroll","background-type":"","background-media":"","overlay-type":"","overlay-color":"","overlay-opacity":"","overlay-gradient":""},"mobile":{"background-color":"var(--ast-global-color-4)","background-image":"","background-repeat":"repeat","background-position":"center center","background-size":"auto","background-attachment":"scroll","background-type":"","background-media":"","overlay-type":"","overlay-color":"","overlay-opacity":"","overlay-gradient":""}}},"product_brand":[],"product_cat":[293,35],"product_tag":[294],"class_list":{"0":"post-2891","1":"product","2":"type-product","3":"status-publish","4":"has-post-thumbnail","6":"product_cat-etnografija-liaudies-kuryba","7":"product_cat-vaikams-ir-paaugliams","8":"product_tag-pasakos","9":"desktop-align-left","10":"tablet-align-left","11":"mobile-align-left","13":"first","14":"instock","15":"shipping-taxable","16":"purchasable","17":"product-type-simple"},"acf":[],"yoast_head":"<!-- This site is optimized with the Yoast SEO plugin v27.0 - https:\/\/yoast.com\/product\/yoast-seo-wordpress\/ -->\n<title>A. Giedrius \u201eTautos pasakos\u201c (yra naudojimo \u017eymi\u0173) - Skaitytaknyga<\/title>\n<meta name=\"description\" content=\"Antano Giedriaus \u201eTautos pasakos\u201c, iliustruotos talentingo dailininko Kazio \u0160imonio, yra mielos, \u012fdomios ir \u012ftaigios, patraukian\u010dios visus. \u201eTautos\" \/>\n<meta name=\"robots\" content=\"index, follow, max-snippet:-1, max-image-preview:large, max-video-preview:-1\" \/>\n<link rel=\"canonical\" href=\"https:\/\/skaitytaknyga.lt\/en\/produktas\/a-giedrius-tautos-pasakos-yra-naudojimo-zymiu\/\" \/>\n<meta property=\"og:locale\" content=\"en_GB\" \/>\n<meta property=\"og:locale:alternate\" content=\"lt_LT\" \/>\n<meta property=\"og:type\" content=\"article\" \/>\n<meta property=\"og:title\" content=\"A. Giedrius \u201eTautos pasakos\u201c (yra naudojimo \u017eymi\u0173) - Skaitytaknyga\" \/>\n<meta property=\"og:description\" content=\"Antano Giedriaus \u201eTautos pasakos\u201c, iliustruotos talentingo dailininko Kazio \u0160imonio, yra mielos, \u012fdomios ir \u012ftaigios, patraukian\u010dios visus. \u201eTautos\" \/>\n<meta property=\"og:url\" content=\"https:\/\/skaitytaknyga.lt\/en\/produktas\/a-giedrius-tautos-pasakos-yra-naudojimo-zymiu\/\" \/>\n<meta property=\"og:site_name\" content=\"Skaitytaknyga\" \/>\n<meta property=\"article:publisher\" content=\"https:\/\/www.facebook.com\/skaitytaknyga\/\" \/>\n<meta property=\"article:modified_time\" content=\"2024-05-03T07:16:57+00:00\" \/>\n<meta property=\"og:image\" content=\"https:\/\/skaitytaknyga.lt\/wp-content\/uploads\/2024\/04\/02_0034e_wN99mRM28Qtj77Wim4UtxQA9-e1606762110809.jpeg\" \/>\n\t<meta property=\"og:image:width\" content=\"502\" \/>\n\t<meta property=\"og:image:height\" content=\"680\" \/>\n\t<meta property=\"og:image:type\" content=\"image\/jpeg\" \/>\n<meta name=\"twitter:card\" content=\"summary_large_image\" \/>\n<script type=\"application\/ld+json\" class=\"yoast-schema-graph\">{\"@context\":\"https:\/\/schema.org\",\"@graph\":[{\"@type\":\"WebPage\",\"@id\":\"https:\/\/skaitytaknyga.lt\/produktas\/a-giedrius-tautos-pasakos-yra-naudojimo-zymiu\/\",\"url\":\"https:\/\/skaitytaknyga.lt\/produktas\/a-giedrius-tautos-pasakos-yra-naudojimo-zymiu\/\",\"name\":\"A. Giedrius \u201eTautos pasakos\u201c (yra naudojimo \u017eymi\u0173) - Skaitytaknyga\",\"isPartOf\":{\"@id\":\"https:\/\/skaitytaknyga.lt\/#website\"},\"primaryImageOfPage\":{\"@id\":\"https:\/\/skaitytaknyga.lt\/produktas\/a-giedrius-tautos-pasakos-yra-naudojimo-zymiu\/#primaryimage\"},\"image\":{\"@id\":\"https:\/\/skaitytaknyga.lt\/produktas\/a-giedrius-tautos-pasakos-yra-naudojimo-zymiu\/#primaryimage\"},\"thumbnailUrl\":\"https:\/\/skaitytaknyga.lt\/wp-content\/uploads\/2024\/04\/02_0034e_wN99mRM28Qtj77Wim4UtxQA9-e1606762110809.jpeg\",\"datePublished\":\"2024-04-17T13:19:31+00:00\",\"dateModified\":\"2024-05-03T07:16:57+00:00\",\"description\":\"Antano Giedriaus \u201eTautos pasakos\u201c, iliustruotos talentingo dailininko Kazio \u0160imonio, yra mielos, \u012fdomios ir \u012ftaigios, patraukian\u010dios visus. \u201eTautos\",\"breadcrumb\":{\"@id\":\"https:\/\/skaitytaknyga.lt\/produktas\/a-giedrius-tautos-pasakos-yra-naudojimo-zymiu\/#breadcrumb\"},\"inLanguage\":\"en-GB\",\"potentialAction\":[{\"@type\":\"ReadAction\",\"target\":[\"https:\/\/skaitytaknyga.lt\/produktas\/a-giedrius-tautos-pasakos-yra-naudojimo-zymiu\/\"]}]},{\"@type\":\"ImageObject\",\"inLanguage\":\"en-GB\",\"@id\":\"https:\/\/skaitytaknyga.lt\/produktas\/a-giedrius-tautos-pasakos-yra-naudojimo-zymiu\/#primaryimage\",\"url\":\"https:\/\/skaitytaknyga.lt\/wp-content\/uploads\/2024\/04\/02_0034e_wN99mRM28Qtj77Wim4UtxQA9-e1606762110809.jpeg\",\"contentUrl\":\"https:\/\/skaitytaknyga.lt\/wp-content\/uploads\/2024\/04\/02_0034e_wN99mRM28Qtj77Wim4UtxQA9-e1606762110809.jpeg\",\"width\":502,\"height\":680,\"caption\":\"02 0034e wN99mRM28Qtj77Wim4UtxQA9 e1606762110809\"},{\"@type\":\"BreadcrumbList\",\"@id\":\"https:\/\/skaitytaknyga.lt\/produktas\/a-giedrius-tautos-pasakos-yra-naudojimo-zymiu\/#breadcrumb\",\"itemListElement\":[{\"@type\":\"ListItem\",\"position\":1,\"name\":\"Home\",\"item\":\"https:\/\/skaitytaknyga.lt\/\"},{\"@type\":\"ListItem\",\"position\":2,\"name\":\"Parduotuv\u0117\",\"item\":\"https:\/\/skaitytaknyga.lt\/knygu-parduotuve\/\"},{\"@type\":\"ListItem\",\"position\":3,\"name\":\"A. Giedrius \u201eTautos pasakos\u201c (yra naudojimo \u017eymi\u0173)\"}]},{\"@type\":\"WebSite\",\"@id\":\"https:\/\/skaitytaknyga.lt\/#website\",\"url\":\"https:\/\/skaitytaknyga.lt\/\",\"name\":\"skaitytaknyga.lt\",\"description\":\"Skaitytaknyga.lt \u2013 tai ma\u017eas \u0161eimos verslas, kuris prasid\u0117jo nuo meil\u0117s knygoms ir siekio i\u0161gelb\u0117ti knygas nuo likimo prie konteinerio. Kas vienam nereikalingas daiktas \u2013 kitam lobis, o mes esame tarpininkai, kurie padeda abiems tapti laimingesniems ???? \u017dinome kaip nelengva i\u0161gyventi ma\u017eiems verslams, tad nuo \u0161iol, \u010dia rasite ir kit\u0173, ma\u017e\u0173 \u0161eim\u0173 versl\u0173, rank\u0173 darbo, dovan\u0173 sau ir artimiesiems.\",\"publisher\":{\"@id\":\"https:\/\/skaitytaknyga.lt\/#organization\"},\"potentialAction\":[{\"@type\":\"SearchAction\",\"target\":{\"@type\":\"EntryPoint\",\"urlTemplate\":\"https:\/\/skaitytaknyga.lt\/?s={search_term_string}\"},\"query-input\":{\"@type\":\"PropertyValueSpecification\",\"valueRequired\":true,\"valueName\":\"search_term_string\"}}],\"inLanguage\":\"en-GB\"},{\"@type\":\"Organization\",\"@id\":\"https:\/\/skaitytaknyga.lt\/#organization\",\"name\":\"skaitytaknyga.lt\",\"url\":\"https:\/\/skaitytaknyga.lt\/\",\"logo\":{\"@type\":\"ImageObject\",\"inLanguage\":\"en-GB\",\"@id\":\"https:\/\/skaitytaknyga.lt\/#\/schema\/logo\/image\/\",\"url\":\"https:\/\/skaitytaknyga.lt\/wp-content\/uploads\/2024\/05\/cropped-cropped-cropped-02_00843_jt3bggkj1j3HLc7SyY6rEUpg.jpeg\",\"contentUrl\":\"https:\/\/skaitytaknyga.lt\/wp-content\/uploads\/2024\/05\/cropped-cropped-cropped-02_00843_jt3bggkj1j3HLc7SyY6rEUpg.jpeg\",\"width\":1600,\"height\":1600,\"caption\":\"skaitytaknyga.lt\"},\"image\":{\"@id\":\"https:\/\/skaitytaknyga.lt\/#\/schema\/logo\/image\/\"},\"sameAs\":[\"https:\/\/www.facebook.com\/skaitytaknyga\/\"]}]}<\/script>\n<!-- \/ Yoast SEO plugin. -->","yoast_head_json":{"title":"A. Giedrius \u201eTautos pasakos\u201c (yra naudojimo \u017eymi\u0173) - Skaitytaknyga","description":"Antano Giedriaus \u201eTautos pasakos\u201c, iliustruotos talentingo dailininko Kazio \u0160imonio, yra mielos, \u012fdomios ir \u012ftaigios, patraukian\u010dios visus. \u201eTautos","robots":{"index":"index","follow":"follow","max-snippet":"max-snippet:-1","max-image-preview":"max-image-preview:large","max-video-preview":"max-video-preview:-1"},"canonical":"https:\/\/skaitytaknyga.lt\/en\/produktas\/a-giedrius-tautos-pasakos-yra-naudojimo-zymiu\/","og_locale":"en_GB","og_type":"article","og_title":"A. Giedrius \u201eTautos pasakos\u201c (yra naudojimo \u017eymi\u0173) - Skaitytaknyga","og_description":"Antano Giedriaus \u201eTautos pasakos\u201c, iliustruotos talentingo dailininko Kazio \u0160imonio, yra mielos, \u012fdomios ir \u012ftaigios, patraukian\u010dios visus. \u201eTautos","og_url":"https:\/\/skaitytaknyga.lt\/en\/produktas\/a-giedrius-tautos-pasakos-yra-naudojimo-zymiu\/","og_site_name":"Skaitytaknyga","article_publisher":"https:\/\/www.facebook.com\/skaitytaknyga\/","article_modified_time":"2024-05-03T07:16:57+00:00","og_image":[{"width":502,"height":680,"url":"https:\/\/skaitytaknyga.lt\/wp-content\/uploads\/2024\/04\/02_0034e_wN99mRM28Qtj77Wim4UtxQA9-e1606762110809.jpeg","type":"image\/jpeg"}],"twitter_card":"summary_large_image","schema":{"@context":"https:\/\/schema.org","@graph":[{"@type":"WebPage","@id":"https:\/\/skaitytaknyga.lt\/produktas\/a-giedrius-tautos-pasakos-yra-naudojimo-zymiu\/","url":"https:\/\/skaitytaknyga.lt\/produktas\/a-giedrius-tautos-pasakos-yra-naudojimo-zymiu\/","name":"A. Giedrius \u201eTautos pasakos\u201c (yra naudojimo \u017eymi\u0173) - Skaitytaknyga","isPartOf":{"@id":"https:\/\/skaitytaknyga.lt\/#website"},"primaryImageOfPage":{"@id":"https:\/\/skaitytaknyga.lt\/produktas\/a-giedrius-tautos-pasakos-yra-naudojimo-zymiu\/#primaryimage"},"image":{"@id":"https:\/\/skaitytaknyga.lt\/produktas\/a-giedrius-tautos-pasakos-yra-naudojimo-zymiu\/#primaryimage"},"thumbnailUrl":"https:\/\/skaitytaknyga.lt\/wp-content\/uploads\/2024\/04\/02_0034e_wN99mRM28Qtj77Wim4UtxQA9-e1606762110809.jpeg","datePublished":"2024-04-17T13:19:31+00:00","dateModified":"2024-05-03T07:16:57+00:00","description":"Antano Giedriaus \u201eTautos pasakos\u201c, iliustruotos talentingo dailininko Kazio \u0160imonio, yra mielos, \u012fdomios ir \u012ftaigios, patraukian\u010dios visus. \u201eTautos","breadcrumb":{"@id":"https:\/\/skaitytaknyga.lt\/produktas\/a-giedrius-tautos-pasakos-yra-naudojimo-zymiu\/#breadcrumb"},"inLanguage":"en-GB","potentialAction":[{"@type":"ReadAction","target":["https:\/\/skaitytaknyga.lt\/produktas\/a-giedrius-tautos-pasakos-yra-naudojimo-zymiu\/"]}]},{"@type":"ImageObject","inLanguage":"en-GB","@id":"https:\/\/skaitytaknyga.lt\/produktas\/a-giedrius-tautos-pasakos-yra-naudojimo-zymiu\/#primaryimage","url":"https:\/\/skaitytaknyga.lt\/wp-content\/uploads\/2024\/04\/02_0034e_wN99mRM28Qtj77Wim4UtxQA9-e1606762110809.jpeg","contentUrl":"https:\/\/skaitytaknyga.lt\/wp-content\/uploads\/2024\/04\/02_0034e_wN99mRM28Qtj77Wim4UtxQA9-e1606762110809.jpeg","width":502,"height":680,"caption":"02 0034e wN99mRM28Qtj77Wim4UtxQA9 e1606762110809"},{"@type":"BreadcrumbList","@id":"https:\/\/skaitytaknyga.lt\/produktas\/a-giedrius-tautos-pasakos-yra-naudojimo-zymiu\/#breadcrumb","itemListElement":[{"@type":"ListItem","position":1,"name":"Home","item":"https:\/\/skaitytaknyga.lt\/"},{"@type":"ListItem","position":2,"name":"Parduotuv\u0117","item":"https:\/\/skaitytaknyga.lt\/knygu-parduotuve\/"},{"@type":"ListItem","position":3,"name":"A. Giedrius \u201eTautos pasakos\u201c (yra naudojimo \u017eymi\u0173)"}]},{"@type":"WebSite","@id":"https:\/\/skaitytaknyga.lt\/#website","url":"https:\/\/skaitytaknyga.lt\/","name":"skaitytaknyga.lt","description":"Skaitytaknyga.lt \u2013 tai ma\u017eas \u0161eimos verslas, kuris prasid\u0117jo nuo meil\u0117s knygoms ir siekio i\u0161gelb\u0117ti knygas nuo likimo prie konteinerio. Kas vienam nereikalingas daiktas \u2013 kitam lobis, o mes esame tarpininkai, kurie padeda abiems tapti laimingesniems ???? \u017dinome kaip nelengva i\u0161gyventi ma\u017eiems verslams, tad nuo \u0161iol, \u010dia rasite ir kit\u0173, ma\u017e\u0173 \u0161eim\u0173 versl\u0173, rank\u0173 darbo, dovan\u0173 sau ir artimiesiems.","publisher":{"@id":"https:\/\/skaitytaknyga.lt\/#organization"},"potentialAction":[{"@type":"SearchAction","target":{"@type":"EntryPoint","urlTemplate":"https:\/\/skaitytaknyga.lt\/?s={search_term_string}"},"query-input":{"@type":"PropertyValueSpecification","valueRequired":true,"valueName":"search_term_string"}}],"inLanguage":"en-GB"},{"@type":"Organization","@id":"https:\/\/skaitytaknyga.lt\/#organization","name":"skaitytaknyga.lt","url":"https:\/\/skaitytaknyga.lt\/","logo":{"@type":"ImageObject","inLanguage":"en-GB","@id":"https:\/\/skaitytaknyga.lt\/#\/schema\/logo\/image\/","url":"https:\/\/skaitytaknyga.lt\/wp-content\/uploads\/2024\/05\/cropped-cropped-cropped-02_00843_jt3bggkj1j3HLc7SyY6rEUpg.jpeg","contentUrl":"https:\/\/skaitytaknyga.lt\/wp-content\/uploads\/2024\/05\/cropped-cropped-cropped-02_00843_jt3bggkj1j3HLc7SyY6rEUpg.jpeg","width":1600,"height":1600,"caption":"skaitytaknyga.lt"},"image":{"@id":"https:\/\/skaitytaknyga.lt\/#\/schema\/logo\/image\/"},"sameAs":["https:\/\/www.facebook.com\/skaitytaknyga\/"]}]}},"_links":{"self":[{"href":"https:\/\/skaitytaknyga.lt\/en\/wp-json\/wp\/v2\/product\/2891","targetHints":{"allow":["GET"]}}],"collection":[{"href":"https:\/\/skaitytaknyga.lt\/en\/wp-json\/wp\/v2\/product"}],"about":[{"href":"https:\/\/skaitytaknyga.lt\/en\/wp-json\/wp\/v2\/types\/product"}],"replies":[{"embeddable":true,"href":"https:\/\/skaitytaknyga.lt\/en\/wp-json\/wp\/v2\/comments?post=2891"}],"wp:featuredmedia":[{"embeddable":true,"href":"https:\/\/skaitytaknyga.lt\/en\/wp-json\/wp\/v2\/media\/2934"}],"wp:attachment":[{"href":"https:\/\/skaitytaknyga.lt\/en\/wp-json\/wp\/v2\/media?parent=2891"}],"wp:term":[{"taxonomy":"product_brand","embeddable":true,"href":"https:\/\/skaitytaknyga.lt\/en\/wp-json\/wp\/v2\/product_brand?post=2891"},{"taxonomy":"product_cat","embeddable":true,"href":"https:\/\/skaitytaknyga.lt\/en\/wp-json\/wp\/v2\/product_cat?post=2891"},{"taxonomy":"product_tag","embeddable":true,"href":"https:\/\/skaitytaknyga.lt\/en\/wp-json\/wp\/v2\/product_tag?post=2891"}],"curies":[{"name":"wp","href":"https:\/\/api.w.org\/{rel}","templated":true}]}}